{"id":10531,"date":"2026-03-17T16:18:53","date_gmt":"2026-03-17T08:18:53","guid":{"rendered":"https:\/\/4t542t4sohxh.wpsite.pro\/?post_type=product&#038;p=10531"},"modified":"2026-04-14T22:07:30","modified_gmt":"2026-04-14T14:07:30","slug":"restylane","status":"publish","type":"product","link":"https:\/\/arisinclinic.com\/vi\/service\/restylane\/","title":{"rendered":"Restylane \u2013 Axit hyaluronic Restylane"},"content":{"rendered":"<p>Restylane l\u00e0 th\u01b0\u01a1ng hi\u1ec7u h\u00e0ng \u0111\u1ea7u th\u1ebf gi\u1edbi v\u1ec1 axit hyaluronic, v\u1edbi h\u01a1n 25 n\u0103m kinh nghi\u1ec7m l\u00e2m s\u00e0ng. C\u00f4ng ngh\u1ec7 k\u00e9p \u0111\u1ed9c \u0111\u00e1o NASHA\u2122 (axit hyaluronic tinh khi\u1ebft) v\u00e0 OBT\u2122 (axit hyaluronic \u0111\u1ed9ng) c\u1ee7a Restylane c\u00f3 th\u1ec3 cung c\u1ea5p \u0111\u1ed9 n\u00e2ng \u0111\u1ee1 m\u1ea1nh m\u1ebd ho\u1eb7c kh\u1ea3 n\u0103ng h\u00f2a nh\u1eadp cao v\u1edbi m\u00f4, t\u00f9y theo nhu c\u1ea7u c\u1ee5 th\u1ec3, mang l\u1ea1i hi\u1ec7u qu\u1ea3 t\u1ef1 nhi\u00ean v\u00e0 l\u00e2u d\u00e0i cho m\u1ecdi li\u1ec7u tr\u00ecnh, t\u1eeb t\u1ea1o \u0111\u01b0\u1eddng n\u00e9t khu\u00f4n m\u1eb7t, l\u00e0m m\u1edd n\u1ebfp nh\u0103n \u0111\u1ebfn d\u01b0\u1ee1ng \u1ea9m s\u00e2u.<\/p>\n<p><img fetchpriority=\"high\" decoding=\"async\" class=\"alignnone wp-image-10726 size-full\" src=\"https:\/\/arisinclinic.com\/wp-content\/uploads\/2026\/03\/Restylane\u745e\u7d72\u6717\u73bb\u5c3f\u9178-\u4ecb\u7d39-1.jpg\" alt=\"Gi\u1edbi thi\u1ec7u v\u1ec1 Restylane \u2013 Axit hyaluronic 1\" width=\"800\" height=\"800\" title=\"\" srcset=\"https:\/\/arisinclinic.com\/wp-content\/uploads\/2026\/03\/Restylane\u745e\u7d72\u6717\u73bb\u5c3f\u9178-\u4ecb\u7d39-1.jpg 800w, https:\/\/arisinclinic.com\/wp-content\/uploads\/2026\/03\/Restylane\u745e\u7d72\u6717\u73bb\u5c3f\u9178-\u4ecb\u7d39-1-300x300.jpg 300w, https:\/\/arisinclinic.com\/wp-content\/uploads\/2026\/03\/Restylane\u745e\u7d72\u6717\u73bb\u5c3f\u9178-\u4ecb\u7d39-1-150x150.jpg 150w, https:\/\/arisinclinic.com\/wp-content\/uploads\/2026\/03\/Restylane\u745e\u7d72\u6717\u73bb\u5c3f\u9178-\u4ecb\u7d39-1-768x768.jpg 768w, https:\/\/arisinclinic.com\/wp-content\/uploads\/2026\/03\/Restylane\u745e\u7d72\u6717\u73bb\u5c3f\u9178-\u4ecb\u7d39-1-600x600.jpg 600w, https:\/\/arisinclinic.com\/wp-content\/uploads\/2026\/03\/Restylane\u745e\u7d72\u6717\u73bb\u5c3f\u9178-\u4ecb\u7d39-1-100x100.jpg 100w\" sizes=\"(max-width: 800px) 100vw, 800px\" \/><\/p>\n<h3>Thi\u1ebft k\u1ebf ho\u00e0n to\u00e0n m\u1edbi c\u1ee7a N\u1eef th\u1ea7n: V\u1ebb \u0111\u1eb9p tinh t\u1ebf, kh\u00f4ng h\u1ec1 s\u00e1o r\u1ed7ng<\/h3>\n<p>S\u1ea3n ph\u1ea9m kinh \u0111i\u1ec3n c\u1ee7a Galderma \u2013 Restylane NASHA, ch\u1ea5t l\u00e0m \u0111\u1ea7y axit hyaluronic. Kh\u00e1c v\u1edbi c\u00e1c ch\u1ea5t l\u00e0m \u0111\u1ea7y truy\u1ec1n th\u1ed1ng, c\u00f4ng ngh\u1ec7 \u0111\u1ed9c quy\u1ec1n NASHA gi\u00fap axit hyaluronic kh\u00f4ng ch\u1ec9 \u0111\u01a1n thu\u1ea7n l\u00e0 ch\u1ea5t l\u00e0m \u0111\u1ea7y m\u00e0 c\u00f2n mang l\u1ea1i hi\u1ec7u qu\u1ea3 \u0111i\u00eau kh\u1eafc tinh t\u1ebf. Ch\u00fang t\u00f4i lo\u1ea1i b\u1ecf c\u1ea3m gi\u00e1c s\u01b0ng ph\u1ed3ng nh\u01b0 \u201cb\u00e1nh bao\u201d sau ph\u1eabu thu\u1eadt, mang \u0111\u1ebfn cho b\u1ea1n khu\u00f4n m\u1eb7t thanh t\u00fa, g\u1ea7n g\u0169i v\u1edbi v\u1ebb \u0111\u1eb9p t\u1ef1 nhi\u00ean nh\u1ea5t.<\/p>\n<p><img decoding=\"async\" class=\"alignnone wp-image-10727 size-full\" src=\"https:\/\/arisinclinic.com\/wp-content\/uploads\/2026\/03\/Restylane\u745e\u7d72\u6717\u73bb\u5c3f\u9178-\u4ecb\u7d39-2.jpg\" alt=\"Gi\u1edbi thi\u1ec7u v\u1ec1 Restylane \u2013 Axit hyaluronic 2\" width=\"800\" height=\"800\" title=\"\" srcset=\"https:\/\/arisinclinic.com\/wp-content\/uploads\/2026\/03\/Restylane\u745e\u7d72\u6717\u73bb\u5c3f\u9178-\u4ecb\u7d39-2.jpg 800w, https:\/\/arisinclinic.com\/wp-content\/uploads\/2026\/03\/Restylane\u745e\u7d72\u6717\u73bb\u5c3f\u9178-\u4ecb\u7d39-2-300x300.jpg 300w, https:\/\/arisinclinic.com\/wp-content\/uploads\/2026\/03\/Restylane\u745e\u7d72\u6717\u73bb\u5c3f\u9178-\u4ecb\u7d39-2-150x150.jpg 150w, https:\/\/arisinclinic.com\/wp-content\/uploads\/2026\/03\/Restylane\u745e\u7d72\u6717\u73bb\u5c3f\u9178-\u4ecb\u7d39-2-768x768.jpg 768w, https:\/\/arisinclinic.com\/wp-content\/uploads\/2026\/03\/Restylane\u745e\u7d72\u6717\u73bb\u5c3f\u9178-\u4ecb\u7d39-2-600x600.jpg 600w, https:\/\/arisinclinic.com\/wp-content\/uploads\/2026\/03\/Restylane\u745e\u7d72\u6717\u73bb\u5c3f\u9178-\u4ecb\u7d39-2-100x100.jpg 100w\" sizes=\"(max-width: 800px) 100vw, 800px\" \/><\/p>\n<h3>C\u00f4ng ngh\u1ec7 hydrat h\u00f3a \u0111\u1ed9c quy\u1ec1n: Kh\u00f4ng s\u01b0ng ph\u00f9 sau ph\u1eabu thu\u1eadt<\/h3>\n<p>B\u1ea1n c\u00f3 lo l\u1eafng r\u1eb1ng t\u00ecnh tr\u1ea1ng s\u01b0ng t\u1ea5y v\u00e0o ng\u00e0y h\u00f4m sau ph\u1eabu thu\u1eadt s\u1ebd \u1ea3nh h\u01b0\u1edfng \u0111\u1ebfn cu\u1ed9c s\u1ed1ng h\u00e0ng ng\u00e0y kh\u00f4ng? S\u1ea3n ph\u1ea9m Hyaluronic Acid 3D Goddess s\u1edf h\u1eefu c\u00f4ng ngh\u1ec7 d\u01b0\u1ee1ng \u1ea9m \u0111\u1ed9c quy\u1ec1n, v\u1edbi kh\u1ea3 n\u0103ng h\u1ea5p th\u1ee5 n\u01b0\u1edbc \u00edt h\u01a1n 6 l\u1ea7n so v\u1edbi th\u01b0\u01a1ng hi\u1ec7u J ph\u1ed5 bi\u1ebfn tr\u00ean th\u1ecb tr\u01b0\u1eddng! T\u1ea1i Arixin, ch\u00fang t\u00f4i cam k\u1ebft mang l\u1ea1i k\u1ebft qu\u1ea3 cu\u1ed1i c\u00f9ng ngay sau ph\u1eabu thu\u1eadt, gi\u00fap gi\u1ea3m thi\u1ec3u t\u00ecnh tr\u1ea1ng s\u01b0ng t\u1ea5y kh\u00f4ng mong mu\u1ed1n do h\u1ea5p th\u1ee5 qu\u00e1 nhi\u1ec1u n\u01b0\u1edbc, \u0111\u1ec3 b\u1ea1n c\u00f3 th\u1ec3 t\u1ef1 tin t\u1ecfa s\u00e1ng ngay l\u1eadp t\u1ee9c m\u00e0 kh\u00f4ng c\u1ea7n ph\u1ea3i ch\u1edd \u0111\u1ee3i, c\u0169ng nh\u01b0 kh\u00f4ng ph\u1ea3i lo l\u1eafng v\u1ec1 vi\u1ec7c k\u1ebft qu\u1ea3 b\u1ecb bi\u1ebfn d\u1ea1ng.<\/p>\n<p><img decoding=\"async\" class=\"alignnone wp-image-10728 size-full\" src=\"https:\/\/arisinclinic.com\/wp-content\/uploads\/2026\/03\/Restylane\u745e\u7d72\u6717\u73bb\u5c3f\u9178-\u4ecb\u7d39-3.jpg\" alt=\"Gi\u1edbi thi\u1ec7u v\u1ec1 Restylane \u2013 Axit hyaluronic 3\" width=\"800\" height=\"800\" title=\"\" srcset=\"https:\/\/arisinclinic.com\/wp-content\/uploads\/2026\/03\/Restylane\u745e\u7d72\u6717\u73bb\u5c3f\u9178-\u4ecb\u7d39-3.jpg 800w, https:\/\/arisinclinic.com\/wp-content\/uploads\/2026\/03\/Restylane\u745e\u7d72\u6717\u73bb\u5c3f\u9178-\u4ecb\u7d39-3-300x300.jpg 300w, https:\/\/arisinclinic.com\/wp-content\/uploads\/2026\/03\/Restylane\u745e\u7d72\u6717\u73bb\u5c3f\u9178-\u4ecb\u7d39-3-150x150.jpg 150w, https:\/\/arisinclinic.com\/wp-content\/uploads\/2026\/03\/Restylane\u745e\u7d72\u6717\u73bb\u5c3f\u9178-\u4ecb\u7d39-3-768x768.jpg 768w, https:\/\/arisinclinic.com\/wp-content\/uploads\/2026\/03\/Restylane\u745e\u7d72\u6717\u73bb\u5c3f\u9178-\u4ecb\u7d39-3-600x600.jpg 600w, https:\/\/arisinclinic.com\/wp-content\/uploads\/2026\/03\/Restylane\u745e\u7d72\u6717\u73bb\u5c3f\u9178-\u4ecb\u7d39-3-100x100.jpg 100w\" sizes=\"(max-width: 800px) 100vw, 800px\" \/><\/p>\n<h3>\u0110i\u1ec3m t\u1ef1a v\u1eefng ch\u1eafc nh\u1ea5t tr\u00ean th\u1ecb tr\u01b0\u1eddng: T\u1ea1o n\u00ean khu\u00f4n m\u1eb7t c\u00e2n \u0111\u1ed1i<\/h3>\n<p>T\u1ea1o hi\u1ec7u \u1ee9ng ba chi\u1ec1u m\u00e0 kh\u00f4ng l\u00e0m t\u0103ng th\u1ec3 t\u00edch. D\u00f2ng s\u1ea3n ph\u1ea9m Restylane NASHA l\u00e0 d\u00f2ng s\u1ea3n ph\u1ea9m c\u00f3 \u0111\u1ed9 n\u00e2ng \u0111\u1ee1 cao nh\u1ea5t tr\u00ean th\u1ecb tr\u01b0\u1eddng, \u0111\u1eb7c bi\u1ec7t ph\u00f9 h\u1ee3p \u0111\u1ec3 s\u1eed d\u1ee5ng trong c\u00e1c tr\u01b0\u1eddng h\u1ee3p:<\/p>\n<ul>\n<li>T\u1ea1o h\u00ecnh c\u00e1c b\u1ed9 ph\u1eadn tr\u00ean khu\u00f4n m\u1eb7t (s\u1ed1ng m\u0169i, c\u1eb1m)<\/li>\n<li>T\u0103ng \u0111\u1ed9 n\u1ed5i b\u1eadt cho \u0111\u01b0\u1eddng n\u00e9t<\/li>\n<li>H\u1ed7 tr\u1ee3 c\u00e1c m\u00f4 b\u1ecb t\u1ed5n th\u01b0\u01a1ng s\u00e2u<\/li>\n<\/ul>\n<p>\u0110\u1ed9i ng\u0169 b\u00e1c s\u0129 chuy\u00ean nghi\u1ec7p t\u1ea1i Arixin s\u1ebd th\u1ef1c hi\u1ec7n nh\u1eefng \u0111i\u1ec1u ch\u1ec9nh tinh t\u1ebf ph\u00f9 h\u1ee3p v\u1edbi t\u1ef7 l\u1ec7 khu\u00f4n m\u1eb7t c\u1ee7a b\u1ea1n, gi\u00fap b\u1ea1n s\u1edf h\u1eefu v\u1ebb \u0111\u1eb9p ba chi\u1ec1u \u0111\u1ed9c \u0111\u00e1o v\u00e0 ri\u00eang bi\u1ec7t.<\/p>\n<p><img loading=\"lazy\" decoding=\"async\" class=\"alignnone wp-image-10729 size-full\" src=\"https:\/\/arisinclinic.com\/wp-content\/uploads\/2026\/03\/Restylane\u745e\u7d72\u6717\u73bb\u5c3f\u9178-\u4ecb\u7d39-4.jpg\" alt=\"Gi\u1edbi thi\u1ec7u v\u1ec1 Restylane \u2013 Axit hyaluronic 4\" width=\"800\" height=\"800\" title=\"\" srcset=\"https:\/\/arisinclinic.com\/wp-content\/uploads\/2026\/03\/Restylane\u745e\u7d72\u6717\u73bb\u5c3f\u9178-\u4ecb\u7d39-4.jpg 800w, https:\/\/arisinclinic.com\/wp-content\/uploads\/2026\/03\/Restylane\u745e\u7d72\u6717\u73bb\u5c3f\u9178-\u4ecb\u7d39-4-300x300.jpg 300w, https:\/\/arisinclinic.com\/wp-content\/uploads\/2026\/03\/Restylane\u745e\u7d72\u6717\u73bb\u5c3f\u9178-\u4ecb\u7d39-4-150x150.jpg 150w, https:\/\/arisinclinic.com\/wp-content\/uploads\/2026\/03\/Restylane\u745e\u7d72\u6717\u73bb\u5c3f\u9178-\u4ecb\u7d39-4-768x768.jpg 768w, https:\/\/arisinclinic.com\/wp-content\/uploads\/2026\/03\/Restylane\u745e\u7d72\u6717\u73bb\u5c3f\u9178-\u4ecb\u7d39-4-600x600.jpg 600w, https:\/\/arisinclinic.com\/wp-content\/uploads\/2026\/03\/Restylane\u745e\u7d72\u6717\u73bb\u5c3f\u9178-\u4ecb\u7d39-4-100x100.jpg 100w\" sizes=\"(max-width: 800px) 100vw, 800px\" \/><\/p>\n<h3>99% Th\u00e2n thi\u1ec7n v\u1edbi c\u01a1 th\u1ec3: T\u1ef1 nhi\u00ean v\u00e0 t\u00e1c d\u1ee5ng l\u00e2u d\u00e0i<\/h3>\n<p>Ch\u00fang t\u00f4i lu\u00f4n n\u1ed7 l\u1ef1c mang \u0111\u1ebfn nh\u1eefng s\u1ea3n ph\u1ea9m t\u1ed1t nh\u1ea5t cho qu\u00fd kh\u00e1ch.<\/p>\n<ul>\n<li>H\u00e0m l\u01b0\u1ee3ng ch\u1ea5t li\u00ean k\u1ebft c\u1ef1c th\u1ea5p: Ch\u1ec9 s\u1eed d\u1ee5ng ch\u1ea5t li\u00ean k\u1ebft 1%, \u00edt h\u01a1n 3-5 l\u1ea7n so v\u1edbi c\u00e1c th\u01b0\u01a1ng hi\u1ec7u kh\u00e1c, gi\u00fap gi\u1ea3m \u0111\u00e1ng k\u1ec3 nguy c\u01a1 d\u1ecb \u1ee9ng<\/li>\n<li>Hi\u1ec7u qu\u1ea3 k\u00e9o d\u00e0i: \u0110\u00e3 \u0111\u01b0\u1ee3c ch\u1ee9ng minh l\u00e0 c\u00f3 th\u1ec3 duy tr\u00ec hi\u1ec7u qu\u1ea3 l\u00ean \u0111\u1ebfn 24 th\u00e1ng<\/li>\n<li>T\u1ef1 nhi\u00ean tuy\u1ec7t \u0111\u1ed1i: 99% \u2013 G\u1ea7n g\u0169i v\u1edbi axit hyaluronic t\u1ef1 nhi\u00ean c\u1ee7a c\u01a1 th\u1ec3, mang l\u1ea1i v\u1ebb \u0111\u1eb9p v\u00e0 s\u1ee9c kh\u1ecfe song h\u00e0nh<\/li>\n<\/ul>\n<p><img loading=\"lazy\" decoding=\"async\" class=\"alignnone wp-image-10730 size-full\" src=\"https:\/\/arisinclinic.com\/wp-content\/uploads\/2026\/03\/Restylane\u745e\u7d72\u6717\u73bb\u5c3f\u9178-\u4ecb\u7d39-5.jpg\" alt=\"Gi\u1edbi thi\u1ec7u v\u1ec1 Restylane \u2013 Axit hyaluronic 5\" width=\"800\" height=\"800\" title=\"\" srcset=\"https:\/\/arisinclinic.com\/wp-content\/uploads\/2026\/03\/Restylane\u745e\u7d72\u6717\u73bb\u5c3f\u9178-\u4ecb\u7d39-5.jpg 800w, https:\/\/arisinclinic.com\/wp-content\/uploads\/2026\/03\/Restylane\u745e\u7d72\u6717\u73bb\u5c3f\u9178-\u4ecb\u7d39-5-300x300.jpg 300w, https:\/\/arisinclinic.com\/wp-content\/uploads\/2026\/03\/Restylane\u745e\u7d72\u6717\u73bb\u5c3f\u9178-\u4ecb\u7d39-5-150x150.jpg 150w, https:\/\/arisinclinic.com\/wp-content\/uploads\/2026\/03\/Restylane\u745e\u7d72\u6717\u73bb\u5c3f\u9178-\u4ecb\u7d39-5-768x768.jpg 768w, https:\/\/arisinclinic.com\/wp-content\/uploads\/2026\/03\/Restylane\u745e\u7d72\u6717\u73bb\u5c3f\u9178-\u4ecb\u7d39-5-600x600.jpg 600w, https:\/\/arisinclinic.com\/wp-content\/uploads\/2026\/03\/Restylane\u745e\u7d72\u6717\u73bb\u5c3f\u9178-\u4ecb\u7d39-5-100x100.jpg 100w\" sizes=\"(max-width: 800px) 100vw, 800px\" \/><\/p>\n<h3>0% Bi\u1ebfn ch\u1ee9ng mu\u1ed9n: Ti\u00eau chu\u1ea9n an to\u00e0n m\u1edbi trong th\u1ea9m m\u1ef9 y t\u1ebf<\/h3>\n<p>An to\u00e0n l\u00e0 cam k\u1ebft c\u1ed1t l\u00f5i nh\u1ea5t c\u1ee7a Ph\u00f2ng kh\u00e1m Th\u1ea9m m\u1ef9 Arixin.<\/p>\n<p>Theo ph\u00e2n t\u00edch d\u1eef li\u1ec7u MAUDE, t\u1ef7 l\u1ec7 x\u1ea3y ra c\u00e1c t\u00e1c d\u1ee5ng ph\u1ee5 mu\u1ed9n c\u1ee7a axit hyaluronic NASHA l\u00e0 0,1%:<\/p>\n<ul>\n<li>S\u1ed1 ca vi\u00eam n\u1ed1t gi\u1ea3m t\u1edbi 29 l\u1ea7n so v\u1edbi c\u00e1c th\u01b0\u01a1ng hi\u1ec7u kh\u00e1c<\/li>\n<li>T\u1ef7 l\u1ec7 xu\u1ea5t hi\u1ec7n u h\u1ea1t th\u1ea5p h\u01a1n 8 l\u1ea7n so v\u1edbi c\u00e1c th\u01b0\u01a1ng hi\u1ec7u kh\u00e1c<\/li>\n<li>T\u1ef7 l\u1ec7 ph\u1ea3n \u1ee9ng d\u1ecb \u1ee9ng th\u1ea5p h\u01a1n 32 l\u1ea7n so v\u1edbi c\u00e1c th\u01b0\u01a1ng hi\u1ec7u kh\u00e1c<\/li>\n<\/ul>\n<p>Ch\u00fang t\u00f4i s\u1eed d\u1ee5ng d\u1eef li\u1ec7u khoa h\u1ecdc \u0111\u1ec3 b\u1ea3o v\u1ec7 s\u1ef1 an t\u00e2m c\u1ee7a qu\u00fd kh\u00e1ch.<\/p>\n<p><img loading=\"lazy\" decoding=\"async\" class=\"alignnone wp-image-10731 size-full\" src=\"https:\/\/arisinclinic.com\/wp-content\/uploads\/2026\/03\/Restylane\u745e\u7d72\u6717\u73bb\u5c3f\u9178-\u4ecb\u7d39-6.jpg\" alt=\"Gi\u1edbi thi\u1ec7u v\u1ec1 Restylane \u2013 Axit hyaluronic 6\" width=\"800\" height=\"800\" title=\"\" srcset=\"https:\/\/arisinclinic.com\/wp-content\/uploads\/2026\/03\/Restylane\u745e\u7d72\u6717\u73bb\u5c3f\u9178-\u4ecb\u7d39-6.jpg 800w, https:\/\/arisinclinic.com\/wp-content\/uploads\/2026\/03\/Restylane\u745e\u7d72\u6717\u73bb\u5c3f\u9178-\u4ecb\u7d39-6-300x300.jpg 300w, https:\/\/arisinclinic.com\/wp-content\/uploads\/2026\/03\/Restylane\u745e\u7d72\u6717\u73bb\u5c3f\u9178-\u4ecb\u7d39-6-150x150.jpg 150w, https:\/\/arisinclinic.com\/wp-content\/uploads\/2026\/03\/Restylane\u745e\u7d72\u6717\u73bb\u5c3f\u9178-\u4ecb\u7d39-6-768x768.jpg 768w, https:\/\/arisinclinic.com\/wp-content\/uploads\/2026\/03\/Restylane\u745e\u7d72\u6717\u73bb\u5c3f\u9178-\u4ecb\u7d39-6-600x600.jpg 600w, https:\/\/arisinclinic.com\/wp-content\/uploads\/2026\/03\/Restylane\u745e\u7d72\u6717\u73bb\u5c3f\u9178-\u4ecb\u7d39-6-100x100.jpg 100w\" sizes=\"(max-width: 800px) 100vw, 800px\" \/><\/p>\n<h3>Ch\u1ea1m kh\u1eafc tinh x\u1ea3o t\u1eebng l\u1edbp: T\u1eeb l\u1edbp m\u00e0ng x\u01b0\u01a1ng \u0111\u1ebfn l\u1edbp h\u1ea1 b\u00ec<\/h3>\n<p>\u0110\u1ec3 \u0111\u00e1p \u1ee9ng c\u00e1c nhu c\u1ea7u kh\u00e1c nhau c\u1ee7a khu\u00f4n m\u1eb7t, Arixin \u00e1p d\u1ee5ng ph\u01b0\u01a1ng ph\u00e1p ti\u00eam theo t\u1eebng l\u1edbp ch\u00ednh x\u00e1c:<\/p>\n<ul>\n<li>Ph\u00eda tr\u00ean m\u00e0ng x\u01b0\u01a1ng\/l\u1edbp d\u01b0\u1edbi da (Lyft\u2122): T\u0103ng c\u01b0\u1eddng \u0111\u1ed9 n\u00e2ng \u0111\u1ee1 v\u00f9ng gi\u1eefa khu\u00f4n m\u1eb7t v\u00e0 \u0111\u01b0\u1eddng n\u00e9t g\u00f2 m\u00e1<\/li>\n<li>L\u1edbp trung b\u00ec (Restylane\u00ae): L\u00e0m m\u1ec1m c\u00e1c \u0111\u01b0\u1eddng n\u00e9t tr\u00ean khu\u00f4n m\u1eb7t v\u00e0 ch\u1ec9nh s\u1eeda c\u00e1c chi ti\u1ebft. C\u00f4ng ngh\u1ec7 ti\u00eam theo t\u1eebng l\u1edbp chuy\u00ean nghi\u1ec7p, gi\u00fap v\u1ebb \u0111\u1eb9p c\u1ee7a b\u1ea1n t\u1ecfa s\u00e1ng t\u1eeb trong ra ngo\u00e0i m\u1ed9t c\u00e1ch r\u00f5 n\u00e9t<\/li>\n<\/ul>\n<h2><img loading=\"lazy\" decoding=\"async\" class=\"alignnone wp-image-10732 size-full\" src=\"https:\/\/arisinclinic.com\/wp-content\/uploads\/2026\/03\/Restylane\u745e\u7d72\u6717\u73bb\u5c3f\u9178-\u4ecb\u7d39-7.jpg\" alt=\"Gi\u1edbi thi\u1ec7u v\u1ec1 Restylane \u2013 Axit hyaluronic 7\" width=\"800\" height=\"800\" title=\"\" srcset=\"https:\/\/arisinclinic.com\/wp-content\/uploads\/2026\/03\/Restylane\u745e\u7d72\u6717\u73bb\u5c3f\u9178-\u4ecb\u7d39-7.jpg 800w, https:\/\/arisinclinic.com\/wp-content\/uploads\/2026\/03\/Restylane\u745e\u7d72\u6717\u73bb\u5c3f\u9178-\u4ecb\u7d39-7-300x300.jpg 300w, https:\/\/arisinclinic.com\/wp-content\/uploads\/2026\/03\/Restylane\u745e\u7d72\u6717\u73bb\u5c3f\u9178-\u4ecb\u7d39-7-150x150.jpg 150w, https:\/\/arisinclinic.com\/wp-content\/uploads\/2026\/03\/Restylane\u745e\u7d72\u6717\u73bb\u5c3f\u9178-\u4ecb\u7d39-7-768x768.jpg 768w, https:\/\/arisinclinic.com\/wp-content\/uploads\/2026\/03\/Restylane\u745e\u7d72\u6717\u73bb\u5c3f\u9178-\u4ecb\u7d39-7-600x600.jpg 600w, https:\/\/arisinclinic.com\/wp-content\/uploads\/2026\/03\/Restylane\u745e\u7d72\u6717\u73bb\u5c3f\u9178-\u4ecb\u7d39-7-100x100.jpg 100w\" sizes=\"(max-width: 800px) 100vw, 800px\" \/><\/h2>\n<h3>S\u1ef1 l\u1ed9t x\u00e1c th\u1ef1c s\u1ef1 sau ph\u1eabu thu\u1eadt: Kh\u00e1m ph\u00e1 v\u1ebb \u0111\u1eb9p m\u1edbi c\u1ee7a ch\u00ednh m\u00ecnh<\/h3>\n<p>T\u1ea1i Arixin, ch\u00fang t\u00f4i coi tr\u1ecdng v\u1ebb \u0111\u1eb9p h\u00e0i h\u00f2a t\u1ed5ng th\u1ec3. Nh\u1edd k\u1ef9 thu\u1eadt ti\u00eam chuy\u00ean nghi\u1ec7p, nh\u1eefng c\u1ea3i thi\u1ec7n th\u01b0\u1eddng th\u1ea5y \u1edf kh\u00e1ch h\u00e0ng bao g\u1ed3m:<\/p>\n<ul>\n<li>N\u00e2ng c\u01a1 to\u00e0n m\u1eb7t: L\u00e0m s\u0103n ch\u1eafc \u0111\u01b0\u1eddng vi\u1ec1n h\u00e0m<\/li>\n<li>Ch\u1ec9nh s\u1eeda chi ti\u1ebft: L\u00e0m m\u1edd n\u1ebfp nh\u0103n quanh m\u00f4i, c\u1ea3i thi\u1ec7n v\u00f9ng da h\u00f5m d\u01b0\u1edbi m\u1eaft<\/li>\n<li>C\u00e2n \u0111\u1ed1i \u0111\u1ed1i x\u1ee9ng: \u0110i\u1ec1u ch\u1ec9nh \u0111\u1ed9 \u0111\u1ed1i x\u1ee9ng c\u1ee7a m\u00f4i v\u00e0 t\u1ef7 l\u1ec7 c\u00e1c \u0111\u01b0\u1eddng n\u00e9t tr\u00ean khu\u00f4n m\u1eb7t<\/li>\n<\/ul>\n<p><img loading=\"lazy\" decoding=\"async\" class=\"alignnone wp-image-10733 size-full\" src=\"https:\/\/arisinclinic.com\/wp-content\/uploads\/2026\/03\/Restylane\u745e\u7d72\u6717\u73bb\u5c3f\u9178-\u4ecb\u7d39-8.jpg\" alt=\"Gi\u1edbi thi\u1ec7u v\u1ec1 Restylane \u2013 Axit hyaluronic 8\" width=\"800\" height=\"800\" title=\"\" srcset=\"https:\/\/arisinclinic.com\/wp-content\/uploads\/2026\/03\/Restylane\u745e\u7d72\u6717\u73bb\u5c3f\u9178-\u4ecb\u7d39-8.jpg 800w, https:\/\/arisinclinic.com\/wp-content\/uploads\/2026\/03\/Restylane\u745e\u7d72\u6717\u73bb\u5c3f\u9178-\u4ecb\u7d39-8-300x300.jpg 300w, https:\/\/arisinclinic.com\/wp-content\/uploads\/2026\/03\/Restylane\u745e\u7d72\u6717\u73bb\u5c3f\u9178-\u4ecb\u7d39-8-150x150.jpg 150w, https:\/\/arisinclinic.com\/wp-content\/uploads\/2026\/03\/Restylane\u745e\u7d72\u6717\u73bb\u5c3f\u9178-\u4ecb\u7d39-8-768x768.jpg 768w, https:\/\/arisinclinic.com\/wp-content\/uploads\/2026\/03\/Restylane\u745e\u7d72\u6717\u73bb\u5c3f\u9178-\u4ecb\u7d39-8-600x600.jpg 600w, https:\/\/arisinclinic.com\/wp-content\/uploads\/2026\/03\/Restylane\u745e\u7d72\u6717\u73bb\u5c3f\u9178-\u4ecb\u7d39-8-100x100.jpg 100w\" sizes=\"(max-width: 800px) 100vw, 800px\" \/><\/p>\n<h3>C\u00e1c \u0111\u01b0\u1eddng n\u00e9t khu\u00f4n m\u1eb7t s\u00e2u v\u00e0 n\u1ed5i b\u1eadt: B\u1eb1ng ch\u1ee9ng v\u1ec1 hi\u1ec7u qu\u1ea3 n\u00e2ng c\u01a1 v\u00f9ng vi\u1ec1n ngo\u00e0i<\/h3>\n<p>C\u00e1c nghi\u00ean c\u1ee9u y h\u1ecdc nghi\u00eam ng\u1eb7t \u0111\u00e3 ch\u1ee9ng minh r\u1eb1ng ng\u01b0\u1eddi ti\u00eau d\u00f9ng s\u1eed d\u1ee5ng 100% c\u1ea3m th\u1ea5y h\u00e0i l\u00f2ng v\u1edbi k\u1ebft qu\u1ea3 t\u1ef1 nhi\u00ean sau ph\u1eabu thu\u1eadt. Ch\u00fang t\u00f4i chuy\u00ean k\u1ebft h\u1ee3p kh\u1ea3 n\u0103ng n\u00e2ng \u0111\u1ee1 m\u1ea1nh m\u1ebd c\u1ee7a NASHA v\u1edbi \u0111\u1ed9 \u0111\u00e0n h\u1ed3i \u0111\u1ed9ng c\u1ee7a OBT:<\/p>\n<ul>\n<li>T\u0103ng \u0111\u1ed9 n\u1ed5i kh\u1ed1i: M\u0169i, c\u1eb1m v\u00e0 g\u00f2 m\u00e1 \u0111\u01b0\u1ee3c c\u1ea3i thi\u1ec7n r\u00f5 r\u1ec7t<\/li>\n<li>T\u1ea1m bi\u1ec7t v\u1ebb m\u1ec7t m\u1ecfi: \u0110\u00f4i m\u00f4i c\u0103ng m\u1ecdng h\u01a1n, \u00e1nh m\u1eaft th\u00eam s\u00e2u th\u1eb3m. Gi\u00fap b\u1ea1n lu\u00f4n gi\u1eef \u0111\u01b0\u1ee3c n\u00e9t m\u1eb7t t\u1ef1 nhi\u00ean v\u00e0 sinh \u0111\u1ed9ng, kh\u00f4ng h\u1ec1 c\u1ee9ng nh\u1eafc ngay c\u1ea3 khi tr\u00f2 chuy\u1ec7n hay c\u01b0\u1eddi \u0111\u00f9a<\/li>\n<\/ul>","protected":false},"excerpt":{"rendered":"<p>Restylane \u2013 th\u01b0\u01a1ng hi\u1ec7u axit hyaluronic h\u00e0ng \u0111\u1ea7u th\u1ebf gi\u1edbi \u0111\u1ebfn t\u1eeb Th\u1ee5y \u0110i\u1ec3n. V\u1edbi c\u00f4ng ngh\u1ec7 k\u00e9p NASHA v\u00e0 OBT, s\u1ea3n ph\u1ea9m gi\u00fap l\u1ea5p \u0111\u1ea7y c\u00e1c v\u00f9ng l\u00f5m m\u1ed9t c\u00e1ch ch\u00ednh x\u00e1c, t\u1ea1o \u0111\u01b0\u1eddng n\u00e9t khu\u00f4n m\u1eb7t n\u1ed5i b\u1eadt v\u00e0 c\u1ea5p \u1ea9m s\u00e2u, mang l\u1ea1i v\u1ebb \u0111\u1eb9p t\u1ef1 nhi\u00ean, m\u1ec1m m\u1ea1i. \u0110\u01b0\u1ee3c th\u1ef1c hi\u1ec7n tr\u1ef1c ti\u1ebfp b\u1edfi c\u00e1c b\u00e1c s\u0129 chuy\u00ean khoa, mang \u0111\u1ebfn cho b\u1ea1n l\u00e0n da c\u0103ng m\u1ecdng v\u00e0 r\u1ea1ng r\u1ee1, ph\u00f9 h\u1ee3p v\u1edbi t\u1eebng c\u00e1 nh\u00e2n. H\u00e3y \u0111\u1eb7t l\u1ecbch t\u01b0 v\u1ea5n ngay h\u00f4m nay!<\/p>","protected":false},"featured_media":10724,"comment_status":"open","ping_status":"closed","template":"","meta":{"_acf_changed":false},"product_brand":[],"product_cat":[15,156,162],"product_tag":[],"class_list":{"0":"post-10531","1":"product","2":"type-product","3":"status-publish","4":"has-post-thumbnail","6":"product_cat-service","7":"product_cat-non-surgical-aesthetics","8":"product_cat-hyaluronic-acid-fillers","10":"first","11":"instock","12":"shipping-taxable","13":"product-type-simple"},"acf":[],"_links":{"self":[{"href":"https:\/\/arisinclinic.com\/vi\/wp-json\/wp\/v2\/product\/10531","targetHints":{"allow":["GET"]}}],"collection":[{"href":"https:\/\/arisinclinic.com\/vi\/wp-json\/wp\/v2\/product"}],"about":[{"href":"https:\/\/arisinclinic.com\/vi\/wp-json\/wp\/v2\/types\/product"}],"replies":[{"embeddable":true,"href":"https:\/\/arisinclinic.com\/vi\/wp-json\/wp\/v2\/comments?post=10531"}],"wp:featuredmedia":[{"embeddable":true,"href":"https:\/\/arisinclinic.com\/vi\/wp-json\/wp\/v2\/media\/10724"}],"wp:attachment":[{"href":"https:\/\/arisinclinic.com\/vi\/wp-json\/wp\/v2\/media?parent=10531"}],"wp:term":[{"taxonomy":"product_brand","embeddable":true,"href":"https:\/\/arisinclinic.com\/vi\/wp-json\/wp\/v2\/product_brand?post=10531"},{"taxonomy":"product_cat","embeddable":true,"href":"https:\/\/arisinclinic.com\/vi\/wp-json\/wp\/v2\/product_cat?post=10531"},{"taxonomy":"product_tag","embeddable":true,"href":"https:\/\/arisinclinic.com\/vi\/wp-json\/wp\/v2\/product_tag?post=10531"}],"curies":[{"name":"wp","href":"https:\/\/api.w.org\/{rel}","templated":true}]}}