{"id":10734,"date":"2026-03-19T16:06:31","date_gmt":"2026-03-19T08:06:31","guid":{"rendered":"https:\/\/4t542t4sohxh.wpsite.pro\/?post_type=product&#038;p=10734"},"modified":"2026-04-24T10:00:50","modified_gmt":"2026-04-24T02:00:50","slug":"juvederm","status":"publish","type":"product","link":"https:\/\/arisinclinic.com\/vi\/service\/juvederm\/","title":{"rendered":"Juv\u00e9derm \u2013 Hyaluronic acid"},"content":{"rendered":"<p>Juv\u00e9derm, s\u1ea3n ph\u1ea9m axit hyaluronic \u0111\u1ebfn t\u1eeb h\u00e3ng Allergan c\u1ee7a M\u1ef9, \u00e1p d\u1ee5ng c\u00f4ng ngh\u1ec7 Vycross\u2122 \u0111\u00e3 \u0111\u01b0\u1ee3c c\u1ea5p b\u1eb1ng s\u00e1ng ch\u1ebf, k\u1ebft h\u1ee3p c\u00e1c chu\u1ed7i axit hyaluronic d\u00e0i v\u00e0 ng\u1eafn \u0111\u1ec3 t\u1ea1o ra k\u1ebft c\u1ea5u gel c\u00f3 \u0111\u1ed9 k\u1ebft d\u00ednh cao v\u00e0 kh\u1ea3 n\u0103ng \u0111\u00e0n h\u1ed3i v\u01b0\u1ee3t tr\u1ed9i. \u0110\u1eb7c t\u00ednh m\u1ec1m m\u1ea1i c\u1ee7a s\u1ea3n ph\u1ea9m gi\u00fap n\u00f3 h\u00f2a h\u1ee3p ho\u00e0n h\u1ea3o v\u1edbi m\u00f4 c\u01a1 th\u1ec3, cho d\u00f9 l\u00e0 h\u1ed7 tr\u1ee3 s\u00e2u (nh\u01b0 n\u00e2ng m\u0169i, n\u00e2ng c\u1eb1m) hay ch\u1ec9nh s\u1eeda b\u1ec1 m\u1eb7t (nh\u01b0 l\u00e0m \u0111\u1ea7y m\u00f4i, x\u00f3a n\u1ebfp nh\u0103n), \u0111\u1ec1u duy tr\u00ec \u0111\u01b0\u1ee3c \u0111\u1ed9 t\u1ef1 nhi\u00ean v\u00e0 \u0111\u1ed9 b\u1ec1n tuy\u1ec7t v\u1eddi.<\/p>\n<p><img fetchpriority=\"high\" decoding=\"async\" class=\"alignnone wp-image-10736 size-full\" src=\"https:\/\/arisinclinic.com\/wp-content\/uploads\/2026\/03\/Juvederm-\u55ac\u96c5\u767b\u73bb\u5c3f\u9178\u4ecb\u7d391.jpg\" alt=\"Gi\u1edbi thi\u1ec7u v\u1ec1 Juv\u00e9derm \u2013 Hyaluronic Acid 1\" width=\"800\" height=\"565\" title=\"\" srcset=\"https:\/\/arisinclinic.com\/wp-content\/uploads\/2026\/03\/Juvederm-\u55ac\u96c5\u767b\u73bb\u5c3f\u9178\u4ecb\u7d391.jpg 800w, https:\/\/arisinclinic.com\/wp-content\/uploads\/2026\/03\/Juvederm-\u55ac\u96c5\u767b\u73bb\u5c3f\u9178\u4ecb\u7d391-300x212.jpg 300w, https:\/\/arisinclinic.com\/wp-content\/uploads\/2026\/03\/Juvederm-\u55ac\u96c5\u767b\u73bb\u5c3f\u9178\u4ecb\u7d391-768x542.jpg 768w, https:\/\/arisinclinic.com\/wp-content\/uploads\/2026\/03\/Juvederm-\u55ac\u96c5\u767b\u73bb\u5c3f\u9178\u4ecb\u7d391-600x424.jpg 600w\" sizes=\"(max-width: 800px) 100vw, 800px\" \/><\/p>\n<h3>B\u1eb1ng s\u00e1ng ch\u1ebf Vycross c\u1ee7a Juv\u00e9derm: B\u00ed quy\u1ebft \u0111\u1ec3 da kh\u00f4ng b\u1ecb c\u1ee9ng<\/h3>\n<p>Ph\u00f2ng kh\u00e1m th\u1ea9m m\u1ef9 Arixin l\u1ef1a ch\u1ecdn th\u01b0\u01a1ng hi\u1ec7u h\u00e0ng \u0111\u1ea7u th\u1ebf gi\u1edbi \u2013 Juv\u00e9derm. C\u00f4ng ngh\u1ec7 \u0111\u1ed9c quy\u1ec1n Vycross c\u1ed1t l\u00f5i c\u1ee7a s\u1ea3n ph\u1ea9m k\u1ebft h\u1ee3p axit hyaluronic chu\u1ed7i d\u00e0i v\u00e0 chu\u1ed7i ng\u1eafn, t\u1ea1o ra m\u1ed9t ch\u1ea5t gel c\u00f3 \u0111\u1ed9 k\u1ebft d\u00ednh cao v\u00e0 k\u1ebft c\u1ea5u m\u1ec1m m\u1ecbn. B\u1ea1n s\u1ebd kh\u00f4ng c\u00f2n lo l\u1eafng v\u1ec1 nh\u1eefng v\u00f9ng da kh\u00f4ng \u0111\u1ed3ng \u0111\u1ec1u khi bi\u1ec3u c\u1ea3m khu\u00f4n m\u1eb7t, gi\u00fap v\u1ebb \u0111\u1eb9p c\u1ee7a b\u1ea1n tr\u1edf n\u00ean t\u1ef1 nhi\u00ean v\u00e0 m\u1ec1m m\u1ea1i nh\u01b0 v\u1ed1n c\u00f3.<\/p>\n<p><img decoding=\"async\" class=\"alignnone wp-image-10737 size-full\" src=\"https:\/\/arisinclinic.com\/wp-content\/uploads\/2026\/03\/Juvederm-\u55ac\u96c5\u767b\u73bb\u5c3f\u9178\u4ecb\u7d392.jpg\" alt=\"Gi\u1edbi thi\u1ec7u v\u1ec1 axit hyaluronic Juv\u00e9derm 2\" width=\"800\" height=\"565\" title=\"\" srcset=\"https:\/\/arisinclinic.com\/wp-content\/uploads\/2026\/03\/Juvederm-\u55ac\u96c5\u767b\u73bb\u5c3f\u9178\u4ecb\u7d392.jpg 800w, https:\/\/arisinclinic.com\/wp-content\/uploads\/2026\/03\/Juvederm-\u55ac\u96c5\u767b\u73bb\u5c3f\u9178\u4ecb\u7d392-300x212.jpg 300w, https:\/\/arisinclinic.com\/wp-content\/uploads\/2026\/03\/Juvederm-\u55ac\u96c5\u767b\u73bb\u5c3f\u9178\u4ecb\u7d392-768x542.jpg 768w, https:\/\/arisinclinic.com\/wp-content\/uploads\/2026\/03\/Juvederm-\u55ac\u96c5\u767b\u73bb\u5c3f\u9178\u4ecb\u7d392-600x424.jpg 600w\" sizes=\"(max-width: 800px) 100vw, 800px\" \/><\/p>\n<h3>C\u00f4ng ngh\u1ec7 t\u00edch h\u1ee3p cao: H\u1eadu ph\u1eabu kh\u00f4ng \u0111\u1ec3 l\u1ea1i s\u1eb9o, h\u00f2a nh\u1eadp ho\u00e0n to\u00e0n v\u00e0o m\u00f4<\/h3>\n<p>\u0110i\u1ec3m n\u1ed5i b\u1eadt nh\u1ea5t c\u1ee7a Juv\u00e9derm ch\u00ednh l\u00e0 kh\u1ea3 n\u0103ng h\u00f2a h\u1ee3p tuy\u1ec7t v\u1eddi v\u1edbi m\u00f4 c\u01a1 th\u1ec3. T\u1ea1i Arixin, ch\u00fang t\u00f4i t\u1eadn d\u1ee5ng t\u00ednh \u0111\u00e0n h\u1ed3i v\u01b0\u1ee3t tr\u1ed9i c\u1ee7a s\u1ea3n ph\u1ea9m \u0111\u1ec3 gi\u1ea3i quy\u1ebft c\u1ea3m gi\u00e1c c\u00f3 d\u1ecb v\u1eadt c\u00f3 th\u1ec3 xu\u1ea5t hi\u1ec7n sau ph\u1eabu thu\u1eadt. Ngay c\u1ea3 v\u1edbi nh\u1eefng bi\u1ec3u c\u1ea3m tinh t\u1ebf nh\u1ea5t, axit hyaluronic c\u0169ng c\u00f3 th\u1ec3 co gi\u00e3n linh ho\u1ea1t theo c\u01a1 b\u1eafp, mang l\u1ea1i \u201cv\u1ebb \u0111\u1eb9p \u0111\u1ed9ng\u201d m\u00e0 kh\u00f4ng \u0111\u1ec3 l\u1ea1i d\u1ea5u v\u1ebft.<\/p>\n<p><img decoding=\"async\" class=\"alignnone wp-image-10738 size-full\" src=\"https:\/\/arisinclinic.com\/wp-content\/uploads\/2026\/03\/Juvederm-\u55ac\u96c5\u767b\u73bb\u5c3f\u9178\u4ecb\u7d393.jpg\" alt=\"Gi\u1edbi thi\u1ec7u v\u1ec1 axit hyaluronic Juv\u00e9derm 3\" width=\"800\" height=\"565\" title=\"\" srcset=\"https:\/\/arisinclinic.com\/wp-content\/uploads\/2026\/03\/Juvederm-\u55ac\u96c5\u767b\u73bb\u5c3f\u9178\u4ecb\u7d393.jpg 800w, https:\/\/arisinclinic.com\/wp-content\/uploads\/2026\/03\/Juvederm-\u55ac\u96c5\u767b\u73bb\u5c3f\u9178\u4ecb\u7d393-300x212.jpg 300w, https:\/\/arisinclinic.com\/wp-content\/uploads\/2026\/03\/Juvederm-\u55ac\u96c5\u767b\u73bb\u5c3f\u9178\u4ecb\u7d393-768x542.jpg 768w, https:\/\/arisinclinic.com\/wp-content\/uploads\/2026\/03\/Juvederm-\u55ac\u96c5\u767b\u73bb\u5c3f\u9178\u4ecb\u7d393-600x424.jpg 600w\" sizes=\"(max-width: 800px) 100vw, 800px\" \/><\/p>\n<h3>Kh\u1ea3 n\u0103ng k\u1ebft d\u00ednh m\u1ea1nh m\u1ebd: Kh\u00f4ng d\u1ec5 b\u1ecb x\u00ea d\u1ecbch, gi\u1eef n\u1ebfp l\u00e2u d\u00e0i<\/h3>\n<p>Ch\u1ec9 khi v\u1eefng ch\u1eafc v\u00e0 kh\u00f4ng b\u1ecb x\u00ea d\u1ecbch, \u0111\u00f3 m\u1edbi l\u00e0 v\u1ebb \u0111\u1eb9p \u0111\u00edch th\u1ef1c. D\u00f2ng s\u1ea3n ph\u1ea9m Juv\u00e9derm s\u1edf h\u1eefu \u0111\u1ed9 k\u1ebft d\u00ednh (Cohesivity) v\u01b0\u1ee3t tr\u1ed9i, gi\u00fap ch\u1ed1ng l\u1ea1i \u00e1p l\u1ef1c b\u00ean ngo\u00e0i v\u00e0 c\u00e1c chuy\u1ec3n \u0111\u1ed9ng c\u1ee7a c\u01a1 b\u1eafp.<\/p>\n<ul>\n<li>T\u1ea1o h\u00ecnh \u0111\u1ea7y \u0111\u1eb7n: Gi\u00fap n\u00e2ng \u0111\u1ee1 v\u00e0 l\u00e0m \u0111\u1ea7y c\u00e1c v\u00f9ng l\u00f5m r\u1ed9ng nh\u01b0 th\u00e1i d\u01b0\u01a1ng v\u00e0 g\u00f2 m\u00e1<\/li>\n<li>\u0110\u1ecbnh h\u00ecnh \u0111\u01b0\u1eddng n\u00e9t: T\u1ea1o \u0111\u01b0\u1eddng vi\u1ec1n h\u00e0m d\u01b0\u1edbi m\u1ec1m m\u1ea1i v\u00e0 c\u00e1c \u0111\u01b0\u1eddng n\u00e9t khu\u00f4n m\u1eb7t n\u1ed5i b\u1eadt, \u0111\u1ed3ng th\u1eddi \u0111\u1ea3m b\u1ea3o s\u1ef1 c\u00e2n \u0111\u1ed1i<\/li>\n<\/ul>\n<p><img loading=\"lazy\" decoding=\"async\" class=\"alignnone wp-image-10739 size-full\" src=\"https:\/\/arisinclinic.com\/wp-content\/uploads\/2026\/03\/Juvederm-\u55ac\u96c5\u767b\u73bb\u5c3f\u9178\u4ecb\u7d394.jpg\" alt=\"Gi\u1edbi thi\u1ec7u v\u1ec1 axit hyaluronic Juv\u00e9derm 4\" width=\"800\" height=\"565\" title=\"\" srcset=\"https:\/\/arisinclinic.com\/wp-content\/uploads\/2026\/03\/Juvederm-\u55ac\u96c5\u767b\u73bb\u5c3f\u9178\u4ecb\u7d394.jpg 800w, https:\/\/arisinclinic.com\/wp-content\/uploads\/2026\/03\/Juvederm-\u55ac\u96c5\u767b\u73bb\u5c3f\u9178\u4ecb\u7d394-300x212.jpg 300w, https:\/\/arisinclinic.com\/wp-content\/uploads\/2026\/03\/Juvederm-\u55ac\u96c5\u767b\u73bb\u5c3f\u9178\u4ecb\u7d394-768x542.jpg 768w, https:\/\/arisinclinic.com\/wp-content\/uploads\/2026\/03\/Juvederm-\u55ac\u96c5\u767b\u73bb\u5c3f\u9178\u4ecb\u7d394-600x424.jpg 600w\" sizes=\"(max-width: 800px) 100vw, 800px\" \/><\/p>\n<h3>Hi\u1ec7u qu\u1ea3 l\u00e2u d\u00e0i: \u0110\u1eb9p ngay t\u1eeb l\u1ea7n \u0111\u1ea7u ti\u00ean<\/h3>\n<p>D\u00f2ng s\u1ea3n ph\u1ea9m Juv\u00e9derm Vycross c\u00f3 hi\u1ec7u qu\u1ea3 k\u00e9o d\u00e0i v\u01b0\u1ee3t tr\u1ed9i:<\/p>\n<ul>\n<li>Hi\u1ec7u qu\u1ea3 \u1ed5n \u0111\u1ecbnh v\u00e0 l\u00e2u d\u00e0i: \u0110\u00e3 \u0111\u01b0\u1ee3c ch\u1ee9ng minh l\u00e2m s\u00e0ng, hi\u1ec7u qu\u1ea3 c\u00f3 th\u1ec3 duy tr\u00ec \u0111\u1ebfn 18\u201324 th\u00e1ng (t\u00f9y thu\u1ed9c v\u00e0o d\u00f2ng s\u1ea3n ph\u1ea9m)<\/li>\n<li>C\u00f4ng th\u1ee9c gi\u1ea3m \u0111au: To\u00e0n b\u1ed9 d\u00f2ng s\u1ea3n ph\u1ea9m \u0111\u1ec1u ch\u1ee9a lidocaine, gi\u00fap t\u0103ng c\u01b0\u1eddng \u0111\u00e1ng k\u1ec3 s\u1ef1 tho\u1ea3i m\u00e1i trong qu\u00e1 tr\u00ecnh ti\u00eam. Arixin gi\u00fap b\u1ea1n ho\u00e0n t\u1ea5t qu\u00e1 tr\u00ecnh l\u1ed9t da m\u1ed9t c\u00e1ch tho\u1ea3i m\u00e1i v\u00e0 t\u1eadn h\u01b0\u1edfng v\u1ebb \u0111\u1eb9p l\u00e2u d\u00e0i h\u01a1n<\/li>\n<\/ul>\n<p><img loading=\"lazy\" decoding=\"async\" class=\"alignnone wp-image-10740 size-full\" src=\"https:\/\/arisinclinic.com\/wp-content\/uploads\/2026\/03\/Juvederm-\u55ac\u96c5\u767b\u73bb\u5c3f\u9178\u4ecb\u7d395.jpg\" alt=\"Gi\u1edbi thi\u1ec7u v\u1ec1 axit hyaluronic Juv\u00e9derm 5\" width=\"800\" height=\"803\" title=\"\" srcset=\"https:\/\/arisinclinic.com\/wp-content\/uploads\/2026\/03\/Juvederm-\u55ac\u96c5\u767b\u73bb\u5c3f\u9178\u4ecb\u7d395.jpg 800w, https:\/\/arisinclinic.com\/wp-content\/uploads\/2026\/03\/Juvederm-\u55ac\u96c5\u767b\u73bb\u5c3f\u9178\u4ecb\u7d395-300x300.jpg 300w, https:\/\/arisinclinic.com\/wp-content\/uploads\/2026\/03\/Juvederm-\u55ac\u96c5\u767b\u73bb\u5c3f\u9178\u4ecb\u7d395-150x150.jpg 150w, https:\/\/arisinclinic.com\/wp-content\/uploads\/2026\/03\/Juvederm-\u55ac\u96c5\u767b\u73bb\u5c3f\u9178\u4ecb\u7d395-768x771.jpg 768w, https:\/\/arisinclinic.com\/wp-content\/uploads\/2026\/03\/Juvederm-\u55ac\u96c5\u767b\u73bb\u5c3f\u9178\u4ecb\u7d395-600x602.jpg 600w, https:\/\/arisinclinic.com\/wp-content\/uploads\/2026\/03\/Juvederm-\u55ac\u96c5\u767b\u73bb\u5c3f\u9178\u4ecb\u7d395-100x100.jpg 100w\" sizes=\"(max-width: 800px) 100vw, 800px\" \/><\/p>\n<h3>Ch\u1ee9ng nh\u1eadn an to\u00e0n to\u00e0n c\u1ea7u: L\u1ef1a ch\u1ecdn h\u00e0ng \u0111\u1ea7u c\u1ee7a Anxinmei<\/h3>\n<p>An to\u00e0n l\u00e0 nguy\u00ean t\u1eafc c\u01a1 b\u1ea3n trong l\u0129nh v\u1ef1c th\u1ea9m m\u1ef9 y t\u1ebf. Juv\u00e9derm \u0111\u00e3 \u0111\u01b0\u1ee3c C\u1ee5c Qu\u1ea3n l\u00fd Th\u1ef1c ph\u1ea9m v\u00e0 D\u01b0\u1ee3c ph\u1ea9m Hoa K\u1ef3 (FDA) v\u00e0 B\u1ed9 Y t\u1ebf v\u00e0 Ph\u00fac l\u1ee3i \u0110\u00e0i Loan c\u1ea5p ch\u1ee9ng nh\u1eadn, \u0111\u1ed3ng th\u1eddi \u0111\u01b0\u1ee3c h\u1ed7 tr\u1ee3 b\u1edfi l\u01b0\u1ee3ng d\u1eef li\u1ec7u l\u00e2m s\u00e0ng kh\u1ed5ng l\u1ed3 tr\u00ean to\u00e0n c\u1ea7u.<\/p>\n<ul>\n<li>Ph\u1ea3n \u1ee9ng s\u01b0ng t\u1ea5y nh\u1eb9: C\u00f4ng ngh\u1ec7 li\u00ean k\u1ebft ch\u00ednh x\u00e1c gi\u00fap gi\u1ea3m t\u1ef7 l\u1ec7 h\u1ea5p th\u1ee5 n\u01b0\u1edbc sau ph\u1eabu thu\u1eadt, r\u00fat ng\u1eafn th\u1eddi gian h\u1ed3i ph\u1ee5c<\/li>\n<li>\u0110\u1ea3m b\u1ea3o ch\u1ea5t l\u01b0\u1ee3ng cao: M\u1ed7i l\u1ea7n \u0111i\u1ec1u ch\u1ec9nh nh\u1ecf t\u1ea1i Arixin \u0111\u1ec1u l\u00e0 m\u1ed9t kho\u1ea3n \u0111\u1ea7u t\u01b0 \u0111\u00e1ng tin c\u1eady<\/li>\n<\/ul>\n<p><img loading=\"lazy\" decoding=\"async\" class=\"alignnone wp-image-10741 size-full\" src=\"https:\/\/arisinclinic.com\/wp-content\/uploads\/2026\/03\/Juvederm-\u55ac\u96c5\u767b\u73bb\u5c3f\u9178\u4ecb\u7d396.jpg\" alt=\"Gi\u1edbi thi\u1ec7u v\u1ec1 axit hyaluronic Juv\u00e9derm 6\" width=\"800\" height=\"565\" title=\"\" srcset=\"https:\/\/arisinclinic.com\/wp-content\/uploads\/2026\/03\/Juvederm-\u55ac\u96c5\u767b\u73bb\u5c3f\u9178\u4ecb\u7d396.jpg 800w, https:\/\/arisinclinic.com\/wp-content\/uploads\/2026\/03\/Juvederm-\u55ac\u96c5\u767b\u73bb\u5c3f\u9178\u4ecb\u7d396-300x212.jpg 300w, https:\/\/arisinclinic.com\/wp-content\/uploads\/2026\/03\/Juvederm-\u55ac\u96c5\u767b\u73bb\u5c3f\u9178\u4ecb\u7d396-768x542.jpg 768w, https:\/\/arisinclinic.com\/wp-content\/uploads\/2026\/03\/Juvederm-\u55ac\u96c5\u767b\u73bb\u5c3f\u9178\u4ecb\u7d396-600x424.jpg 600w\" sizes=\"(max-width: 800px) 100vw, 800px\" \/><\/p>\n<h3>D\u00f2ng s\u1ea3n ph\u1ea9m Jingdiao: Gi\u1ea3i quy\u1ebft tri\u1ec7t \u0111\u1ec3 v\u1ea5n \u0111\u1ec1 l\u00e3o h\u00f3a<\/h3>\n<p>B\u00e1c s\u0129 Ariesin s\u1ebd l\u1ef1a ch\u1ecdn d\u00f2ng s\u1ea3n ph\u1ea9m Juv\u00e9derm ph\u00f9 h\u1ee3p nh\u1ea5t d\u1ef1a tr\u00ean nhu c\u1ea7u c\u1ee7a b\u1ea1n:<\/p>\n<ul>\n<li>Voluma: H\u1ed7 tr\u1ee3 s\u00e2u, ph\u1ee5c h\u1ed3i \u0111\u1ed9 \u0111\u1ea7y \u0111\u1eb7n cho v\u00f9ng gi\u1eefa khu\u00f4n m\u1eb7t v\u00e0 \u0111\u01b0\u1eddng n\u00e9t c\u1eb1m<\/li>\n<li>Volift: Gi\u1ea3m thi\u1ec3u c\u00e1c n\u1ebfp nh\u0103n \u1edf v\u00f9ng gi\u1eefa khu\u00f4n m\u1eb7t, nh\u01b0 n\u1ebfp nh\u0103n quanh mi\u1ec7ng v\u00e0 n\u1ebfp nh\u0103n gi\u1eefa l\u00f4ng m\u00e0y<\/li>\n<li>Vobella: Mang \u0111\u1ebfn ch\u1ea5t l\u00e0m \u0111\u1ea7y c\u1ef1c k\u1ef3 m\u1ec1m m\u1ecbn cho c\u00e1c v\u00f9ng da nh\u1ea1y c\u1ea3m nh\u01b0 r\u00e3nh l\u1ec7 v\u00e0 v\u00f9ng m\u00f4i<\/li>\n<\/ul>\n<h3>S\u1ef1 t\u1ef1 nhi\u00ean v\u00e0 m\u1ec1m m\u1ea1i: S\u1ef1 c\u00e2n b\u1eb1ng ho\u00e0n h\u1ea3o gi\u1eefa \u0111\u01b0\u1eddng n\u00e9t b\u00ean ngo\u00e0i v\u00e0 bi\u1ec3u c\u1ea3m<\/h3>\n<p>Juv\u00e9derm c\u00f3 th\u1ec3 \u201cl\u1ea5p \u0111\u1ea7y v\u00f9ng l\u00f5m m\u00e0 kh\u00f4ng g\u00e2y s\u01b0ng\u201d. D\u01b0\u1edbi b\u00e0n tay chuy\u00ean nghi\u1ec7p c\u1ee7a b\u00e1c s\u0129 Arixin, ch\u00fang t\u00f4i nh\u1ea5n m\u1ea1nh r\u1eb1ng:<\/p>\n<ul>\n<li>V\u1ebb \u0111\u1eb9p t\u1ef1 nhi\u00ean: Khi c\u01b0\u1eddi l\u1edbn hay n\u00f3i chuy\u1ec7n, c\u00e1c \u0111\u01b0\u1eddng n\u00e9t tr\u00ean khu\u00f4n m\u1eb7t v\u1eabn m\u1ecbn m\u00e0ng<\/li>\n<li>Tr\u1ebb h\u00f3a khu\u00f4n m\u1eb7t: Ph\u1ee5c h\u1ed3i \u0111\u1ed9 s\u00e2u v\u00e0 chi\u1ec1u s\u00e2u cho khu\u00f4n m\u1eb7t th\u00f4ng qua vi\u1ec7c n\u00e2ng cao \u0111\u01b0\u1eddng n\u00e9t b\u00ean ngo\u00e0i v\u00e0 l\u00e0m \u0111\u1ea7y c\u00e1c v\u00f9ng da ch\u1ea3y x\u1ec7<\/li>\n<\/ul>\n<h3>Nghi\u00ean c\u1ee9u th\u1ef1c t\u1ebf c\u1ee7a iResearch: Nh\u00ecn th\u1ea5y nh\u1eefng thay \u0111\u1ed5i tinh t\u1ebf<\/h3>\n<p>Kh\u00f4ng ch\u1ec9 l\u00e0 l\u00e0m \u0111\u1ea7y, m\u00e0 c\u00f2n l\u00e0 vi\u1ec7c \u0111i\u1ec1u ch\u1ec9nh tinh t\u1ebf c\u00e1c t\u1ef7 l\u1ec7 tr\u00ean khu\u00f4n m\u1eb7t. Nh\u1edd k\u1ef9 thu\u1eadt ch\u00ednh x\u00e1c c\u1ee7a b\u00e1c s\u0129 Jia Yaden v\u00e0 b\u00e1c s\u0129 Arixin, b\u1ea1n c\u00f3 th\u1ec3 mong \u0111\u1ee3i:<\/p>\n<ul>\n<li>\u0110\u01b0\u1eddng n\u00e9t thon g\u1ecdn: \u0110\u01b0\u1eddng vi\u1ec1n h\u00e0m m\u1edd nh\u1ea1t tr\u1edf n\u00ean r\u00f5 n\u00e9t<\/li>\n<li>\u0110\u01b0\u1eddng n\u00e9t khu\u00f4n m\u1eb7t tinh t\u1ebf: \u00c1nh m\u1eaft th\u00eam ph\u1ea7n r\u1ea1ng r\u1ee1, \u0111\u00f4i m\u00f4i tr\u00f4ng \u0111\u1ea7y \u0111\u1eb7n v\u00e0 c\u0103ng m\u1ecdng h\u01a1n<\/li>\n<li>L\u00e0m s\u00e1ng da to\u00e0n di\u1ec7n: Gi\u1ea3m b\u1edbt v\u1ebb m\u1ec7t m\u1ecfi, mang l\u1ea1i v\u1ebb t\u01b0\u01a1i tr\u1ebb r\u1ea1ng r\u1ee1<\/li>\n<\/ul>","protected":false},"excerpt":{"rendered":"<p>Juv\u00e9derm c\u1ee7a Allergan, v\u1edbi c\u00f4ng ngh\u1ec7 \u0111\u1ed9c quy\u1ec1n Vycross, mang l\u1ea1i s\u1ef1 c\u00e2n b\u1eb1ng to\u00e0n di\u1ec7n gi\u1eefa c\u1ea3m gi\u00e1c m\u1ec1m m\u1ecbn v\u00e0 kh\u1ea3 n\u0103ng n\u00e2ng \u0111\u1ee1. Ch\u1ea5t gel c\u00f3 \u0111\u1ed9 k\u1ebft d\u00ednh cao gi\u00fap h\u00f2a nh\u1eadp ho\u00e0n h\u1ea3o v\u1edbi m\u00f4 da, ch\u1ec9nh s\u1eeda ch\u00ednh x\u00e1c n\u1ebfp nh\u0103n \u1edf kh\u00f3e mi\u1ec7ng v\u00e0 l\u00e0m \u0111\u1ea7y v\u00f9ng m\u00e1, mang l\u1ea1i v\u1ebb \u0111\u1eb9p t\u1ef1 nhi\u00ean kh\u00f4ng \u0111\u1ec3 l\u1ea1i d\u1ea5u v\u1ebft. \u0110\u01b0\u1ee3c b\u00e1c s\u0129 chuy\u00ean khoa thi\u1ebft k\u1ebf ri\u00eang cho t\u1eebng tr\u01b0\u1eddng h\u1ee3p, gi\u00fap b\u1ea1n s\u1edf h\u1eefu \u0111\u01b0\u1eddng n\u00e9t khu\u00f4n m\u1eb7t tinh t\u1ebf, h\u00e0i h\u00f2a v\u00e0 n\u1ed5i b\u1eadt.<\/p>","protected":false},"featured_media":10735,"comment_status":"open","ping_status":"closed","template":"","meta":{"_acf_changed":false},"product_brand":[],"product_cat":[15,156,162],"product_tag":[],"class_list":{"0":"post-10734","1":"product","2":"type-product","3":"status-publish","4":"has-post-thumbnail","6":"product_cat-service","7":"product_cat-non-surgical-aesthetics","8":"product_cat-hyaluronic-acid-fillers","10":"first","11":"instock","12":"shipping-taxable","13":"product-type-simple"},"acf":[],"_links":{"self":[{"href":"https:\/\/arisinclinic.com\/vi\/wp-json\/wp\/v2\/product\/10734","targetHints":{"allow":["GET"]}}],"collection":[{"href":"https:\/\/arisinclinic.com\/vi\/wp-json\/wp\/v2\/product"}],"about":[{"href":"https:\/\/arisinclinic.com\/vi\/wp-json\/wp\/v2\/types\/product"}],"replies":[{"embeddable":true,"href":"https:\/\/arisinclinic.com\/vi\/wp-json\/wp\/v2\/comments?post=10734"}],"wp:featuredmedia":[{"embeddable":true,"href":"https:\/\/arisinclinic.com\/vi\/wp-json\/wp\/v2\/media\/10735"}],"wp:attachment":[{"href":"https:\/\/arisinclinic.com\/vi\/wp-json\/wp\/v2\/media?parent=10734"}],"wp:term":[{"taxonomy":"product_brand","embeddable":true,"href":"https:\/\/arisinclinic.com\/vi\/wp-json\/wp\/v2\/product_brand?post=10734"},{"taxonomy":"product_cat","embeddable":true,"href":"https:\/\/arisinclinic.com\/vi\/wp-json\/wp\/v2\/product_cat?post=10734"},{"taxonomy":"product_tag","embeddable":true,"href":"https:\/\/arisinclinic.com\/vi\/wp-json\/wp\/v2\/product_tag?post=10734"}],"curies":[{"name":"wp","href":"https:\/\/api.w.org\/{rel}","templated":true}]}}