{"id":10742,"date":"2026-03-19T16:29:53","date_gmt":"2026-03-19T08:29:53","guid":{"rendered":"https:\/\/4t542t4sohxh.wpsite.pro\/?post_type=product&#038;p=10742"},"modified":"2026-04-14T22:06:07","modified_gmt":"2026-04-14T14:06:07","slug":"neuramis","status":"publish","type":"product","link":"https:\/\/arisinclinic.com\/vi\/service\/neuramis\/","title":{"rendered":"Neuramis Hyaluronic Acid"},"content":{"rendered":"<p>Neuramis (Umeishi) c\u1ee7a h\u00e3ng Medytox h\u00e0ng \u0111\u1ea7u H\u00e0n Qu\u1ed1c, c\u00f2n \u0111\u01b0\u1ee3c m\u1ec7nh danh l\u00e0 \u201cHyaluronic Acid c\u1ee7a c\u00e1c n\u00e0ng ti\u00ean\u201d. S\u1eed d\u1ee5ng c\u00f4ng ngh\u1ec7 SHAPE\u2122 \u0111\u00e3 \u0111\u01b0\u1ee3c c\u1ea5p b\u1eb1ng s\u00e1ng ch\u1ebf, tr\u1ea3i qua qu\u00e1 tr\u00ecnh li\u00ean k\u1ebft hai giai \u0111o\u1ea1n v\u00e0 nhi\u1ec1u b\u01b0\u1edbc tinh ch\u1ebf, s\u1ea3n ph\u1ea9m th\u1ec3 hi\u1ec7n \u0111\u1ed9 k\u1ebft d\u00ednh v\u00e0 \u0111\u1ed9 an to\u00e0n tuy\u1ec7t v\u1eddi. C\u1ea3m gi\u00e1c ti\u00eam m\u1ec1m m\u1ea1i c\u00f9ng kh\u1ea3 n\u0103ng h\u00f2a nh\u1eadp \u1ed5n \u0111\u1ecbnh v\u00e0o m\u00f4, s\u1ea3n ph\u1ea9m \u0111\u1eb7c bi\u1ec7t ph\u00f9 h\u1ee3p \u0111\u1ec3 l\u1ea5p \u0111\u1ea7y c\u00e1c v\u00f9ng l\u00f5m tr\u00ean khu\u00f4n m\u1eb7t, ch\u1ec9nh s\u1eeda \u0111\u01b0\u1eddng n\u00e9t v\u00e0 c\u1ea3i thi\u1ec7n n\u1ebfp nh\u0103n nh\u1ecf, mang l\u1ea1i v\u1ebb \u0111\u1eb9p t\u1ef1 nhi\u00ean, l\u00e2u d\u00e0i v\u1edbi hi\u1ec7u qu\u1ea3 cao so v\u1edbi chi ph\u00ed.<\/p>\n<p><img fetchpriority=\"high\" decoding=\"async\" class=\"alignnone wp-image-10758 size-full\" src=\"https:\/\/arisinclinic.com\/wp-content\/uploads\/2026\/03\/Neuramis-\u4ed9\u5973\u73bb\u5c3f\u9178\u4ecb\u7d39-2.jpg\" alt=\"Gi\u1edbi thi\u1ec7u v\u1ec1 Neuramis - Hyaluronic Acid Ti\u00ean N\u1eef 2\" width=\"800\" height=\"415\" title=\"\" srcset=\"https:\/\/arisinclinic.com\/wp-content\/uploads\/2026\/03\/Neuramis-\u4ed9\u5973\u73bb\u5c3f\u9178\u4ecb\u7d39-2.jpg 800w, https:\/\/arisinclinic.com\/wp-content\/uploads\/2026\/03\/Neuramis-\u4ed9\u5973\u73bb\u5c3f\u9178\u4ecb\u7d39-2-300x156.jpg 300w, https:\/\/arisinclinic.com\/wp-content\/uploads\/2026\/03\/Neuramis-\u4ed9\u5973\u73bb\u5c3f\u9178\u4ecb\u7d39-2-768x398.jpg 768w, https:\/\/arisinclinic.com\/wp-content\/uploads\/2026\/03\/Neuramis-\u4ed9\u5973\u73bb\u5c3f\u9178\u4ecb\u7d39-2-600x311.jpg 600w\" sizes=\"(max-width: 800px) 100vw, 800px\" \/><\/p>\n<h3>B\u1ed1n \u0111i\u1ec3m n\u1ed5i b\u1eadt c\u1ee7a Hyaluronic Acid Ti\u00ean N\u1eef<\/h3>\n<ul>\n<li>\u0110\u1ed9 tho\u1ea3i m\u00e1i cao: D\u1ea1ng b\u00e0o ch\u1ebf ch\u1ee9a thu\u1ed1c g\u00e2y t\u00ea gi\u1ea3m \u0111au, gi\u00fap t\u0103ng c\u01b0\u1eddng \u0111\u00e1ng k\u1ec3 c\u1ea3m gi\u00e1c tho\u1ea3i m\u00e1i trong qu\u00e1 tr\u00ecnh \u0111i\u1ec1u tr\u1ecb, \u0111\u1ed3ng th\u1eddi gi\u1ea3m b\u1edbt c\u0103ng th\u1eb3ng v\u00e0 kh\u00f3 ch\u1ecbu<\/li>\n<li>Kh\u1ea3 n\u0103ng k\u1ebft d\u00ednh v\u01b0\u1ee3t tr\u1ed9i: S\u1eed d\u1ee5ng c\u00f4ng ngh\u1ec7 \u0111\u1ed9c quy\u1ec1n, \u0111\u1ea3m b\u1ea3o axit hyaluronic gi\u1eef nguy\u00ean h\u00ecnh d\u1ea1ng ban \u0111\u1ea7u sau khi ti\u00eam, kh\u00f4ng d\u1ec5 lan r\u1ed9ng hay d\u1ecbch chuy\u1ec3n, gi\u00fap duy tr\u00ec \u0111\u01b0\u1eddng n\u00e9t khu\u00f4n m\u1eb7t r\u00f5 n\u00e9t<\/li>\n<li>T\u00ednh t\u01b0\u01a1ng th\u00edch m\u00f4 cao: T\u00edch h\u1ee3p ho\u00e0n h\u1ea3o v\u1edbi m\u00f4 c\u01a1 th\u1ec3, \u0111\u00e2y l\u00e0 y\u1ebfu t\u1ed1 then ch\u1ed1t \u0111\u1ec3 t\u1ea1o ra nh\u1eefng \u0111\u01b0\u1eddng n\u00e9t t\u1ef1 nhi\u00ean, m\u1ec1m m\u1ea1i, \u0111\u1ed3ng th\u1eddi c\u00f3 m\u1ee9c gi\u00e1 ph\u1ea3i ch\u0103ng, n\u00ean \u0111\u00e2y l\u00e0 l\u1ef1a ch\u1ecdn h\u00e0ng \u0111\u1ea7u cho nh\u1eefng ai l\u1ea7n \u0111\u1ea7u th\u1eed nghi\u1ec7m c\u00e1c ph\u01b0\u01a1ng ph\u00e1p l\u00e0m \u0111\u1eb9p th\u1ea9m m\u1ef9 nh\u1eb9 nh\u00e0ng.<\/li>\n<li>Hi\u1ec7u qu\u1ea3 l\u00e2u d\u00e0i: Theo k\u1ebft qu\u1ea3 th\u1eed nghi\u1ec7m l\u00e2m s\u00e0ng, t\u1ef7 l\u1ec7 \u0111\u00e1p \u1ee9ng v\u1eabn \u0111\u1ea1t t\u1edbi 84,1% sau hai n\u0103m ti\u00eam, v\u1edbi hi\u1ec7u qu\u1ea3 \u1ed5n \u0111\u1ecbnh v\u00e0 b\u1ec1n v\u1eefng<\/li>\n<\/ul>\n<p><img decoding=\"async\" class=\"alignnone wp-image-10755 size-full\" src=\"https:\/\/arisinclinic.com\/wp-content\/uploads\/2026\/03\/Neuramis-\u4ed9\u5973\u73bb\u5c3f\u9178\u4ecb\u7d39-1.jpg\" alt=\"Gi\u1edbi thi\u1ec7u v\u1ec1 Neuramis - Hyaluronic Acid 1\" width=\"800\" height=\"273\" title=\"\" srcset=\"https:\/\/arisinclinic.com\/wp-content\/uploads\/2026\/03\/Neuramis-\u4ed9\u5973\u73bb\u5c3f\u9178\u4ecb\u7d39-1.jpg 800w, https:\/\/arisinclinic.com\/wp-content\/uploads\/2026\/03\/Neuramis-\u4ed9\u5973\u73bb\u5c3f\u9178\u4ecb\u7d39-1-300x102.jpg 300w, https:\/\/arisinclinic.com\/wp-content\/uploads\/2026\/03\/Neuramis-\u4ed9\u5973\u73bb\u5c3f\u9178\u4ecb\u7d39-1-768x262.jpg 768w, https:\/\/arisinclinic.com\/wp-content\/uploads\/2026\/03\/Neuramis-\u4ed9\u5973\u73bb\u5c3f\u9178\u4ecb\u7d39-1-600x205.jpg 600w\" sizes=\"(max-width: 800px) 100vw, 800px\" \/><\/p>\n<h3>C\u00f4ng ngh\u1ec7 li\u00ean k\u1ebft SHAPE \u0111\u1ed9c quy\u1ec1n, h\u00e0m l\u01b0\u1ee3ng d\u01b0 BDDE g\u1ea7n nh\u01b0 b\u1eb1ng 0<\/h3>\n<p>\u0110\u1ec3 t\u0103ng c\u01b0\u1eddng \u0111\u1ed9 \u0111\u00e0n h\u1ed3i c\u1ee7a axit hyaluronic, vi\u1ec7c s\u1eed d\u1ee5ng ch\u1ea5t li\u00ean k\u1ebft l\u00e0 \u0111i\u1ec1u b\u1eaft bu\u1ed9c. C\u00e1c s\u1ea3n ph\u1ea9m axit hyaluronic \u0111\u01b0\u1ee3c ph\u00e9p l\u01b0u h\u00e0nh h\u1ee3p ph\u00e1p t\u1ea1i \u0110\u00e0i Loan \u0111\u1ec1u s\u1eed d\u1ee5ng \u201cBBDE\u201d l\u00e0m ch\u1ea5t li\u00ean k\u1ebft. M\u1eb7c d\u00f9 ch\u1ea5t li\u00ean k\u1ebft n\u00e0y s\u1ebd \u0111\u01b0\u1ee3c c\u01a1 th\u1ec3 chuy\u1ec3n h\u00f3a theo th\u1eddi gian v\u00e0 kh\u00f4ng g\u00e2y h\u1ea1i cho s\u1ee9c kh\u1ecfe, nh\u01b0ng c\u00e1c ph\u00e2n t\u1eed BBDE c\u00f2n s\u00f3t l\u1ea1i trong s\u1ea3n ph\u1ea9m c\u00f3 th\u1ec3 g\u00e2y ung th\u01b0. Do \u0111\u00f3, ti\u00eau chu\u1ea9n chung trong ng\u00e0nh quy \u0111\u1ecbnh h\u00e0m l\u01b0\u1ee3ng d\u01b0 BBDE ph\u1ea3i d\u01b0\u1edbi 2ppm \u0111\u1ec3 kh\u00f4ng g\u00e2y \u1ea3nh h\u01b0\u1edfng \u0111\u1ebfn s\u1ee9c kh\u1ecfe con ng\u01b0\u1eddi.<\/p>\n<p>Trong khi \u0111\u00f3, c\u00f4ng ty Medytox y\u00eau c\u1ea7u h\u00e0m l\u01b0\u1ee3ng d\u01b0 ph\u1ea3i g\u1ea7n nh\u01b0 kh\u00f4ng th\u1ec3 ph\u00e1t hi\u1ec7n \u0111\u01b0\u1ee3c m\u1edbi \u0111\u01b0\u1ee3c coi l\u00e0 \u0111\u1ea1t ti\u00eau chu\u1ea9n. H\u1ecd s\u1eed d\u1ee5ng c\u00f4ng ngh\u1ec7 li\u00ean k\u1ebft \u0111\u1ed9c quy\u1ec1n \u201cSHAPE\u201d \u0111\u1ec3 t\u1ea1o ra c\u00e1c li\u00ean k\u1ebft hyaluronic acid \u1ed5n \u0111\u1ecbnh, gi\u00fap qu\u00e1 tr\u00ecnh tinh ch\u1ebf di\u1ec5n ra hi\u1ec7u qu\u1ea3 h\u01a1n, \u0111\u1ed3ng th\u1eddi gi\u1ea3m thi\u1ec3u l\u01b0\u1ee3ng d\u01b0 BDDE xu\u1ed1ng m\u1ee9c th\u1ea5p nh\u1ea5t.<\/p>\n<p><img decoding=\"async\" class=\"alignnone wp-image-10760 size-full\" src=\"https:\/\/arisinclinic.com\/wp-content\/uploads\/2026\/03\/Neuramis-\u4ed9\u5973\u73bb\u5c3f\u9178\u4ecb\u7d39-3.jpg\" alt=\"Gi\u1edbi thi\u1ec7u v\u1ec1 Neuramis - Hyaluronic Acid Ti\u00ean N\u1eef 3\" width=\"800\" height=\"414\" title=\"\" srcset=\"https:\/\/arisinclinic.com\/wp-content\/uploads\/2026\/03\/Neuramis-\u4ed9\u5973\u73bb\u5c3f\u9178\u4ecb\u7d39-3.jpg 800w, https:\/\/arisinclinic.com\/wp-content\/uploads\/2026\/03\/Neuramis-\u4ed9\u5973\u73bb\u5c3f\u9178\u4ecb\u7d39-3-300x155.jpg 300w, https:\/\/arisinclinic.com\/wp-content\/uploads\/2026\/03\/Neuramis-\u4ed9\u5973\u73bb\u5c3f\u9178\u4ecb\u7d39-3-768x397.jpg 768w, https:\/\/arisinclinic.com\/wp-content\/uploads\/2026\/03\/Neuramis-\u4ed9\u5973\u73bb\u5c3f\u9178\u4ecb\u7d39-3-600x311.jpg 600w\" sizes=\"(max-width: 800px) 100vw, 800px\" \/><\/p>\n<h3>\u0110\u1ed1i t\u01b0\u1ee3ng \u00e1p d\u1ee5ng v\u00e0 c\u00e1c v\u1ea5n \u0111\u1ec1 c\u1ea7n c\u1ea3i thi\u1ec7n<\/h3>\n<ul>\n<li>V\u1ebft h\u00f5m d\u01b0\u1edbi m\u1eaft r\u00f5 r\u1ec7t, n\u1ed5i r\u00f5<\/li>\n<li>V\u00f9ng da l\u00f5m<\/li>\n<li>Da m\u1eb7t ch\u1ea3y x\u1ec7<\/li>\n<li>S\u1ef1 gia t\u0103ng n\u1ebfp nh\u0103n v\u00e0 n\u1ebfp nh\u0103n nh\u1ecf<\/li>\n<\/ul>\n<h3>Nh\u1eefng \u0111i\u1ec1u c\u1ea7n l\u01b0u \u00fd khi s\u1eed d\u1ee5ng Hyaluronic Acid Xiannv<\/h3>\n<ol>\n<li>C\u00e1c lo\u1ea1i thu\u1ed1c ch\u1ed1ng \u0111\u00f4ng m\u00e1u, aspirin v\u00e0 c\u00e1c lo\u1ea1i thu\u1ed1c t\u01b0\u01a1ng t\u1ef1 c\u00f3 th\u1ec3 g\u00e2y ra nhi\u1ec1u v\u1ebft b\u1ea7m t\u00edm ho\u1eb7c \u1ee9 m\u00e1u t\u1ea1i v\u1ecb tr\u00ed ti\u00eam; do \u0111\u00f3, n\u00ean ng\u1eebng s\u1eed d\u1ee5ng c\u00e1c lo\u1ea1i thu\u1ed1c n\u00e0y trong m\u1ed9t tu\u1ea7n tr\u01b0\u1edbc khi ti\u00eam<\/li>\n<li>Ph\u1ee5 n\u1eef mang thai, ph\u1ee5 n\u1eef \u0111ang cho con b\u00fa v\u00e0 nh\u1eefng ng\u01b0\u1eddi d\u1ecb \u1ee9ng v\u1edbi lidocaine (thu\u1ed1c g\u00e2y t\u00ea) vui l\u00f2ng th\u00f4ng b\u00e1o tr\u01b0\u1edbc cho b\u00e1c s\u0129<\/li>\n<li>N\u1ebfu qu\u00fd v\u1ecb c\u00f3 ti\u1ec1n s\u1eed d\u1ecb \u1ee9ng nghi\u00eam tr\u1ecdng v\u1edbi nhi\u1ec1u lo\u1ea1i ch\u1ea5t kh\u00e1c nhau ho\u1eb7c d\u1ecb \u1ee9ng v\u1edbi b\u1ea5t k\u1ef3 th\u00e0nh ph\u1ea7n n\u00e0o trong axit hyaluronic, xin vui l\u00f2ng tr\u00e1nh ti\u00eam<\/li>\n<li>Ch\u01b0\u1eddm \u0111\u00e1 sau li\u1ec7u tr\u00ecnh c\u00f3 th\u1ec3 gi\u00fap gi\u1ea3m s\u01b0ng t\u1ea5y v\u00e0 gi\u1ea3m nguy c\u01a1 xu\u1ea5t hi\u1ec7n v\u1ebft b\u1ea7m t\u00edm<\/li>\n<li>Trong v\u00f2ng m\u1ed9t tu\u1ea7n sau khi ti\u00eam axit hyaluronic, n\u00ean tr\u00e1nh t\u1eadp th\u1ec3 d\u1ee5c c\u01b0\u1eddng \u0111\u1ed9 cao ho\u1eb7c \u0111\u1ebfn c\u00e1c m\u00f4i tr\u01b0\u1eddng c\u00f3 nhi\u1ec7t \u0111\u1ed9 cao nh\u01b0 ph\u00f2ng x\u00f4ng h\u01a1i, su\u1ed1i n\u01b0\u1edbc n\u00f3ng, v.v.<\/li>\n<li>Sau li\u1ec7u tr\u00ecnh, n\u00ean t\u0103ng c\u01b0\u1eddng c\u00e1c b\u01b0\u1edbc ch\u0103m s\u00f3c da t\u1ea1i nh\u00e0 nh\u01b0 d\u01b0\u1ee1ng \u1ea9m v\u00e0 l\u00e0m d\u1ecbu da<\/li>\n<\/ol>","protected":false},"excerpt":{"rendered":"<p>Neuramis - Hyaluronic Acid \"N\u00e0ng Ti\u00ean\", mang l\u1ea1i s\u1ef1 c\u00e2n b\u1eb1ng to\u00e0n di\u1ec7n trong vi\u1ec7c kh\u1eafc ph\u1ee5c r\u00e3nh l\u1ec7, v\u00f9ng l\u00f5m v\u00e0 t\u00ecnh tr\u1ea1ng ch\u1ea3y x\u1ec7 \u0111\u01b0\u1eddng n\u00e9t khu\u00f4n m\u1eb7t. V\u1edbi \u0111\u1ed9 k\u1ebft d\u00ednh v\u00e0 kh\u1ea3 n\u0103ng t\u01b0\u01a1ng th\u00edch m\u00f4 tuy\u1ec7t v\u1eddi, s\u1ea3n ph\u1ea9m gi\u00fap l\u00e0m m\u1edd n\u1ebfp nh\u0103n m\u1ed9t c\u00e1ch ch\u00ednh x\u00e1c, t\u00e1i t\u1ea1o l\u00e0n da c\u0103ng m\u1ecdng t\u1ef1 nhi\u00ean. C\u00f4ng th\u1ee9c gi\u1ea3m \u0111au gi\u00fap qu\u00e1 tr\u00ecnh \u0111i\u1ec1u tr\u1ecb tho\u1ea3i m\u00e1i h\u01a1n, c\u00f9ng cam k\u1ebft hi\u1ec7u qu\u1ea3 l\u00e2u d\u00e0i v\u1edbi t\u1ef7 l\u1ec7 ph\u1ea3n h\u1ed3i l\u00ean \u0111\u1ebfn 84% sau hai n\u0103m, gi\u00fap b\u1ea1n d\u1ec5 d\u00e0ng l\u1ea5y l\u1ea1i v\u1ebb \u0111\u1eb9p thanh tao, huy\u1ec1n \u1ea3o. H\u00e3y li\u00ean h\u1ec7 ngay \u0111\u1ec3 \u0111\u1eb7t l\u1ecbch t\u01b0 v\u1ea5n.<\/p>","protected":false},"featured_media":10744,"comment_status":"open","ping_status":"closed","template":"","meta":{"_acf_changed":false},"product_brand":[],"product_cat":[15,156,162],"product_tag":[],"class_list":{"0":"post-10742","1":"product","2":"type-product","3":"status-publish","4":"has-post-thumbnail","6":"product_cat-service","7":"product_cat-non-surgical-aesthetics","8":"product_cat-hyaluronic-acid-fillers","10":"first","11":"instock","12":"shipping-taxable","13":"product-type-simple"},"acf":[],"_links":{"self":[{"href":"https:\/\/arisinclinic.com\/vi\/wp-json\/wp\/v2\/product\/10742","targetHints":{"allow":["GET"]}}],"collection":[{"href":"https:\/\/arisinclinic.com\/vi\/wp-json\/wp\/v2\/product"}],"about":[{"href":"https:\/\/arisinclinic.com\/vi\/wp-json\/wp\/v2\/types\/product"}],"replies":[{"embeddable":true,"href":"https:\/\/arisinclinic.com\/vi\/wp-json\/wp\/v2\/comments?post=10742"}],"wp:featuredmedia":[{"embeddable":true,"href":"https:\/\/arisinclinic.com\/vi\/wp-json\/wp\/v2\/media\/10744"}],"wp:attachment":[{"href":"https:\/\/arisinclinic.com\/vi\/wp-json\/wp\/v2\/media?parent=10742"}],"wp:term":[{"taxonomy":"product_brand","embeddable":true,"href":"https:\/\/arisinclinic.com\/vi\/wp-json\/wp\/v2\/product_brand?post=10742"},{"taxonomy":"product_cat","embeddable":true,"href":"https:\/\/arisinclinic.com\/vi\/wp-json\/wp\/v2\/product_cat?post=10742"},{"taxonomy":"product_tag","embeddable":true,"href":"https:\/\/arisinclinic.com\/vi\/wp-json\/wp\/v2\/product_tag?post=10742"}],"curies":[{"name":"wp","href":"https:\/\/api.w.org\/{rel}","templated":true}]}}