{"id":10767,"date":"2026-03-19T16:45:12","date_gmt":"2026-03-19T08:45:12","guid":{"rendered":"https:\/\/4t542t4sohxh.wpsite.pro\/?post_type=product&#038;p=10767"},"modified":"2026-04-14T22:04:55","modified_gmt":"2026-04-14T14:04:55","slug":"belotero","status":"publish","type":"product","link":"https:\/\/arisinclinic.com\/vi\/service\/belotero\/","title":{"rendered":"Belotero \u2013 Hyaluronic acid sinh h\u1ecdc"},"content":{"rendered":"<p>\u0110\u01b0\u1ee3c s\u1ea3n xu\u1ea5t b\u1edfi Merz Aesthetics, th\u01b0\u01a1ng hi\u1ec7u th\u1ea9m m\u1ef9 y t\u1ebf h\u00e0ng \u0111\u1ea7u Th\u1ee5y S\u0129. Belotero, ch\u1ea5t l\u00e0m \u0111\u1ea7y hyaluronic acid sinh h\u1ecdc, ra m\u1eaft t\u1eeb n\u0103m 2005, \u0111\u00e3 \u0111\u1ea1t \u0111\u01b0\u1ee3c ba ch\u1ee9ng nh\u1eadn uy t\u00edn t\u1eeb Li\u00ean minh Ch\u00e2u \u00c2u (CE), C\u1ee5c Qu\u1ea3n l\u00fd Th\u1ef1c ph\u1ea9m v\u00e0 D\u01b0\u1ee3c ph\u1ea9m Hoa K\u1ef3 (FDA) v\u00e0 C\u1ee5c Qu\u1ea3n l\u00fd D\u01b0\u1ee3c ph\u1ea9m \u0110\u00e0i Loan (TFDA). Nh\u1edd c\u00f4ng ngh\u1ec7 t\u00edch h\u1ee3p da v\u01b0\u1ee3t tr\u1ed9i, s\u1ea3n ph\u1ea9m c\u00f3 th\u1ec3 k\u1ebft h\u1ee3p ho\u00e0n h\u1ea3o v\u1edbi m\u00f4 c\u01a1 th\u1ec3, mang l\u1ea1i c\u1ea3m gi\u00e1c t\u1ef1 nhi\u00ean g\u1ea7n nh\u01b0 kh\u00f4ng c\u00f3 c\u1ea3m gi\u00e1c d\u1ecb v\u1eadt, l\u00e0 l\u1ef1a ch\u1ecdn h\u00e0ng \u0111\u1ea7u trong s\u1ed1 c\u00e1c ch\u1ea5t l\u00e0m \u0111\u1ea7y hyaluronic acid sinh h\u1ecdc cao c\u1ea5p \u0111\u01b0\u1ee3c ph\u00ea duy\u1ec7t l\u01b0u h\u00e0nh t\u1ea1i h\u01a1n 95 qu\u1ed1c gia tr\u00ean to\u00e0n th\u1ebf gi\u1edbi.<\/p>\n<p><img fetchpriority=\"high\" decoding=\"async\" class=\"alignnone wp-image-10772 size-full\" src=\"https:\/\/arisinclinic.com\/wp-content\/uploads\/2026\/03\/Belotero-\u4fdd\u67d4\u7df9\u4eff\u751f\u73bb\u5c3f\u9178\u4ecb\u7d391.jpg\" alt=\"Gi\u1edbi thi\u1ec7u v\u1ec1 Belotero \u2013 Hyaluronic acid sinh h\u1ecdc 1\" width=\"800\" height=\"392\" title=\"\" srcset=\"https:\/\/arisinclinic.com\/wp-content\/uploads\/2026\/03\/Belotero-\u4fdd\u67d4\u7df9\u4eff\u751f\u73bb\u5c3f\u9178\u4ecb\u7d391.jpg 800w, https:\/\/arisinclinic.com\/wp-content\/uploads\/2026\/03\/Belotero-\u4fdd\u67d4\u7df9\u4eff\u751f\u73bb\u5c3f\u9178\u4ecb\u7d391-300x147.jpg 300w, https:\/\/arisinclinic.com\/wp-content\/uploads\/2026\/03\/Belotero-\u4fdd\u67d4\u7df9\u4eff\u751f\u73bb\u5c3f\u9178\u4ecb\u7d391-768x376.jpg 768w, https:\/\/arisinclinic.com\/wp-content\/uploads\/2026\/03\/Belotero-\u4fdd\u67d4\u7df9\u4eff\u751f\u73bb\u5c3f\u9178\u4ecb\u7d391-600x294.jpg 600w\" sizes=\"(max-width: 800px) 100vw, 800px\" \/><\/p>\n<h3>\u201cAxit hyaluronic sinh h\u1ecdc\u201d l\u00e0 g\u00ec?<\/h3>\n<p>BELOTERO\u00ae l\u1ea5y tri\u1ebft l\u00fd \u201cb\u1eaft ch\u01b0\u1edbc t\u1ef1 nhi\u00ean\u201d l\u00e0m c\u1ed1t l\u00f5i, nh\u1eb1m m\u00f4 ph\u1ecfng c\u1ea5u tr\u00fac da t\u1ef1 nhi\u00ean c\u1ee7a c\u01a1 th\u1ec3, h\u01b0\u1edbng \u0111\u1ebfn s\u1ef1 h\u00e0i h\u00f2a ho\u00e0n h\u1ea3o v\u1edbi c\u00e1c m\u00f4 xung quanh, mang l\u1ea1i \u0111\u1ed9 h\u00f2a nh\u1eadp tuy\u1ec7t v\u1eddi, t\u1ea1o n\u00ean hi\u1ec7u \u1ee9ng th\u1ecb gi\u00e1c ch\u00e2n th\u1ef1c v\u00e0 th\u00e2n thi\u1ec7n v\u1edbi l\u00e0n da nh\u1ea5t.<\/p>\n<ul>\n<li>C\u1ea5u tr\u00fac: R\u1ea5t gi\u1ed1ng v\u1edbi m\u00f4 da t\u1ef1 nhi\u00ean, c\u00f3 th\u1ec3 h\u00f2a nh\u1eadp ho\u00e0n h\u1ea3o v\u1edbi l\u00e0n da<\/li>\n<li>Ch\u1ee9c n\u0103ng: M\u00f4 ph\u1ecfng m\u1ed9t c\u00e1ch tinh t\u1ebf c\u00e1c ch\u1ee9c n\u0103ng t\u1ef1 nhi\u00ean c\u1ee7a da trong vi\u1ec7c d\u01b0\u1ee1ng \u1ea9m, gi\u1eef \u1ea9m, truy\u1ec1n t\u00edn hi\u1ec7u t\u1ebf b\u00e0o v\u00e0 t\u00e1i c\u1ea5u tr\u00fac m\u00f4<\/li>\n<li>\u0110\u1ed9ng t\u00e1c: Di chuy\u1ec3n t\u1ef1 nhi\u00ean theo bi\u1ec3u c\u1ea3m, mang l\u1ea1i v\u1ebb \u0111\u1eb9p uy\u1ec3n chuy\u1ec3n trong m\u1ecdi \u0111\u1ed9ng t\u00e1c<\/li>\n<\/ul>\n<p><img decoding=\"async\" class=\"alignnone wp-image-10773 size-full\" src=\"https:\/\/arisinclinic.com\/wp-content\/uploads\/2026\/03\/Belotero-\u4fdd\u67d4\u7df9\u4eff\u751f\u73bb\u5c3f\u9178\u4ecb\u7d392.jpg\" alt=\"Gi\u1edbi thi\u1ec7u v\u1ec1 Belotero \u2013 Hyaluronic acid sinh h\u1ecdc 2\" width=\"800\" height=\"285\" title=\"\" srcset=\"https:\/\/arisinclinic.com\/wp-content\/uploads\/2026\/03\/Belotero-\u4fdd\u67d4\u7df9\u4eff\u751f\u73bb\u5c3f\u9178\u4ecb\u7d392.jpg 800w, https:\/\/arisinclinic.com\/wp-content\/uploads\/2026\/03\/Belotero-\u4fdd\u67d4\u7df9\u4eff\u751f\u73bb\u5c3f\u9178\u4ecb\u7d392-300x107.jpg 300w, https:\/\/arisinclinic.com\/wp-content\/uploads\/2026\/03\/Belotero-\u4fdd\u67d4\u7df9\u4eff\u751f\u73bb\u5c3f\u9178\u4ecb\u7d392-768x274.jpg 768w, https:\/\/arisinclinic.com\/wp-content\/uploads\/2026\/03\/Belotero-\u4fdd\u67d4\u7df9\u4eff\u751f\u73bb\u5c3f\u9178\u4ecb\u7d392-600x214.jpg 600w\" sizes=\"(max-width: 800px) 100vw, 800px\" \/><\/p>\n<h3>C\u00f4ng ngh\u1ec7 ma tr\u1eadn sinh h\u1ecdc m\u00f4 ph\u1ecfng da BBMT (Belotero Biomimetic Matrix Technology)<\/h3>\n<p>BELOTERO\u00ae \u1ee9ng d\u1ee5ng c\u00f4ng ngh\u1ec7 sinh h\u1ecdc th\u00e2n thi\u1ec7n v\u1edbi da BBMT \u0111\u1ed9c quy\u1ec1n, t\u1ea1o n\u00ean c\u1ea5u tr\u00fac 3D sinh h\u1ecdc \u0111\u1ed9c \u0111\u00e1o, mang l\u1ea1i c\u1ea3m gi\u00e1c l\u1edbp l\u1edbp v\u1edbi m\u1eadt \u0111\u1ed9 cao v\u00e0 th\u1ea5p cho gel. C\u00f4ng ngh\u1ec7 n\u00e0y gi\u00fap axit hyaluronic b\u00e1m s\u00e1t da nh\u01b0 m\u00f4 t\u1ef1 nhi\u00ean, gi\u1eef \u0111\u01b0\u1ee3c v\u1ebb t\u1ef1 nhi\u00ean, kh\u00f4ng c\u1ee9ng \u0111\u01a1 ngay c\u1ea3 khi bi\u1ec3u c\u1ea3m khu\u00f4n m\u1eb7t thay \u0111\u1ed5i, \u0111\u1ed3ng th\u1eddi b\u1ea3o t\u1ed3n ho\u00e0n h\u1ea3o n\u00e9t \u0111\u1eb7c tr\u01b0ng ri\u00eang c\u1ee7a t\u1eebng ng\u01b0\u1eddi.<\/p>\n<p>Bao Rou Ti \u0111\u1eb7c bi\u1ec7t ch\u00fa tr\u1ecdng \u0111\u1ebfn quy tr\u00ecnh s\u1ea3n xu\u1ea5t nghi\u00eam ng\u1eb7t v\u00e0 c\u00f4ng th\u1ee9c an to\u00e0n, s\u1eed d\u1ee5ng axit hyaluronic c\u00f3 \u0111\u1ed9 tinh khi\u1ebft cao v\u1edbi h\u00e0m l\u01b0\u1ee3ng t\u1ea1p ch\u1ea5t c\u1ef1c th\u1ea5p. Ch\u1ea5t gel \u0111\u1ed3ng nh\u1ea5t c\u00f3 k\u1ebft c\u1ea5u m\u1ec1m m\u1ecbn, kh\u00f4ng g\u00e2y c\u1ea3m gi\u00e1c l\u1ee3n c\u1ee3n, gi\u00fap gi\u1ea3m \u0111\u00e1ng k\u1ec3 c\u1ea3m gi\u00e1c c\u00f3 d\u1ecb v\u1eadt v\u00e0 nguy c\u01a1 s\u01b0ng t\u1ea5y, \u0111\u1ed3ng th\u1eddi l\u00e0m gi\u1ea3m t\u1ef7 l\u1ec7 x\u1ea3y ra ph\u1ea3n \u1ee9ng vi\u00eam mu\u1ed9n (DIRs).<\/p>\n<p><img decoding=\"async\" class=\"alignnone wp-image-10774 size-full\" src=\"https:\/\/arisinclinic.com\/wp-content\/uploads\/2026\/03\/Belotero-\u4fdd\u67d4\u7df9\u4eff\u751f\u73bb\u5c3f\u9178\u4ecb\u7d393.jpg\" alt=\"Gi\u1edbi thi\u1ec7u v\u1ec1 Belotero \u2013 Hyaluronic acid sinh h\u1ecdc 3\" width=\"800\" height=\"232\" title=\"\" srcset=\"https:\/\/arisinclinic.com\/wp-content\/uploads\/2026\/03\/Belotero-\u4fdd\u67d4\u7df9\u4eff\u751f\u73bb\u5c3f\u9178\u4ecb\u7d393.jpg 800w, https:\/\/arisinclinic.com\/wp-content\/uploads\/2026\/03\/Belotero-\u4fdd\u67d4\u7df9\u4eff\u751f\u73bb\u5c3f\u9178\u4ecb\u7d393-300x87.jpg 300w, https:\/\/arisinclinic.com\/wp-content\/uploads\/2026\/03\/Belotero-\u4fdd\u67d4\u7df9\u4eff\u751f\u73bb\u5c3f\u9178\u4ecb\u7d393-768x223.jpg 768w, https:\/\/arisinclinic.com\/wp-content\/uploads\/2026\/03\/Belotero-\u4fdd\u67d4\u7df9\u4eff\u751f\u73bb\u5c3f\u9178\u4ecb\u7d393-600x174.jpg 600w\" sizes=\"(max-width: 800px) 100vw, 800px\" \/><\/p>\n<h3>T\u00f4n vinh v\u1ebb \u0111\u1eb9p t\u1ef1 nhi\u00ean<\/h3>\n<p>BELOTERO\u00ae cam k\u1ebft mang \u0111\u1ebfn hi\u1ec7u qu\u1ea3 l\u00e0m \u0111\u1eb9p t\u1ef1 nhi\u00ean v\u00e0 ch\u00e2n th\u1ef1c nh\u1ea5t. Kh\u00e1i ni\u1ec7m \u201ct\u1ef1 nhi\u00ean\u201d \u0111\u01b0\u1ee3c x\u00e2y d\u1ef1ng d\u1ef1a tr\u00ean b\u1ed1n y\u1ebfu t\u1ed1 ch\u00ednh sau:<\/p>\n<ul>\n<li>Th\u1ecb gi\u00e1c: C\u00e1c \u0111\u01b0\u1eddng n\u00e9t tr\u00ean khu\u00f4n m\u1eb7t h\u00e0i h\u00f2a, t\u1ed5ng th\u1ec3 tr\u00f4ng thanh t\u00fa v\u00e0 r\u1ea1ng r\u1ee1 h\u01a1n<\/li>\n<li>C\u1ea3m gi\u00e1c khi ch\u1ea1m v\u00e0o: Ch\u1ea5t li\u1ec7u m\u1ec1m m\u1ea1i, \u00f4m s\u00e1t da, kh\u00f4ng g\u00e2y c\u1ea3m gi\u00e1c c\u1ed9m khi ch\u1ea1m v\u00e0o<\/li>\n<li>C\u1ea3m nh\u1eadn: V\u1eabn l\u00e0 ch\u00ednh m\u00ecnh, nh\u01b0ng tr\u1edf n\u00ean t\u1ef1 tin h\u01a1n<\/li>\n<li>Express (Bi\u1ec3u c\u1ea3m): C\u00e1c bi\u1ec3u c\u1ea3m \u0111\u1ed9ng m\u01b0\u1ee3t m\u00e0, t\u1eeb ti\u1ebfng c\u01b0\u1eddi s\u1ea3ng kho\u00e1i \u0111\u1ebfn c\u1eed ch\u1ec9 n\u00f3i chuy\u1ec7n \u0111\u1ec1u t\u1ef1 nhi\u00ean v\u00e0 sinh \u0111\u1ed9ng<\/li>\n<\/ul>\n<p>&nbsp;<\/p>\n<p><img loading=\"lazy\" decoding=\"async\" class=\"alignnone wp-image-10775 size-full\" src=\"https:\/\/arisinclinic.com\/wp-content\/uploads\/2026\/03\/Belotero-\u4fdd\u67d4\u7df9\u4eff\u751f\u73bb\u5c3f\u9178\u4ecb\u7d394.jpg\" alt=\"Gi\u1edbi thi\u1ec7u v\u1ec1 Belotero \u2013 Hyaluronic acid sinh h\u1ecdc 4\" width=\"800\" height=\"536\" title=\"\" srcset=\"https:\/\/arisinclinic.com\/wp-content\/uploads\/2026\/03\/Belotero-\u4fdd\u67d4\u7df9\u4eff\u751f\u73bb\u5c3f\u9178\u4ecb\u7d394.jpg 800w, https:\/\/arisinclinic.com\/wp-content\/uploads\/2026\/03\/Belotero-\u4fdd\u67d4\u7df9\u4eff\u751f\u73bb\u5c3f\u9178\u4ecb\u7d394-300x201.jpg 300w, https:\/\/arisinclinic.com\/wp-content\/uploads\/2026\/03\/Belotero-\u4fdd\u67d4\u7df9\u4eff\u751f\u73bb\u5c3f\u9178\u4ecb\u7d394-768x515.jpg 768w, https:\/\/arisinclinic.com\/wp-content\/uploads\/2026\/03\/Belotero-\u4fdd\u67d4\u7df9\u4eff\u751f\u73bb\u5c3f\u9178\u4ecb\u7d394-600x402.jpg 600w\" sizes=\"(max-width: 800px) 100vw, 800px\" \/><\/p>\n<h3>T\u1ef1 nhi\u00ean \u2027 Nh\u01b0 th\u1ec3 \u0111\u01b0\u1ee3c t\u1ea1o h\u00f3a ban t\u1eb7ng<\/h3>\n<p>Vi\u1ec7c \u0111\u00f3n nh\u1eadn v\u00e0 tr\u00e2n tr\u1ecdng b\u1ea3n ng\u00e3 t\u1ef1 nhi\u00ean ch\u00ednh l\u00e0 tri\u1ebft l\u00fd th\u1ea9m m\u1ef9 c\u1ed1t l\u00f5i c\u1ee7a BELOTERO\u00ae, v\u00e0 \u0111i\u1ec1u n\u00e0y ho\u00e0n to\u00e0n tr\u00f9ng kh\u1edbp v\u1edbi quan \u0111i\u1ec3m th\u1ea9m m\u1ef9 m\u00e0 \u0111\u1ea1i s\u1ee9 th\u01b0\u01a1ng hi\u1ec7u Song Hye-kyo lu\u00f4n theo \u0111u\u1ed5i.<\/p>\n<p><img loading=\"lazy\" decoding=\"async\" class=\"alignnone wp-image-10776 size-full\" src=\"https:\/\/arisinclinic.com\/wp-content\/uploads\/2026\/03\/Belotero-\u4fdd\u67d4\u7df9\u4eff\u751f\u73bb\u5c3f\u9178\u4ecb\u7d396.jpg\" alt=\"Gi\u1edbi thi\u1ec7u v\u1ec1 Belotero \u2013 Hyaluronic acid sinh h\u1ecdc Belotero 6\" width=\"800\" height=\"398\" title=\"\" srcset=\"https:\/\/arisinclinic.com\/wp-content\/uploads\/2026\/03\/Belotero-\u4fdd\u67d4\u7df9\u4eff\u751f\u73bb\u5c3f\u9178\u4ecb\u7d396.jpg 800w, https:\/\/arisinclinic.com\/wp-content\/uploads\/2026\/03\/Belotero-\u4fdd\u67d4\u7df9\u4eff\u751f\u73bb\u5c3f\u9178\u4ecb\u7d396-300x149.jpg 300w, https:\/\/arisinclinic.com\/wp-content\/uploads\/2026\/03\/Belotero-\u4fdd\u67d4\u7df9\u4eff\u751f\u73bb\u5c3f\u9178\u4ecb\u7d396-768x382.jpg 768w, https:\/\/arisinclinic.com\/wp-content\/uploads\/2026\/03\/Belotero-\u4fdd\u67d4\u7df9\u4eff\u751f\u73bb\u5c3f\u9178\u4ecb\u7d396-600x299.jpg 600w\" sizes=\"(max-width: 800px) 100vw, 800px\" \/><\/p>\n<h3>Ch\u0103m s\u00f3c da theo t\u1eebng l\u1edbp, \u0111\u00e1p \u1ee9ng \u0111a d\u1ea1ng nhu c\u1ea7u c\u1ee7a l\u00e0n da<\/h3>\n<p>M\u1ed7i l\u1edbp da \u0111\u1ec1u c\u1ea7n \u0111\u01b0\u1ee3c ch\u0103m s\u00f3c m\u1ed9t c\u00e1ch nh\u1eb9 nh\u00e0ng v\u00e0 th\u00e2n thi\u1ec7n nh\u1ea5t. D\u00f2ng s\u1ea3n ph\u1ea9m BELOTERO\u00ae v\u1edbi c\u00e1c \u0111\u1eb7c t\u00ednh l\u01b0u bi\u1ebfn v\u00e0 k\u1ebft c\u1ea5u \u0111a d\u1ea1ng, t\u1eeb vi\u1ec7c n\u00e2ng \u0111\u1ee1 s\u00e2u \u0111\u1ebfn c\u1ea5p \u1ea9m b\u1ec1 m\u1eb7t, \u0111\u1ec1u \u0111\u00e1p \u1ee9ng ch\u00ednh x\u00e1c m\u1ecdi nhu c\u1ea7u, mang \u0111\u1ebfn v\u1ebb \u0111\u1eb9p t\u1ef1 nhi\u00ean \u0111\u01b0\u1ee3c thi\u1ebft k\u1ebf ri\u00eang cho b\u1ea1n.<\/p>\n<ul>\n<li>REVIVE Su Yan Needle: C\u1ea3i thi\u1ec7n k\u1ebft c\u1ea5u da, d\u01b0\u1ee1ng \u1ea9m v\u00e0 mang l\u1ea1i l\u00e0n da r\u1ea1ng r\u1ee1. Ch\u1ee9a th\u00e0nh ph\u1ea7n glycerin t\u1ef1 nhi\u00ean, gi\u00fap kh\u00f3a \u1ea9m s\u00e2u v\u00e0 c\u1ee7ng c\u1ed1 h\u00e0ng r\u00e0o b\u1ea3o v\u1ec7 da, \u0111\u1ed3ng th\u1eddi c\u1ea3i thi\u1ec7n t\u00ecnh tr\u1ea1ng da \u1eedng \u0111\u1ecf v\u00e0 s\u1ea7n s\u00f9i.<\/li>\n<li>SOFT: L\u00e0m m\u1edd n\u1ebfp nh\u0103n, l\u00e0m m\u1ecbn da. D\u00f9ng cho ph\u01b0\u01a1ng ph\u00e1p ti\u00eam si\u00eau n\u00f4ng, gi\u00fap l\u00e0m m\u1edd t\u1ef1 nhi\u00ean c\u00e1c n\u1ebfp nh\u0103n quanh v\u00f9ng m\u1eaft v\u00e0 m\u00f4i<\/li>\n<li>BALANCE: L\u00e0m \u0111\u1ea7y t\u1ee9c th\u00ec, t\u1ea1o d\u00e1ng m\u1ec1m m\u1ea1i; c\u1ea3i thi\u1ec7n v\u00f9ng h\u00f5m d\u01b0\u1edbi m\u1eaft, kh\u00f4i ph\u1ee5c v\u1ebb r\u1ea1ng r\u1ee1; l\u00e0m m\u1edd n\u1ebfp nh\u0103n kh\u00f3e mi\u1ec7ng, gi\u00fap \u0111\u01b0\u1eddng n\u00e9t khu\u00f4n m\u1eb7t tr\u1edf n\u00ean c\u00e2n \u0111\u1ed1i h\u01a1n<\/li>\n<li>VOLUME: L\u00e0m \u0111\u1ea7y di\u1ec7n t\u00edch r\u1ed9ng, mang l\u1ea1i v\u1ebb c\u0103ng m\u1ecdng v\u00e0 \u0111\u1ea7y \u0111\u1eb7n. Gi\u00fap l\u00e0m \u0111\u1ea7y c\u00e1c v\u00f9ng l\u00f5m r\u1ed9ng, kh\u00f4i ph\u1ee5c l\u1ea1i v\u1ebb \u0111\u1ea7y \u0111\u1eb7n cho khu\u00f4n m\u1eb7t<\/li>\n<li>INTENSE: N\u00e2ng \u0111\u1ee1 v\u00f9ng gi\u1eefa khu\u00f4n m\u1eb7t, t\u1ea1o \u0111\u01b0\u1eddng n\u00e9t thon g\u1ecdn. T\u0103ng c\u01b0\u1eddng \u0111\u1ed9 s\u0103n ch\u1eafc cho v\u00f9ng m\u00e1, l\u00e0m n\u1ed5i b\u1eadt \u0111\u1ed9 s\u00e2u c\u1ee7a v\u00f9ng gi\u1eefa khu\u00f4n m\u1eb7t, gi\u00fap c\u00e1c \u0111\u01b0\u1eddng n\u00e9t tr\u00ean khu\u00f4n m\u1eb7t tr\u1edf n\u00ean r\u1ea1ng r\u1ee1 h\u01a1n<\/li>\n<\/ul>\n<p><img loading=\"lazy\" decoding=\"async\" class=\"alignnone wp-image-10777 size-full\" src=\"https:\/\/arisinclinic.com\/wp-content\/uploads\/2026\/03\/Belotero-\u4fdd\u67d4\u7df9\u4eff\u751f\u73bb\u5c3f\u9178\u4ecb\u7d397.jpg\" alt=\"Gi\u1edbi thi\u1ec7u v\u1ec1 Belotero \u2013 Hyaluronic acid sinh h\u1ecdc 7\" width=\"800\" height=\"391\" title=\"\" srcset=\"https:\/\/arisinclinic.com\/wp-content\/uploads\/2026\/03\/Belotero-\u4fdd\u67d4\u7df9\u4eff\u751f\u73bb\u5c3f\u9178\u4ecb\u7d397.jpg 800w, https:\/\/arisinclinic.com\/wp-content\/uploads\/2026\/03\/Belotero-\u4fdd\u67d4\u7df9\u4eff\u751f\u73bb\u5c3f\u9178\u4ecb\u7d397-300x147.jpg 300w, https:\/\/arisinclinic.com\/wp-content\/uploads\/2026\/03\/Belotero-\u4fdd\u67d4\u7df9\u4eff\u751f\u73bb\u5c3f\u9178\u4ecb\u7d397-768x375.jpg 768w, https:\/\/arisinclinic.com\/wp-content\/uploads\/2026\/03\/Belotero-\u4fdd\u67d4\u7df9\u4eff\u751f\u73bb\u5c3f\u9178\u4ecb\u7d397-600x293.jpg 600w\" sizes=\"(max-width: 800px) 100vw, 800px\" \/><\/p>\n<h3>\u0110\u1eb9p m\u00e0 an t\u00e2m, \u0111\u00e1ng tin c\u1eady<\/h3>\n<p>Hi\u1ec7n t\u1ea1i, BELOTERO\u00ae \u2013 ch\u1ea5t l\u00e0m \u0111\u1ea7y hyaluronic acid sinh h\u1ecdc \u2013 \u0111\u00e3 \u0111\u01b0\u1ee3c ph\u00e2n ph\u1ed1i t\u1ea1i 95 qu\u1ed1c gia tr\u00ean to\u00e0n th\u1ebf gi\u1edbi v\u00e0 \u0111\u00e3 \u0111\u01b0\u1ee3c c\u1ea5p ch\u1ee9ng nh\u1eadn CE c\u1ee7a Li\u00ean minh Ch\u00e2u \u00c2u, FDA c\u1ee7a Hoa K\u1ef3 v\u00e0 TFDA c\u1ee7a \u0110\u00e0i Loan, l\u00e0 m\u1ed9t l\u1ef1a ch\u1ecdn c\u1ef1c k\u1ef3 an to\u00e0n v\u00e0 \u0111\u00e1ng tin c\u1eady.<\/p>\n<p><img loading=\"lazy\" decoding=\"async\" class=\"alignnone wp-image-10778 size-full\" src=\"https:\/\/arisinclinic.com\/wp-content\/uploads\/2026\/03\/Belotero-\u4fdd\u67d4\u7df9\u4eff\u751f\u73bb\u5c3f\u9178\u4ecb\u7d398.jpg\" alt=\"Gi\u1edbi thi\u1ec7u v\u1ec1 Belotero \u2013 Hyaluronic acid sinh h\u1ecdc 8\" width=\"800\" height=\"220\" title=\"\" srcset=\"https:\/\/arisinclinic.com\/wp-content\/uploads\/2026\/03\/Belotero-\u4fdd\u67d4\u7df9\u4eff\u751f\u73bb\u5c3f\u9178\u4ecb\u7d398.jpg 800w, https:\/\/arisinclinic.com\/wp-content\/uploads\/2026\/03\/Belotero-\u4fdd\u67d4\u7df9\u4eff\u751f\u73bb\u5c3f\u9178\u4ecb\u7d398-300x83.jpg 300w, https:\/\/arisinclinic.com\/wp-content\/uploads\/2026\/03\/Belotero-\u4fdd\u67d4\u7df9\u4eff\u751f\u73bb\u5c3f\u9178\u4ecb\u7d398-768x211.jpg 768w, https:\/\/arisinclinic.com\/wp-content\/uploads\/2026\/03\/Belotero-\u4fdd\u67d4\u7df9\u4eff\u751f\u73bb\u5c3f\u9178\u4ecb\u7d398-600x165.jpg 600w\" sizes=\"(max-width: 800px) 100vw, 800px\" \/><\/p>\n<h3>C\u00e2u h\u1ecfi th\u01b0\u1eddng g\u1eb7p<\/h3>\n<h4>H\u1ecfi: Th\u00f4ng th\u01b0\u1eddng c\u1ea7n bao nhi\u00eau l\u1ea7n \u0111i\u1ec1u tr\u1ecb?<\/h4>\n<p>Do t\u00ecnh tr\u1ea1ng da c\u1ee7a m\u1ed7i ng\u01b0\u1eddi l\u00e0 kh\u00e1c nhau, n\u00ean tham kh\u1ea3o \u00fd ki\u1ebfn c\u1ee7a b\u00e1c s\u0129 chuy\u00ean khoa \u0111\u1ec3 l\u00ean k\u1ebf ho\u1ea1ch \u0111i\u1ec1u tr\u1ecb. Th\u1eddi gian duy tr\u00ec hi\u1ec7u qu\u1ea3 s\u1ebd kh\u00e1c nhau t\u00f9y thu\u1ed9c v\u00e0o th\u00f3i quen sinh ho\u1ea1t, t\u1ed1c \u0111\u1ed9 trao \u0111\u1ed5i ch\u1ea5t c\u1ee7a t\u1eebng ng\u01b0\u1eddi c\u0169ng nh\u01b0 k\u1ebf ho\u1ea1ch \u0111i\u1ec1u tr\u1ecb do b\u00e1c s\u0129 \u0111\u1ec1 ra.<\/p>\n<h4>H\u1ecfi: Qu\u00e1 tr\u00ecnh \u0111i\u1ec1u tr\u1ecb c\u00f3 \u0111au kh\u00f4ng?<\/h4>\n<p>Ngo\u00e0i kim Su-yeon, h\u1ea7u h\u1ebft c\u00e1c s\u1ea3n ph\u1ea9m c\u1ee7a Bora-Tee \u0111\u1ec1u ch\u1ee9a th\u00e0nh ph\u1ea7n g\u00e2y t\u00ea, n\u00ean qu\u00e1 tr\u00ecnh th\u1ef1c hi\u1ec7n t\u01b0\u01a1ng \u0111\u1ed1i tho\u1ea3i m\u00e1i. \u0110\u1ed1i v\u1edbi nh\u1eefng ng\u01b0\u1eddi nh\u1ea1y c\u1ea3m v\u1edbi c\u01a1n \u0111au, n\u00ean thoa thu\u1ed1c t\u00ea tr\u01b0\u1edbc khi th\u1ef1c hi\u1ec7n t\u1eeb 30 \u0111\u1ebfn 40 ph\u00fat, \u0111\u1ed3ng th\u1eddi k\u1ebft h\u1ee3p ch\u01b0\u1eddm \u0111\u00e1 ho\u1eb7c s\u1eed d\u1ee5ng m\u00e1y rung \u0111\u1ec3 gi\u1ea3m b\u1edbt c\u1ea3m gi\u00e1c kh\u00f3 ch\u1ecbu.<\/p>\n<h4>H\u1ecfi: Th\u1eddi gian ph\u1ee5c h\u1ed3i sau ph\u1eabu thu\u1eadt k\u00e9o d\u00e0i bao l\u00e2u? C\u00f3 th\u1ec3 g\u1eb7p nh\u1eefng t\u00e1c d\u1ee5ng ph\u1ee5 n\u00e0o?<\/h4>\n<p>Sau khi ti\u00eam, b\u1ea1n c\u00f3 th\u1ec3 tr\u1edf l\u1ea1i sinh ho\u1ea1t b\u00ecnh th\u01b0\u1eddng ngay l\u1eadp t\u1ee9c. M\u1ed9t s\u1ed1 ng\u01b0\u1eddi d\u00f9ng c\u00f3 th\u1ec3 g\u1eb7p ph\u1ea3i t\u00ecnh tr\u1ea1ng s\u01b0ng \u0111\u1ecf nh\u1eb9, ng\u1ee9a ho\u1eb7c c\u1ea3m gi\u00e1c m\u1ec1m \u1edf v\u00f9ng ti\u00eam; \u0111\u00e2y l\u00e0 hi\u1ec7n t\u01b0\u1ee3ng b\u00ecnh th\u01b0\u1eddng v\u00e0 th\u01b0\u1eddng s\u1ebd bi\u1ebfn m\u1ea5t trong v\u00f2ng v\u00e0i ng\u00e0y. N\u1ebfu c\u00f3 v\u1ebft b\u1ea7m t\u00edm, t\u00ecnh tr\u1ea1ng n\u00e0y s\u1ebd h\u1ed3i ph\u1ee5c sau kho\u1ea3ng 5\u20137 ng\u00e0y. N\u1ebfu c\u00f3 b\u1ea5t k\u1ef3 tri\u1ec7u ch\u1ee9ng kh\u00f3 ch\u1ecbu n\u00e0o k\u00e9o d\u00e0i qu\u00e1 m\u1ed9t tu\u1ea7n, vui l\u00f2ng li\u00ean h\u1ec7 ngay v\u1edbi b\u00e1c s\u0129.<\/p>\n<h4>C\u00e2u h\u1ecfi: Nh\u1eefng l\u1eddi khuy\u00ean v\u1ec1 ch\u0103m s\u00f3c t\u1ea1i nh\u00e0 sau ph\u1eabu thu\u1eadt l\u00e0 g\u00ec?<\/h4>\n<p>C\u00f3 th\u1ec3 b\u00f4i kem kh\u00e1ng sinh l\u00ean v\u1ecb tr\u00ed ti\u00eam v\u00e0 ch\u01b0\u1eddm \u0111\u00e1 \u0111\u1ec3 gi\u1ea3m s\u01b0ng. Trong v\u00f2ng hai tu\u1ea7n sau ph\u1eabu thu\u1eadt, n\u00ean tr\u00e1nh t\u1eafm h\u01a1i, t\u1eafm su\u1ed1i n\u01b0\u1edbc n\u00f3ng, ti\u1ebfp x\u00fac tr\u1ef1c ti\u1ebfp v\u1edbi \u00e1nh n\u1eafng m\u1eb7t tr\u1eddi v\u00e0 c\u00e1c \u0111\u1ed9ng t\u00e1c massage g\u00e2y \u00e1p l\u1ef1c l\u00ean da m\u1eb7t (nh\u01b0 ch\u0103m s\u00f3c da m\u1eb7t, n\u1eb7n m\u1ee5n). N\u00ean s\u1eed d\u1ee5ng c\u00e1c s\u1ea3n ph\u1ea9m d\u01b0\u1ee1ng \u1ea9m v\u00e0 ch\u1ed1ng n\u1eafng \u00edt g\u00e2y k\u00edch \u1ee9ng.<\/p>\n<h4>C\u00e2u h\u1ecfi: Nh\u1eefng \u0111i\u1ec1u c\u1ea7n l\u01b0u \u00fd v\u00e0 ch\u1ed1ng ch\u1ec9 \u0111\u1ecbnh<\/h4>\n<p>Kh\u00f4ng n\u00ean th\u1ef1c hi\u1ec7n li\u1ec7u tr\u00ecnh n\u00e0y \u0111\u1ed1i v\u1edbi nh\u1eefng ng\u01b0\u1eddi b\u1ecb d\u1ecb \u1ee9ng v\u1edbi axit hyaluronic, lidocaine ho\u1eb7c c\u00e1c ch\u1ea5t g\u00e2y t\u00ea nh\u00f3m amide, ph\u1ee5 n\u1eef mang thai, ph\u1ee5 n\u1eef \u0111ang cho con b\u00fa, ng\u01b0\u1eddi d\u01b0\u1edbi 18 tu\u1ed5i v\u00e0 nh\u1eefng ng\u01b0\u1eddi c\u00f3 d\u1ea5u hi\u1ec7u nhi\u1ec5m tr\u00f9ng.<\/p>","protected":false},"excerpt":{"rendered":"<p>Belotero \u2013 ch\u1ea5t l\u00e0m \u0111\u1ea7y hyaluronic acid sinh h\u1ecdc c\u1ee7a Aesculin \u2013 \u0111\u1ea1t \u0111\u01b0\u1ee3c s\u1ef1 c\u00e2n b\u1eb1ng to\u00e0n di\u1ec7n gi\u1eefa s\u1ef1 h\u00f2a h\u1ee3p t\u1ef1 nhi\u00ean v\u00e0 kh\u1ea3 n\u0103ng n\u00e2ng \u0111\u1ee1 ch\u00ednh x\u00e1c. C\u00f4ng ngh\u1ec7 CPM \u0111\u1ed9c quy\u1ec1n mang l\u1ea1i k\u1ebft c\u1ea5u m\u1ecbn m\u00e0ng nh\u01b0 l\u1ee5a, kh\u00f4ng g\u00e2y c\u1ea3m gi\u00e1c c\u1ed9m, gi\u00fap l\u00e0m m\u1edd ho\u00e0n h\u1ea3o c\u00e1c n\u1ebfp nh\u0103n quanh m\u1eaft, l\u00e0m \u0111\u1ea7y \u0111\u1eb7n \u0111\u00f4i m\u00f4i v\u00e0 t\u1ea1o \u0111\u01b0\u1eddng n\u00e9t khu\u00f4n m\u1eb7t n\u1ed5i b\u1eadt. T\u00f4n vinh v\u1ebb \u0111\u1eb9p \u0111\u1ed9ng t\u1ef1 nhi\u00ean theo t\u1eebng bi\u1ec3u c\u1ea3m, kh\u00f4ng g\u00e2y hi\u1ec7n t\u01b0\u1ee3ng da xanh. H\u00e3y \u0111\u1eb7t l\u1ecbch t\u01b0 v\u1ea5n chuy\u00ean nghi\u1ec7p ngay h\u00f4m nay \u0111\u1ec3 tr\u1ea3i nghi\u1ec7m th\u1ea9m m\u1ef9 tinh t\u1ebf c\u1ee7a \u0110\u1ee9c, h\u00f2a quy\u1ec7n ho\u00e0n h\u1ea3o v\u1edbi l\u00e0n da.<\/p>","protected":false},"featured_media":10768,"comment_status":"open","ping_status":"closed","template":"","meta":{"_acf_changed":false},"product_brand":[],"product_cat":[15,156,162],"product_tag":[],"class_list":{"0":"post-10767","1":"product","2":"type-product","3":"status-publish","4":"has-post-thumbnail","6":"product_cat-service","7":"product_cat-non-surgical-aesthetics","8":"product_cat-hyaluronic-acid-fillers","10":"first","11":"instock","12":"shipping-taxable","13":"product-type-simple"},"acf":[],"_links":{"self":[{"href":"https:\/\/arisinclinic.com\/vi\/wp-json\/wp\/v2\/product\/10767","targetHints":{"allow":["GET"]}}],"collection":[{"href":"https:\/\/arisinclinic.com\/vi\/wp-json\/wp\/v2\/product"}],"about":[{"href":"https:\/\/arisinclinic.com\/vi\/wp-json\/wp\/v2\/types\/product"}],"replies":[{"embeddable":true,"href":"https:\/\/arisinclinic.com\/vi\/wp-json\/wp\/v2\/comments?post=10767"}],"wp:featuredmedia":[{"embeddable":true,"href":"https:\/\/arisinclinic.com\/vi\/wp-json\/wp\/v2\/media\/10768"}],"wp:attachment":[{"href":"https:\/\/arisinclinic.com\/vi\/wp-json\/wp\/v2\/media?parent=10767"}],"wp:term":[{"taxonomy":"product_brand","embeddable":true,"href":"https:\/\/arisinclinic.com\/vi\/wp-json\/wp\/v2\/product_brand?post=10767"},{"taxonomy":"product_cat","embeddable":true,"href":"https:\/\/arisinclinic.com\/vi\/wp-json\/wp\/v2\/product_cat?post=10767"},{"taxonomy":"product_tag","embeddable":true,"href":"https:\/\/arisinclinic.com\/vi\/wp-json\/wp\/v2\/product_tag?post=10767"}],"curies":[{"name":"wp","href":"https:\/\/api.w.org\/{rel}","templated":true}]}}