{"id":10803,"date":"2026-03-19T16:55:59","date_gmt":"2026-03-19T08:55:59","guid":{"rendered":"https:\/\/4t542t4sohxh.wpsite.pro\/?post_type=product&#038;p=10803"},"modified":"2026-04-25T00:58:30","modified_gmt":"2026-04-24T16:58:30","slug":"nabota","status":"publish","type":"product","link":"https:\/\/arisinclinic.com\/vi\/service\/nabota\/","title":{"rendered":"Nabota - Botulinum"},"content":{"rendered":"<h1>Nabota | Botox C\u1ea7u v\u1ed3ng<\/h1>\n<p><img fetchpriority=\"high\" decoding=\"async\" class=\"alignnone wp-image-12009 size-large\" src=\"https:\/\/arisinclinic.com\/wp-content\/uploads\/2026\/03\/Nabota-\u5a1c\u67cf\u5854\u8089\u6bd2-1024x768.png\" alt=\"\" width=\"1024\" height=\"768\" title=\"\" srcset=\"https:\/\/arisinclinic.com\/wp-content\/uploads\/2026\/03\/Nabota-\u5a1c\u67cf\u5854\u8089\u6bd2-1024x768.png 1024w, https:\/\/arisinclinic.com\/wp-content\/uploads\/2026\/03\/Nabota-\u5a1c\u67cf\u5854\u8089\u6bd2-300x225.png 300w, https:\/\/arisinclinic.com\/wp-content\/uploads\/2026\/03\/Nabota-\u5a1c\u67cf\u5854\u8089\u6bd2-768x576.png 768w, https:\/\/arisinclinic.com\/wp-content\/uploads\/2026\/03\/Nabota-\u5a1c\u67cf\u5854\u8089\u6bd2-16x12.png 16w, https:\/\/arisinclinic.com\/wp-content\/uploads\/2026\/03\/Nabota-\u5a1c\u67cf\u5854\u8089\u6bd2-600x450.png 600w, https:\/\/arisinclinic.com\/wp-content\/uploads\/2026\/03\/Nabota-\u5a1c\u67cf\u5854\u8089\u6bd2.png 1448w\" sizes=\"(max-width: 1024px) 100vw, 1024px\" \/><\/p>\n<p>Nabota | Botox Nabota | Botox \"C\u1ea7u v\u1ed3ng\" \u0111\u1ea1t ba ch\u1ee9ng nh\u1eadn t\u1ea1i H\u00e0n Qu\u1ed1c \u00b7 HI-PURE\u2122 \u0111\u1ed9 tinh khi\u1ebft cao \u00b7 X\u00f3a n\u1ebfp nh\u0103n v\u00e0 t\u1ea1o h\u00ecnh t\u1ef1 nhi\u00ean<\/p>\n<hr \/>\n<p>Nabota, \u0111\u01b0\u1ee3c nghi\u00ean c\u1ee9u v\u00e0 s\u1ea3n xu\u1ea5t b\u1edfi c\u00f4ng ty d\u01b0\u1ee3c ph\u1ea9m n\u1ed5i ti\u1ebfng c\u1ee7a H\u00e0n Qu\u1ed1c \u201cDaewoong Pharmaceutical\u201d, l\u00e0 s\u1ea3n ph\u1ea9m botulinum toxin duy nh\u1ea5t c\u1ee7a H\u00e0n Qu\u1ed1c hi\u1ec7n nay \u0111\u00e3 \u0111\u01b0\u1ee3c c\u1ea5p ch\u1ee9ng nh\u1eadn ba b\u00ean t\u1eeb C\u1ee5c Qu\u1ea3n l\u00fd Th\u1ef1c ph\u1ea9m v\u00e0 D\u01b0\u1ee3c ph\u1ea9m Hoa K\u1ef3 (FDA), C\u01a1 quan Qu\u1ea3n l\u00fd D\u01b0\u1ee3c ph\u1ea9m Ch\u00e2u \u00c2u (EMA) v\u00e0 C\u1ee5c Qu\u1ea3n l\u00fd D\u01b0\u1ee3c ph\u1ea9m v\u00e0 Th\u1ef1c ph\u1ea9m \u0110\u00e0i Loan (TFDA), ch\u00ednh th\u1ee9c ra m\u1eaft th\u1ecb tr\u01b0\u1eddng \u0110\u00e0i Loan v\u00e0o n\u0103m 2021. S\u1ea3n ph\u1ea9m \u00e1p d\u1ee5ng c\u00f4ng ngh\u1ec7 tinh ch\u1ebf \u0111\u1ed9c quy\u1ec1n HI-PURE\u2122, gi\u1eef l\u1ea1i h\u01a1n 98% botulinum toxin ph\u00e2n t\u1eed l\u1edbn 900kDa v\u1edbi \u0111\u1ed9 tinh khi\u1ebft cao, \u0111\u1ea3m b\u1ea3o an to\u00e0n v\u00e0 hi\u1ec7u qu\u1ea3 \u1ed5n \u0111\u1ecbnh, v\u1edbi t\u1ef7 l\u1ec7 h\u00e0i l\u00f2ng c\u1ee7a b\u1ec7nh nh\u00e2n sau \u0111i\u1ec1u tr\u1ecb v\u01b0\u1ee3t qu\u00e1 90%. D\u00f9 l\u00e0 l\u00e0m m\u1edd n\u1ebfp nh\u0103n \u0111\u1ed9ng, l\u00e0m thon g\u1ecdn khu\u00f4n m\u1eb7t v\u00e0 vai, hay ch\u1ec9nh s\u1eeda \u0111\u01b0\u1eddng n\u00e9t c\u01a1 b\u1eafp tr\u00ean c\u01a1 th\u1ec3, Nabota \u0111\u1ec1u mang l\u1ea1i tr\u1ea3i nghi\u1ec7m \u0111i\u1ec1u tr\u1ecb t\u1ef1 nhi\u00ean v\u00e0 ch\u00ednh x\u00e1c.<\/p>\n<hr \/>\n<h2>M\u00f4 t\u1ea3 d\u1ecbch v\u1ee5<\/h2>\n<p>Th\u00e0nh ph\u1ea7n ch\u00ednh c\u1ee7a Nabota l\u00e0 \u0111\u1ed9c t\u1ed1 botulinum lo\u1ea1i A (Botulinum Toxin Type A), m\u1ed9t lo\u1ea1i protein t\u1ef1 nhi\u00ean \u0111\u01b0\u1ee3c tinh ch\u1ebf v\u00e0 chi\u1ebft xu\u1ea5t b\u1eb1ng c\u00f4ng ngh\u1ec7 hi\u1ec7n \u0111\u1ea1i. Sau khi ti\u00eam, \u0111\u1ed9c t\u1ed1 botulinum k\u1ebft h\u1ee3p v\u1edbi c\u00e1c th\u1ee5 th\u1ec3 tr\u00ean \u0111\u1ea7u d\u00e2y th\u1ea7n kinh v\u1eadn \u0111\u1ed9ng, x\u00e2m nh\u1eadp v\u00e0o b\u00ean trong \u0111\u1ea7u d\u00e2y th\u1ea7n kinh, ng\u0103n ch\u1eb7n s\u1ef1 gi\u1ea3i ph\u00f3ng acetylcholine, l\u00e0m cho c\u01a1 \u1edf v\u00f9ng \u0111\u00f3 t\u1ea1m th\u1eddi th\u01b0 gi\u00e3n, t\u1eeb \u0111\u00f3 \u0111\u1ea1t \u0111\u01b0\u1ee3c:<\/p>\n<ul>\n<li>Lo\u1ea1i b\u1ecf t\u00ecnh tr\u1ea1ng do ho\u1ea1t \u0111\u1ed9ng c\u01a1 b\u1eafp qu\u00e1 m\u1ee9c g\u00e2y ra<strong>N\u1ebfp nh\u0103n do chuy\u1ec3n \u0111\u1ed9ng<\/strong><\/li>\n<li>Gi\u1ea3m b\u1edbt s\u1ef1 ph\u00e1t tri\u1ec3n qu\u00e1 m\u1ee9c<strong>Kh\u1ed1i l\u01b0\u1ee3ng c\u01a1 b\u1eafp<\/strong>(nh\u01b0 c\u01a1 nhai, c\u01a1 b\u1eafp ch\u00e2n, c\u01a1 thang)<\/li>\n<li>Gi\u1ea3m b\u1edbt t\u00ecnh tr\u1ea1ng c\u0103ng c\u01a1 do<strong>V\u1ea5n \u0111\u1ec1 v\u1ec1 \u0111\u01b0\u1eddng n\u00e9t<\/strong>(ch\u1eb3ng h\u1ea1n nh\u01b0 khu\u00f4n m\u1eb7t vu\u00f4ng, vai v\u00e0 c\u1ed5 c\u0103ng c\u1ee9ng)<\/li>\n<\/ul>\n<p><img decoding=\"async\" class=\"alignnone wp-image-12011 size-large\" src=\"https:\/\/arisinclinic.com\/wp-content\/uploads\/2026\/03\/Nabota-\u5a1c\u67cf\u5854\u8089\u6bd201-1024x683.png\" alt=\"\" width=\"1024\" height=\"683\" title=\"\" srcset=\"https:\/\/arisinclinic.com\/wp-content\/uploads\/2026\/03\/Nabota-\u5a1c\u67cf\u5854\u8089\u6bd201-1024x683.png 1024w, https:\/\/arisinclinic.com\/wp-content\/uploads\/2026\/03\/Nabota-\u5a1c\u67cf\u5854\u8089\u6bd201-300x200.png 300w, https:\/\/arisinclinic.com\/wp-content\/uploads\/2026\/03\/Nabota-\u5a1c\u67cf\u5854\u8089\u6bd201-768x512.png 768w, https:\/\/arisinclinic.com\/wp-content\/uploads\/2026\/03\/Nabota-\u5a1c\u67cf\u5854\u8089\u6bd201-18x12.png 18w, https:\/\/arisinclinic.com\/wp-content\/uploads\/2026\/03\/Nabota-\u5a1c\u67cf\u5854\u8089\u6bd201-600x400.png 600w, https:\/\/arisinclinic.com\/wp-content\/uploads\/2026\/03\/Nabota-\u5a1c\u67cf\u5854\u8089\u6bd201.png 1536w\" sizes=\"(max-width: 1024px) 100vw, 1024px\" \/><\/p>\n<p>Hi\u1ec7u qu\u1ea3 c\u1ee7a li\u1ec7u tr\u00ecnh s\u1ebd d\u1ea7n ph\u1ee5c h\u1ed3i khi thu\u1ed1c \u0111\u01b0\u1ee3c c\u01a1 th\u1ec3 \u0111\u00e0o th\u1ea3i t\u1ef1 nhi\u00ean, c\u00f3 th\u1ec3 duy tr\u00ec trong kho\u1ea3ng 4\u20136 th\u00e1ng v\u00e0 kh\u00f4ng \u1ea3nh h\u01b0\u1edfng \u0111\u1ebfn ho\u1ea1t \u0111\u1ed9ng c\u01a1 b\u1eafp b\u00ecnh th\u01b0\u1eddng \u1edf nh\u1eefng v\u00f9ng kh\u00f4ng \u0111\u01b0\u1ee3c \u0111i\u1ec1u tr\u1ecb.<\/p>\n<hr \/>\n<h2>N\u0103m l\u1ee3i th\u1ebf c\u1ed1t l\u00f5i c\u1ee7a Nabota<\/h2>\n<p><img decoding=\"async\" class=\"alignnone wp-image-12013 size-large\" src=\"https:\/\/arisinclinic.com\/wp-content\/uploads\/2026\/03\/Nabota-\u5a1c\u67cf\u5854\u8089\u6bd202-1-1024x683.png\" alt=\"\" width=\"1024\" height=\"683\" title=\"\" srcset=\"https:\/\/arisinclinic.com\/wp-content\/uploads\/2026\/03\/Nabota-\u5a1c\u67cf\u5854\u8089\u6bd202-1-1024x683.png 1024w, https:\/\/arisinclinic.com\/wp-content\/uploads\/2026\/03\/Nabota-\u5a1c\u67cf\u5854\u8089\u6bd202-1-300x200.png 300w, https:\/\/arisinclinic.com\/wp-content\/uploads\/2026\/03\/Nabota-\u5a1c\u67cf\u5854\u8089\u6bd202-1-768x512.png 768w, https:\/\/arisinclinic.com\/wp-content\/uploads\/2026\/03\/Nabota-\u5a1c\u67cf\u5854\u8089\u6bd202-1-18x12.png 18w, https:\/\/arisinclinic.com\/wp-content\/uploads\/2026\/03\/Nabota-\u5a1c\u67cf\u5854\u8089\u6bd202-1-600x400.png 600w, https:\/\/arisinclinic.com\/wp-content\/uploads\/2026\/03\/Nabota-\u5a1c\u67cf\u5854\u8089\u6bd202-1.png 1536w\" sizes=\"(max-width: 1024px) 100vw, 1024px\" \/><\/p>\n<p><strong>1. Ch\u1ee9ng nh\u1eadn ba c\u1ea5p \u0111\u1ed9 \u00b7 S\u1ea3n ph\u1ea9m Botox duy nh\u1ea5t c\u1ee7a H\u00e0n Qu\u1ed1c<\/strong> Hi\u1ec7n nay, \u0111\u00e2y l\u00e0 s\u1ea3n ph\u1ea9m botulinum toxin duy nh\u1ea5t c\u1ee7a H\u00e0n Qu\u1ed1c \u0111\u01b0\u1ee3c c\u1ea5p ph\u00e9p b\u1edfi c\u1ea3 ba c\u01a1 quan qu\u1ea3n l\u00fd: C\u1ee5c Qu\u1ea3n l\u00fd Th\u1ef1c ph\u1ea9m v\u00e0 D\u01b0\u1ee3c ph\u1ea9m Hoa K\u1ef3 (FDA) (d\u01b0\u1edbi t\u00ean Jeuveau), C\u01a1 quan Qu\u1ea3n l\u00fd D\u01b0\u1ee3c ph\u1ea9m Ch\u00e2u \u00c2u (EMA) v\u00e0 C\u1ee5c Qu\u1ea3n l\u00fd D\u01b0\u1ee3c ph\u1ea9m \u0110\u00e0i Loan (TFDA), \u0111\u1ed3ng th\u1eddi \u0111\u00e3 v\u01b0\u1ee3t qua c\u00e1c ti\u00eau chu\u1ea9n an to\u00e0n nghi\u00eam ng\u1eb7t nh\u1ea5t tr\u00ean th\u1ebf gi\u1edbi theo quy \u0111\u1ecbnh y t\u1ebf.<\/p>\n<p><strong>2. C\u00f4ng ngh\u1ec7 \u0111\u1ed9c quy\u1ec1n HI-PURE\u2122 c\u00f3 \u0111\u1ed9 tinh khi\u1ebft cao<\/strong> S\u1eed d\u1ee5ng quy tr\u00ecnh tinh ch\u1ebf \u0111\u1ed9c quy\u1ec1n HI-PURE\u2122 \u0111\u00e3 \u0111\u01b0\u1ee3c c\u1ea5p b\u1eb1ng s\u00e1ng ch\u1ebf, ch\u1ec9 gi\u1eef l\u1ea1i c\u00e1c ph\u00e2n t\u1eed botulinum toxin c\u00f3 k\u00edch th\u01b0\u1edbc 900 kDa v\u1edbi \u0111\u1ed9 tinh khi\u1ebft cao, \u0111\u1ea1t tr\u00ean 981 TP3T, h\u1ea7u nh\u01b0 kh\u00f4ng ch\u1ee9a c\u00e1c protein t\u1ea1p ch\u1ea5t kh\u00e1c, gi\u00fap gi\u1ea3m \u0111\u00e1ng k\u1ec3 nguy c\u01a1 ph\u1ea3n \u1ee9ng v\u1edbi ch\u1ea5t l\u1ea1 v\u00e0 d\u1ecb \u1ee9ng, \u0111\u1ed3ng th\u1eddi ph\u00e1t huy hi\u1ec7u qu\u1ea3 m\u1ed9t c\u00e1ch ch\u00ednh x\u00e1c v\u00e0 to\u00e0n di\u1ec7n h\u01a1n.<\/p>\n<p><strong>3. \u0110\u00e3 \u0111\u01b0\u1ee3c ch\u1ee9ng minh l\u00e2m s\u00e0ng tr\u00ean h\u01a1n 2.000 \u0111\u1ed1i t\u01b0\u1ee3ng tham gia<\/strong> \u0110\u00e3 tr\u1ea3i qua c\u00e1c nghi\u00ean c\u1ee9u l\u00e2m s\u00e0ng quy m\u00f4 l\u1edbn tr\u00ean nhi\u1ec1u qu\u1ed1c gia v\u00e0 nhi\u1ec1u nh\u00f3m d\u00e2n t\u1ed9c, v\u1edbi h\u01a1n 2.000 tr\u01b0\u1eddng h\u1ee3p \u0111\u1ed1i t\u01b0\u1ee3ng tham gia ch\u1ee9ng minh hi\u1ec7u qu\u1ea3 \u0111i\u1ec1u tr\u1ecb; t\u1ef7 l\u1ec7 h\u00e0i l\u00f2ng c\u1ee7a b\u1ec7nh nh\u00e2n sau ph\u1eabu thu\u1eadt v\u01b0\u1ee3t qu\u00e1 90%, \u0111\u1ed3ng th\u1eddi t\u00ednh an to\u00e0n v\u00e0 hi\u1ec7u qu\u1ea3 c\u1ee7a ph\u01b0\u01a1ng ph\u00e1p n\u00e0y \u0111\u1ec1u \u0111\u01b0\u1ee3c ch\u1ee9ng minh \u0111\u1ea7y \u0111\u1ee7 trong c\u00e1c t\u00e0i li\u1ec7u khoa h\u1ecdc qu\u1ed1c t\u1ebf.<\/p>\n<p><strong>4. \u0110\u1ed9 \u1ed5n \u0111\u1ecbnh cao\u30fbD\u1ec5 b\u1ea3o qu\u1ea3n<\/strong> S\u1ea3n ph\u1ea9m duy tr\u00ec \u0111\u1ed9 \u1ed5n \u0111\u1ecbnh cao trong h\u01a1n 12 tu\u1ea7n \u1edf c\u00e1c \u0111i\u1ec1u ki\u1ec7n b\u1ea3o qu\u1ea3n kh\u00e1c nhau nh\u01b0 \u0111\u00f4ng l\u1ea1nh, b\u1ea3o qu\u1ea3n l\u1ea1nh v\u00e0 nhi\u1ec7t \u0111\u1ed9 ph\u00f2ng, \u0111\u1ea3m b\u1ea3o hi\u1ec7u l\u1ef1c c\u1ee7a thu\u1ed1c \u0111\u01b0\u1ee3c duy tr\u00ec \u0111\u1ea7y \u0111\u1ee7 trong m\u1ed7i l\u1ea7n ti\u00eam.<\/p>\n<p><strong>5. Ph\u00f9 h\u1ee3p h\u01a1n v\u1edbi th\u1ec3 ch\u1ea5t c\u1ee7a ng\u01b0\u1eddi ch\u00e2u \u00c1<\/strong> \u0110\u01b0\u1ee3c C\u00f4ng ty D\u01b0\u1ee3c ph\u1ea9m Daeung c\u1ee7a H\u00e0n Qu\u1ed1c nghi\u00ean c\u1ee9u v\u00e0 ph\u00e1t tri\u1ec3n d\u1ef1a tr\u00ean v\u00f3c d\u00e1ng v\u00e0 th\u00f3i quen s\u1eed d\u1ee5ng thu\u1ed1c c\u1ee7a ng\u01b0\u1eddi ch\u00e2u \u00c1, v\u1edbi li\u1ec1u l\u01b0\u1ee3ng \u0111\u01b0\u1ee3c thi\u1ebft k\u1ebf ph\u00f9 h\u1ee3p h\u01a1n v\u1edbi \u0111\u1eb7c \u0111i\u1ec3m c\u01a1 m\u1eb7t c\u1ee7a ng\u01b0\u1eddi ch\u00e2u \u00c1, \u0111\u00e2y l\u00e0 m\u1ed9t trong nh\u1eefng th\u01b0\u01a1ng hi\u1ec7u Botox th\u1ebf h\u1ec7 m\u1edbi \u0111\u01b0\u1ee3c b\u00e0n lu\u1eadn nhi\u1ec1u nh\u1ea5t tr\u00ean th\u1ecb tr\u01b0\u1eddng \u0110\u00e0i Loan.<\/p>\n<hr \/>\n<h2>Th\u1eddi gian ph\u00e1t huy t\u00e1c d\u1ee5ng v\u00e0 th\u1eddi gian duy tr\u00ec t\u00e1c d\u1ee5ng<\/h2>\n<h3>Th\u1eddi gian ph\u00e1t huy t\u00e1c d\u1ee5ng (t\u00f9y theo v\u1ecb tr\u00ed)<\/h3>\n<ul>\n<li><strong>N\u1ebfp nh\u0103n do bi\u1ec3u c\u1ea3m khu\u00f4n m\u1eb7t (n\u1ebfp nh\u0103n tr\u00e1n, n\u1ebfp nh\u0103n gi\u1eefa l\u00f4ng m\u00e0y, n\u1ebfp nh\u0103n \u0111u\u00f4i m\u1eaft)<\/strong>: B\u1ea1n s\u1ebd b\u1eaft \u0111\u1ea7u c\u1ea3m nh\u1eadn \u0111\u01b0\u1ee3c hi\u1ec7u qu\u1ea3 kho\u1ea3ng 3\u20137 ng\u00e0y sau khi ti\u00eam, v\u00e0 \u0111\u1ea1t \u0111\u1ec9nh v\u00e0o tu\u1ea7n th\u1ee9 hai<\/li>\n<li><strong>C\u01a1 nhai, \u0111\u01b0\u1eddng vi\u1ec1n h\u00e0m d\u01b0\u1edbi (\u0111\u01b0\u1eddng n\u00e9t khu\u00f4n m\u1eb7t)<\/strong>: Sau kho\u1ea3ng 3\u20134 tu\u1ea7n, b\u1ea1n s\u1ebd d\u1ea7n c\u1ea3m nh\u1eadn \u0111\u01b0\u1ee3c c\u01a1 b\u1eafp m\u1ec1m m\u1ea1i h\u01a1n v\u00e0 khu\u00f4n m\u1eb7t c\u00f3 s\u1ef1 thay \u0111\u1ed5i<\/li>\n<li><strong>c\u00e1c nh\u00f3m c\u01a1 l\u1edbn nh\u01b0 c\u01a1 xi\u00ean v\u00e0 c\u01a1 b\u1eafp ch\u00e2n<\/strong>: Hi\u1ec7u qu\u1ea3 t\u1ed1i \u0111a s\u1ebd \u0111\u1ea1t \u0111\u01b0\u1ee3c sau kho\u1ea3ng 3\u20134 tu\u1ea7n; \u0111\u1ed1i v\u1edbi m\u1ed9t s\u1ed1 ng\u01b0\u1eddi, ph\u1ea3i m\u1ea5t 1\u20132 th\u00e1ng m\u1edbi th\u1ea5y r\u00f5 k\u1ebft qu\u1ea3<\/li>\n<\/ul>\n<h3>Th\u1eddi gian duy tr\u00ec hi\u1ec7u qu\u1ea3<\/h3>\n<p>Th\u00f4ng th\u01b0\u1eddng c\u00f3 th\u1ec3 duy tr\u00ec \u0111\u01b0\u1ee3c kho\u1ea3ng <strong>4\u20136 th\u00e1ng<\/strong>, th\u1eddi gian duy tr\u00ec hi\u1ec7u qu\u1ea3 \u1edf m\u1ed7i ng\u01b0\u1eddi ph\u1ee5 thu\u1ed9c v\u00e0o c\u00e1c y\u1ebfu t\u1ed1 sau:<\/p>\n<ul>\n<li><strong>V\u1ecb tr\u00ed v\u00e0 m\u1ee9c \u0111\u1ed9 v\u1eadn \u0111\u1ed9ng c\u1ee7a c\u01a1<\/strong>: C\u00e1c v\u00f9ng da th\u01b0\u1eddng xuy\u00ean c\u1eed \u0111\u1ed9ng (nh\u01b0 gi\u1eefa hai l\u00f4ng m\u00e0y, \u0111u\u00f4i m\u1eaft) c\u00f3 th\u1ec3 c\u00f3 th\u1eddi gian duy tr\u00ec hi\u1ec7u qu\u1ea3 ng\u1eafn h\u01a1n<\/li>\n<li><strong>C\u01a1 \u0111\u1ecba c\u00e1 nh\u00e2n v\u00e0 t\u1ed1c \u0111\u1ed9 trao \u0111\u1ed5i ch\u1ea5t<\/strong>: Nh\u1eefng ng\u01b0\u1eddi c\u00f3 t\u1ed1c \u0111\u1ed9 trao \u0111\u1ed5i ch\u1ea5t nhanh th\u01b0\u1eddng c\u00f3 giai \u0111o\u1ea1n duy tr\u00ec t\u01b0\u01a1ng \u0111\u1ed1i ng\u1eafn<\/li>\n<li><strong>Li\u1ec1u ti\u00eam<\/strong>: Li\u1ec1u l\u01b0\u1ee3ng c\u00e0ng cao th\u00ec th\u1eddi gian duy tr\u00ec hi\u1ec7u qu\u1ea3 c\u00e0ng l\u00e2u; b\u00e1c s\u0129 s\u1ebd \u0111\u00e1nh gi\u00e1 d\u1ef1a tr\u00ean kh\u1ed1i l\u01b0\u1ee3ng c\u01a1 b\u1eafp v\u00e0 k\u1ebft qu\u1ea3 mong mu\u1ed1n c\u1ee7a t\u1eebng ng\u01b0\u1eddi<\/li>\n<li><strong>Hi\u1ec7u qu\u1ea3 t\u00edch l\u0169y c\u1ee7a li\u1ec7u tr\u00ecnh<\/strong>: C\u00e1c nghi\u00ean c\u1ee9u l\u00e2m s\u00e0ng cho th\u1ea5y, hi\u1ec7u qu\u1ea3 s\u1ebd k\u00e9o d\u00e0i d\u1ea7n theo s\u1ed1 l\u1ea7n \u0111i\u1ec1u tr\u1ecb; nh\u1eefng ng\u01b0\u1eddi ti\u00eam trong th\u1eddi gian d\u00e0i c\u00f3 th\u1ec3 gi\u1ea3m d\u1ea7n t\u1ea7n su\u1ea5t ti\u00eam b\u1ed5 sung<\/li>\n<\/ul>\n<p>N\u00ean \u0111i\u1ec1u tr\u1ecb \u0111\u1ecbnh k\u1ef3 2\u20133 l\u1ea7n m\u1ed7i n\u0103m \u0111\u1ec3 duy tr\u00ec hi\u1ec7u qu\u1ea3 \u1ed5n \u0111\u1ecbnh.<\/p>\n<hr \/>\n<h2>Li\u1ec1u l\u01b0\u1ee3ng tham kh\u1ea3o cho t\u1eebng b\u1ed9 ph\u1eadn<\/h2>\n<table>\n<thead>\n<tr>\n<th>V\u1ecb tr\u00ed<\/th>\n<th>Li\u1ec1u l\u01b0\u1ee3ng khuy\u1ebfn ngh\u1ecb (m\u1ed9t b\u00ean)<\/th>\n<\/tr>\n<\/thead>\n<tbody>\n<tr>\n<td>N\u1ebfp nh\u0103n tr\u00e1n<\/td>\n<td>10\u201320 U<\/td>\n<\/tr>\n<tr>\n<td>N\u1ebfp nh\u0103n gi\u1eefa l\u00f4ng m\u00e0y<\/td>\n<td>10\u201320 U<\/td>\n<\/tr>\n<tr>\n<td>N\u1ebfp nh\u0103n \u0111u\u00f4i c\u00e1<\/td>\n<td>10\u201320 U<\/td>\n<\/tr>\n<tr>\n<td>C\u01a1 nhai (gi\u1ea3m b\u00e9o m\u1eb7t)<\/td>\n<td>40\u201350 U<\/td>\n<\/tr>\n<tr>\n<td>C\u01a1 xi\u00ean (vai b\u00f2)<\/td>\n<td>80\u2013100 \u0111\u01a1n v\u1ecb<\/td>\n<\/tr>\n<tr>\n<td>H\u1ed9i ch\u1ee9ng t\u0103ng ti\u1ebft m\u1ed3 h\u00f4i<\/td>\n<td>80\u2013100 \u0111\u01a1n v\u1ecb<\/td>\n<\/tr>\n<tr>\n<td>C\u01a1 b\u1eafp ch\u00e2n<\/td>\n<td>100\u2013150 \u0111\u01a1n v\u1ecb<\/td>\n<\/tr>\n<\/tbody>\n<\/table>\n<p><em>Tr\u00ean \u0111\u00e2y l\u00e0 m\u1ee9c khuy\u1ebfn ngh\u1ecb chung; li\u1ec1u l\u01b0\u1ee3ng c\u1ee5 th\u1ec3 s\u1ebd do b\u00e1c s\u0129 quy\u1ebft \u0111\u1ecbnh sau khi \u0111\u00e1nh gi\u00e1 kh\u1ed1i l\u01b0\u1ee3ng c\u01a1 b\u1eafp, h\u00ecnh d\u00e1ng khu\u00f4n m\u1eb7t v\u00e0 k\u1ebft qu\u1ea3 mong mu\u1ed1n c\u1ee7a t\u1eebng ng\u01b0\u1eddi.<\/em><\/p>\n<hr \/>\n<h2>Nh\u1eefng \u0111i\u1ec1u c\u1ea7n l\u01b0u \u00fd tr\u01b0\u1edbc khi \u0111i\u1ec1u tr\u1ecb<\/h2>\n<ul>\n<li>H\u00e3y th\u00f4ng b\u00e1o cho b\u00e1c s\u0129 v\u1ec1 ti\u1ec1n s\u1eed b\u1ec7nh, c\u00e1c lo\u1ea1i thu\u1ed1c ho\u1eb7c th\u1ef1c ph\u1ea9m ch\u1ee9c n\u0103ng m\u00e0 b\u1ea1n \u0111ang s\u1eed d\u1ee5ng<\/li>\n<li>Trong 1 tu\u1ea7n tr\u01b0\u1edbc khi ti\u00eam, n\u00ean tr\u00e1nh d\u00f9ng aspirin, thu\u1ed1c ch\u1ed1ng \u0111\u00f4ng m\u00e1u, d\u1ea7u c\u00e1, b\u1ea1ch qu\u1ea3, v.v., \u0111\u1ec3 gi\u1ea3m nguy c\u01a1 b\u1ea7m t\u00edm<\/li>\n<li>Nh\u1eefng ng\u01b0\u1eddi c\u00f3 v\u1ebft ti\u00eam b\u1ecb nhi\u1ec5m tr\u00f9ng, vi\u00eam ho\u1eb7c t\u1ed5n th\u01b0\u01a1ng da, vui l\u00f2ng ch\u1edd \u0111\u1ebfn khi h\u1ed3i ph\u1ee5c r\u1ed3i m\u1edbi ti\u00eam<\/li>\n<li>Ph\u1ee5 n\u1eef \u0111ang mang thai ho\u1eb7c cho con b\u00fa kh\u00f4ng \u0111\u01b0\u1ee3c ti\u00eam v\u1eafc-xin<\/li>\n<li>Kh\u00f4ng ti\u00eam cho nh\u1eefng ng\u01b0\u1eddi \u0111ang d\u00f9ng thu\u1ed1c gi\u00e3n c\u01a1<\/li>\n<\/ul>\n<h2>Nh\u1eefng \u0111i\u1ec1u c\u1ea7n l\u01b0u \u00fd sau khi \u0111i\u1ec1u tr\u1ecb<\/h2>\n<ul>\n<li>Trong v\u00f2ng 4 gi\u1edd sau khi ti\u00eam, tr\u00e1nh n\u1eb1m ng\u1eeda, n\u1eb1m s\u1ea5p, c\u00fai \u0111\u1ea7u ho\u1eb7c \u1ea5n v\u00e0o v\u1ecb tr\u00ed ti\u00eam<\/li>\n<li>Trong v\u00f2ng 4 gi\u1edd sau khi ti\u00eam, h\u00e3y tr\u00e1nh c\u00e1c ho\u1ea1t \u0111\u1ed9ng th\u1ec3 ch\u1ea5t m\u1ea1nh \u0111\u1ec3 ng\u0103n thu\u1ed1c lan sang c\u00e1c v\u00f9ng kh\u00f4ng \u0111\u01b0\u1ee3c \u0111i\u1ec1u tr\u1ecb<\/li>\n<li>Trong v\u00f2ng 6 gi\u1edd sau khi ti\u00eam, n\u1ebfu xu\u1ea5t hi\u1ec7n c\u00e1c tri\u1ec7u ch\u1ee9ng nh\u1eb9 nh\u01b0 s\u01b0ng, b\u1ea7m t\u00edm ho\u1eb7c \u0111au l\u00e0 hi\u1ec7n t\u01b0\u1ee3ng b\u00ecnh th\u01b0\u1eddng; c\u00f3 th\u1ec3 ch\u01b0\u1eddm \u0111\u00e1 \u0111\u1ec3 gi\u1ea3m b\u1edbt<\/li>\n<li>V\u00e0o ng\u00e0y ti\u00eam, kh\u00f4ng \u0111\u01b0\u1ee3c d\u00f9ng tay \u1ea5n ho\u1eb7c xoa b\u00f3p v\u00f9ng ti\u00eam<\/li>\n<li>Ng\u00e0y h\u00f4m \u0111\u00f3 kh\u00f4ng n\u00ean trang \u0111i\u1ec3m ho\u1eb7c s\u1eed d\u1ee5ng c\u00e1c s\u1ea3n ph\u1ea9m ch\u0103m s\u00f3c da c\u00f3 t\u00ednh k\u00edch \u1ee9ng<\/li>\n<li>Trong v\u00f2ng 1 tu\u1ea7n, h\u00e3y tr\u00e1nh c\u00e1c li\u1ec7u tr\u00ecnh t\u1ea9y da ch\u1ebft b\u1eb1ng axit, m\u00f4i tr\u01b0\u1eddng c\u00f3 nhi\u1ec7t \u0111\u1ed9 cao (su\u1ed1i n\u01b0\u1edbc n\u00f3ng, ph\u00f2ng x\u00f4ng h\u01a1i) v\u00e0 r\u1eeda m\u1eb7t b\u1eb1ng n\u01b0\u1edbc n\u00f3ng<\/li>\n<li>Trong v\u00f2ng 1 th\u00e1ng, h\u00e3y tr\u00e1nh ng\u00e2m m\u00ecnh trong n\u01b0\u1edbc n\u00f3ng v\u00e0 ti\u1ebfp t\u1ee5c t\u0103ng c\u01b0\u1eddng c\u00e1c bi\u1ec7n ph\u00e1p ch\u1ed1ng n\u1eafng c\u0169ng nh\u01b0 d\u01b0\u1ee1ng \u1ea9m<\/li>\n<\/ul>\n<hr \/>\n<h2>Ch\u1ed1ng ch\u1ec9 \u0111\u1ecbnh (kh\u00f4ng n\u00ean ti\u00eam trong c\u00e1c tr\u01b0\u1eddng h\u1ee3p sau)<\/h2>\n<ul>\n<li>Nh\u1eefng ng\u01b0\u1eddi \u0111\u00e3 bi\u1ebft l\u00e0 b\u1ecb d\u1ecb \u1ee9ng v\u1edbi b\u1ea5t k\u1ef3 ch\u1ebf ph\u1ea9m botulinum toxin n\u00e0o ho\u1eb7c th\u00e0nh ph\u1ea7n c\u1ee7a ch\u1ebf ph\u1ea9m \u0111\u00f3<\/li>\n<li>Ng\u01b0\u1eddi c\u00f3 v\u1ebft th\u01b0\u01a1ng nhi\u1ec5m tr\u00f9ng t\u1ea1i v\u1ecb tr\u00ed d\u1ef1 ki\u1ebfn ti\u00eam<\/li>\n<li>Ph\u1ee5 n\u1eef mang thai ho\u1eb7c \u0111ang cho con b\u00fa<\/li>\n<li>Nh\u1eefng ng\u01b0\u1eddi m\u1eafc c\u00e1c b\u1ec7nh th\u1ea7n kinh c\u01a1 (nh\u01b0 b\u1ec7nh nh\u01b0\u1ee3c c\u01a1)<\/li>\n<li>B\u1ec7nh nh\u00e2n \u0111ang d\u00f9ng thu\u1ed1c gi\u00e3n c\u01a1<\/li>\n<\/ul>\n<hr \/>\n<p><em>Thu\u1ed1c ti\u00eam NABOTA 100 \u0111\u01a1n v\u1ecb NABOTA B\u1ed9t pha dung d\u1ecbch ti\u00eam\uff5cGi\u1ea5y ph\u00e9p nh\u1eadp kh\u1ea9u thu\u1ed1c ph\u00f2ng d\u1ecbch s\u1ed1 001134 c\u1ee7a B\u1ed9 Y t\u1ebf<\/em><\/p>\n<p><em>Ch\u1ec9 \u0111\u1ecbnh \u0111\u01b0\u1ee3c ph\u00ea duy\u1ec7t trong t\u1edd h\u01b0\u1edbng d\u1eabn s\u1eed d\u1ee5ng: C\u1ea3i thi\u1ec7n t\u1ea1m th\u1eddi t\u00ecnh tr\u1ea1ng n\u1ebfp nh\u0103n gi\u1eefa hai l\u00f4ng m\u00e0y \u1edf m\u1ee9c \u0111\u1ed9 trung b\u00ecnh \u0111\u1ebfn n\u1eb7ng do ho\u1ea1t \u0111\u1ed9ng c\u1ee7a c\u01a1 nh\u0103n tr\u00e1n (corrugator) v\u00e0\/ho\u1eb7c c\u01a1 n\u1ed1i m\u0169i-tr\u00e1n (procerus) \u1edf ng\u01b0\u1eddi l\u1edbn. Vi\u1ec7c s\u1eed d\u1ee5ng t\u1ea1i c\u00e1c v\u00f9ng kh\u00e1c thu\u1ed9c ph\u1ea1m vi s\u1eed d\u1ee5ng ngo\u00e0i ch\u1ec9 \u0111\u1ecbnh (Off-label use), v\u00e0 ph\u1ea3i tu\u00e2n theo h\u01b0\u1edbng d\u1eabn c\u1ee5 th\u1ec3 c\u1ee7a b\u00e1c s\u0129.<\/em><\/p>\n<p><em>N\u1ed9i dung tr\u00ean trang n\u00e0y ch\u1ec9 mang t\u00ednh ch\u1ea5t tham kh\u1ea3o; hi\u1ec7u qu\u1ea3 th\u1ef1c t\u1ebf c\u1ee7a li\u1ec7u tr\u00ecnh c\u00f3 th\u1ec3 kh\u00e1c nhau t\u00f9y theo th\u1ec3 tr\u1ea1ng c\u1ee7a t\u1eebng ng\u01b0\u1eddi, do \u0111\u00f3 v\u1eabn c\u1ea7n \u0111\u01b0\u1ee3c b\u00e1c s\u0129 \u0111\u00e1nh gi\u00e1 v\u00e0 t\u01b0 v\u1ea5n tr\u1ef1c ti\u1ebfp.<\/em><\/p>","protected":false},"excerpt":{"rendered":"<p>Nabota \u2013 Botox Nabota, \u0111\u1ea1t \u0111\u01b0\u1ee3c s\u1ef1 c\u00e2n b\u1eb1ng to\u00e0n di\u1ec7n gi\u1eefa \u0111\u1ed9 tinh khi\u1ebft t\u1ed1i \u0111a v\u00e0 v\u1ebb \u0111\u1eb9p t\u1ef1 nhi\u00ean, \u0111\u1ea7y s\u1ee9c s\u1ed1ng. \u0110\u01b0\u1ee3c ch\u1ee9ng nh\u1eadn b\u1edfi FDA Hoa K\u1ef3 v\u00e0 s\u1edf h\u1eefu c\u00f4ng ngh\u1ec7 \u0111\u1ed9c quy\u1ec1n HI-PURE\u2122, s\u1ea3n ph\u1ea9m gi\u00fap l\u00e0m m\u1edd nhanh ch\u00f3ng c\u00e1c n\u1ebfp nh\u0103n \u0111\u1ed9ng, t\u1ea1o \u0111\u01b0\u1eddng n\u00e9t khu\u00f4n m\u1eb7t tinh t\u1ebf m\u00e0 kh\u00f4ng g\u00e2y c\u1ee9ng \u0111\u01a1. V\u1edbi k\u1ef9 thu\u1eadt ti\u00eam ch\u00ednh x\u00e1c v\u00e0 chuy\u00ean nghi\u1ec7p c\u1ee7a b\u00e1c s\u0129, s\u1ea3n ph\u1ea9m s\u1ebd gi\u00fap b\u1ea1n xua tan v\u1ebb m\u1ec7t m\u1ecfi, l\u1ea5y l\u1ea1i \u0111\u01b0\u1eddng n\u00e9t khu\u00f4n m\u1eb7t m\u1ec1m m\u1ea1i. H\u00e3y \u0111\u1eb7t l\u1ecbch t\u01b0 v\u1ea5n ngay h\u00f4m nay \u0111\u1ec3 tr\u1ea3i nghi\u1ec7m v\u1ebb \u0111\u1eb9p tinh khi\u1ebft \u0111\u01b0\u1ee3c ch\u1ee9ng nh\u1eadn chuy\u00ean nghi\u1ec7p.<\/p>","protected":false},"featured_media":11962,"comment_status":"open","ping_status":"closed","template":"","meta":{"_acf_changed":false},"product_brand":[],"product_cat":[156,15,163],"product_tag":[],"class_list":{"0":"post-10803","1":"product","2":"type-product","3":"status-publish","4":"has-post-thumbnail","6":"product_cat-non-surgical-aesthetics","7":"product_cat-service","8":"product_cat-botulinum-toxin-injections","10":"first","11":"instock","12":"shipping-taxable","13":"product-type-simple"},"acf":[],"_links":{"self":[{"href":"https:\/\/arisinclinic.com\/vi\/wp-json\/wp\/v2\/product\/10803","targetHints":{"allow":["GET"]}}],"collection":[{"href":"https:\/\/arisinclinic.com\/vi\/wp-json\/wp\/v2\/product"}],"about":[{"href":"https:\/\/arisinclinic.com\/vi\/wp-json\/wp\/v2\/types\/product"}],"replies":[{"embeddable":true,"href":"https:\/\/arisinclinic.com\/vi\/wp-json\/wp\/v2\/comments?post=10803"}],"wp:featuredmedia":[{"embeddable":true,"href":"https:\/\/arisinclinic.com\/vi\/wp-json\/wp\/v2\/media\/11962"}],"wp:attachment":[{"href":"https:\/\/arisinclinic.com\/vi\/wp-json\/wp\/v2\/media?parent=10803"}],"wp:term":[{"taxonomy":"product_brand","embeddable":true,"href":"https:\/\/arisinclinic.com\/vi\/wp-json\/wp\/v2\/product_brand?post=10803"},{"taxonomy":"product_cat","embeddable":true,"href":"https:\/\/arisinclinic.com\/vi\/wp-json\/wp\/v2\/product_cat?post=10803"},{"taxonomy":"product_tag","embeddable":true,"href":"https:\/\/arisinclinic.com\/vi\/wp-json\/wp\/v2\/product_tag?post=10803"}],"curies":[{"name":"wp","href":"https:\/\/api.w.org\/{rel}","templated":true}]}}