{"id":10814,"date":"2026-03-19T17:10:57","date_gmt":"2026-03-19T09:10:57","guid":{"rendered":"https:\/\/4t542t4sohxh.wpsite.pro\/?post_type=product&#038;p=10814"},"modified":"2026-04-25T01:08:13","modified_gmt":"2026-04-24T17:08:13","slug":"botox","status":"publish","type":"product","link":"https:\/\/arisinclinic.com\/vi\/service\/botox\/","title":{"rendered":"Botox"},"content":{"rendered":"<h1>Botox | Botox c\u1ed5 \u0111i\u1ec3n<\/h1>\n<p><img fetchpriority=\"high\" decoding=\"async\" class=\"alignnone wp-image-12015 size-large\" src=\"https:\/\/arisinclinic.com\/wp-content\/uploads\/2026\/03\/Botox-\u4fdd\u59a5\u9069\u8089\u6bd2-1024x768.png\" alt=\"\" width=\"1024\" height=\"768\" title=\"\" srcset=\"https:\/\/arisinclinic.com\/wp-content\/uploads\/2026\/03\/Botox-\u4fdd\u59a5\u9069\u8089\u6bd2-1024x768.png 1024w, https:\/\/arisinclinic.com\/wp-content\/uploads\/2026\/03\/Botox-\u4fdd\u59a5\u9069\u8089\u6bd2-300x225.png 300w, https:\/\/arisinclinic.com\/wp-content\/uploads\/2026\/03\/Botox-\u4fdd\u59a5\u9069\u8089\u6bd2-768x576.png 768w, https:\/\/arisinclinic.com\/wp-content\/uploads\/2026\/03\/Botox-\u4fdd\u59a5\u9069\u8089\u6bd2-16x12.png 16w, https:\/\/arisinclinic.com\/wp-content\/uploads\/2026\/03\/Botox-\u4fdd\u59a5\u9069\u8089\u6bd2-600x450.png 600w, https:\/\/arisinclinic.com\/wp-content\/uploads\/2026\/03\/Botox-\u4fdd\u59a5\u9069\u8089\u6bd2.png 1448w\" sizes=\"(max-width: 1024px) 100vw, 1024px\" \/><\/p>\n<p>Botox | \u0110\u01b0\u1ee3c C\u1ee5c Qu\u1ea3n l\u00fd Th\u1ef1c ph\u1ea9m v\u00e0 D\u01b0\u1ee3c ph\u1ea9m Hoa K\u1ef3 (FDA) ch\u1ee9ng nh\u1eadn \u2013 S\u1ea3n ph\u1ea9m kinh \u0111i\u1ec3n 30 n\u0103m\u30fbLo\u1ea1i Botox ch\u00ednh x\u00e1c\u30fbX\u00f3a n\u1ebfp nh\u0103n v\u00e0 t\u1ea1o h\u00ecnh t\u1ef1 nhi\u00ean<\/p>\n<hr \/>\n<p>Botox, \u0111\u01b0\u1ee3c nghi\u00ean c\u1ee9u v\u00e0 s\u1ea3n xu\u1ea5t b\u1edfi Allergan \u2013 t\u1eadp \u0111o\u00e0n d\u01b0\u1ee3c ph\u1ea9m h\u00e0ng \u0111\u1ea7u c\u1ee7a M\u1ef9, l\u00e0 th\u01b0\u01a1ng hi\u1ec7u botulinum toxin \u0111\u1ea7u ti\u00ean tr\u00ean th\u1ebf gi\u1edbi \u0111\u01b0\u1ee3c C\u1ee5c Qu\u1ea3n l\u00fd Th\u1ef1c ph\u1ea9m v\u00e0 D\u01b0\u1ee3c ph\u1ea9m Hoa K\u1ef3 (FDA) c\u1ea5p ph\u00e9p v\u00e0o n\u0103m 1989. \u0110\u1ebfn nay, s\u1ea3n ph\u1ea9m \u0111\u00e3 \u0111\u01b0\u1ee3c ph\u00ea duy\u1ec7t s\u1eed d\u1ee5ng t\u1ea1i h\u01a1n 100 qu\u1ed1c gia tr\u00ean to\u00e0n c\u1ea7u, v\u1edbi t\u1ed5ng doanh s\u1ed1 b\u00e1n ra v\u01b0\u1ee3t qu\u00e1 100 tri\u1ec7u l\u1ecd, v\u00e0 \u0111\u01b0\u1ee3c ch\u1ee9ng minh v\u1ec1 \u0111\u1ed9 an to\u00e0n v\u00e0 hi\u1ec7u qu\u1ea3 qua h\u01a1n 3.500 b\u00e0i b\u00e1o l\u00e2m s\u00e0ng. V\u1edbi t\u1ed1c \u0111\u1ed9 lan t\u1ecfa ch\u1eadm v\u00e0 \u0111\u1ed9 ch\u00ednh x\u00e1c cao, s\u1ea3n ph\u1ea9m \u0111\u1eb7c bi\u1ec7t ph\u00f9 h\u1ee3p \u0111\u1ec3 x\u00f3a n\u1ebfp nh\u0103n v\u00e0 t\u1ea1o h\u00ecnh khu\u00f4n m\u1eb7t \u1edf nh\u1eefng v\u00f9ng da nh\u1ea1y c\u1ea3m. \u0110\u00e2y l\u00e0 th\u01b0\u01a1ng hi\u1ec7u \"Botox kinh \u0111i\u1ec3n\" \u0111\u01b0\u1ee3c \u01b0a chu\u1ed9ng nh\u1ea5t, \u0111\u00e3 v\u01b0\u1ee3t qua th\u1eed th\u00e1ch c\u1ee7a 30 n\u0103m, \u0111\u1ed3ng th\u1eddi l\u00e0 li\u1ec7u tr\u00ecnh mang t\u00ednh c\u00e1ch m\u1ea1ng \u0111\u01b0\u1ee3c t\u1ea1p ch\u00ed TIME ca ng\u1ee3i l\u00e0 \"lo\u1ea1i thu\u1ed1c thay \u0111\u1ed5i th\u1ebf gi\u1edbi\".<\/p>\n<hr \/>\n<h2>V\u00f9ng \u0111i\u1ec1u tr\u1ecb<\/h2>\n<p><img decoding=\"async\" class=\"alignnone wp-image-12016 size-large\" src=\"https:\/\/arisinclinic.com\/wp-content\/uploads\/2026\/03\/Botox-\u4fdd\u59a5\u9069\u8089\u6bd201-1024x683.png\" alt=\"\" width=\"1024\" height=\"683\" title=\"\" srcset=\"https:\/\/arisinclinic.com\/wp-content\/uploads\/2026\/03\/Botox-\u4fdd\u59a5\u9069\u8089\u6bd201-1024x683.png 1024w, https:\/\/arisinclinic.com\/wp-content\/uploads\/2026\/03\/Botox-\u4fdd\u59a5\u9069\u8089\u6bd201-300x200.png 300w, https:\/\/arisinclinic.com\/wp-content\/uploads\/2026\/03\/Botox-\u4fdd\u59a5\u9069\u8089\u6bd201-768x512.png 768w, https:\/\/arisinclinic.com\/wp-content\/uploads\/2026\/03\/Botox-\u4fdd\u59a5\u9069\u8089\u6bd201-18x12.png 18w, https:\/\/arisinclinic.com\/wp-content\/uploads\/2026\/03\/Botox-\u4fdd\u59a5\u9069\u8089\u6bd201-600x400.png 600w, https:\/\/arisinclinic.com\/wp-content\/uploads\/2026\/03\/Botox-\u4fdd\u59a5\u9069\u8089\u6bd201.png 1536w\" sizes=\"(max-width: 1024px) 100vw, 1024px\" \/><\/p>\n<hr \/>\n<h2>M\u00f4 t\u1ea3 d\u1ecbch v\u1ee5<\/h2>\n<p>Th\u00e0nh ph\u1ea7n ch\u00ednh c\u1ee7a Botox l\u00e0 \u0111\u1ed9c t\u1ed1 botulinum lo\u1ea1i A (Botulinum Toxin Type A), m\u1ed9t lo\u1ea1i \u0111\u1ed9c t\u1ed1 th\u1ea7n kinh protein t\u1ef1 nhi\u00ean c\u00f3 \u0111\u1ed9 tinh khi\u1ebft cao. Sau khi ti\u00eam, ch\u1ea5t n\u00e0y s\u1ebd li\u00ean k\u1ebft v\u1edbi c\u00e1c th\u1ee5 th\u1ec3 tr\u00ean c\u00e1c \u0111\u1ea7u d\u00e2y th\u1ea7n kinh v\u1eadn \u0111\u1ed9ng, ng\u0103n ch\u1eb7n vi\u1ec7c gi\u1ea3i ph\u00f3ng acetylcholine t\u1eeb c\u00e1c \u0111\u1ea7u d\u00e2y th\u1ea7n kinh, gi\u00fap c\u01a1 m\u1ee5c ti\u00eau t\u1ea1m th\u1eddi gi\u00e3n ra, t\u1eeb \u0111\u00f3 \u0111\u1ea1t \u0111\u01b0\u1ee3c:<\/p>\n<ul>\n<li>Lo\u1ea1i b\u1ecf t\u00ecnh tr\u1ea1ng do c\u01a1 co th\u1eaft qu\u00e1 m\u1ee9c g\u00e2y ra<strong>N\u1ebfp nh\u0103n do chuy\u1ec3n \u0111\u1ed9ng<\/strong><\/li>\n<li>Gi\u1ea3m b\u1edbt s\u1ef1 ph\u00e1t tri\u1ec3n qu\u00e1 m\u1ee9c<strong>Kh\u1ed1i l\u01b0\u1ee3ng c\u01a1 b\u1eafp<\/strong>(nh\u01b0 c\u01a1 nhai, c\u01a1 b\u1eafp ch\u00e2n, c\u01a1 thang)<\/li>\n<li>Trang tr\u00ed<strong>\u0110\u01b0\u1eddng n\u00e9t khu\u00f4n m\u1eb7t v\u00e0 c\u01a1 th\u1ec3<\/strong><\/li>\n<\/ul>\n<p><img decoding=\"async\" class=\"alignnone wp-image-12017 size-large\" src=\"https:\/\/arisinclinic.com\/wp-content\/uploads\/2026\/03\/Botox-\u4fdd\u59a5\u9069\u8089\u6bd202-1024x683.png\" alt=\"\" width=\"1024\" height=\"683\" title=\"\" srcset=\"https:\/\/arisinclinic.com\/wp-content\/uploads\/2026\/03\/Botox-\u4fdd\u59a5\u9069\u8089\u6bd202-1024x683.png 1024w, https:\/\/arisinclinic.com\/wp-content\/uploads\/2026\/03\/Botox-\u4fdd\u59a5\u9069\u8089\u6bd202-300x200.png 300w, https:\/\/arisinclinic.com\/wp-content\/uploads\/2026\/03\/Botox-\u4fdd\u59a5\u9069\u8089\u6bd202-768x512.png 768w, https:\/\/arisinclinic.com\/wp-content\/uploads\/2026\/03\/Botox-\u4fdd\u59a5\u9069\u8089\u6bd202-18x12.png 18w, https:\/\/arisinclinic.com\/wp-content\/uploads\/2026\/03\/Botox-\u4fdd\u59a5\u9069\u8089\u6bd202-600x400.png 600w, https:\/\/arisinclinic.com\/wp-content\/uploads\/2026\/03\/Botox-\u4fdd\u59a5\u9069\u8089\u6bd202.png 1536w\" sizes=\"(max-width: 1024px) 100vw, 1024px\" \/><\/p>\n<p>Do Botox ch\u1ee9a nhi\u1ec1u protein b\u1ea3o v\u1ec7 bao quanh \u0111\u1ed9c t\u1ed1 ch\u00ednh, n\u00ean t\u1ed1c \u0111\u1ed9 lan t\u1ecfa ch\u1eadm h\u01a1n v\u00e0 t\u00e1c d\u1ee5ng ch\u00ednh x\u00e1c h\u01a1n, \u0111\u1eb7c bi\u1ec7t ph\u00f9 h\u1ee3p v\u1edbi c\u00e1c v\u00f9ng c\u1ea7n \u0111i\u1ec1u ch\u1ec9nh tinh t\u1ebf nh\u01b0 v\u00f9ng quanh m\u1eaft, gi\u1eefa l\u00f4ng m\u00e0y, v.v. K\u1ebft qu\u1ea3 sau \u0111i\u1ec1u tr\u1ecb \u1ed5n \u0111\u1ecbnh v\u00e0 t\u1ef1 nhi\u00ean, khi\u1ebfn Botox tr\u1edf th\u00e0nh th\u01b0\u01a1ng hi\u1ec7u botulinum toxin \u0111\u01b0\u1ee3c s\u1eed d\u1ee5ng r\u1ed9ng r\u00e3i nh\u1ea5t trong l\u00e2m s\u00e0ng.<\/p>\n<hr \/>\n<h2>N\u0103m \u01b0u \u0111i\u1ec3m c\u1ed1t l\u00f5i c\u1ee7a Botox<\/h2>\n<p><img loading=\"lazy\" decoding=\"async\" class=\"alignnone wp-image-12018 size-large\" src=\"https:\/\/arisinclinic.com\/wp-content\/uploads\/2026\/03\/Botox-\u4fdd\u59a5\u9069\u8089\u6bd20\u02c7-1024x683.png\" alt=\"\" width=\"1024\" height=\"683\" title=\"\" srcset=\"https:\/\/arisinclinic.com\/wp-content\/uploads\/2026\/03\/Botox-\u4fdd\u59a5\u9069\u8089\u6bd20\u02c7-1024x683.png 1024w, https:\/\/arisinclinic.com\/wp-content\/uploads\/2026\/03\/Botox-\u4fdd\u59a5\u9069\u8089\u6bd20\u02c7-300x200.png 300w, https:\/\/arisinclinic.com\/wp-content\/uploads\/2026\/03\/Botox-\u4fdd\u59a5\u9069\u8089\u6bd20\u02c7-768x512.png 768w, https:\/\/arisinclinic.com\/wp-content\/uploads\/2026\/03\/Botox-\u4fdd\u59a5\u9069\u8089\u6bd20\u02c7-18x12.png 18w, https:\/\/arisinclinic.com\/wp-content\/uploads\/2026\/03\/Botox-\u4fdd\u59a5\u9069\u8089\u6bd20\u02c7-600x400.png 600w, https:\/\/arisinclinic.com\/wp-content\/uploads\/2026\/03\/Botox-\u4fdd\u59a5\u9069\u8089\u6bd20\u02c7.png 1536w\" sizes=\"(max-width: 1024px) 100vw, 1024px\" \/><\/p>\n<p><strong>1. Th\u01b0\u01a1ng hi\u1ec7u kinh \u0111i\u1ec3n h\u00e0ng \u0111\u1ea7u th\u1ebf gi\u1edbi trong 30 n\u0103m qua<\/strong> N\u0103m 1989, th\u01b0\u01a1ng hi\u1ec7u n\u00e0y l\u00e0 th\u01b0\u01a1ng hi\u1ec7u \u0111\u1ea7u ti\u00ean \u0111\u01b0\u1ee3c C\u1ee5c Qu\u1ea3n l\u00fd Th\u1ef1c ph\u1ea9m v\u00e0 D\u01b0\u1ee3c ph\u1ea9m Hoa K\u1ef3 (FDA) c\u1ea5p ph\u00e9p, \u0111\u1ed3ng th\u1eddi l\u00e0 th\u01b0\u01a1ng hi\u1ec7u botulinum toxin c\u00f3 l\u1ecbch s\u1eed l\u00e2u \u0111\u1eddi nh\u1ea5t v\u00e0 gi\u00e0u kinh nghi\u1ec7m l\u00e2m s\u00e0ng nh\u1ea5t. S\u1ea3n ph\u1ea9m \u0111\u00e3 \u0111\u01b0\u1ee3c c\u1ea5p ph\u00e9p s\u1eed d\u1ee5ng t\u1ea1i h\u01a1n 100 qu\u1ed1c gia tr\u00ean th\u1ebf gi\u1edbi, b\u00e1n ra h\u01a1n 100 tri\u1ec7u l\u1ecd v\u00e0 li\u00ean t\u1ee5c gi\u1eef v\u1ecb tr\u00ed s\u1ed1 m\u1ed9t v\u1ec1 th\u1ecb ph\u1ea7n to\u00e0n c\u1ea7u trong nhi\u1ec1u n\u0103m li\u1ec1n, \u0111\u01b0\u1ee3c c\u00f4ng nh\u1eadn r\u1ed9ng r\u00e3i trong ng\u00e0nh l\u00e0 ti\u00eau chu\u1ea9n v\u00e0ng c\u1ee7a botulinum toxin.<\/p>\n<p><strong>2. \u0110\u01b0\u1ee3c h\u01a1n 3.500 b\u00e0i b\u00e1o l\u00e2m s\u00e0ng ch\u1ee9ng minh<\/strong> S\u1edf h\u1eefu c\u01a1 s\u1edf d\u1eef li\u1ec7u nghi\u00ean c\u1ee9u l\u00e2m s\u00e0ng \u0111\u1ea7y \u0111\u1ee7 nh\u1ea5t trong s\u1ed1 c\u00e1c th\u01b0\u01a1ng hi\u1ec7u botulinum toxin tr\u00ean to\u00e0n c\u1ea7u, v\u1edbi h\u01a1n 3.500 b\u00e0i b\u00e1o khoa h\u1ecdc ch\u1ee9ng minh t\u00ednh an to\u00e0n, hi\u1ec7u qu\u1ea3 v\u00e0 \u0111a d\u1ea1ng ch\u1ec9 \u0111\u1ecbnh, \u0111\u00e2y l\u00e0 b\u1eb1ng ch\u1ee9ng khoa h\u1ecdc \u0111\u00e1ng tin c\u1eady nh\u1ea5t \u0111\u1ed1i v\u1edbi c\u1ea3 b\u00e1c s\u0129 v\u00e0 b\u1ec7nh nh\u00e2n.<\/p>\n<p><strong>3. Botox ch\u00ednh x\u00e1c\u30fbT\u00e1c d\u1ee5ng lan t\u1ecfa ch\u1eadm\u30fbPh\u00f9 h\u1ee3p cho c\u00e1c chi ti\u1ebft nh\u1ecf<\/strong> Botox ch\u1ee9a nhi\u1ec1u protein b\u1ea3o v\u1ec7 bao quanh \u0111\u1ed9c t\u1ed1 ch\u00ednh, do \u0111\u00f3 sau khi ti\u00eam, ch\u1ea5t n\u00e0y lan t\u1ecfa ch\u1eadm h\u01a1n v\u00e0 t\u00e1c d\u1ee5ng t\u1eadp trung ch\u00ednh x\u00e1c t\u1ea1i v\u1ecb tr\u00ed ti\u00eam, \u0111\u1eb7c bi\u1ec7t ph\u00f9 h\u1ee3p cho vi\u1ec7c \u0111i\u1ec1u tr\u1ecb c\u00e1c v\u00f9ng chi ti\u1ebft c\u1ea7n ki\u1ec3m so\u00e1t ch\u00ednh x\u00e1c nh\u01b0 n\u1ebfp nh\u0103n \u0111u\u00f4i m\u1eaft, n\u1ebfp nh\u0103n gi\u1eefa l\u00f4ng m\u00e0y v\u00e0 n\u1ebfp nh\u0103n quanh m\u00f4i, \u0111\u1ed3ng th\u1eddi gi\u1ea3m thi\u1ec3u r\u1ee7i ro t\u00e1c d\u1ee5ng ph\u1ee5.<\/p>\n<p><strong>4. C\u01a1 quan Qu\u1ea3n l\u00fd D\u01b0\u1ee3c ph\u1ea9m \u0110\u00e0i Loan (TFDA) \u0111\u00e3 ph\u00ea duy\u1ec7t nhi\u1ec1u ch\u1ec9 \u0111\u1ecbnh nh\u1ea5t<\/strong> C\u00e1c ch\u1ec9 \u0111\u1ecbnh y t\u1ebf \u0111\u01b0\u1ee3c ph\u00ea duy\u1ec7t t\u1ea1i \u0110\u00e0i Loan l\u00e0 r\u1ed9ng r\u00e3i nh\u1ea5t, bao g\u1ed3m n\u1ebfp nh\u0103n \u0111\u1ed9ng \u1edf v\u00f9ng m\u1eb7t tr\u00ean, ch\u1ee9ng t\u0103ng ti\u1ebft m\u1ed3 h\u00f4i n\u00e1ch nguy\u00ean ph\u00e1t, co th\u1eaft m\u00ed m\u1eaft, l\u00e1c m\u1eaft, \u0111au n\u1eeda \u0111\u1ea7u m\u00e3n t\u00ednh, v.v., khi\u1ebfn \u0111\u00e2y tr\u1edf th\u00e0nh th\u01b0\u01a1ng hi\u1ec7u Botox c\u00f3 danh m\u1ee5c ch\u1ec9 \u0111\u1ecbnh l\u00e2m s\u00e0ng \u0111\u1ea7y \u0111\u1ee7 nh\u1ea5t t\u1ea1i \u0110\u00e0i Loan.<\/p>\n<p><strong>5. Kh\u00f4ng c\u1ea7n ph\u1eabu thu\u1eadt trong su\u1ed1t qu\u00e1 tr\u00ecnh \u0111i\u1ec1u tr\u1ecb\u30fbKh\u00f4ng c\u1ea7n th\u1eddi gian h\u1ed3i ph\u1ee5c<\/strong> Qu\u00e1 tr\u00ecnh \u0111i\u1ec1u tr\u1ecb ch\u1ec9 m\u1ea5t kho\u1ea3ng 10\u201315 ph\u00fat, trong su\u1ed1t qu\u00e1 tr\u00ecnh ch\u1ec9 c\u00f3 c\u1ea3m gi\u00e1c ch\u00e2m ch\u00edch nh\u1eb9 nh\u01b0 b\u1ecb mu\u1ed7i \u0111\u1ed1t, kh\u00f4ng c\u1ea7n d\u00f9ng thu\u1ed1c t\u00ea, v\u00e0 b\u1ea1n c\u00f3 th\u1ec3 tr\u1edf l\u1ea1i sinh ho\u1ea1t v\u00e0 l\u00e0m vi\u1ec7c b\u00ecnh th\u01b0\u1eddng ngay sau khi ti\u00eam. \u0110\u00e2y l\u00e0 li\u1ec7u tr\u00ecnh th\u1ea9m m\u1ef9 ti\u1ec7n l\u1ee3i v\u00e0 d\u1ec5 ti\u1ebfp c\u1eadn nh\u1ea5t.<\/p>\n<hr \/>\n<h2>Th\u1eddi gian ph\u00e1t huy t\u00e1c d\u1ee5ng v\u00e0 th\u1eddi gian duy tr\u00ec t\u00e1c d\u1ee5ng<\/h2>\n<h3>Th\u1eddi gian ph\u00e1t huy t\u00e1c d\u1ee5ng (t\u00f9y theo v\u1ecb tr\u00ed)<\/h3>\n<ul>\n<li><strong>N\u1ebfp nh\u0103n do c\u1eed \u0111\u1ed9ng khu\u00f4n m\u1eb7t (n\u1ebfp nh\u0103n tr\u00e1n, n\u1ebfp nh\u0103n gi\u1eefa l\u00f4ng m\u00e0y, n\u1ebfp nh\u0103n \u0111u\u00f4i m\u1eaft)<\/strong>: B\u1ea1n s\u1ebd b\u1eaft \u0111\u1ea7u c\u1ea3m nh\u1eadn \u0111\u01b0\u1ee3c hi\u1ec7u qu\u1ea3 kho\u1ea3ng 3\u20137 ng\u00e0y sau khi ti\u00eam, v\u00e0 \u0111\u1ea1t \u0111\u1ec9nh \u0111i\u1ec3m v\u00e0o kho\u1ea3ng ng\u00e0y th\u1ee9 7\u201314<\/li>\n<li><strong>C\u01a1 nhai, \u0111\u01b0\u1eddng vi\u1ec1n h\u00e0m d\u01b0\u1edbi<\/strong>: Sau kho\u1ea3ng 3\u20134 tu\u1ea7n, b\u1ea1n s\u1ebd d\u1ea7n c\u1ea3m nh\u1eadn \u0111\u01b0\u1ee3c c\u01a1 b\u1eafp m\u1ec1m m\u1ea1i h\u01a1n v\u00e0 khu\u00f4n m\u1eb7t c\u00f3 s\u1ef1 thay \u0111\u1ed5i<\/li>\n<li><strong>c\u00e1c nh\u00f3m c\u01a1 l\u1edbn nh\u01b0 c\u01a1 xi\u00ean v\u00e0 c\u01a1 b\u1eafp ch\u00e2n<\/strong>: C\u1ea7n kho\u1ea3ng 3\u20134 tu\u1ea7n \u0111\u1ec3 \u0111\u1ea1t \u0111\u01b0\u1ee3c hi\u1ec7u qu\u1ea3 t\u1ed1i \u0111a; \u0111\u1ed1i v\u1edbi m\u1ed9t s\u1ed1 ng\u01b0\u1eddi, c\u1ea7n 1\u20132 th\u00e1ng \u0111\u1ec3 hi\u1ec7u qu\u1ea3 th\u1ec3 hi\u1ec7n r\u00f5 r\u00e0ng<\/li>\n<\/ul>\n<h3>Th\u1eddi gian duy tr\u00ec hi\u1ec7u qu\u1ea3<\/h3>\n<p>Th\u00f4ng th\u01b0\u1eddng c\u00f3 th\u1ec3 duy tr\u00ec \u0111\u01b0\u1ee3c kho\u1ea3ng <strong>4\u20136 th\u00e1ng<\/strong>, giai \u0111o\u1ea1n duy tr\u00ec b\u1ecb \u1ea3nh h\u01b0\u1edfng b\u1edfi c\u00e1c y\u1ebfu t\u1ed1 sau:<\/p>\n<ul>\n<li><strong>V\u1ecb tr\u00ed v\u00e0 m\u1ee9c \u0111\u1ed9 v\u1eadn \u0111\u1ed9ng c\u1ee7a c\u01a1<\/strong>: C\u00e1c v\u00f9ng th\u01b0\u1eddng xuy\u00ean bi\u1ec3u l\u1ed9 c\u1ea3m x\u00fac (nh\u01b0 gi\u1eefa hai l\u00f4ng m\u00e0y, v\u00f9ng quanh m\u1eaft) c\u00f3 th\u1ec3 c\u00f3 th\u1eddi gian duy tr\u00ec hi\u1ec7u qu\u1ea3 ng\u1eafn h\u01a1n<\/li>\n<li><strong>C\u01a1 \u0111\u1ecba c\u00e1 nh\u00e2n v\u00e0 t\u1ed1c \u0111\u1ed9 trao \u0111\u1ed5i ch\u1ea5t<\/strong>: Nh\u1eefng ng\u01b0\u1eddi c\u00f3 qu\u00e1 tr\u00ecnh trao \u0111\u1ed5i ch\u1ea5t nhanh th\u01b0\u1eddng c\u00f3 giai \u0111o\u1ea1n duy tr\u00ec t\u01b0\u01a1ng \u0111\u1ed1i ng\u1eafn<\/li>\n<li><strong>Li\u1ec1u ti\u00eam<\/strong>: Li\u1ec1u l\u01b0\u1ee3ng c\u00e0ng \u0111\u1ee7 th\u00ec th\u1eddi gian duy tr\u00ec hi\u1ec7u qu\u1ea3 c\u00e0ng l\u00e2u; b\u00e1c s\u0129 s\u1ebd \u0111\u00e1nh gi\u00e1 d\u1ef1a tr\u00ean t\u00ecnh tr\u1ea1ng c\u1ee5 th\u1ec3 c\u1ee7a t\u1eebng ng\u01b0\u1eddi<\/li>\n<li><strong>Hi\u1ec7u qu\u1ea3 t\u00edch l\u0169y c\u1ee7a li\u1ec7u tr\u00ecnh<\/strong>: C\u00e1c nghi\u00ean c\u1ee9u l\u00e2m s\u00e0ng cho th\u1ea5y, khi ti\u00eam \u0111\u1ec1u \u0111\u1eb7n, c\u01a1 b\u1eafp s\u1ebd d\u1ea7n quen v\u1edbi tr\u1ea1ng th\u00e1i th\u01b0 gi\u00e3n; hi\u1ec7u qu\u1ea3 s\u1ebd k\u00e9o d\u00e0i h\u01a1n theo s\u1ed1 l\u1ea7n ti\u00eam, v\u00e0 v\u1ec1 l\u00e2u d\u00e0i c\u00f3 th\u1ec3 gi\u1ea3m d\u1ea7n t\u1ea7n su\u1ea5t ti\u00eam b\u1ed5 sung<\/li>\n<\/ul>\n<p>N\u00ean \u0111i\u1ec1u tr\u1ecb \u0111\u1ecbnh k\u1ef3 2\u20133 l\u1ea7n m\u1ed7i n\u0103m \u0111\u1ec3 duy tr\u00ec hi\u1ec7u qu\u1ea3 \u1ed5n \u0111\u1ecbnh.<\/p>\n<hr \/>\n<h2>Li\u1ec1u l\u01b0\u1ee3ng tham kh\u1ea3o cho t\u1eebng b\u1ed9 ph\u1eadn<\/h2>\n<table>\n<thead>\n<tr>\n<th>V\u1ecb tr\u00ed<\/th>\n<th>Li\u1ec1u l\u01b0\u1ee3ng khuy\u1ebfn ngh\u1ecb<\/th>\n<\/tr>\n<\/thead>\n<tbody>\n<tr>\n<td>N\u1ebfp nh\u0103n tr\u00e1n<\/td>\n<td>10\u201330 U<\/td>\n<\/tr>\n<tr>\n<td>N\u1ebfp nh\u0103n gi\u1eefa l\u00f4ng m\u00e0y<\/td>\n<td>10\u201325 U<\/td>\n<\/tr>\n<tr>\n<td>N\u1ebfp nh\u0103n \u0111u\u00f4i c\u00e1 (m\u1ed9t b\u00ean)<\/td>\n<td>5\u201315 U<\/td>\n<\/tr>\n<tr>\n<td>Gi\u1ea3m m\u1ee1 v\u00f9ng c\u01a1 nhai (m\u1ed9t b\u00ean)<\/td>\n<td>40\u201360 U<\/td>\n<\/tr>\n<tr>\n<td>C\u01a1 xi\u00ean (m\u1ed9t b\u00ean)<\/td>\n<td>50\u201380 U<\/td>\n<\/tr>\n<tr>\n<td>H\u1ed9i ch\u1ee9ng t\u0103ng ti\u1ebft m\u1ed3 h\u00f4i (m\u1ed9t v\u00f9ng)<\/td>\n<td>50\u2013100 \u0111\u01a1n v\u1ecb<\/td>\n<\/tr>\n<tr>\n<td>C\u01a1 ch\u00e0y (m\u1ed9t b\u00ean)<\/td>\n<td>100 U<\/td>\n<\/tr>\n<\/tbody>\n<\/table>\n<p><em>Tr\u00ean \u0111\u00e2y l\u00e0 m\u1ee9c khuy\u1ebfn ngh\u1ecb chung; li\u1ec1u l\u01b0\u1ee3ng c\u1ee5 th\u1ec3 s\u1ebd do b\u00e1c s\u0129 quy\u1ebft \u0111\u1ecbnh sau khi \u0111\u00e1nh gi\u00e1 kh\u1ed1i l\u01b0\u1ee3ng c\u01a1 b\u1eafp v\u00e0 k\u1ebft qu\u1ea3 mong mu\u1ed1n c\u1ee7a t\u1eebng ng\u01b0\u1eddi.<\/em><\/p>\n<hr \/>\n<h2>Nh\u1eefng \u0111i\u1ec1u c\u1ea7n l\u01b0u \u00fd tr\u01b0\u1edbc khi \u0111i\u1ec1u tr\u1ecb<\/h2>\n<ul>\n<li>H\u00e3y th\u00f4ng b\u00e1o cho b\u00e1c s\u0129 v\u1ec1 ti\u1ec1n s\u1eed b\u1ec7nh, c\u00e1c lo\u1ea1i thu\u1ed1c ho\u1eb7c th\u1ef1c ph\u1ea9m ch\u1ee9c n\u0103ng m\u00e0 b\u1ea1n \u0111ang s\u1eed d\u1ee5ng<\/li>\n<li>Trong 1 tu\u1ea7n tr\u01b0\u1edbc khi ti\u00eam, n\u00ean tr\u00e1nh d\u00f9ng aspirin, thu\u1ed1c ch\u1ed1ng \u0111\u00f4ng m\u00e1u, d\u1ea7u c\u00e1, b\u1ea1ch qu\u1ea3, v.v., \u0111\u1ec3 gi\u1ea3m nguy c\u01a1 b\u1ea7m t\u00edm<\/li>\n<li>Nh\u1eefng ng\u01b0\u1eddi c\u00f3 v\u1ebft ti\u00eam b\u1ecb nhi\u1ec5m tr\u00f9ng, vi\u00eam ho\u1eb7c t\u1ed5n th\u01b0\u01a1ng da, vui l\u00f2ng ch\u1edd \u0111\u1ebfn khi h\u1ed3i ph\u1ee5c r\u1ed3i m\u1edbi ti\u00eam<\/li>\n<li>Ph\u1ee5 n\u1eef \u0111ang mang thai ho\u1eb7c cho con b\u00fa kh\u00f4ng \u0111\u01b0\u1ee3c ti\u00eam v\u1eafc-xin<\/li>\n<li>Kh\u00f4ng ti\u00eam cho nh\u1eefng ng\u01b0\u1eddi \u0111ang d\u00f9ng thu\u1ed1c gi\u00e3n c\u01a1<\/li>\n<\/ul>\n<h2>Nh\u1eefng \u0111i\u1ec1u c\u1ea7n l\u01b0u \u00fd sau khi \u0111i\u1ec1u tr\u1ecb<\/h2>\n<ul>\n<li>Trong v\u00f2ng 4 gi\u1edd sau khi ti\u00eam, tr\u00e1nh n\u1eb1m ng\u1eeda, n\u1eb1m s\u1ea5p, c\u00fai \u0111\u1ea7u ho\u1eb7c \u1ea5n v\u00e0o v\u1ecb tr\u00ed ti\u00eam<\/li>\n<li>Trong v\u00f2ng 4 gi\u1edd sau khi ti\u00eam, h\u00e3y tr\u00e1nh c\u00e1c ho\u1ea1t \u0111\u1ed9ng th\u1ec3 ch\u1ea5t m\u1ea1nh \u0111\u1ec3 ng\u0103n thu\u1ed1c lan sang c\u00e1c v\u00f9ng kh\u00f4ng \u0111\u01b0\u1ee3c \u0111i\u1ec1u tr\u1ecb<\/li>\n<li>Trong v\u00f2ng 6 gi\u1edd sau khi ti\u00eam, n\u1ebfu xu\u1ea5t hi\u1ec7n c\u00e1c tri\u1ec7u ch\u1ee9ng nh\u1eb9 nh\u01b0 s\u01b0ng, b\u1ea7m t\u00edm ho\u1eb7c \u0111au l\u00e0 hi\u1ec7n t\u01b0\u1ee3ng b\u00ecnh th\u01b0\u1eddng; c\u00f3 th\u1ec3 ch\u01b0\u1eddm \u0111\u00e1 \u0111\u1ec3 gi\u1ea3m b\u1edbt<\/li>\n<li>V\u00e0o ng\u00e0y ti\u00eam, kh\u00f4ng \u0111\u01b0\u1ee3c d\u00f9ng tay \u1ea5n ho\u1eb7c xoa b\u00f3p v\u00f9ng ti\u00eam<\/li>\n<li>Ng\u00e0y h\u00f4m \u0111\u00f3 kh\u00f4ng n\u00ean trang \u0111i\u1ec3m ho\u1eb7c s\u1eed d\u1ee5ng c\u00e1c s\u1ea3n ph\u1ea9m ch\u0103m s\u00f3c da c\u00f3 t\u00ednh k\u00edch \u1ee9ng<\/li>\n<li>Tr\u00e1nh th\u1ef1c hi\u1ec7n li\u1ec7u tr\u00ecnh t\u1ea9y da ch\u1ebft b\u1eb1ng axit trong v\u00f2ng 1 tu\u1ea7n<\/li>\n<li>Trong v\u00f2ng 1 tu\u1ea7n, h\u00e3y tr\u00e1nh c\u00e1c m\u00f4i tr\u01b0\u1eddng c\u00f3 nhi\u1ec7t \u0111\u1ed9 cao (su\u1ed1i n\u01b0\u1edbc n\u00f3ng, ph\u00f2ng x\u00f4ng h\u01a1i) v\u00e0 kh\u00f4ng r\u1eeda m\u1eb7t b\u1eb1ng n\u01b0\u1edbc n\u00f3ng<\/li>\n<li>Trong v\u00f2ng 1 th\u00e1ng, h\u00e3y tr\u00e1nh ng\u00e2m m\u00ecnh trong n\u01b0\u1edbc n\u00f3ng v\u00e0 ti\u1ebfp t\u1ee5c t\u0103ng c\u01b0\u1eddng c\u00e1c bi\u1ec7n ph\u00e1p ch\u1ed1ng n\u1eafng c\u0169ng nh\u01b0 d\u01b0\u1ee1ng \u1ea9m<\/li>\n<\/ul>\n<hr \/>\n<h2>Ch\u1ed1ng ch\u1ec9 \u0111\u1ecbnh (kh\u00f4ng n\u00ean ti\u00eam trong c\u00e1c tr\u01b0\u1eddng h\u1ee3p sau)<\/h2>\n<ul>\n<li>Nh\u1eefng ng\u01b0\u1eddi \u0111\u00e3 bi\u1ebft m\u00ecnh b\u1ecb d\u1ecb \u1ee9ng v\u1edbi thu\u1ed1c ch\u1ee9a \u0111\u1ed9c t\u1ed1 botulinum ho\u1eb7c c\u00e1c th\u00e0nh ph\u1ea7n c\u1ee7a thu\u1ed1c<\/li>\n<li>Ng\u01b0\u1eddi c\u00f3 v\u1ebft th\u01b0\u01a1ng nhi\u1ec5m tr\u00f9ng t\u1ea1i v\u1ecb tr\u00ed d\u1ef1 ki\u1ebfn ti\u00eam<\/li>\n<li>Ph\u1ee5 n\u1eef mang thai ho\u1eb7c \u0111ang cho con b\u00fa<\/li>\n<li>B\u1ec7nh nh\u00e2n m\u1eafc b\u1ec7nh nh\u01b0\u1ee3c c\u01a1 ho\u1eb7c h\u1ed9i ch\u1ee9ng Eaton-Lambert<\/li>\n<li>B\u1ec7nh nh\u00e2n \u0111ang d\u00f9ng thu\u1ed1c gi\u00e3n c\u01a1<\/li>\n<\/ul>\n<hr \/>\n<p><em>Thu\u1ed1c ti\u00eam b\u1ed9t kh\u00f4 \u00abAiligen\u00bb\uff5cGi\u1ea5y ph\u00e9p nh\u1eadp kh\u1ea9u thu\u1ed1c ph\u00f2ng d\u1ecbch s\u1ed1 000525 c\u1ee7a B\u1ed9 Y t\u1ebf<\/em><\/p>\n<p><em>C\u00e1c ch\u1ec9 \u0111\u1ecbnh \u0111\u01b0\u1ee3c ph\u00ea duy\u1ec7t trong t\u1edd h\u01b0\u1edbng d\u1eabn s\u1eed d\u1ee5ng: co th\u1eaft m\u00ed m\u1eaft, co th\u1eaft n\u1eeda m\u1eb7t, co th\u1eaft c\u01a1 c\u1ee5c b\u1ed9, l\u00e1c m\u1eaft, v\u1eb9o c\u1ed5 do co th\u1eaft, co th\u1eaft c\u01a1 do b\u1ea1i n\u00e3o \u1edf tr\u1ebb em, n\u1ebfp nh\u0103n v\u00f9ng m\u1eb7t tr\u00ean (n\u1ebfp nh\u0103n gi\u1eefa l\u00f4ng m\u00e0y, n\u1ebfp nh\u0103n tr\u00e1n, n\u1ebfp nh\u0103n \u0111u\u00f4i m\u1eaft), ch\u1ee9ng t\u0103ng ti\u1ebft m\u1ed3 h\u00f4i n\u00e1ch nguy\u00ean ph\u00e1t, co c\u1ee9ng c\u00e1nh tay sau \u0111\u1ed9t qu\u1ef5 \u1edf ng\u01b0\u1eddi l\u1edbn, \u0111i\u1ec1u tr\u1ecb d\u1ef1 ph\u00f2ng \u0111au n\u1eeda \u0111\u1ea7u m\u00e3n t\u00ednh. Vi\u1ec7c s\u1eed d\u1ee5ng cho c\u00e1c v\u00f9ng kh\u00e1c ngo\u00e0i c\u00e1c ch\u1ec9 \u0111\u1ecbnh \u0111\u01b0\u1ee3c ph\u00ea duy\u1ec7t trong t\u1edd h\u01b0\u1edbng d\u1eabn s\u1eed d\u1ee5ng (Off-label use) \u0111\u1ec1u ph\u1ea3i tu\u00e2n theo h\u01b0\u1edbng d\u1eabn tr\u1ef1c ti\u1ebfp c\u1ee7a b\u00e1c s\u0129.<\/em><\/p>\n<p><em>N\u1ed9i dung tr\u00ean trang n\u00e0y ch\u1ec9 mang t\u00ednh ch\u1ea5t tham kh\u1ea3o; hi\u1ec7u qu\u1ea3 th\u1ef1c t\u1ebf c\u1ee7a li\u1ec7u tr\u00ecnh c\u00f3 th\u1ec3 kh\u00e1c nhau t\u00f9y theo th\u1ec3 tr\u1ea1ng c\u1ee7a t\u1eebng ng\u01b0\u1eddi, do \u0111\u00f3 v\u1eabn c\u1ea7n \u0111\u01b0\u1ee3c b\u00e1c s\u0129 \u0111\u00e1nh gi\u00e1 v\u00e0 t\u01b0 v\u1ea5n tr\u1ef1c ti\u1ebfp.<\/em><\/p>","protected":false},"excerpt":{"rendered":"<p>Botox Ariesin, \u0111\u1ea1t \u0111\u01b0\u1ee3c s\u1ef1 c\u00e2n b\u1eb1ng to\u00e0n di\u1ec7n gi\u1eefa uy t\u00edn kinh \u0111i\u1ec3n v\u00e0 hi\u1ec7u qu\u1ea3 ch\u1ec9nh s\u1eeda ch\u00ednh x\u00e1c. V\u1edbi ch\u1ee9ng nh\u1eadn FDA to\u00e0n c\u1ea7u v\u00e0 d\u1eef li\u1ec7u l\u00e2m s\u00e0ng phong ph\u00fa, s\u1ea3n ph\u1ea9m gi\u00fap th\u01b0 gi\u00e3n ch\u00ednh x\u00e1c c\u00e1c c\u01a1 g\u00e2y ra n\u1ebfp nh\u0103n, kh\u00f4i ph\u1ee5c l\u1ea1i v\u1ebb m\u1ecbn m\u00e0ng, s\u0103n ch\u1eafc v\u00e0 bi\u1ec3u c\u1ea3m t\u1ef1 nhi\u00ean. Li\u1ec1u l\u01b0\u1ee3ng \u0111\u01b0\u1ee3c b\u00e1c s\u0129 \u0111\u00e1nh gi\u00e1 chuy\u00ean nghi\u1ec7p, t\u1ea1o n\u00ean \u0111\u01b0\u1eddng n\u00e9t tinh t\u1ebf ph\u00f9 h\u1ee3p ri\u00eang cho b\u1ea1n. H\u00e3y \u0111\u1eb7t l\u1ecbch t\u01b0 v\u1ea5n ngay h\u00f4m nay \u0111\u1ec3 tr\u1ea3i nghi\u1ec7m s\u1ea3n ph\u1ea9m kinh \u0111i\u1ec3n h\u00e0ng \u0111\u1ea7u trong l\u0129nh v\u1ef1c Botox.<\/p>","protected":false},"featured_media":10816,"comment_status":"open","ping_status":"closed","template":"","meta":{"_acf_changed":false},"product_brand":[],"product_cat":[156,15,163],"product_tag":[],"class_list":{"0":"post-10814","1":"product","2":"type-product","3":"status-publish","4":"has-post-thumbnail","6":"product_cat-non-surgical-aesthetics","7":"product_cat-service","8":"product_cat-botulinum-toxin-injections","10":"first","11":"instock","12":"shipping-taxable","13":"product-type-simple"},"acf":[],"_links":{"self":[{"href":"https:\/\/arisinclinic.com\/vi\/wp-json\/wp\/v2\/product\/10814","targetHints":{"allow":["GET"]}}],"collection":[{"href":"https:\/\/arisinclinic.com\/vi\/wp-json\/wp\/v2\/product"}],"about":[{"href":"https:\/\/arisinclinic.com\/vi\/wp-json\/wp\/v2\/types\/product"}],"replies":[{"embeddable":true,"href":"https:\/\/arisinclinic.com\/vi\/wp-json\/wp\/v2\/comments?post=10814"}],"wp:featuredmedia":[{"embeddable":true,"href":"https:\/\/arisinclinic.com\/vi\/wp-json\/wp\/v2\/media\/10816"}],"wp:attachment":[{"href":"https:\/\/arisinclinic.com\/vi\/wp-json\/wp\/v2\/media?parent=10814"}],"wp:term":[{"taxonomy":"product_brand","embeddable":true,"href":"https:\/\/arisinclinic.com\/vi\/wp-json\/wp\/v2\/product_brand?post=10814"},{"taxonomy":"product_cat","embeddable":true,"href":"https:\/\/arisinclinic.com\/vi\/wp-json\/wp\/v2\/product_cat?post=10814"},{"taxonomy":"product_tag","embeddable":true,"href":"https:\/\/arisinclinic.com\/vi\/wp-json\/wp\/v2\/product_tag?post=10814"}],"curies":[{"name":"wp","href":"https:\/\/api.w.org\/{rel}","templated":true}]}}