{"id":10820,"date":"2026-03-19T20:55:21","date_gmt":"2026-03-19T12:55:21","guid":{"rendered":"https:\/\/4t542t4sohxh.wpsite.pro\/?post_type=product&#038;p=10820"},"modified":"2026-04-14T22:01:01","modified_gmt":"2026-04-14T14:01:01","slug":"vivabella","status":"publish","type":"product","link":"https:\/\/arisinclinic.com\/vi\/service\/vivabella\/","title":{"rendered":"VIVABELLA"},"content":{"rendered":"<p>VIVABELLA, \u0111\u1ebfn t\u1eeb H\u00e0n Qu\u1ed1c, l\u00e0 m\u1ed9t lo\u1ea1i ch\u1ea5t k\u00edch th\u00edch t\u0103ng sinh collagen th\u1ebf h\u1ec7 m\u1edbi k\u1ebft h\u1ee3p gi\u1eefa PLA (poly-L-lactic acid) v\u00e0 HA (hyaluronic acid). C\u00f4ng ngh\u1ec7 \u0111\u1ed9c \u0111\u00e1o c\u1ee7a s\u1ea3n ph\u1ea9m gi\u00fap h\u00f2a tr\u1ed9n ho\u00e0n h\u1ea3o hai th\u00e0nh ph\u1ea7n n\u00e0y, kh\u00f4ng ch\u1ec9 gi\u00fap l\u1ea5p \u0111\u1ea7y c\u00e1c v\u00f9ng l\u00f5m v\u00e0 l\u00e0m m\u1edd n\u1ebfp nh\u0103n ngay l\u1eadp t\u1ee9c, m\u00e0 c\u00f2n k\u00edch th\u00edch t\u00e1i t\u1ea1o collagen t\u1ef1 nhi\u00ean trong th\u1eddi gian d\u00e0i, mang l\u1ea1i k\u1ebft qu\u1ea3 \u0111\u1ea7y \u0111\u1eb7n, m\u1ec1m m\u1ea1i v\u00e0 t\u1ef1 nhi\u00ean h\u01a1n so v\u1edbi c\u00e1c ch\u1ea5t k\u00edch th\u00edch t\u0103ng sinh truy\u1ec1n th\u1ed1ng, \u0111\u1ed3ng th\u1eddi gi\u1ea3m thi\u1ec3u nguy c\u01a1 h\u00ecnh th\u00e0nh c\u00e1c kh\u1ed1i u.<\/p>\n<p><img fetchpriority=\"high\" decoding=\"async\" class=\"alignnone wp-image-10822 size-full\" src=\"https:\/\/arisinclinic.com\/wp-content\/uploads\/2026\/03\/VIVABELLA-\u8587\u8c9d\u62c9\u4ecb\u7d391.jpg\" alt=\"Gi\u1edbi thi\u1ec7u v\u1ec1 VIVABELLA 1\" width=\"800\" height=\"800\" title=\"\" srcset=\"https:\/\/arisinclinic.com\/wp-content\/uploads\/2026\/03\/VIVABELLA-\u8587\u8c9d\u62c9\u4ecb\u7d391.jpg 800w, https:\/\/arisinclinic.com\/wp-content\/uploads\/2026\/03\/VIVABELLA-\u8587\u8c9d\u62c9\u4ecb\u7d391-300x300.jpg 300w, https:\/\/arisinclinic.com\/wp-content\/uploads\/2026\/03\/VIVABELLA-\u8587\u8c9d\u62c9\u4ecb\u7d391-150x150.jpg 150w, https:\/\/arisinclinic.com\/wp-content\/uploads\/2026\/03\/VIVABELLA-\u8587\u8c9d\u62c9\u4ecb\u7d391-768x768.jpg 768w, https:\/\/arisinclinic.com\/wp-content\/uploads\/2026\/03\/VIVABELLA-\u8587\u8c9d\u62c9\u4ecb\u7d391-600x600.jpg 600w, https:\/\/arisinclinic.com\/wp-content\/uploads\/2026\/03\/VIVABELLA-\u8587\u8c9d\u62c9\u4ecb\u7d391-100x100.jpg 100w\" sizes=\"(max-width: 800px) 100vw, 800px\" \/><\/p>\n<h3>VIVABELLA l\u00e0 g\u00ec?<\/h3>\n<p>Ch\u1ea5t k\u00edch th\u00edch t\u0103ng sinh collagen th\u1ebf h\u1ec7 m\u1edbi \u2013 VIVABELLA, t\u00ean ch\u00ednh th\u1ee9c l\u00e0 \u201cCh\u1ea5t c\u1ea5y gh\u00e9p m\u00f4 m\u1ec1m VIVABELLA\u201d, c\u00f2n \u0111\u01b0\u1ee3c g\u1ecdi l\u00e0 \u201cKim th\u1ea7n th\u1ebf h\u1ec7 th\u1ee9 hai\u201d trong gi\u1edbi; Kh\u00e1c bi\u1ec7t so v\u1edbi c\u00e1c lo\u1ea1i thu\u1ed1c ti\u00eam collagen kh\u00e1c, VIVABELLA kh\u00f4ng ch\u1ec9 ch\u1ee9a th\u00e0nh ph\u1ea7n \"Poly-D-lactic acid (PDLLA)\" m\u00e0 c\u00f2n k\u1ebft h\u1ee3p v\u1edbi tinh th\u1ec3 axit hyaluronic kh\u00f4ng li\u00ean k\u1ebft ch\u00e9o (non-crosslinked HA) \u0111\u1ec3 t\u1ea1o th\u00e0nh s\u1ea3n ph\u1ea9m. Sau khi ti\u00eam, s\u1ea3n ph\u1ea9m c\u00f3 th\u1ec3 c\u1ea3i thi\u1ec7n ngay l\u1eadp t\u1ee9c c\u00e1c v\u1ea5n \u0111\u1ec1 nh\u01b0 khu\u00f4n m\u1eb7t ph\u1eb3ng, m\u00e1 h\u00f3p, n\u1ebfp nh\u0103n quanh mi\u1ec7ng, v.v. Ngo\u00e0i ra, do VIVABELLA ch\u1ee9a axit hyaluronic kh\u00f4ng li\u00ean k\u1ebft ch\u00e9o, sau khi ti\u00eam \u00edt g\u00e2y ra v\u1ea5n \u0111\u1ec1 h\u00ecnh th\u00e0nh n\u1ed1t s\u1ea7n h\u01a1n so v\u1edbi c\u00e1c th\u01b0\u01a1ng hi\u1ec7u kh\u00e1c, gi\u00fap mang l\u1ea1i v\u1ebb ngo\u00e0i tr\u1ebb trung t\u1ef1 nhi\u00ean v\u00e0 tinh t\u1ebf.<\/p>\n<h3>C\u00e1c d\u00f2ng s\u1ea3n ph\u1ea9m VIVABELLA<\/h3>\n<p>VIVABELLA c\u00f3 hai d\u1ea1ng b\u00e0o ch\u1ebf ch\u00ednh, th\u01b0\u1eddng \u0111\u01b0\u1ee3c g\u1ecdi l\u00e0 \u201cVIVABELLA 200\u201d (m\u0169i ti\u00eam \u0111en) v\u00e0 \u201cVIVABELLA 50\u201d (m\u0169i ti\u00eam tr\u1eafng); \u0111i\u1ec3m kh\u00e1c bi\u1ec7t gi\u1eefa hai lo\u1ea1i n\u00e0y n\u1eb1m \u1edf k\u00edch th\u01b0\u1edbc h\u1ea1t c\u1ee7a c\u00e1c vi c\u1ea7u PDLLA. C\u00e1c vi c\u1ea7u PDLLA c\u00f3 k\u00edch th\u01b0\u1edbc ph\u00e2n t\u1eed kh\u00e1c nhau c\u00f3 th\u1ec3 \u0111\u01b0\u1ee3c ti\u00eam v\u00e0o c\u00e1c v\u00f9ng l\u00f5m kh\u00e1c nhau tr\u00ean c\u01a1 th\u1ec3, \u0111\u1ed3ng th\u1eddi gi\u00fap gi\u1ea3i quy\u1ebft c\u00e1c v\u1ea5n \u0111\u1ec1 l\u00e3o h\u00f3a kh\u00e1c nhau.<\/p>\n<p><img decoding=\"async\" class=\"alignnone wp-image-10823 size-full\" src=\"https:\/\/arisinclinic.com\/wp-content\/uploads\/2026\/03\/VIVABELLA-\u8587\u8c9d\u62c9\u4ecb\u7d392.jpg\" alt=\"Gi\u1edbi thi\u1ec7u v\u1ec1 VIVABELLA 2\" width=\"800\" height=\"800\" title=\"\" srcset=\"https:\/\/arisinclinic.com\/wp-content\/uploads\/2026\/03\/VIVABELLA-\u8587\u8c9d\u62c9\u4ecb\u7d392.jpg 800w, https:\/\/arisinclinic.com\/wp-content\/uploads\/2026\/03\/VIVABELLA-\u8587\u8c9d\u62c9\u4ecb\u7d392-300x300.jpg 300w, https:\/\/arisinclinic.com\/wp-content\/uploads\/2026\/03\/VIVABELLA-\u8587\u8c9d\u62c9\u4ecb\u7d392-150x150.jpg 150w, https:\/\/arisinclinic.com\/wp-content\/uploads\/2026\/03\/VIVABELLA-\u8587\u8c9d\u62c9\u4ecb\u7d392-768x768.jpg 768w, https:\/\/arisinclinic.com\/wp-content\/uploads\/2026\/03\/VIVABELLA-\u8587\u8c9d\u62c9\u4ecb\u7d392-600x600.jpg 600w, https:\/\/arisinclinic.com\/wp-content\/uploads\/2026\/03\/VIVABELLA-\u8587\u8c9d\u62c9\u4ecb\u7d392-100x100.jpg 100w\" sizes=\"(max-width: 800px) 100vw, 800px\" \/><\/p>\n<h4>Thu\u1ed1c ti\u00eam cho tr\u1ebb em da \u0111en (VIVABELLA 200)<\/h4>\n<p>Black Child Needle l\u00e0 m\u1ed9t lo\u1ea1i ch\u1ea5t l\u00e0m \u0111\u1ea7y c\u00f3 ph\u00e2n t\u1eed l\u1edbn, \u0111\u01b0\u1ee3c t\u1ea1o th\u00e0nh t\u1eeb s\u1ef1 k\u1ebft h\u1ee3p gi\u1eefa c\u00e1c h\u1ea1t PDLLA 170mg v\u00e0 axit hyaluronic, gi\u00fap kh\u1eafc ph\u1ee5c c\u00e1c v\u1ea5n \u0111\u1ec1 l\u00e3o h\u00f3a \u1edf l\u1edbp s\u00e2u nh\u01b0 m\u00e1 h\u00f3p, v\u00f9ng th\u00e1i d\u01b0\u01a1ng v\u00e0 n\u1ebfp nh\u0103n quanh mi\u1ec7ng \u2013 nh\u1eefng tri\u1ec7u ch\u1ee9ng \u0111\u01b0\u1ee3c x\u1ebfp v\u00e0o nh\u00f3m c\u00e1c v\u00f9ng l\u00f5m d\u01b0\u1edbi da.<\/p>\n<p><img decoding=\"async\" class=\"alignnone wp-image-10824 size-full\" src=\"https:\/\/arisinclinic.com\/wp-content\/uploads\/2026\/03\/VIVABELLA-\u8587\u8c9d\u62c9\u4ecb\u7d393.jpg\" alt=\"Gi\u1edbi thi\u1ec7u v\u1ec1 VIVABELLA 3\" width=\"800\" height=\"800\" title=\"\" srcset=\"https:\/\/arisinclinic.com\/wp-content\/uploads\/2026\/03\/VIVABELLA-\u8587\u8c9d\u62c9\u4ecb\u7d393.jpg 800w, https:\/\/arisinclinic.com\/wp-content\/uploads\/2026\/03\/VIVABELLA-\u8587\u8c9d\u62c9\u4ecb\u7d393-300x300.jpg 300w, https:\/\/arisinclinic.com\/wp-content\/uploads\/2026\/03\/VIVABELLA-\u8587\u8c9d\u62c9\u4ecb\u7d393-150x150.jpg 150w, https:\/\/arisinclinic.com\/wp-content\/uploads\/2026\/03\/VIVABELLA-\u8587\u8c9d\u62c9\u4ecb\u7d393-768x768.jpg 768w, https:\/\/arisinclinic.com\/wp-content\/uploads\/2026\/03\/VIVABELLA-\u8587\u8c9d\u62c9\u4ecb\u7d393-600x600.jpg 600w, https:\/\/arisinclinic.com\/wp-content\/uploads\/2026\/03\/VIVABELLA-\u8587\u8c9d\u62c9\u4ecb\u7d393-100x100.jpg 100w\" sizes=\"(max-width: 800px) 100vw, 800px\" \/><\/p>\n<h4>Thu\u1ed1c ti\u00eam cho tr\u1ebb s\u01a1 sinh (VIVABELLA 50)<\/h4>\n<p>Bai Tong Zhen \u0111\u01b0\u1ee3c t\u1ea1o th\u00e0nh t\u1eeb c\u00e1c h\u1ea1t PDLLA si\u00eau nh\u1ecf (50mg) c\u00f3 k\u00edch th\u01b0\u1edbc ph\u00e2n t\u1eed th\u1ea5p k\u1ebft h\u1ee3p v\u1edbi axit hyaluronic, gi\u00fap x\u00f3a m\u1edd n\u1ebfp nh\u0103n n\u00f4ng, l\u00e0m m\u1edd s\u1eb9o m\u1ee5n v\u00e0 c\u1ea3i thi\u1ec7n t\u1ed5ng th\u1ec3 ch\u1ea5t l\u01b0\u1ee3ng da. \u0110\u00e2y c\u0169ng l\u00e0 m\u1ed9t trong s\u1ed1 \u00edt c\u00e1c ch\u1ea5t l\u00e0m \u0111\u1ea7y hi\u1ec7n nay \u0111\u01b0\u1ee3c B\u1ed9 Y t\u1ebf v\u00e0 Ph\u00fac l\u1ee3i \u0110\u00e0i Loan c\u00f4ng nh\u1eadn l\u00e0 c\u00f3 t\u00e1c d\u1ee5ng t\u1ea1i l\u1edbp trung b\u00ec. Nh\u1edd c\u1ea5u tr\u00fac ph\u00e2n t\u1eed m\u1ecbn m\u00e0ng v\u00e0 m\u1ec1m m\u1ea1i, s\u1ea3n ph\u1ea9m n\u00e0y \u00edt g\u00e2y ra c\u00e1c v\u1ea5n \u0111\u1ec1 nh\u01b0 h\u00ecnh th\u00e0nh c\u1ee5c u, hi\u1ec7n t\u01b0\u1ee3ng da s\u1ea7n s\u00f9i hay s\u01b0ng t\u1ea5y.<\/p>\n<p><img loading=\"lazy\" decoding=\"async\" class=\"alignnone wp-image-10825 size-full\" src=\"https:\/\/arisinclinic.com\/wp-content\/uploads\/2026\/03\/VIVABELLA-\u8587\u8c9d\u62c9\u4ecb\u7d394.jpg\" alt=\"Gi\u1edbi thi\u1ec7u VIVABELLA 4\" width=\"800\" height=\"800\" title=\"\" srcset=\"https:\/\/arisinclinic.com\/wp-content\/uploads\/2026\/03\/VIVABELLA-\u8587\u8c9d\u62c9\u4ecb\u7d394.jpg 800w, https:\/\/arisinclinic.com\/wp-content\/uploads\/2026\/03\/VIVABELLA-\u8587\u8c9d\u62c9\u4ecb\u7d394-300x300.jpg 300w, https:\/\/arisinclinic.com\/wp-content\/uploads\/2026\/03\/VIVABELLA-\u8587\u8c9d\u62c9\u4ecb\u7d394-150x150.jpg 150w, https:\/\/arisinclinic.com\/wp-content\/uploads\/2026\/03\/VIVABELLA-\u8587\u8c9d\u62c9\u4ecb\u7d394-768x768.jpg 768w, https:\/\/arisinclinic.com\/wp-content\/uploads\/2026\/03\/VIVABELLA-\u8587\u8c9d\u62c9\u4ecb\u7d394-600x600.jpg 600w, https:\/\/arisinclinic.com\/wp-content\/uploads\/2026\/03\/VIVABELLA-\u8587\u8c9d\u62c9\u4ecb\u7d394-100x100.jpg 100w\" sizes=\"(max-width: 800px) 100vw, 800px\" \/><\/p>\n<h3>Nguy\u00ean l\u00fd ho\u1ea1t \u0111\u1ed9ng c\u1ee7a VIVABELLA l\u00e0 g\u00ec?<\/h3>\n<ul>\n<li>Hi\u1ec7u qu\u1ea3 n\u00e2ng \u0111\u1ee1 v\u1ec1 m\u1eb7t v\u1eadt l\u00fd: Sau khi ti\u00eam axit hyaluronic, da s\u1ebd ngay l\u1eadp t\u1ee9c \u0111\u01b0\u1ee3c l\u00e0m \u0111\u1ea7y v\u00e0 n\u00e2ng \u0111\u1ee1, gi\u00fap l\u1ea5p \u0111\u1ea7y c\u00e1c v\u00f9ng l\u00f5m v\u00e0 l\u00e0m m\u1edd c\u00e1c n\u1ebfp nh\u0103n do l\u00e3o h\u00f3a<\/li>\n<li>T\u00e1i t\u1ea1o collagen: Sau khi axit hyaluronic \u0111\u01b0\u1ee3c c\u01a1 th\u1ec3 h\u1ea5p th\u1ee5 d\u1ea7n, PDLLA (poly-D-lactic acid) s\u1ebd ti\u1ebfp t\u1ee5c k\u00edch th\u00edch qu\u00e1 tr\u00ecnh t\u00e1i t\u1ea1o collagen, gi\u00fap c\u1ea3i thi\u1ec7n c\u00e1c v\u00f9ng da b\u1ecb l\u00f5m nh\u01b0 g\u00f2 m\u00e1, l\u00e0m cho l\u00e0n da d\u1ea7n tr\u1edf n\u00ean c\u0103ng m\u1ecdng v\u00e0 ph\u1ee5c h\u1ed3i \u0111\u1ed9 \u0111\u00e0n h\u1ed3i v\u1ed1n c\u00f3.<\/li>\n<li>Hi\u1ec7u qu\u1ea3 duy tr\u00ec: K\u00edch ho\u1ea1t ho\u1ea1t \u0111\u1ed9ng c\u1ee7a t\u1ebf b\u00e0o, hi\u1ec7u qu\u1ea3 \u0111\u1ea1t \u0111\u1ec9nh cao, v\u00f9ng ti\u00eam tr\u1edf n\u00ean c\u0103ng m\u1ecdng v\u00e0 \u0111\u00e0n h\u1ed3i h\u01a1n, \u0111\u1ed3ng th\u1eddi v\u1eabn gi\u1eef \u0111\u01b0\u1ee3c \u0111\u01b0\u1eddng n\u00e9t m\u1ec1m m\u1ea1i v\u00e0 t\u1ef1 nhi\u00ean<\/li>\n<\/ul>","protected":false},"excerpt":{"rendered":"<p>Arixin VIVABELLA, mang \u0111\u1ebfn s\u1ef1 c\u00e2n b\u1eb1ng to\u00e0n di\u1ec7n gi\u1eefa hi\u1ec7u qu\u1ea3 l\u00e0m \u0111\u1ea7y t\u1ee9c th\u00ec v\u00e0 kh\u1ea3 n\u0103ng t\u00e1i t\u1ea1o l\u00e2u d\u00e0i. K\u1ebft h\u1ee3p \u01b0u \u0111i\u1ec3m c\u1ee7a axit lactic k\u00e9p v\u00e0 axit hyaluronic, s\u1ea3n ph\u1ea9m gi\u00fap kh\u1eafc ph\u1ee5c ch\u00ednh x\u00e1c c\u00e1c v\u00f9ng da l\u00f5m, l\u00e0m m\u1edd n\u1ebfp nh\u0103n v\u00e0 li\u00ean t\u1ee5c k\u00edch ho\u1ea1t kh\u1ea3 n\u0103ng t\u1ef1 ph\u1ee5c h\u1ed3i c\u1ee7a l\u00e0n da. B\u00e1c s\u0129 s\u1ebd \u0111\u00e1nh gi\u00e1 li\u1ec1u l\u01b0\u1ee3ng m\u1ed9t c\u00e1ch chuy\u00ean nghi\u1ec7p \u0111\u1ec3 t\u1ea1o n\u00ean v\u1ebb \u0111\u1eb9p c\u0103ng m\u1ecdng t\u1ef1 nhi\u00ean, tinh t\u1ebf v\u00e0 kh\u00f4ng c\u1ee9ng \u0111\u01a1. H\u00e3y \u0111\u1eb7t l\u1ecbch t\u01b0 v\u1ea5n ngay h\u00f4m nay \u0111\u1ec3 b\u1eaft \u0111\u1ea7u h\u00e0nh tr\u00ecnh t\u00e1i t\u1ea1o tu\u1ed5i thanh xu\u00e2n c\u1ee7a b\u1ea1n.<\/p>","protected":false},"featured_media":10821,"comment_status":"open","ping_status":"closed","template":"","meta":{"_acf_changed":false},"product_brand":[],"product_cat":[156,15,164],"product_tag":[],"class_list":{"0":"post-10820","1":"product","2":"type-product","3":"status-publish","4":"has-post-thumbnail","6":"product_cat-non-surgical-aesthetics","7":"product_cat-service","8":"product_cat-collagen-stimulators","10":"first","11":"instock","12":"shipping-taxable","13":"product-type-simple"},"acf":[],"_links":{"self":[{"href":"https:\/\/arisinclinic.com\/vi\/wp-json\/wp\/v2\/product\/10820","targetHints":{"allow":["GET"]}}],"collection":[{"href":"https:\/\/arisinclinic.com\/vi\/wp-json\/wp\/v2\/product"}],"about":[{"href":"https:\/\/arisinclinic.com\/vi\/wp-json\/wp\/v2\/types\/product"}],"replies":[{"embeddable":true,"href":"https:\/\/arisinclinic.com\/vi\/wp-json\/wp\/v2\/comments?post=10820"}],"wp:featuredmedia":[{"embeddable":true,"href":"https:\/\/arisinclinic.com\/vi\/wp-json\/wp\/v2\/media\/10821"}],"wp:attachment":[{"href":"https:\/\/arisinclinic.com\/vi\/wp-json\/wp\/v2\/media?parent=10820"}],"wp:term":[{"taxonomy":"product_brand","embeddable":true,"href":"https:\/\/arisinclinic.com\/vi\/wp-json\/wp\/v2\/product_brand?post=10820"},{"taxonomy":"product_cat","embeddable":true,"href":"https:\/\/arisinclinic.com\/vi\/wp-json\/wp\/v2\/product_cat?post=10820"},{"taxonomy":"product_tag","embeddable":true,"href":"https:\/\/arisinclinic.com\/vi\/wp-json\/wp\/v2\/product_tag?post=10820"}],"curies":[{"name":"wp","href":"https:\/\/api.w.org\/{rel}","templated":true}]}}