{"id":10826,"date":"2026-03-19T21:09:48","date_gmt":"2026-03-19T13:09:48","guid":{"rendered":"https:\/\/4t542t4sohxh.wpsite.pro\/?post_type=product&#038;p=10826"},"modified":"2026-04-23T18:20:58","modified_gmt":"2026-04-23T10:20:58","slug":"juvelook","status":"publish","type":"product","link":"https:\/\/arisinclinic.com\/vi\/service\/juvelook\/","title":{"rendered":"JUVELOOK Jia Yalu"},"content":{"rendered":"<p>JUVELOOK, s\u1ea3n ph\u1ea9m \u0111\u1ebfn t\u1eeb H\u00e0n Qu\u1ed1c, l\u00e0 m\u1ed9t lo\u1ea1i ch\u1ea5t k\u00edch th\u00edch t\u0103ng sinh collagen th\u1ebf h\u1ec7 m\u1edbi k\u1ebft h\u1ee3p gi\u1eefa PDLLA (poly-D-lactic acid) v\u00e0 axit hyaluronic kh\u00f4ng li\u00ean k\u1ebft. C\u00f4ng ngh\u1ec7 h\u00ecnh c\u1ea7u \"c\u1ee1 micromet\" \u0111\u1ed9c \u0111\u00e1o c\u1ee7a s\u1ea3n ph\u1ea9m c\u00f3 th\u1ec3 k\u00edch th\u00edch t\u00e1i t\u1ea1o collagen t\u1ef1 th\u00e2n m\u1ed9t c\u00e1ch nh\u1eb9 nh\u00e0ng v\u00e0 li\u00ean t\u1ee5c, \u0111\u1eb7c bi\u1ec7t ph\u00f9 h\u1ee3p \u0111\u1ec3 c\u1ea3i thi\u1ec7n l\u1ed7 ch\u00e2n l\u00f4ng to, n\u1ebfp nh\u0103n nh\u1ecf v\u00e0 n\u00e2ng cao ch\u1ea5t l\u01b0\u1ee3ng da t\u1ed5ng th\u1ec3. Sau khi s\u1eed d\u1ee5ng, da tr\u1edf n\u00ean m\u1ec1m m\u1ea1i v\u00e0 t\u1ef1 nhi\u00ean \u0111\u1ebfn m\u1ee9c t\u1ed1i \u0111a, \u00edt b\u1ecb h\u00ecnh th\u00e0nh c\u00e1c n\u1ed1t s\u1ea7n, gi\u00fap da l\u1ea5y l\u1ea1i v\u1ebb \u0111\u1eb9p t\u1ef1 nhi\u00ean m\u1ecbn m\u00e0ng v\u00e0 c\u0103ng m\u1ecdng.<\/p>\n<p><img fetchpriority=\"high\" decoding=\"async\" class=\"alignnone wp-image-10828 size-full\" src=\"https:\/\/arisinclinic.com\/wp-content\/uploads\/2026\/03\/JUVELOOK-\u55ac\u96c5\u9732\u4ecb\u7d39-1.jpg\" alt=\"Gi\u1edbi thi\u1ec7u JUVELOOK 1\" width=\"800\" height=\"1000\" title=\"\" srcset=\"https:\/\/arisinclinic.com\/wp-content\/uploads\/2026\/03\/JUVELOOK-\u55ac\u96c5\u9732\u4ecb\u7d39-1.jpg 800w, https:\/\/arisinclinic.com\/wp-content\/uploads\/2026\/03\/JUVELOOK-\u55ac\u96c5\u9732\u4ecb\u7d39-1-240x300.jpg 240w, https:\/\/arisinclinic.com\/wp-content\/uploads\/2026\/03\/JUVELOOK-\u55ac\u96c5\u9732\u4ecb\u7d39-1-768x960.jpg 768w, https:\/\/arisinclinic.com\/wp-content\/uploads\/2026\/03\/JUVELOOK-\u55ac\u96c5\u9732\u4ecb\u7d39-1-600x750.jpg 600w\" sizes=\"(max-width: 800px) 100vw, 800px\" \/><\/p>\n<h3>JUVELOOK l\u00e0 g\u00ec?<\/h3>\n<p>JUVELOOK l\u00e0 s\u1ea3n ph\u1ea9m k\u00edch th\u00edch s\u1ea3n sinh collagen th\u1ebf h\u1ec7 m\u1edbi do nh\u00e0 s\u1ea3n xu\u1ea5t H\u00e0n Qu\u1ed1c ph\u00e1t tri\u1ec3n, k\u1ebft h\u1ee3p hai th\u00e0nh ph\u1ea7n ch\u00ednh l\u00e0 poly-D-lactic acid (PDLLA) v\u00e0 axit hyaluronic (HA), gi\u00fap k\u00edch ho\u1ea1t ch\u00ednh x\u00e1c qu\u00e1 tr\u00ecnh t\u00e1i t\u1ea1o collagen, mang l\u1ea1i l\u00e0n da tr\u1ebb trung, c\u0103ng m\u1ecdng, \u0111\u00e0n h\u1ed3i v\u00e0 t\u1ef1 nhi\u00ean.<\/p>\n<p>K\u1ec3 t\u1eeb khi ra m\u1eaft t\u1ea1i H\u00e0n Qu\u1ed1c v\u00e0o n\u0103m 2018, nh\u1edd hi\u1ec7u qu\u1ea3 t\u1ef1 nhi\u00ean v\u00e0 \u0111\u1ed9 an to\u00e0n cao, s\u1ea3n ph\u1ea9m n\u00e0y \u0111\u00e3 nhanh ch\u00f3ng tr\u1edf n\u00ean n\u1ed5i ti\u1ebfng kh\u1eafp khu v\u1ef1c ch\u00e2u \u00c1, tr\u1edf th\u00e0nh l\u1ef1a ch\u1ecdn \u0111i\u1ec1u tr\u1ecb \u0111\u01b0\u1ee3c c\u00e1c b\u00e1c s\u0129 v\u00e0 ng\u01b0\u1eddi ti\u00eau d\u00f9ng \u01b0a chu\u1ed9ng. V\u01b0\u1ee3t qua gi\u1edbi h\u1ea1n c\u1ee7a d\u1ea1ng b\u00e0o ch\u1ebf \u0111\u01a1n l\u1ebb truy\u1ec1n th\u1ed1ng, s\u1ea3n ph\u1ea9m cung c\u1ea5p hai d\u1ea1ng b\u00e0o ch\u1ebf \u0111\u1ec3 l\u1ef1a ch\u1ecdn, \u0111\u00e1p \u1ee9ng m\u1ecdi nhu c\u1ea7u kh\u00e1c nhau, t\u1eeb c\u1ea3i thi\u1ec7n n\u1ebfp nh\u0103n s\u00e2u \u0111\u1ebfn ph\u1ee5c h\u1ed3i da \u1edf l\u1edbp b\u1ec1 m\u1eb7t. Qu\u00e1 tr\u00ecnh ti\u00eam ch\u1ec9 c\u1ea7n ti\u00eam t\u1ea1i ch\u1ed7, \u00edt x\u00e2m l\u1ea5n, th\u1eddi gian h\u1ed3i ph\u1ee5c ng\u1eafn, mang l\u1ea1i hi\u1ec7u qu\u1ea3 t\u1ef1 nhi\u00ean, kh\u00f4ng c\u1ee9ng \u0111\u01a1, \u0111\u1eb7c bi\u1ec7t ph\u00f9 h\u1ee3p v\u1edbi nh\u1eefng ng\u01b0\u1eddi kh\u00f4ng mu\u1ed1n ph\u1eabu thu\u1eadt v\u00e0 mong mu\u1ed1n \u00edt t\u00e1c d\u1ee5ng ph\u1ee5.<\/p>\n<p><img decoding=\"async\" class=\"alignnone wp-image-10829 size-full\" src=\"https:\/\/arisinclinic.com\/wp-content\/uploads\/2026\/03\/JUVELOOK-\u55ac\u96c5\u9732\u4ecb\u7d39-2.jpg\" alt=\"Gi\u1edbi thi\u1ec7u JUVELOOK 2\" width=\"800\" height=\"996\" title=\"\" srcset=\"https:\/\/arisinclinic.com\/wp-content\/uploads\/2026\/03\/JUVELOOK-\u55ac\u96c5\u9732\u4ecb\u7d39-2.jpg 800w, https:\/\/arisinclinic.com\/wp-content\/uploads\/2026\/03\/JUVELOOK-\u55ac\u96c5\u9732\u4ecb\u7d39-2-241x300.jpg 241w, https:\/\/arisinclinic.com\/wp-content\/uploads\/2026\/03\/JUVELOOK-\u55ac\u96c5\u9732\u4ecb\u7d39-2-768x956.jpg 768w, https:\/\/arisinclinic.com\/wp-content\/uploads\/2026\/03\/JUVELOOK-\u55ac\u96c5\u9732\u4ecb\u7d39-2-600x747.jpg 600w\" sizes=\"(max-width: 800px) 100vw, 800px\" \/><\/p>\n<h3>S\u1ef1 k\u1ebft h\u1ee3p ho\u00e0n h\u1ea3o gi\u1eefa PDLLA v\u00e0 HA<\/h3>\n<p>H\u1ea7u h\u1ebft c\u00e1c s\u1ea3n ph\u1ea9m k\u00edch th\u00edch t\u00e1i t\u1ea1o collagen truy\u1ec1n th\u1ed1ng tr\u00ean th\u1ecb tr\u01b0\u1eddng ch\u1ec9 ch\u1ee9a m\u1ed9t th\u00e0nh ph\u1ea7n duy nh\u1ea5t, n\u00ean kh\u00f3 c\u00f3 th\u1ec3 v\u1eeba mang l\u1ea1i \u201chi\u1ec7u qu\u1ea3 t\u1ee9c th\u00ec\u201d v\u1eeba \u0111\u1ea3m b\u1ea3o \u201ct\u00e1c d\u1ee5ng k\u00edch th\u00edch t\u00e1i t\u1ea1o collagen l\u00e2u d\u00e0i\u201d. JUVELOOK \u00e1p d\u1ee5ng c\u00f4ng ngh\u1ec7 \u0111\u1ed9c quy\u1ec1n, k\u1ebft h\u1ee3p theo t\u1ef7 l\u1ec7 v\u00e0ng gi\u1eefa poly-L-lactic acid (PDLLA) 85% v\u00e0 axit hyaluronic (HA) kh\u00f4ng li\u00ean k\u1ebft 15%, nh\u1eb9 nh\u00e0ng k\u00edch th\u00edch qu\u00e1 tr\u00ecnh t\u00e1i t\u1ea1o collagen, mang l\u1ea1i l\u00e0n da s\u0103n ch\u1eafc v\u00e0 r\u1ea1ng r\u1ee1.<\/p>\n<h4>Poly(d-lactic acid) PDLLA<\/h4>\n<p>L\u00e0 m\u1ed9t trong nh\u1eefng \u0111\u1ed3ng ph\u00e2n c\u1ee7a axit polylactic (PLA), PDLLA c\u00f3 t\u00ednh t\u01b0\u01a1ng th\u00edch sinh h\u1ecdc cao v\u00e0 c\u1ea5u tr\u00fac h\u00ecnh c\u1ea7u x\u1ed1p, gi\u00fap k\u00edch th\u00edch s\u1ef1 t\u0103ng sinh collagen hi\u1ec7u qu\u1ea3 h\u01a1n, \u0111\u1ed3ng th\u1eddi gi\u1ea3m thi\u1ec3u nguy c\u01a1 vi\u00eam nhi\u1ec5m v\u00e0 h\u00ecnh th\u00e0nh n\u1ed1t s\u1ea7n, \u0111\u1ea3m b\u1ea3o \u0111\u1ed9 an to\u00e0n cao. C\u00e1c nghi\u00ean c\u1ee9u l\u00e2m s\u00e0ng \u0111\u00e3 ch\u1ee9ng minh r\u1eb1ng PDLLA c\u00f3 th\u1ec3 l\u00e0m d\u00e0y l\u1edbp h\u1ea1 b\u00ec v\u00e0 t\u0103ng c\u01b0\u1eddng \u0111\u1ed9 \u0111\u00e0n h\u1ed3i cho da.<\/p>\n<h4>Axit hyaluronic kh\u00f4ng li\u00ean k\u1ebft (HA)<\/h4>\n<p>S\u1ea3n ph\u1ea9m s\u1eed d\u1ee5ng th\u00e0nh ph\u1ea7n d\u01b0\u1ee1ng \u1ea9m t\u1ef1 nhi\u00ean l\u00e0 \u201caxit hyaluronic kh\u00f4ng li\u00ean k\u1ebft\u201d l\u00e0m ch\u1ea5t mang, c\u00f3 kh\u1ea3 n\u0103ng t\u01b0\u01a1ng th\u00edch m\u00f4 cao, gi\u00fap gi\u1ea3m nguy c\u01a1 s\u01b0ng t\u1ea5y v\u00e0 vi\u00eam nhi\u1ec5m, h\u1ed7 tr\u1ee3 qu\u00e1 tr\u00ecnh h\u1ed3i ph\u1ee5c sau ph\u1eabu thu\u1eadt nhanh h\u01a1n, \u0111\u1ed3ng th\u1eddi mang l\u1ea1i c\u1ea3 t\u00e1c d\u1ee5ng n\u00e2ng \u0111\u1ee1 v\u00e0 d\u01b0\u1ee1ng \u1ea9m.<\/p>\n<p><img decoding=\"async\" class=\"alignnone wp-image-10830 size-full\" src=\"https:\/\/arisinclinic.com\/wp-content\/uploads\/2026\/03\/JUVELOOK-\u55ac\u96c5\u9732\u4ecb\u7d39-3.jpg\" alt=\"Gi\u1edbi thi\u1ec7u JUVELOOK 3\" width=\"800\" height=\"749\" title=\"\" srcset=\"https:\/\/arisinclinic.com\/wp-content\/uploads\/2026\/03\/JUVELOOK-\u55ac\u96c5\u9732\u4ecb\u7d39-3.jpg 800w, https:\/\/arisinclinic.com\/wp-content\/uploads\/2026\/03\/JUVELOOK-\u55ac\u96c5\u9732\u4ecb\u7d39-3-300x281.jpg 300w, https:\/\/arisinclinic.com\/wp-content\/uploads\/2026\/03\/JUVELOOK-\u55ac\u96c5\u9732\u4ecb\u7d39-3-768x719.jpg 768w, https:\/\/arisinclinic.com\/wp-content\/uploads\/2026\/03\/JUVELOOK-\u55ac\u96c5\u9732\u4ecb\u7d39-3-600x562.jpg 600w\" sizes=\"(max-width: 800px) 100vw, 800px\" \/><\/p>\n<h3>JUVELOOK: Hai d\u1ea1ng b\u00e0o ch\u1ebf ch\u00ednh<\/h3>\n<p>JUVELOOK c\u00f3 hai d\u1ea1ng b\u00e0o ch\u1ebf, gi\u00fap b\u1ea1n l\u1ef1a ch\u1ecdn ph\u01b0\u01a1ng ph\u00e1p ti\u00eam ph\u00f9 h\u1ee3p nh\u1ea5t v\u1edbi nhu c\u1ea7u \u0111\u1ec3 \u0111\u1ea1t \u0111\u01b0\u1ee3c hi\u1ec7u qu\u1ea3 \u0111i\u1ec1u tr\u1ecb t\u1ed1i \u01b0u:<\/p>\n<p><img loading=\"lazy\" decoding=\"async\" class=\"alignnone wp-image-10831 size-full\" src=\"https:\/\/arisinclinic.com\/wp-content\/uploads\/2026\/03\/JUVELOOK-\u55ac\u96c5\u9732\u4ecb\u7d39-6.jpg\" alt=\"Gi\u1edbi thi\u1ec7u JUVELOOK 6\" width=\"800\" height=\"450\" title=\"\" srcset=\"https:\/\/arisinclinic.com\/wp-content\/uploads\/2026\/03\/JUVELOOK-\u55ac\u96c5\u9732\u4ecb\u7d39-6.jpg 800w, https:\/\/arisinclinic.com\/wp-content\/uploads\/2026\/03\/JUVELOOK-\u55ac\u96c5\u9732\u4ecb\u7d39-6-300x169.jpg 300w, https:\/\/arisinclinic.com\/wp-content\/uploads\/2026\/03\/JUVELOOK-\u55ac\u96c5\u9732\u4ecb\u7d39-6-768x432.jpg 768w, https:\/\/arisinclinic.com\/wp-content\/uploads\/2026\/03\/JUVELOOK-\u55ac\u96c5\u9732\u4ecb\u7d39-6-600x338.jpg 600w\" sizes=\"(max-width: 800px) 100vw, 800px\" \/><\/p>\n<h4>D\u1ea1ng b\u00e0o ch\u1ebf ph\u00e2n t\u1eed nh\u1ecf JUVELOOK 50mg<\/h4>\n<p>C\u00e1c h\u1ea1t si\u00eau m\u1ecbn, th\u00edch h\u1ee3p cho c\u00e1c li\u1ec7u tr\u00ecnh ti\u00eam n\u00f4ng nh\u01b0 l\u00e0m \u0111\u1ea7y da to\u00e0n m\u1eb7t, thu nh\u1ecf l\u1ed7 ch\u00e2n l\u00f4ng, \u0111i\u1ec1u tr\u1ecb s\u1eb9o m\u1ee5n n\u00f4ng, n\u1ebfp nh\u0103n v\u00f9ng c\u1ed5, r\u00e3nh l\u1ec7, v.v., gi\u00fap c\u1ea3i thi\u1ec7n r\u00f5 r\u1ec7t ch\u1ea5t l\u01b0\u1ee3ng da. Hi\u1ec7u qu\u1ea3 duy tr\u00ec kho\u1ea3ng 12\u201316 th\u00e1ng.<\/p>\n<p><img loading=\"lazy\" decoding=\"async\" class=\"alignnone wp-image-10832 size-full\" src=\"https:\/\/arisinclinic.com\/wp-content\/uploads\/2026\/03\/JUVELOOK-\u55ac\u96c5\u9732\u4ecb\u7d39-5.jpg\" alt=\"Gi\u1edbi thi\u1ec7u JUVELOOK 5\" width=\"800\" height=\"450\" title=\"\" srcset=\"https:\/\/arisinclinic.com\/wp-content\/uploads\/2026\/03\/JUVELOOK-\u55ac\u96c5\u9732\u4ecb\u7d39-5.jpg 800w, https:\/\/arisinclinic.com\/wp-content\/uploads\/2026\/03\/JUVELOOK-\u55ac\u96c5\u9732\u4ecb\u7d39-5-300x169.jpg 300w, https:\/\/arisinclinic.com\/wp-content\/uploads\/2026\/03\/JUVELOOK-\u55ac\u96c5\u9732\u4ecb\u7d39-5-768x432.jpg 768w, https:\/\/arisinclinic.com\/wp-content\/uploads\/2026\/03\/JUVELOOK-\u55ac\u96c5\u9732\u4ecb\u7d39-5-600x338.jpg 600w\" sizes=\"(max-width: 800px) 100vw, 800px\" \/><\/p>\n<p><img loading=\"lazy\" decoding=\"async\" class=\"alignnone wp-image-10833 size-full\" src=\"https:\/\/arisinclinic.com\/wp-content\/uploads\/2026\/03\/JUVELOOK-\u55ac\u96c5\u9732\u4ecb\u7d39-4.jpg\" alt=\"Gi\u1edbi thi\u1ec7u JUVELOOK 4\" width=\"800\" height=\"450\" title=\"\" srcset=\"https:\/\/arisinclinic.com\/wp-content\/uploads\/2026\/03\/JUVELOOK-\u55ac\u96c5\u9732\u4ecb\u7d39-4.jpg 800w, https:\/\/arisinclinic.com\/wp-content\/uploads\/2026\/03\/JUVELOOK-\u55ac\u96c5\u9732\u4ecb\u7d39-4-300x169.jpg 300w, https:\/\/arisinclinic.com\/wp-content\/uploads\/2026\/03\/JUVELOOK-\u55ac\u96c5\u9732\u4ecb\u7d39-4-768x432.jpg 768w, https:\/\/arisinclinic.com\/wp-content\/uploads\/2026\/03\/JUVELOOK-\u55ac\u96c5\u9732\u4ecb\u7d39-4-600x338.jpg 600w\" sizes=\"(max-width: 800px) 100vw, 800px\" \/><\/p>\n<h4>D\u1ea1ng b\u00e0o ch\u1ebf ph\u00e2n t\u1eed l\u1edbn JUVELOOK Volume 200mg<\/h4>\n<p>C\u00e1c h\u1ea1t c\u00f3 k\u00edch th\u01b0\u1edbc l\u1edbn, th\u00edch h\u1ee3p \u0111\u1ec3 n\u00e2ng \u0111\u1ee1 s\u00e2u v\u00e0 t\u1ea1o h\u00ecnh \u0111\u01b0\u1eddng n\u00e9t, ch\u1eb3ng h\u1ea1n nh\u01b0 n\u1ebfp nh\u0103n \u1edf kh\u00f3e mi\u1ec7ng, v\u00f9ng tr\u00e1n v\u00e0 c\u00e1c v\u1ea5n \u0111\u1ec1 l\u00e3o h\u00f3a nh\u01b0 da ch\u1ea3y x\u1ec7 v\u00e0 m\u1ea5t \u0111\u1ed9 \u0111\u00e0n h\u1ed3i. Hi\u1ec7u qu\u1ea3 mang l\u1ea1i v\u1ebb t\u1ef1 nhi\u00ean, c\u0103ng m\u1ecdng, duy tr\u00ec trong th\u1eddi gian l\u00ean \u0111\u1ebfn 18\u201324 th\u00e1ng.<\/p>\n<h3>Nguy\u00ean l\u00fd ho\u1ea1t \u0111\u1ed9ng c\u1ee7a JUVELOOK<\/h3>\n<ul>\n<li>Hi\u1ec7u qu\u1ea3 n\u00e2ng \u0111\u1ee1 t\u1ee9c th\u00ec t\u1eeb axit hyaluronic: Ngay sau khi ti\u00eam, axit hyaluronic s\u1ebd mang l\u1ea1i hi\u1ec7u qu\u1ea3 n\u00e2ng \u0111\u1ee1 v\u00e0 l\u00e0m \u0111\u1ea7y<\/li>\n<li>T\u00e1i t\u1ea1o collagen: Sau 2\u20134 tu\u1ea7n, PDLLA k\u1ebft h\u1ee3p v\u1edbi m\u00f4, k\u00edch th\u00edch qu\u00e1 tr\u00ecnh t\u00e1i t\u1ea1o collagen v\u00e0 s\u1ee3i \u0111\u00e0n h\u1ed3i<\/li>\n<li>Th\u00e2n thi\u1ec7n v\u1edbi c\u01a1 th\u1ec3, an to\u00e0n v\u00e0 b\u1ec1n l\u00e2u: PDLLA c\u00f3 th\u1ec3 \u0111\u01b0\u1ee3c c\u01a1 th\u1ec3 ph\u00e2n h\u1ee7y t\u1ef1 nhi\u00ean, kh\u00f4ng \u0111\u1ec3 l\u1ea1i d\u01b0 l\u01b0\u1ee3ng, mang l\u1ea1i hi\u1ec7u qu\u1ea3 c\u0103ng m\u1ecdng l\u00e2u d\u00e0i v\u00e0 an to\u00e0n<\/li>\n<\/ul>\n<p><img loading=\"lazy\" decoding=\"async\" class=\"alignnone wp-image-10834 size-full\" src=\"https:\/\/arisinclinic.com\/wp-content\/uploads\/2026\/03\/JUVELOOK-\u55ac\u96c5\u9732\u4ecb\u7d398.jpg\" alt=\"JUVELOOK Gi\u1edbi thi\u1ec7u v\u1ec1 JUVELOOK 8\" width=\"800\" height=\"600\" title=\"\" srcset=\"https:\/\/arisinclinic.com\/wp-content\/uploads\/2026\/03\/JUVELOOK-\u55ac\u96c5\u9732\u4ecb\u7d398.jpg 800w, https:\/\/arisinclinic.com\/wp-content\/uploads\/2026\/03\/JUVELOOK-\u55ac\u96c5\u9732\u4ecb\u7d398-300x225.jpg 300w, https:\/\/arisinclinic.com\/wp-content\/uploads\/2026\/03\/JUVELOOK-\u55ac\u96c5\u9732\u4ecb\u7d398-768x576.jpg 768w, https:\/\/arisinclinic.com\/wp-content\/uploads\/2026\/03\/JUVELOOK-\u55ac\u96c5\u9732\u4ecb\u7d398-600x450.jpg 600w\" sizes=\"(max-width: 800px) 100vw, 800px\" \/><\/p>\n<h3>T\u1ea1i sao n\u00ean ch\u1ecdn JUVELOOK?<\/h3>\n<h4>1. Ch\u00ednh h\u00e3ng H\u00e0n Qu\u1ed1c | S\u1ea3n ph\u1ea9m k\u00edch th\u00edch s\u1ea3n sinh collagen b\u00e1n ch\u1ea1y nh\u1ea5t<\/h4>\n<p>JUVELOOK hi\u1ec7n \u0111\u00e3 c\u00f3 m\u1eb7t t\u1ea1i h\u01a1n 70 qu\u1ed1c gia tr\u00ean to\u00e0n th\u1ebf gi\u1edbi, v\u1edbi t\u1ed5ng doanh s\u1ed1 b\u00e1n ra v\u01b0\u1ee3t m\u1ed1c 1 tri\u1ec7u chai. S\u1ea3n ph\u1ea9m n\u00e0y \u0111\u00e3 li\u00ean ti\u1ebfp hai n\u0103m li\u1ec1n gi\u00e0nh gi\u1ea3i th\u01b0\u1edfng \"Gi\u1ea3i th\u01b0\u1edfng Ng\u01b0\u1eddi ti\u00eau d\u00f9ng H\u00e0n Qu\u1ed1c\", nh\u1edd t\u00ednh an to\u00e0n, \u1ed5n \u0111\u1ecbnh v\u00e0 hi\u1ec7u qu\u1ea3 t\u1ef1 nhi\u00ean, tr\u1edf th\u00e0nh l\u1ef1a ch\u1ecdn h\u00e0ng \u0111\u1ea7u tr\u00ean th\u1ecb tr\u01b0\u1eddng s\u1ea3n ph\u1ea9m k\u00edch th\u00edch s\u1ea3n sinh collagen hi\u1ec7n nay.<\/p>\n<ul>\n<li>X\u00e1c nh\u1eadn h\u00e0ng ch\u00ednh h\u00e3ng: H\u00e3y ch\u00fa \u00fd \u0111\u1ebfn bao b\u00ec b\u00ean ngo\u00e0i v\u00e0 th\u00f4ng tin v\u1ec1 d\u1ea1ng b\u00e0o ch\u1ebf. \u0110\u00e0i Loan l\u00e0 khu v\u1ef1c \u0111\u01b0\u1ee3c JUVELOOK \u1ee7y quy\u1ec1n ph\u00e2n ph\u1ed1i ch\u00ednh th\u1ee9c; vui l\u00f2ng mua h\u00e0ng qua c\u00e1c k\u00eanh ph\u00e2n ph\u1ed1i h\u1ee3p ph\u00e1p \u0111\u1ec3 \u0111\u1ea3m b\u1ea3o hi\u1ec7u qu\u1ea3 \u0111i\u1ec1u tr\u1ecb v\u00e0 an to\u00e0n.<\/li>\n<li>\u0110\u1ea3m b\u1ea3o ch\u1ee9ng nh\u1eadn qu\u1ed1c t\u1ebf: \u0110\u1ea1t ch\u1ee9ng nh\u1eadn KFDA c\u1ee7a H\u00e0n Qu\u1ed1c, CE c\u1ee7a Li\u00ean minh Ch\u00e2u \u00c2u v\u00e0 TFDA c\u1ee7a \u0110\u00e0i Loan, k\u1ebft h\u1ee3p gi\u1eefa b\u1eb1ng s\u00e1ng ch\u1ebf v\u00e0 ch\u1ea5t l\u01b0\u1ee3ng an to\u00e0n<\/li>\n<\/ul>\n<h4>2. C\u00f4ng th\u1ee9c k\u00e9p | Ch\u1ed1ng l\u00e3o h\u00f3a to\u00e0n di\u1ec7n<\/h4>\n<p>C\u00e1c ph\u00e2n t\u1eed nh\u1ecf c\u1ee7a JUVELOOK th\u00edch h\u1ee3p \u0111\u1ec3 c\u1ea3i thi\u1ec7n ch\u1ea5t l\u01b0\u1ee3ng da v\u00e0 ti\u00eam v\u00e0o c\u00e1c v\u00f9ng da m\u1ecfng; trong khi c\u00e1c ph\u00e2n t\u1eed l\u1edbn t\u1eadp trung v\u00e0o vi\u1ec7c l\u00e0m \u0111\u1ea7y s\u00e2u v\u00e0 n\u00e2ng \u0111\u1ee1 c\u1ea5u tr\u00fac da, mang l\u1ea1i hi\u1ec7u qu\u1ea3 ch\u1ed1ng l\u00e3o h\u00f3a to\u00e0n di\u1ec7n, kh\u00f4ng b\u1ecf s\u00f3t b\u1ea5t k\u1ef3 v\u00f9ng n\u00e0o.<\/p>\n<h4>3. C\u00f4ng th\u1ee9c k\u00e9p x Qu\u00e1 tr\u00ecnh trao \u0111\u1ed5i ch\u1ea5t t\u1ef1 nhi\u00ean | V\u1ebb \u0111\u1eb9p b\u1ec1n l\u00e2u h\u01a1n<\/h4>\n<p>S\u1ef1 k\u1ebft h\u1ee3p gi\u1eefa PDLLA v\u00e0 HA kh\u00f4ng ch\u1ec9 mang l\u1ea1i hi\u1ec7u qu\u1ea3 l\u00e0m \u0111\u1ea7y t\u1ee9c th\u00ec m\u00e0 c\u00f2n k\u00edch th\u00edch s\u1ef1 t\u00e1i t\u1ea1o collagen t\u1ef1 nhi\u00ean:<\/p>\n<ul>\n<li>T\u1ef1 nhi\u00ean, c\u0103ng m\u1ecdng v\u00e0 hi\u1ec7u qu\u1ea3 l\u00e2u d\u00e0i: Ban \u0111\u1ea7u, axit hyaluronic mang l\u1ea1i hi\u1ec7u qu\u1ea3 n\u00e2ng \u0111\u1ee1 t\u1ee9c th\u00ec; sau 2 tu\u1ea7n, qu\u00e1 tr\u00ecnh n\u00e0y b\u1eaft \u0111\u1ea7u k\u00edch th\u00edch s\u1ef1 t\u00e1i t\u1ea1o c\u1ee7a c\u00e1c t\u1ebf b\u00e0o s\u1ee3i v\u00e0 collagen, gi\u00fap duy tr\u00ec hi\u1ec7u qu\u1ea3 trong v\u00f2ng 12\u201324 th\u00e1ng<\/li>\n<li>T\u00ednh t\u01b0\u01a1ng th\u00edch sinh h\u1ecdc cao, ph\u00e2n h\u1ee7y t\u1ef1 nhi\u00ean: PDLLA kh\u00f4ng g\u00e2y ph\u1ea3n \u1ee9ng mi\u1ec5n d\u1ecbch \u0111\u00e1ng k\u1ec3, c\u00f3 th\u1ec3 ph\u00e2n h\u1ee7y ho\u00e0n to\u00e0n trong v\u00f2ng 72 tu\u1ea7n v\u00e0 kh\u00f4ng \u0111\u1ec3 l\u1ea1i d\u01b0 l\u01b0\u1ee3ng trong c\u01a1 th\u1ec3; axit hyaluronic v\u1ed1n l\u00e0 th\u00e0nh ph\u1ea7n t\u1ef1 nhi\u00ean c\u1ee7a c\u01a1 th\u1ec3, n\u00ean li\u1ec7u tr\u00ecnh \u0111i\u1ec1u tr\u1ecb an to\u00e0n v\u00e0 \u0111\u00e1ng tin c\u1eady<\/li>\n<\/ul>","protected":false},"excerpt":{"rendered":"<p>JUVELOOK c\u1ee7a Arixin \u0111\u1ea1t \u0111\u01b0\u1ee3c s\u1ef1 c\u00e2n b\u1eb1ng to\u00e0n di\u1ec7n gi\u1eefa qu\u00e1 tr\u00ecnh t\u00e1i t\u1ea1o s\u00e2u v\u00e0 ph\u1ee5c h\u1ed3i k\u1ebft c\u1ea5u da. C\u00f4ng ngh\u1ec7 h\u1ea1t vi m\u00f4 k\u00edch ho\u1ea1t ch\u00ednh x\u00e1c qu\u00e1 tr\u00ecnh t\u00e1i t\u1ea1o collagen, gi\u00fap thu nh\u1ecf l\u1ed7 ch\u00e2n l\u00f4ng, l\u00e0m m\u1edd n\u1ebfp nh\u0103n hi\u1ec7u qu\u1ea3, mang l\u1ea1i l\u00e0n da m\u1ec1m m\u1ea1i, t\u1ef1 nhi\u00ean v\u00e0 c\u0103ng m\u1ecdng. C\u00e1c b\u00e1c s\u0129 chuy\u00ean khoa s\u1ebd thi\u1ebft k\u1ebf li\u1ec7u tr\u00ecnh ri\u00eang bi\u1ec7t, gi\u00fap b\u1ea1n s\u1edf h\u1eefu v\u1ebb \u0111\u1eb9p t\u1ef1 nhi\u00ean kh\u00f4ng t\u00ec v\u1ebft. H\u00e3y \u0111\u1eb7t l\u1ecbch t\u01b0 v\u1ea5n ngay h\u00f4m nay \u0111\u1ec3 s\u1edf h\u1eefu l\u00e0n da m\u1ecbn m\u00e0ng v\u00e0 r\u1ea1ng r\u1ee1 h\u01a1n.<\/p>","protected":false},"featured_media":11967,"comment_status":"open","ping_status":"closed","template":"","meta":{"_acf_changed":false},"product_brand":[],"product_cat":[156,15,164],"product_tag":[],"class_list":{"0":"post-10826","1":"product","2":"type-product","3":"status-publish","4":"has-post-thumbnail","6":"product_cat-non-surgical-aesthetics","7":"product_cat-service","8":"product_cat-collagen-stimulators","10":"first","11":"instock","12":"shipping-taxable","13":"product-type-simple"},"acf":[],"_links":{"self":[{"href":"https:\/\/arisinclinic.com\/vi\/wp-json\/wp\/v2\/product\/10826","targetHints":{"allow":["GET"]}}],"collection":[{"href":"https:\/\/arisinclinic.com\/vi\/wp-json\/wp\/v2\/product"}],"about":[{"href":"https:\/\/arisinclinic.com\/vi\/wp-json\/wp\/v2\/types\/product"}],"replies":[{"embeddable":true,"href":"https:\/\/arisinclinic.com\/vi\/wp-json\/wp\/v2\/comments?post=10826"}],"wp:featuredmedia":[{"embeddable":true,"href":"https:\/\/arisinclinic.com\/vi\/wp-json\/wp\/v2\/media\/11967"}],"wp:attachment":[{"href":"https:\/\/arisinclinic.com\/vi\/wp-json\/wp\/v2\/media?parent=10826"}],"wp:term":[{"taxonomy":"product_brand","embeddable":true,"href":"https:\/\/arisinclinic.com\/vi\/wp-json\/wp\/v2\/product_brand?post=10826"},{"taxonomy":"product_cat","embeddable":true,"href":"https:\/\/arisinclinic.com\/vi\/wp-json\/wp\/v2\/product_cat?post=10826"},{"taxonomy":"product_tag","embeddable":true,"href":"https:\/\/arisinclinic.com\/vi\/wp-json\/wp\/v2\/product_tag?post=10826"}],"curies":[{"name":"wp","href":"https:\/\/api.w.org\/{rel}","templated":true}]}}