{"id":10835,"date":"2026-03-19T21:21:48","date_gmt":"2026-03-19T13:21:48","guid":{"rendered":"https:\/\/4t542t4sohxh.wpsite.pro\/?post_type=product&#038;p=10835"},"modified":"2026-04-14T21:59:34","modified_gmt":"2026-04-14T13:59:34","slug":"aesthefill","status":"publish","type":"product","link":"https:\/\/arisinclinic.com\/vi\/service\/aesthefill\/","title":{"rendered":"Aesthefill Alice"},"content":{"rendered":"<p>AestheFill, s\u1ea3n ph\u1ea9m \u0111\u1ebfn t\u1eeb H\u00e0n Qu\u1ed1c, l\u00e0 m\u1ed9t lo\u1ea1i ch\u1ea5t k\u00edch th\u00edch t\u0103ng sinh collagen PDLLA (poly-D-lactic acid) th\u1ebf h\u1ec7 m\u1edbi. C\u00f4ng ngh\u1ec7 \u201cvi c\u1ea7u x\u1ed1p\u201d \u0111\u01b0\u1ee3c c\u1ea5p b\u1eb1ng s\u00e1ng ch\u1ebf c\u1ee7a s\u1ea3n ph\u1ea9m c\u00f3 kh\u1ea3 n\u0103ng thu h\u00fat s\u1ef1 ph\u00e1t tri\u1ec3n c\u1ee7a c\u00e1c t\u1ebf b\u00e0o s\u1ee3i gi\u1ed1ng nh\u01b0 m\u1ed9t mi\u1ebfng b\u1ecdt bi\u1ec3n, t\u1eeb \u0111\u00f3 li\u00ean t\u1ee5c k\u00edch th\u00edch qu\u00e1 tr\u00ecnh t\u00e1i t\u1ea1o collagen t\u1ef1 nhi\u00ean. AestheFill s\u1edf h\u1eefu hai \u01b0u \u0111i\u1ec3m k\u00e9p l\u00e0 l\u00e0m \u0111\u1ea7y t\u1ee9c th\u00ec v\u00e0 h\u1ed7 tr\u1ee3 l\u00e2u d\u00e0i, mang l\u1ea1i c\u1ea3m gi\u00e1c m\u1ec1m m\u1ea1i t\u1ef1 nhi\u00ean v\u00e0 \u00edt g\u00e2y ra c\u00e1c n\u1ed1t s\u1ea7n, l\u00e0 l\u1ef1a ch\u1ecdn h\u00e0ng \u0111\u1ea7u \u0111\u1ec3 t\u00e1i t\u1ea1o \u0111\u01b0\u1eddng n\u00e9t c\u0103ng m\u1ecdng cho khu\u00f4n m\u1eb7t v\u00e0 c\u1ea3i thi\u1ec7n t\u00ecnh tr\u1ea1ng da ch\u1ea3y x\u1ec7.<\/p>\n<p><img fetchpriority=\"high\" decoding=\"async\" class=\"alignnone wp-image-10837 size-full\" src=\"https:\/\/arisinclinic.com\/wp-content\/uploads\/2026\/03\/Aesthefill-\u827e\u9e97\u65af\u4ecb\u7d391.jpg\" alt=\"Gi\u1edbi thi\u1ec7u v\u1ec1 Aesthefill 1\" width=\"800\" height=\"800\" title=\"\" srcset=\"https:\/\/arisinclinic.com\/wp-content\/uploads\/2026\/03\/Aesthefill-\u827e\u9e97\u65af\u4ecb\u7d391.jpg 800w, https:\/\/arisinclinic.com\/wp-content\/uploads\/2026\/03\/Aesthefill-\u827e\u9e97\u65af\u4ecb\u7d391-300x300.jpg 300w, https:\/\/arisinclinic.com\/wp-content\/uploads\/2026\/03\/Aesthefill-\u827e\u9e97\u65af\u4ecb\u7d391-150x150.jpg 150w, https:\/\/arisinclinic.com\/wp-content\/uploads\/2026\/03\/Aesthefill-\u827e\u9e97\u65af\u4ecb\u7d391-768x768.jpg 768w, https:\/\/arisinclinic.com\/wp-content\/uploads\/2026\/03\/Aesthefill-\u827e\u9e97\u65af\u4ecb\u7d391-600x600.jpg 600w, https:\/\/arisinclinic.com\/wp-content\/uploads\/2026\/03\/Aesthefill-\u827e\u9e97\u65af\u4ecb\u7d391-100x100.jpg 100w\" sizes=\"(max-width: 800px) 100vw, 800px\" \/><\/p>\n<h3>C\u1ea5u tr\u00fac vi c\u1ea7u x\u1ed1p \u0111\u01b0\u1ee3c c\u1ea5p b\u1eb1ng s\u00e1ng ch\u1ebf<\/h3>\n<p>AestheFill \u00e1p d\u1ee5ng c\u00f4ng ngh\u1ec7 vi c\u1ea7u x\u1ed1p, v\u1edbi c\u00e1c l\u1ed7 nh\u1ecf li ti b\u00ean trong vi c\u1ea7u; sau khi ti\u00eam, c\u00e1c vi c\u1ea7u n\u00e0y s\u1ebd \u0111\u00f3ng vai tr\u00f2 nh\u01b0 m\u1ed9t khung \u0111\u1ee1 cho c\u00e1c t\u1ebf b\u00e0o s\u1ee3i b\u00e1m d\u00ednh v\u00e0 ph\u00e1t tri\u1ec3n, t\u1eeb \u0111\u00f3 d\u1ea7n d\u1ea7n k\u00edch th\u00edch s\u1ef1 t\u0103ng sinh t\u1ef1 nhi\u00ean c\u1ee7a collagen n\u1ed9i sinh b\u00ean trong vi c\u1ea7u v\u00e0 trong c\u00e1c kho\u1ea3ng tr\u1ed1ng xung quanh, gi\u00fap c\u1ea3i thi\u1ec7n \u0111\u1ed9 s\u0103n ch\u1eafc v\u00e0 \u0111\u1ed9 \u0111\u00e0n h\u1ed3i c\u1ee7a da.<\/p>\n<h3>S\u1ef1 c\u00e2n b\u1eb1ng gi\u1eefa hi\u1ec7u qu\u1ea3 t\u1ee9c th\u00ec v\u00e0 kh\u1ea3 n\u0103ng ph\u1ee5c h\u1ed3i l\u00e2u d\u00e0i<\/h3>\n<p>So v\u1edbi c\u00e1c ch\u1ea5t l\u00e0m \u0111\u1ea7y truy\u1ec1n th\u1ed1ng \u0111\u00f2i h\u1ecfi th\u1eddi gian ch\u1edd \u0111\u1ee3i l\u00e2u h\u01a1n, AestheFill mang l\u1ea1i hi\u1ec7u qu\u1ea3 l\u00e0m \u0111\u1ea7y th\u1ec3 t\u00edch t\u1ee9c th\u00ec ngay khi ti\u00eam. \u0110\u1ed3ng th\u1eddi, theo th\u1eddi gian, th\u00e0nh ph\u1ea7n PDLLA s\u1ebd li\u00ean t\u1ee5c k\u00edch th\u00edch qu\u00e1 tr\u00ecnh t\u00e1i t\u1ea1o collagen, gi\u00fap l\u00e0n da d\u1ea7n tr\u1edf n\u00ean c\u0103ng m\u1ecdng v\u00e0 s\u0103n ch\u1eafc trong v\u00f2ng v\u00e0i tu\u1ea7n \u0111\u1ebfn v\u00e0i th\u00e1ng, mang l\u1ea1i hi\u1ec7u qu\u1ea3 th\u1ea9m m\u1ef9 t\u1ee9c th\u00ec v\u00e0 l\u00e2u d\u00e0i.<\/p>\n<h3>T\u00ednh t\u01b0\u01a1ng th\u00edch sinh h\u1ecdc cao, c\u1ea3m gi\u00e1c t\u1ef1 nhi\u00ean khi ch\u1ea1m v\u00e0o<\/h3>\n<p>Th\u00e0nh ph\u1ea7n ch\u00ednh c\u1ee7a AestheFill l\u00e0 PDLLA, m\u1ed9t lo\u1ea1i polymer t\u1ed5ng h\u1ee3p c\u00f3 kh\u1ea3 n\u0103ng ph\u00e2n h\u1ee7y sinh h\u1ecdc v\u00e0 t\u00ednh t\u01b0\u01a1ng th\u00edch sinh h\u1ecdc cao. Theo kinh nghi\u1ec7m l\u00e2m s\u00e0ng, collagen do s\u1ea3n ph\u1ea9m n\u00e0y k\u00edch th\u00edch s\u1ea3n sinh c\u00f3 k\u1ebft c\u1ea5u m\u1ec1m m\u1ea1i, h\u00f2a nh\u1eadp t\u1ed1t v\u1edbi c\u00e1c m\u00f4 xung quanh; mi\u1ec5n l\u00e0 b\u00e1c s\u0129 c\u00f3 kinh nghi\u1ec7m ki\u1ec3m so\u00e1t ch\u00ednh x\u00e1c \u0111\u1ed9 s\u00e2u ti\u00eam v\u00e0 li\u1ec1u l\u01b0\u1ee3ng, th\u01b0\u1eddng s\u1ebd mang l\u1ea1i c\u1ea3m gi\u00e1c khi ch\u1ea1m v\u00e0o v\u00e0 hi\u1ec7u qu\u1ea3 th\u1ea9m m\u1ef9 t\u1ef1 nhi\u00ean, kh\u00f4ng c\u1ee9ng nh\u1eafc.<\/p>\n<h3>C\u00e1c h\u1ea1t tan \u0111\u1ec1u, gi\u00fap gi\u1ea3m nguy c\u01a1 h\u00ecnh th\u00e0nh c\u1ee5c<\/h3>\n<p>Nh\u1edd c\u00f4ng ngh\u1ec7 s\u1ea5y phun, c\u00e1c h\u1ea1t vi c\u1ea7u c\u1ee7a AestheFill c\u00f3 k\u00edch th\u01b0\u1edbc m\u1ecbn h\u01a1n v\u00e0 ph\u00e2n b\u1ed1 \u0111\u1ed3ng \u0111\u1ec1u, gi\u00fap dung d\u1ecbch ph\u00e2n t\u00e1n \u0111\u1ec1u h\u01a1n \u1edf l\u1edbp m\u1ee5c ti\u00eau khi \u0111\u01b0\u1ee3c pha lo\u00e3ng \u0111\u00fang c\u00e1ch v\u00e0 ti\u00eam b\u1eb1ng k\u1ef9 thu\u1eadt chuy\u00ean nghi\u1ec7p. Trong th\u1ef1c h\u00e0nh l\u00e2m s\u00e0ng, \u0111i\u1ec1u n\u00e0y \u0111\u01b0\u1ee3c coi l\u00e0 m\u1ed9t y\u1ebfu t\u1ed1 gi\u00fap gi\u1ea3m nguy c\u01a1 h\u00ecnh th\u00e0nh c\u00e1c n\u1ed1t s\u1ea7n ho\u1eb7c kh\u1ed1i c\u1ee9ng d\u01b0\u1edbi da, t\u1eeb \u0111\u00f3 l\u00e0m cho to\u00e0n b\u1ed9 li\u1ec7u tr\u00ecnh tr\u1edf n\u00ean an to\u00e0n v\u00e0 \u1ed5n \u0111\u1ecbnh h\u01a1n.<\/p>\n<h3>\u0110i\u1ec1u ch\u1ec9nh n\u1ed3ng \u0111\u1ed9 theo nhu c\u1ea7u, t\u1ea1o hi\u1ec7u \u1ee9ng \u0111a t\u1ea7ng<\/h3>\n<p>AestheFill mang l\u1ea1i s\u1ef1 linh ho\u1ea1t cao trong qu\u00e1 tr\u00ecnh \u0111i\u1ec1u tr\u1ecb l\u00e2m s\u00e0ng, cho ph\u00e9p b\u00e1c s\u0129 \u0111i\u1ec1u ch\u1ec9nh n\u1ed3ng \u0111\u1ed9 pha lo\u00e3ng v\u00e0 \u0111\u1ed9 s\u00e2u ti\u00eam t\u00f9y theo t\u00ecnh tr\u1ea1ng v\u00e0 nhu c\u1ea7u c\u1ee5 th\u1ec3 c\u1ee7a t\u1eebng b\u1ec7nh nh\u00e2n. S\u1ea3n ph\u1ea9m c\u00f3 th\u1ec3 \u0111\u01b0\u1ee3c s\u1eed d\u1ee5ng \u0111\u1ec3 n\u00e2ng \u0111\u1ee1 \u0111\u01b0\u1eddng n\u00e9t s\u00e2u (nh\u01b0 v\u00f9ng th\u00e1i d\u01b0\u01a1ng, g\u00f2 m\u00e1, c\u1eb1m), x\u00f3a m\u1edd n\u1ebfp nh\u0103n n\u00f4ng ho\u1eb7c c\u1ea3i thi\u1ec7n ch\u1ea5t l\u01b0\u1ee3ng da to\u00e0n m\u1eb7t, t\u1eeb \u0111\u00f3 thi\u1ebft k\u1ebf ph\u00e1c \u0111\u1ed3 \u0111i\u1ec1u tr\u1ecb c\u00e1 nh\u00e2n h\u00f3a nh\u1eb1m t\u1ed1i \u01b0u h\u00f3a l\u00e0n da v\u00e0 \u0111\u01b0\u1eddng n\u00e9t khu\u00f4n m\u1eb7t.<\/p>\n<p><img decoding=\"async\" class=\"alignnone wp-image-10838 size-full\" src=\"https:\/\/arisinclinic.com\/wp-content\/uploads\/2026\/03\/Aesthefill-\u827e\u9e97\u65af\u4ecb\u7d39\uff12.jpg\" alt=\"Gi\u1edbi thi\u1ec7u v\u1ec1 Aesthefill 2\" width=\"800\" height=\"415\" title=\"\" srcset=\"https:\/\/arisinclinic.com\/wp-content\/uploads\/2026\/03\/Aesthefill-\u827e\u9e97\u65af\u4ecb\u7d39\uff12.jpg 800w, https:\/\/arisinclinic.com\/wp-content\/uploads\/2026\/03\/Aesthefill-\u827e\u9e97\u65af\u4ecb\u7d39\uff12-300x156.jpg 300w, https:\/\/arisinclinic.com\/wp-content\/uploads\/2026\/03\/Aesthefill-\u827e\u9e97\u65af\u4ecb\u7d39\uff12-768x398.jpg 768w, https:\/\/arisinclinic.com\/wp-content\/uploads\/2026\/03\/Aesthefill-\u827e\u9e97\u65af\u4ecb\u7d39\uff12-600x311.jpg 600w\" sizes=\"(max-width: 800px) 100vw, 800px\" \/><\/p>\n<h3>Nh\u1eefng \u0111i\u1ec1u c\u1ea7n l\u01b0u \u00fd khi s\u1eed d\u1ee5ng AestheFill<\/h3>\n<h4>Nh\u1eefng \u0111i\u1ec1u c\u1ea7n l\u01b0u \u00fd tr\u01b0\u1edbc ph\u1eabu thu\u1eadt<\/h4>\n<ul>\n<li>Tr\u01b0\u1edbc khi ti\u00eam m\u0169i ti\u00eam Alice Fairy, h\u00e3y tr\u00e1nh th\u1ee9c khuya v\u00e0o ng\u00e0y h\u00f4m tr\u01b0\u1edbc v\u00e0 ng\u1eebng d\u00f9ng c\u00e1c lo\u1ea1i thu\u1ed1c c\u00f3 ch\u1ee9a aspirin t\u1eeb 2 tu\u1ea7n tr\u01b0\u1edbc \u0111\u00f3<\/li>\n<li>Kh\u00f4ng n\u00ean ti\u00eam m\u0169i ti\u00eam Alice Fairy cho ph\u1ee5 n\u1eef \u0111ang c\u00f3 k\u1ebf ho\u1ea1ch mang thai, \u0111ang mang thai ho\u1eb7c \u0111ang cho con b\u00fa, c\u0169ng nh\u01b0 nh\u1eefng ng\u01b0\u1eddi c\u00f3 t\u00ecnh tr\u1ea1ng vi\u00eam nhi\u1ec5m tr\u00ean da m\u1eb7t, b\u1ecb nhi\u1ec5m tr\u00f9ng, ho\u1eb7c c\u00f3 c\u01a1 \u0111\u1ecba d\u1ec5 b\u1ecb s\u1eb9o l\u1ed3i nghi\u00eam tr\u1ecdng hay m\u1eafc c\u00e1c b\u1ec7nh v\u1ec1 da.<\/li>\n<\/ul>\n<h4>Nh\u1eefng \u0111i\u1ec1u c\u1ea7n l\u01b0u \u00fd sau ph\u1eabu thu\u1eadt<\/h4>\n<ul>\n<li>Trong v\u00f2ng 6 gi\u1edd, c\u00e1c tri\u1ec7u ch\u1ee9ng nh\u01b0 s\u01b0ng, b\u1ea7m t\u00edm, \u0111au ho\u1eb7c ng\u1ee9a \u0111\u1ec1u l\u00e0 hi\u1ec7n t\u01b0\u1ee3ng b\u00ecnh th\u01b0\u1eddng; b\u1ea1n c\u00f3 th\u1ec3 ch\u01b0\u1eddm \u0111\u00e1 \u0111\u1ec3 gi\u00fap gi\u1ea3m c\u00e1c tri\u1ec7u ch\u1ee9ng nhanh h\u01a1n<\/li>\n<li>Trong v\u00f2ng 4 gi\u1edd, tr\u00e1nh n\u1eb1m ng\u1eeda, n\u1eb1m s\u1ea5p ho\u1eb7c \u1ea5n v\u00e0o v\u00f9ng ti\u00eam; trong ng\u00e0y h\u00f4m \u0111\u00f3, c\u1ea7n tr\u00e1nh trang \u0111i\u1ec3m v\u00e0 s\u1eed d\u1ee5ng c\u00e1c s\u1ea3n ph\u1ea9m ch\u0103m s\u00f3c da c\u00f3 t\u00ednh k\u00edch \u1ee9ng cao<\/li>\n<li>C\u1ea7n t\u1ea1m ng\u01b0ng c\u00e1c li\u1ec7u tr\u00ecnh ho\u1eb7c s\u1ea3n ph\u1ea9m t\u1ea9y da ch\u1ebft b\u1eb1ng axit trong 1 tu\u1ea7n \u0111\u1ec3 tr\u00e1nh k\u00edch \u1ee9ng da qu\u00e1 m\u1ee9c. Ngo\u00e0i ra, kh\u00f4ng n\u00ean r\u1eeda m\u1eb7t b\u1eb1ng n\u01b0\u1edbc n\u00f3ng \u0111\u1ec3 kh\u00f4ng \u1ea3nh h\u01b0\u1edfng \u0111\u1ebfn hi\u1ec7u qu\u1ea3 \u0111i\u1ec1u tr\u1ecb sau ph\u1eabu thu\u1eadt.<\/li>\n<li>C\u00e1c khu v\u1ef1c c\u00f3 nhi\u1ec7t \u0111\u1ed9 cao nh\u01b0 su\u1ed1i n\u01b0\u1edbc n\u00f3ng, ph\u00f2ng x\u00f4ng h\u01a1i v\u00e0 ph\u00f2ng t\u1eafm h\u01a1i c\u1ea7n t\u1ea1m ng\u1eebng ho\u1ea1t \u0111\u1ed9ng trong 1 th\u00e1ng, \u0111\u1ed3ng th\u1eddi c\u1ea7n th\u1ef1c hi\u1ec7n c\u00e1c bi\u1ec7n ph\u00e1p ch\u1ed1ng n\u1eafng, c\u00e1ch ly v\u00e0 d\u01b0\u1ee1ng \u1ea9m<\/li>\n<li>Tr\u00e1nh \u0103n c\u00e1c lo\u1ea1i th\u1ef1c ph\u1ea9m g\u00e2y k\u00edch th\u00edch, ch\u1eb3ng h\u1ea1n nh\u01b0 \u0111\u1ed3 cay, \u0111\u1ed3 u\u1ed1ng c\u00f3 c\u1ed3n, v.v.<\/li>\n<\/ul>\n<h3><img decoding=\"async\" class=\"alignnone wp-image-10839 size-large\" src=\"https:\/\/arisinclinic.com\/wp-content\/uploads\/2026\/03\/Aesthefill-\u827e\u9e97\u65af\u4ecb\u7d393-653x1024.jpg\" alt=\"Gi\u1edbi thi\u1ec7u v\u1ec1 Aesthefill 3\" width=\"653\" height=\"1024\" title=\"\" srcset=\"https:\/\/arisinclinic.com\/wp-content\/uploads\/2026\/03\/Aesthefill-\u827e\u9e97\u65af\u4ecb\u7d393-653x1024.jpg 653w, https:\/\/arisinclinic.com\/wp-content\/uploads\/2026\/03\/Aesthefill-\u827e\u9e97\u65af\u4ecb\u7d393-191x300.jpg 191w, https:\/\/arisinclinic.com\/wp-content\/uploads\/2026\/03\/Aesthefill-\u827e\u9e97\u65af\u4ecb\u7d393-768x1204.jpg 768w, https:\/\/arisinclinic.com\/wp-content\/uploads\/2026\/03\/Aesthefill-\u827e\u9e97\u65af\u4ecb\u7d393-600x941.jpg 600w, https:\/\/arisinclinic.com\/wp-content\/uploads\/2026\/03\/Aesthefill-\u827e\u9e97\u65af\u4ecb\u7d393.jpg 800w\" sizes=\"(max-width: 653px) 100vw, 653px\" \/><\/h3>\n<h3>3 b\u01b0\u1edbc \u0111\u1ec3 nh\u1eadn bi\u1ebft s\u1ea3n ph\u1ea9m ch\u00ednh h\u00e3ng AestheFill<\/h3>\n<h4>B\u01b0\u1edbc 1: Ki\u1ec3m tra xem bao b\u00ec b\u00ean ngo\u00e0i c\u1ee7a s\u1ea3n ph\u1ea9m c\u00f3 c\u00f2n nguy\u00ean v\u1eb9n kh\u00f4ng<\/h4>\n<ul>\n<li>Tr\u00ean v\u1ecf h\u1ed9p s\u1ea3n ph\u1ea9m ph\u1ea3i d\u00e1n \u201cnh\u00e3n ti\u1ebfng Trung \u0111\u01b0\u1ee3c B\u1ed9 Y t\u1ebf v\u00e0 Ph\u00fac l\u1ee3i \u0110\u00e0i Loan ph\u00ea duy\u1ec7t\u201d v\u00e0 \u201cnh\u00e3n ch\u1ed1ng gi\u1ea3 b\u1eb1ng tia laser c\u1ee7a nh\u00e0 s\u1ea3n xu\u1ea5t\u201d.<\/li>\n<li>S\u1ed1 032692 c\u1ee7a C\u1ee5c Qu\u1ea3n l\u00fd Thi\u1ebft b\u1ecb Y t\u1ebf, B\u1ed9 Y t\u1ebf: \u0110\u1ea3m b\u1ea3o nh\u1eadp kh\u1ea9u h\u1ee3p ph\u00e1p<\/li>\n<li>M\u1edf bao b\u00ec t\u1ea1i ch\u1ed7: Vui l\u00f2ng y\u00eau c\u1ea7u nh\u00e2n vi\u00ean y t\u1ebf m\u1edf bao b\u00ec t\u1ea1i ch\u1ed7. S\u1ea3n ph\u1ea9m l\u00e0 v\u1eadt t\u01b0 y t\u1ebf d\u00f9ng m\u1ed9t l\u1ea7n, kh\u00f4ng \u0111\u01b0\u1ee3c t\u00e1i s\u1eed d\u1ee5ng v\u00e0 kh\u00f4ng n\u00ean d\u00f9ng chung v\u1edbi ng\u01b0\u1eddi kh\u00e1c.<\/li>\n<li>N\u1eafp \u0111\u00f3ng k\u00edn: Ki\u1ec3m tra xem mi\u1ebfng d\u00e1n ni\u00eam phong c\u00f3 b\u1ecb r\u00e1ch hay kh\u00f4ng<\/li>\n<\/ul>\n<h4>B\u01b0\u1edbc 2: Qu\u00e9t m\u00e3 QR tr\u00ean nh\u00e3n ch\u1ed1ng gi\u1ea3 b\u1eb1ng tia laser<\/h4>\n<p>Vui l\u00f2ng c\u1ea1o l\u1edbp ph\u1ee7 m\u00e0u b\u1ea1c tr\u00ean nh\u00e3n ch\u1ed1ng gi\u1ea3 b\u1eb1ng tia laser, sau \u0111\u00f3 d\u00f9ng \u0111i\u1ec7n tho\u1ea1i qu\u00e9t m\u00e3 QR \u0111\u1ec3 x\u00e1c minh v\u00e0 x\u00e1c th\u1ef1c.<\/p>\n<h4>B\u01b0\u1edbc 3: X\u00e1c nh\u1eadn th\u00f4ng tin x\u00e1c th\u1ef1c<\/h4>\n<p>Sau khi qu\u00e9t, m\u00e0n h\u00ecnh \u0111i\u1ec7n tho\u1ea1i s\u1ebd hi\u1ec3n th\u1ecb th\u00f4ng b\u00e1o \u201cX\u00e1c minh th\u00e0nh c\u00f4ng\u201d v\u00e0 th\u00f4ng tin \u201c\u0110\u00e3 \u0111\u01b0\u1ee3c x\u00e1c minh l\u1ea7n th\u1ee9 1\u201d, l\u00fac n\u00e0y b\u1ea1n c\u00f3 th\u1ec3 x\u00e1c nh\u1eadn \u0111\u00e2y l\u00e0 h\u00e0ng ch\u00ednh h\u00e3ng.<\/p>","protected":false},"excerpt":{"rendered":"<p>AestheFill Alice \u0111\u1ea1t \u0111\u01b0\u1ee3c s\u1ef1 c\u00e2n b\u1eb1ng to\u00e0n di\u1ec7n gi\u1eefa hi\u1ec7u qu\u1ea3 t\u0103ng sinh l\u00e2u d\u00e0i v\u00e0 c\u1ea3m gi\u00e1c t\u1ef1 nhi\u00ean. C\u00f4ng ngh\u1ec7 vi c\u1ea7u x\u1ed1p \u0111\u1ed9c quy\u1ec1n k\u00edch ho\u1ea1t ch\u00ednh x\u00e1c qu\u00e1 tr\u00ecnh t\u00e1i t\u1ea1o collagen t\u1ef1 th\u00e2n, gi\u00fap l\u1ea5p \u0111\u1ea7y c\u00e1c v\u00f9ng l\u00f5m tr\u00ean khu\u00f4n m\u1eb7t, l\u00e0m m\u1edd n\u1ebfp nh\u0103n v\u00e0 t\u00e1i t\u1ea1o \u0111\u01b0\u1eddng n\u00e9t c\u0103ng m\u1ecdng. \u0110\u01b0\u1ee3c b\u00e1c s\u0129 chuy\u00ean khoa thi\u1ebft k\u1ebf ri\u00eang, mang \u0111\u1ebfn cho b\u1ea1n v\u1ebb \u0111\u1eb9p tr\u1ebb trung t\u1ef1 nhi\u00ean kh\u00f4ng \u0111\u1ec3 l\u1ea1i d\u1ea5u v\u1ebft. H\u00e3y \u0111\u1eb7t l\u1ecbch t\u01b0 v\u1ea5n ngay h\u00f4m nay \u0111\u1ec3 tr\u1ea3i nghi\u1ec7m s\u1ee9c h\u00fat \u0111\u1ea7y \u0111\u1eb7n t\u1eeb \"Kim th\u1ea7n ti\u00ean\".<\/p>","protected":false},"featured_media":10836,"comment_status":"open","ping_status":"closed","template":"","meta":{"_acf_changed":false},"product_brand":[],"product_cat":[156,15,164],"product_tag":[],"class_list":{"0":"post-10835","1":"product","2":"type-product","3":"status-publish","4":"has-post-thumbnail","6":"product_cat-non-surgical-aesthetics","7":"product_cat-service","8":"product_cat-collagen-stimulators","10":"first","11":"instock","12":"shipping-taxable","13":"product-type-simple"},"acf":[],"_links":{"self":[{"href":"https:\/\/arisinclinic.com\/vi\/wp-json\/wp\/v2\/product\/10835","targetHints":{"allow":["GET"]}}],"collection":[{"href":"https:\/\/arisinclinic.com\/vi\/wp-json\/wp\/v2\/product"}],"about":[{"href":"https:\/\/arisinclinic.com\/vi\/wp-json\/wp\/v2\/types\/product"}],"replies":[{"embeddable":true,"href":"https:\/\/arisinclinic.com\/vi\/wp-json\/wp\/v2\/comments?post=10835"}],"wp:featuredmedia":[{"embeddable":true,"href":"https:\/\/arisinclinic.com\/vi\/wp-json\/wp\/v2\/media\/10836"}],"wp:attachment":[{"href":"https:\/\/arisinclinic.com\/vi\/wp-json\/wp\/v2\/media?parent=10835"}],"wp:term":[{"taxonomy":"product_brand","embeddable":true,"href":"https:\/\/arisinclinic.com\/vi\/wp-json\/wp\/v2\/product_brand?post=10835"},{"taxonomy":"product_cat","embeddable":true,"href":"https:\/\/arisinclinic.com\/vi\/wp-json\/wp\/v2\/product_cat?post=10835"},{"taxonomy":"product_tag","embeddable":true,"href":"https:\/\/arisinclinic.com\/vi\/wp-json\/wp\/v2\/product_tag?post=10835"}],"curies":[{"name":"wp","href":"https:\/\/api.w.org\/{rel}","templated":true}]}}