{"id":10840,"date":"2026-03-19T21:46:03","date_gmt":"2026-03-19T13:46:03","guid":{"rendered":"https:\/\/4t542t4sohxh.wpsite.pro\/?post_type=product&#038;p=10840"},"modified":"2026-04-14T21:58:33","modified_gmt":"2026-04-14T13:58:33","slug":"mint-lift","status":"publish","type":"product","link":"https:\/\/arisinclinic.com\/vi\/service\/mint-lift\/","title":{"rendered":"MINT Lift \u2013 N\u00e2ng c\u01a1 th\u1ea7n k\u1ef3 | D\u00e2y n\u00e2ng c\u01a1 MINT"},"content":{"rendered":"<p>MINT Lift \u2013 c\u00f4ng ngh\u1ec7 n\u00e2ng c\u01a1 th\u1ea7n k\u1ef3 \u0111\u1ebfn t\u1eeb H\u00e0n Qu\u1ed1c, \u0111\u01b0\u1ee3c c\u00e1c chu\u1ed7i ph\u00f2ng kh\u00e1m tr\u00ean to\u00e0n th\u1ebf gi\u1edbi tin d\u00f9ng \u2013 l\u00e0 lo\u1ea1i ch\u1ec9 PDO \u00e9p khu\u00f4n \u0111\u00e3 \u0111\u01b0\u1ee3c c\u1ea5p ch\u1ee9ng nh\u1eadn k\u00e9p b\u1edfi FDA Hoa K\u1ef3 v\u00e0 TFDA \u0110\u00e0i Loan. Thi\u1ebft k\u1ebf m\u00f3c xo\u1eafn 360 \u0111\u1ed9 \u0111\u1ed9c quy\u1ec1n mang l\u1ea1i l\u1ef1c b\u00e1m c\u1ef1c m\u1ea1nh, gi\u00fap kh\u1eafc ph\u1ee5c hi\u1ec7u qu\u1ea3 t\u00ecnh tr\u1ea1ng da ch\u1ea3y x\u1ec7 v\u00e0 t\u00e1i t\u1ea1o \u0111\u01b0\u1eddng n\u00e9t khu\u00f4n m\u1eb7t s\u0103n ch\u1eafc. Th\u00f4ng qua k\u1ef9 thu\u1eadt x\u00e2m l\u1ea5n t\u1ed1i thi\u1ec3u k\u1ebft h\u1ee3p v\u1edbi qu\u00e1 tr\u00ecnh ph\u1ee5c h\u1ed3i m\u00f4, s\u1ea3n ph\u1ea9m gi\u00fap b\u1ea1n l\u1ea5y l\u1ea1i \u0111\u1ed9 c\u0103ng tr\u1ebb trung v\u00e0 duy tr\u00ec v\u1ebb \u0111\u1eb9p c\u0103ng m\u1ecdng t\u1ef1 nhi\u00ean l\u00e2u d\u00e0i.<\/p>\n<p><img fetchpriority=\"high\" decoding=\"async\" class=\"alignnone wp-image-10843 size-full\" src=\"https:\/\/arisinclinic.com\/wp-content\/uploads\/2026\/03\/MINT-Lift-\u795e\u529b\u62c9\u63d0\u4ecb\u7d392.jpg\" alt=\"Gi\u1edbi thi\u1ec7u v\u1ec1 MINT Lift \u2013 C\u00f4ng ngh\u1ec7 n\u00e2ng c\u01a1 th\u1ea7n k\u1ef3 2\" width=\"800\" height=\"518\" title=\"\" srcset=\"https:\/\/arisinclinic.com\/wp-content\/uploads\/2026\/03\/MINT-Lift-\u795e\u529b\u62c9\u63d0\u4ecb\u7d392.jpg 800w, https:\/\/arisinclinic.com\/wp-content\/uploads\/2026\/03\/MINT-Lift-\u795e\u529b\u62c9\u63d0\u4ecb\u7d392-300x194.jpg 300w, https:\/\/arisinclinic.com\/wp-content\/uploads\/2026\/03\/MINT-Lift-\u795e\u529b\u62c9\u63d0\u4ecb\u7d392-768x497.jpg 768w, https:\/\/arisinclinic.com\/wp-content\/uploads\/2026\/03\/MINT-Lift-\u795e\u529b\u62c9\u63d0\u4ecb\u7d392-600x389.jpg 600w\" sizes=\"(max-width: 800px) 100vw, 800px\" \/><\/p>\n<h3>N\u0103m \u0111i\u1ec3m n\u1ed5i b\u1eadt c\u1ee7a li\u1ec7u tr\u00ecnh n\u00e2ng c\u01a1 MINT Lift<\/h3>\n<h4>C\u00f4ng ngh\u1ec7 d\u1eadp khu\u00f4n \u0111\u1ed9c quy\u1ec1n, \u0111\u00fac nguy\u00ean kh\u1ed1i cho \u0111\u1ed9 b\u1ec1n cao h\u01a1n<\/h4>\n<p>MINT Lift \u00e1p d\u1ee5ng c\u00f4ng ngh\u1ec7 d\u1eadp khu\u00f4n \u0111\u1ed9c quy\u1ec1n, trong \u0111\u00f3 s\u1ee3i d\u00e2y v\u00e0 m\u00f3c ng\u01b0\u1ee3c \u0111\u01b0\u1ee3c \u0111\u00fac th\u00e0nh m\u1ed9t kh\u1ed1i li\u1ec1n m\u1ea1ch. So v\u1edbi ph\u01b0\u01a1ng ph\u00e1p c\u1eaft s\u1ee3i truy\u1ec1n th\u1ed1ng, c\u00f4ng ngh\u1ec7 n\u00e0y gi\u00fap gi\u1eef nguy\u00ean c\u1ea5u tr\u00fac c\u1ee7a s\u1ee3i d\u00e2y, mang l\u1ea1i \u0111\u1ed9 b\u1ec1n c\u1ef1c cao v\u00e0 gi\u1ea3m thi\u1ec3u nguy c\u01a1 \u0111\u1ee9t g\u00e3y.<\/p>\n<h4>M\u00f3c treo 3D, c\u1ed1 \u0111\u1ecbnh 360 \u0111\u1ed9<\/h4>\n<p>V\u1edbi thi\u1ebft k\u1ebf c\u1ea5u tr\u00fac xo\u1eafn \u1ed1c 360 \u0111\u1ed9 v\u00e0 c\u00e1c m\u00f3c ng\u01b0\u1ee3c \u0111\u01b0\u1ee3c b\u1ed1 tr\u00ed theo h\u00ecnh kh\u1ed1i, s\u1ea3n ph\u1ea9m c\u00f3 th\u1ec3 c\u1ed1 \u0111\u1ecbnh ch\u00ednh x\u00e1c c\u00e1c m\u00f4 da t\u1eeb m\u1ecdi g\u00f3c \u0111\u1ed9. Kh\u1ea3 n\u0103ng b\u00e1m d\u00ednh m\u1ea1nh m\u1ebd v\u00e0 \u1ed5n \u0111\u1ecbnh gi\u00fap mang l\u1ea1i hi\u1ec7u qu\u1ea3 n\u00e2ng c\u01a1 v\u00e0 h\u1ed7 tr\u1ee3 to\u00e0n di\u1ec7n h\u01a1n cho c\u00e1c v\u00f9ng da ch\u1ea3y x\u1ec7.<\/p>\n<h4>C\u1ea3m nh\u1eadn \u0111\u01b0\u1ee3c l\u1ef1c k\u00e9o g\u1ea5p 4 l\u1ea7n, l\u1ef1c c\u1ed1 \u0111\u1ecbnh v\u01b0\u1ee3t tr\u1ed9i g\u1ea5p 2 l\u1ea7n<\/h4>\n<p>C\u00e1c th\u1eed nghi\u1ec7m \u0111\u00e3 ch\u1ee9ng minh r\u1eb1ng l\u1ef1c n\u00e2ng c\u1ee7a MINT Lift cao h\u01a1n c\u00e1c lo\u1ea1i ch\u1ec9 n\u00e2ng truy\u1ec1n th\u1ed1ng kh\u00e1c \u00edt nh\u1ea5t 400%, trong khi l\u1ef1c c\u1ed1 \u0111\u1ecbnh c\u1ee7a n\u00f3 c\u00f2n v\u01b0\u1ee3t tr\u1ed9i g\u1ea5p \u0111\u00f4i. Kh\u1ea3 n\u0103ng h\u1ed7 tr\u1ee3 v\u1eadt l\u00fd m\u1ea1nh m\u1ebd n\u00e0y gi\u00fap c\u1ea3i thi\u1ec7n r\u00f5 r\u1ec7t t\u00ecnh tr\u1ea1ng ch\u1ea3y x\u1ec7, \u0111\u1ed3ng th\u1eddi t\u00e1i t\u1ea1o khu\u00f4n m\u1eb7t thon g\u1ecdn h\u00ecnh ch\u1eef V.<\/p>\n<h4>\u0110\u01b0\u1ee3c B\u1ed9 Y t\u1ebf v\u00e0 Ph\u00fac l\u1ee3i ch\u1ee9ng nh\u1eadn, thi\u1ebft b\u1ecb y t\u1ebf lo\u1ea1i 2 an to\u00e0n h\u01a1n<\/h4>\n<p>MINT Lift l\u00e0 thi\u1ebft b\u1ecb y t\u1ebf lo\u1ea1i II \u0111\u01b0\u1ee3c C\u1ee5c Qu\u1ea3n l\u00fd Th\u1ef1c ph\u1ea9m v\u00e0 D\u01b0\u1ee3c ph\u1ea9m (TFDA) thu\u1ed9c B\u1ed9 Y t\u1ebf v\u00e0 Ph\u00fac l\u1ee3i \u0110\u00e0i Loan c\u1ea5p ch\u1ee9ng nh\u1eadn; s\u1ea3n ph\u1ea9m kh\u00f4ng ch\u1ec9 tu\u00e2n th\u1ee7 \u0111\u1ea7y \u0111\u1ee7 c\u00e1c quy \u0111\u1ecbnh ph\u00e1p lu\u1eadt m\u00e0 c\u00f2n \u0111\u01b0\u1ee3c c\u01a1 quan nh\u00e0 n\u01b0\u1edbc c\u00f3 th\u1ea9m quy\u1ec1n \u0111\u1ea3m b\u1ea3o v\u1ec1 an to\u00e0n trong quy tr\u00ecnh s\u1ea3n xu\u1ea5t, gi\u00fap qu\u00fd kh\u00e1ch ho\u00e0n to\u00e0n y\u00ean t\u00e2m khi th\u1ef1c hi\u1ec7n li\u1ec7u tr\u00ecnh l\u00e0m \u0111\u1eb9p.<\/p>\n<h4>5 l\u1edbp b\u1ea3o v\u1ec7, \u0111\u01b0\u1ee3c ng\u01b0\u1eddi d\u00f9ng 96.72% \u0111\u00e1nh gi\u00e1 cao<\/h4>\n<p>Trong 5 n\u0103m li\u00ean ti\u1ebfp, s\u1ea3n ph\u1ea9m \u0111\u00e3 vinh d\u1ef1 nh\u1eadn gi\u1ea3i th\u01b0\u1edfng \u201cTh\u01b0\u01a1ng hi\u1ec7u \u0111\u01b0\u1ee3c ng\u01b0\u1eddi ti\u00eau d\u00f9ng H\u00e0n Qu\u1ed1c h\u00e0i l\u00f2ng nh\u1ea5t\u201d v\u00e0 \u201cGi\u1ea3i th\u01b0\u1edfng c\u1ee7a n\u0103m\u201d. D\u1eef li\u1ec7u l\u00e2m s\u00e0ng cho th\u1ea5y sau 12 tu\u1ea7n \u0111i\u1ec1u tr\u1ecb, c\u00f3 t\u1edbi 96,721% ng\u01b0\u1eddi d\u00f9ng kh\u1eb3ng \u0111\u1ecbnh v\u1eabn nh\u1eadn th\u1ea5y hi\u1ec7u qu\u1ea3 r\u00f5 r\u1ec7t. S\u1ea3n ph\u1ea9m \u0111\u1ea3m b\u1ea3o to\u00e0n di\u1ec7n v\u1ec1 \u0111\u1ed9 \u1ed5n \u0111\u1ecbnh v\u00e0 s\u1ef1 h\u00e0i l\u00f2ng c\u1ee7a qu\u00e1 tr\u00ecnh n\u00e2ng c\u01a1.<\/p>\n<p><img decoding=\"async\" class=\"alignnone wp-image-10842 size-full\" src=\"https:\/\/arisinclinic.com\/wp-content\/uploads\/2026\/03\/MINT-Lift-\u795e\u529b\u62c9\u63d0\u4ecb\u7d391.jpg\" alt=\"Gi\u1edbi thi\u1ec7u v\u1ec1 MINT Lift \u2013 C\u00f4ng ngh\u1ec7 n\u00e2ng c\u01a1 th\u1ea7n k\u1ef3 1\" width=\"800\" height=\"800\" title=\"\" srcset=\"https:\/\/arisinclinic.com\/wp-content\/uploads\/2026\/03\/MINT-Lift-\u795e\u529b\u62c9\u63d0\u4ecb\u7d391.jpg 800w, https:\/\/arisinclinic.com\/wp-content\/uploads\/2026\/03\/MINT-Lift-\u795e\u529b\u62c9\u63d0\u4ecb\u7d391-300x300.jpg 300w, https:\/\/arisinclinic.com\/wp-content\/uploads\/2026\/03\/MINT-Lift-\u795e\u529b\u62c9\u63d0\u4ecb\u7d391-150x150.jpg 150w, https:\/\/arisinclinic.com\/wp-content\/uploads\/2026\/03\/MINT-Lift-\u795e\u529b\u62c9\u63d0\u4ecb\u7d391-768x768.jpg 768w, https:\/\/arisinclinic.com\/wp-content\/uploads\/2026\/03\/MINT-Lift-\u795e\u529b\u62c9\u63d0\u4ecb\u7d391-600x600.jpg 600w, https:\/\/arisinclinic.com\/wp-content\/uploads\/2026\/03\/MINT-Lift-\u795e\u529b\u62c9\u63d0\u4ecb\u7d391-100x100.jpg 100w\" sizes=\"(max-width: 800px) 100vw, 800px\" \/><\/p>\n<h3>Gi\u1edbi thi\u1ec7u s\u00e1u lo\u1ea1i d\u1ecbch v\u1ee5 t\u00f9y ch\u1ec9nh c\u1ee7a MINT Lift<\/h3>\n<h4>1. MINT EASY: N\u00e2ng c\u01a1 v\u00f9ng gi\u1eefa v\u00e0 d\u01b0\u1edbi khu\u00f4n m\u1eb7t<\/h4>\n<p>\u0110\u01b0\u1ee3c thi\u1ebft k\u1ebf chuy\u00ean bi\u1ec7t \u0111\u1ec3 kh\u1eafc ph\u1ee5c t\u00ecnh tr\u1ea1ng ch\u1ea3y x\u1ec7 \u1edf v\u00f9ng gi\u1eefa v\u00e0 d\u01b0\u1edbi khu\u00f4n m\u1eb7t, s\u1ea3n ph\u1ea9m gi\u00fap n\u00e2ng c\u01a1 m\u1ea1nh m\u1ebd c\u00e1c m\u00f4 b\u1ecb ch\u1ea3y x\u1ec7, c\u1ea3i thi\u1ec7n hi\u1ec7u qu\u1ea3 t\u00ecnh tr\u1ea1ng c\u1eb1m \u0111\u00f4i v\u00e0 l\u00e0m thon g\u1ecdn \u0111\u01b0\u1eddng n\u00e9t c\u1ed5, \u0111\u1ed3ng th\u1eddi t\u00e1i t\u1ea1o \u0111\u01b0\u1eddng vi\u1ec1n h\u00e0m d\u01b0\u1edbi r\u00f5 n\u00e9t.<\/p>\n<h4>2. MINT FINE+: C\u1ea3i thi\u1ec7n v\u00f9ng m\u00e1 v\u00e0 n\u1ebfp nh\u0103n quanh mi\u1ec7ng<\/h4>\n<p>S\u1ea3n ph\u1ea9m mang l\u1ea1i kh\u1ea3 n\u0103ng n\u00e2ng \u0111\u1ee1 v\u1eefng ch\u1eafc h\u01a1n cho nh\u1eefng ng\u01b0\u1eddi c\u00f3 khu\u00f4n m\u1eb7t to v\u00e0 nh\u00f3m kh\u00e1ch h\u00e0ng trung ni\u00ean. S\u1ea3n ph\u1ea9m t\u1eadp trung c\u1ea3i thi\u1ec7n v\u00f9ng m\u00e1 b\u1ecb ch\u1ea3y x\u1ec7 do tu\u1ed5i t\u00e1c, \u0111\u1ed3ng th\u1eddi l\u00e0m m\u1edd \u0111\u00e1ng k\u1ec3 c\u00e1c n\u1ebfp nh\u0103n s\u00e2u \u1edf kh\u00f3e mi\u1ec7ng, gi\u00fap khu\u00f4n m\u1eb7t l\u1ea5y l\u1ea1i v\u1ebb \u0111\u1ea7y \u0111\u1eb7n v\u00e0 r\u1ea1ng r\u1ee1.<\/p>\n<h4>3. MINT PETIT+: D\u00e0nh cho ph\u1ee5 n\u1eef trung ni\u00ean, mang l\u1ea1i v\u1ebb ngo\u00e0i thanh l\u1ecbch v\u00e0 tinh t\u1ebf<\/h4>\n<p>Ph\u00f9 h\u1ee3p v\u1edbi nh\u1eefng ng\u01b0\u1eddi c\u00f3 khu\u00f4n m\u1eb7t nh\u1ecf ho\u1eb7c \u1edf \u0111\u1ed9 tu\u1ed5i trung ni\u00ean. V\u1edbi l\u1ef1c n\u00e2ng nh\u1eb9 nh\u00e0ng v\u00e0 tinh t\u1ebf, li\u1ec7u ph\u00e1p n\u00e0y gi\u00fap c\u1ea3i thi\u1ec7n ch\u00ednh x\u00e1c v\u00f9ng m\u00e1, n\u1ebfp nh\u0103n quanh mi\u1ec7ng v\u00e0 n\u1ebfp nh\u0103n gi\u1eefa m\u0169i v\u00e0 mi\u1ec7ng, mang l\u1ea1i v\u1ebb \u0111\u1eb9p s\u0103n ch\u1eafc t\u1ef1 nhi\u00ean th\u00f4ng qua nh\u1eefng \u0111i\u1ec1u ch\u1ec9nh tinh t\u1ebf, \u0111\u1ed3ng th\u1eddi ch\u1ed1ng l\u1ea1i c\u00e1c d\u1ea5u hi\u1ec7u l\u00e3o h\u00f3a ban \u0111\u1ea7u m\u1ed9t c\u00e1ch nh\u1eb9 nh\u00e0ng, kh\u00f4ng \u0111\u1ec3 l\u1ea1i d\u1ea5u v\u1ebft.<\/p>\n<h4>4. MINT FIX+: T\u0103ng c\u01b0\u1eddng \u0111\u1ed9 b\u00e1m d\u00ednh v\u00e0 k\u00e9o d\u00e0i th\u1eddi gian gi\u1eef n\u1ebfp<\/h4>\n<p>T\u1eadp trung v\u00e0o vi\u1ec7c c\u1ee7ng c\u1ed1 \u201chi\u1ec7u qu\u1ea3 c\u1ed1 \u0111\u1ecbnh\u201d sau khi n\u00e2ng c\u01a1. Nh\u1edd thi\u1ebft k\u1ebf c\u00e1c \u0111i\u1ec3m neo ch\u1eafc ch\u1eafn h\u01a1n, kh\u00f4ng ch\u1ec9 mang l\u1ea1i c\u1ea3m gi\u00e1c n\u00e2ng c\u01a1 t\u1ee9c th\u00ec m\u00e0 c\u00f2n gi\u00fap duy tr\u00ec hi\u1ec7u qu\u1ea3 th\u1ea9m m\u1ef9 l\u00e2u d\u00e0i, gi\u1eef cho l\u00e0n da s\u0103n ch\u1eafc \u1ed5n \u0111\u1ecbnh v\u00e0 b\u1ec1n v\u1eefng h\u01a1n.<\/p>\n<h4>5. MINT TIP+: D\u00e0nh ri\u00eang cho ch\u1ec9nh h\u00ecnh \u0111\u1ea7u m\u0169i<\/h4>\n<p>Ch\u1ec9nh s\u1eeda t\u1ec9 l\u1ec7 \u0111\u1ea7u m\u0169i m\u1ed9t c\u00e1ch tinh t\u1ebf. S\u1eed d\u1ee5ng k\u1ef9 thu\u1eadt ch\u1ec9 kh\u00e2u vi ph\u1eabu \u0111\u1ec3 \u0111i\u1ec1u ch\u1ec9nh g\u00f3c \u0111\u1ea7u m\u0169i m\u1ed9t c\u00e1ch ch\u00ednh x\u00e1c; d\u00f9 l\u00e0 n\u00e2ng cao \u0111\u1ea7u m\u0169i hay ch\u1ec9nh s\u1eeda h\u00ecnh d\u00e1ng, \u0111\u1ec1u c\u00f3 th\u1ec3 t\u1ea1o ra \u0111\u01b0\u1eddng n\u00e9t m\u0169i n\u1ed5i b\u1eadt v\u00e0 xinh x\u1eafn ch\u1ec9 trong th\u1eddi gian ng\u1eafn.<\/p>\n<h4>6. MINT UP+: D\u00e0nh ri\u00eang cho vi\u1ec7c n\u00e2ng cao s\u1ed1ng m\u0169i<\/h4>\n<p>\u0110\u01b0\u1ee3c thi\u1ebft k\u1ebf chuy\u00ean bi\u1ec7t \u0111\u1ec3 n\u00e2ng cao \u0111\u1ed9 cao c\u1ee7a s\u1ed1ng m\u0169i. S\u1ea3n ph\u1ea9m mang l\u1ea1i l\u1ef1c n\u00e2ng \u0111\u1ee1 d\u1ecdc v\u1eefng ch\u1eafc, gi\u00fap n\u00e2ng cao s\u1ed1ng m\u0169i m\u00e0 kh\u00f4ng c\u1ea7n ph\u1eabu thu\u1eadt, t\u1ea1o n\u00ean s\u1ef1 c\u00e2n \u0111\u1ed1i ho\u00e0n h\u1ea3o v\u1edbi c\u00e1c \u0111\u01b0\u1eddng n\u00e9t tr\u00ean khu\u00f4n m\u1eb7t. K\u1ebft qu\u1ea3 sau khi s\u1eed d\u1ee5ng r\u00f5 r\u1ec7t v\u00e0 t\u1ef1 nhi\u00ean.<\/p>\n<p><img decoding=\"async\" class=\"alignnone wp-image-10847 size-full\" src=\"https:\/\/arisinclinic.com\/wp-content\/uploads\/2026\/03\/MINT-Lift-\u795e\u529b\u62c9\u63d0\u4ecb\u7d395.jpg\" alt=\"Gi\u1edbi thi\u1ec7u v\u1ec1 MINT Lift \u2013 C\u00f4ng ngh\u1ec7 n\u00e2ng c\u01a1 th\u1ea7n k\u1ef3 5\" width=\"800\" height=\"1647\" title=\"\" srcset=\"https:\/\/arisinclinic.com\/wp-content\/uploads\/2026\/03\/MINT-Lift-\u795e\u529b\u62c9\u63d0\u4ecb\u7d395.jpg 800w, https:\/\/arisinclinic.com\/wp-content\/uploads\/2026\/03\/MINT-Lift-\u795e\u529b\u62c9\u63d0\u4ecb\u7d395-146x300.jpg 146w, https:\/\/arisinclinic.com\/wp-content\/uploads\/2026\/03\/MINT-Lift-\u795e\u529b\u62c9\u63d0\u4ecb\u7d395-497x1024.jpg 497w, https:\/\/arisinclinic.com\/wp-content\/uploads\/2026\/03\/MINT-Lift-\u795e\u529b\u62c9\u63d0\u4ecb\u7d395-768x1581.jpg 768w, https:\/\/arisinclinic.com\/wp-content\/uploads\/2026\/03\/MINT-Lift-\u795e\u529b\u62c9\u63d0\u4ecb\u7d395-746x1536.jpg 746w, https:\/\/arisinclinic.com\/wp-content\/uploads\/2026\/03\/MINT-Lift-\u795e\u529b\u62c9\u63d0\u4ecb\u7d395-600x1235.jpg 600w\" sizes=\"(max-width: 800px) 100vw, 800px\" \/><\/p>\n<h3>MINT Lift: \u0110\u00e3 \u0111\u01b0\u1ee3c ch\u1ee9ng nh\u1eadn, an t\u00e2m l\u00e0m \u0111\u1eb9p<\/h3>\n<h4>\u0110\u01b0\u1ee3c ch\u1ee9ng nh\u1eadn t\u1ea1i nhi\u1ec1u qu\u1ed1c gia, th\u01b0\u01a1ng hi\u1ec7u h\u00e0ng \u0111\u1ea7u th\u1ebf gi\u1edbi<\/h4>\n<p>V\u1edbi t\u01b0 c\u00e1ch l\u00e0 \u0111\u01a1n v\u1ecb ti\u00ean phong trong l\u0129nh v\u1ef1c n\u00e2ng c\u01a1 b\u1eb1ng ch\u1ec9 tr\u00ean to\u00e0n c\u1ea7u, MINT Lift \u0111\u00e3 \u0111\u01b0\u1ee3c c\u00e1c t\u1ed5 ch\u1ee9c uy t\u00edn qu\u1ed1c t\u1ebf c\u00f4ng nh\u1eadn v\u1ec1 t\u00ednh an to\u00e0n v\u00e0 n\u0103ng l\u1ef1c k\u1ef9 thu\u1eadt, \u0111\u1ed3ng th\u1eddi \u0111\u1ea1t \u0111\u01b0\u1ee3c nhi\u1ec1u ch\u1ee9ng nh\u1eadn nghi\u00eam ng\u1eb7t:<\/p>\n<ul>\n<li>Ch\u1ee9ng nh\u1eadn c\u1ee7a C\u1ee5c Qu\u1ea3n l\u00fd Th\u1ef1c ph\u1ea9m v\u00e0 D\u01b0\u1ee3c ph\u1ea9m Hoa K\u1ef3 (FDA) n\u0103m 2013: \u0110\u00e3 ch\u00ednh th\u1ee9c \u0111\u01b0\u1ee3c C\u1ee5c Qu\u1ea3n l\u00fd Th\u1ef1c ph\u1ea9m v\u00e0 D\u01b0\u1ee3c ph\u1ea9m Hoa K\u1ef3 ph\u00ea duy\u1ec7t<\/li>\n<li>Ch\u1ee9ng nh\u1eadn MFDS H\u00e0n Qu\u1ed1c n\u0103m 2014: \u0110\u01b0\u1ee3c ch\u00ednh th\u1ee9c c\u00f4ng nh\u1eadn b\u1edfi c\u01a1 quan ch\u1ee9c n\u0103ng H\u00e0n Qu\u1ed1c, d\u1eabn \u0111\u1ea7u v\u1ec1 c\u00f4ng ngh\u1ec7 t\u1ea1i ch\u00e2u \u00c1<\/li>\n<li>Ch\u1ee9ng nh\u1eadn CE 2017: Tu\u00e2n th\u1ee7 c\u00e1c ti\u00eau chu\u1ea9n an to\u00e0n, v\u1ec7 sinh v\u00e0 b\u1ea3o v\u1ec7 m\u00f4i tr\u01b0\u1eddng c\u1ee7a Li\u00ean minh Ch\u00e2u \u00c2u<\/li>\n<li>Ch\u1ee9ng nh\u1eadn c\u1ee7a C\u1ee5c Qu\u1ea3n l\u00fd Th\u1ef1c ph\u1ea9m v\u00e0 D\u01b0\u1ee3c ph\u1ea9m \u0110\u00e0i Loan (TFDA) n\u0103m 2023: \u0110\u01b0\u1ee3c ph\u00e9p l\u01b0u h\u00e0nh h\u1ee3p ph\u00e1p t\u1ea1i \u0110\u00e0i Loan, ch\u1ea5t l\u01b0\u1ee3ng \u0111\u01b0\u1ee3c ch\u00ednh ph\u1ee7 ki\u1ec3m so\u00e1t ch\u1eb7t ch\u1ebd<\/li>\n<\/ul>\n<h4>\u0110\u1ee9ng \u0111\u1ea7u v\u1ec1 m\u1ee9c \u0111\u1ed9 h\u00e0i l\u00f2ng trong ba n\u0103m li\u00ean ti\u1ebfp, v\u1edbi t\u1ef7 l\u1ec7 l\u00ean t\u1edbi 96,721%<\/h4>\n<p>MINT Lift kh\u00f4ng ch\u1ec9 d\u1eabn \u0111\u1ea7u v\u1ec1 m\u1eb7t c\u00f4ng ngh\u1ec7 m\u00e0 c\u00f2n chi\u1ebfm \u0111\u01b0\u1ee3c l\u00f2ng tin c\u1ee7a \u0111\u00f4ng \u0111\u1ea3o kh\u00e1ch h\u00e0ng nh\u1edd hi\u1ec7u qu\u1ea3 sau \u0111i\u1ec1u tr\u1ecb. Th\u01b0\u01a1ng hi\u1ec7u n\u00e0y kh\u00f4ng ch\u1ec9 li\u00ean ti\u1ebfp ba n\u0103m li\u1ec1n gi\u00e0nh gi\u1ea3i th\u01b0\u1edfng Th\u01b0\u01a1ng hi\u1ec7u \u0111\u01b0\u1ee3c kh\u00e1ch h\u00e0ng h\u00e0i l\u00f2ng nh\u1ea5t, m\u00e0 theo kh\u1ea3o s\u00e1t l\u00e2m s\u00e0ng, t\u1ef7 l\u1ec7 h\u00e0i l\u00f2ng sau \u0111i\u1ec1u tr\u1ecb c\u1ee7a ng\u01b0\u1eddi d\u00f9ng c\u00f2n \u0111\u1ea1t t\u1edbi 96,721%. H\u00e3y l\u1ef1a ch\u1ecdn MINT Lift \u0111\u1ec3 \u0111\u01b0\u1ee3c ch\u0103m s\u00f3c b\u1edfi \u0111\u1ed9i ng\u0169 chuy\u00ean gia uy t\u00edn, mang l\u1ea1i hi\u1ec7u qu\u1ea3 n\u00e2ng c\u01a1 r\u00f5 r\u1ec7t v\u00e0 s\u1ef1 an t\u00e2m khi l\u00e0m \u0111\u1eb9p.<\/p>\n<p><img loading=\"lazy\" decoding=\"async\" class=\"alignnone wp-image-10846 size-full\" src=\"https:\/\/arisinclinic.com\/wp-content\/uploads\/2026\/03\/MINT-Lift-\u795e\u529b\u62c9\u63d0\u4ecb\u7d396.jpg\" alt=\"Gi\u1edbi thi\u1ec7u v\u1ec1 MINT Lift \u2013 C\u00f4ng ngh\u1ec7 n\u00e2ng c\u01a1 th\u1ea7n k\u1ef3 6\" width=\"800\" height=\"1646\" title=\"\" srcset=\"https:\/\/arisinclinic.com\/wp-content\/uploads\/2026\/03\/MINT-Lift-\u795e\u529b\u62c9\u63d0\u4ecb\u7d396.jpg 800w, https:\/\/arisinclinic.com\/wp-content\/uploads\/2026\/03\/MINT-Lift-\u795e\u529b\u62c9\u63d0\u4ecb\u7d396-146x300.jpg 146w, https:\/\/arisinclinic.com\/wp-content\/uploads\/2026\/03\/MINT-Lift-\u795e\u529b\u62c9\u63d0\u4ecb\u7d396-498x1024.jpg 498w, https:\/\/arisinclinic.com\/wp-content\/uploads\/2026\/03\/MINT-Lift-\u795e\u529b\u62c9\u63d0\u4ecb\u7d396-768x1580.jpg 768w, https:\/\/arisinclinic.com\/wp-content\/uploads\/2026\/03\/MINT-Lift-\u795e\u529b\u62c9\u63d0\u4ecb\u7d396-747x1536.jpg 747w, https:\/\/arisinclinic.com\/wp-content\/uploads\/2026\/03\/MINT-Lift-\u795e\u529b\u62c9\u63d0\u4ecb\u7d396-600x1235.jpg 600w\" sizes=\"(max-width: 800px) 100vw, 800px\" \/><\/p>\n<h3>4 b\u01b0\u1edbc gi\u00fap b\u1ea1n nhanh ch\u00f3ng nh\u1eadn bi\u1ebft h\u00e0ng ch\u00ednh h\u00e3ng MINT Lift<\/h3>\n<h4>1. X\u00e1c nh\u1eadn ph\u00f2ng kh\u00e1m v\u00e0 b\u00e1c s\u0129 \u0111\u01b0\u1ee3c ch\u1ee9ng nh\u1eadn b\u1edfi nh\u00e0 s\u1ea3n xu\u1ea5t<\/h4>\n<p>H\u00e3y l\u1ef1a ch\u1ecdn c\u00e1c ph\u00f2ng kh\u00e1m v\u00e0 b\u00e1c s\u0129 chuy\u00ean khoa \u0111\u01b0\u1ee3c c\u1ea5p ch\u1ee9ng nh\u1eadn ch\u00ednh th\u1ee9c t\u1eeb nh\u00e0 s\u1ea3n xu\u1ea5t. Ph\u00f2ng kh\u00e1m Arixin cam k\u1ebft ch\u1ec9 s\u1eed d\u1ee5ng s\u1ea3n ph\u1ea9m ch\u00ednh h\u00e3ng v\u00e0 do c\u00e1c b\u00e1c s\u0129 c\u00f3 chuy\u00ean m\u00f4n th\u1ef1c hi\u1ec7n, nh\u1eb1m \u0111\u1ea3m b\u1ea3o an to\u00e0n cho t\u1eebng li\u1ec7u tr\u00ecnh c\u0169ng nh\u01b0 hi\u1ec7u qu\u1ea3 sau \u0111i\u1ec1u tr\u1ecb.<\/p>\n<h4>2. Ki\u1ec3m tra nh\u00e3n ch\u1ed1ng h\u00e0ng gi\u1ea3 b\u1eb1ng tia laser ch\u00ednh h\u00e3ng tr\u00ean v\u1ecf h\u1ed9p<\/h4>\n<p>Tr\u00ean v\u1ecf h\u1ed9p s\u1ea3n ph\u1ea9m ph\u1ea3i c\u00f3 d\u00f2ng ch\u1eef \"ML\" in r\u00f5 r\u00e0ng b\u1eb1ng ti\u1ebfng Anh, c\u00f9ng v\u1edbi m\u1ed9t nh\u00e3n ch\u1ed1ng h\u00e0ng gi\u1ea3 b\u1eb1ng tia laser c\u00f3 m\u00e3 s\u1ed1 ri\u00eang g\u1ed3m 8 ch\u1eef s\u1ed1. \u0110\u00e2y l\u00e0 bi\u1ec7n ph\u00e1p b\u1ea3o v\u1ec7 \u0111\u1ea7u ti\u00ean \u0111\u1ec3 ph\u00e2n bi\u1ec7t h\u00e0ng ch\u00ednh h\u00e3ng, \u0111\u1ea3m b\u1ea3o ngu\u1ed3n g\u1ed1c c\u1ee7a d\u00e2y c\u00e1p l\u00e0 ch\u00ednh h\u00e3ng.<\/p>\n<h4>3. Nh\u1eadn di\u1ec7n nh\u00e3n ch\u1ed1ng gi\u1ea3 b\u1eb1ng tia laser tr\u00ean mi\u1ec7ng t\u00fai nh\u00f4m<\/h4>\n<p>Sau khi m\u1edf h\u1ed9p b\u00ean ngo\u00e0i, ph\u1ea7n mi\u1ec7ng t\u00fai nh\u00f4m b\u00ean trong c\u0169ng ph\u1ea3i c\u00f3 in \u201cm\u00e3 s\u1ed1 ri\u00eang g\u1ed3m 8 ch\u1eef s\u1ed1\u201d v\u00e0 \u201cm\u00e3 QR\u201d tr\u00f9ng kh\u1edbp v\u1edbi h\u1ed9p b\u00ean ngo\u00e0i. Ch\u1ec9 khi m\u00e3 s\u1ed1 b\u00ean trong v\u00e0 b\u00ean ngo\u00e0i tr\u00f9ng kh\u1edbp th\u00ec m\u1edbi l\u00e0 d\u00e2y c\u00e1p ch\u00ednh h\u00e3ng.<\/p>\n<h4>4. Qu\u00e9t m\u00e3 QR \u0111\u1ec3 h\u1ec7 th\u1ed1ng nh\u1eadn di\u1ec7n<\/h4>\n<p>H\u00e3y c\u1ea1o l\u1edbp s\u01a1n b\u1ea1c tr\u00ean nh\u00e3n \u1edf ph\u00eda d\u01b0\u1edbi, sau \u0111\u00f3 d\u00f9ng \u0111i\u1ec7n tho\u1ea1i qu\u00e9t m\u00e3 QR. H\u1ec7 th\u1ed1ng s\u1ebd hi\u1ec3n th\u1ecb ngay l\u1eadp t\u1ee9c \u201ct\u00ean ph\u00f2ng kh\u00e1m \u0111\u01b0\u1ee3c ch\u1ee9ng nh\u1eadn\u201d m\u00e0 s\u1ee3i d\u00e2y n\u00e0y thu\u1ed9c v\u1ec1. N\u1ebfu k\u1ebft qu\u1ea3 qu\u00e9t tr\u00f9ng kh\u1edbp v\u1edbi t\u00ean ph\u00f2ng kh\u00e1m n\u01a1i b\u1ea1n \u0111ang \u0111i\u1ec1u tr\u1ecb, b\u1ea1n c\u00f3 th\u1ec3 y\u00ean t\u00e2m ti\u1ebfn h\u00e0nh li\u1ec7u tr\u00ecnh.<\/p>\n<p><img loading=\"lazy\" decoding=\"async\" class=\"alignnone wp-image-10848 size-full\" src=\"https:\/\/arisinclinic.com\/wp-content\/uploads\/2026\/03\/MINT-Lift-\u795e\u529b\u62c9\u63d0\u4ecb\u7d394-1.jpg\" alt=\"Gi\u1edbi thi\u1ec7u v\u1ec1 MINT Lift \u2013 C\u00f4ng ngh\u1ec7 n\u00e2ng c\u01a1 th\u1ea7n k\u1ef3 4\" width=\"800\" height=\"1000\" title=\"\" srcset=\"https:\/\/arisinclinic.com\/wp-content\/uploads\/2026\/03\/MINT-Lift-\u795e\u529b\u62c9\u63d0\u4ecb\u7d394-1.jpg 800w, https:\/\/arisinclinic.com\/wp-content\/uploads\/2026\/03\/MINT-Lift-\u795e\u529b\u62c9\u63d0\u4ecb\u7d394-1-240x300.jpg 240w, https:\/\/arisinclinic.com\/wp-content\/uploads\/2026\/03\/MINT-Lift-\u795e\u529b\u62c9\u63d0\u4ecb\u7d394-1-768x960.jpg 768w, https:\/\/arisinclinic.com\/wp-content\/uploads\/2026\/03\/MINT-Lift-\u795e\u529b\u62c9\u63d0\u4ecb\u7d394-1-600x750.jpg 600w\" sizes=\"(max-width: 800px) 100vw, 800px\" \/><\/p>","protected":false},"excerpt":{"rendered":"<p>Arixin MINT Lift \u2013 C\u00f4ng ngh\u1ec7 n\u00e2ng c\u01a1 th\u1ea7n k\u1ef3, \u0111\u1ea1t \u0111\u01b0\u1ee3c s\u1ef1 c\u00e2n b\u1eb1ng to\u00e0n di\u1ec7n gi\u1eefa l\u1ef1c n\u00e2ng m\u1ea1nh m\u1ebd v\u00e0 n\u00e9t bi\u1ec3u c\u1ea3m t\u1ef1 nhi\u00ean. C\u00f4ng ngh\u1ec7 \u00e9p xo\u1eafn \u1ed1c 360 \u0111\u1ed9 \u0111\u1ed9c quy\u1ec1n gi\u00fap c\u1ed1 \u0111\u1ecbnh ch\u00ednh x\u00e1c c\u00e1c m\u00f4 ch\u00f9ng nh\u00e3o v\u00e0 k\u00edch th\u00edch t\u00e1i t\u1ea1o collagen. \u0110\u01b0\u1ee3c ch\u1ee9ng nh\u1eadn b\u1edfi FDA Hoa K\u1ef3 v\u00e0 c\u00f3 \u01b0u \u0111i\u1ec3m l\u00e0 x\u00e2m l\u1ea5n t\u1ed1i thi\u1ec3u, \u00edt g\u00e2y g\u00e1nh n\u1eb7ng cho c\u01a1 th\u1ec3, \u0111\u01b0\u1ee3c b\u00e1c s\u0129 chuy\u00ean khoa thi\u1ebft k\u1ebf ri\u00eang \u0111\u1ec3 t\u1ea1o n\u00ean \u0111\u01b0\u1eddng n\u00e9t khu\u00f4n m\u1eb7t s\u0103n ch\u1eafc. H\u00e3y \u0111\u1eb7t l\u1ecbch t\u01b0 v\u1ea5n ngay \u0111\u1ec3 tr\u1ea3i nghi\u1ec7m v\u1ebb \u0111\u1eb9p tr\u1ebb trung tinh t\u1ebf m\u00e0 ph\u01b0\u01a1ng ph\u00e1p n\u00e2ng c\u01a1 th\u1ea7n k\u1ef3 mang l\u1ea1i.<\/p>","protected":false},"featured_media":10841,"comment_status":"open","ping_status":"closed","template":"","meta":{"_acf_changed":false},"product_brand":[],"product_cat":[156,15],"product_tag":[],"class_list":{"0":"post-10840","1":"product","2":"type-product","3":"status-publish","4":"has-post-thumbnail","6":"product_cat-non-surgical-aesthetics","7":"product_cat-service","9":"first","10":"instock","11":"shipping-taxable","12":"product-type-simple"},"acf":[],"_links":{"self":[{"href":"https:\/\/arisinclinic.com\/vi\/wp-json\/wp\/v2\/product\/10840","targetHints":{"allow":["GET"]}}],"collection":[{"href":"https:\/\/arisinclinic.com\/vi\/wp-json\/wp\/v2\/product"}],"about":[{"href":"https:\/\/arisinclinic.com\/vi\/wp-json\/wp\/v2\/types\/product"}],"replies":[{"embeddable":true,"href":"https:\/\/arisinclinic.com\/vi\/wp-json\/wp\/v2\/comments?post=10840"}],"wp:featuredmedia":[{"embeddable":true,"href":"https:\/\/arisinclinic.com\/vi\/wp-json\/wp\/v2\/media\/10841"}],"wp:attachment":[{"href":"https:\/\/arisinclinic.com\/vi\/wp-json\/wp\/v2\/media?parent=10840"}],"wp:term":[{"taxonomy":"product_brand","embeddable":true,"href":"https:\/\/arisinclinic.com\/vi\/wp-json\/wp\/v2\/product_brand?post=10840"},{"taxonomy":"product_cat","embeddable":true,"href":"https:\/\/arisinclinic.com\/vi\/wp-json\/wp\/v2\/product_cat?post=10840"},{"taxonomy":"product_tag","embeddable":true,"href":"https:\/\/arisinclinic.com\/vi\/wp-json\/wp\/v2\/product_tag?post=10840"}],"curies":[{"name":"wp","href":"https:\/\/api.w.org\/{rel}","templated":true}]}}