{"id":10849,"date":"2026-03-19T22:00:16","date_gmt":"2026-03-19T14:00:16","guid":{"rendered":"https:\/\/4t542t4sohxh.wpsite.pro\/?post_type=product&#038;p=10849"},"modified":"2026-04-14T21:57:06","modified_gmt":"2026-04-14T13:57:06","slug":"plt","status":"publish","type":"product","link":"https:\/\/arisinclinic.com\/vi\/service\/plt\/","title":{"rendered":"Tinh ch\u1ea5t y\u1ebfu t\u1ed1 t\u0103ng tr\u01b0\u1edfng PLT d\u1ea1ng \u0111\u00f4ng l\u1ea1nh | Phi\u00ean b\u1ea3n n\u00e2ng c\u1ea5p c\u1ee7a PRP"},"content":{"rendered":"<p>S\u1ea3n ph\u1ea9m tinh ch\u1ea5t \u0111\u00f4ng l\u1ea1nh ch\u1ee9a y\u1ebfu t\u1ed1 t\u0103ng tr\u01b0\u1edfng PLT, \u1ee9ng d\u1ee5ng c\u00f4ng ngh\u1ec7 \u0111\u1ed9c quy\u1ec1n t\u1eeb \u0110\u00e0i Loan, \u0111\u00e3 ph\u00e1 v\u1ee1 gi\u1edbi h\u1ea1n c\u1ee7a c\u00e1c ph\u01b0\u01a1ng ph\u00e1p ph\u1ee5c h\u1ed3i truy\u1ec1n th\u1ed1ng. Th\u00f4ng qua quy tr\u00ecnh c\u00e1 nh\u00e2n h\u00f3a, ti\u1ec3u c\u1ea7u t\u1eeb ch\u00ednh c\u01a1 th\u1ec3 b\u1ea1n \u0111\u01b0\u1ee3c tinh ch\u1ebf v\u00e0 ch\u1ebf t\u1ea1o th\u00e0nh tinh ch\u1ea5t \u0111\u00f4ng l\u1ea1nh v\u1edbi li\u1ec1u l\u01b0\u1ee3ng ch\u00ednh x\u00e1c; m\u1ed7i l\u1ecd ch\u1ee9a c\u00e1c y\u1ebfu t\u1ed1 t\u0103ng tr\u01b0\u1edfng hi\u1ec7u qu\u1ea3 cao gi\u00fap k\u00edch ho\u1ea1t kh\u1ea3 n\u0103ng t\u1ef1 ph\u1ee5c h\u1ed3i c\u1ee7a l\u00e0n da. D\u00f9 l\u00e0 c\u1ea3i thi\u1ec7n l\u1ed7 ch\u00e2n l\u00f4ng v\u00e0 n\u1ebfp nh\u0103n, ph\u1ee5c h\u1ed3i s\u00e2u c\u00e1c t\u1ed5n th\u01b0\u01a1ng hay k\u1ebft h\u1ee3p v\u1edbi li\u1ec7u tr\u00ecnh laser \u0111\u1ec3 t\u0103ng c\u01b0\u1eddng hi\u1ec7u qu\u1ea3, PLT \u0111\u1ec1u mang \u0111\u1ebfn gi\u1ea3i ph\u00e1p t\u00e1i t\u1ea1o da thu\u1ea7n khi\u1ebft, an to\u00e0n, \u1ed5n \u0111\u1ecbnh v\u00e0 l\u00e2u d\u00e0i, gi\u00fap b\u1ea1n l\u1ea5y l\u1ea1i s\u1ee9c s\u1ed1ng kh\u1ecfe m\u1ea1nh ban \u0111\u1ea7u cho l\u00e0n da.<\/p>\n<p><img fetchpriority=\"high\" decoding=\"async\" class=\"alignnone wp-image-10851 size-full\" src=\"https:\/\/arisinclinic.com\/wp-content\/uploads\/2026\/03\/PLT-\u751f\u9577\u56e0\u5b50\u51cd\u6676\u4ecb\u7d391.jpg\" alt=\"Gi\u1edbi thi\u1ec7u v\u1ec1 tinh ch\u1ea5t \u0111\u00f4ng l\u1ea1nh ch\u1ee9a y\u1ebfu t\u1ed1 t\u0103ng tr\u01b0\u1edfng PLT 1\" width=\"800\" height=\"449\" title=\"\" srcset=\"https:\/\/arisinclinic.com\/wp-content\/uploads\/2026\/03\/PLT-\u751f\u9577\u56e0\u5b50\u51cd\u6676\u4ecb\u7d391.jpg 800w, https:\/\/arisinclinic.com\/wp-content\/uploads\/2026\/03\/PLT-\u751f\u9577\u56e0\u5b50\u51cd\u6676\u4ecb\u7d391-300x168.jpg 300w, https:\/\/arisinclinic.com\/wp-content\/uploads\/2026\/03\/PLT-\u751f\u9577\u56e0\u5b50\u51cd\u6676\u4ecb\u7d391-768x431.jpg 768w, https:\/\/arisinclinic.com\/wp-content\/uploads\/2026\/03\/PLT-\u751f\u9577\u56e0\u5b50\u51cd\u6676\u4ecb\u7d391-600x337.jpg 600w\" sizes=\"(max-width: 800px) 100vw, 800px\" \/><\/p>\n<h3>N\u0103m \u0111i\u1ec3m n\u1ed5i b\u1eadt c\u1ee7a li\u1ec7u tr\u00ecnh \u0111\u00f4ng l\u1ea1nh y\u1ebfu t\u1ed1 t\u0103ng tr\u01b0\u1edfng PLT<\/h3>\n<h4>1. C\u00f4ng ngh\u1ec7 \u0111\u1ed9c quy\u1ec1n c\u1ee7a Sibirite, \u0111\u01b0\u1ee3c c\u00f4ng nh\u1eadn b\u1edfi b\u1ea3y b\u1eb1ng s\u00e1ng ch\u1ebf y t\u1ebf<\/h4>\n<p>D\u1ef1a tr\u00ean n\u1ec1n t\u1ea3ng nghi\u00ean c\u1ee9u v\u00e0 ph\u00e1t tri\u1ec3n v\u1eefng ch\u1eafc t\u1eeb CMT Central Medical, Sibirite t\u1eadp trung v\u00e0o l\u0129nh v\u1ef1c y h\u1ecdc t\u1ef1 ph\u1ee5c h\u1ed3i v\u00e0 ch\u1ed1ng l\u00e3o h\u00f3a, s\u1edf h\u1eefu 7 b\u1eb1ng s\u00e1ng ch\u1ebf quan tr\u1ecdng li\u00ean quan \u0111\u1ebfn quy tr\u00ecnh s\u1ea3n xu\u1ea5t v\u00e0 \u1ee9ng d\u1ee5ng ti\u1ec3u c\u1ea7u. Th\u00f4ng qua vi\u1ec7c c\u00f4ng b\u1ed1 nhi\u1ec1u b\u00e0i b\u00e1o khoa h\u1ecdc, c\u00f4ng ty \u0111\u00e3 ch\u1ee9ng minh b\u1eb1ng d\u1eef li\u1ec7u khoa h\u1ecdc kh\u1ea3 n\u0103ng ph\u1ee5c h\u1ed3i m\u00f4 v\u00e0 t\u00e1i t\u1ea1o t\u1ebf b\u00e0o v\u01b0\u1ee3t tr\u1ed9i c\u1ee7a m\u00ecnh.<\/p>\n<h4>2. V\u01b0\u1ee3t qua nh\u1eefng h\u1ea1n ch\u1ebf c\u1ee7a ph\u01b0\u01a1ng ph\u00e1p PRP truy\u1ec1n th\u1ed1ng, t\u1ea1o ra c\u00e1c tinh th\u1ec3 \u0111\u00f4ng l\u1ea1nh c\u00f3 ho\u1ea1t t\u00ednh cao v\u00e0 \u0111\u01b0\u1ee3c \u0111\u1ecbnh l\u01b0\u1ee3ng ch\u00ednh x\u00e1c<\/h4>\n<p>PLT \u0111\u01b0\u1ee3c m\u1ec7nh danh l\u00e0 \u201cphi\u00ean b\u1ea3n n\u00e2ng c\u1ea5p c\u1ee7a PRP\u201d. Ph\u01b0\u01a1ng ph\u00e1p PRP truy\u1ec1n th\u1ed1ng ph\u1ea3i \u0111\u01b0\u1ee3c s\u1eed d\u1ee5ng trong v\u00f2ng 4 gi\u1edd sau khi l\u1ea5y m\u00e1u v\u00e0 kh\u00f4ng th\u1ec3 x\u00e1c \u0111\u1ecbnh \u0111\u01b0\u1ee3c s\u1ed1 l\u01b0\u1ee3ng ti\u1ec3u c\u1ea7u; trong khi \u0111\u00f3, PLT s\u1eed d\u1ee5ng c\u00f4ng ngh\u1ec7 \u0111\u1ed9c quy\u1ec1n \u0111\u1ec3 \u0111\u1ecbnh l\u01b0\u1ee3ng ti\u1ec3u c\u1ea7u v\u00e0 ch\u1ebf t\u1ea1o th\u00e0nh tinh th\u1ec3 \u0111\u00f4ng l\u1ea1nh, gi\u00fap b\u00e1c s\u0129 t\u00ednh to\u00e1n ch\u00ednh x\u00e1c li\u1ec1u l\u01b0\u1ee3ng ti\u00eam, \u0111\u1ea3m b\u1ea3o hi\u1ec7u qu\u1ea3 \u1ed5n \u0111\u1ecbnh v\u00e0 c\u00f3 th\u1ec3 d\u1ef1 \u0111o\u00e1n \u0111\u01b0\u1ee3c trong m\u1ed7i li\u1ec7u tr\u00ecnh.<\/p>\n<h4>3. Gi\u1ea3i ph\u00f3ng m\u1ed9t l\u01b0\u1ee3ng l\u1edbn c\u00e1c y\u1ebfu t\u1ed1 t\u0103ng tr\u01b0\u1edfng, k\u00edch ho\u1ea1t c\u01a1 ch\u1ebf t\u1ef1 ph\u1ee5c h\u1ed3i<\/h4>\n<p>Ti\u1ec3u c\u1ea7u (Platelet) ch\u1ee9a nhi\u1ec1u y\u1ebfu t\u1ed1 t\u0103ng tr\u01b0\u1edfng quan tr\u1ecdng, c\u00f3 ch\u1ee9c n\u0103ng k\u00edch th\u00edch t\u1ebf b\u00e0o m\u00f4 v\u00e0 t\u0103ng t\u1ef7 l\u1ec7 s\u1ed1ng s\u00f3t c\u1ee7a t\u1ebf b\u00e0o. Khi ti\u1ec3u c\u1ea7u t\u00e1c \u0111\u1ed9ng l\u00ean da, ch\u00fang s\u1ebd nhanh ch\u00f3ng gi\u1ea3i ph\u00f3ng c\u00e1c y\u1ebfu t\u1ed1 t\u0103ng tr\u01b0\u1edfng v\u1edbi n\u1ed3ng \u0111\u1ed9 cao, ch\u1ee7 \u0111\u1ed9ng ph\u1ee5c h\u1ed3i c\u00e1c m\u00f4 b\u1ecb t\u1ed5n th\u01b0\u01a1ng, \u0111\u1ed3ng th\u1eddi cung c\u1ea5p ngu\u1ed3n n\u0103ng l\u01b0\u1ee3ng sinh h\u1ecdc m\u1ea1nh m\u1ebd cho qu\u00e1 tr\u00ecnh ch\u1ed1ng l\u00e3o h\u00f3a v\u00e0 t\u00e1i t\u1ea1o da.<\/p>\n<h4>4. B\u1ed5 sung d\u01b0\u1ee1ng ch\u1ea5t cho t\u1ebf b\u00e0o s\u1ee3i, gi\u00fap da l\u1ea5y l\u1ea1i \u0111\u1ed9 s\u0103n ch\u1eafc v\u00e0 \u0111\u00e0n h\u1ed3i<\/h4>\n<p>PLT c\u00f3 kh\u1ea3 n\u0103ng b\u1ed5 sung ch\u00ednh x\u00e1c c\u00e1c d\u01b0\u1ee1ng ch\u1ea5t m\u00e0 t\u1ebf b\u00e0o s\u1ee3i \u0111ang thi\u1ebfu h\u1ee5t, t\u1eeb \u0111\u00f3 k\u00edch th\u00edch s\u1ef1 gi\u1ea3i ph\u00f3ng collagen v\u00e0 elastin. \u0110i\u1ec1u n\u00e0y kh\u00f4ng ch\u1ec9 gi\u00fap l\u00e0m m\u1edd n\u1ebfp nh\u0103n s\u00e2u, c\u1ea3i thi\u1ec7n t\u00ecnh tr\u1ea1ng da ch\u1ea3y x\u1ec7, m\u00e0 c\u00f2n n\u00e2ng cao \u0111\u1ed9 s\u0103n ch\u1eafc v\u00e0 s\u1ef1 m\u1ecbn m\u00e0ng t\u1ed5ng th\u1ec3 c\u1ee7a l\u00e0n da, mang l\u1ea1i hi\u1ec7u qu\u1ea3 ch\u1ed1ng l\u00e3o h\u00f3a to\u00e0n di\u1ec7n.<\/p>\n<h4>5. L\u1ea5y m\u00e1u m\u1ed9t l\u1ea7n, s\u1eed d\u1ee5ng nhi\u1ec1u l\u1ea7n; b\u1ea3o qu\u1ea3n \u1edf nhi\u1ec7t \u0111\u1ed9 ph\u00f2ng s\u1ebd thu\u1eadn ti\u1ec7n h\u01a1n<\/h4>\n<p>Gi\u1ea3i quy\u1ebft \u0111\u01b0\u1ee3c nh\u01b0\u1ee3c \u0111i\u1ec3m c\u1ee7a ph\u01b0\u01a1ng ph\u00e1p PRP truy\u1ec1n th\u1ed1ng l\u00e0 ph\u1ea3i l\u1ea5y m\u00e1u l\u1ea1i m\u1ed7i l\u1ea7n th\u1ef1c hi\u1ec7n. V\u1edbi PLT, ch\u1ec9 c\u1ea7n l\u1ea5y m\u00e1u m\u1ed9t l\u1ea7n l\u00e0 c\u00f3 th\u1ec3 s\u1ea3n xu\u1ea5t nhi\u1ec1u l\u1ecd tinh ch\u1ea5t \u0111\u00f4ng l\u1ea1nh d\u00e0nh ri\u00eang cho t\u1eebng c\u00e1 nh\u00e2n t\u1ea1i ph\u00f2ng th\u00ed nghi\u1ec7m chuy\u00ean nghi\u1ec7p, \u0111\u1ed3ng th\u1eddi duy tr\u00ec ho\u1ea1t t\u00ednh trong th\u1eddi gian d\u00e0i \u1edf nhi\u1ec7t \u0111\u1ed9 ph\u00f2ng. Quy tr\u00ecnh th\u1ef1c hi\u1ec7n kh\u00f4ng b\u1ecb \u1ea3nh h\u01b0\u1edfng b\u1edfi t\u00ecnh tr\u1ea1ng s\u1ee9c kh\u1ecfe hi\u1ec7n t\u1ea1i (nh\u01b0 th\u1ee9c khuya, m\u1ec7t m\u1ecfi), gi\u00fap qu\u00e1 tr\u00ecnh \u0111i\u1ec1u tr\u1ecb th\u1ea9m m\u1ef9 di\u1ec5n ra thu\u1eadn l\u1ee3i h\u01a1n.<\/p>\n<p><img decoding=\"async\" class=\"alignnone wp-image-10855 size-full\" src=\"https:\/\/arisinclinic.com\/wp-content\/uploads\/2026\/03\/PLT-\u751f\u9577\u56e0\u5b50\u51cd\u6676\u4ecb\u7d394.jpg\" alt=\"Gi\u1edbi thi\u1ec7u v\u1ec1 tinh ch\u1ea5t \u0111\u00f4ng l\u1ea1nh ch\u1ee9a y\u1ebfu t\u1ed1 t\u0103ng tr\u01b0\u1edfng PLT 4\" width=\"800\" height=\"652\" title=\"\" srcset=\"https:\/\/arisinclinic.com\/wp-content\/uploads\/2026\/03\/PLT-\u751f\u9577\u56e0\u5b50\u51cd\u6676\u4ecb\u7d394.jpg 800w, https:\/\/arisinclinic.com\/wp-content\/uploads\/2026\/03\/PLT-\u751f\u9577\u56e0\u5b50\u51cd\u6676\u4ecb\u7d394-300x245.jpg 300w, https:\/\/arisinclinic.com\/wp-content\/uploads\/2026\/03\/PLT-\u751f\u9577\u56e0\u5b50\u51cd\u6676\u4ecb\u7d394-768x626.jpg 768w, https:\/\/arisinclinic.com\/wp-content\/uploads\/2026\/03\/PLT-\u751f\u9577\u56e0\u5b50\u51cd\u6676\u4ecb\u7d394-600x489.jpg 600w\" sizes=\"(max-width: 800px) 100vw, 800px\" \/><\/p>\n<h3>PLT \u0111\u00f4ng l\u1ea1nh so v\u1edbi PRP truy\u1ec1n th\u1ed1ng: So s\u00e1nh to\u00e0n di\u1ec7n v\u1ec1 \u01b0u \u0111i\u1ec3m<\/h3>\n<h4>1. C\u00f4ng ngh\u1ec7 s\u1ea3n xu\u1ea5t \u0111\u1ed9c quy\u1ec1n, \u0111\u1ea3m b\u1ea3o c\u1ea3 \u0111\u1ed9 tinh khi\u1ebft v\u00e0 t\u00ednh \u1ed5n \u0111\u1ecbnh<\/h4>\n<p>PLT \u0111\u00f4ng l\u1ea1nh \u0111\u01b0\u1ee3c s\u1ea3n xu\u1ea5t b\u1eb1ng \u201cc\u00f4ng ngh\u1ec7 t\u00e1ch v\u00e0 \u0111\u00f4ng l\u1ea1nh ti\u1ec3u c\u1ea7u\u201d \u0111\u1ed9c quy\u1ec1n c\u1ee7a SibiRite Biotech. So v\u1edbi PRP truy\u1ec1n th\u1ed1ng ch\u1ec9 c\u00f3 th\u1ec3 \u0111\u01b0\u1ee3c ly t\u00e2m \u0111\u01a1n gi\u1ea3n ngay t\u1ea1i ph\u00f2ng kh\u00e1m, PLT \u0111\u01b0\u1ee3c s\u1ea3n xu\u1ea5t th\u00f4ng qua quy tr\u00ecnh ph\u00f2ng th\u00ed nghi\u1ec7m chuy\u00ean nghi\u1ec7p, \u0111\u1ea3m b\u1ea3o \u0111\u1ed9 tinh khi\u1ebft v\u00e0 ho\u1ea1t t\u00ednh sinh h\u1ecdc cao h\u01a1n, \u0111\u00e1nh d\u1ea5u m\u1ed9t b\u01b0\u1edbc \u0111\u1ed9t ph\u00e1 l\u1edbn trong c\u00f4ng ngh\u1ec7 ch\u1ed1ng l\u00e3o h\u00f3a.<\/p>\n<h4>2. L\u1ea5y m\u00e1u m\u1ed9t l\u1ea7n cho nhi\u1ec1u \u0111\u1ee3t \u0111i\u1ec1u tr\u1ecb, kh\u00f4ng c\u00f2n ph\u1ea3i l\u1ea5y m\u00e1u th\u01b0\u1eddng xuy\u00ean<\/h4>\n<p>V\u1edbi ph\u01b0\u01a1ng ph\u00e1p PRP truy\u1ec1n th\u1ed1ng, m\u1ed7i l\u1ea7n \u0111i\u1ec1u tr\u1ecb \u0111\u1ec1u ph\u1ea3i l\u1ea5y m\u00e1u m\u1edbi v\u00e0 ph\u1ea3i s\u1eed d\u1ee5ng h\u1ebft trong ng\u00e0y; trong khi \u0111\u00f3, v\u1edbi tinh ch\u1ea5t \u0111\u00f4ng l\u1ea1nh PLT, ch\u1ec9 c\u1ea7n l\u1ea5y m\u00e1u m\u1ed9t l\u1ea7n l\u00e0 c\u00f3 th\u1ec3 s\u1ea3n xu\u1ea5t \u0111\u01b0\u1ee3c kho\u1ea3ng 10\u201320 l\u1ecd tinh ch\u1ea5t \u0111\u00f4ng l\u1ea1nh ri\u00eang bi\u1ec7t. \u0110i\u1ec1u n\u00e0y gi\u00fap b\u1ea1n kh\u00f4ng ph\u1ea3i ch\u1ecbu \u0111\u1ef1ng c\u1ea3m gi\u00e1c kh\u00f3 ch\u1ecbu khi l\u1ea5y m\u00e1u th\u00eam l\u1ea7n n\u1eefa trong c\u00e1c \u0111\u1ee3t \u0111i\u1ec1u tr\u1ecb ti\u1ebfp theo, kh\u00f4ng ch\u1ec9 ti\u1ec7n l\u1ee3i m\u00e0 c\u00f2n gi\u00fap b\u1ea1n linh ho\u1ea1t s\u1eafp x\u1ebfp l\u1ecbch tr\u00ecnh \u0111i\u1ec1u tr\u1ecb.<\/p>\n<h4>3. Chi\u1ebft xu\u1ea5t ch\u00ednh x\u00e1c v\u00e0 \u0111\u1ecbnh l\u01b0\u1ee3ng, m\u1ed7i l\u1ecd ch\u1ee9a 1 t\u1ef7 ti\u1ec3u c\u1ea7u<\/h4>\n<p>Ph\u01b0\u01a1ng ph\u00e1p PRP truy\u1ec1n th\u1ed1ng kh\u00f3 x\u00e1c \u0111\u1ecbnh n\u1ed3ng \u0111\u1ed9 ti\u1ec3u c\u1ea7u v\u00e0 c\u00f3 th\u1ec3 ch\u1ee9a c\u00e1c t\u1ebf b\u00e0o t\u1ea1p; trong khi \u0111\u00f3, s\u1ea3n ph\u1ea9m PLT \u0111\u00f4ng l\u1ea1nh \u0111\u1ea3m b\u1ea3o h\u00e0m l\u01b0\u1ee3ng 1 t\u1ef7 ti\u1ec3u c\u1ea7u trong m\u1ed7i l\u1ecd, k\u00e8m theo b\u00e1o c\u00e1o chi ti\u1ebft v\u1ec1 n\u1ed3ng \u0111\u1ed9 c\u00e1c y\u1ebfu t\u1ed1 t\u0103ng tr\u01b0\u1edfng, gi\u00fap b\u00e1c s\u0129 th\u1ef1c hi\u1ec7n li\u1ec7u tr\u00ecnh m\u1ed9t c\u00e1ch ch\u00ednh x\u00e1c d\u1ef1a tr\u00ean d\u1eef li\u1ec7u khoa h\u1ecdc, t\u1eeb \u0111\u00f3 \u0111\u1ea3m b\u1ea3o hi\u1ec7u qu\u1ea3 \u0111i\u1ec1u tr\u1ecb cao h\u01a1n.<\/p>\n<h4>4. An to\u00e0n t\u1ed1i \u0111a v\u00e0 th\u1eddi h\u1ea1n s\u1eed d\u1ee5ng l\u00e2u d\u00e0i<\/h4>\n<p>PLT \u0111\u00f4ng l\u1ea1nh \u0111\u01b0\u1ee3c s\u1ea3n xu\u1ea5t trong ph\u00f2ng th\u00ed nghi\u1ec7m v\u00f4 tr\u00f9ng, sau \u0111\u00f3 \u0111\u01b0\u1ee3c ti\u1ec7t tr\u00f9ng b\u1eb1ng tia gamma v\u00e0 \u0111\u00f3ng g\u00f3i ch\u00e2n kh\u00f4ng. So v\u1edbi PRP \u2013 v\u1ed1n ph\u1ea3i s\u1eed d\u1ee5ng ngay t\u1ea1i ch\u1ed7 v\u00e0 kh\u00f4ng qua quy tr\u00ecnh ti\u1ec7t tr\u00f9ng \u2013 PLT c\u00f3 th\u1ec3 b\u1ea3o qu\u1ea3n \u1ed5n \u0111\u1ecbnh \u1edf nhi\u1ec7t \u0111\u1ed9 ph\u00f2ng trong 3 n\u0103m, mang l\u1ea1i \u0111\u1ed9 an to\u00e0n v\u01b0\u1ee3t tr\u1ed9i v\u00e0 gi\u1ea3m \u0111\u00e1ng k\u1ec3 nguy c\u01a1 nhi\u1ec5m tr\u00f9ng c\u0169ng nh\u01b0 bi\u1ebfn ch\u1ea5t.<\/p>\n<h4>5. \u0110\u1ed9 linh ho\u1ea1t cao, c\u00f3 th\u1ec3 \u00e1p d\u1ee5ng cho m\u1ecdi v\u00f9ng tr\u00ean khu\u00f4n m\u1eb7t<\/h4>\n<p>Ph\u01b0\u01a1ng ph\u00e1p PRP truy\u1ec1n th\u1ed1ng c\u00f3 s\u1ea3n l\u01b0\u1ee3ng h\u1ea1n ch\u1ebf (kho\u1ea3ng 3\u20135 ml), th\u01b0\u1eddng ch\u1ec9 ph\u00f9 h\u1ee3p \u0111\u1ec3 \u0111i\u1ec1u tr\u1ecb c\u00e1c v\u00f9ng nh\u1ecf. Trong khi \u0111\u00f3, tinh th\u1ec3 \u0111\u00f4ng l\u1ea1nh ti\u1ec3u c\u1ea7u (PLT) c\u00f3 s\u1ea3n l\u01b0\u1ee3ng d\u1ed3i d\u00e0o, ph\u00f9 h\u1ee3p ho\u00e0n h\u1ea3o cho c\u1ea3 vi\u1ec7c \u201ctinh ch\u1ec9nh chi ti\u1ebft v\u1edbi l\u01b0\u1ee3ng nh\u1ecf\u201d l\u1eabn \u201c\u0111i\u1ec1u tr\u1ecb \u0111a \u0111i\u1ec3m\u201d tr\u00ean to\u00e0n khu\u00f4n m\u1eb7t ho\u1eb7c nhi\u1ec1u v\u00f9ng kh\u00e1c nhau, mang l\u1ea1i hi\u1ec7u qu\u1ea3 th\u1ea9m m\u1ef9 to\u00e0n di\u1ec7n.<\/p>\n<p><img decoding=\"async\" class=\"alignnone wp-image-10852 size-full\" src=\"https:\/\/arisinclinic.com\/wp-content\/uploads\/2026\/03\/PLT-\u751f\u9577\u56e0\u5b50\u51cd\u6676\u4ecb\u7d395.jpg\" alt=\"Gi\u1edbi thi\u1ec7u v\u1ec1 tinh th\u1ec3 \u0111\u00f4ng l\u1ea1nh ch\u1ee9a y\u1ebfu t\u1ed1 t\u0103ng tr\u01b0\u1edfng PLT 5\" width=\"800\" height=\"547\" title=\"\" srcset=\"https:\/\/arisinclinic.com\/wp-content\/uploads\/2026\/03\/PLT-\u751f\u9577\u56e0\u5b50\u51cd\u6676\u4ecb\u7d395.jpg 800w, https:\/\/arisinclinic.com\/wp-content\/uploads\/2026\/03\/PLT-\u751f\u9577\u56e0\u5b50\u51cd\u6676\u4ecb\u7d395-300x205.jpg 300w, https:\/\/arisinclinic.com\/wp-content\/uploads\/2026\/03\/PLT-\u751f\u9577\u56e0\u5b50\u51cd\u6676\u4ecb\u7d395-768x525.jpg 768w, https:\/\/arisinclinic.com\/wp-content\/uploads\/2026\/03\/PLT-\u751f\u9577\u56e0\u5b50\u51cd\u6676\u4ecb\u7d395-600x410.jpg 600w\" sizes=\"(max-width: 800px) 100vw, 800px\" \/><\/p>\n<h3>Nh\u1eefng \u0111i\u1ec1u c\u1ea7n l\u01b0u \u00fd tr\u01b0\u1edbc v\u00e0 sau khi th\u1ef1c hi\u1ec7n li\u1ec7u ph\u00e1p \u0111\u00f4ng l\u1ea1nh y\u1ebfu t\u1ed1 t\u0103ng tr\u01b0\u1edfng PLT<\/h3>\n<ul>\n<li>Trong 3 ng\u00e0y tr\u01b0\u1edbc khi l\u1ea5y m\u1eabu, c\u1ea7n tr\u00e1nh th\u1ee9c khuya, u\u1ed1ng r\u01b0\u1ee3u, \u0103n \u0111\u1ed3 \u0103n nhi\u1ec1u d\u1ea7u m\u1ee1 v\u00e0 tr\u00e1nh v\u1eadn \u0111\u1ed9ng m\u1ea1nh<\/li>\n<li>Xin vui l\u00f2ng kh\u00f4ng \u0111\u1ec3 b\u1ee5ng \u0111\u00f3i tr\u01b0\u1edbc khi l\u1ea5y m\u00e1u<\/li>\n<li>Kh\u00f4ng n\u00ean th\u1ef1c hi\u1ec7n li\u1ec7u tr\u00ecnh n\u00e0y \u0111\u1ed1i v\u1edbi nh\u1eefng ng\u01b0\u1eddi b\u1ecb thi\u1ebfu c\u00e2n nghi\u00eam tr\u1ecdng, nh\u1eefng ng\u01b0\u1eddi \u0111ang d\u00f9ng thu\u1ed1c ch\u1ed1ng \u0111\u00f4ng m\u00e1u trong th\u1eddi gian d\u00e0i, ph\u1ee5 n\u1eef \u0111ang trong k\u1ef3 kinh nguy\u1ec7t, ph\u1ee5 n\u1eef mang thai, ph\u1ee5 n\u1eef trong v\u00f2ng 1 th\u00e1ng sau sinh, ho\u1eb7c nh\u1eefng ng\u01b0\u1eddi m\u1eafc c\u00e1c b\u1ec7nh m\u00e3n t\u00ednh.<\/li>\n<li>Sau khi \u0111i\u1ec1u tr\u1ecb b\u1eb1ng ph\u01b0\u01a1ng ph\u00e1p PLT, c\u00e1c tri\u1ec7u ch\u1ee9ng nh\u01b0 s\u01b0ng \u0111\u1ecf nh\u1eb9, b\u1ea7m t\u00edm, \u0111au nh\u1ee9c v\u00e0 ph\u00f9 n\u1ec1 \u0111\u1ec1u l\u00e0 hi\u1ec7n t\u01b0\u1ee3ng b\u00ecnh th\u01b0\u1eddng. B\u1ea1n c\u00f3 th\u1ec3 ch\u01b0\u1eddm \u0111\u00e1 \u0111\u1ec3 l\u00e0m d\u1ecbu c\u01a1n \u0111au; c\u1ea3m gi\u00e1c kh\u00f3 ch\u1ecbu s\u1ebd thuy\u00ean gi\u1ea3m sau 1\u20132 tu\u1ea7n.<\/li>\n<li>Trong v\u00f2ng 1 th\u00e1ng sau ph\u1eabu thu\u1eadt, c\u1ea7n tr\u00e1nh c\u00e1c ho\u1ea1t \u0111\u1ed9ng th\u1ec3 ch\u1ea5t qu\u00e1 m\u1ea1nh, thu\u1ed1c l\u00e1, r\u01b0\u1ee3u bia v\u00e0 c\u00e1c lo\u1ea1i th\u1ef1c ph\u1ea9m cay n\u00f3ng<\/li>\n<li>Sau ph\u1eabu thu\u1eadt, c\u1ea7n t\u0103ng c\u01b0\u1eddng d\u01b0\u1ee1ng \u1ea9m v\u00e0 ch\u1ed1ng n\u1eafng, tr\u00e1nh ti\u1ebfp x\u00fac tr\u1ef1c ti\u1ebfp v\u1edbi \u00e1nh n\u1eafng m\u1eb7t tr\u1eddi<\/li>\n<li>Trong v\u00f2ng 1 tu\u1ea7n sau khi \u0111i\u1ec1u tr\u1ecb da m\u1eb7t, c\u1ea7n tr\u00e1nh s\u1eed d\u1ee5ng c\u00e1c s\u1ea3n ph\u1ea9m ch\u0103m s\u00f3c da ch\u1ee9a axit, b\u01a1i l\u1ed9i, t\u1eafm su\u1ed1i n\u01b0\u1edbc n\u00f3ng, v.v.<\/li>\n<li>Sau khi \u0111i\u1ec1u tr\u1ecb v\u00f9ng k\u00edn, trong v\u00f2ng 1 tu\u1ea7n c\u1ea7n tr\u00e1nh quan h\u1ec7 t\u00ecnh d\u1ee5c, t\u1eafm b\u1ed3n v\u00e0 t\u1eafm su\u1ed1i n\u01b0\u1edbc n\u00f3ng, v.v.<\/li>\n<\/ul>\n<p><img loading=\"lazy\" decoding=\"async\" class=\"alignnone wp-image-10853 size-full\" src=\"https:\/\/arisinclinic.com\/wp-content\/uploads\/2026\/03\/PLT-\u751f\u9577\u56e0\u5b50\u51cd\u6676\u4ecb\u7d393.jpg\" alt=\"Gi\u1edbi thi\u1ec7u v\u1ec1 tinh th\u1ec3 \u0111\u00f4ng l\u1ea1nh ch\u1ee9a y\u1ebfu t\u1ed1 t\u0103ng tr\u01b0\u1edfng PLT 3\" width=\"800\" height=\"449\" title=\"\" srcset=\"https:\/\/arisinclinic.com\/wp-content\/uploads\/2026\/03\/PLT-\u751f\u9577\u56e0\u5b50\u51cd\u6676\u4ecb\u7d393.jpg 800w, https:\/\/arisinclinic.com\/wp-content\/uploads\/2026\/03\/PLT-\u751f\u9577\u56e0\u5b50\u51cd\u6676\u4ecb\u7d393-300x168.jpg 300w, https:\/\/arisinclinic.com\/wp-content\/uploads\/2026\/03\/PLT-\u751f\u9577\u56e0\u5b50\u51cd\u6676\u4ecb\u7d393-768x431.jpg 768w, https:\/\/arisinclinic.com\/wp-content\/uploads\/2026\/03\/PLT-\u751f\u9577\u56e0\u5b50\u51cd\u6676\u4ecb\u7d393-600x337.jpg 600w\" sizes=\"(max-width: 800px) 100vw, 800px\" \/><\/p>","protected":false},"excerpt":{"rendered":"<p>S\u1ea3n ph\u1ea9m tinh ch\u1ea5t \u0111\u00f4ng l\u1ea1nh ch\u1ee9a y\u1ebfu t\u1ed1 t\u0103ng tr\u01b0\u1edfng PLT c\u1ee7a Arixin \u0111\u1ea1t \u0111\u01b0\u1ee3c s\u1ef1 c\u00e2n b\u1eb1ng to\u00e0n di\u1ec7n gi\u1eefa qu\u00e1 tr\u00ecnh ph\u1ee5c h\u1ed3i t\u1ef1 nhi\u00ean v\u00e0 t\u00e1i t\u1ea1o hi\u1ec7u qu\u1ea3. C\u00f4ng ngh\u1ec7 \u0111\u00f4ng l\u1ea1nh \u0111\u1ed9c quy\u1ec1n cung c\u1ea5p l\u01b0\u1ee3ng y\u1ebfu t\u1ed1 t\u0103ng tr\u01b0\u1edfng n\u1ed3ng \u0111\u1ed9 cao \u0111\u01b0\u1ee3c \u0111\u1ecbnh l\u01b0\u1ee3ng ch\u00ednh x\u00e1c, gi\u00fap ph\u1ee5c h\u1ed3i n\u1ebfp nh\u0103n, thu nh\u1ecf l\u1ed7 ch\u00e2n l\u00f4ng v\u00e0 th\u00fac \u0111\u1ea9y qu\u00e1 tr\u00ecnh t\u00e1i t\u1ea1o da. \u0110\u01b0\u1ee3c c\u00e1c b\u00e1c s\u0129 chuy\u00ean khoa thi\u1ebft k\u1ebf ri\u00eang cho t\u1eebng kh\u00e1ch h\u00e0ng, s\u1ea3n ph\u1ea9m mang l\u1ea1i s\u1ef1 ti\u1ec7n l\u1ee3i v\u00e0 an to\u00e0n nh\u1edd ch\u1ec9 c\u1ea7n l\u1ea5y m\u00e1u m\u1ed9t l\u1ea7n m\u00e0 c\u00f3 th\u1ec3 s\u1eed d\u1ee5ng nhi\u1ec1u l\u1ea7n. H\u00e3y \u0111\u1eb7t l\u1ecbch t\u01b0 v\u1ea5n ngay h\u00f4m nay \u0111\u1ec3 tr\u1ea3i nghi\u1ec7m ph\u00e9p m\u00e0u ph\u1ee5c h\u1ed3i m\u1ea1nh m\u1ebd t\u1eeb ch\u00ednh m\u00e1u c\u1ee7a b\u1ea1n.<\/p>","protected":false},"featured_media":10850,"comment_status":"open","ping_status":"closed","template":"","meta":{"_acf_changed":false},"product_brand":[],"product_cat":[156,15],"product_tag":[],"class_list":{"0":"post-10849","1":"product","2":"type-product","3":"status-publish","4":"has-post-thumbnail","6":"product_cat-non-surgical-aesthetics","7":"product_cat-service","9":"first","10":"instock","11":"shipping-taxable","12":"product-type-simple"},"acf":[],"_links":{"self":[{"href":"https:\/\/arisinclinic.com\/vi\/wp-json\/wp\/v2\/product\/10849","targetHints":{"allow":["GET"]}}],"collection":[{"href":"https:\/\/arisinclinic.com\/vi\/wp-json\/wp\/v2\/product"}],"about":[{"href":"https:\/\/arisinclinic.com\/vi\/wp-json\/wp\/v2\/types\/product"}],"replies":[{"embeddable":true,"href":"https:\/\/arisinclinic.com\/vi\/wp-json\/wp\/v2\/comments?post=10849"}],"wp:featuredmedia":[{"embeddable":true,"href":"https:\/\/arisinclinic.com\/vi\/wp-json\/wp\/v2\/media\/10850"}],"wp:attachment":[{"href":"https:\/\/arisinclinic.com\/vi\/wp-json\/wp\/v2\/media?parent=10849"}],"wp:term":[{"taxonomy":"product_brand","embeddable":true,"href":"https:\/\/arisinclinic.com\/vi\/wp-json\/wp\/v2\/product_brand?post=10849"},{"taxonomy":"product_cat","embeddable":true,"href":"https:\/\/arisinclinic.com\/vi\/wp-json\/wp\/v2\/product_cat?post=10849"},{"taxonomy":"product_tag","embeddable":true,"href":"https:\/\/arisinclinic.com\/vi\/wp-json\/wp\/v2\/product_tag?post=10849"}],"curies":[{"name":"wp","href":"https:\/\/api.w.org\/{rel}","templated":true}]}}