{"id":10866,"date":"2026-03-19T23:56:02","date_gmt":"2026-03-19T15:56:02","guid":{"rendered":"https:\/\/4t542t4sohxh.wpsite.pro\/?post_type=product&#038;p=10866"},"modified":"2026-04-23T18:14:52","modified_gmt":"2026-04-23T10:14:52","slug":"linear-z","status":"publish","type":"product","link":"https:\/\/arisinclinic.com\/vi\/service\/linear-z\/","title":{"rendered":"Linear Z - N\u00e2ng c\u01a1 b\u1eb1ng s\u00f3ng \u00e2m"},"content":{"rendered":"<p>Linear Z \u2013 c\u00f4ng ngh\u1ec7 n\u00e2ng c\u01a1 b\u1eb1ng s\u00f3ng \u00e2m tuy\u1ebfn t\u00ednh, do n\u1eef di\u1ec5n vi\u00ean H\u00e0n Qu\u1ed1c Lee Young-ae l\u00e0m \u0111\u1ea1i s\u1ee9 th\u01b0\u01a1ng hi\u1ec7u, l\u00e0 c\u00f4ng ngh\u1ec7 n\u00e2ng c\u01a1 b\u1eb1ng s\u00f3ng \u00e2m tuy\u1ebfn t\u00ednh h\u00e0ng \u0111\u1ea7u th\u1ebf h\u1ec7 m\u1edbi v\u00e0 \u0111\u00e3 nh\u1eadn \u0111\u01b0\u1ee3c s\u1ef1 \u0111\u00f3n nh\u1eadn n\u1ed3ng nhi\u1ec7t k\u1ec3 t\u1eeb khi ra m\u1eaft. \u0110\u1ed9i ng\u0169 chuy\u00ean gia th\u1ea9m m\u1ef9 c\u1ee7a Arixin chuy\u00ean s\u00e2u v\u1ec1 c\u00e1c li\u1ec7u ph\u00e1p n\u00e2ng c\u01a1, b\u00ean c\u1ea1nh c\u00e1c c\u00f4ng ngh\u1ec7 hi\u1ec7n c\u00f3 nh\u01b0 Sofwave v\u00e0 Q+ Linear Ultrasound, c\u00f2n ti\u00ean phong gi\u1edbi thi\u1ec7u Linear Z \u2013 c\u00f4ng ngh\u1ec7 s\u1edf h\u1eefu n\u0103ng l\u01b0\u1ee3ng l\u00e0m s\u0103n ch\u1eafc da hi\u1ec7u qu\u1ea3 cao, nh\u1eb1m \u0111\u00e1p \u1ee9ng nhu c\u1ea7u cao c\u1ea5p trong vi\u1ec7c gi\u1ea3i quy\u1ebft c\u00e1c v\u1ea5n \u0111\u1ec1 l\u00e3o h\u00f3a \u0111a d\u1ea1ng.<\/p>\n<p><img fetchpriority=\"high\" decoding=\"async\" class=\"alignnone wp-image-11965 size-large\" src=\"https:\/\/arisinclinic.com\/wp-content\/uploads\/2026\/03\/05-LinearZ\u97f3\u6ce2_1200x1200_\u7121\u5100\u5668-1024x1024.jpg\" alt=\"\" width=\"1024\" height=\"1024\" title=\"\" srcset=\"\" sizes=\"(max-width: 1024px) 100vw, 1024px\" data-srcset=\"\" \/><\/p>\n<h3>Linear Z - C\u00f4ng ngh\u1ec7 n\u00e2ng c\u01a1 b\u1eb1ng s\u00f3ng \u00e2m: C\u00f4ng ngh\u1ec7 th\u00f4ng minh t\u1ea1o \u0111\u01b0\u1eddng n\u00e9t ch\u1eef V, \u0111\u1ecbnh ngh\u0129a l\u1ea1i ti\u00eau chu\u1ea9n l\u00e0m s\u0103n ch\u1eafc da chuy\u00ean nghi\u1ec7p<\/h3>\n<h4>C\u00f4ng ngh\u1ec7 s\u01b0\u1edfi \u1ea5m th\u00f4ng minh k\u00e9p h\u00ecnh ch\u1eef V, n\u00e2ng c\u01a1 k\u1ebft h\u1ee3p \u0111i\u1ec3m v\u00e0 \u0111\u01b0\u1eddng<\/h4>\n<p>Linear Z \u0111\u01b0\u1ee3c trang b\u1ecb c\u00f4ng ngh\u1ec7 \"T\u1eadp trung th\u00f4ng minh h\u00ecnh ch\u1eef V\" \u0111\u1ed9c quy\u1ec1n, k\u1ebft h\u1ee3p ho\u00e0n h\u1ea3o gi\u1eefa ch\u1ebf \u0111\u1ed9 \u0111i\u1ec3m (Dot) truy\u1ec1n th\u1ed1ng v\u00e0 ch\u1ebf \u0111\u1ed9 tuy\u1ebfn t\u00ednh (Linear) s\u00e1ng t\u1ea1o. Ch\u1ebf \u0111\u1ed9 \u0111i\u1ec3m gi\u00fap t\u00e1c \u0111\u1ed9ng ch\u00ednh x\u00e1c v\u00e0o l\u1edbp m\u00e0ng c\u01a1, trong khi ch\u1ebf \u0111\u1ed9 tuy\u1ebfn t\u00ednh mang l\u1ea1i kh\u1ea3 n\u0103ng ph\u1ee7 nhi\u1ec7t to\u00e0n di\u1ec7n kh\u00f4ng c\u00f3 kho\u1ea3ng tr\u1ed1ng, ch\u1ec9 m\u1ea5t 0,37 gi\u00e2y cho m\u1ed7i l\u1ea7n b\u1eafn. Nh\u1edd c\u01a1 ch\u1ebf ph\u00e1t n\u0103ng l\u01b0\u1ee3ng k\u00e9p, thi\u1ebft b\u1ecb \u0111\u1ed3ng th\u1eddi \u0111\u1ea1t \u0111\u01b0\u1ee3c hi\u1ec7u qu\u1ea3 n\u00e2ng c\u01a1 s\u00e2u, l\u00e0m s\u0103n ch\u1eafc da v\u00e0 \u0111\u1ecbnh h\u00ecnh \u0111\u01b0\u1eddng n\u00e9t khu\u00f4n m\u1eb7t.<\/p>\n<p><img decoding=\"async\" class=\"alignnone wp-image-10870 size-full\" src=\"https:\/\/arisinclinic.com\/wp-content\/uploads\/2026\/03\/Linear-Z-\u97f3\u6ce2\u62c9\u63d02.jpg\" alt=\"Linear Z - N\u00e2ng c\u01a1 b\u1eb1ng s\u00f3ng \u00e2m 2\" width=\"800\" height=\"720\" title=\"\" srcset=\"https:\/\/arisinclinic.com\/wp-content\/uploads\/2026\/03\/Linear-Z-\u97f3\u6ce2\u62c9\u63d02.jpg 800w, https:\/\/arisinclinic.com\/wp-content\/uploads\/2026\/03\/Linear-Z-\u97f3\u6ce2\u62c9\u63d02-300x270.jpg 300w, https:\/\/arisinclinic.com\/wp-content\/uploads\/2026\/03\/Linear-Z-\u97f3\u6ce2\u62c9\u63d02-768x691.jpg 768w, https:\/\/arisinclinic.com\/wp-content\/uploads\/2026\/03\/Linear-Z-\u97f3\u6ce2\u62c9\u63d02-600x540.jpg 600w\" sizes=\"(max-width: 800px) 100vw, 800px\" \/><\/p>\n<h4>4 lo\u1ea1i \u0111\u1ea7u d\u00f2, 15 ch\u1ebf \u0111\u1ed9, chi\u1ebfn l\u01b0\u1ee3c t\u00f9y ch\u1ec9nh to\u00e0n di\u1ec7n<\/h4>\n<p>V\u01b0\u1ee3t qua nh\u1eefng gi\u1edbi h\u1ea1n c\u1ee7a c\u00f4ng ngh\u1ec7 s\u00f3ng \u00e2m truy\u1ec1n th\u1ed1ng, Linear Z ch\u1ec9 c\u1ea7n 4 \u0111\u1ea7u d\u00f2 chuy\u00ean d\u1ee5ng \u0111\u1ec3 chuy\u1ec3n \u0111\u1ed5i gi\u1eefa 15 ch\u1ebf \u0111\u1ed9 \u0111i\u1ec1u tr\u1ecb kh\u00e1c nhau. D\u00f9 l\u00e0 nh\u1eefng n\u1ebfp nh\u0103n nh\u1ecf quanh v\u00f9ng m\u1eaft, v\u00f9ng c\u1eb1m \u0111\u00f4i ch\u1ea3y x\u1ec7 hay t\u00ecnh tr\u1ea1ng da ch\u00f9ng nh\u00e3o sau sinh, b\u00e1c s\u0129 \u0111\u1ec1u c\u00f3 th\u1ec3 linh ho\u1ea1t \u1ee9ng ph\u00f3 v\u1edbi c\u00e1c bi\u1ec3u hi\u1ec7n l\u00e3o h\u00f3a kh\u00e1c nhau, t\u1eeb \u0111\u00f3 thi\u1ebft k\u1ebf ri\u00eang cho t\u1eebng kh\u00e1ch h\u00e0ng m\u1ed9t ph\u00e1c \u0111\u1ed3 \u201ct\u1ea1o h\u00ecnh t\u1eebng l\u1edbp\u201d ph\u00f9 h\u1ee3p nh\u1ea5t.<\/p>\n<p><img decoding=\"async\" class=\"alignnone wp-image-10871 size-full\" src=\"https:\/\/arisinclinic.com\/wp-content\/uploads\/2026\/03\/Linear-Z-\u97f3\u6ce2\u62c9\u63d04.jpg\" alt=\"Linear Z - N\u00e2ng c\u01a1 b\u1eb1ng s\u00f3ng \u00e2m 4\" width=\"800\" height=\"821\" title=\"\" srcset=\"https:\/\/arisinclinic.com\/wp-content\/uploads\/2026\/03\/Linear-Z-\u97f3\u6ce2\u62c9\u63d04.jpg 800w, https:\/\/arisinclinic.com\/wp-content\/uploads\/2026\/03\/Linear-Z-\u97f3\u6ce2\u62c9\u63d04-292x300.jpg 292w, https:\/\/arisinclinic.com\/wp-content\/uploads\/2026\/03\/Linear-Z-\u97f3\u6ce2\u62c9\u63d04-768x788.jpg 768w, https:\/\/arisinclinic.com\/wp-content\/uploads\/2026\/03\/Linear-Z-\u97f3\u6ce2\u62c9\u63d04-600x616.jpg 600w\" sizes=\"(max-width: 800px) 100vw, 800px\" \/><\/p>\n<h4>C\u00f4ng su\u1ea5t \u0111\u1ea7u ra c\u1ef1c \u0111\u1ea1i, mang l\u1ea1i tr\u1ea3i nghi\u1ec7m \u0111i\u1ec1u tr\u1ecb hi\u1ec7u qu\u1ea3 v\u00e0 \u00edt g\u00e2y \u0111au \u0111\u1edbn<\/h4>\n<p>Nh\u1edd c\u00f4ng ngh\u1ec7 truy\u1ec1n \u0111\u1ed9ng ti\u00ean ti\u1ebfn, Linear Z c\u00f3 t\u1ed1c \u0111\u1ed9 ph\u00e1t xung c\u1ef1c nhanh, gi\u00fap r\u00fat ng\u1eafn \u0111\u00e1ng k\u1ec3 th\u1eddi gian \u0111i\u1ec1u tr\u1ecb t\u1ed5ng th\u1ec3. \u0110i\u1ec1u n\u00e0y kh\u00f4ng ch\u1ec9 n\u00e2ng cao hi\u1ec7u qu\u1ea3 l\u00e0m vi\u1ec7c t\u1ea1i ph\u00f2ng kh\u00e1m m\u00e0 c\u00f2n gi\u1ea3m thi\u1ec3u hi\u1ec7u qu\u1ea3 c\u1ea3m gi\u00e1c kh\u00f3 ch\u1ecbu do t\u00edch t\u1ee5 nhi\u1ec7t g\u00e2y ra. Quy tr\u00ecnh \u0111i\u1ec1u tr\u1ecb kh\u00f4ng c\u1ea7n g\u00e2y t\u00ea, kh\u00f4ng \u0111\u1ec3 l\u1ea1i v\u1ebft th\u01b0\u01a1ng, gi\u00fap b\u1ea1n c\u1ea3m nh\u1eadn \u0111\u01b0\u1ee3c s\u1ef1 c\u1ea3i thi\u1ec7n \u0111\u1ed9 s\u0103n ch\u1eafc ngay l\u1eadp t\u1ee9c trong m\u1ed9t qu\u00e1 tr\u00ecnh tho\u1ea3i m\u00e1i.<\/p>\n<p><img loading=\"lazy\" decoding=\"async\" class=\"alignnone wp-image-10872 size-full\" src=\"https:\/\/arisinclinic.com\/wp-content\/uploads\/2026\/03\/Linear-Z-\u97f3\u6ce2\u62c9\u63d03.jpg\" alt=\"Linear Z - N\u00e2ng c\u01a1 b\u1eb1ng s\u00f3ng \u00e2m 3\" width=\"800\" height=\"580\" title=\"\" srcset=\"https:\/\/arisinclinic.com\/wp-content\/uploads\/2026\/03\/Linear-Z-\u97f3\u6ce2\u62c9\u63d03.jpg 800w, https:\/\/arisinclinic.com\/wp-content\/uploads\/2026\/03\/Linear-Z-\u97f3\u6ce2\u62c9\u63d03-300x218.jpg 300w, https:\/\/arisinclinic.com\/wp-content\/uploads\/2026\/03\/Linear-Z-\u97f3\u6ce2\u62c9\u63d03-768x557.jpg 768w, https:\/\/arisinclinic.com\/wp-content\/uploads\/2026\/03\/Linear-Z-\u97f3\u6ce2\u62c9\u63d03-600x435.jpg 600w\" sizes=\"(max-width: 800px) 100vw, 800px\" \/><\/p>\n<h4>\u0110\u01b0\u1ee3c ch\u1ee9ng nh\u1eadn b\u1edfi TFDA \u0110\u00e0i Loan, s\u1ea3n ph\u1ea9m gi\u00fap \u0111\u1ecbnh h\u00ecnh khu\u00f4n m\u1eb7t v\u00e0 c\u01a1 th\u1ec3<\/h4>\n<p>Hi\u1ec7u qu\u1ea3 \u0111i\u1ec1u tr\u1ecb c\u1ee7a ph\u01b0\u01a1ng ph\u00e1p n\u00e0y \u0111\u00e3 \u0111\u01b0\u1ee3c C\u1ee5c Qu\u1ea3n l\u00fd D\u01b0\u1ee3c ph\u1ea9m v\u00e0 Th\u1ef1c ph\u1ea9m \u0110\u00e0i Loan (TFDA) ch\u1ee9ng nh\u1eadn nghi\u00eam ng\u1eb7t; kh\u00f4ng ch\u1ec9 ph\u00f9 h\u1ee3p \u0111\u1ec3 n\u00e2ng c\u01a1 v\u00f9ng m\u00e1 m\u00e0 c\u00f2n c\u00f3 th\u1ec3 th\u1ef1c hi\u1ec7n li\u1ec7u tr\u00ecnh l\u00e0m s\u0103n ch\u1eafc cho c\u00e1c v\u00f9ng c\u01a1 th\u1ec3 kh\u00e1c nh\u01b0 v\u00f9ng b\u1ee5ng d\u01b0\u1edbi v\u00e0 \u0111\u00f9i. Th\u00f4ng qua c\u00f4ng ngh\u1ec7 s\u00f3ng si\u00eau \u00e2m h\u1ed9i t\u1ee5 c\u01b0\u1eddng \u0111\u1ed9 cao (HIFU) \u0111\u1ec3 truy\u1ec1n n\u0103ng l\u01b0\u1ee3ng m\u1ed9t c\u00e1ch ch\u00ednh x\u00e1c, ph\u01b0\u01a1ng ph\u00e1p n\u00e0y k\u00edch th\u00edch qu\u00e1 tr\u00ecnh t\u00e1i t\u1ea1o collagen t\u1ef1 nhi\u00ean, t\u1eeb \u0111\u00f3 gi\u1ea3i quy\u1ebft hi\u1ec7u qu\u1ea3 c\u00e1c v\u1ea5n \u0111\u1ec1 v\u1ec1 da ch\u1ea3y x\u1ec7 v\u00e0 t\u00edch t\u1ee5 m\u1ee1.<\/p>\n<h4>C\u00f4ng ngh\u1ec7 l\u00e0m s\u0103n ch\u1eafc da c\u1ea5p \u0111\u1ed9 \u0111i\u1ec1u tr\u1ecb cao c\u1ea5p, v\u01b0\u1ee3t qua gi\u1edbi h\u1ea1n c\u1ee7a c\u00f4ng ngh\u1ec7 s\u00f3ng \u00e2m truy\u1ec1n th\u1ed1ng<\/h4>\n<p>Linear Z kh\u00f4ng ch\u1ec9 l\u00e0 s\u1ea3n ph\u1ea9m ch\u0103m s\u00f3c da h\u00e0ng ng\u00e0y, m\u00e0 c\u00f2n l\u00e0 b\u01b0\u1edbc ti\u1ebfn m\u1edbi trong c\u00f4ng ngh\u1ec7 l\u00e0m s\u0103n ch\u1eafc da \u1edf \u201cc\u1ea5p \u0111\u1ed9 \u0111i\u1ec1u tr\u1ecb\u201d. V\u1edbi kh\u1ea3 n\u0103ng ph\u00e1t ra n\u0103ng l\u01b0\u1ee3ng \u1ed5n \u0111\u1ecbnh v\u00e0 t\u00e1c \u0111\u1ed9ng s\u00e2u h\u01a1n, s\u1ea3n ph\u1ea9m n\u00e0y \u0111\u00e3 kh\u1eafc ph\u1ee5c \u0111\u01b0\u1ee3c nh\u1eefng h\u1ea1n ch\u1ebf v\u1ec1 ph\u1ea1m vi t\u00e1c \u0111\u1ed9ng nhi\u1ec7t c\u1ee7a c\u00f4ng ngh\u1ec7 s\u00f3ng \u00e2m truy\u1ec1n th\u1ed1ng. \u0110\u1ed1i v\u1edbi nh\u1eefng ai mong mu\u1ed1n c\u00f3 \u0111\u01b0\u1eddng n\u00e9t khu\u00f4n m\u1eb7t tinh t\u1ebf v\u00e0 c\u1ea3i thi\u1ec7n \u0111\u1ed9 \u0111\u00e0n h\u1ed3i c\u1ee7a da, Linear Z s\u1ebd gi\u00fap l\u00e0n da l\u1ea5y l\u1ea1i v\u1ebb t\u01b0\u01a1i tr\u1ebb, c\u0103ng m\u1ecdng t\u1eeb b\u00ean trong ra b\u00ean ngo\u00e0i.<\/p>\n<p><img loading=\"lazy\" decoding=\"async\" class=\"alignnone wp-image-10873 size-full\" src=\"https:\/\/arisinclinic.com\/wp-content\/uploads\/2026\/03\/Linear-Z-\u97f3\u6ce2\u62c9\u63d05.jpg\" alt=\"Linear Z - N\u00e2ng c\u01a1 b\u1eb1ng s\u00f3ng \u00e2m 5\" width=\"800\" height=\"399\" title=\"\" srcset=\"https:\/\/arisinclinic.com\/wp-content\/uploads\/2026\/03\/Linear-Z-\u97f3\u6ce2\u62c9\u63d05.jpg 800w, https:\/\/arisinclinic.com\/wp-content\/uploads\/2026\/03\/Linear-Z-\u97f3\u6ce2\u62c9\u63d05-300x150.jpg 300w, https:\/\/arisinclinic.com\/wp-content\/uploads\/2026\/03\/Linear-Z-\u97f3\u6ce2\u62c9\u63d05-768x383.jpg 768w, https:\/\/arisinclinic.com\/wp-content\/uploads\/2026\/03\/Linear-Z-\u97f3\u6ce2\u62c9\u63d05-600x299.jpg 600w\" sizes=\"(max-width: 800px) 100vw, 800px\" \/><\/p>\n<h3>4 lo\u1ea1i \u0111\u1ea7u d\u00f2 chuy\u00ean d\u1ee5ng: N\u00e2ng c\u01a1 theo t\u1eebng l\u1edbp, t\u1ea1o n\u00ean 15 c\u1ea5p \u0111\u1ed9 s\u0103n ch\u1eafc ba chi\u1ec1u<\/h3>\n<p>Linear Z \u0111\u00e3 tinh gi\u1ea3n h\u1ec7 th\u1ed1ng \u0111\u1ea7u d\u00f2 s\u00f3ng \u00e2m ph\u1ee9c t\u1ea1p th\u00e0nh 4 lo\u1ea1i c\u1ed1t l\u00f5i. B\u00e1c s\u0129 c\u00f3 th\u1ec3 \u0111i\u1ec1u ch\u1ec9nh ch\u00ednh x\u00e1c \u0111\u1ed9 s\u00e2u v\u00e0 ch\u1ebf \u0111\u1ed9 (\u0111i\u1ec3m\/d\u00f2ng) d\u1ef1a tr\u00ean \u0111\u1ed9 d\u00e0y da v\u00e0 t\u00ecnh tr\u1ea1ng l\u00e3o h\u00f3a c\u1ee7a b\u1ea1n, linh ho\u1ea1t k\u1ebft h\u1ee3p \u0111\u1ec3 t\u1ea1o ra t\u1edbi 15 ph\u01b0\u01a1ng \u00e1n n\u00e2ng c\u01a1 t\u00f9y ch\u1ec9nh, mang l\u1ea1i s\u1ef1 c\u1ea3i thi\u1ec7n to\u00e0n di\u1ec7n t\u1eeb b\u1ec1 m\u1eb7t \u0111\u1ebfn s\u00e2u b\u00ean trong:<\/p>\n<h4>1. Basic - Lo\u1ea1i c\u01a1 b\u1ea3n (2,0 \/ 3,0 mm)<\/h4>\n<p>T\u1eadp trung v\u00e0o: C\u1ea3i thi\u1ec7n n\u1ebfp nh\u0103n b\u1ec1 m\u1eb7t<br \/>\n\u0110\u01b0\u1ee3c thi\u1ebft k\u1ebf chuy\u00ean bi\u1ec7t \u0111\u1ec3 lo\u1ea1i b\u1ecf c\u00e1c d\u1ea5u hi\u1ec7u l\u00e3o h\u00f3a tr\u00ean b\u1ec1 m\u1eb7t da. Nh\u1edd c\u01a1 ch\u1ebf gi\u1ea3i ph\u00f3ng nhi\u1ec7t ch\u00ednh x\u00e1c, s\u1ea3n ph\u1ea9m gi\u00fap l\u00e0m m\u1edd hi\u1ec7u qu\u1ea3 c\u00e1c n\u1ebfp nh\u0103n kh\u00f4 v\u00e0 n\u1ebfp nh\u0103n nh\u1ecf \u1edf nh\u1eefng v\u00f9ng da nh\u1ea1y c\u1ea3m nh\u01b0 quanh m\u1eaft v\u00e0 kh\u00f3e mi\u1ec7ng, mang l\u1ea1i l\u00e0n da m\u1ec1m m\u1ecbn v\u00e0 \u0111\u1ec1u m\u00e0u.<\/p>\n<h4>2. Lo\u1ea1i Essential (1,5 \/ 2,0 \/ 3,0 mm)<\/h4>\n<p>T\u1eadp trung v\u00e0o: K\u00edch th\u00edch s\u1ef1 t\u00e1i t\u1ea1o collagen<br \/>\nT\u00e1c \u0111\u1ed9ng s\u00e2u v\u00e0o l\u1edbp trung b\u00ec, k\u00edch ho\u1ea1t c\u01a1 ch\u1ebf t\u00e1i t\u1ea1o collagen tr\u00ean di\u1ec7n r\u1ed9ng. D\u00f2ng s\u1ea3n ph\u1ea9m n\u00e0y gi\u00fap c\u1ea3i thi\u1ec7n \u0111\u00e1ng k\u1ec3 \u0111\u1ed9 c\u0103ng m\u1ecdng v\u00e0 \u0111\u1ed9 \u0111\u00e0n h\u1ed3i t\u1ed5ng th\u1ec3 c\u1ee7a l\u00e0n da, l\u00e0 ch\u00eca kh\u00f3a v\u00e0ng \u0111\u1ec3 l\u1ea5y l\u1ea1i v\u1ebb c\u0103ng m\u1ecdng v\u00e0 \u0111\u1ed9 \u0111\u00e0n h\u1ed3i cho khu\u00f4n m\u1eb7t.<\/p>\n<h4>3. Lo\u1ea1i l\u00f5i (4,5 mm)<\/h4>\n<p>T\u1eadp trung v\u00e0o: N\u00e2ng c\u01a1 s\u00e2u \u1edf l\u1edbp m\u00e0ng SMAS<br \/>\nT\u00e1c \u0111\u1ed9ng tr\u1ef1c ti\u1ebfp v\u00e0o nguy\u00ean nh\u00e2n g\u00e2y ch\u1ea3y x\u1ec7 \u2014 l\u1edbp c\u00e2n SMAS. Nh\u1edd kh\u1ea3 n\u0103ng c\u1ed1 \u0111\u1ecbnh s\u00e2u v\u00e0 m\u1ea1nh m\u1ebd, ph\u01b0\u01a1ng ph\u00e1p n\u00e0y gi\u00fap n\u00e2ng cao \u0111\u01b0\u1eddng n\u00e9t khu\u00f4n m\u1eb7t b\u1ecb ch\u1ea3y x\u1ec7, ch\u1ed1ng l\u1ea1i l\u1ef1c h\u1ea5p d\u1eabn, t\u1eeb \u0111\u00f3 t\u1ea1o n\u00ean \u0111\u01b0\u1eddng vi\u1ec1n h\u00e0m d\u01b0\u1edbi r\u00f5 n\u00e9t v\u00e0 n\u1ed5i b\u1eadt.<\/p>\n<h4>4. Lo\u1ea1i Contour (9,0 \/ 13,0 mm)<\/h4>\n<p>T\u1eadp trung v\u00e0o: Lo\u1ea1i b\u1ecf m\u1ee1 th\u1eeba, l\u00e0m s\u0103n ch\u1eafc \u0111\u01b0\u1eddng n\u00e9t c\u01a1 th\u1ec3<br \/>\nD\u00e0nh cho nh\u1eefng v\u00f9ng c\u00f3 l\u1edbp m\u1ee1 d\u00e0y (nh\u01b0 c\u1eb1m \u0111\u00f4i, v\u00f9ng b\u1ee5ng, \u0111\u00f9i). S\u1eed d\u1ee5ng c\u00f4ng ngh\u1ec7 l\u00e0m n\u00f3ng th\u1ec3 t\u00edch theo m\u00f4 h\u00ecnh tuy\u1ebfn t\u00ednh \u0111\u1ec3 v\u1eeba gi\u1ea3m th\u1ec3 t\u00edch m\u00f4 d\u01b0\u1edbi da v\u1eeba l\u00e0m s\u0103n ch\u1eafc \u0111\u01b0\u1eddng n\u00e9t, t\u1eeb \u0111\u00f3 t\u1ea1o n\u00ean \u0111\u01b0\u1eddng cong c\u01a1 th\u1ec3 m\u1ec1m m\u1ea1i v\u00e0 thon g\u1ecdn.<\/p>\n<p><img loading=\"lazy\" decoding=\"async\" class=\"alignnone wp-image-10869 size-full\" src=\"https:\/\/arisinclinic.com\/wp-content\/uploads\/2026\/03\/Linear-Z-\u97f3\u6ce2\u62c9\u63d06.jpg\" alt=\"Linear Z - M\u00e1y n\u00e2ng c\u01a1 b\u1eb1ng s\u00f3ng \u00e2m 6\" width=\"800\" height=\"346\" title=\"\" srcset=\"https:\/\/arisinclinic.com\/wp-content\/uploads\/2026\/03\/Linear-Z-\u97f3\u6ce2\u62c9\u63d06.jpg 800w, https:\/\/arisinclinic.com\/wp-content\/uploads\/2026\/03\/Linear-Z-\u97f3\u6ce2\u62c9\u63d06-300x130.jpg 300w, https:\/\/arisinclinic.com\/wp-content\/uploads\/2026\/03\/Linear-Z-\u97f3\u6ce2\u62c9\u63d06-768x332.jpg 768w, https:\/\/arisinclinic.com\/wp-content\/uploads\/2026\/03\/Linear-Z-\u97f3\u6ce2\u62c9\u63d06-600x260.jpg 600w\" sizes=\"(max-width: 800px) 100vw, 800px\" \/><\/p>","protected":false},"excerpt":{"rendered":"<p>C\u00f4ng ngh\u1ec7 n\u00e2ng c\u01a1 b\u1eb1ng s\u00f3ng \u00e2m Linear Z c\u1ee7a Aresin \u0111\u1ea1t \u0111\u01b0\u1ee3c s\u1ef1 c\u00e2n b\u1eb1ng to\u00e0n di\u1ec7n gi\u1eefa hi\u1ec7u qu\u1ea3 n\u00e2ng c\u01a1 t\u1ee9c th\u00ec v\u00e0 l\u00e0m s\u0103n ch\u1eafc da theo c\u01a1 ch\u1ebf t\u0103ng th\u1ec3 t\u00edch. S\u1eed d\u1ee5ng c\u00f4ng ngh\u1ec7 \u0111\u1ed9c quy\u1ec1n hai ch\u1ebf \u0111\u1ed9 \u0111i\u1ec3m v\u00e0 \u0111\u01b0\u1eddng th\u1eb3ng, thi\u1ebft b\u1ecb n\u00e0y gi\u00fap l\u00e0m s\u0103n ch\u1eafc l\u1edbp m\u00e0ng c\u01a1 m\u1ed9t c\u00e1ch ch\u00ednh x\u00e1c \u0111\u1ed3ng th\u1eddi l\u00e0m m\u1ec1m c\u00e1c \u0111\u01b0\u1eddng n\u00e9t \u1edf v\u00f9ng c\u1eb1m \u0111\u00f4i v\u00e0 v\u00f9ng da quanh mi\u1ec7ng. V\u1edbi \u01b0u \u0111i\u1ec3m \u00edt \u0111au, hi\u1ec7u qu\u1ea3 cao v\u00e0 c\u00e1c \u0111\u1ea7u d\u00f2 \u0111a \u0111\u1ed9 s\u00e2u, li\u1ec7u tr\u00ecnh \u0111\u01b0\u1ee3c thi\u1ebft k\u1ebf ri\u00eang b\u1edfi c\u00e1c b\u00e1c s\u0129 chuy\u00ean khoa. H\u00e3y \u0111\u1eb7t l\u1ecbch t\u01b0 v\u1ea5n ngay h\u00f4m nay \u0111\u1ec3 tr\u1ea3i nghi\u1ec7m ph\u00e9p m\u00e0u l\u00e0m s\u0103n ch\u1eafc da t\u1eeb c\u00f4ng ngh\u1ec7 s\u00f3ng si\u00eau \u00e2m th\u1ebf h\u1ec7 Z.<\/p>","protected":false},"featured_media":11965,"comment_status":"open","ping_status":"closed","template":"","meta":{"_acf_changed":false},"product_brand":[],"product_cat":[15,157],"product_tag":[],"class_list":{"0":"post-10866","1":"product","2":"type-product","3":"status-publish","4":"has-post-thumbnail","6":"product_cat-service","7":"product_cat-rf-ultrasound-treatments","9":"first","10":"instock","11":"shipping-taxable","12":"product-type-simple"},"acf":[],"_links":{"self":[{"href":"https:\/\/arisinclinic.com\/vi\/wp-json\/wp\/v2\/product\/10866","targetHints":{"allow":["GET"]}}],"collection":[{"href":"https:\/\/arisinclinic.com\/vi\/wp-json\/wp\/v2\/product"}],"about":[{"href":"https:\/\/arisinclinic.com\/vi\/wp-json\/wp\/v2\/types\/product"}],"replies":[{"embeddable":true,"href":"https:\/\/arisinclinic.com\/vi\/wp-json\/wp\/v2\/comments?post=10866"}],"wp:featuredmedia":[{"embeddable":true,"href":"https:\/\/arisinclinic.com\/vi\/wp-json\/wp\/v2\/media\/11965"}],"wp:attachment":[{"href":"https:\/\/arisinclinic.com\/vi\/wp-json\/wp\/v2\/media?parent=10866"}],"wp:term":[{"taxonomy":"product_brand","embeddable":true,"href":"https:\/\/arisinclinic.com\/vi\/wp-json\/wp\/v2\/product_brand?post=10866"},{"taxonomy":"product_cat","embeddable":true,"href":"https:\/\/arisinclinic.com\/vi\/wp-json\/wp\/v2\/product_cat?post=10866"},{"taxonomy":"product_tag","embeddable":true,"href":"https:\/\/arisinclinic.com\/vi\/wp-json\/wp\/v2\/product_tag?post=10866"}],"curies":[{"name":"wp","href":"https:\/\/api.w.org\/{rel}","templated":true}]}}