{"id":10874,"date":"2026-03-20T00:09:47","date_gmt":"2026-03-19T16:09:47","guid":{"rendered":"https:\/\/4t542t4sohxh.wpsite.pro\/?post_type=product&#038;p=10874"},"modified":"2026-04-18T14:59:04","modified_gmt":"2026-04-18T06:59:04","slug":"sofwave","status":"publish","type":"product","link":"https:\/\/arisinclinic.com\/vi\/service\/sofwave\/","title":{"rendered":"Sofwave"},"content":{"rendered":"<p>C\u00f4ng ngh\u1ec7 l\u00e0m s\u0103n ch\u1eafc da th\u1ebf h\u1ec7 m\u1edbi Sofwave, nh\u1edd c\u00f4ng ngh\u1ec7 ch\u00f9m tia song song SUPERB\u2122 \u0111\u00e3 \u0111\u01b0\u1ee3c c\u1ea5p b\u1eb1ng s\u00e1ng ch\u1ebf, t\u1ea1o ra th\u1ec3 t\u00edch gia nhi\u1ec7t g\u1ea5p nhi\u1ec1u l\u1ea7n so v\u1edbi s\u00f3ng si\u00eau \u00e2m truy\u1ec1n th\u1ed1ng ch\u1ec9 trong m\u1ed9t l\u1ea7n \u0111i\u1ec1u tr\u1ecb. C\u00f4ng ngh\u1ec7 n\u00e0y t\u00e1c \u0111\u1ed9ng ch\u00ednh x\u00e1c v\u00e0o l\u1edbp h\u1ea1 b\u00ec, \u0111\u1ed3ng th\u1eddi k\u00edch th\u00edch s\u1ef1 t\u00e1i t\u1ea1o collagen v\u00e0 s\u1ee3i \u0111\u00e0n h\u1ed3i, mang l\u1ea1i hi\u1ec7u qu\u1ea3 n\u00e2ng cao l\u00f4ng m\u00e0y, l\u00e0m s\u0103n ch\u1eafc \u0111\u01b0\u1eddng vi\u1ec1n h\u00e0m d\u01b0\u1edbi v\u00e0 l\u00e0m m\u1edd n\u1ebfp nh\u0103n c\u1ed5. K\u1ebft h\u1ee3p v\u1edbi c\u00f4ng ngh\u1ec7 l\u00e0m m\u00e1t th\u00f4ng minh SofCool\u2122, c\u00f4ng ngh\u1ec7 n\u00e0y kh\u00f4ng ch\u1ec9 \u0111\u1ea3m b\u1ea3o hi\u1ec7u qu\u1ea3 l\u00e0m s\u0103n ch\u1eafc t\u1ed1i \u01b0u m\u00e0 c\u00f2n mang l\u1ea1i \u0111\u1ed9 an to\u00e0n v\u00e0 tho\u1ea3i m\u00e1i cao h\u01a1n, gi\u00fap b\u1ea1n s\u1edf h\u1eefu l\u00e0n da s\u0103n ch\u1eafc, m\u1ecbn m\u00e0ng v\u00e0 \u0111\u01b0\u1eddng n\u00e9t r\u00f5 r\u00e0ng, tr\u1ebb trung.<\/p>\n<p><img fetchpriority=\"high\" decoding=\"async\" class=\"alignnone wp-image-10876 size-full\" src=\"https:\/\/arisinclinic.com\/wp-content\/uploads\/2026\/03\/Sofwave-\u7d22\u592b\u6ce2\uff5c\u901f\u98db\u5a01\u8d85\u97f3\u6ce21.jpg\" alt=\"Sofwave | Sufeiwei Si\u00eau \u00e2m 1\" width=\"800\" height=\"800\" title=\"\" srcset=\"https:\/\/arisinclinic.com\/wp-content\/uploads\/2026\/03\/Sofwave-\u7d22\u592b\u6ce2\uff5c\u901f\u98db\u5a01\u8d85\u97f3\u6ce21.jpg 800w, https:\/\/arisinclinic.com\/wp-content\/uploads\/2026\/03\/Sofwave-\u7d22\u592b\u6ce2\uff5c\u901f\u98db\u5a01\u8d85\u97f3\u6ce21-300x300.jpg 300w, https:\/\/arisinclinic.com\/wp-content\/uploads\/2026\/03\/Sofwave-\u7d22\u592b\u6ce2\uff5c\u901f\u98db\u5a01\u8d85\u97f3\u6ce21-150x150.jpg 150w, https:\/\/arisinclinic.com\/wp-content\/uploads\/2026\/03\/Sofwave-\u7d22\u592b\u6ce2\uff5c\u901f\u98db\u5a01\u8d85\u97f3\u6ce21-768x768.jpg 768w, https:\/\/arisinclinic.com\/wp-content\/uploads\/2026\/03\/Sofwave-\u7d22\u592b\u6ce2\uff5c\u901f\u98db\u5a01\u8d85\u97f3\u6ce21-600x600.jpg 600w, https:\/\/arisinclinic.com\/wp-content\/uploads\/2026\/03\/Sofwave-\u7d22\u592b\u6ce2\uff5c\u901f\u98db\u5a01\u8d85\u97f3\u6ce21-100x100.jpg 100w\" sizes=\"(max-width: 800px) 100vw, 800px\" \/><\/p>\n<h3>N\u0103m \u0111i\u1ec3m n\u1ed5i b\u1eadt c\u1ee7a li\u1ec7u tr\u00ecnh Sofwave<\/h3>\n<h4>1. Ph\u01b0\u01a1ng ph\u00e1p \u0111i\u1ec1u tr\u1ecb kh\u00f4ng x\u00e2m l\u1ea5n b\u1eb1ng n\u0103ng l\u01b0\u1ee3ng thu\u1ea7n t\u00fay, mang l\u1ea1i v\u1ebb \u0111\u1eb9p t\u1ef1 nhi\u00ean m\u00e0 kh\u00f4ng \u0111\u1ec3 l\u1ea1i s\u1eb9o<\/h4>\n<p>Sofpo \u00e1p d\u1ee5ng c\u00f4ng ngh\u1ec7 n\u0103ng l\u01b0\u1ee3ng si\u00eau \u00e2m ti\u00ean ti\u1ebfn nh\u1ea5t, ho\u00e0n to\u00e0n kh\u00f4ng c\u1ea7n ph\u1eabu thu\u1eadt hay ti\u00eam ch\u00edch. \u0110\u00e2y l\u00e0 m\u1ed9t li\u1ec7u tr\u00ecnh thu\u1ea7n t\u00fay d\u1ef1a tr\u00ean n\u0103ng l\u01b0\u1ee3ng, kh\u00f4ng g\u00e2y ra b\u1ea5t k\u1ef3 v\u1ebft th\u01b0\u01a1ng n\u00e0o trong qu\u00e1 tr\u00ecnh th\u1ef1c hi\u1ec7n, gi\u00fap b\u1ea1n c\u00f3 \u0111\u01b0\u1ee3c \u0111\u01b0\u1eddng n\u00e9t khu\u00f4n m\u1eb7t s\u0103n ch\u1eafc m\u00e0 kh\u00f4ng ph\u1ea3i lo l\u1eafng v\u1ec1 r\u1ee7i ro x\u00e2m l\u1ea5n hay v\u1ea5n \u0111\u1ec1 s\u1eb9o sau \u0111i\u1ec1u tr\u1ecb.<\/p>\n<h4>2. Li\u1ec7u tr\u00ecnh nhanh ch\u00f3ng v\u00e0 hi\u1ec7u qu\u1ea3, d\u1ec5 d\u00e0ng h\u00f2a nh\u1eadp v\u00e0o cu\u1ed9c s\u1ed1ng h\u00e0ng ng\u00e0y<\/h4>\n<p>Nh\u1edd c\u00f4ng ngh\u1ec7 ch\u00f9m tia song song \u0111\u1ed9c quy\u1ec1n, m\u1ed7i l\u1ea7n \u0111i\u1ec1u tr\u1ecb to\u00e0n m\u1eb7t ch\u1ec9 m\u1ea5t kho\u1ea3ng 30\u201345 ph\u00fat. Sau \u0111i\u1ec1u tr\u1ecb h\u1ea7u nh\u01b0 kh\u00f4ng c\u1ea7n th\u1eddi gian h\u1ed3i ph\u1ee5c, da ch\u1ec9 h\u01a1i \u1eedng h\u1ed3ng nh\u1eb9 trong th\u1eddi gian ng\u1eafn; b\u1ea1n c\u00f3 th\u1ec3 trang \u0111i\u1ec3m ngay l\u1eadp t\u1ee9c v\u00e0 quay tr\u1edf l\u1ea1i c\u00f4ng vi\u1ec7c, \u0111\u00e2y l\u00e0 l\u1ef1a ch\u1ecdn h\u00e0ng \u0111\u1ea7u l\u00fd t\u01b0\u1edfng cho \u201cch\u0103m s\u00f3c s\u1eafc \u0111\u1eb9p trong gi\u1edd ngh\u1ec9 tr\u01b0a\u201d c\u1ee7a nh\u1eefng ng\u01b0\u1eddi b\u1eadn r\u1ed9n trong x\u00e3 h\u1ed9i hi\u1ec7n \u0111\u1ea1i.<\/p>\n<p><img decoding=\"async\" class=\"alignnone wp-image-10880 size-full\" src=\"https:\/\/arisinclinic.com\/wp-content\/uploads\/2026\/03\/Sofwave-\u7d22\u592b\u6ce2\uff5c\u901f\u98db\u5a01\u8d85\u97f3\u6ce25.jpg\" alt=\"Sofwave | Sufeiwei Si\u00eau \u00e2m 5\" width=\"800\" height=\"600\" title=\"\" srcset=\"https:\/\/arisinclinic.com\/wp-content\/uploads\/2026\/03\/Sofwave-\u7d22\u592b\u6ce2\uff5c\u901f\u98db\u5a01\u8d85\u97f3\u6ce25.jpg 800w, https:\/\/arisinclinic.com\/wp-content\/uploads\/2026\/03\/Sofwave-\u7d22\u592b\u6ce2\uff5c\u901f\u98db\u5a01\u8d85\u97f3\u6ce25-300x225.jpg 300w, https:\/\/arisinclinic.com\/wp-content\/uploads\/2026\/03\/Sofwave-\u7d22\u592b\u6ce2\uff5c\u901f\u98db\u5a01\u8d85\u97f3\u6ce25-768x576.jpg 768w, https:\/\/arisinclinic.com\/wp-content\/uploads\/2026\/03\/Sofwave-\u7d22\u592b\u6ce2\uff5c\u901f\u98db\u5a01\u8d85\u97f3\u6ce25-600x450.jpg 600w\" sizes=\"(max-width: 800px) 100vw, 800px\" \/><\/p>\n<h4>3. C\u1ea3m gi\u00e1c \u00eam \u00e1i v\u00e0 tho\u1ea3i m\u00e1i, \u0111\u1ecbnh ngh\u0129a l\u1ea1i tr\u1ea3i nghi\u1ec7m \u00e2m thanh<\/h4>\n<p>So v\u1edbi ph\u01b0\u01a1ng ph\u00e1p n\u00e2ng c\u01a1 b\u1eb1ng s\u00f3ng \u00e2m truy\u1ec1n th\u1ed1ng, c\u00f4ng ngh\u1ec7 Sofwave ph\u00e2n b\u1ed1 nhi\u1ec7t \u0111\u1ec1u h\u01a1n v\u00e0 \u0111\u01b0\u1ee3c trang b\u1ecb h\u1ec7 th\u1ed1ng l\u00e0m m\u00e1t b\u1ea3o v\u1ec7 \u0111\u1ed9c quy\u1ec1n, gi\u00fap gi\u1ea3m \u0111\u00e1ng k\u1ec3 c\u1ea3m gi\u00e1c \u0111au r\u00e1t. H\u1ea7u h\u1ebft ng\u01b0\u1eddi d\u00f9ng \u0111\u1ec1u c\u1ea3m th\u1ea5y li\u1ec7u tr\u00ecnh di\u1ec5n ra nh\u1eb9 nh\u00e0ng, th\u1eadm ch\u00ed kh\u00f4ng c\u1ea7n ph\u1ea3i b\u00f4i thu\u1ed1c t\u00ea trong th\u1eddi gian d\u00e0i, gi\u00fap qu\u00e1 tr\u00ecnh l\u00e0m \u0111\u1eb9p tr\u1edf n\u00ean thanh l\u1ecbch v\u00e0 tho\u1ea3i m\u00e1i h\u01a1n.<\/p>\n<p><img decoding=\"async\" class=\"alignnone wp-image-10881 size-full\" src=\"https:\/\/arisinclinic.com\/wp-content\/uploads\/2026\/03\/Sofwave-\u7d22\u592b\u6ce2\uff5c\u901f\u98db\u5a01\u8d85\u97f3\u6ce24.jpg\" alt=\"Sofwave | Sofwave Si\u00eau \u00e2m 4\" width=\"800\" height=\"500\" title=\"\" srcset=\"https:\/\/arisinclinic.com\/wp-content\/uploads\/2026\/03\/Sofwave-\u7d22\u592b\u6ce2\uff5c\u901f\u98db\u5a01\u8d85\u97f3\u6ce24.jpg 800w, https:\/\/arisinclinic.com\/wp-content\/uploads\/2026\/03\/Sofwave-\u7d22\u592b\u6ce2\uff5c\u901f\u98db\u5a01\u8d85\u97f3\u6ce24-300x188.jpg 300w, https:\/\/arisinclinic.com\/wp-content\/uploads\/2026\/03\/Sofwave-\u7d22\u592b\u6ce2\uff5c\u901f\u98db\u5a01\u8d85\u97f3\u6ce24-768x480.jpg 768w, https:\/\/arisinclinic.com\/wp-content\/uploads\/2026\/03\/Sofwave-\u7d22\u592b\u6ce2\uff5c\u901f\u98db\u5a01\u8d85\u97f3\u6ce24-600x375.jpg 600w\" sizes=\"(max-width: 800px) 100vw, 800px\" \/><\/p>\n<h4>4. T\u1ea1o h\u00ecnh 3D to\u00e0n di\u1ec7n cho khu\u00f4n m\u1eb7t, ch\u1ed1ng ch\u1ea3y x\u1ec7 to\u00e0n di\u1ec7n<\/h4>\n<p>Ph\u01b0\u01a1ng ph\u00e1p \u0111i\u1ec1u tr\u1ecb Sofpo c\u00f3 ph\u1ea1m vi \u1ee9ng d\u1ee5ng r\u1ea5t r\u1ed9ng, mang l\u1ea1i hi\u1ec7u qu\u1ea3 n\u00e2ng c\u01a1 3D. T\u1eeb nh\u1eefng n\u1ebfp nh\u0103n tr\u00ean tr\u00e1n d\u1ec5 khi\u1ebfn khu\u00f4n m\u1eb7t tr\u00f4ng gi\u00e0 \u0111i, nh\u1eefng n\u1ebfp nh\u0103n nh\u1ecf quanh m\u1eaft, cho \u0111\u1ebfn v\u00f9ng da ch\u1ea3y x\u1ec7 \u1edf \u0111\u01b0\u1eddng vi\u1ec1n c\u1eb1m v\u00e0 v\u00f9ng c\u1ed5, t\u1ea5t c\u1ea3 \u0111\u1ec1u c\u00f3 th\u1ec3 \u0111\u01b0\u1ee3c c\u1ea3i thi\u1ec7n to\u00e0n di\u1ec7n v\u00e0 s\u0103n ch\u1eafc ch\u1ec9 sau m\u1ed9t li\u1ec7u tr\u00ecnh duy nh\u1ea5t.<\/p>\n<h4>5. \u0110\u01b0\u1ee3c ch\u1ee9ng nh\u1eadn k\u00e9p b\u1edfi c\u00e1c t\u1ed5 ch\u1ee9c uy t\u00edn qu\u1ed1c t\u1ebf, \u0111\u1ea3m b\u1ea3o t\u00ednh an to\u00e0n v\u00e0 hi\u1ec7u qu\u1ea3 \u0111\u00e3 \u0111\u01b0\u1ee3c ch\u1ee9ng minh<\/h4>\n<p>S\u1ea3n ph\u1ea9m \u0111\u00e3 \u0111\u01b0\u1ee3c c\u1ea5p ph\u00e9p b\u1edfi c\u1ea3 C\u1ee5c Qu\u1ea3n l\u00fd Th\u1ef1c ph\u1ea9m v\u00e0 D\u01b0\u1ee3c ph\u1ea9m Hoa K\u1ef3 (FDA) v\u00e0 C\u1ee5c Qu\u1ea3n l\u00fd D\u01b0\u1ee3c ph\u1ea9m v\u00e0 Th\u1ef1c ph\u1ea9m \u0110\u00e0i Loan (TFDA). Hi\u1ec7u qu\u1ea3 c\u1ee7a s\u1ea3n ph\u1ea9m trong vi\u1ec7c n\u00e2ng cao ch\u00e2n m\u00e0y, l\u00e0m s\u0103n ch\u1eafc \u0111\u01b0\u1eddng vi\u1ec1n h\u00e0m d\u01b0\u1edbi v\u00e0 c\u1ea3i thi\u1ec7n n\u1ebfp nh\u0103n v\u00f9ng c\u1ed5 \u0111\u00e3 \u0111\u01b0\u1ee3c ch\u1ee9ng minh l\u00e2m s\u00e0ng m\u1ed9t c\u00e1ch nghi\u00eam ng\u1eb7t, \u0111\u1ea3m b\u1ea3o m\u1ed7i tia n\u0103ng l\u01b0\u1ee3ng \u0111\u1ec1u \u0111\u01b0\u1ee3c chuy\u1ec3n h\u00f3a th\u00e0nh s\u1ee9c c\u0103ng tr\u1ebb trung r\u00f5 r\u1ec7t.<\/p>\n<p><img loading=\"lazy\" decoding=\"async\" class=\"alignnone wp-image-10877 size-full\" src=\"https:\/\/arisinclinic.com\/wp-content\/uploads\/2026\/03\/Sofwave-\u7d22\u592b\u6ce2\uff5c\u901f\u98db\u5a01\u8d85\u97f3\u6ce22.jpg\" alt=\"Sofwave | Speedwave Si\u00eau \u00e2m 2\" width=\"800\" height=\"500\" title=\"\" srcset=\"https:\/\/arisinclinic.com\/wp-content\/uploads\/2026\/03\/Sofwave-\u7d22\u592b\u6ce2\uff5c\u901f\u98db\u5a01\u8d85\u97f3\u6ce22.jpg 800w, https:\/\/arisinclinic.com\/wp-content\/uploads\/2026\/03\/Sofwave-\u7d22\u592b\u6ce2\uff5c\u901f\u98db\u5a01\u8d85\u97f3\u6ce22-300x188.jpg 300w, https:\/\/arisinclinic.com\/wp-content\/uploads\/2026\/03\/Sofwave-\u7d22\u592b\u6ce2\uff5c\u901f\u98db\u5a01\u8d85\u97f3\u6ce22-768x480.jpg 768w, https:\/\/arisinclinic.com\/wp-content\/uploads\/2026\/03\/Sofwave-\u7d22\u592b\u6ce2\uff5c\u901f\u98db\u5a01\u8d85\u97f3\u6ce22-600x375.jpg 600w\" sizes=\"(max-width: 800px) 100vw, 800px\" \/><\/p>\n<h3>T\u1ea1i sao Ph\u00f2ng kh\u00e1m Arixin l\u1ea1i l\u1ef1a ch\u1ecdn Sofwave\u00ae?<\/h3>\n<p>T\u1ea1i Arixin, ch\u00fang t\u00f4i tin r\u1eb1ng v\u1ebb \u0111\u1eb9p th\u1ef1c s\u1ef1 c\u1ee7a \u0111\u01b0\u1eddng n\u00e9t khu\u00f4n m\u1eb7t ph\u1ea3i t\u1ef1 nhi\u00ean, kh\u00f4ng g\u01b0\u1ee3ng \u00e9p, nh\u01b0ng v\u1eabn gi\u00fap nh\u1eefng ng\u01b0\u1eddi xung quanh nh\u1eadn ra s\u1ef1 thay \u0111\u1ed5i r\u00f5 r\u1ec7t.<\/p>\n<p>Ch\u00fang t\u00f4i l\u1ef1a ch\u1ecdn Sofpo ch\u00ednh l\u00e0 v\u00ec \u0111\u00e1nh gi\u00e1 cao s\u1ef1 c\u00e2n b\u1eb1ng ho\u00e0n h\u1ea3o m\u00e0 ph\u01b0\u01a1ng ph\u00e1p n\u00e0y mang l\u1ea1i gi\u1eefa \u201chi\u1ec7u qu\u1ea3 \u0111i\u1ec1u tr\u1ecb r\u00f5 r\u1ec7t\u201d v\u00e0 \u201cs\u1ef1 tho\u1ea3i m\u00e1i t\u1ed1i \u0111a\u201d. Quy tr\u00ecnh n\u00e0y ho\u00e0n to\u00e0n ph\u00f9 h\u1ee3p v\u1edbi nh\u1ecbp s\u1ed1ng h\u1eb1ng ng\u00e0y c\u1ee7a ng\u01b0\u1eddi hi\u1ec7n \u0111\u1ea1i, gi\u00fap \u0111\u00e1p \u1ee9ng ch\u00ednh x\u00e1c nhu c\u1ea7u ch\u0103m s\u00f3c ch\u1ed1ng l\u00e3o h\u00f3a ch\u1ea5t l\u01b0\u1ee3ng cao m\u00e0 kh\u00f4ng \u1ea3nh h\u01b0\u1edfng \u0111\u1ebfn c\u00e1c ho\u1ea1t \u0111\u1ed9ng x\u00e3 h\u1ed9i v\u00e0 c\u00f4ng vi\u1ec7c. \u0110\u1ed1i v\u1edbi nh\u1eefng ai mong mu\u1ed1n k\u1ebft h\u1ee3p gi\u1eefa hi\u1ec7u qu\u1ea3 v\u00e0 v\u1ebb \u0111\u1eb9p, Sofpo l\u00e0 s\u1ef1 l\u1ef1a ch\u1ecdn chuy\u00ean nghi\u1ec7p m\u00e0 ch\u00fang t\u00f4i ch\u00e2n th\u00e0nh khuy\u00ean d\u00f9ng.<\/p>\n<p><img loading=\"lazy\" decoding=\"async\" class=\"alignnone wp-image-10879 size-full\" src=\"https:\/\/arisinclinic.com\/wp-content\/uploads\/2026\/03\/Sofwave-\u7d22\u592b\u6ce2\uff5c\u901f\u98db\u5a01\u8d85\u97f3\u6ce23.jpg\" alt=\"Sofwave | Sufeiwei Si\u00eau \u00e2m 3\" width=\"800\" height=\"500\" title=\"\" srcset=\"https:\/\/arisinclinic.com\/wp-content\/uploads\/2026\/03\/Sofwave-\u7d22\u592b\u6ce2\uff5c\u901f\u98db\u5a01\u8d85\u97f3\u6ce23.jpg 800w, https:\/\/arisinclinic.com\/wp-content\/uploads\/2026\/03\/Sofwave-\u7d22\u592b\u6ce2\uff5c\u901f\u98db\u5a01\u8d85\u97f3\u6ce23-300x188.jpg 300w, https:\/\/arisinclinic.com\/wp-content\/uploads\/2026\/03\/Sofwave-\u7d22\u592b\u6ce2\uff5c\u901f\u98db\u5a01\u8d85\u97f3\u6ce23-768x480.jpg 768w, https:\/\/arisinclinic.com\/wp-content\/uploads\/2026\/03\/Sofwave-\u7d22\u592b\u6ce2\uff5c\u901f\u98db\u5a01\u8d85\u97f3\u6ce23-600x375.jpg 600w\" sizes=\"(max-width: 800px) 100vw, 800px\" \/><\/p>\n<h3>\u0110\u1ed9i ng\u0169 chuy\u00ean gia c\u1ee7a Arixin: \u0110\u00e1nh gi\u00e1 k\u1ef9 l\u01b0\u1ee1ng, b\u1ea3o v\u1ec7 t\u1eebng chi ti\u1ebft v\u1ec1 an to\u00e0n v\u00e0 th\u1ea9m m\u1ef9<\/h3>\n<p>T\u1ea1i Arixin, ch\u00fang t\u00f4i th\u1ea5u hi\u1ec3u r\u1eb1ng m\u1ed7i l\u00e0n da \u0111\u1ec1u l\u00e0 duy nh\u1ea5t. \u0110\u1ed9i ng\u0169 chuy\u00ean gia c\u1ee7a ch\u00fang t\u00f4i bao g\u1ed3m c\u00e1c b\u00e1c s\u0129 gi\u00e0u kinh nghi\u1ec7m v\u00e0 \u0111\u1ed9i ng\u0169 k\u1ef9 thu\u1eadt vi\u00ean l\u00e0nh ngh\u1ec1, lu\u00f4n tu\u00e2n th\u1ee7 tri\u1ebft l\u00fd \u201cTh\u1ea9m m\u1ef9 khoa h\u1ecdc, an to\u00e0n l\u00e0 tr\u00ean h\u1ebft\u201d. Tr\u01b0\u1edbc m\u1ed7i li\u1ec7u tr\u00ecnh, ch\u00fang t\u00f4i ti\u1ebfn h\u00e0nh \u0111\u00e1nh gi\u00e1 t\u00ecnh tr\u1ea1ng da to\u00e0n di\u1ec7n v\u00e0 chi ti\u1ebft cho t\u1eebng kh\u00e1ch h\u00e0ng, \u0111\u1ed3ng th\u1eddi \u0111i\u1ec1u ch\u1ec9nh c\u00e1c th\u00f4ng s\u1ed1 n\u0103ng l\u01b0\u1ee3ng m\u1ed9t c\u00e1ch ch\u00ednh x\u00e1c v\u00e0 ph\u00f9 h\u1ee3p, nh\u1eb1m \u0111\u1ea3m b\u1ea3o li\u1ec7u tr\u00ecnh \u0111\u1ea1t \u0111\u01b0\u1ee3c s\u1ef1 c\u00e2n b\u1eb1ng ho\u00e0n h\u1ea3o gi\u1eefa an to\u00e0n, s\u1ef1 tho\u1ea3i m\u00e1i v\u00e0 hi\u1ec7u qu\u1ea3.<\/p>\n<h4>Cam k\u1ebft v\u00e0 k\u1ebf ho\u1ea1ch v\u1ec1 an to\u00e0n c\u1ee7a ch\u00fang t\u00f4i:<\/h4>\n<ul>\n<li>\u0110\u01b0\u1ee3c th\u1ef1c hi\u1ec7n b\u1edfi \u0111\u1ed9i ng\u0169 chuy\u00ean vi\u00ean \u0111\u01b0\u1ee3c \u0111\u00e0o t\u1ea1o b\u00e0i b\u1ea3n: To\u00e0n b\u1ed9 li\u1ec7u tr\u00ecnh \u0111\u01b0\u1ee3c th\u1ef1c hi\u1ec7n b\u1edfi c\u00e1c chuy\u00ean vi\u00ean \u0111\u00e3 tr\u1ea3i qua qu\u00e1 tr\u00ecnh \u0111\u00e1nh gi\u00e1 v\u00e0 \u0111\u00e0o t\u1ea1o nghi\u00eam ng\u1eb7t t\u1eeb nh\u00e0 s\u1ea3n xu\u1ea5t, \u0111\u1ea3m b\u1ea3o m\u1ed7i l\u1ea7n ph\u00e1t n\u0103ng l\u01b0\u1ee3ng \u0111\u1ec1u ch\u00ednh x\u00e1c v\u00e0 hi\u1ec7u qu\u1ea3.<\/li>\n<li>Ch\u1ec9 s\u1eed d\u1ee5ng v\u1eadt t\u01b0 ti\u00eau hao ch\u00ednh h\u00e3ng: Nghi\u00eam c\u1ea5m s\u1eed d\u1ee5ng v\u1eadt t\u01b0 ti\u00eau hao kh\u00f4ng \u0111\u1ea1t ti\u00eau chu\u1ea9n; trong su\u1ed1t qu\u00e1 tr\u00ecnh \u0111i\u1ec1u tr\u1ecb, ch\u00fang t\u00f4i ch\u1ec9 s\u1eed d\u1ee5ng \u0111\u1ea7u d\u00f2 ch\u00ednh h\u00e3ng v\u00e0 keo d\u1eabn chuy\u00ean d\u1ee5ng. S\u1ef1 kh\u1eaft khe c\u1ee7a ch\u00fang t\u00f4i \u0111\u1ed1i v\u1edbi ch\u1ea5t l\u01b0\u1ee3ng ch\u00ednh l\u00e0 s\u1ef1 \u0111\u1ea3m b\u1ea3o v\u1eefng ch\u1eafc nh\u1ea5t cho hi\u1ec7u qu\u1ea3 \u0111i\u1ec1u tr\u1ecb c\u1ee7a qu\u00fd kh\u00e1ch.<\/li>\n<li>H\u1ec7 th\u1ed1ng theo d\u00f5i l\u00e0n da c\u00e1 nh\u00e2n h\u00f3a: X\u00e2y d\u1ef1ng h\u1ed3 s\u01a1 d\u1eef li\u1ec7u \u0111i\u1ec1u tr\u1ecb ri\u00eang bi\u1ec7t v\u00e0 \u0111\u1ea7y \u0111\u1ee7 cho t\u1eebng kh\u00e1ch h\u00e0ng. T\u1ea5t c\u1ea3 th\u00f4ng tin t\u1eeb t\u00ecnh tr\u1ea1ng da ban \u0111\u1ea7u \u0111\u1ebfn qu\u00e1 tr\u00ecnh ph\u1ee5c h\u1ed3i sau \u0111i\u1ec1u tr\u1ecb \u0111\u1ec1u \u0111\u01b0\u1ee3c ghi ch\u00e9p chi ti\u1ebft, gi\u00fap b\u00e1c s\u0129 theo d\u00f5i, \u0111\u00e1nh gi\u00e1 ch\u00ednh x\u00e1c v\u00e0 l\u00ean k\u1ebf ho\u1ea1ch t\u00e1i kh\u00e1m hi\u1ec7u qu\u1ea3.<\/li>\n<\/ul>","protected":false},"excerpt":{"rendered":"<p>Sofwave c\u1ee7a Aresin \u0111\u1ea1t \u0111\u01b0\u1ee3c s\u1ef1 c\u00e2n b\u1eb1ng to\u00e0n di\u1ec7n gi\u1eefa vi\u1ec7c l\u00e0m n\u00f3ng s\u00e2u c\u00e1c m\u00f4 v\u00e0 b\u1ea3o v\u1ec7 da b\u1eb1ng c\u01a1 ch\u1ebf l\u00e0m m\u00e1t b\u1ec1 m\u1eb7t. S\u1eed d\u1ee5ng c\u00f4ng ngh\u1ec7 ch\u00f9m tia song song SUPERB\u2122 \u0111\u00e3 \u0111\u01b0\u1ee3c c\u1ea5p b\u1eb1ng s\u00e1ng ch\u1ebf, k\u00edch ho\u1ea1t ch\u00ednh x\u00e1c qu\u00e1 tr\u00ecnh t\u00e1i t\u1ea1o k\u00e9p collagen v\u00e0 s\u1ee3i \u0111\u00e0n h\u1ed3i, gi\u00fap n\u00e2ng cao v\u00f9ng l\u00f4ng m\u00e0y v\u00e0 m\u1eaft, \u0111\u01b0\u1eddng vi\u1ec1n h\u00e0m d\u01b0\u1edbi, \u0111\u1ed3ng th\u1eddi l\u00e0m s\u0103n ch\u1eafc v\u00f9ng c\u1ed5. \u0110\u01b0\u1ee3c th\u1ef1c hi\u1ec7n ch\u00ednh x\u00e1c b\u1edfi c\u00e1c b\u00e1c s\u0129 chuy\u00ean khoa, gi\u00fap b\u1ea1n t\u00e1i t\u1ea1o \u0111\u01b0\u1eddng n\u00e9t khu\u00f4n m\u1eb7t ba chi\u1ec1u v\u00e0 \u0111\u1ed9 \u0111\u00e0n h\u1ed3i c\u1ee7a da. H\u00e3y li\u00ean h\u1ec7 ngay \u0111\u1ec3 tr\u1ea3i nghi\u1ec7m ph\u00e9p m\u00e0u l\u00e0m s\u0103n ch\u1eafc da tuy\u1ec7t v\u1eddi m\u00e0 Sofwave mang l\u1ea1i.<\/p>","protected":false},"featured_media":10875,"comment_status":"open","ping_status":"closed","template":"","meta":{"_acf_changed":false},"product_brand":[],"product_cat":[15,157],"product_tag":[],"class_list":{"0":"post-10874","1":"product","2":"type-product","3":"status-publish","4":"has-post-thumbnail","6":"product_cat-service","7":"product_cat-rf-ultrasound-treatments","9":"first","10":"instock","11":"shipping-taxable","12":"product-type-simple"},"acf":[],"_links":{"self":[{"href":"https:\/\/arisinclinic.com\/vi\/wp-json\/wp\/v2\/product\/10874","targetHints":{"allow":["GET"]}}],"collection":[{"href":"https:\/\/arisinclinic.com\/vi\/wp-json\/wp\/v2\/product"}],"about":[{"href":"https:\/\/arisinclinic.com\/vi\/wp-json\/wp\/v2\/types\/product"}],"replies":[{"embeddable":true,"href":"https:\/\/arisinclinic.com\/vi\/wp-json\/wp\/v2\/comments?post=10874"}],"wp:featuredmedia":[{"embeddable":true,"href":"https:\/\/arisinclinic.com\/vi\/wp-json\/wp\/v2\/media\/10875"}],"wp:attachment":[{"href":"https:\/\/arisinclinic.com\/vi\/wp-json\/wp\/v2\/media?parent=10874"}],"wp:term":[{"taxonomy":"product_brand","embeddable":true,"href":"https:\/\/arisinclinic.com\/vi\/wp-json\/wp\/v2\/product_brand?post=10874"},{"taxonomy":"product_cat","embeddable":true,"href":"https:\/\/arisinclinic.com\/vi\/wp-json\/wp\/v2\/product_cat?post=10874"},{"taxonomy":"product_tag","embeddable":true,"href":"https:\/\/arisinclinic.com\/vi\/wp-json\/wp\/v2\/product_tag?post=10874"}],"curies":[{"name":"wp","href":"https:\/\/api.w.org\/{rel}","templated":true}]}}