{"id":10882,"date":"2026-03-20T00:18:26","date_gmt":"2026-03-19T16:18:26","guid":{"rendered":"https:\/\/4t542t4sohxh.wpsite.pro\/?post_type=product&#038;p=10882"},"modified":"2026-04-14T21:50:33","modified_gmt":"2026-04-14T13:50:33","slug":"intragen","status":"publish","type":"product","link":"https:\/\/arisinclinic.com\/vi\/service\/intragen\/","title":{"rendered":"IntraGen - N\u00e2ng c\u01a1 b\u1eb1ng s\u00f3ng \u0111i\u1ec7n"},"content":{"rendered":"<p>C\u00f4ng ngh\u1ec7 n\u00e2ng c\u01a1 b\u1eb1ng s\u00f3ng \u0111i\u1ec7n IntraGen th\u1ebf h\u1ec7 m\u1edbi, \u1ee9ng d\u1ee5ng c\u00f4ng ngh\u1ec7 l\u00e0m n\u00f3ng theo t\u1eebng v\u00f9ng l\u01b0\u1edbi GFR \u0111\u00e3 \u0111\u01b0\u1ee3c c\u1ea5p b\u1eb1ng s\u00e1ng ch\u1ebf, gi\u00fap h\u00ecnh th\u00e0nh m\u1ea1ng l\u01b0\u1edbi collagen v\u1eefng ch\u1eafc trong l\u1edbp h\u1ea1 b\u00ec. N\u0103ng l\u01b0\u1ee3ng s\u00f3ng \u0111i\u1ec7n \u0111\u01a1n c\u1ef1c 6MHz c\u00f3 kh\u1ea3 n\u0103ng c\u1ea3i thi\u1ec7n \u0111\u1ed3ng \u0111\u1ec1u t\u00ecnh tr\u1ea1ng da ch\u1ea3y x\u1ec7 v\u00e0 n\u1ebfp nh\u0103n, k\u1ebft h\u1ee3p v\u1edbi t\u00ednh n\u0103ng ph\u00e1t hi\u1ec7n tr\u1edf kh\u00e1ng th\u00f4ng minh v\u00e0 ch\u1ebf \u0111\u1ed9 ph\u00e1t xung, mang l\u1ea1i tr\u1ea3i nghi\u1ec7m th\u1ea9m m\u1ef9 y t\u1ebf tho\u1ea3i m\u00e1i v\u00e0 \u00edt \u0111au \u0111\u1edbn. D\u00f9 l\u00e0 n\u1ebfp nh\u0103n quanh m\u1eaft, l\u1ed7 ch\u00e2n l\u00f4ng to hay \u0111\u01b0\u1eddng n\u00e9t khu\u00f4n m\u1eb7t h\u01a1i ch\u1ea3y x\u1ec7, IntraGen \u0111\u1ec1u c\u00f3 th\u1ec3 gi\u00fap b\u1ea1n l\u1ea5y l\u1ea1i l\u00e0n da s\u0103n ch\u1eafc, t\u1ef1 nhi\u00ean v\u00e0 kh\u1ecfe m\u1ea1nh m\u00e0 kh\u00f4ng c\u1ea7n th\u1eddi gian h\u1ed3i ph\u1ee5c.<\/p>\n<p><img fetchpriority=\"high\" decoding=\"async\" class=\"alignnone wp-image-10884 size-full\" src=\"https:\/\/arisinclinic.com\/wp-content\/uploads\/2026\/03\/IntraGen-\u96fb\u6ce2\u62c9\u76ae3.jpg\" alt=\"IntraGen - Li\u1ec7u ph\u00e1p c\u0103ng da b\u1eb1ng s\u00f3ng \u0111i\u1ec7n t\u1eeb 3\" width=\"800\" height=\"533\" title=\"\" srcset=\"https:\/\/arisinclinic.com\/wp-content\/uploads\/2026\/03\/IntraGen-\u96fb\u6ce2\u62c9\u76ae3.jpg 800w, https:\/\/arisinclinic.com\/wp-content\/uploads\/2026\/03\/IntraGen-\u96fb\u6ce2\u62c9\u76ae3-300x200.jpg 300w, https:\/\/arisinclinic.com\/wp-content\/uploads\/2026\/03\/IntraGen-\u96fb\u6ce2\u62c9\u76ae3-768x512.jpg 768w, https:\/\/arisinclinic.com\/wp-content\/uploads\/2026\/03\/IntraGen-\u96fb\u6ce2\u62c9\u76ae3-600x400.jpg 600w\" sizes=\"(max-width: 800px) 100vw, 800px\" \/><\/p>\n<h3>N\u0103m \u0111i\u1ec3m n\u1ed5i b\u1eadt c\u1ee7a li\u1ec7u tr\u00ecnh c\u0103ng da b\u1eb1ng s\u00f3ng \u0111i\u1ec7n IntraGen<\/h3>\n<h4>1. C\u00f4ng ngh\u1ec7 l\u01b0\u1edbi GFR\u2122 \u0111\u1ed9c quy\u1ec1n, gi\u00fap ph\u00e2n ph\u1ed1i nhi\u1ec7t \u0111\u1ec1u h\u01a1n<\/h4>\n<p>S\u1eed d\u1ee5ng c\u00f4ng ngh\u1ec7 gia nhi\u1ec7t ph\u00e2n \u0111o\u1ea1n d\u1ea1ng l\u01b0\u1edbi \u0111\u1ed9c quy\u1ec1n, chuy\u1ec3n h\u00f3a n\u0103ng l\u01b0\u1ee3ng th\u00e0nh v\u00f4 s\u1ed1 \u0111i\u1ec3m nh\u1ecf ph\u00e2n b\u1ed1 \u0111\u1ec1u kh\u1eafp b\u1ec1 m\u1eb7t. \u0110i\u1ec1u n\u00e0y kh\u00f4ng ch\u1ec9 gi\u00fap m\u1edf r\u1ed9ng ph\u1ea1m vi ph\u1ee7 s\u00f3ng nhi\u1ec7t m\u00e0 c\u00f2n tr\u00e1nh \u0111\u01b0\u1ee3c nguy c\u01a1 b\u1ecfng do qu\u00e1 nhi\u1ec7t t\u1ea1i m\u1ed9t \u0111i\u1ec3m c\u1ee5 th\u1ec3, \u0111\u1ea3m b\u1ea3o qu\u00e1 tr\u00ecnh \u0111i\u1ec1u tr\u1ecb di\u1ec5n ra an to\u00e0n v\u00e0 \u1ed5n \u0111\u1ecbnh.<\/p>\n<h4>2. H\u1ec7 th\u1ed1ng ph\u00e1t hi\u1ec7n tr\u1edf kh\u00e1ng th\u00f4ng minh, hi\u1ec7u chu\u1ea9n n\u0103ng l\u01b0\u1ee3ng ch\u00ednh x\u00e1c<\/h4>\n<p>\u0110\u01b0\u1ee3c trang b\u1ecb \u201ch\u1ec7 th\u1ed1ng ph\u1ea3n h\u1ed3i \u0111i\u1ec7n tr\u1edf th\u1eddi gian th\u1ef1c\u201d, thi\u1ebft b\u1ecb s\u1ebd t\u1ef1 \u0111\u1ed9ng ki\u1ec3m tra \u0111\u1ed9 d\u1eabn \u0111i\u1ec7n c\u1ee7a da tr\u01b0\u1edbc m\u1ed7i l\u1ea7n k\u00edch ho\u1ea1t. \u0110i\u1ec1u n\u00e0y \u0111\u1ea3m b\u1ea3o n\u0103ng l\u01b0\u1ee3ng ph\u00e1t ra \u0111\u01b0\u1ee3c \u0111i\u1ec1u ch\u1ec9nh ch\u00ednh x\u00e1c ph\u00f9 h\u1ee3p v\u1edbi lo\u1ea1i da v\u00e0 \u0111\u1ed9 d\u00e0y da c\u1ee7a t\u1eebng ng\u01b0\u1eddi, mang l\u1ea1i kh\u1ea3 n\u0103ng truy\u1ec1n d\u1eabn n\u0103ng l\u01b0\u1ee3ng \u201c\u0111\u01b0\u1ee3c c\u00e1 nh\u00e2n h\u00f3a\u201d, gi\u00fap hi\u1ec7u qu\u1ea3 n\u00e2ng c\u01a1 tr\u1edf n\u00ean ch\u00ednh x\u00e1c h\u01a1n.<\/p>\n<h4>3. \u0110\u1ea7u ra d\u1ea1ng xung, mang l\u1ea1i s\u1ef1 tho\u1ea3i m\u00e1i v\u01b0\u1ee3t tr\u1ed9i<\/h4>\n<p>Kh\u00e1c v\u1edbi c\u1ea3m gi\u00e1c n\u00f3ng li\u00ean t\u1ee5c c\u1ee7a s\u00f3ng \u0111i\u1ec7n t\u1eeb truy\u1ec1n th\u1ed1ng, IntraGen s\u1eed d\u1ee5ng c\u00f4ng ngh\u1ec7 xung ng\u1eaft qu\u00e3ng. Thi\u1ebft k\u1ebf n\u00e0y t\u1ea1o ra kho\u1ea3ng tr\u1ed1ng \u0111\u1ec7m cho c\u00e1c \u0111\u1ea7u d\u00e2y th\u1ea7n kinh, gi\u00fap gi\u1ea3m \u0111\u00e1ng k\u1ec3 c\u1ea3m gi\u00e1c \u0111au trong qu\u00e1 tr\u00ecnh \u0111i\u1ec1u tr\u1ecb; ph\u1ea7n l\u1edbn kh\u00e1ch h\u00e0ng c\u00f3 th\u1ec3 ho\u00e0n th\u00e0nh li\u1ec7u tr\u00ecnh m\u1ed9t c\u00e1ch tho\u1ea3i m\u00e1i m\u00e0 kh\u00f4ng c\u1ea7n g\u00e2y t\u00ea.<\/p>\n<h4>4. Hi\u1ec7u \u1ee9ng k\u00e9p: co l\u1ea1i t\u1ee9c th\u00ec v\u00e0 t\u00e1i sinh l\u00e2u d\u00e0i<\/h4>\n<p>Hi\u1ec7u qu\u1ea3 t\u1ee9c th\u00ec: Nhi\u1ec7t l\u01b0\u1ee3ng sau \u0111i\u1ec1u tr\u1ecb gi\u00fap c\u00e1c s\u1ee3i collagen co l\u1ea1i ngay l\u1eadp t\u1ee9c, mang l\u1ea1i c\u1ea3m gi\u00e1c da s\u0103n ch\u1eafc ngay t\u1ee9c kh\u1eafc.<\/p>\n<p>T\u00ednh b\u1ec1n v\u1eefng: Trong v\u00f2ng 1\u20133 th\u00e1ng sau ph\u1eabu thu\u1eadt, c\u00e1c t\u1ebf b\u00e0o s\u1ee3i ti\u1ebfp t\u1ee5c \u0111\u01b0\u1ee3c k\u00edch th\u00edch \u0111\u1ec3 s\u1ea3n sinh collagen m\u1edbi, gi\u00fap l\u00e0n da ng\u00e0y c\u00e0ng m\u1ecbn m\u00e0ng v\u00e0 \u0111\u00e0n h\u1ed3i.<\/p>\n<h4>5. Ph\u1ee5c h\u1ed3i \u0111a n\u0103ng, t\u1ed1i \u01b0u h\u00f3a k\u1ebft c\u1ea5u da t\u1ed5ng th\u1ec3<\/h4>\n<p>Ngo\u00e0i t\u00e1c d\u1ee5ng l\u00e0m s\u0103n ch\u1eafc v\u00e0 n\u00e2ng c\u01a1, n\u0103ng l\u01b0\u1ee3ng nhi\u1ec7t t\u1eeb IntraGen c\u00f2n gi\u00fap c\u00e2n b\u1eb1ng ti\u1ebft b\u00e3 nh\u1eddn, se kh\u00edt l\u1ed7 ch\u00e2n l\u00f4ng to v\u00e0 c\u1ea3i thi\u1ec7n c\u00e1c n\u1ebfp nh\u0103n nh\u1eb9 \u0111\u1ebfn trung b\u00ecnh c\u00f9ng t\u00ecnh tr\u1ea1ng da ch\u1ea3y x\u1ec7. \u0110\u00e2y l\u00e0 l\u1ef1a ch\u1ecdn v\u00f4 c\u00f9ng hi\u1ec7u qu\u1ea3 d\u00e0nh cho nh\u1eefng kh\u00e1ch h\u00e0ng mong mu\u1ed1n \u0111\u1ed3ng th\u1eddi n\u00e2ng cao c\u1ea3 \u201c\u0111\u1ed9 s\u0103n ch\u1eafc\u201d v\u00e0 \u201c\u0111\u1ed9 m\u1ecbn m\u00e0ng\u201d c\u1ee7a l\u00e0n da.<\/p>\n<p><img decoding=\"async\" class=\"alignnone wp-image-10885 size-full\" src=\"https:\/\/arisinclinic.com\/wp-content\/uploads\/2026\/03\/IntraGen-\u96fb\u6ce2\u62c9\u76ae1.jpg\" alt=\"IntraGen - N\u00e2ng c\u01a1 b\u1eb1ng s\u00f3ng \u0111i\u1ec7n t\u1eeb 1\" width=\"800\" height=\"533\" title=\"\" srcset=\"https:\/\/arisinclinic.com\/wp-content\/uploads\/2026\/03\/IntraGen-\u96fb\u6ce2\u62c9\u76ae1.jpg 800w, https:\/\/arisinclinic.com\/wp-content\/uploads\/2026\/03\/IntraGen-\u96fb\u6ce2\u62c9\u76ae1-300x200.jpg 300w, https:\/\/arisinclinic.com\/wp-content\/uploads\/2026\/03\/IntraGen-\u96fb\u6ce2\u62c9\u76ae1-768x512.jpg 768w, https:\/\/arisinclinic.com\/wp-content\/uploads\/2026\/03\/IntraGen-\u96fb\u6ce2\u62c9\u76ae1-600x400.jpg 600w\" sizes=\"(max-width: 800px) 100vw, 800px\" \/><\/p>\n<h3>IntraGen - N\u00e2ng c\u01a1 b\u1eb1ng s\u00f3ng \u0111i\u1ec7n: C\u00f4ng ngh\u1ec7 l\u01b0\u1edbi \u0111\u1ed9c quy\u1ec1n, k\u00edch th\u00edch t\u00e1i t\u1ea1o collagen m\u1ed9t c\u00e1ch ch\u00ednh x\u00e1c<\/h3>\n<h4>Nguy\u00ean l\u00fd \u0111i\u1ec1u tr\u1ecb: C\u00f4ng ngh\u1ec7 s\u00f3ng t\u1ea7n s\u1ed1 v\u00f4 tuy\u1ebfn ph\u00e2n \u0111o\u1ea1n d\u1ea1ng l\u01b0\u1edbi GFR\u2122<\/h4>\n<p>IntraGen s\u1eed d\u1ee5ng n\u0103ng l\u01b0\u1ee3ng s\u00f3ng v\u00f4 tuy\u1ebfn \u0111\u01a1n c\u1ef1c 6MHz ti\u00ean ti\u1ebfn, th\u00f4ng qua c\u00f4ng ngh\u1ec7 l\u01b0\u1edbi GFR\u2122 (Grid Fractional Radio frequency) \u0111\u00e3 \u0111\u01b0\u1ee3c c\u1ea5p b\u1eb1ng s\u00e1ng ch\u1ebf, \u0111\u1ec3 chuy\u1ec3n h\u00f3a n\u0103ng l\u01b0\u1ee3ng nhi\u1ec7t t\u1ea7n s\u1ed1 cao th\u00e0nh 144 \u0111i\u1ec3m t\u1eadp trung ch\u00ednh x\u00e1c theo d\u1ea1ng l\u01b0\u1edbi. Ph\u01b0\u01a1ng ph\u00e1p ph\u00e2n t\u00e1n nhi\u1ec7t \u0111\u1eb7c bi\u1ec7t n\u00e0y gi\u00fap n\u0103ng l\u01b0\u1ee3ng \u0111\u01b0\u1ee3c ph\u00e2n b\u1ed1 \u0111\u1ec1u tr\u00ean b\u1ec1 m\u1eb7t da nh\u01b0 m\u1ed9t m\u1ea1ng l\u01b0\u1edbi d\u00e0y \u0111\u1eb7c, t\u1eeb \u0111\u00f3 hi\u1ec7u qu\u1ea3 ng\u0103n ng\u1eeba nguy c\u01a1 b\u1ecfng c\u1ee5c b\u1ed9 do n\u0103ng l\u01b0\u1ee3ng t\u1eadp trung qu\u00e1 m\u1ee9c.<\/p>\n<p>Khi n\u0103ng l\u01b0\u1ee3ng nhi\u1ec7t th\u1ea5m s\u00e2u ch\u00ednh x\u00e1c v\u00e0o l\u1edbp h\u1ea1 b\u00ec, n\u00f3 s\u1ebd k\u00edch ho\u1ea1t \u201cph\u1ea3n \u1ee9ng co r\u00fat t\u1ee9c th\u00ec\u201d \u1edf c\u00e1c m\u00f4 s\u00e2u, mang l\u1ea1i c\u1ea3m gi\u00e1c s\u0103n ch\u1eafc ngay l\u1eadp t\u1ee9c; sau \u0111\u00f3, m\u00f4i tr\u01b0\u1eddng nhi\u1ec7t \u0111\u1ed9 \u1ed5n \u0111\u1ecbnh s\u1ebd k\u00edch ho\u1ea1t to\u00e0n di\u1ec7n \u201cc\u01a1 ch\u1ebf t\u00e1i t\u1ea1o collagen\u201d, li\u00ean t\u1ee5c c\u1ee7ng c\u1ed1 m\u1ea1ng l\u01b0\u1edbi h\u1ed7 tr\u1ee3 \u1edf l\u1edbp s\u00e2u c\u1ee7a da sau \u0111i\u1ec1u tr\u1ecb, t\u1eeb \u0111\u00f3 l\u00e0m m\u1edd n\u1ebfp nh\u0103n, se kh\u00edt l\u1ed7 ch\u00e2n l\u00f4ng v\u00e0 \u0111\u1ecbnh h\u00ecnh l\u1ea1i \u0111\u01b0\u1eddng n\u00e9t khu\u00f4n m\u1eb7t s\u0103n ch\u1eafc t\u1eeb trong ra ngo\u00e0i.<\/p>\n<p><img decoding=\"async\" class=\"alignnone wp-image-10886 size-full\" src=\"https:\/\/arisinclinic.com\/wp-content\/uploads\/2026\/03\/IntraGen-\u96fb\u6ce2\u62c9\u76ae2.jpg\" alt=\"IntraGen - N\u00e2ng c\u01a1 b\u1eb1ng s\u00f3ng \u0111i\u1ec7n t\u1eeb 2\" width=\"800\" height=\"533\" title=\"\" srcset=\"https:\/\/arisinclinic.com\/wp-content\/uploads\/2026\/03\/IntraGen-\u96fb\u6ce2\u62c9\u76ae2.jpg 800w, https:\/\/arisinclinic.com\/wp-content\/uploads\/2026\/03\/IntraGen-\u96fb\u6ce2\u62c9\u76ae2-300x200.jpg 300w, https:\/\/arisinclinic.com\/wp-content\/uploads\/2026\/03\/IntraGen-\u96fb\u6ce2\u62c9\u76ae2-768x512.jpg 768w, https:\/\/arisinclinic.com\/wp-content\/uploads\/2026\/03\/IntraGen-\u96fb\u6ce2\u62c9\u76ae2-600x400.jpg 600w\" sizes=\"(max-width: 800px) 100vw, 800px\" \/><\/p>\n<h3>Nh\u1eefng \u0111i\u1ec1u c\u1ea7n l\u01b0u \u00fd khi th\u1ef1c hi\u1ec7n li\u1ec7u tr\u00ecnh n\u00e2ng c\u01a1 b\u1eb1ng s\u00f3ng \u0111i\u1ec7n IntraGen<\/h3>\n<h4>Nh\u1eefng \u0111i\u1ec1u c\u1ea7n l\u01b0u \u00fd tr\u01b0\u1edbc ph\u1eabu thu\u1eadt<\/h4>\n<ul>\n<li>B\u1ec7nh nh\u00e2n \u0111\u01b0\u1ee3c c\u1ea5y m\u00e1y t\u1ea1o nh\u1ecbp tim, m\u00e1y kh\u1eed rung tim ho\u1eb7c c\u00e1c thi\u1ebft b\u1ecb \u0111i\u1ec7n t\u1eed c\u1ea5y gh\u00e9p kh\u00e1c kh\u00f4ng ph\u00f9 h\u1ee3p<\/li>\n<li>Kh\u00f4ng ph\u00f9 h\u1ee3p v\u1edbi nh\u1eefng ng\u01b0\u1eddi c\u00f3 da b\u1ecb s\u01b0ng t\u1ea5y, vi\u00eam nhi\u1ec5m ho\u1eb7c d\u1ecb \u1ee9ng; n\u00ean tham kh\u1ea3o \u00fd ki\u1ebfn b\u00e1c s\u0129 \u0111\u1ec3 \u0111\u01b0\u1ee3c \u0111\u00e1nh gi\u00e1 v\u00e0 ch\u1ea9n \u0111o\u00e1n<\/li>\n<li>N\u1ebfu \u0111ang d\u00f9ng b\u1ea5t k\u1ef3 lo\u1ea1i thu\u1ed1c n\u00e0o, vui l\u00f2ng tham kh\u1ea3o \u00fd ki\u1ebfn b\u00e1c s\u0129 tr\u01b0\u1edbc khi ti\u1ebfn h\u00e0nh \u0111\u00e1nh gi\u00e1<\/li>\n<li>Ph\u1ee5 n\u1eef mang thai kh\u00f4ng n\u00ean th\u1ef1c hi\u1ec7n ph\u01b0\u01a1ng ph\u00e1p \u0111i\u1ec1u tr\u1ecb n\u00e0y<\/li>\n<\/ul>\n<h4>Nh\u1eefng \u0111i\u1ec1u c\u1ea7n l\u01b0u \u00fd sau ph\u1eabu thu\u1eadt<\/h4>\n<ul>\n<li>Sau li\u1ec7u tr\u00ecnh, n\u1ebfu c\u00f3 c\u00e1c tri\u1ec7u ch\u1ee9ng nh\u01b0 \u0111\u1ecf, s\u01b0ng, n\u00f3ng, c\u0103ng t\u1ee9c ho\u1eb7c ng\u1ee9a ran th\u00ec \u0111\u00f3 \u0111\u1ec1u l\u00e0 nh\u1eefng hi\u1ec7n t\u01b0\u1ee3ng b\u00ecnh th\u01b0\u1eddng; c\u00e1c tri\u1ec7u ch\u1ee9ng n\u00e0y s\u1ebd d\u1ea7n thuy\u00ean gi\u1ea3m kho\u1ea3ng m\u1ed9t gi\u1edd sau khi k\u1ebft th\u00fac li\u1ec7u tr\u00ecnh.<\/li>\n<li>N\u1ebfu sau ph\u1eabu thu\u1eadt xu\u1ea5t hi\u1ec7n c\u00e1c n\u1ed1t m\u1ea9n nh\u1ecf, m\u1ee5n \u0111\u1ea7u \u0111en ho\u1eb7c m\u1ee5n tr\u1ee9ng c\u00e1, \u0111\u00f3 \u0111\u1ec1u l\u00e0 hi\u1ec7n t\u01b0\u1ee3ng trao \u0111\u1ed5i ch\u1ea5t t\u1ef1 nhi\u00ean<\/li>\n<li>Vui l\u00f2ng ch\u1ecdn n\u01b0\u1edbc \u1ea5m ho\u1eb7c m\u00e1t v\u00e0 c\u00e1c s\u1ea3n ph\u1ea9m l\u00e0m s\u1ea1ch kh\u00f4ng g\u00e2y k\u00edch \u1ee9ng; h\u00e3y l\u00e0m s\u1ea1ch da m\u1ed9t c\u00e1ch nh\u1eb9 nh\u00e0ng, kh\u00f4ng n\u00ean s\u1eed d\u1ee5ng s\u1eefa r\u1eeda m\u1eb7t d\u1ea1ng h\u1ea1t v\u00e0 tr\u00e1nh c\u00e1c li\u1ec7u tr\u00ecnh t\u1ea9y da ch\u1ebft<\/li>\n<li>Trong v\u00f2ng hai tu\u1ea7n, h\u00e3y tr\u00e1nh c\u00e1c ho\u1ea1t \u0111\u1ed9ng c\u00f3 th\u1ec3 g\u00e2y nhi\u1ec5m tr\u00f9ng ho\u1eb7c k\u00edch \u1ee9ng da, ch\u1eb3ng h\u1ea1n nh\u01b0 c\u00e1c ho\u1ea1t \u0111\u1ed9ng ngo\u00e0i tr\u1eddi, x\u00f4ng h\u01a1i, t\u1eafm su\u1ed1i n\u01b0\u1edbc n\u00f3ng, v.v.<\/li>\n<li>Trong v\u00f2ng b\u1ed1n tu\u1ea7n, b\u1ea1n n\u00ean s\u1eed d\u1ee5ng c\u00e1c s\u1ea3n ph\u1ea9m ch\u0103m s\u00f3c da d\u1ecbu nh\u1eb9, tr\u00e1nh c\u00e1c s\u1ea3n ph\u1ea9m g\u00e2y k\u00edch \u1ee9ng nh\u01b0 c\u1ed3n, h\u01b0\u01a1ng li\u1ec7u, L-ascorbic acid, axit tr\u00e1i c\u00e2y ho\u1eb7c c\u00e1c s\u1ea3n ph\u1ea9m c\u00f3 t\u00ednh axit kh\u00e1c, \u0111\u1ed3ng th\u1eddi ch\u00fa tr\u1ecdng \u0111\u1ebfn vi\u1ec7c d\u01b0\u1ee1ng \u1ea9m.<\/li>\n<li>Trong s\u00e1u th\u00e1ng, h\u00e3y c\u1ed1 g\u1eafng tr\u00e1nh thu\u1ed1c l\u00e1, r\u01b0\u1ee3u v\u00e0 c\u00e1c lo\u1ea1i th\u1ef1c ph\u1ea9m cay n\u00f3ng<\/li>\n<li>Tr\u00e1nh ti\u1ebfp x\u00fac qu\u00e1 l\u00e2u v\u1edbi \u00e1nh n\u1eafng m\u1eb7t tr\u1eddi. Khi ra ngo\u00e0i, n\u00ean thoa kem ch\u1ed1ng n\u1eafng c\u00f3 ch\u1ec9 s\u1ed1 SPF t\u1eeb 30 tr\u1edf l\u00ean, thoa l\u1ea1i kem ch\u1ed1ng n\u1eafng \u0111\u1ecbnh k\u1ef3 v\u00e0 \u0111\u1ed9i m\u0169 ho\u1eb7c d\u00f9ng \u00f4 che n\u1eafng.<\/li>\n<\/ul>","protected":false},"excerpt":{"rendered":"<p>C\u00f4ng ngh\u1ec7 c\u0103ng da b\u1eb1ng s\u00f3ng \u0111i\u1ec7n IntraGen c\u1ee7a Arixin \u0111\u1ea1t \u0111\u01b0\u1ee3c s\u1ef1 c\u00e2n b\u1eb1ng to\u00e0n di\u1ec7n gi\u1eefa hi\u1ec7u qu\u1ea3 l\u00e0m s\u0103n ch\u1eafc da cao v\u00e0 c\u1ea3m gi\u00e1c tho\u1ea3i m\u00e1i cho ng\u01b0\u1eddi d\u00f9ng. C\u00f4ng ngh\u1ec7 l\u01b0\u1edbi GFR \u0111\u1ed9c quy\u1ec1n gi\u00fap l\u00e0m n\u00f3ng \u0111\u1ec1u l\u1edbp h\u1ea1 b\u00ec, k\u00edch th\u00edch t\u00e1i t\u1ea1o collagen m\u1ed9t c\u00e1ch ch\u00ednh x\u00e1c \u0111\u1ed3ng th\u1eddi c\u1ea3i thi\u1ec7n l\u1ed7 ch\u00e2n l\u00f4ng v\u00e0 n\u1ebfp nh\u0103n. V\u1edbi t\u00ednh n\u0103ng ph\u00e1t hi\u1ec7n \u0111i\u1ec7n tr\u1edf th\u00f4ng minh v\u00e0 thi\u1ebft k\u1ebf xung \u00edt g\u00e2y \u0111au, b\u00e1c s\u0129 s\u1ebd l\u00ean k\u1ebf ho\u1ea1ch ch\u0103m s\u00f3c da ph\u00f9 h\u1ee3p ri\u00eang cho t\u1eebng kh\u00e1ch h\u00e0ng. H\u00e3y \u0111\u1eb7t l\u1ecbch t\u01b0 v\u1ea5n ngay h\u00f4m nay \u0111\u1ec3 tr\u1ea3i nghi\u1ec7m s\u1ee9c h\u00fat tr\u1ebb h\u00f3a nh\u1eb9 nh\u00e0ng m\u00e0 IntraGen mang l\u1ea1i.<\/p>","protected":false},"featured_media":10883,"comment_status":"open","ping_status":"closed","template":"","meta":{"_acf_changed":false},"product_brand":[],"product_cat":[15,157],"product_tag":[],"class_list":{"0":"post-10882","1":"product","2":"type-product","3":"status-publish","4":"has-post-thumbnail","6":"product_cat-service","7":"product_cat-rf-ultrasound-treatments","9":"first","10":"instock","11":"shipping-taxable","12":"product-type-simple"},"acf":[],"_links":{"self":[{"href":"https:\/\/arisinclinic.com\/vi\/wp-json\/wp\/v2\/product\/10882","targetHints":{"allow":["GET"]}}],"collection":[{"href":"https:\/\/arisinclinic.com\/vi\/wp-json\/wp\/v2\/product"}],"about":[{"href":"https:\/\/arisinclinic.com\/vi\/wp-json\/wp\/v2\/types\/product"}],"replies":[{"embeddable":true,"href":"https:\/\/arisinclinic.com\/vi\/wp-json\/wp\/v2\/comments?post=10882"}],"wp:featuredmedia":[{"embeddable":true,"href":"https:\/\/arisinclinic.com\/vi\/wp-json\/wp\/v2\/media\/10883"}],"wp:attachment":[{"href":"https:\/\/arisinclinic.com\/vi\/wp-json\/wp\/v2\/media?parent=10882"}],"wp:term":[{"taxonomy":"product_brand","embeddable":true,"href":"https:\/\/arisinclinic.com\/vi\/wp-json\/wp\/v2\/product_brand?post=10882"},{"taxonomy":"product_cat","embeddable":true,"href":"https:\/\/arisinclinic.com\/vi\/wp-json\/wp\/v2\/product_cat?post=10882"},{"taxonomy":"product_tag","embeddable":true,"href":"https:\/\/arisinclinic.com\/vi\/wp-json\/wp\/v2\/product_tag?post=10882"}],"curies":[{"name":"wp","href":"https:\/\/api.w.org\/{rel}","templated":true}]}}