{"id":10887,"date":"2026-03-20T00:30:30","date_gmt":"2026-03-19T16:30:30","guid":{"rendered":"https:\/\/4t542t4sohxh.wpsite.pro\/?post_type=product&#038;p=10887"},"modified":"2026-04-14T21:49:01","modified_gmt":"2026-04-14T13:49:01","slug":"ultracel-q","status":"publish","type":"product","link":"https:\/\/arisinclinic.com\/vi\/service\/ultracel-q\/","title":{"rendered":"ULTRAcel Q+ - N\u00e2ng c\u01a1 b\u1eb1ng s\u00f3ng si\u00eau \u00e2m"},"content":{"rendered":"<p>ULTRAcel Q+ th\u1ebf h\u1ec7 th\u1ee9 t\u01b0 \u2013 c\u00f4ng ngh\u1ec7 s\u00f3ng si\u00eau \u00e2m t\u1ea1o \u0111\u01b0\u1eddng n\u00e9t, do n\u1eef di\u1ec5n vi\u00ean t\u1eebng \u0111o\u1ea1t gi\u1ea3i N\u1eef di\u1ec5n vi\u00ean xu\u1ea5t s\u1eafc nh\u1ea5t t\u1ea1i gi\u1ea3i Kim Chung Tian Xin l\u00e0m \u0111\u1ea1i s\u1ee9 th\u01b0\u01a1ng hi\u1ec7u, l\u00e0 gi\u1ea3i ph\u00e1p n\u00e2ng c\u01a1 chuy\u00ean s\u00e2u d\u00e0nh ri\u00eang cho nh\u00f3m \u0111\u1ed1i t\u01b0\u1ee3ng trung ni\u00ean. S\u1eed d\u1ee5ng c\u00f4ng ngh\u1ec7 \u0111\u1ed9c quy\u1ec1n \u201ct\u1eadp trung nhi\u1ec7t tuy\u1ebfn t\u00ednh\u201d c\u00f9ng t\u1ed1c \u0111\u1ed9 ph\u00e1t xung c\u1ef1c nhanh ch\u1ec9 0,58 gi\u00e2y, thi\u1ebft b\u1ecb truy\u1ec1n nhi\u1ec7t ch\u00ednh x\u00e1c \u0111\u1ebfn l\u1edbp m\u00e0ng SMAS, k\u00edch th\u00edch qu\u00e1 tr\u00ecnh t\u00e1i t\u1ea1o v\u00e0 sinh m\u1edbi collagen. S\u00f3ng si\u00eau \u00e2m Q+ kh\u00f4ng ch\u1ec9 gi\u1ea3m b\u1edbt c\u1ea3m gi\u00e1c \u0111au nh\u1ee9c th\u01b0\u1eddng g\u1eb7p \u1edf c\u00e1c c\u00f4ng ngh\u1ec7 s\u00f3ng si\u00eau \u00e2m truy\u1ec1n th\u1ed1ng, m\u00e0 c\u00f2n s\u1eed d\u1ee5ng \u0111\u1ea7u d\u00f2 m\u1ea3nh d\u00e0i \u0111\u1ec3 \u0111i\u00eau kh\u1eafc ch\u00ednh x\u00e1c v\u00f9ng quanh m\u1eaft v\u00e0 \u0111\u01b0\u1eddng n\u00e9t khu\u00f4n m\u1eb7t. \u0110\u00e2y l\u00e0 gi\u1ea3i ph\u00e1p l\u00e0m s\u0103n ch\u1eafc da \u0111\u01b0\u1ee3c ch\u1ee9ng nh\u1eadn b\u1edfi TFDA, kh\u00f4ng x\u00e2m l\u1ea5n v\u00e0 kh\u00f4ng c\u1ea7n th\u1eddi gian h\u1ed3i ph\u1ee5c, gi\u00fap b\u1ea1n d\u1ec5 d\u00e0ng s\u1edf h\u1eefu \u0111\u01b0\u1eddng n\u00e9t khu\u00f4n m\u1eb7t ch\u1eef V c\u0103ng m\u1ecdng v\u00e0 n\u1ed5i b\u1eadt.<\/p>\n<p><img fetchpriority=\"high\" decoding=\"async\" class=\"alignnone wp-image-10889 size-full\" src=\"https:\/\/arisinclinic.com\/wp-content\/uploads\/2026\/03\/ULTRAcel-Q\u97f3\u6ce2\u62c9\u63d03.jpg\" alt=\"ULTRAcel Q+ N\u00e2ng c\u01a1 b\u1eb1ng s\u00f3ng si\u00eau \u00e2m 3\" width=\"800\" height=\"533\" title=\"\" srcset=\"https:\/\/arisinclinic.com\/wp-content\/uploads\/2026\/03\/ULTRAcel-Q\u97f3\u6ce2\u62c9\u63d03.jpg 800w, https:\/\/arisinclinic.com\/wp-content\/uploads\/2026\/03\/ULTRAcel-Q\u97f3\u6ce2\u62c9\u63d03-300x200.jpg 300w, https:\/\/arisinclinic.com\/wp-content\/uploads\/2026\/03\/ULTRAcel-Q\u97f3\u6ce2\u62c9\u63d03-768x512.jpg 768w, https:\/\/arisinclinic.com\/wp-content\/uploads\/2026\/03\/ULTRAcel-Q\u97f3\u6ce2\u62c9\u63d03-600x400.jpg 600w\" sizes=\"(max-width: 800px) 100vw, 800px\" \/><\/p>\n<h3>ULTRAcel Q+ \u2013 C\u00f4ng ngh\u1ec7 s\u00f3ng \u00e2m d\u1ecdc th\u1ebf h\u1ec7 th\u1ee9 t\u01b0: N\u1eef di\u1ec5n vi\u00ean xu\u1ea5t s\u1eafc nh\u1ea5t gi\u1ea3i Kim Chung Tianxin t\u1ef1 tin ch\u1ee9ng th\u1ef1c<\/h3>\n<h4>1. C\u00f4ng ngh\u1ec7 tuy\u1ebfn t\u00ednh \u0111\u1ed9c quy\u1ec1n, ph\u1ee7 s\u00f3ng nhi\u1ec7t to\u00e0n di\u1ec7n<\/h4>\n<p>Ngo\u00e0i ch\u1ebf \u0111\u1ed9 \u0111i\u1ec3m truy\u1ec1n th\u1ed1ng, Q+ c\u00f2n n\u1ed5i b\u1eadt v\u1edbi \u201cc\u00f4ng ngh\u1ec7 \u0111\u1ea7u d\u00f2 tuy\u1ebfn t\u00ednh vi t\u1eadp trung\u201d \u0111\u1ed9c \u0111\u00e1o. So v\u1edbi ph\u01b0\u01a1ng ph\u00e1p l\u00e0m n\u00f3ng theo \u0111i\u1ec3m, ch\u1ebf \u0111\u1ed9 tuy\u1ebfn t\u00ednh mang l\u1ea1i hi\u1ec7u \u1ee9ng t\u00edch l\u0169y nhi\u1ec7t tr\u00ean di\u1ec7n t\u00edch r\u1ed9ng h\u01a1n, gi\u00fap l\u00e0m n\u00f3ng theo c\u01a1 ch\u1ebf th\u1ec3 t\u00edch \u0111\u1ed1i v\u1edbi v\u00f9ng da ch\u1ea3y x\u1ec7 d\u01b0\u1edbi c\u1eb1m (c\u1eb1m \u0111\u00f4i) v\u00e0 \u0111\u01b0\u1eddng vi\u1ec1n khu\u00f4n m\u1eb7t, t\u1eeb \u0111\u00f3 mang l\u1ea1i hi\u1ec7u qu\u1ea3 l\u00e0m s\u0103n ch\u1eafc to\u00e0n di\u1ec7n h\u01a1n.<\/p>\n<p><img decoding=\"async\" class=\"alignnone wp-image-10891 size-full\" src=\"https:\/\/arisinclinic.com\/wp-content\/uploads\/2026\/03\/ULTRAcel-Q\u97f3\u6ce2\u62c9\u63d04.jpg\" alt=\"ULTRAcel Q+ N\u00e2ng c\u01a1 b\u1eb1ng s\u00f3ng si\u00eau \u00e2m 4\" width=\"800\" height=\"533\" title=\"\" srcset=\"https:\/\/arisinclinic.com\/wp-content\/uploads\/2026\/03\/ULTRAcel-Q\u97f3\u6ce2\u62c9\u63d04.jpg 800w, https:\/\/arisinclinic.com\/wp-content\/uploads\/2026\/03\/ULTRAcel-Q\u97f3\u6ce2\u62c9\u63d04-300x200.jpg 300w, https:\/\/arisinclinic.com\/wp-content\/uploads\/2026\/03\/ULTRAcel-Q\u97f3\u6ce2\u62c9\u63d04-768x512.jpg 768w, https:\/\/arisinclinic.com\/wp-content\/uploads\/2026\/03\/ULTRAcel-Q\u97f3\u6ce2\u62c9\u63d04-600x400.jpg 600w\" sizes=\"(max-width: 800px) 100vw, 800px\" \/><\/p>\n<h4>2. T\u1ed1c \u0111\u1ed9 b\u1eafn c\u1ef1c nhanh ch\u1ec9 0,58 gi\u00e2y \u2013 Ti\u00eau chu\u1ea9n m\u1edbi cho ch\u0103m s\u00f3c da trong gi\u1edd ngh\u1ec9 tr\u01b0a<\/h4>\n<p>S\u1ea3n ph\u1ea9m \u0111\u00e3 kh\u1eafc ph\u1ee5c tri\u1ec7t \u0111\u1ec3 nh\u1eefng nh\u01b0\u1ee3c \u0111i\u1ec3m c\u1ee7a c\u00e1c m\u1eabu m\u00e1y c\u0169, r\u00fat ng\u1eafn th\u1eddi gian b\u1eafn xu\u1ed1ng m\u1ee9c \u0111\u00e1ng kinh ng\u1ea1c ch\u1ec9 0,58 gi\u00e2y\/li\u1ec1u. M\u1ed9t li\u1ec7u tr\u00ecnh c\u01a1 b\u1ea3n ch\u1ec9 m\u1ea5t kho\u1ea3ng 10 ph\u00fat \u0111\u1ec3 ho\u00e0n th\u00e0nh, kh\u00f4ng ch\u1ec9 gi\u00fap n\u00e2ng cao \u0111\u00e1ng k\u1ec3 hi\u1ec7u qu\u1ea3 \u0111i\u1ec1u tr\u1ecb m\u00e0 c\u00f2n gi\u1ea3m thi\u1ec3u hi\u1ec7u qu\u1ea3 c\u1ea3m gi\u00e1c \u0111au do t\u00edch t\u1ee5 nhi\u1ec7t, tr\u1edf th\u00e0nh l\u1ef1a ch\u1ecdn h\u00e0ng \u0111\u1ea7u cho nh\u1eefng ng\u01b0\u1eddi b\u1eadn r\u1ed9n mu\u1ed1n ch\u0103m s\u00f3c da nhanh ch\u00f3ng.<\/p>\n<h4>3. \u0110\u1ea7u d\u00f2 thon d\u00e0i c\u1ea3i ti\u1ebfn, \u0111i\u1ec1u tr\u1ecb ch\u00ednh x\u00e1c kh\u00f4ng b\u1ecf s\u00f3t b\u1ea5t k\u1ef3 v\u00f9ng n\u00e0o<\/h4>\n<p>\u0110\u1ea7u d\u00f2 thon d\u00e0i \u0111\u01b0\u1ee3c c\u1ea3i ti\u1ebfn, thi\u1ebft k\u1ebf ri\u00eang cho khu\u00f4n m\u1eb7t ng\u01b0\u1eddi ch\u00e2u \u00c1, v\u1edbi chi\u1ec1u r\u1ed9ng \u0111\u01b0\u1ee3c thu g\u1ecdn gi\u00fap t\u0103ng c\u01b0\u1eddng \u0111\u00e1ng k\u1ec3 \u201ct\u1ea7m nh\u00ecn \u0111i\u1ec1u tr\u1ecb\u201d cho b\u00e1c s\u0129. S\u1ea3n ph\u1ea9m \u00f4m s\u00e1t v\u00e0 t\u00e1c \u0111\u1ed9ng ch\u00ednh x\u00e1c h\u01a1n v\u00e0o c\u00e1c v\u00f9ng h\u1eb9p nh\u01b0 quanh m\u1eaft, c\u00e1nh m\u0169i, gi\u00fap quy tr\u00ecnh n\u00e2ng c\u01a1 tr\u1edf n\u00ean tinh t\u1ebf h\u01a1n v\u00e0 kh\u00f4ng b\u1ecf s\u00f3t b\u1ea5t k\u1ef3 v\u00f9ng n\u00e0o.<\/p>\n<p><img decoding=\"async\" class=\"alignnone wp-image-10892 size-full\" src=\"https:\/\/arisinclinic.com\/wp-content\/uploads\/2026\/03\/ULTRAcel-Q\u97f3\u6ce2\u62c9\u63d01.jpg\" alt=\"ULTRAcel Q+ N\u00e2ng c\u01a1 b\u1eb1ng s\u00f3ng si\u00eau \u00e2m 1\" width=\"800\" height=\"533\" title=\"\" srcset=\"https:\/\/arisinclinic.com\/wp-content\/uploads\/2026\/03\/ULTRAcel-Q\u97f3\u6ce2\u62c9\u63d01.jpg 800w, https:\/\/arisinclinic.com\/wp-content\/uploads\/2026\/03\/ULTRAcel-Q\u97f3\u6ce2\u62c9\u63d01-300x200.jpg 300w, https:\/\/arisinclinic.com\/wp-content\/uploads\/2026\/03\/ULTRAcel-Q\u97f3\u6ce2\u62c9\u63d01-768x512.jpg 768w, https:\/\/arisinclinic.com\/wp-content\/uploads\/2026\/03\/ULTRAcel-Q\u97f3\u6ce2\u62c9\u63d01-600x400.jpg 600w\" sizes=\"(max-width: 800px) 100vw, 800px\" \/><\/p>\n<h4>4. Th\u00e2m nh\u1eadp v\u00e0o l\u1edbp m\u00e0ng SMAS, k\u00edch ho\u1ea1t qu\u00e1 tr\u00ecnh t\u1ef1 ph\u1ee5c h\u1ed3i v\u00e0 t\u00e1i t\u1ea1o collagen<\/h4>\n<p>S\u1eed d\u1ee5ng c\u00f4ng ngh\u1ec7 si\u00eau \u00e2m h\u1ed9i t\u1ee5 HIFU \u0111\u1ec3 truy\u1ec1n n\u0103ng l\u01b0\u1ee3ng m\u1ed9t c\u00e1ch ch\u00ednh x\u00e1c \u0111\u1ebfn l\u1edbp c\u00e2n SMAS \u1edf \u0111\u1ed9 s\u00e2u 3,0 mm v\u00e0 4,5 mm d\u01b0\u1edbi da. Th\u00f4ng qua c\u00e1c \u0111i\u1ec3m \u0111\u00f4ng \u0111\u1eb7c do nhi\u1ec7t, qu\u00e1 tr\u00ecnh t\u1ef1 l\u00e0nh v\u1ebft th\u01b0\u01a1ng \u0111\u01b0\u1ee3c k\u00edch ho\u1ea1t, t\u1eeb \u0111\u00f3 k\u00edch th\u00edch s\u1ef1 t\u0103ng sinh v\u00e0 d\u00e0y l\u00ean c\u1ee7a c\u00e1c s\u1ee3i collagen t\u1ef1 nhi\u00ean, gi\u00fap c\u1ee7ng c\u1ed1 h\u1ec7 th\u1ed1ng c\u01a1 v\u00e0 \u0111\u1ed9 \u0111\u00e0n h\u1ed3i c\u1ee7a da t\u1eeb b\u00ean trong.<\/p>\n<h4>5. \u0110\u01b0\u1ee3c C\u1ee5c Qu\u1ea3n l\u00fd D\u01b0\u1ee3c ph\u1ea9m \u0110\u00e0i Loan (TFDA) ch\u1ee9ng nh\u1eadn, kh\u00f4ng x\u00e2m l\u1ea5n v\u00e0 kh\u00f4ng c\u1ea7n th\u1eddi gian h\u1ed3i ph\u1ee5c<\/h4>\n<p>\u0110\u01b0\u1ee3c B\u1ed9 Y t\u1ebf v\u00e0 Ph\u00fac l\u1ee3i (TFDA) c\u1ea5p ph\u00e9p v\u00e0 ch\u1ee9ng nh\u1eadn, ph\u01b0\u01a1ng ph\u00e1p n\u00e0y c\u00f3 hi\u1ec7u qu\u1ea3 trong vi\u1ec7c n\u00e2ng cao l\u00f4ng m\u00e0y, l\u00e0m s\u0103n ch\u1eafc v\u00f9ng da ch\u1ea3y x\u1ec7 d\u01b0\u1edbi c\u1eb1m v\u00e0 c\u1ea3i thi\u1ec7n \u0111\u1ed9 s\u0103n ch\u1eafc c\u1ee7a hai b\u00ean m\u00e1. Quy tr\u00ecnh kh\u00f4ng c\u1ea7n ph\u1eabu thu\u1eadt, c\u00f3 th\u1ec3 trang \u0111i\u1ec3m ngay sau khi th\u1ef1c hi\u1ec7n v\u00e0 h\u1ea7u nh\u01b0 kh\u00f4ng c\u00f3 th\u1eddi gian h\u1ed3i ph\u1ee5c, gi\u00fap b\u1ea1n l\u1ea5y l\u1ea1i s\u1ef1 tr\u1ebb trung v\u00e0 \u0111\u00e0n h\u1ed3i m\u1ed9t c\u00e1ch t\u1ef1 nhi\u00ean m\u00e0 kh\u00f4ng h\u1ec1 hay bi\u1ebft.<\/p>\n<p><img loading=\"lazy\" decoding=\"async\" class=\"alignnone wp-image-10890 size-full\" src=\"https:\/\/arisinclinic.com\/wp-content\/uploads\/2026\/03\/ULTRAcel-Q\u97f3\u6ce2\u62c9\u63d05.jpg\" alt=\"ULTRAcel Q+ N\u00e2ng c\u01a1 b\u1eb1ng s\u00f3ng \u00e2m 5\" width=\"800\" height=\"533\" title=\"\" srcset=\"https:\/\/arisinclinic.com\/wp-content\/uploads\/2026\/03\/ULTRAcel-Q\u97f3\u6ce2\u62c9\u63d05.jpg 800w, https:\/\/arisinclinic.com\/wp-content\/uploads\/2026\/03\/ULTRAcel-Q\u97f3\u6ce2\u62c9\u63d05-300x200.jpg 300w, https:\/\/arisinclinic.com\/wp-content\/uploads\/2026\/03\/ULTRAcel-Q\u97f3\u6ce2\u62c9\u63d05-768x512.jpg 768w, https:\/\/arisinclinic.com\/wp-content\/uploads\/2026\/03\/ULTRAcel-Q\u97f3\u6ce2\u62c9\u63d05-600x400.jpg 600w\" sizes=\"(max-width: 800px) 100vw, 800px\" \/><\/p>\n<h3>Nguy\u00ean l\u00fd \u0111i\u1ec1u tr\u1ecb c\u1ee7a ULTRAcel Q+: C\u00f4ng ngh\u1ec7 HIFU t\u00e1c \u0111\u1ed9ng tr\u1ef1c ti\u1ebfp v\u00e0o l\u1edbp c\u00e2n s\u00e2u<\/h3>\n<h4>Truy\u1ec1n d\u1eabn n\u0103ng l\u01b0\u1ee3ng ch\u00ednh x\u00e1c, t\u00e1i t\u1ea1o m\u1ea1ng l\u01b0\u1edbi collagen<\/h4>\n<p>ULTRAcel Q+ \u1ee9ng d\u1ee5ng c\u00f4ng ngh\u1ec7 s\u00f3ng si\u00eau \u00e2m h\u1ed9i t\u1ee5 c\u01b0\u1eddng \u0111\u1ed9 cao (HIFU) ti\u00ean ti\u1ebfn. \u0110i\u1ec3m m\u1ea5u ch\u1ed1t c\u1ee7a c\u00f4ng ngh\u1ec7 n\u00e0y l\u00e0 kh\u1ea3 n\u0103ng truy\u1ec1n n\u0103ng l\u01b0\u1ee3ng nhi\u1ec7t m\u1ed9t c\u00e1ch \u1ed5n \u0111\u1ecbnh v\u00e0 c\u1ef1c k\u1ef3 ch\u00ednh x\u00e1c, xuy\u00ean qua l\u1edbp bi\u1ec3u b\u00ec v\u00e0 l\u1edbp trung b\u00ec, \u0111\u1ec3 ti\u1ebfp c\u1eadn tr\u1ef1c ti\u1ebfp l\u1edbp c\u00e2n c\u01a1 b\u1ec1 m\u1eb7t (SMAS) \u1edf \u0111\u1ed9 s\u00e2u 4,5 mm d\u01b0\u1edbi da.<\/p>\n<h4>Kh\u00e1m ph\u00e1 b\u00ed quy\u1ebft n\u00e2ng c\u01a1 \u0111\u1ea1t chu\u1ea9n ph\u1eabu thu\u1eadt<\/h4>\n<p>L\u1edbp c\u00e2n SMAS l\u00e0 c\u1ea5u tr\u00fac c\u1ed1t l\u00f5i h\u1ed7 tr\u1ee3 \u0111\u01b0\u1eddng n\u00e9t khu\u00f4n m\u1eb7t, \u0111\u1ed3ng th\u1eddi c\u0169ng l\u00e0 l\u1edbp \u0111i\u1ec1u tr\u1ecb then ch\u1ed1t m\u00e0 b\u00e1c s\u0129 ph\u1ea3i t\u00e1c \u0111\u1ed9ng \u0111\u1ebfn trong c\u00e1c ca ph\u1eabu thu\u1eadt c\u0103ng da m\u1eb7t truy\u1ec1n th\u1ed1ng. S\u00f3ng si\u00eau \u00e2m Q+ t\u1ea1o ra c\u00e1c \u0111i\u1ec3m \u0111\u00f4ng k\u1ebft nhi\u1ec7t th\u00f4ng qua c\u00f4ng ngh\u1ec7 vi t\u1eadp trung, khi\u1ebfn l\u1edbp m\u00e0ng c\u01a1 b\u1ecb ch\u00f9ng nh\u00e3o tr\u1ea3i qua qu\u00e1 tr\u00ecnh \u201cco r\u00fat nhi\u1ec7t\u201d t\u1ee9c th\u00ec, t\u1eeb \u0111\u00f3 n\u00e2ng c\u01a1 t\u1eeb l\u1edbp s\u00e2u l\u00ean tr\u00ean. \u0110\u1ed3ng th\u1eddi, c\u00e1c m\u00f4 sau khi ti\u1ebfp x\u00fac v\u1edbi nhi\u1ec7t s\u1ebd k\u00edch ho\u1ea1t c\u01a1 ch\u1ebf t\u1ef1 ph\u1ee5c h\u1ed3i, li\u00ean t\u1ee5c th\u00fac \u0111\u1ea9y s\u1ef1 t\u00e1i t\u1ea1o v\u00e0 t\u00e1i c\u1ea5u tr\u00fac collagen v\u1edbi s\u1ed1 l\u01b0\u1ee3ng l\u1edbn, gi\u00fap b\u1ea1n c\u00f3 \u0111\u01b0\u1ee3c hi\u1ec7u qu\u1ea3 n\u00e2ng c\u01a1 s\u00e2u v\u00e0 s\u0103n ch\u1eafc t\u01b0\u01a1ng \u0111\u01b0\u01a1ng ph\u1eabu thu\u1eadt m\u00e0 kh\u00f4ng c\u1ea7n ph\u1ea3i ph\u1eabu thu\u1eadt.<\/p>\n<p><img loading=\"lazy\" decoding=\"async\" class=\"alignnone wp-image-10893 size-full\" src=\"https:\/\/arisinclinic.com\/wp-content\/uploads\/2026\/03\/ULTRAcel-Q\u97f3\u6ce2\u62c9\u63d02.jpg\" alt=\"ULTRAcel Q+ N\u00e2ng c\u01a1 b\u1eb1ng s\u00f3ng si\u00eau \u00e2m 2\" width=\"800\" height=\"463\" title=\"\" srcset=\"https:\/\/arisinclinic.com\/wp-content\/uploads\/2026\/03\/ULTRAcel-Q\u97f3\u6ce2\u62c9\u63d02.jpg 800w, https:\/\/arisinclinic.com\/wp-content\/uploads\/2026\/03\/ULTRAcel-Q\u97f3\u6ce2\u62c9\u63d02-300x174.jpg 300w, https:\/\/arisinclinic.com\/wp-content\/uploads\/2026\/03\/ULTRAcel-Q\u97f3\u6ce2\u62c9\u63d02-768x444.jpg 768w, https:\/\/arisinclinic.com\/wp-content\/uploads\/2026\/03\/ULTRAcel-Q\u97f3\u6ce2\u62c9\u63d02-600x347.jpg 600w\" sizes=\"(max-width: 800px) 100vw, 800px\" \/><\/p>","protected":false},"excerpt":{"rendered":"<p>C\u00f4ng ngh\u1ec7 s\u00f3ng si\u00eau \u00e2m t\u1ea1o \u0111\u01b0\u1eddng n\u00e9t ULTRAcel Q+ c\u1ee7a Aresin \u0111\u1ea1t \u0111\u01b0\u1ee3c s\u1ef1 c\u00e2n b\u1eb1ng to\u00e0n di\u1ec7n gi\u1eefa li\u1ec7u tr\u00ecnh si\u00eau nhanh v\u00e0 n\u00e2ng c\u01a1 s\u00e2u. \u0110\u01b0\u1ee3c n\u1eef di\u1ec5n vi\u00ean \u0111o\u1ea1t gi\u1ea3i N\u1eef di\u1ec5n vi\u00ean xu\u1ea5t s\u1eafc nh\u1ea5t t\u1ea1i Gi\u1ea3i th\u01b0\u1edfng Kim Chung Tian Xin nhi\u1ec7t t\u00ecnh gi\u1edbi thi\u1ec7u, c\u00f4ng ngh\u1ec7 s\u00f3ng si\u00eau \u00e2m tuy\u1ebfn t\u00ednh si\u00eau t\u1ed1c 0,58 gi\u00e2y gi\u00fap l\u00e0m s\u0103n ch\u1eafc ch\u00ednh x\u00e1c l\u1edbp m\u00e0ng SMAS, c\u1ea3i thi\u1ec7n hi\u1ec7u qu\u1ea3 t\u00ecnh tr\u1ea1ng c\u1eb1m \u0111\u00f4i, l\u00f4ng m\u00e0y ch\u1ea3y x\u1ec7 v\u00e0 \u0111\u01b0\u1eddng n\u00e9t khu\u00f4n m\u1eb7t ch\u1ea3y x\u1ec7. S\u1ea3n ph\u1ea9m \u0111\u01b0\u1ee3c ch\u1ee9ng nh\u1eadn b\u1edfi TFDA, \u00edt \u0111au v\u00e0 kh\u00f4ng c\u1ea7n th\u1eddi gian h\u1ed3i ph\u1ee5c, \u0111\u01b0\u1ee3c b\u00e1c s\u0129 thi\u1ebft k\u1ebf ri\u00eang cho t\u1eebng tr\u01b0\u1eddng h\u1ee3p. H\u00e3y \u0111\u1eb7t l\u1ecbch t\u01b0 v\u1ea5n ngay \u0111\u1ec3 tr\u1ea3i nghi\u1ec7m hi\u1ec7u qu\u1ea3 n\u00e2ng c\u01a1 v\u00e0 l\u00e0m s\u0103n ch\u1eafc da m\u00e0 s\u00f3ng si\u00eau \u00e2m Q+ mang l\u1ea1i.<\/p>","protected":false},"featured_media":10888,"comment_status":"open","ping_status":"closed","template":"","meta":{"_acf_changed":false},"product_brand":[],"product_cat":[15,157],"product_tag":[],"class_list":{"0":"post-10887","1":"product","2":"type-product","3":"status-publish","4":"has-post-thumbnail","6":"product_cat-service","7":"product_cat-rf-ultrasound-treatments","9":"first","10":"instock","11":"shipping-taxable","12":"product-type-simple"},"acf":[],"_links":{"self":[{"href":"https:\/\/arisinclinic.com\/vi\/wp-json\/wp\/v2\/product\/10887","targetHints":{"allow":["GET"]}}],"collection":[{"href":"https:\/\/arisinclinic.com\/vi\/wp-json\/wp\/v2\/product"}],"about":[{"href":"https:\/\/arisinclinic.com\/vi\/wp-json\/wp\/v2\/types\/product"}],"replies":[{"embeddable":true,"href":"https:\/\/arisinclinic.com\/vi\/wp-json\/wp\/v2\/comments?post=10887"}],"wp:featuredmedia":[{"embeddable":true,"href":"https:\/\/arisinclinic.com\/vi\/wp-json\/wp\/v2\/media\/10888"}],"wp:attachment":[{"href":"https:\/\/arisinclinic.com\/vi\/wp-json\/wp\/v2\/media?parent=10887"}],"wp:term":[{"taxonomy":"product_brand","embeddable":true,"href":"https:\/\/arisinclinic.com\/vi\/wp-json\/wp\/v2\/product_brand?post=10887"},{"taxonomy":"product_cat","embeddable":true,"href":"https:\/\/arisinclinic.com\/vi\/wp-json\/wp\/v2\/product_cat?post=10887"},{"taxonomy":"product_tag","embeddable":true,"href":"https:\/\/arisinclinic.com\/vi\/wp-json\/wp\/v2\/product_tag?post=10887"}],"curies":[{"name":"wp","href":"https:\/\/api.w.org\/{rel}","templated":true}]}}