{"id":11049,"date":"2026-03-20T21:34:40","date_gmt":"2026-03-20T13:34:40","guid":{"rendered":"https:\/\/4t542t4sohxh.wpsite.pro\/?post_type=product&#038;p=11049"},"modified":"2026-04-14T21:47:34","modified_gmt":"2026-04-14T13:47:34","slug":"dipeptiven","status":"publish","type":"product","link":"https:\/\/arisinclinic.com\/vi\/service\/dipeptiven\/","title":{"rendered":"Dipeptiven - Dung d\u1ecbch ti\u00eam truy\u1ec1n ch\u1ee9a dipeptid"},"content":{"rendered":"<p>Dipeptiven l\u00e0 m\u1ed9t lo\u1ea1i dung d\u1ecbch truy\u1ec1n t\u0129nh m\u1ea1ch ch\u1ee9a peptit k\u00e9p c\u00f3 hi\u1ec7u qu\u1ea3 cao, \u0111\u1ea1t ti\u00eau chu\u1ea9n y t\u1ebf. Th\u00f4ng qua \u0111\u01b0\u1eddng truy\u1ec1n t\u0129nh m\u1ea1ch, c\u00e1c \u201cpeptit quan tr\u1ecdng\u201d c\u1ea7n thi\u1ebft cho ho\u1ea1t \u0111\u1ed9ng duy tr\u00ec s\u1ef1 s\u1ed1ng v\u00e0 ch\u1ee9c n\u0103ng ph\u1ee5c h\u1ed3i s\u1ebd \u0111\u01b0\u1ee3c \u0111\u01b0a tr\u1ef1c ti\u1ebfp v\u00e0o c\u01a1 th\u1ec3. Dipeptiven c\u00f3 th\u1ec3 k\u00edch ho\u1ea1t hi\u1ec7u qu\u1ea3 kh\u1ea3 n\u0103ng t\u1ef1 ph\u1ee5c h\u1ed3i c\u1ee7a t\u1ebf b\u00e0o, \u0111\u1ea9y nhanh qu\u00e1 tr\u00ecnh ph\u1ee5c h\u1ed3i sau ph\u1eabu thu\u1eadt, t\u0103ng c\u01b0\u1eddng h\u00e0ng r\u00e0o mi\u1ec5n d\u1ecbch v\u00e0 h\u1ed7 tr\u1ee3 gan chuy\u1ec3n h\u00f3a \u00e1p l\u1ef1c oxy h\u00f3a. \u0110\u00e2y l\u00e0 m\u1ed9t li\u1ec7u ph\u00e1p ch\u0103m s\u00f3c s\u00e2u gi\u00fap c\u01a1 th\u1ec3 \u201ct\u1eaft m\u00e1y v\u00e0 kh\u1edfi \u0111\u1ed9ng l\u1ea1i\u201d, ph\u00f9 h\u1ee3p v\u1edbi nh\u1eefng ng\u01b0\u1eddi v\u1eeba tr\u1ea3i qua ph\u1eabu thu\u1eadt th\u1ea9m m\u1ef9, b\u1ecb c\u0103ng th\u1eb3ng qu\u00e1 m\u1ee9c ho\u1eb7c nh\u1eefng ng\u01b0\u1eddi hi\u1ec7n \u0111\u1ea1i mong mu\u1ed1n c\u00e2n b\u1eb1ng to\u00e0n di\u1ec7n c\u01a1 th\u1ec3, gi\u00fap b\u1ea1n l\u1ea5y l\u1ea1i s\u1ee9c kh\u1ecfe v\u00e0 s\u1ee9c s\u1ed1ng t\u1eeb b\u00ean trong ra b\u00ean ngo\u00e0i.<\/p>\n<p><img fetchpriority=\"high\" decoding=\"async\" class=\"alignnone wp-image-11054 size-full\" src=\"https:\/\/arisinclinic.com\/wp-content\/uploads\/2026\/03\/Dipeptiven-\u96d9\u80dc\u80fa\u9ede\u6ef44.jpg\" alt=\"Dipeptiven - Dung d\u1ecbch ti\u00eam truy\u1ec1n Dipeptiven 4\" width=\"800\" height=\"751\" title=\"\" srcset=\"https:\/\/arisinclinic.com\/wp-content\/uploads\/2026\/03\/Dipeptiven-\u96d9\u80dc\u80fa\u9ede\u6ef44.jpg 800w, https:\/\/arisinclinic.com\/wp-content\/uploads\/2026\/03\/Dipeptiven-\u96d9\u80dc\u80fa\u9ede\u6ef44-300x282.jpg 300w, https:\/\/arisinclinic.com\/wp-content\/uploads\/2026\/03\/Dipeptiven-\u96d9\u80dc\u80fa\u9ede\u6ef44-768x721.jpg 768w, https:\/\/arisinclinic.com\/wp-content\/uploads\/2026\/03\/Dipeptiven-\u96d9\u80dc\u80fa\u9ede\u6ef44-600x563.jpg 600w\" sizes=\"(max-width: 800px) 100vw, 800px\" \/><\/p>\n<h3>Dipeptiven l\u00e0 g\u00ec?<\/h3>\n<p>Dipeptiven (L-Alanyl-L-Glutamine) l\u00e0 m\u1ed9t lo\u1ea1i peptit lo\u1ea1i A c\u00f3 \u0111\u1ed9 tinh khi\u1ebft cao, th\u01b0\u1eddng \u0111\u01b0\u1ee3c s\u1eed d\u1ee5ng trong l\u00e2m s\u00e0ng \u0111\u1ec3 h\u1ed7 tr\u1ee3 dinh d\u01b0\u1ee1ng cho b\u1ec7nh nh\u00e2n sau ph\u1eabu thu\u1eadt ho\u1eb7c b\u1ec7nh nh\u00e2n n\u1eb7ng, gi\u00fap th\u00fac \u0111\u1ea9y qu\u00e1 tr\u00ecnh ph\u1ee5c h\u1ed3i m\u00f4. Trong l\u0129nh v\u1ef1c th\u1ea9m m\u1ef9 y t\u1ebf, n\u00f3 \u0111\u01b0\u1ee3c coi l\u00e0 \u201cch\u1ea5t x\u00fac t\u00e1c ph\u1ee5c h\u1ed3i da\u201d; khi \u0111\u01b0\u1ee3c b\u1ed5 sung tr\u1ef1c ti\u1ebfp qua \u0111\u01b0\u1eddng truy\u1ec1n t\u0129nh m\u1ea1ch, n\u00f3 gi\u00fap c\u01a1 th\u1ec3 ch\u1ed1ng l\u1ea1i t\u00ecnh tr\u1ea1ng vi\u00eam nhi\u1ec5m, c\u1ee7ng c\u1ed1 h\u00e0ng r\u00e0o b\u1ea3o v\u1ec7 da v\u00e0 t\u0103ng c\u01b0\u1eddng hi\u1ec7u qu\u1ea3 ph\u1ee5c h\u1ed3i sau c\u00e1c li\u1ec7u tr\u00ecnh th\u1ea9m m\u1ef9.<\/p>\n<p><img decoding=\"async\" class=\"alignnone wp-image-11053 size-full\" src=\"https:\/\/arisinclinic.com\/wp-content\/uploads\/2026\/03\/Dipeptiven-\u96d9\u80dc\u80fa\u9ede\u6ef43.jpg\" alt=\"Dipeptiven - Dung d\u1ecbch ti\u00eam truy\u1ec1n Dipeptiven 3\" width=\"800\" height=\"583\" title=\"\" srcset=\"https:\/\/arisinclinic.com\/wp-content\/uploads\/2026\/03\/Dipeptiven-\u96d9\u80dc\u80fa\u9ede\u6ef43.jpg 800w, https:\/\/arisinclinic.com\/wp-content\/uploads\/2026\/03\/Dipeptiven-\u96d9\u80dc\u80fa\u9ede\u6ef43-300x219.jpg 300w, https:\/\/arisinclinic.com\/wp-content\/uploads\/2026\/03\/Dipeptiven-\u96d9\u80dc\u80fa\u9ede\u6ef43-768x560.jpg 768w, https:\/\/arisinclinic.com\/wp-content\/uploads\/2026\/03\/Dipeptiven-\u96d9\u80dc\u80fa\u9ede\u6ef43-600x437.jpg 600w\" sizes=\"(max-width: 800px) 100vw, 800px\" \/><\/p>\n<h3>T\u00e1c d\u1ee5ng ch\u00ednh: Ph\u1ee5c h\u1ed3i to\u00e0n di\u1ec7n v\u00e0 ch\u1ed1ng l\u00e3o h\u00f3a<\/h3>\n<ul>\n<li>Ph\u1ee5c h\u1ed3i s\u00e2u cho da: T\u0103ng t\u1ed1c qu\u00e1 tr\u00ecnh ph\u1ee5c h\u1ed3i t\u1ed5n th\u01b0\u01a1ng do nhi\u1ec7t sau khi s\u1eed d\u1ee5ng c\u00e1c thi\u1ebft b\u1ecb n\u0103ng l\u01b0\u1ee3ng (nh\u01b0 laser, s\u00f3ng \u0111i\u1ec7n t\u1eeb), gi\u00fap r\u00fat ng\u1eafn th\u1eddi gian ph\u1ee5c h\u1ed3i<\/li>\n<li>K\u00edch ho\u1ea1t qu\u00e1 tr\u00ecnh t\u00e1i t\u1ea1o collagen: K\u00edch th\u00edch c\u00e1c t\u1ebf b\u00e0o s\u1ee3i, c\u1ee7ng c\u1ed1 c\u1ea5u tr\u00fac n\u00e2ng \u0111\u1ee1 c\u1ee7a da, duy tr\u00ec \u0111\u1ed9 \u0111\u00e0n h\u1ed3i v\u00e0 s\u0103n ch\u1eafc<\/li>\n<li>B\u1ea3o v\u1ec7 ch\u1ed1ng oxy h\u00f3a: Trung h\u00f2a c\u00e1c g\u1ed1c t\u1ef1 do, gi\u1ea3m t\u00ecnh tr\u1ea1ng \u201cl\u00e3o h\u00f3a do \u00e1nh s\u00e1ng\u201d do tia UV ho\u1eb7c c\u00e1c t\u00e1c nh\u00e2n g\u00e2y c\u0103ng th\u1eb3ng t\u1eeb m\u00f4i tr\u01b0\u1eddng g\u00e2y ra<\/li>\n<li>L\u00e0m s\u00e1ng da \u0111\u1ec1u m\u00e0u: C\u1ea3i thi\u1ec7n t\u00ecnh tr\u1ea1ng da x\u1ec9n m\u00e0u v\u00e0 thi\u1ebfu s\u1ee9c s\u1ed1ng do vi\u00eam da ho\u1eb7c th\u00f3i quen th\u1ee9c khuya k\u00e9o d\u00e0i<\/li>\n<li>C\u00e2n b\u1eb1ng h\u1ec7 mi\u1ec5n d\u1ecbch: Gi\u1ea3m vi\u00eam m\u00e3n t\u00ednh, l\u00e0m d\u1ecbu l\u00e0n da nh\u1ea1y c\u1ea3m v\u00e0 kh\u00f4ng \u1ed5n \u0111\u1ecbnh<\/li>\n<\/ul>\n<p><img decoding=\"async\" class=\"alignnone wp-image-11052 size-full\" src=\"https:\/\/arisinclinic.com\/wp-content\/uploads\/2026\/03\/Dipeptiven-\u96d9\u80dc\u80fa\u9ede\u6ef42.jpg\" alt=\"Dipeptiven - Dung d\u1ecbch ti\u00eam truy\u1ec1n Dipeptiven 2\" width=\"800\" height=\"583\" title=\"\" srcset=\"https:\/\/arisinclinic.com\/wp-content\/uploads\/2026\/03\/Dipeptiven-\u96d9\u80dc\u80fa\u9ede\u6ef42.jpg 800w, https:\/\/arisinclinic.com\/wp-content\/uploads\/2026\/03\/Dipeptiven-\u96d9\u80dc\u80fa\u9ede\u6ef42-300x219.jpg 300w, https:\/\/arisinclinic.com\/wp-content\/uploads\/2026\/03\/Dipeptiven-\u96d9\u80dc\u80fa\u9ede\u6ef42-768x560.jpg 768w, https:\/\/arisinclinic.com\/wp-content\/uploads\/2026\/03\/Dipeptiven-\u96d9\u80dc\u80fa\u9ede\u6ef42-600x437.jpg 600w\" sizes=\"(max-width: 800px) 100vw, 800px\" \/><\/p>\n<h3>T\u1ea1i sao n\u00ean ch\u1ecdn truy\u1ec1n d\u1ecbch v\u1edbi th\u00e0nh ph\u1ea7n ch\u1ee9a bisacodyl? (S\u1ef1 kh\u00e1c bi\u1ec7t so v\u1edbi truy\u1ec1n d\u1ecbch truy\u1ec1n th\u1ed1ng)<\/h3>\n<p>Kh\u00e1c v\u1edbi c\u00e1c lo\u1ea1i d\u1ecbch truy\u1ec1n ch\u1ec9 ch\u1ee9a m\u1ed9t th\u00e0nh ph\u1ea7n duy nh\u1ea5t (ch\u1eb3ng h\u1ea1n nh\u01b0 vitamin C li\u1ec1u cao \u0111\u01a1n thu\u1ea7n), Dipeptiven t\u1eadp trung v\u00e0o vi\u1ec7c \u201cph\u1ee5c h\u1ed3i \u1edf c\u1ea5p \u0111\u1ed9 t\u1ebf b\u00e0o\u201d.<\/p>\n<ul>\n<li>C\u00e1c ph\u00e2n t\u1eed nh\u1ecf d\u1ec5 h\u1ea5p thu: Sau khi ti\u00eam t\u0129nh m\u1ea1ch, ch\u00fang \u0111i th\u1eb3ng v\u00e0o tu\u1ea7n ho\u00e0n m\u00e1u, mang l\u1ea1i hi\u1ec7u su\u1ea5t sinh h\u1ecdc cao<\/li>\n<li>Nhi\u1ec1u t\u00e1c d\u1ee5ng trong m\u1ed9t: \u0110\u1ed3ng th\u1eddi mang l\u1ea1i hi\u1ec7u qu\u1ea3 l\u00e0m s\u00e1ng da, ch\u1ed1ng l\u00e3o h\u00f3a, ph\u1ee5c h\u1ed3i v\u00e0 t\u0103ng c\u01b0\u1eddng h\u1ec7 mi\u1ec5n d\u1ecbch<\/li>\n<\/ul>\n<p><img loading=\"lazy\" decoding=\"async\" class=\"alignnone wp-image-11051 size-full\" src=\"https:\/\/arisinclinic.com\/wp-content\/uploads\/2026\/03\/Dipeptiven-\u96d9\u80dc\u80fa\u9ede\u6ef41.jpg\" alt=\"Dipeptiven - Dung d\u1ecbch ti\u00eam truy\u1ec1n Dipeptiven 1\" width=\"800\" height=\"622\" title=\"\" srcset=\"https:\/\/arisinclinic.com\/wp-content\/uploads\/2026\/03\/Dipeptiven-\u96d9\u80dc\u80fa\u9ede\u6ef41.jpg 800w, https:\/\/arisinclinic.com\/wp-content\/uploads\/2026\/03\/Dipeptiven-\u96d9\u80dc\u80fa\u9ede\u6ef41-300x233.jpg 300w, https:\/\/arisinclinic.com\/wp-content\/uploads\/2026\/03\/Dipeptiven-\u96d9\u80dc\u80fa\u9ede\u6ef41-768x597.jpg 768w, https:\/\/arisinclinic.com\/wp-content\/uploads\/2026\/03\/Dipeptiven-\u96d9\u80dc\u80fa\u9ede\u6ef41-600x467.jpg 600w\" sizes=\"(max-width: 800px) 100vw, 800px\" \/><\/p>\n<h3>\u0110\u1ed1i t\u01b0\u1ee3ng ph\u00f9 h\u1ee3p<\/h3>\n<ul>\n<li>Nh\u1eefng ng\u01b0\u1eddi c\u1ea7n ph\u1ee5c h\u1ed3i sau \u0111i\u1ec1u tr\u1ecb: Nh\u1eefng ng\u01b0\u1eddi v\u1eeba tr\u1ea3i qua li\u1ec7u tr\u00ecnh laser, s\u00f3ng \u0111i\u1ec7n ho\u1eb7c ti\u00eam th\u1ea9m m\u1ef9 v\u00e0 mu\u1ed1n \u0111\u1ea9y nhanh qu\u00e1 tr\u00ecnh gi\u1ea3m \u0111\u1ecf v\u00e0 ph\u1ee5c h\u1ed3i<\/li>\n<li>Nh\u1eefng ng\u01b0\u1eddi th\u01b0\u1eddng xuy\u00ean ch\u1ecbu \u00e1p l\u1ef1c cao: Nh\u1eefng ng\u01b0\u1eddi th\u01b0\u1eddng xuy\u00ean th\u1ee9c khuya, ch\u1ecbu \u00e1p l\u1ef1c c\u00f4ng vi\u1ec7c l\u1edbn, khi\u1ebfn l\u00e0n da tr\u00f4ng m\u1ec7t m\u1ecfi, x\u1ec9n m\u00e0u v\u00e0 thi\u1ebfu s\u1ee9c s\u1ed1ng<\/li>\n<li>Ch\u0103m s\u00f3c da ch\u1ed1ng l\u00e3o h\u00f3a d\u00e0nh cho \u0111\u1ed9 tu\u1ed5i trung ni\u00ean: D\u00e0nh cho nh\u1eefng ai mong mu\u1ed1n l\u00e0m ch\u1eadm qu\u00e1 tr\u00ecnh h\u00ecnh th\u00e0nh n\u1ebfp nh\u0103n v\u00e0 duy tr\u00ec l\u00e0n da c\u0103ng m\u1ecdng<\/li>\n<li>Nh\u1eefng ng\u01b0\u1eddi c\u00f3 l\u00e0n da nh\u1ea1y c\u1ea3m: Nh\u1eefng ng\u01b0\u1eddi c\u00f3 h\u00e0ng r\u00e0o b\u1ea3o v\u1ec7 da b\u1ecb suy y\u1ebfu, d\u1ec5 b\u1ecb k\u00edch \u1ee9ng khi th\u1eddi ti\u1ebft thay \u0111\u1ed5i<\/li>\n<\/ul>","protected":false},"excerpt":{"rendered":"<p>D\u1ecbch truy\u1ec1n Dipeptiven c\u1ee7a Arixin gi\u00fap \u0111\u1ea1t \u0111\u01b0\u1ee3c s\u1ef1 c\u00e2n b\u1eb1ng to\u00e0n di\u1ec7n gi\u1eefa qu\u00e1 tr\u00ecnh ph\u1ee5c h\u1ed3i t\u1ebf b\u00e0o v\u00e0 \u0111i\u1ec1u h\u00f2a mi\u1ec5n d\u1ecbch. S\u1ea3n ph\u1ea9m s\u1eed d\u1ee5ng th\u00e0nh ph\u1ea7n dipeptid c\u00f3 ho\u1ea1t t\u00ednh cao \u0111\u1ec3 b\u1ed5 sung ch\u00ednh x\u00e1c c\u00e1c d\u01b0\u1ee1ng ch\u1ea5t thi\u1ebft y\u1ebfu m\u00e0 c\u01a1 th\u1ec3 \u0111\u00e3 m\u1ea5t, t\u1eeb \u0111\u00f3 \u0111\u1ea9y nhanh qu\u00e1 tr\u00ecnh h\u1ed3i ph\u1ee5c sau ph\u1eabu thu\u1eadt v\u00e0 t\u0103ng c\u01b0\u1eddng kh\u1ea3 n\u0103ng ch\u1ed1ng oxy h\u00f3a. C\u00f4ng th\u1ee9c dinh d\u01b0\u1ee1ng \u0111\u01b0\u1ee3c c\u00e1c b\u00e1c s\u0129 chuy\u00ean khoa thi\u1ebft k\u1ebf ri\u00eang bi\u1ec7t, gi\u00fap b\u1ea1n tho\u00e1t kh\u1ecfi t\u00ecnh tr\u1ea1ng m\u1ec7t m\u1ecfi v\u00e0 t\u00e1i t\u1ea1o th\u1ec3 tr\u1ea1ng kh\u1ecfe m\u1ea1nh. H\u00e3y \u0111\u1eb7t l\u1ecbch t\u01b0 v\u1ea5n ngay h\u00f4m nay \u0111\u1ec3 tr\u1ea3i nghi\u1ec7m li\u1ec7u ph\u00e1p b\u1ed5 sung n\u0103ng l\u01b0\u1ee3ng chuy\u00ean s\u00e2u \u0111\u1ea1t ti\u00eau chu\u1ea9n y t\u1ebf.<\/p>","protected":false},"featured_media":11050,"comment_status":"open","ping_status":"closed","template":"","meta":{"_acf_changed":false},"product_brand":[],"product_cat":[15,158],"product_tag":[],"class_list":{"0":"post-11049","1":"product","2":"type-product","3":"status-publish","4":"has-post-thumbnail","6":"product_cat-service","7":"product_cat-skin-care-treatments","9":"first","10":"instock","11":"shipping-taxable","12":"product-type-simple"},"acf":[],"_links":{"self":[{"href":"https:\/\/arisinclinic.com\/vi\/wp-json\/wp\/v2\/product\/11049","targetHints":{"allow":["GET"]}}],"collection":[{"href":"https:\/\/arisinclinic.com\/vi\/wp-json\/wp\/v2\/product"}],"about":[{"href":"https:\/\/arisinclinic.com\/vi\/wp-json\/wp\/v2\/types\/product"}],"replies":[{"embeddable":true,"href":"https:\/\/arisinclinic.com\/vi\/wp-json\/wp\/v2\/comments?post=11049"}],"wp:featuredmedia":[{"embeddable":true,"href":"https:\/\/arisinclinic.com\/vi\/wp-json\/wp\/v2\/media\/11050"}],"wp:attachment":[{"href":"https:\/\/arisinclinic.com\/vi\/wp-json\/wp\/v2\/media?parent=11049"}],"wp:term":[{"taxonomy":"product_brand","embeddable":true,"href":"https:\/\/arisinclinic.com\/vi\/wp-json\/wp\/v2\/product_brand?post=11049"},{"taxonomy":"product_cat","embeddable":true,"href":"https:\/\/arisinclinic.com\/vi\/wp-json\/wp\/v2\/product_cat?post=11049"},{"taxonomy":"product_tag","embeddable":true,"href":"https:\/\/arisinclinic.com\/vi\/wp-json\/wp\/v2\/product_tag?post=11049"}],"curies":[{"name":"wp","href":"https:\/\/api.w.org\/{rel}","templated":true}]}}