{"id":11056,"date":"2026-03-20T21:51:26","date_gmt":"2026-03-20T13:51:26","guid":{"rendered":"https:\/\/4t542t4sohxh.wpsite.pro\/?post_type=product&#038;p=11056"},"modified":"2026-04-23T19:50:04","modified_gmt":"2026-04-23T11:50:04","slug":"dermapen-4","status":"publish","type":"product","link":"https:\/\/arisinclinic.com\/vi\/service\/dermapen-4\/","title":{"rendered":"Dermapen 4 - B\u00fat vi kim Dermapen"},"content":{"rendered":"<h3 class=\"text-text-100 mt-3 -mb-1 text-[1.125rem] font-bold\">\u5fae\u91dd\u7b46\uff08Dermapen 4\uff09\uff5c\u5fae\u5275\u8a98\u5c0e\u518d\u751f\u7642\u7a0b\u4ecb\u7d39<\/h3>\n<p><img fetchpriority=\"high\" decoding=\"async\" class=\"alignnone wp-image-11978 size-large\" src=\"https:\/\/arisinclinic.com\/wp-content\/uploads\/2026\/03\/ChatGPT-Image-2026\u5e744\u670823\u65e5-\u4e0b\u534807_21_21-683x1024.png\" alt=\"\" width=\"683\" height=\"1024\" title=\"\" srcset=\"https:\/\/arisinclinic.com\/wp-content\/uploads\/2026\/03\/ChatGPT-Image-2026\u5e744\u670823\u65e5-\u4e0b\u534807_21_21-683x1024.png 683w, https:\/\/arisinclinic.com\/wp-content\/uploads\/2026\/03\/ChatGPT-Image-2026\u5e744\u670823\u65e5-\u4e0b\u534807_21_21-200x300.png 200w, https:\/\/arisinclinic.com\/wp-content\/uploads\/2026\/03\/ChatGPT-Image-2026\u5e744\u670823\u65e5-\u4e0b\u534807_21_21-768x1152.png 768w, https:\/\/arisinclinic.com\/wp-content\/uploads\/2026\/03\/ChatGPT-Image-2026\u5e744\u670823\u65e5-\u4e0b\u534807_21_21-8x12.png 8w, https:\/\/arisinclinic.com\/wp-content\/uploads\/2026\/03\/ChatGPT-Image-2026\u5e744\u670823\u65e5-\u4e0b\u534807_21_21-600x900.png 600w, https:\/\/arisinclinic.com\/wp-content\/uploads\/2026\/03\/ChatGPT-Image-2026\u5e744\u670823\u65e5-\u4e0b\u534807_21_21.png 1024w\" sizes=\"(max-width: 683px) 100vw, 683px\" \/><\/p>\n<h4 class=\"text-text-100 mt-2 -mb-1 text-base font-bold\">\u7642\u7a0b\u6982\u8ff0\u8207\u8a8d\u8b49\u4f9d\u64da<\/h4>\n<p class=\"font-claude-response-body break-words whitespace-normal leading-[1.7]\">\u5fae\u91dd\u7b46\u7642\u7a0b\u4ee5\u300c\u7d93\u76ae\u8a98\u5c0e\u81a0\u539f\u65b0\u751f\uff08Percutaneous Collagen Induction, PCI\uff09\u300d\u70ba\u6838\u5fc3\u539f\u7406\uff0c\u900f\u904e\u7cbe\u5bc6\u96fb\u52d5\u5fae\u91dd\u5728\u76ae\u819a\u5f62\u6210\u5927\u91cf\u5fae\u901a\u9053\uff0c\u89f8\u767c\u4eba\u9ad4\u81ea\u7136\u7684\u5275\u50b7\u4fee\u5fa9\u7d1a\u806f\u53cd\u61c9\uff0c\u9032\u800c\u7cfb\u7d71\u6027\u5730\u91cd\u5efa\u771f\u76ae\u5c64\u7d50\u69cb\u3002<\/p>\n<p class=\"font-claude-response-body break-words whitespace-normal leading-[1.7]\">\u827e\u745e\u8f9b\u5f15\u9032\u4e4b Dermapen 4 \u5f97\u7f8e\u5fae\u91dd\u7b46\uff08\u6838\u51c6\u540d\u7a31\uff1a\u300c\u4f0a\u9177\u7f8e\u300d\u5f97\u7f8e\u5fae\u91dd\u7b46\uff09\u5df2\u901a\u904e\u7f8e\u570b FDA\u3001\u6b50\u76df CE \u53ca\u53f0\u7063\u885b\u798f\u90e8\uff08TFDA\uff09\u4e09\u5927\u570b\u969b\u8a8d\u8b49\uff0c\u662f\u53f0\u7063\u552f\u4e00\u540c\u6642\u5177\u5099\u4e0a\u8ff0\u8a8d\u8b49\u7684\u5fae\u91dd\u6cbb\u7642\u8a2d\u5099\uff0c\u4e26\u7372\u5f97\u4e8c\u7d1a\u91ab\u7642\u5668\u6750\u8a31\u53ef\uff0c\u4f9d\u898f\u5b9a\u9808\u7531\u91ab\u5e2b\u89aa\u81ea\u64cd\u4f5c\u3002<\/p>\n<hr class=\"border-border-200 border-t-0.5 my-3 mx-1.5\" \/>\n<h4 class=\"text-text-100 mt-2 -mb-1 text-base font-bold\">\u6cbb\u7642\u6a5f\u8f49<\/h4>\n<p><img decoding=\"async\" class=\"alignnone wp-image-11980 size-large\" src=\"https:\/\/arisinclinic.com\/wp-content\/uploads\/2026\/03\/ChatGPT-Image-2026\u5e744\u670823\u65e5-\u4e0b\u534807_41_54-1024x683.png\" alt=\"\" width=\"1024\" height=\"683\" title=\"\" srcset=\"https:\/\/arisinclinic.com\/wp-content\/uploads\/2026\/03\/ChatGPT-Image-2026\u5e744\u670823\u65e5-\u4e0b\u534807_41_54-1024x683.png 1024w, https:\/\/arisinclinic.com\/wp-content\/uploads\/2026\/03\/ChatGPT-Image-2026\u5e744\u670823\u65e5-\u4e0b\u534807_41_54-300x200.png 300w, https:\/\/arisinclinic.com\/wp-content\/uploads\/2026\/03\/ChatGPT-Image-2026\u5e744\u670823\u65e5-\u4e0b\u534807_41_54-768x512.png 768w, https:\/\/arisinclinic.com\/wp-content\/uploads\/2026\/03\/ChatGPT-Image-2026\u5e744\u670823\u65e5-\u4e0b\u534807_41_54-18x12.png 18w, https:\/\/arisinclinic.com\/wp-content\/uploads\/2026\/03\/ChatGPT-Image-2026\u5e744\u670823\u65e5-\u4e0b\u534807_41_54-600x400.png 600w, https:\/\/arisinclinic.com\/wp-content\/uploads\/2026\/03\/ChatGPT-Image-2026\u5e744\u670823\u65e5-\u4e0b\u534807_41_54.png 1536w\" sizes=\"(max-width: 1024px) 100vw, 1024px\" \/><\/p>\n<p class=\"font-claude-response-body break-words whitespace-normal leading-[1.7]\">\u5fae\u91dd\u7a7f\u523a\u5f8c\uff0c\u76ae\u819a\u555f\u52d5\u5275\u50b7\u4fee\u5fa9\u7d1a\u806f\u53cd\u61c9\uff1a\u8840\u5c0f\u677f\u53ca\u6210\u9577\u56e0\u5b50\uff08PDGF\u3001FGF \u7b49\uff09\u76f8\u7e7c\u91cb\u653e\uff0c\u7e96\u7dad\u6bcd\u7d30\u80de\u6d3b\u5316\uff0c\u81a0\u539f\u86cb\u767d\u8207\u5f48\u529b\u7e96\u7dad\u5c55\u958b\u91cd\u7d44\u8207\u589e\u751f\u3002\u589e\u751f\u671f\u7d04 7\uff5e14 \u5929\uff0c\u5b8c\u6574\u6539\u5584\u6548\u679c\u65bc\u8853\u5f8c 4\uff5e6 \u9031\u8d77\u9010\u6b65\u986f\u73fe\u3002<\/p>\n<p class=\"font-claude-response-body break-words whitespace-normal leading-[1.7]\">\u8207\u6b64\u540c\u6642\uff0c\u5fae\u91dd\u6240\u5f62\u6210\u7684\u5fae\u901a\u9053\u80fd\u986f\u8457\u63d0\u5347\u5916\u7528\u6d3b\u6027\u6210\u5206\u7684\u7d93\u76ae\u6ef2\u900f\u6548\u7387\uff0c\u4f7f\u80dc\u80bd\u3001\u751f\u9577\u56e0\u5b50\u3001\u73bb\u5c3f\u9178\u7b49\u4fee\u5fa9\u7cbe\u83ef\u76f4\u9054\u771f\u76ae\u5c64\uff0c\u5f37\u5316\u6574\u9ad4\u6cbb\u7642\u6210\u6548\u3002<\/p>\n<hr class=\"border-border-200 border-t-0.5 my-3 mx-1.5\" \/>\n<h4 class=\"text-text-100 mt-2 -mb-1 text-base font-bold\">\u8a2d\u5099\u6838\u5fc3\u6280\u8853<\/h4>\n<p><img decoding=\"async\" class=\"alignnone wp-image-11979 size-large\" src=\"https:\/\/arisinclinic.com\/wp-content\/uploads\/2026\/03\/ChatGPT-Image-2026\u5e744\u670823\u65e5-\u4e0b\u534807_35_36-1024x683.png\" alt=\"\" width=\"1024\" height=\"683\" title=\"\" srcset=\"https:\/\/arisinclinic.com\/wp-content\/uploads\/2026\/03\/ChatGPT-Image-2026\u5e744\u670823\u65e5-\u4e0b\u534807_35_36-1024x683.png 1024w, https:\/\/arisinclinic.com\/wp-content\/uploads\/2026\/03\/ChatGPT-Image-2026\u5e744\u670823\u65e5-\u4e0b\u534807_35_36-300x200.png 300w, https:\/\/arisinclinic.com\/wp-content\/uploads\/2026\/03\/ChatGPT-Image-2026\u5e744\u670823\u65e5-\u4e0b\u534807_35_36-768x512.png 768w, https:\/\/arisinclinic.com\/wp-content\/uploads\/2026\/03\/ChatGPT-Image-2026\u5e744\u670823\u65e5-\u4e0b\u534807_35_36-18x12.png 18w, https:\/\/arisinclinic.com\/wp-content\/uploads\/2026\/03\/ChatGPT-Image-2026\u5e744\u670823\u65e5-\u4e0b\u534807_35_36-600x400.png 600w, https:\/\/arisinclinic.com\/wp-content\/uploads\/2026\/03\/ChatGPT-Image-2026\u5e744\u670823\u65e5-\u4e0b\u534807_35_36.png 1536w\" sizes=\"(max-width: 1024px) 100vw, 1024px\" \/><\/p>\n<p class=\"font-claude-response-body break-words whitespace-normal leading-[1.7]\">Dermapen 4 \u914d\u5099 16 \u6839\u7d30\u91dd\uff0c\u6bcf\u79d2\u53ef\u9054 1,920 \u6b21\u5782\u76f4\u7a7f\u523a\uff0c\u91dd\u523a\u6df1\u5ea6\u53ef\u65bc 0.2mm \u81f3 3.0mm \u9593\u7cbe\u78ba\u8abf\u6574\u81f3 0.1mm\uff0c\u53ef\u4f9d\u6cbb\u7642\u90e8\u4f4d\u53ca\u75c5\u7076\u6df1\u5ea6\u9748\u6d3b\u8a2d\u5b9a\u3002<\/p>\n<p class=\"font-claude-response-body break-words whitespace-normal leading-[1.7]\">\u5176\u642d\u8f09\u4e4b AOVN\uff08Advanced Oscillating Vertical Needling\uff09\u6280\u8853\u63a1\u5782\u76f4\u7a7f\u523a\u8a2d\u8a08\uff0c\u6709\u5225\u65bc\u50b3\u7d71\u6efe\u8f2a\u5f0f\u659c\u89d2\u523a\u5165\uff0c\u6709\u6548\u964d\u4f4e\u6cbb\u7642\u904e\u7a0b\u4e2d\u7684\u75bc\u75db\u611f\uff0c\u4e26\u6e1b\u5c11\u8853\u5f8c\u7d05\u816b\uff0c\u7e2e\u77ed\u6062\u5fa9\u671f\u3002\u8a2d\u5099\u5167\u5efa RFID \u6676\u7247\u91dd\u7b52\uff0c\u6bcf\u6b21\u4f7f\u7528\u4e00\u6b21\u6027\u62cb\u68c4\u5f0f\u91dd\u982d\uff0c\u675c\u7d55\u4ea4\u53c9\u611f\u67d3\u98a8\u96aa\u3002<\/p>\n<hr class=\"border-border-200 border-t-0.5 my-3 mx-1.5\" \/>\n<h4 class=\"text-text-100 mt-2 -mb-1 text-base font-bold\">\u9069\u61c9\u75c7<\/h4>\n<p class=\"font-claude-response-body break-words whitespace-normal leading-[1.7]\">\u81e8\u5e8a\u9069\u61c9\u75c7\u6db5\u84cb\uff1a\u9752\u6625\u75d8\u51f9\u6d1e\u53ca\u5404\u578b\u614b\u75d8\u75a4\u5751\u6d1e\u3001\u6bdb\u5b54\u7c97\u5927\u53ca\u808c\u819a\u7c97\u7cd9\u6697\u6c89\u3001\u81c9\u90e8\u7d30\u5c0f\u76ba\u7d0b\u8207\u8f15\u5ea6\u9b06\u5f1b\u3001\u8853\u5f8c\u75a4\u75d5\u53ca\u598a\u5a20\u7d0b\uff1b\u5c40\u90e8\u589e\u751f\u6027\u75a4\u75d5\u4ea6\u53ef\u642d\u914d\u85e5\u7269\u6ce8\u5c04\u5354\u540c\u6cbb\u7642\u3002<\/p>\n<p class=\"font-claude-response-body break-words whitespace-normal leading-[1.7]\">\u81e8\u5e8a\u6587\u737b\u4ea6\u5df2\u8b49\u5be6\u5176\u5c0d\u809d\u6591\u3001\u73ab\u7470\u6591\uff08\u9152\u7cdf\uff09\u53ca\u80b2\u9aee\u7b49\u554f\u984c\u5177\u6709\u8f14\u52a9\u7642\u6548\uff0c\u4e26\u53ef\u8207\u96fb\u6ce2\u6cbb\u7642\u3001\u5316\u5b78\u63db\u819a\u53ca\u6c34\u5149\u6ce8\u5c04\u7b49\u4e3b\u6d41\u7642\u7a0b\u5408\u4f75\u4f7f\u7528\uff0c\u5be6\u73fe\u66f4\u5168\u9762\u6301\u4e45\u7684\u6539\u5584\u6548\u679c\u3002<\/p>\n<hr class=\"border-border-200 border-t-0.5 my-3 mx-1.5\" \/>\n<h4 class=\"text-text-100 mt-2 -mb-1 text-base font-bold\">\u642d\u914d\u7642\u7a0b<\/h4>\n<p class=\"font-claude-response-body break-words whitespace-normal leading-[1.7]\"><img loading=\"lazy\" decoding=\"async\" class=\"alignnone wp-image-11981 size-large\" src=\"https:\/\/arisinclinic.com\/wp-content\/uploads\/2026\/03\/ChatGPT-Image-2026\u5e744\u670823\u65e5-\u4e0b\u534807_48_43-1024x683.png\" alt=\"\" width=\"1024\" height=\"683\" title=\"\" srcset=\"https:\/\/arisinclinic.com\/wp-content\/uploads\/2026\/03\/ChatGPT-Image-2026\u5e744\u670823\u65e5-\u4e0b\u534807_48_43-1024x683.png 1024w, https:\/\/arisinclinic.com\/wp-content\/uploads\/2026\/03\/ChatGPT-Image-2026\u5e744\u670823\u65e5-\u4e0b\u534807_48_43-300x200.png 300w, https:\/\/arisinclinic.com\/wp-content\/uploads\/2026\/03\/ChatGPT-Image-2026\u5e744\u670823\u65e5-\u4e0b\u534807_48_43-768x512.png 768w, https:\/\/arisinclinic.com\/wp-content\/uploads\/2026\/03\/ChatGPT-Image-2026\u5e744\u670823\u65e5-\u4e0b\u534807_48_43-18x12.png 18w, https:\/\/arisinclinic.com\/wp-content\/uploads\/2026\/03\/ChatGPT-Image-2026\u5e744\u670823\u65e5-\u4e0b\u534807_48_43-600x400.png 600w, https:\/\/arisinclinic.com\/wp-content\/uploads\/2026\/03\/ChatGPT-Image-2026\u5e744\u670823\u65e5-\u4e0b\u534807_48_43.png 1536w\" sizes=\"(max-width: 1024px) 100vw, 1024px\" \/><\/p>\n<hr class=\"border-border-200 border-t-0.5 my-3 mx-1.5\" \/>\n<h4 class=\"text-text-100 mt-2 -mb-1 text-base font-bold\">\u8207\u5176\u4ed6\u7642\u7a0b\u7684\u5b9a\u4f4d\u5dee\u7570<\/h4>\n<p><img loading=\"lazy\" decoding=\"async\" class=\"alignnone wp-image-11976 size-full\" src=\"https:\/\/arisinclinic.com\/wp-content\/uploads\/2026\/03\/messageImage_1776942792138-e1776943018785.jpg\" alt=\"\" width=\"1435\" height=\"1166\" title=\"\" srcset=\"https:\/\/arisinclinic.com\/wp-content\/uploads\/2026\/03\/messageImage_1776942792138-e1776943018785.jpg 1435w, https:\/\/arisinclinic.com\/wp-content\/uploads\/2026\/03\/messageImage_1776942792138-e1776943018785-300x244.jpg 300w, https:\/\/arisinclinic.com\/wp-content\/uploads\/2026\/03\/messageImage_1776942792138-e1776943018785-1024x832.jpg 1024w, https:\/\/arisinclinic.com\/wp-content\/uploads\/2026\/03\/messageImage_1776942792138-e1776943018785-768x624.jpg 768w, https:\/\/arisinclinic.com\/wp-content\/uploads\/2026\/03\/messageImage_1776942792138-e1776943018785-15x12.jpg 15w, https:\/\/arisinclinic.com\/wp-content\/uploads\/2026\/03\/messageImage_1776942792138-e1776943018785-600x488.jpg 600w\" sizes=\"(max-width: 1435px) 100vw, 1435px\" \/><\/p>\n<p class=\"font-claude-response-body break-words whitespace-normal leading-[1.7]\"><strong>\u5fae\u91dd\u7b46 vs \u50b3\u7d71\u6efe\u8f2a\u5fae\u91dd\uff1a<\/strong> \u5169\u8005\u96d6\u540c\u70ba\u300c\u5fae\u91dd\u300d\uff0c\u4f46\u4e16\u4ee3\u5dee\u8ddd\u986f\u8457\u3002\u50b3\u7d71\u6efe\u8f2a\u4ee5\u624b\u5de5\u64cd\u4f5c\uff0c5 \u5206\u9418\u5167\u80fd\u5275\u9020\u7684\u5fae\u901a\u9053\u9060\u4e0d\u53ca\u96fb\u52d5\u5fae\u91dd\u7b46\u7684\u6578\u5341\u842c\u500b\uff0c\u4e14\u659c\u89d2\u6efe\u52d5\u65b9\u5f0f\u6703\u5c0d\u76ae\u819a\u9020\u6210\u4e0d\u898f\u5247\u62c9\u626f\uff0c\u6548\u679c\u4e0d\u5747\u4e14\u75bc\u75db\u611f\u8f03\u9ad8\u3002<\/p>\n<hr class=\"border-border-200 border-t-0.5 my-3 mx-1.5\" \/>\n<h4 class=\"text-text-100 mt-2 -mb-1 text-base font-bold\">\u7642\u7a0b\u898f\u5283\u5efa\u8b70<\/h4>\n<p class=\"font-claude-response-body break-words whitespace-normal leading-[1.7]\">\u5404\u9069\u61c9\u75c7\u4e4b\u5efa\u8b70\u9593\u9694\u8207\u6b21\u6578\u5982\u4e0b\uff0c\u5be6\u969b\u898f\u5283\u9700\u7531\u91ab\u5e2b\u4f9d\u500b\u5225\u819a\u6cc1\u8a55\u4f30\uff1a\u75e4\u7621\u75a4\u75d5\u6bcf 6\uff5e8 \u9031\u4e00\u6b21\uff0c\u5efa\u8b70 4\uff5e6 \u6b21\uff1b\u6297\u8001\u518d\u751f\u6bcf 6\uff5e8 \u9031\u4e00\u6b21\uff0c\u5efa\u8b70 4\uff5e8 \u6b21\uff1b\u819a\u8272\u63d0\u4eae\u5747\u52fb\u6bcf 2\uff5e4 \u9031\u4e00\u6b21\uff0c\u5efa\u8b70 4\uff5e6 \u6b21\uff1b\u4e00\u822c\u819a\u8cea\u4fdd\u990a\u6bcf 4\uff5e6 \u9031\u4e00\u6b21\uff0c\u5efa\u8b70 3\uff5e5 \u6b21\u3002<\/p>\n<hr class=\"border-border-200 border-t-0.5 my-3 mx-1.5\" \/>\n<h4 class=\"text-text-100 mt-2 -mb-1 text-base font-bold\">\u8853\u524d\u6e96\u5099\u8207\u8853\u5f8c\u7167\u8b77<\/h4>\n<p class=\"font-claude-response-body break-words whitespace-normal leading-[1.7]\"><strong>\u8853\u524d\uff1a<\/strong> \u6cbb\u7642\u524d\u61c9\u4fdd\u6301\u76ae\u819a\u6e05\u6f54\uff0c\u542b A \u9178\u985e\u6210\u5206\u4e4b\u8b77\u819a\u54c1\u9808\u505c\u7528\u81f3\u5c11 3 \u5929\u3002\u9808\u544a\u77e5\u91ab\u5e2b\u8fd1\u671f\u586b\u5145\u7269\u6ce8\u5c04\u53f2\uff08\u73bb\u5c3f\u9178\u3001\u6676\u4eae\u74f7\u7b49\uff09\u3001\u76ee\u524d\u670d\u7528\u85e5\u7269\uff0c\u4ee5\u53ca\u61f7\u5b55\u6216\u54fa\u4e73\u72c0\u614b\u3002<\/p>\n<p class=\"font-claude-response-body break-words whitespace-normal leading-[1.7]\"><strong>\u8853\u5f8c\uff1a<\/strong> \u6cbb\u7642\u5f8c\u76ae\u819a\u5c24\u5176\u654f\u611f\uff0c\u61c9\u4f7f\u7528\u9ad8\u6548\u9632\u66ec\u7522\u54c1\u4e26\u907f\u514d\u9577\u6642\u9593\u65e5\u66ec\uff0c\u964d\u4f4e\u8272\u7d20\u6c89\u8457\u98a8\u96aa\uff1b\u540c\u6642\u907f\u514d\u64e6\u6d17\u6216\u6469\u64e6\u6cbb\u7642\u90e8\u4f4d\uff0c\u4e26\u9075\u5faa\u91ab\u5e2b\u4e4b\u8853\u5f8c\u8b77\u7406\u6307\u5c0e\u3002\u8853\u5f8c 3 \u5929\u5167\u907f\u514d\u6ce1\u6eab\u6cc9\u3001\u84b8\u6c23\u6d74\u6216\u6e38\u6cf3\uff0c\u4ee5\u6eab\u548c\u6f54\u9762\u54c1\u6e05\u6f54\uff0c\u66ab\u505c\u9178\u985e\u3001\u78e8\u7802\u6216\u9152\u7cbe\u6027\u8b77\u819a\u54c1\u3002<\/p>\n<hr class=\"border-border-200 border-t-0.5 my-3 mx-1.5\" \/>\n<h4 class=\"text-text-100 mt-2 -mb-1 text-base font-bold\">\u7981\u5fcc\u75c7<\/h4>\n<p class=\"font-claude-response-body break-words whitespace-normal leading-[1.7]\">\u6d3b\u52d5\u6027\u75e4\u7621\u6216\u76ae\u819a\u611f\u67d3\u671f\u9593\u3001\u87f9\u8db3\u816b\u9ad4\u8cea\u3001\u56b4\u91cd\u6fd5\u75b9\u6216\u6d3b\u52d5\u6027\u73ab\u7470\u6591\u3001\u76b0\u75b9\u767c\u4f5c\u671f\u3001\u6b63\u5728\u63a5\u53d7\u6297\u51dd\u8840\u85e5\u7269\u6cbb\u7642\u8005\uff0c\u5747\u9700\u7d93\u91ab\u5e2b\u5be9\u614e\u8a55\u4f30\u5f8c\u65b9\u53ef\u5b89\u6392\u7642\u7a0b\u3002\u672a\u6eff 18 \u6b72\u8005\u9808\u7531\u6cd5\u5b9a\u76e3\u8b77\u4eba\u966a\u540c\u4e26\u7c3d\u7f72\u540c\u610f\u66f8\u3002<\/p>\n<hr class=\"border-border-200 border-t-0.5 my-3 mx-1.5\" \/>\n<blockquote class=\"ml-2 border-l-4 border-border-300\/10 pl-4 text-text-300\">\n<p class=\"font-claude-response-body break-words whitespace-normal leading-[1.7]\">\u26a0\ufe0f \u672c\u9801\u5167\u5bb9\u4f9d\u53f0\u7063\u76f8\u95dc\u898f\u7bc4\u63d0\u4f9b\u885b\u6559\u8cc7\u8a0a\uff0c\u4e0d\u4f5c\u70ba\u500b\u5225\u91ab\u7642\u5efa\u8b70\u3002\u9069\u61c9\u75c7\u3001\u7981\u5fcc\u75c7\u53ca\u53ef\u80fd\u526f\u4f5c\u7528\uff0c\u5747\u4ee5\u91ab\u7642\u5668\u6750\u4eff\u55ae\u53ca\u91ab\u5e2b\u89aa\u81ea\u8aaa\u660e\u70ba\u6e96\u3002<\/p>\n<\/blockquote>\n<p class=\"font-claude-response-body break-words whitespace-normal leading-[1.7]\"><strong>\u5982\u9700\u9032\u4e00\u6b65\u4e86\u89e3\u7642\u7a0b\u7d30\u7bc0\u6216\u5b89\u6392\u8aee\u8a62\uff0c\u6b61\u8fce\u806f\u7e6b\u827e\u745e\u8f9b\u8a3a\u6240\u9810\u7d04\u91ab\u5e2b\u8a55\u4f30\u3002<\/strong><\/p>\n","protected":false},"excerpt":{"rendered":"<p>B\u00fat vi kim Dermapen 4 c\u1ee7a Arixin \u0111\u1ea1t \u0111\u01b0\u1ee3c s\u1ef1 c\u00e2n b\u1eb1ng to\u00e0n di\u1ec7n gi\u1eefa ph\u01b0\u01a1ng ph\u00e1p can thi\u1ec7p t\u1ed1i thi\u1ec3u v\u00e0 kh\u1ea3 n\u0103ng t\u00e1i t\u1ea1o t\u1ef1 nhi\u00ean c\u1ee7a c\u01a1 th\u1ec3. S\u1eed d\u1ee5ng c\u00f4ng ngh\u1ec7 rung d\u1ecdc \u0111\u1ed9c quy\u1ec1n, k\u00edch th\u00edch t\u00e1i t\u1ea1o collagen m\u1ed9t c\u00e1ch ch\u00ednh x\u00e1c, gi\u00fap c\u1ea3i thi\u1ec7n hi\u1ec7u qu\u1ea3 c\u00e1c v\u1ea5n \u0111\u1ec1 v\u1ec1 s\u1eb9o l\u00f5m, l\u1ed7 ch\u00e2n l\u00f4ng v\u00e0 n\u1ebfp nh\u0103n. B\u00e1c s\u0129 chuy\u00ean khoa s\u1ebd \u0111i\u1ec1u ch\u1ec9nh \u0111\u1ed9 s\u00e2u \u0111i\u1ec1u tr\u1ecb ph\u00f9 h\u1ee3p v\u1edbi t\u1eebng tr\u01b0\u1eddng h\u1ee3p, mang l\u1ea1i hi\u1ec7u qu\u1ea3 cao, an to\u00e0n v\u00e0 \u00edt \u0111au \u0111\u1edbn trong qu\u00e1 tr\u00ecnh t\u00e1i t\u1ea1o da. H\u00e3y \u0111\u1eb7t l\u1ecbch t\u01b0 v\u1ea5n ngay h\u00f4m nay \u0111\u1ec3 tr\u1ea3i nghi\u1ec7m ph\u00e9p m\u00e0u l\u00e0n da m\u1ecbn m\u00e0ng, tinh t\u1ebf m\u00e0 Dermapen mang l\u1ea1i.<\/p>","protected":false},"featured_media":11057,"comment_status":"open","ping_status":"closed","template":"","meta":{"_acf_changed":false},"product_brand":[],"product_cat":[15,158],"product_tag":[],"class_list":{"0":"post-11056","1":"product","2":"type-product","3":"status-publish","4":"has-post-thumbnail","6":"product_cat-service","7":"product_cat-skin-care-treatments","9":"first","10":"instock","11":"shipping-taxable","12":"product-type-simple"},"acf":[],"_links":{"self":[{"href":"https:\/\/arisinclinic.com\/vi\/wp-json\/wp\/v2\/product\/11056","targetHints":{"allow":["GET"]}}],"collection":[{"href":"https:\/\/arisinclinic.com\/vi\/wp-json\/wp\/v2\/product"}],"about":[{"href":"https:\/\/arisinclinic.com\/vi\/wp-json\/wp\/v2\/types\/product"}],"replies":[{"embeddable":true,"href":"https:\/\/arisinclinic.com\/vi\/wp-json\/wp\/v2\/comments?post=11056"}],"wp:featuredmedia":[{"embeddable":true,"href":"https:\/\/arisinclinic.com\/vi\/wp-json\/wp\/v2\/media\/11057"}],"wp:attachment":[{"href":"https:\/\/arisinclinic.com\/vi\/wp-json\/wp\/v2\/media?parent=11056"}],"wp:term":[{"taxonomy":"product_brand","embeddable":true,"href":"https:\/\/arisinclinic.com\/vi\/wp-json\/wp\/v2\/product_brand?post=11056"},{"taxonomy":"product_cat","embeddable":true,"href":"https:\/\/arisinclinic.com\/vi\/wp-json\/wp\/v2\/product_cat?post=11056"},{"taxonomy":"product_tag","embeddable":true,"href":"https:\/\/arisinclinic.com\/vi\/wp-json\/wp\/v2\/product_tag?post=11056"}],"curies":[{"name":"wp","href":"https:\/\/api.w.org\/{rel}","templated":true}]}}