{"id":11066,"date":"2026-03-20T22:07:21","date_gmt":"2026-03-20T14:07:21","guid":{"rendered":"https:\/\/4t542t4sohxh.wpsite.pro\/?post_type=product&#038;p=11066"},"modified":"2026-04-14T21:44:22","modified_gmt":"2026-04-14T13:44:22","slug":"rejuran","status":"publish","type":"product","link":"https:\/\/arisinclinic.com\/vi\/service\/rejuran\/","title":{"rendered":"Rejuran"},"content":{"rendered":"<p>Rejuran \u2013 th\u01b0\u01a1ng hi\u1ec7u th\u1ea9m m\u1ef9 t\u00e1i t\u1ea1o \u0111ang l\u00e0m m\u01b0a l\u00e0m gi\u00f3 t\u1ea1i H\u00e0n Qu\u1ed1c \u2013 s\u1eed d\u1ee5ng c\u00f4ng ngh\u1ec7 PN (Polynucleotide t\u1eeb tr\u1ee9ng c\u00e1 mu\u1ed1i) \u0111\u00e3 \u0111\u01b0\u1ee3c c\u1ea5p b\u1eb1ng s\u00e1ng ch\u1ebf \u0111\u1ec3 truy\u1ec1n v\u00e0o l\u00e0n da ngu\u1ed3n n\u0103ng l\u01b0\u1ee3ng t\u1ef1 ph\u1ee5c h\u1ed3i m\u1ea1nh m\u1ebd. Quy tr\u00ecnh n\u00e0y v\u01b0\u1ee3t ra kh\u1ecfi khu\u00f4n kh\u1ed5 d\u01b0\u1ee1ng \u1ea9m truy\u1ec1n th\u1ed1ng, th\u00e2m nh\u1eadp tr\u1ef1c ti\u1ebfp v\u00e0o l\u1edbp h\u1ea1 b\u00ec \u0111\u1ec3 k\u00edch ho\u1ea1t qu\u00e1 tr\u00ecnh t\u00e1i t\u1ea1o collagen v\u00e0 ph\u1ee5c h\u1ed3i m\u00f4, t\u1eeb \u0111\u00f3 gi\u1ea3i quy\u1ebft hi\u1ec7u qu\u1ea3 c\u00e1c v\u1ea5n \u0111\u1ec1 nh\u01b0 n\u1ebfp nh\u0103n, l\u1ed7 ch\u00e2n l\u00f4ng to, da ch\u1ea3y x\u1ec7 v\u00e0 nh\u1ea1y c\u1ea3m. B\u1eb1ng c\u00e1ch c\u1ea3i thi\u1ec7n m\u00f4i tr\u01b0\u1eddng vi m\u00f4 c\u1ee7a da, Rejuran gi\u00fap da l\u1ea5y l\u1ea1i \u0111\u1ed9 d\u00e0y v\u00e0 \u0111\u1ed9 \u0111\u00e0n h\u1ed3i. \u0110\u00e2y l\u00e0 ph\u01b0\u01a1ng ph\u00e1p ch\u0103m s\u00f3c da \"\u0111i\u1ec1u tr\u1ecb t\u1eadn g\u1ed1c\" gi\u00fap b\u1ea1n t\u1ea1m bi\u1ec7t c\u00e1c khuy\u1ebft \u0111i\u1ec3m, mang l\u1ea1i l\u00e0n da kh\u1ecfe m\u1ea1nh, c\u0103ng m\u1ecdng v\u00e0 r\u1ea1ng r\u1ee1, gi\u00fap b\u1ea1n l\u01b0u gi\u1eef v\u1ebb \u0111\u1eb9p t\u1ef1 nhi\u00ean thu\u1ea7n khi\u1ebft nh\u1ea5t.<\/p>\n<p><img fetchpriority=\"high\" decoding=\"async\" class=\"alignnone wp-image-11068 size-full\" src=\"https:\/\/arisinclinic.com\/wp-content\/uploads\/2026\/03\/Rejuran-\u9e97\u73e0\u862d3.jpg\" alt=\"Rejuran 3\" width=\"800\" height=\"565\" title=\"\" srcset=\"https:\/\/arisinclinic.com\/wp-content\/uploads\/2026\/03\/Rejuran-\u9e97\u73e0\u862d3.jpg 800w, https:\/\/arisinclinic.com\/wp-content\/uploads\/2026\/03\/Rejuran-\u9e97\u73e0\u862d3-300x212.jpg 300w, https:\/\/arisinclinic.com\/wp-content\/uploads\/2026\/03\/Rejuran-\u9e97\u73e0\u862d3-768x542.jpg 768w, https:\/\/arisinclinic.com\/wp-content\/uploads\/2026\/03\/Rejuran-\u9e97\u73e0\u862d3-600x424.jpg 600w\" sizes=\"(max-width: 800px) 100vw, 800px\" \/><\/p>\n<h3>REJURAN: M\u00e3 t\u00e1i t\u1ea1o da chi\u1ebft xu\u1ea5t t\u1eeb c\u00e1 h\u1ed3i hoang d\u00e3<\/h3>\n<h4>C\u00f4ng ngh\u1ec7 chi\u1ebft xu\u1ea5t DOT\u2122 \u0111\u1ed9c quy\u1ec1n, ngu\u1ed3n n\u0103ng l\u01b0\u1ee3ng t\u00e1i t\u1ea1o DNA tinh khi\u1ebft<\/h4>\n<p>Lizulan l\u00e0 th\u01b0\u01a1ng hi\u1ec7u ti\u00ean phong trong l\u0129nh v\u1ef1c y h\u1ecdc t\u00e1i t\u1ea1o c\u1ee7a H\u00e0n Qu\u1ed1c, v\u1edbi 15 n\u0103m kinh nghi\u1ec7m nghi\u00ean c\u1ee9u v\u00e0 ph\u00e1t tri\u1ec3n. Th\u00f4ng qua c\u00f4ng ngh\u1ec7 DOT\u2122 \u0111\u00e3 \u0111\u01b0\u1ee3c c\u1ea5p b\u1eb1ng s\u00e1ng ch\u1ebf, th\u01b0\u01a1ng hi\u1ec7u n\u00e0y chi\u1ebft xu\u1ea5t m\u1ed9t c\u00e1ch ch\u00ednh x\u00e1c c\u00e1c th\u00e0nh ph\u1ea7n c\u00f3 ngu\u1ed3n g\u1ed1c t\u1eeb DNA c\u00f3 \u0111\u1ed9 tinh khi\u1ebft cao t\u1eeb c\u00e1 h\u1ed3i \u0111\u1ef1c hoang d\u00e3 di c\u01b0 t\u1ea1i s\u00f4ng Namdaecheon, Gangneung, H\u00e0n Qu\u1ed1c. Ch\u1ea5t c\u1ed1t l\u00f5i n\u00e0y c\u00f3 c\u1ea5u tr\u00fac c\u1ef1c k\u1ef3 t\u01b0\u01a1ng \u0111\u1ed3ng v\u1edbi DNA c\u1ee7a con ng\u01b0\u1eddi, s\u1edf h\u1eefu kh\u1ea3 n\u0103ng t\u01b0\u01a1ng th\u00edch sinh h\u1ecdc r\u1ea5t cao, gi\u00fap k\u00edch ho\u1ea1t c\u01a1 ch\u1ebf t\u1ef1 ph\u1ee5c h\u1ed3i c\u1ee7a t\u1ebf b\u00e0o m\u1ed9t c\u00e1ch an to\u00e0n v\u00e0 hi\u1ec7u qu\u1ea3.<\/p>\n<p><img decoding=\"async\" class=\"alignnone wp-image-11069 size-full\" src=\"https:\/\/arisinclinic.com\/wp-content\/uploads\/2026\/03\/Rejuran-\u9e97\u73e0\u862d5.jpg\" alt=\"Rejuran 5\" width=\"800\" height=\"709\" title=\"\" srcset=\"https:\/\/arisinclinic.com\/wp-content\/uploads\/2026\/03\/Rejuran-\u9e97\u73e0\u862d5.jpg 800w, https:\/\/arisinclinic.com\/wp-content\/uploads\/2026\/03\/Rejuran-\u9e97\u73e0\u862d5-300x266.jpg 300w, https:\/\/arisinclinic.com\/wp-content\/uploads\/2026\/03\/Rejuran-\u9e97\u73e0\u862d5-768x681.jpg 768w, https:\/\/arisinclinic.com\/wp-content\/uploads\/2026\/03\/Rejuran-\u9e97\u73e0\u862d5-600x532.jpg 600w\" sizes=\"(max-width: 800px) 100vw, 800px\" \/><\/p>\n<h4>S\u1ef1 k\u1ebft h\u1ee3p hai t\u00e1c d\u1ee5ng c\u1ee7a PDRN v\u00e0 PN, ph\u1ee5c h\u1ed3i v\u00e0 c\u1ee7ng c\u1ed1 to\u00e0n di\u1ec7n<\/h4>\n<p>Quy tr\u00ecnh n\u00e0y k\u1ebft h\u1ee3p hai th\u00e0nh ph\u1ea7n ch\u00ednh, t\u00e1c \u0111\u1ed9ng song song \u0111\u1ec3 t\u00e1i t\u1ea1o m\u00f4i tr\u01b0\u1eddng vi m\u00f4 l\u00e0nh m\u1ea1nh cho l\u00e0n da t\u1eeb b\u00ean trong ra b\u00ean ngo\u00e0i.:<\/p>\n<ul>\n<li>PDRN (ph\u00e2n t\u1eed nh\u1ecf): Ho\u1ea1t \u0111\u1ed9ng \u1edf l\u1edbp da b\u1ec1 m\u1eb7t, chuy\u00ean \u0111i\u1ec1u ch\u1ec9nh t\u00ecnh tr\u1ea1ng da, ph\u1ee5c h\u1ed3i c\u00e1c v\u00f9ng da b\u1ecb t\u1ed5n th\u01b0\u01a1ng c\u1ee5c b\u1ed9 v\u00e0 ch\u1ed1ng vi\u00eam<\/li>\n<li>PN (ph\u00e2n t\u1eed l\u1edbn): T\u00e1c \u0111\u1ed9ng \u0111\u1ebfn l\u1edbp h\u1ea1 b\u00ec s\u00e2u, cung c\u1ea5p s\u1ef1 h\u1ed7 tr\u1ee3 v\u1eadt l\u00fd nh\u1edd c\u00e1c chu\u1ed7i d\u00e0i, gi\u00fap t\u0103ng c\u01b0\u1eddng \u0111\u1ed9 \u0111\u00e0n h\u1ed3i v\u00e0 s\u1ef1 \u1ed5n \u0111\u1ecbnh c\u1ea5u tr\u00fac c\u1ee7a da<\/li>\n<\/ul>\n<p><img decoding=\"async\" class=\"alignnone wp-image-11071 size-full\" src=\"https:\/\/arisinclinic.com\/wp-content\/uploads\/2026\/03\/Rejuran-\u9e97\u73e0\u862d6.jpg\" alt=\"Rejuran 6\" width=\"800\" height=\"559\" title=\"\" srcset=\"https:\/\/arisinclinic.com\/wp-content\/uploads\/2026\/03\/Rejuran-\u9e97\u73e0\u862d6.jpg 800w, https:\/\/arisinclinic.com\/wp-content\/uploads\/2026\/03\/Rejuran-\u9e97\u73e0\u862d6-300x210.jpg 300w, https:\/\/arisinclinic.com\/wp-content\/uploads\/2026\/03\/Rejuran-\u9e97\u73e0\u862d6-768x537.jpg 768w, https:\/\/arisinclinic.com\/wp-content\/uploads\/2026\/03\/Rejuran-\u9e97\u73e0\u862d6-600x419.jpg 600w\" sizes=\"(max-width: 800px) 100vw, 800px\" \/><\/p>\n<h3>REJURAN ra m\u1eaft s\u1ea3n ph\u1ea9m m\u1edbi t\u1ea1i \u0110\u00e0i Loan: D\u00f2ng s\u1ea3n ph\u1ea9m PDRN Booster Water Glow<\/h3>\n<p>D\u00f2ng s\u1ea3n ph\u1ea9m PDRN Booster m\u1edbi ra m\u1eaft \u0111\u01b0\u1ee3c thi\u1ebft k\u1ebf ri\u00eang cho c\u00e1c v\u1ea5n \u0111\u1ec1 da \u0111a d\u1ea1ng c\u1ee7a ng\u01b0\u1eddi hi\u1ec7n \u0111\u1ea1i, gi\u00fap li\u1ec7u tr\u00ecnh d\u01b0\u1ee1ng da s\u00e1ng m\u1ecbn kh\u00f4ng ch\u1ec9 \u0111\u01a1n thu\u1ea7n l\u00e0 c\u1ea5p \u1ea9m, m\u00e0 c\u00f2n l\u00e0 qu\u00e1 tr\u00ecnh t\u00e1i t\u1ea1o da \u1edf m\u1ee9c \u0111\u1ed9 \u201c\u0111i\u1ec1u tr\u1ecb\u201d.<\/p>\n<ul>\n<li>PDRN White Porcelain Glow: Gi\u1ea3i quy\u1ebft t\u00ecnh tr\u1ea1ng da x\u1ec9n m\u00e0u v\u00e0 kh\u00f4ng \u0111\u1ec1u m\u00e0u, mang l\u1ea1i l\u00e0n da s\u00e1ng m\u1ecbn, trong su\u1ed1t<\/li>\n<li>PDRN Water Glow Repair: \u0110\u01b0\u1ee3c thi\u1ebft k\u1ebf d\u00e0nh ri\u00eang cho l\u00e0n da b\u1ecb t\u1ed5n th\u01b0\u01a1ng v\u00e0 nh\u1ea1y c\u1ea3m, gi\u00fap t\u0103ng c\u01b0\u1eddng kh\u1ea3 n\u0103ng t\u1ef1 ph\u1ee5c h\u1ed3i c\u1ee7a h\u00e0ng r\u00e0o b\u1ea3o v\u1ec7 da<\/li>\n<\/ul>\n<p><img loading=\"lazy\" decoding=\"async\" class=\"alignnone wp-image-11070 size-full\" src=\"https:\/\/arisinclinic.com\/wp-content\/uploads\/2026\/03\/Rejuran-\u9e97\u73e0\u862d4.jpg\" alt=\"Rejuran 4\" width=\"800\" height=\"1131\" title=\"\" srcset=\"https:\/\/arisinclinic.com\/wp-content\/uploads\/2026\/03\/Rejuran-\u9e97\u73e0\u862d4.jpg 800w, https:\/\/arisinclinic.com\/wp-content\/uploads\/2026\/03\/Rejuran-\u9e97\u73e0\u862d4-212x300.jpg 212w, https:\/\/arisinclinic.com\/wp-content\/uploads\/2026\/03\/Rejuran-\u9e97\u73e0\u862d4-724x1024.jpg 724w, https:\/\/arisinclinic.com\/wp-content\/uploads\/2026\/03\/Rejuran-\u9e97\u73e0\u862d4-768x1086.jpg 768w, https:\/\/arisinclinic.com\/wp-content\/uploads\/2026\/03\/Rejuran-\u9e97\u73e0\u862d4-600x848.jpg 600w\" sizes=\"(max-width: 800px) 100vw, 800px\" \/><\/p>\n<h3>Ba t\u00e1c d\u1ee5ng ch\u00ednh c\u1ee7a Skin Booster t\u1eeb L\u00eczhu Lan<\/h3>\n<h4>Ph\u1ee5c h\u1ed3i l\u00e0n da b\u1ecb t\u1ed5n th\u01b0\u01a1ng<\/h4>\n<ul>\n<li>Gi\u00fap c\u1ea3i thi\u1ec7n c\u00e1c v\u1ea5n \u0111\u1ec1 nh\u01b0 da kh\u00f4, \u1eedng \u0111\u1ecf v\u00e0 nh\u1ea1y c\u1ea3m<\/li>\n<li>T\u0103ng c\u01b0\u1eddng h\u00e0ng r\u00e0o b\u1ea3o v\u1ec7 da, \u1ed5n \u0111\u1ecbnh t\u00ecnh tr\u1ea1ng da<\/li>\n<\/ul>\n<h4>Gi\u1ea3m thi\u1ec3u n\u1ebfp nh\u0103n v\u00e0 v\u1ebft ch\u00e2n chim<\/h4>\n<ul>\n<li>D\u00f9ng cho c\u00e1c v\u00f9ng da nh\u1ea1y c\u1ea3m nh\u01b0 v\u00f9ng quanh m\u1eaft, kh\u00f3e mi\u1ec7ng, v.v.<\/li>\n<li>L\u00e0m m\u1edd n\u1ebfp nh\u0103n, ph\u1ee5c h\u1ed3i l\u00e0n da m\u1ecbn m\u00e0ng v\u00e0 s\u0103n ch\u1eafc<\/li>\n<\/ul>\n<h4>T\u0103ng c\u01b0\u1eddng kh\u1ea3 n\u0103ng d\u01b0\u1ee1ng \u1ea9m v\u00e0 \u0111\u1ed9 b\u00f3ng<\/h4>\n<ul>\n<li>Cung c\u1ea5p v\u00e0 kh\u00f3a \u1ea9m, t\u0103ng c\u01b0\u1eddng \u0111\u1ed9 \u1ea9m cho da<\/li>\n<li>L\u00e0n da tr\u00f4ng s\u00e1ng h\u01a1n v\u00e0 m\u1ecbn m\u00e0ng h\u01a1n<\/li>\n<\/ul>\n<p><img loading=\"lazy\" decoding=\"async\" class=\"alignnone wp-image-11072 size-full\" src=\"https:\/\/arisinclinic.com\/wp-content\/uploads\/2026\/03\/Rejuran-\u9e97\u73e0\u862d2.jpg\" alt=\"Rejuran 2\" width=\"800\" height=\"1122\" title=\"\" srcset=\"https:\/\/arisinclinic.com\/wp-content\/uploads\/2026\/03\/Rejuran-\u9e97\u73e0\u862d2.jpg 800w, https:\/\/arisinclinic.com\/wp-content\/uploads\/2026\/03\/Rejuran-\u9e97\u73e0\u862d2-214x300.jpg 214w, https:\/\/arisinclinic.com\/wp-content\/uploads\/2026\/03\/Rejuran-\u9e97\u73e0\u862d2-730x1024.jpg 730w, https:\/\/arisinclinic.com\/wp-content\/uploads\/2026\/03\/Rejuran-\u9e97\u73e0\u862d2-768x1077.jpg 768w, https:\/\/arisinclinic.com\/wp-content\/uploads\/2026\/03\/Rejuran-\u9e97\u73e0\u862d2-600x842.jpg 600w\" sizes=\"(max-width: 800px) 100vw, 800px\" \/><\/p>\n<h3>L\u00e0m th\u1ebf n\u00e0o \u0111\u1ec3 nh\u1eadn bi\u1ebft h\u00e0ng ch\u00ednh h\u00e3ng c\u1ee7a L\u00eczhu L\u00e1n? Ba b\u01b0\u1edbc \u0111\u1ec3 x\u00e1c nh\u1eadn nhanh ch\u00f3ng!<\/h3>\n<p>Ch\u1ecdn \u0111\u00fang h\u00e0ng ch\u00ednh h\u00e3ng \u0111\u1ec3 y\u00ean t\u00e2m b\u1ea3o qu\u1ea3n. D\u01b0\u1edbi \u0111\u00e2y l\u00e0 ba \u0111i\u1ec3m gi\u00fap b\u1ea1n nhanh ch\u00f3ng nh\u1eadn bi\u1ebft s\u1ea3n ph\u1ea9m Lizulan ch\u00ednh h\u00e3ng:<\/p>\n<ol>\n<li>Th\u00f4ng tin nh\u00e3n m\u00e1c b\u1eb1ng ti\u1ebfng Trung ph\u1ea3i \u0111\u1ea7y \u0111\u1ee7: Tr\u00ean bao b\u00ec b\u00ean ngo\u00e0i ph\u1ea3i ghi r\u00f5 t\u00ean s\u1ea3n ph\u1ea9m, c\u00f4ng d\u1ee5ng, c\u00e1ch s\u1eed d\u1ee5ng, c\u00e1ch b\u1ea3o qu\u1ea3n, h\u1ea1n s\u1eed d\u1ee5ng v\u00e0 th\u00e0nh ph\u1ea7n \u0111\u1ea7y \u0111\u1ee7 b\u1eb1ng ti\u1ebfng Trung.<\/li>\n<li>Nh\u00e3n ch\u1ed1ng gi\u1ea3 m\u00e0u xanh l\u00e1 c\u00e2y: Nh\u00e3n ch\u1ed1ng gi\u1ea3 m\u00e0u xanh l\u00e1 c\u00e2y \u0111\u1ed9c quy\u1ec1n c\u1ee7a nh\u00e0 s\u1ea3n xu\u1ea5t H\u00e0n Qu\u1ed1c, l\u00e0 h\u00e0ng r\u00e0o b\u1ea3o v\u1ec7 \u0111\u1ea7u ti\u00ean \u0111\u01b0\u1ee3c nh\u00e0 s\u1ea3n xu\u1ea5t ch\u1ee9ng nh\u1eadn.<\/li>\n<li>Nh\u00e3n d\u00e1n ni\u00eam phong b\u1eb1ng tia laser (nh\u00e3n ch\u1ed1ng l\u00e0m gi\u1ea3 b\u1eb1ng tia laser): In d\u00f2ng ch\u1eef \u201cH\u00e0ng ch\u00ednh h\u00e3ng\u201d, khi xoay s\u1ebd hi\u1ec7n l\u00ean ch\u1eef T, s\u1edd v\u00e0o c\u00f3 c\u1ea3m gi\u00e1c n\u1ed5i 3D, kh\u00f4ng c\u00f3 v\u1ebft h\u01b0 h\u1ecfng hay d\u1ea5u hi\u1ec7u \u0111\u00e3 m\u1edf ni\u00eam phong<\/li>\n<\/ol>\n<p>\u26a0\ufe0f N\u1ebfu s\u1ea3n ph\u1ea9m kh\u00f4ng c\u00f3 nh\u00e3n m\u00e1c nh\u01b0 tr\u00ean ho\u1eb7c gi\u00e1 qu\u00e1 r\u1ebb, h\u00e3y c\u1ea3nh gi\u00e1c v\u00e0 tr\u00e1nh s\u1eed d\u1ee5ng c\u00e1c s\u1ea3n ph\u1ea9m kh\u00f4ng r\u00f5 ngu\u1ed3n g\u1ed1c.<\/p>","protected":false},"excerpt":{"rendered":"<p>Rejuran, \u0111\u1ea1t \u0111\u01b0\u1ee3c s\u1ef1 c\u00e2n b\u1eb1ng to\u00e0n di\u1ec7n gi\u1eefa t\u00e1i t\u1ea1o t\u1ebf b\u00e0o v\u00e0 v\u1ebb \u0111\u1eb9p t\u1ef1 nhi\u00ean. S\u1eed d\u1ee5ng th\u00e0nh ph\u1ea7n PN \u0111\u1ed9c quy\u1ec1n t\u00e1c \u0111\u1ed9ng tr\u1ef1c ti\u1ebfp v\u00e0o l\u1edbp h\u1ea1 b\u00ec \u0111\u1ec3 ph\u1ee5c h\u1ed3i t\u1ed5n th\u01b0\u01a1ng, t\u0103ng c\u01b0\u1eddng ch\u00ednh x\u00e1c h\u00e0ng r\u00e0o b\u1ea3o v\u1ec7 da, c\u1ea3i thi\u1ec7n l\u1ed7 ch\u00e2n l\u00f4ng, n\u1ebfp nh\u0103n v\u00e0 c\u00e2n b\u1eb1ng \u0111\u1ed9 \u1ea9m. \u0110\u01b0\u1ee3c c\u00e1c b\u00e1c s\u0129 chuy\u00ean khoa th\u1ef1c hi\u1ec7n ri\u00eang cho v\u00f9ng m\u1eaft v\u00e0 to\u00e0n m\u1eb7t, mang l\u1ea1i l\u00e0n da s\u00e1ng m\u1ecbn v\u00e0 s\u0103n ch\u1eafc t\u1eeb trong ra ngo\u00e0i. H\u00e3y \u0111\u1eb7t l\u1ecbch t\u01b0 v\u1ea5n ngay \u0111\u1ec3 tr\u1ea3i nghi\u1ec7m ph\u00e9p m\u00e0u t\u00e1i sinh l\u00e0n da t\u1eeb tinh ch\u1ea5t tr\u1ee9ng c\u00e1 mu\u1ed1i.<\/p>","protected":false},"featured_media":11067,"comment_status":"open","ping_status":"closed","template":"","meta":{"_acf_changed":false},"product_brand":[],"product_cat":[15,158],"product_tag":[],"class_list":{"0":"post-11066","1":"product","2":"type-product","3":"status-publish","4":"has-post-thumbnail","6":"product_cat-service","7":"product_cat-skin-care-treatments","9":"first","10":"instock","11":"shipping-taxable","12":"product-type-simple"},"acf":[],"_links":{"self":[{"href":"https:\/\/arisinclinic.com\/vi\/wp-json\/wp\/v2\/product\/11066","targetHints":{"allow":["GET"]}}],"collection":[{"href":"https:\/\/arisinclinic.com\/vi\/wp-json\/wp\/v2\/product"}],"about":[{"href":"https:\/\/arisinclinic.com\/vi\/wp-json\/wp\/v2\/types\/product"}],"replies":[{"embeddable":true,"href":"https:\/\/arisinclinic.com\/vi\/wp-json\/wp\/v2\/comments?post=11066"}],"wp:featuredmedia":[{"embeddable":true,"href":"https:\/\/arisinclinic.com\/vi\/wp-json\/wp\/v2\/media\/11067"}],"wp:attachment":[{"href":"https:\/\/arisinclinic.com\/vi\/wp-json\/wp\/v2\/media?parent=11066"}],"wp:term":[{"taxonomy":"product_brand","embeddable":true,"href":"https:\/\/arisinclinic.com\/vi\/wp-json\/wp\/v2\/product_brand?post=11066"},{"taxonomy":"product_cat","embeddable":true,"href":"https:\/\/arisinclinic.com\/vi\/wp-json\/wp\/v2\/product_cat?post=11066"},{"taxonomy":"product_tag","embeddable":true,"href":"https:\/\/arisinclinic.com\/vi\/wp-json\/wp\/v2\/product_tag?post=11066"}],"curies":[{"name":"wp","href":"https:\/\/api.w.org\/{rel}","templated":true}]}}