{"id":11074,"date":"2026-03-21T21:37:46","date_gmt":"2026-03-21T13:37:46","guid":{"rendered":"https:\/\/4t542t4sohxh.wpsite.pro\/?post_type=product&#038;p=11074"},"modified":"2026-04-23T18:12:55","modified_gmt":"2026-04-23T10:12:55","slug":"iv-therapy","status":"publish","type":"product","link":"https:\/\/arisinclinic.com\/vi\/service\/iv-therapy\/","title":{"rendered":"IV Therapy - Tr\u1ecb li\u1ec7u truy\u1ec1n t\u0129nh m\u1ea1ch ph\u1ee5c h\u1ed3i s\u1eafc \u0111\u1eb9p"},"content":{"rendered":"<h3>Ch\u01b0\u01a1ng tr\u00ecnh dinh d\u01b0\u1ee1ng t\u0129nh m\u1ea1ch: Ki\u1ebfn th\u1ee9c c\u01a1 b\u1ea3n v\u1ec1 c\u00e1c th\u00e0nh ph\u1ea7n ch\u00ednh<\/h3>\n<p>Ph\u1ee5c h\u1ed3i v\u1ebb \u0111\u1eb9p, t\u1eeb trong ra ngo\u00e0i. D\u1ecbch truy\u1ec1n dinh d\u01b0\u1ee1ng t\u0129nh m\u1ea1ch gi\u00fap b\u1ecf qua qu\u00e1 tr\u00ecnh h\u1ea5p thu qua \u0111\u01b0\u1eddng ti\u00eau h\u00f3a, \u0111\u01b0a c\u00e1c th\u00e0nh ph\u1ea7n hi\u1ec7u qu\u1ea3 cao tr\u1ef1c ti\u1ebfp \u0111\u1ebfn nh\u1eefng n\u01a1i c\u01a1 th\u1ec3 c\u1ea7n. D\u01b0\u1edbi \u0111\u00e2y l\u00e0 c\u00e1c th\u00e0nh ph\u1ea7n ch\u00ednh gi\u00fap ph\u1ee5c h\u1ed3i v\u00e0 l\u00e0m \u0111\u1eb9p \u0111\u01b0\u1ee3c Arixin l\u1ef1a ch\u1ecdn k\u1ef9 l\u01b0\u1ee1ng:<\/p>\n<h4>1. Amino Acid S \u2014\u2014 N\u1ec1n t\u1ea3ng c\u1ea5u tr\u00fac c\u1ee7a collagen<\/h4>\n<p>Aminole S cung c\u1ea5p c\u00e1c \u201caxit amin thi\u1ebft y\u1ebfu\u201d m\u00e0 c\u01a1 th\u1ec3 kh\u00f4ng th\u1ec3 t\u1ef1 t\u1ed5ng h\u1ee3p \u0111\u01b0\u1ee3c. \u0110\u00e2y l\u00e0 nguy\u00ean li\u1ec7u c\u01a1 b\u1ea3n nh\u1ea5t \u0111\u1ec3 t\u1ed5ng h\u1ee3p collagen, gi\u00fap ph\u1ee5c h\u1ed3i m\u00f4, duy tr\u00ec \u0111\u1ed9 \u0111\u00e0n h\u1ed3i v\u00e0 \u0111\u1ed9 s\u0103n ch\u1eafc cho l\u00e0n da.<\/p>\n<h4>2. Nobel (High-C) \u2014\u2014 Chuy\u00ean gia l\u00e0m tr\u1eafng da ch\u1ed1ng oxy h\u00f3a<\/h4>\n<p>Ch\u1ee9a h\u00e0m l\u01b0\u1ee3ng vitamin C cao, l\u00e0 ch\u1ea5t ch\u1ed1ng oxy h\u00f3a m\u1ea1nh m\u1ebd. Th\u00e0nh ph\u1ea7n n\u00e0y gi\u00fap \u1ee9c ch\u1ebf s\u1ef1 t\u00edch t\u1ee5 melanin v\u00e0 h\u1ed7 tr\u1ee3 qu\u00e1 tr\u00ecnh s\u1ea3n sinh collagen, \u0111\u00f3ng vai tr\u00f2 then ch\u1ed1t trong vi\u1ec7c mang l\u1ea1i l\u00e0n da s\u00e1ng m\u1ecbn, xua tan t\u00ecnh tr\u1ea1ng x\u1ec9n m\u00e0u.<\/p>\n<h4>3. Ginkgo Biloba \u2014 B\u00ed quy\u1ebft cho l\u00e0n da h\u1ed3ng h\u00e0o<\/h4>\n<p>Chi\u1ebft xu\u1ea5t t\u1eeb l\u00e1 c\u00e2y b\u1ea1ch qu\u1ea3, gi\u00fap th\u00fac \u0111\u1ea9y hi\u1ec7u qu\u1ea3 qu\u00e1 tr\u00ecnh l\u01b0u th\u00f4ng m\u00e1u trong c\u00e1c mao m\u1ea1ch. Khi tu\u1ea7n ho\u00e0n m\u00e1u \u0111\u01b0\u1ee3c c\u1ea3i thi\u1ec7n, oxy v\u00e0 d\u01b0\u1ee1ng ch\u1ea5t s\u1ebd \u0111\u01b0\u1ee3c v\u1eadn chuy\u1ec3n \u0111\u1ebfn c\u00e1c v\u00f9ng da xa m\u1ed9t c\u00e1ch thu\u1eadn l\u1ee3i, gi\u00fap l\u00e0n da to\u00e1t l\u00ean v\u1ebb h\u1ed3ng h\u00e0o t\u1ef1 nhi\u00ean nh\u01b0 qu\u1ea3 t\u00e1o.<\/p>\n<h4>4. Meijiu Olin (Vitamin B Complex) \u2014\u2014 Ch\u1ea5t k\u00edch th\u00edch s\u1ee9c kh\u1ecfe v\u00e0 qu\u00e1 tr\u00ecnh trao \u0111\u1ed5i ch\u1ea5t<\/h4>\n<p>S\u1ea3n ph\u1ea9m ch\u1ee9a h\u00e0m l\u01b0\u1ee3ng cao vitamin nh\u00f3m B, l\u00e0 c\u00e1c coenzyme quan tr\u1ecdng trong qu\u00e1 tr\u00ecnh chuy\u1ec3n h\u00f3a n\u0103ng l\u01b0\u1ee3ng c\u1ee7a c\u01a1 th\u1ec3. S\u1ea3n ph\u1ea9m gi\u00fap t\u0103ng c\u01b0\u1eddng tinh th\u1ea7n, gi\u1ea3m c\u1ea3m gi\u00e1c m\u1ec7t m\u1ecfi v\u00e0 k\u00edch th\u00edch ch\u1ee9c n\u0103ng chuy\u1ec3n h\u00f3a c\u1ee7a c\u00e1c t\u1ebf b\u00e0o tr\u00ean to\u00e0n c\u01a1 th\u1ec3, gi\u00fap b\u1ea1n tr\u00e0n \u0111\u1ea7y n\u0103ng l\u01b0\u1ee3ng t\u1eeb b\u00ean trong ra b\u00ean ngo\u00e0i.<\/p>\n<h4>5. H\u1ed7 tr\u1ee3 gan (Liver Support) \u2014\u2014 Ng\u01b0\u1eddi b\u1ea3o v\u1ec7 qu\u00e1 tr\u00ecnh thanh l\u1ecdc c\u01a1 th\u1ec3<\/h4>\n<p>T\u1eadp trung v\u00e0o vi\u1ec7c b\u1ea3o v\u1ec7 ch\u1ee9c n\u0103ng gan, t\u0103ng c\u01b0\u1eddng kh\u1ea3 n\u0103ng th\u1ea3i \u0111\u1ed9c v\u00e0 chuy\u1ec3n h\u00f3a c\u1ee7a gan. Khi c\u00e1c ch\u1ea5t th\u1ea3i v\u00e0 \u0111\u1ed9c t\u1ed1 trong c\u01a1 th\u1ec3 \u0111\u01b0\u1ee3c chuy\u1ec3n h\u00f3a hi\u1ec7u qu\u1ea3, l\u00e0n da s\u1ebd t\u1ef1 nhi\u00ean tr\u1edf n\u00ean trong s\u00e1ng, \u1ed5n \u0111\u1ecbnh v\u00e0 \u00edt b\u1ecb m\u1ee5n.<\/p>\n<h4>6. Tranexamic Acid \u2014\u2014 Ch\u1ea5t \u1ee9c ch\u1ebf m\u1ea1nh m\u1ebd s\u1ef1 h\u00ecnh th\u00e0nh melanin<\/h4>\n<p>\u0110\u00f3 ch\u00ednh l\u00e0 \u201cTranexamic acid\u201d \u2013 m\u1ed9t th\u00e0nh ph\u1ea7n n\u1ed5i ti\u1ebfng trong gi\u1edbi y h\u1ecdc. Ch\u1ea5t n\u00e0y c\u00f3 kh\u1ea3 n\u0103ng \u1ee9c ch\u1ebf hi\u1ec7u qu\u1ea3 qu\u00e1 tr\u00ecnh k\u00edch ho\u1ea1t t\u1ebf b\u00e0o h\u1eafc t\u1ed1 do tia c\u1ef1c t\u00edm ho\u1eb7c vi\u00eam nhi\u1ec5m g\u00e2y ra, v\u00e0 l\u00e0 th\u00e0nh ph\u1ea7n ch\u1ee7 ch\u1ed1t gi\u00fap c\u1ea3i thi\u1ec7n c\u00e1c v\u1ebft th\u00e2m, n\u00e1m da v\u00e0 t\u00ecnh tr\u1ea1ng t\u0103ng s\u1eafc t\u1ed1 sau ph\u1eabu thu\u1eadt.<\/p>\n<h4>7. K\u1ebdm sulfat (Zinc) \u2014\u2014 Ch\u00eca kh\u00f3a cho kh\u1ea3 n\u0103ng ph\u1ee5c h\u1ed3i v\u00e0 h\u1ec7 mi\u1ec5n d\u1ecbch<\/h4>\n<p>K\u1ebdm l\u00e0 m\u1ed9t nguy\u00ean t\u1ed1 vi l\u01b0\u1ee3ng kh\u00f4ng th\u1ec3 thi\u1ebfu trong vi\u1ec7c duy tr\u00ec kh\u1ea3 n\u0103ng ph\u1ee5c h\u1ed3i c\u1ee7a da v\u00e0 th\u00fac \u0111\u1ea9y qu\u00e1 tr\u00ecnh l\u00e0nh v\u1ebft th\u01b0\u01a1ng. N\u00f3 gi\u00fap duy tr\u00ec h\u1ec7 mi\u1ec5n d\u1ecbch kh\u1ecfe m\u1ea1nh cho da, t\u1eeb \u0111\u00f3 gi\u00fap qu\u00e1 tr\u00ecnh ph\u1ee5c h\u1ed3i da b\u1ecb t\u1ed5n th\u01b0\u01a1ng di\u1ec5n ra su\u00f4n s\u1ebb h\u01a1n.<\/p>\n<h3>L\u1eddi khuy\u00ean chuy\u00ean m\u00f4n t\u1eeb Arixin<\/h3>\n<p>Ch\u01b0\u01a1ng tr\u00ecnh truy\u1ec1n dinh d\u01b0\u1ee1ng t\u0129nh m\u1ea1ch c\u1ea7n \u0111\u01b0\u1ee3c b\u00e1c s\u0129 \u0111i\u1ec1u ch\u1ec9nh c\u00f4ng th\u1ee9c ph\u00f9 h\u1ee3p v\u1edbi th\u1ec3 tr\u1ea1ng v\u00e0 t\u00ecnh tr\u1ea1ng da c\u1ee7a t\u1eebng ng\u01b0\u1eddi (v\u00ed d\u1ee5: ph\u1ee5c h\u1ed3i sau ph\u1eabu thu\u1eadt, m\u1ec7t m\u1ecfi do th\u1ee9c khuya, nhu c\u1ea7u l\u00e0m tr\u1eafng da). Ch\u00fang t\u00f4i khuy\u00ean b\u1ea1n n\u00ean l\u1ef1a ch\u1ecdn ph\u01b0\u01a1ng \u00e1n truy\u1ec1n dinh d\u01b0\u1ee1ng ph\u00f9 h\u1ee3p nh\u1ea5t sau khi \u0111\u01b0\u1ee3c t\u01b0 v\u1ea5n chuy\u00ean s\u00e2u, \u0111\u1ec3 mang l\u1ea1i hi\u1ec7u qu\u1ea3 th\u1ea9m m\u1ef9 ch\u00ednh x\u00e1c v\u00e0 b\u1ec1n v\u1eefng h\u01a1n.<\/p>","protected":false},"excerpt":{"rendered":"<p>Li\u1ec7u tr\u00ecnh dinh d\u01b0\u1ee1ng t\u0129nh m\u1ea1ch t\u1ea1i Ph\u00f2ng kh\u00e1m Ariesin mang l\u1ea1i s\u1ef1 c\u00e2n b\u1eb1ng to\u00e0n di\u1ec7n gi\u1eefa vi\u1ec7c b\u1ed5 sung dinh d\u01b0\u1ee1ng v\u00e0 ph\u1ee5c h\u1ed3i l\u00e0n da. S\u1eed d\u1ee5ng c\u00e1c th\u00e0nh ph\u1ea7n \u0111\u01b0\u1ee3c l\u1ef1a ch\u1ecdn k\u1ef9 l\u01b0\u1ee1ng nh\u01b0 Vitamin C tinh khi\u1ebft \u0111\u1ea1t gi\u1ea3i Nobel, Tranexamic Acid, c\u00e1c axit amin v\u00e0 chi\u1ebft xu\u1ea5t t\u1eeb c\u00e2y b\u1ea1ch qu\u1ea3, ch\u00fang t\u00f4i thi\u1ebft k\u1ebf ri\u00eang c\u00e1c ph\u00e1c \u0111\u1ed3 truy\u1ec1n t\u0129nh m\u1ea1ch gi\u00fap l\u00e0m s\u00e1ng da v\u00e0 th\u00fac \u0111\u1ea9y qu\u00e1 tr\u00ecnh trao \u0111\u1ed5i ch\u1ea5t. D\u01b0\u1edbi s\u1ef1 gi\u00e1m s\u00e1t c\u1ee7a \u0111\u1ed9i ng\u0169 y t\u1ebf chuy\u00ean nghi\u1ec7p, ch\u00fang t\u00f4i mang \u0111\u1ebfn tr\u1ea3i nghi\u1ec7m l\u00e0m \u0111\u1eb9p v\u00e0 ph\u1ee5c h\u1ed3i an to\u00e0n, hi\u1ec7u qu\u1ea3. H\u00e3y li\u00ean h\u1ec7 ngay \u0111\u1ec3 b\u1eaft \u0111\u1ea7u h\u00e0nh tr\u00ecnh mang l\u1ea1i l\u00e0n da s\u00e1ng m\u1ecbn, h\u1ed3ng h\u00e0o t\u1eeb b\u00ean trong ra b\u00ean ngo\u00e0i.<\/p>","protected":false},"featured_media":11964,"comment_status":"open","ping_status":"closed","template":"","meta":{"_acf_changed":false},"product_brand":[],"product_cat":[15,158],"product_tag":[],"class_list":{"0":"post-11074","1":"product","2":"type-product","3":"status-publish","4":"has-post-thumbnail","6":"product_cat-service","7":"product_cat-skin-care-treatments","9":"first","10":"instock","11":"shipping-taxable","12":"product-type-simple"},"acf":[],"_links":{"self":[{"href":"https:\/\/arisinclinic.com\/vi\/wp-json\/wp\/v2\/product\/11074","targetHints":{"allow":["GET"]}}],"collection":[{"href":"https:\/\/arisinclinic.com\/vi\/wp-json\/wp\/v2\/product"}],"about":[{"href":"https:\/\/arisinclinic.com\/vi\/wp-json\/wp\/v2\/types\/product"}],"replies":[{"embeddable":true,"href":"https:\/\/arisinclinic.com\/vi\/wp-json\/wp\/v2\/comments?post=11074"}],"wp:featuredmedia":[{"embeddable":true,"href":"https:\/\/arisinclinic.com\/vi\/wp-json\/wp\/v2\/media\/11964"}],"wp:attachment":[{"href":"https:\/\/arisinclinic.com\/vi\/wp-json\/wp\/v2\/media?parent=11074"}],"wp:term":[{"taxonomy":"product_brand","embeddable":true,"href":"https:\/\/arisinclinic.com\/vi\/wp-json\/wp\/v2\/product_brand?post=11074"},{"taxonomy":"product_cat","embeddable":true,"href":"https:\/\/arisinclinic.com\/vi\/wp-json\/wp\/v2\/product_cat?post=11074"},{"taxonomy":"product_tag","embeddable":true,"href":"https:\/\/arisinclinic.com\/vi\/wp-json\/wp\/v2\/product_tag?post=11074"}],"curies":[{"name":"wp","href":"https:\/\/api.w.org\/{rel}","templated":true}]}}