{"id":11075,"date":"2026-03-20T22:23:39","date_gmt":"2026-03-20T14:23:39","guid":{"rendered":"https:\/\/4t542t4sohxh.wpsite.pro\/?post_type=product&#038;p=11075"},"modified":"2026-04-14T21:43:36","modified_gmt":"2026-04-14T13:43:36","slug":"vital-injector2","status":"publish","type":"product","link":"https:\/\/arisinclinic.com\/vi\/service\/vital-injector2\/","title":{"rendered":"Vital Injector2 - B\u01a1m ti\u00eam d\u01b0\u1ee1ng \u1ea9m"},"content":{"rendered":"<p>M\u00e1y ti\u00eam d\u01b0\u1ee1ng \u1ea9m Vital Injector 2 th\u1ebf h\u1ec7 m\u1edbi (m\u00e1y ti\u00eam d\u01b0\u1ee1ng \u1ea9m th\u1ebf h\u1ec7 2) \u0111\u00e3 ph\u00e1 v\u1ee1 nh\u1eefng h\u1ea1n ch\u1ebf c\u1ee7a ph\u01b0\u01a1ng ph\u00e1p ti\u00eam th\u1ee7 c\u00f4ng truy\u1ec1n th\u1ed1ng nh\u1edd c\u00f4ng ngh\u1ec7 h\u00fat ch\u00e2n kh\u00f4ng \u0111\u1ed9c quy\u1ec1n v\u00e0 c\u00f4ng ngh\u1ec7 \u0111\u1ecbnh l\u01b0\u1ee3ng k\u1ef9 thu\u1eadt s\u1ed1. Th\u00f4ng qua \u0111\u1ea7u kim si\u00eau m\u1ea3nh 9, s\u1ea3n ph\u1ea9m \u0111\u01b0a hyaluronic acid, PDRN ho\u1eb7c c\u00e1c tinh ch\u1ea5t ph\u1ee5c h\u1ed3i \u0111a d\u1ea1ng v\u00e0o l\u1edbp h\u1ea1 b\u00ec m\u1ed9t c\u00e1ch ch\u00ednh x\u00e1c, t\u1ea1o ra m\u1ed9t \"kho ch\u1ee9a n\u01b0\u1edbc\" s\u00e2u b\u00ean trong da. C\u00f4ng ngh\u1ec7 ki\u1ec3m so\u00e1t t\u1eebng l\u1edbp th\u00f4ng minh \u0111\u1ea3m b\u1ea3o hi\u1ec7u qu\u1ea3 \u0111\u1ed3ng \u0111\u1ec1u, an to\u00e0n cao v\u00e0 \u00edt g\u00e2y \u0111au \u0111\u1edbn. \u0110\u00e2y l\u00e0 li\u1ec7u ph\u00e1p ch\u0103m s\u00f3c da cao c\u1ea5p gi\u00fap t\u1ed1i \u01b0u h\u00f3a k\u1ebft c\u1ea5u da, se kh\u00edt l\u1ed7 ch\u00e2n l\u00f4ng v\u00e0 t\u0103ng c\u01b0\u1eddng \u0111\u1ed9 s\u00e1ng trong th\u1eddi gian ng\u1eafn, gi\u00fap l\u00e0n da c\u1ee7a b\u1ea1n lu\u00f4n duy tr\u00ec tr\u1ea1ng th\u00e1i \"r\u1ea1ng r\u1ee1\" \u0111\u1ea7y \u0111\u1eb7n v\u00e0 \u1ea9m m\u01b0\u1ee3t.<\/p>\n<p><img fetchpriority=\"high\" decoding=\"async\" class=\"alignnone wp-image-11081 size-full\" src=\"https:\/\/arisinclinic.com\/wp-content\/uploads\/2026\/03\/Vital-Injector2-\u6c34\u5149\u6ce8\u5c04\u56683.jpg\" alt=\"Vital Injector 2 - B\u01a1m ti\u00eam d\u01b0\u1ee1ng \u1ea9m 3\" width=\"800\" height=\"533\" title=\"\" srcset=\"https:\/\/arisinclinic.com\/wp-content\/uploads\/2026\/03\/Vital-Injector2-\u6c34\u5149\u6ce8\u5c04\u56683.jpg 800w, https:\/\/arisinclinic.com\/wp-content\/uploads\/2026\/03\/Vital-Injector2-\u6c34\u5149\u6ce8\u5c04\u56683-300x200.jpg 300w, https:\/\/arisinclinic.com\/wp-content\/uploads\/2026\/03\/Vital-Injector2-\u6c34\u5149\u6ce8\u5c04\u56683-768x512.jpg 768w, https:\/\/arisinclinic.com\/wp-content\/uploads\/2026\/03\/Vital-Injector2-\u6c34\u5149\u6ce8\u5c04\u56683-600x400.jpg 600w\" sizes=\"(max-width: 800px) 100vw, 800px\" \/><\/p>\n<h3>Vital Injector 2 l\u00e0 g\u00ec?<\/h3>\n<p>Ph\u01b0\u01a1ng ph\u00e1p n\u00e0y s\u1eed d\u1ee5ng l\u1ef1c h\u00fat ch\u00e2n kh\u00f4ng \u0111\u1ec3 \u0111\u01b0a axit hyaluronic v\u00e0 c\u00e1c d\u01b0\u1ee1ng ch\u1ea5t tr\u1ef1c ti\u1ebfp v\u00e0o l\u1edbp h\u1ea1 b\u00ec c\u1ee7a da, gi\u00fap d\u01b0\u1ee1ng ch\u1ea5t th\u1ea5m s\u00e2u v\u00e0o c\u1ea5u tr\u00fac da v\u00e0 mang l\u1ea1i hi\u1ec7u qu\u1ea3 d\u01b0\u1ee1ng \u1ea9m s\u00e2u, t\u1eeb \u0111\u00f3 c\u1ea3i thi\u1ec7n c\u00e1c v\u1ea5n \u0111\u1ec1 nh\u01b0 n\u1ebfp nh\u0103n, da kh\u00f4ng \u0111\u1ec1u m\u00e0u v\u00e0 da nh\u1eddn. Ph\u01b0\u01a1ng ph\u00e1p \u0111i\u1ec1u tr\u1ecb t\u00e1c \u0111\u1ed9ng ch\u00ednh x\u00e1c \u0111\u1ebfn l\u1edbp bi\u1ec3u b\u00ec v\u00e0 l\u1edbp h\u1ea1 b\u00ec. Sau khi \u0111i\u1ec1u tr\u1ecb, da m\u1eb7t c\u00f3 th\u1ec3 b\u1ecb s\u01b0ng \u0111\u1ecf nh\u1eb9. N\u00ean tr\u00e1nh trang \u0111i\u1ec3m trong v\u00f2ng hai \u0111\u1ebfn ba ng\u00e0y sau \u0111i\u1ec1u tr\u1ecb \u0111\u1ec3 da \u0111\u01b0\u1ee3c ngh\u1ec9 ng\u01a1i v\u00e0 ph\u1ee5c h\u1ed3i; kho\u1ea3ng ng\u00e0y th\u1ee9 ba c\u00f3 th\u1ec3 trang \u0111i\u1ec3m b\u00ecnh th\u01b0\u1eddng.<\/p>\n<p><img decoding=\"async\" class=\"alignnone wp-image-11078 size-full\" src=\"https:\/\/arisinclinic.com\/wp-content\/uploads\/2026\/03\/Vital-Injector2-\u6c34\u5149\u6ce8\u5c04\u56684.jpg\" alt=\"Vital Injector 2 - B\u01a1m ti\u00eam d\u01b0\u1ee1ng \u1ea9m 4\" width=\"800\" height=\"800\" title=\"\" srcset=\"https:\/\/arisinclinic.com\/wp-content\/uploads\/2026\/03\/Vital-Injector2-\u6c34\u5149\u6ce8\u5c04\u56684.jpg 800w, https:\/\/arisinclinic.com\/wp-content\/uploads\/2026\/03\/Vital-Injector2-\u6c34\u5149\u6ce8\u5c04\u56684-300x300.jpg 300w, https:\/\/arisinclinic.com\/wp-content\/uploads\/2026\/03\/Vital-Injector2-\u6c34\u5149\u6ce8\u5c04\u56684-150x150.jpg 150w, https:\/\/arisinclinic.com\/wp-content\/uploads\/2026\/03\/Vital-Injector2-\u6c34\u5149\u6ce8\u5c04\u56684-768x768.jpg 768w, https:\/\/arisinclinic.com\/wp-content\/uploads\/2026\/03\/Vital-Injector2-\u6c34\u5149\u6ce8\u5c04\u56684-600x600.jpg 600w, https:\/\/arisinclinic.com\/wp-content\/uploads\/2026\/03\/Vital-Injector2-\u6c34\u5149\u6ce8\u5c04\u56684-100x100.jpg 100w\" sizes=\"(max-width: 800px) 100vw, 800px\" \/><\/p>\n<h3>T\u1ea1i sao da c\u1ea7n ti\u00eam axit hyaluronic?<\/h3>\n<p>Nh\u1eefng ai quan t\u00e2m \u0111\u1ebfn y h\u1ecdc th\u1ea9m m\u1ef9 ch\u1eafc h\u1eb3n kh\u00f4ng c\u00f2n xa l\u1ea1 v\u1edbi thu\u1eadt ng\u1eef \u201chyaluronic acid\u201d. T\u00ean khoa h\u1ecdc c\u1ee7a hyaluronic acid l\u00e0 axit hyaluronic (vi\u1ebft t\u1eaft l\u00e0 HA), m\u1ed9t ch\u1ea5t gel d\u1ea1ng polysaccharide t\u1ef1 nhi\u00ean c\u00f3 m\u00e0u trong su\u1ed1t v\u00e0 t\u00ednh d\u00ednh, \u0111\u1ed3ng th\u1eddi c\u0169ng l\u00e0 ch\u1ea5t v\u1ed1n c\u00f3 trong c\u01a1 th\u1ec3 con ng\u01b0\u1eddi; L\u00e0n da c\u1ee7a tr\u1ebb s\u01a1 sinh m\u1ec1m m\u1ea1i v\u00e0 \u0111\u00e0n h\u1ed3i l\u00e0 nh\u1edd v\u00e0o vi\u1ec7c m\u00f4 li\u00ean k\u1ebft v\u00e0 l\u1edbp h\u1ea1 b\u00ec ch\u1ee9a m\u1ed9t l\u01b0\u1ee3ng l\u1edbn axit hyaluronic \u1edf d\u1ea1ng gel. Kh\u1ea3 n\u0103ng d\u01b0\u1ee1ng \u1ea9m m\u1ea1nh m\u1ebd c\u1ee7a axit hyaluronic kh\u00f4ng ch\u1ec9 gi\u00fap t\u0103ng c\u01b0\u1eddng \u0111\u1ed9 s\u00e1ng v\u00e0 \u0111\u1ed9 \u1ea9m cho da m\u00e0 c\u00f2n l\u00e0 m\u1ed9t trong nh\u1eefng y\u1ebfu t\u1ed1 quan tr\u1ecdng gi\u00fap duy tr\u00ec v\u1ebb tr\u1ebb trung.<\/p>\n<p><img decoding=\"async\" class=\"alignnone wp-image-11079 size-full\" src=\"https:\/\/arisinclinic.com\/wp-content\/uploads\/2026\/03\/Vital-Injector2-\u6c34\u5149\u6ce8\u5c04\u56682.jpg\" alt=\"Vital Injector 2 - B\u01a1m ti\u00eam d\u01b0\u1ee1ng \u1ea9m 2\" width=\"800\" height=\"533\" title=\"\" srcset=\"https:\/\/arisinclinic.com\/wp-content\/uploads\/2026\/03\/Vital-Injector2-\u6c34\u5149\u6ce8\u5c04\u56682.jpg 800w, https:\/\/arisinclinic.com\/wp-content\/uploads\/2026\/03\/Vital-Injector2-\u6c34\u5149\u6ce8\u5c04\u56682-300x200.jpg 300w, https:\/\/arisinclinic.com\/wp-content\/uploads\/2026\/03\/Vital-Injector2-\u6c34\u5149\u6ce8\u5c04\u56682-768x512.jpg 768w, https:\/\/arisinclinic.com\/wp-content\/uploads\/2026\/03\/Vital-Injector2-\u6c34\u5149\u6ce8\u5c04\u56682-600x400.jpg 600w\" sizes=\"(max-width: 800px) 100vw, 800px\" \/><\/p>\n<h3>Nguy\u00ean l\u00fd \u0111i\u1ec1u tr\u1ecb b\u1eb1ng ph\u01b0\u01a1ng ph\u00e1p ti\u00eam d\u01b0\u1ee1ng \u1ea9m Vital Injector 2<\/h3>\n<p>\u201cTi\u00eam d\u01b0\u1ee1ng \u1ea9m Vital Injector 2\u201d l\u00e0 ph\u01b0\u01a1ng ph\u00e1p ch\u0103m s\u00f3c da \u0111\u01b0\u1ee3c c\u00e1c ng\u00f4i sao trong gi\u1edbi gi\u1ea3i tr\u00ed H\u00e0n Qu\u1ed1c \u01b0a chu\u1ed9ng. D\u1ef1a tr\u00ean s\u1ef1 \u0111i\u1ec1u ch\u1ec9nh linh ho\u1ea1t c\u1ee7a b\u00e1c s\u0129 v\u1ec1 \u0111\u1ed9 s\u00e2u \u0111i\u1ec1u tr\u1ecb, t\u1ea7n su\u1ea5t ti\u00eam v\u00e0 li\u1ec1u l\u01b0\u1ee3ng, ph\u01b0\u01a1ng ph\u00e1p n\u00e0y gi\u00fap ph\u1ee7 \u0111\u1ec1u v\u00e0 t\u1eadp trung v\u00e0o v\u00f9ng \u0111i\u1ec1u tr\u1ecb, Hyaluronic acid li\u1ec1u cao sau khi ti\u00eam s\u1ebd gi\u00fap l\u00e0n da kh\u00f4 h\u00fat \u1ea9m nh\u01b0 mi\u1ebfng b\u1ecdt bi\u1ec3n, t\u1eeb \u0111\u00f3 t\u0103ng c\u01b0\u1eddng kh\u1ea3 n\u0103ng gi\u1eef \u1ea9m v\u00e0 duy tr\u00ec \u0111\u1ed9 \u1ea9m l\u00e2u d\u00e0i cho da. Ph\u01b0\u01a1ng ph\u00e1p n\u00e0y ph\u00f9 h\u1ee3p v\u1edbi m\u1ecdi l\u1ee9a tu\u1ed5i v\u00e0 m\u1ecdi lo\u1ea1i da. N\u1ebfu b\u1ea1n kh\u00f4ng mu\u1ed1n th\u1ef1c hi\u1ec7n li\u1ec7u ph\u00e1p laser ho\u1eb7c c\u00f3 l\u00e0n da nh\u1ea1y c\u1ea3m v\u1edbi \u00e1nh s\u00e1ng, \"Ti\u00eam d\u01b0\u1ee1ng \u1ea9m Vital Injector 2\" s\u1ebd l\u00e0 l\u1ef1a ch\u1ecdn tuy\u1ec7t v\u1eddi \u0111\u1ec3 d\u01b0\u1ee1ng \u1ea9m cho l\u00e0n da c\u1ee7a b\u1ea1n.<\/p>\n<p><img loading=\"lazy\" decoding=\"async\" class=\"alignnone wp-image-11080 size-full\" src=\"https:\/\/arisinclinic.com\/wp-content\/uploads\/2026\/03\/Vital-Injector2-\u6c34\u5149\u6ce8\u5c04\u56681.jpg\" alt=\"Vital Injector 2 - B\u01a1m ti\u00eam d\u01b0\u1ee1ng \u1ea9m 1\" width=\"800\" height=\"929\" title=\"\" srcset=\"https:\/\/arisinclinic.com\/wp-content\/uploads\/2026\/03\/Vital-Injector2-\u6c34\u5149\u6ce8\u5c04\u56681.jpg 800w, https:\/\/arisinclinic.com\/wp-content\/uploads\/2026\/03\/Vital-Injector2-\u6c34\u5149\u6ce8\u5c04\u56681-258x300.jpg 258w, https:\/\/arisinclinic.com\/wp-content\/uploads\/2026\/03\/Vital-Injector2-\u6c34\u5149\u6ce8\u5c04\u56681-768x892.jpg 768w, https:\/\/arisinclinic.com\/wp-content\/uploads\/2026\/03\/Vital-Injector2-\u6c34\u5149\u6ce8\u5c04\u56681-600x697.jpg 600w\" sizes=\"(max-width: 800px) 100vw, 800px\" \/><\/p>","protected":false},"excerpt":{"rendered":"<p>M\u00e1y ti\u00eam d\u01b0\u1ee1ng \u1ea9m Vital Injector 2 c\u1ee7a Arixin \u0111\u1ea1t \u0111\u01b0\u1ee3c s\u1ef1 c\u00e2n b\u1eb1ng to\u00e0n di\u1ec7n gi\u1eefa \u0111\u1ed9 ch\u00ednh x\u00e1c v\u1ec1 li\u1ec1u l\u01b0\u1ee3ng v\u00e0 s\u1ef1 tho\u1ea3i m\u00e1i, an to\u00e0n. S\u1eed d\u1ee5ng c\u00f4ng ngh\u1ec7 \u00e1p su\u1ea5t \u00e2m \u0111\u1ed9c quy\u1ec1n v\u00e0 \u0111i\u1ec1u khi\u1ec3n \u0111\u1ed9 s\u00e2u k\u1ef9 thu\u1eadt s\u1ed1, thi\u1ebft b\u1ecb n\u00e0y \u0111\u01b0a tinh ch\u1ea5t ph\u1ee5c h\u1ed3i ch\u00ednh x\u00e1c \u0111\u1ebfn l\u1edbp h\u1ea1 b\u00ec, gi\u00fap gi\u1ea3i quy\u1ebft hi\u1ec7u qu\u1ea3 c\u00e1c v\u1ea5n \u0111\u1ec1 v\u1ec1 da kh\u00f4, n\u1ebfp nh\u0103n v\u00e0 l\u1ed7 ch\u00e2n l\u00f4ng to. C\u00f4ng th\u1ee9c \u0111\u01b0\u1ee3c b\u00e1c s\u0129 chuy\u00ean khoa \u0111i\u1ec1u ch\u1ec9nh ri\u00eang cho t\u1eebng ng\u01b0\u1eddi, mang l\u1ea1i l\u00e0n da \u1ea9m m\u01b0\u1ee3t, r\u1ea1ng r\u1ee1 v\u00e0 b\u1ec1n l\u00e2u. H\u00e3y li\u00ean h\u1ec7 ngay \u0111\u1ec3 tr\u1ea3i nghi\u1ec7m l\u00e0n da s\u00e1ng m\u1ecbn ho\u00e0n h\u1ea3o m\u00e0 m\u00e1y ti\u00eam n\u01b0\u1edbc th\u1ebf h\u1ec7 th\u1ee9 hai mang l\u1ea1i.<\/p>","protected":false},"featured_media":11076,"comment_status":"open","ping_status":"closed","template":"","meta":{"_acf_changed":false},"product_brand":[],"product_cat":[15,158],"product_tag":[],"class_list":{"0":"post-11075","1":"product","2":"type-product","3":"status-publish","4":"has-post-thumbnail","6":"product_cat-service","7":"product_cat-skin-care-treatments","9":"first","10":"instock","11":"shipping-taxable","12":"product-type-simple"},"acf":[],"_links":{"self":[{"href":"https:\/\/arisinclinic.com\/vi\/wp-json\/wp\/v2\/product\/11075","targetHints":{"allow":["GET"]}}],"collection":[{"href":"https:\/\/arisinclinic.com\/vi\/wp-json\/wp\/v2\/product"}],"about":[{"href":"https:\/\/arisinclinic.com\/vi\/wp-json\/wp\/v2\/types\/product"}],"replies":[{"embeddable":true,"href":"https:\/\/arisinclinic.com\/vi\/wp-json\/wp\/v2\/comments?post=11075"}],"wp:featuredmedia":[{"embeddable":true,"href":"https:\/\/arisinclinic.com\/vi\/wp-json\/wp\/v2\/media\/11076"}],"wp:attachment":[{"href":"https:\/\/arisinclinic.com\/vi\/wp-json\/wp\/v2\/media?parent=11075"}],"wp:term":[{"taxonomy":"product_brand","embeddable":true,"href":"https:\/\/arisinclinic.com\/vi\/wp-json\/wp\/v2\/product_brand?post=11075"},{"taxonomy":"product_cat","embeddable":true,"href":"https:\/\/arisinclinic.com\/vi\/wp-json\/wp\/v2\/product_cat?post=11075"},{"taxonomy":"product_tag","embeddable":true,"href":"https:\/\/arisinclinic.com\/vi\/wp-json\/wp\/v2\/product_tag?post=11075"}],"curies":[{"name":"wp","href":"https:\/\/api.w.org\/{rel}","templated":true}]}}