{"id":11082,"date":"2026-03-20T22:41:23","date_gmt":"2026-03-20T14:41:23","guid":{"rendered":"https:\/\/4t542t4sohxh.wpsite.pro\/?post_type=product&#038;p=11082"},"modified":"2026-04-23T19:12:41","modified_gmt":"2026-04-23T11:12:41","slug":"discovery-pico","status":"publish","type":"product","link":"https:\/\/arisinclinic.com\/vi\/service\/discovery-pico\/","title":{"rendered":"Discovery Pico \u2013 C\u00f4ng ngh\u1ec7 laser picosecond"},"content":{"rendered":"<h3 class=\"text-text-100 mt-3 -mb-1 text-[1.125rem] font-bold\">Discovery Pico \u63a2\u7d22\u76ae\u79d2\u96f7\u5c04\uff5c\u70ba\u4ec0\u9ebc\u5b83\u662f\u76ae\u79d2\u754c\u7684\u8d85\u8dd1\uff1f<\/h3>\n<h4><img fetchpriority=\"high\" decoding=\"async\" class=\"alignnone wp-image-11972 size-large\" src=\"https:\/\/arisinclinic.com\/wp-content\/uploads\/2026\/03\/ChatGPT-Image-2026\u5e744\u670823\u65e5-\u4e0b\u534807_06_35-1024x683.png\" alt=\"\" width=\"1024\" height=\"683\" title=\"\" srcset=\"https:\/\/arisinclinic.com\/wp-content\/uploads\/2026\/03\/ChatGPT-Image-2026\u5e744\u670823\u65e5-\u4e0b\u534807_06_35-1024x683.png 1024w, https:\/\/arisinclinic.com\/wp-content\/uploads\/2026\/03\/ChatGPT-Image-2026\u5e744\u670823\u65e5-\u4e0b\u534807_06_35-300x200.png 300w, https:\/\/arisinclinic.com\/wp-content\/uploads\/2026\/03\/ChatGPT-Image-2026\u5e744\u670823\u65e5-\u4e0b\u534807_06_35-768x512.png 768w, https:\/\/arisinclinic.com\/wp-content\/uploads\/2026\/03\/ChatGPT-Image-2026\u5e744\u670823\u65e5-\u4e0b\u534807_06_35-18x12.png 18w, https:\/\/arisinclinic.com\/wp-content\/uploads\/2026\/03\/ChatGPT-Image-2026\u5e744\u670823\u65e5-\u4e0b\u534807_06_35-600x400.png 600w, https:\/\/arisinclinic.com\/wp-content\/uploads\/2026\/03\/ChatGPT-Image-2026\u5e744\u670823\u65e5-\u4e0b\u534807_06_35.png 1536w\" sizes=\"(max-width: 1024px) 100vw, 1024px\" \/><\/h4>\n<h4 class=\"text-text-100 mt-2 -mb-1 text-base font-bold\">\u4ec0\u9ebc\u662f\u76ae\u79d2\u96f7\u5c04\uff1f<\/h4>\n<p class=\"font-claude-response-body break-words whitespace-normal leading-[1.7]\">\u300c\u76ae\u79d2\u300d\u662f\u4e00\u7a2e\u6975\u77ed\u7684\u6642\u9593\u55ae\u4f4d\uff0c1 \u76ae\u79d2\u7b49\u65bc 0.000000000001 \u79d2\u2014\u2014\u6bd4\u50b3\u7d71\u6de8\u819a\u96f7\u5c04\uff08\u5948\u79d2\uff09\u5feb\u4e86\u6574\u6574 1,000 \u500d\u3002\u9019\u610f\u5473\u8457\u96f7\u5c04\u5728\u76ae\u819a\u505c\u7559\u7684\u6642\u9593\u6975\u77ed\uff0c\u80fd\u91cf\u5728\u71b1\u50b7\u5bb3\u767c\u751f\u4e4b\u524d\u5c31\u5b8c\u6210\u5c0d\u9ed1\u8272\u7d20\u7684\u6253\u64ca\uff0c\u56e0\u6b64\u5c0d\u76ae\u819a\u66f4\u6eab\u548c\u3001\u53cd\u9ed1\u6a5f\u7387\u66f4\u4f4e\u3001\u6062\u5fa9\u671f\u4e5f\u66f4\u77ed\u3002<\/p>\n<p class=\"font-claude-response-body break-words whitespace-normal leading-[1.7]\">\u5e02\u9762\u4e0a\u7684\u76ae\u79d2\u96f7\u5c04\u54c1\u724c\u773e\u591a\uff0c\u5305\u62ec\u7f8e\u570b\u7684 PicoSure\u3001PicoWay\uff0c\u97d3\u570b\u7684 PicoPlus\u3001PicoCare\uff0c\u4ee5\u53ca\u4f86\u81ea\u7fa9\u5927\u5229\u7684 Discovery Pico\u3002\u9019\u4e9b\u6a5f\u7a2e\u5c31\u50cf\u4e0d\u540c\u54c1\u724c\u7684\u8eca\u5b50\uff0c\u5404\u6709\u5404\u7684\u7279\u8272\uff0c\u5f88\u96e3\u8aaa\u54ea\u53f0\u7d55\u5c0d\u6700\u597d\u2014\u2014\u6709\u7684\u5f37\u8abf\u7701\u6cb9\uff0c\u6709\u7684\u5f37\u8abf\u64cd\u63a7\uff0c\u6709\u7684\u5f37\u8abf\u99ac\u529b\u3002 Discovery Pico \u5230\u5e95\u5f37\u5728\u54ea\u88e1\uff1f<\/p>\n<hr class=\"border-border-200 border-t-0.5 my-3 mx-1.5\" \/>\n<h4 class=\"text-text-100 mt-2 -mb-1 text-base font-bold\">Discovery Pico \u7684\u56db\u5927\u5dee\u7570\u5316\u512a\u52e2<\/h4>\n<p><img decoding=\"async\" class=\"alignnone wp-image-11973 size-large\" src=\"https:\/\/arisinclinic.com\/wp-content\/uploads\/2026\/03\/ChatGPT-Image-2026\u5e744\u670823\u65e5-\u4e0b\u534807_07_39-1024x683.png\" alt=\"\" width=\"1024\" height=\"683\" title=\"\" srcset=\"https:\/\/arisinclinic.com\/wp-content\/uploads\/2026\/03\/ChatGPT-Image-2026\u5e744\u670823\u65e5-\u4e0b\u534807_07_39-1024x683.png 1024w, https:\/\/arisinclinic.com\/wp-content\/uploads\/2026\/03\/ChatGPT-Image-2026\u5e744\u670823\u65e5-\u4e0b\u534807_07_39-300x200.png 300w, https:\/\/arisinclinic.com\/wp-content\/uploads\/2026\/03\/ChatGPT-Image-2026\u5e744\u670823\u65e5-\u4e0b\u534807_07_39-768x512.png 768w, https:\/\/arisinclinic.com\/wp-content\/uploads\/2026\/03\/ChatGPT-Image-2026\u5e744\u670823\u65e5-\u4e0b\u534807_07_39-18x12.png 18w, https:\/\/arisinclinic.com\/wp-content\/uploads\/2026\/03\/ChatGPT-Image-2026\u5e744\u670823\u65e5-\u4e0b\u534807_07_39-600x400.png 600w, https:\/\/arisinclinic.com\/wp-content\/uploads\/2026\/03\/ChatGPT-Image-2026\u5e744\u670823\u65e5-\u4e0b\u534807_07_39.png 1536w\" sizes=\"(max-width: 1024px) 100vw, 1024px\" \/><\/p>\n<p class=\"font-claude-response-body break-words whitespace-normal leading-[1.7]\"><strong>\u2460 \u696d\u754c\u6700\u5f37\u8f38\u51fa\u529f\u7387<\/strong><\/p>\n<p class=\"font-claude-response-body break-words whitespace-normal leading-[1.7]\">Discovery Pico \u7684\u8f38\u51fa\u529f\u7387\u9ad8\u9054 1.8GW\uff0c\u662f\u4e00\u822c\u76ae\u79d2\u96f7\u5c04\u7684 2\uff5e5 \u500d\uff0c\u5728\u773e\u591a\u6a5f\u7a2e\u4e2d\u9db4\u7acb\u96de\u7fa4\u3002 \u5f37\u5927\u7684\u77ac\u9593\u80fd\u91cf\u80fd\u5c07\u9ed1\u8272\u7d20\u9707\u788e\u6210\u66f4\u7d30\u5c0f\u7684\u7c89\u5875\uff0c\u66f4\u5bb9\u6613\u88ab\u4eba\u9ad4\u81ea\u7136\u4ee3\u8b1d\u6392\u51fa\uff0c\u9664\u6591\u6548\u7387\u66f4\u9ad8\u3001\u6240\u9700\u7642\u7a0b\u6b21\u6578\u4e5f\u53ef\u76f8\u5c0d\u6e1b\u5c11\u3002<\/p>\n<p class=\"font-claude-response-body break-words whitespace-normal leading-[1.7]\"><strong>\u2461 \u96d9\u6ce2\u9577\u8a2d\u8a08\uff0c\u6df1\u6591\u6dfa\u6591\u4e00\u6b21\u641e\u5b9a<\/strong><\/p>\n<p class=\"font-claude-response-body break-words whitespace-normal leading-[1.7]\">Discovery Pico \u64c1\u6709 532nm\u30011064nm \u96d9\u6ce2\u9577 \u5927\u5e45\u63d0\u5347\u64ca\u788e\u9ed1\u8272\u7d20\u7684\u6548\u679c\uff0c\u4e5f\u4e0d\u6613\u7522\u751f\u53cd\u9ed1\u6216\u53cd\u767d\u7684\u526f\u4f5c\u7528\uff0c\u5168\u81c9\u6df1\u6dfa\u6591\u9ede\u4e00\u6b21\u7372\u5f97\u6539\u5584\u3002\u76f8\u8f03\u4e4b\u4e0b\uff0cPicoSure \u50c5\u6709\u55ae\u4e00 755nm \u6ce2\u9577\uff0c755nm \u6ce2\u9577\u5c0d\u4e9e\u6d32\u6df1\u819a\u8272\u6c11\u773e\u4f86\u8aaa\u8f03\u70ba\u5371\u96aa\uff0c\u9700\u8981\u683c\u5916\u8b39\u614e\u64cd\u4f5c\u3002<\/p>\n<p class=\"font-claude-response-body break-words whitespace-normal leading-[1.7]\"><strong>\u2462 8 \u7a2e\u5f69\u8679\u63a2\u982d\uff0c\u7cbe\u6e96\u5c0d\u61c9\u5404\u7a2e\u554f\u984c<\/strong><\/p>\n<p class=\"font-claude-response-body break-words whitespace-normal leading-[1.7]\">Discovery Pico \u914d\u6709 8 \u7a2e\u984f\u8272\u7684\u5f69\u8679\u63a2\u982d\uff0c\u5305\u542b\u5713\u5f62\u3001\u65b9\u5f62\u53ca\u805a\u7126\u4e09\u7a2e\u4e0d\u540c\u5f62\u72c0\uff0c\u91ab\u5e2b\u53ef\u6839\u64da\u500b\u4eba\u75c7\u72c0\u3001\u6cbb\u7642\u9762\u7a4d\u8207\u6df1\u5ea6\u9748\u6d3b\u642d\u914d\uff0c\u53ea\u9700\u66f4\u63db\u63a2\u982d\u5c31\u80fd\u89e3\u6c7a\u591a\u7a2e\u554f\u984c\u3002 \u7279\u5225\u662f\u7368\u5bb6\u65b9\u5f62\u63a2\u982d\uff0c\u5728\u9664\u523a\u9752\u6642\u80fd\u8b93\u5149\u9ede\u5bc6\u5408\u7121\u7a7a\u9699\uff0c\u5927\u5e45\u6e1b\u5c11\u56e0\u91cd\u758a\u65bd\u6253\u9020\u6210\u7684\u526f\u4f5c\u7528\uff0c\u9019\u662f\u5176\u4ed6\u54c1\u724c\u5713\u5f62\u63a2\u982d\u505a\u4e0d\u5230\u7684\u7cbe\u6e96\u5ea6\u3002<\/p>\n<p class=\"font-claude-response-body break-words whitespace-normal leading-[1.7]\"><strong>\u2463 \u901a\u904e FDA\u3001CE\u3001\u885b\u798f\u90e8\u4e09\u5927\u570b\u969b\u8a8d\u8b49<\/strong><\/p>\n<p><img decoding=\"async\" class=\"alignnone wp-image-11975 size-large\" src=\"https:\/\/arisinclinic.com\/wp-content\/uploads\/2026\/03\/ChatGPT-Image-2026\u5e744\u670823\u65e5-\u4e0b\u534807_10_10-1024x683.png\" alt=\"\" width=\"1024\" height=\"683\" title=\"\" srcset=\"https:\/\/arisinclinic.com\/wp-content\/uploads\/2026\/03\/ChatGPT-Image-2026\u5e744\u670823\u65e5-\u4e0b\u534807_10_10-1024x683.png 1024w, https:\/\/arisinclinic.com\/wp-content\/uploads\/2026\/03\/ChatGPT-Image-2026\u5e744\u670823\u65e5-\u4e0b\u534807_10_10-300x200.png 300w, https:\/\/arisinclinic.com\/wp-content\/uploads\/2026\/03\/ChatGPT-Image-2026\u5e744\u670823\u65e5-\u4e0b\u534807_10_10-768x512.png 768w, https:\/\/arisinclinic.com\/wp-content\/uploads\/2026\/03\/ChatGPT-Image-2026\u5e744\u670823\u65e5-\u4e0b\u534807_10_10-18x12.png 18w, https:\/\/arisinclinic.com\/wp-content\/uploads\/2026\/03\/ChatGPT-Image-2026\u5e744\u670823\u65e5-\u4e0b\u534807_10_10-600x400.png 600w, https:\/\/arisinclinic.com\/wp-content\/uploads\/2026\/03\/ChatGPT-Image-2026\u5e744\u670823\u65e5-\u4e0b\u534807_10_10.png 1536w\" sizes=\"(max-width: 1024px) 100vw, 1024px\" \/><\/p>\n<p class=\"font-claude-response-body break-words whitespace-normal leading-[1.7]\">\u4f86\u81ea\u7fa9\u5927\u5229 Quanta System \u5927\u5ee0\uff0c\u5df2\u7372\u5f97 ISO13485\u3001CE\u3001FDA \u53ca\u53f0\u7063\u885b\u798f\u90e8\u7b49\u591a\u570b\u8a8d\u8b49\uff0c\u662f\u54c1\u8cea\u8207\u5b89\u5168\u6027\u7684\u4fdd\u8b49\u3002 \u97d3\u570b\u54c1\u724c\u5982 PicoPlus\u3001PicoCare \u96d6\u5728\u4e9e\u6d32\u5ee3\u6cdb\u4f7f\u7528\uff0c\u4f46\u76ee\u524d\u5c1a\u672a\u53d6\u5f97\u7f8e\u570b FDA \u8a8d\u8b49\u3002<\/p>\n<p><img loading=\"lazy\" decoding=\"async\" class=\"alignnone wp-image-11971 \" src=\"https:\/\/arisinclinic.com\/wp-content\/uploads\/2026\/03\/messageImage_1776942020269.jpg\" alt=\"\" width=\"839\" height=\"970\" title=\"\"><\/p>\n<hr class=\"border-border-200 border-t-0.5 my-3 mx-1.5\" \/>\n<h4 class=\"text-text-100 mt-2 -mb-1 text-base font-bold\">\u9069\u5408\u54ea\u4e9b\u56f0\u64fe\uff1f<\/h4>\n<p class=\"font-claude-response-body break-words whitespace-normal leading-[1.7]\">Discovery Pico \u63a2\u7d22\u76ae\u79d2\u96f7\u5c04\u53ef\u6709\u6548\u6539\u5584\uff1a\u96c0\u6591\u3001\u66ec\u6591\u3001\u809d\u6591\uff08\u8377\u723e\u8499\u6591\uff09\u3001\u8001\u4eba\u6591\u3001\u9874\u9aa8\u6bcd\u6591\u3001\u592a\u7530\u6bcd\u6591\u3001\u75d8\u75a4\u6697\u5370\u3001\u51f9\u6d1e\u75d8\u75a4\u3001\u6bdb\u5b54\u7c97\u5927\u3001\u819a\u8272\u6697\u6c89\u881f\u9ec3\uff0c\u4ee5\u53ca\u523a\u9752\u3001\u7d0b\u7709\u3001\u773c\u7dda\u7684\u53bb\u9664\u7b49\u591a\u7a2e\u554f\u984c\u3002<\/p>\n<hr class=\"border-border-200 border-t-0.5 my-3 mx-1.5\" \/>\n<h4 class=\"text-text-100 mt-2 -mb-1 text-base font-bold\">ReFIX \u8d85\u7d1a\u93e1\u7247\uff1a\u4e0d\u53ea\u9664\u6591\uff0c\u9084\u80fd\u5ae9\u819a<\/h4>\n<p><img loading=\"lazy\" decoding=\"async\" class=\"alignnone wp-image-11974 size-large\" src=\"https:\/\/arisinclinic.com\/wp-content\/uploads\/2026\/03\/ChatGPT-Image-2026\u5e744\u670823\u65e5-\u4e0b\u534807_09_05-1024x683.png\" alt=\"\" width=\"1024\" height=\"683\" title=\"\" srcset=\"https:\/\/arisinclinic.com\/wp-content\/uploads\/2026\/03\/ChatGPT-Image-2026\u5e744\u670823\u65e5-\u4e0b\u534807_09_05-1024x683.png 1024w, https:\/\/arisinclinic.com\/wp-content\/uploads\/2026\/03\/ChatGPT-Image-2026\u5e744\u670823\u65e5-\u4e0b\u534807_09_05-300x200.png 300w, https:\/\/arisinclinic.com\/wp-content\/uploads\/2026\/03\/ChatGPT-Image-2026\u5e744\u670823\u65e5-\u4e0b\u534807_09_05-768x512.png 768w, https:\/\/arisinclinic.com\/wp-content\/uploads\/2026\/03\/ChatGPT-Image-2026\u5e744\u670823\u65e5-\u4e0b\u534807_09_05-18x12.png 18w, https:\/\/arisinclinic.com\/wp-content\/uploads\/2026\/03\/ChatGPT-Image-2026\u5e744\u670823\u65e5-\u4e0b\u534807_09_05-600x400.png 600w, https:\/\/arisinclinic.com\/wp-content\/uploads\/2026\/03\/ChatGPT-Image-2026\u5e744\u670823\u65e5-\u4e0b\u534807_09_05.png 1536w\" sizes=\"(max-width: 1024px) 100vw, 1024px\" \/><\/p>\n<p class=\"font-claude-response-body break-words whitespace-normal leading-[1.7]\">ReFLX \u8d85\u7d1a\u93e1\u7247\u80fd\u5c07\u76ae\u79d2\u80fd\u91cf 100% \u5b8c\u6574\u532f\u805a\uff0c\u540c\u6642\u5c07\u80fd\u91cf\u653e\u5927 24 \u500d\uff0c\u7a7f\u900f\u6df1\u5ea6\u9054 2mm\uff0c\u52a0\u901f\u91cd\u555f\u65b0\u751f\u81a0\u539f\u86cb\u767d\u8207\u5f48\u529b\u7e96\u7dad\uff0c\u8b93\u808c\u819a\u8b8a\u5f97\u66f4\u7d30\u7dfb\u900f\u4eae\u3002 \u4e5f\u5c31\u662f\u8aaa\uff0cDiscovery Pico \u4e0d\u53ea\u662f\u300c\u9664\u6591\u5de5\u5177\u300d\uff0c\u66f4\u80fd\u5168\u9762\u63d0\u5347\u6574\u9ad4\u819a\u8cea\uff0c\u8b93\u7d20\u984f\u4e5f\u80fd\u6709\u900f\u4eae\u611f\u3002<\/p>\n<hr class=\"border-border-200 border-t-0.5 my-3 mx-1.5\" \/>\n<h4 class=\"text-text-100 mt-2 -mb-1 text-base font-bold\">\u8853\u5f8c\u4fdd\u990a\u91cd\u9ede<\/h4>\n<p class=\"font-claude-response-body break-words whitespace-normal leading-[1.7]\">\u6cbb\u7642\u5f8c\u8acb\u7279\u5225\u6ce8\u610f\uff1a\u52a0\u5f37\u4fdd\u6fd5\u88dc\u6c34\u3001\u6bcf\u65e5\u78ba\u5be6\u9632\u66ec\u3001\u907f\u514d\u4f7f\u7528\u542b\u9152\u7cbe\u6216\u9178\u6027\u8b77\u819a\u54c1\u3001\u7d50\u75c2\u5207\u52ff\u81ea\u884c\u6473\u6293\u3002\u591a\u6578\u4eba\u5728\u6cbb\u7642\u5f8c\u7684\u8f15\u5fae\u7d05\u816b\u7d04\u5728\u6578\u5c0f\u6642\u5167\u6d88\u9000\uff0c\u5c11\u6578\u90e8\u4f4d\u53ef\u80fd\u6709\u77ed\u66ab\u7d50\u75c2\u5c6c\u6b63\u5e38\u73fe\u8c61\u3002<\/p>\n<hr class=\"border-border-200 border-t-0.5 my-3 mx-1.5\" \/>\n<h4 class=\"text-text-100 mt-2 -mb-1 text-base font-bold\">\u70ba\u4ec0\u9ebc\u9078\u64c7\u827e\u745e\u8f9b\u7684\u63a2\u7d22\u76ae\u79d2\uff1f<\/h4>\n<p class=\"font-claude-response-body break-words whitespace-normal leading-[1.7]\">\u63a2\u7d22\u76ae\u79d2\u96d6\u7136\u529f\u7387\u5f37\u5927\uff0c\u4f46\u4e5f\u56e0\u70ba\u5982\u6b64\uff0c\u9700\u8981\u76f8\u7576\u6709\u7d93\u9a57\u7684\u91ab\u5e2b\u6839\u64da\u6bcf\u500b\u4eba\u7684\u76ae\u819a\u554f\u984c\u8a2d\u5b9a\u9069\u7576\u53c3\u6578\uff0c\u642d\u914d\u7cbe\u6e96\u7684\u64cd\u4f5c\u624b\u6cd5\uff0c\u624d\u80fd\u767c\u63ee\u6700\u5927\u6548\u80fd\u3002 \u827e\u745e\u8f9b\u7684\u91ab\u5e2b\u5718\u968a\u5177\u5099\u8c50\u5bcc\u7684\u96f7\u5c04\u6cbb\u7642\u7d93\u9a57\uff0c\u5805\u6301\u4f7f\u7528\u539f\u5ee0\u8a8d\u8b49\u6a5f\u5668\u8207\u8017\u6750\uff0c\u5b9a\u671f\u4fdd\u990a\u6821\u6b63\uff0c\u78ba\u4fdd\u6bcf\u6b21\u6cbb\u7642\u7684\u80fd\u91cf\u7cbe\u6e96\u7a69\u5b9a\u3002<\/p>\n<p>&nbsp;<\/p>\n","protected":false},"excerpt":{"rendered":"<p>Laser picosecond Discovery Pico c\u1ee7a Aresin \u0111\u1ea1t \u0111\u01b0\u1ee3c s\u1ef1 c\u00e2n b\u1eb1ng to\u00e0n di\u1ec7n gi\u1eefa vi\u1ec7c l\u00e0m s\u1ea1ch da si\u00eau nhanh v\u00e0 ph\u1ee5c h\u1ed3i s\u00e2u. S\u1eed d\u1ee5ng c\u00f4ng su\u1ea5t \u0111\u1ec9nh 1.8GW k\u1ebft h\u1ee3p v\u1edbi th\u1ea5u k\u00ednh t\u1eadp trung d\u1ea1ng t\u1ed5 ong, c\u00f4ng ngh\u1ec7 n\u00e0y ph\u00e1 v\u1ee1 ch\u00ednh x\u00e1c c\u00e1c s\u1eafc t\u1ed1 melanin v\u00e0 k\u00edch th\u00edch t\u00e1i t\u1ea1o collagen, gi\u00fap c\u1ea3i thi\u1ec7n hi\u1ec7u qu\u1ea3 c\u00e1c v\u1ebft th\u00e2m, l\u1ed7 ch\u00e2n l\u00f4ng v\u00e0 v\u1ebft l\u00f5m tr\u00ean da. B\u00e1c s\u0129 s\u1ebd \u0111i\u1ec1u ch\u1ec9nh n\u0103ng l\u01b0\u1ee3ng ph\u00f9 h\u1ee3p v\u1edbi t\u1eebng tr\u01b0\u1eddng h\u1ee3p, mang l\u1ea1i li\u1ec7u tr\u00ecnh ch\u0103m s\u00f3c da hi\u1ec7u qu\u1ea3 v\u1edbi c\u1ea3m gi\u00e1c \u0111au nh\u1eb9 v\u00e0 r\u1ee7i ro s\u1ea1m da sau \u0111i\u1ec1u tr\u1ecb th\u1ea5p. H\u00e3y li\u00ean h\u1ec7 ngay \u0111\u1ec3 tr\u1ea3i nghi\u1ec7m ph\u00e9p m\u00e0u l\u00e0m tr\u1eafng da t\u1eeb c\u00f4ng ngh\u1ec7 laser picosecond c\u1ee7a \u00dd.<\/p>","protected":false},"featured_media":11083,"comment_status":"open","ping_status":"closed","template":"","meta":{"_acf_changed":false},"product_brand":[],"product_cat":[15,158],"product_tag":[],"class_list":{"0":"post-11082","1":"product","2":"type-product","3":"status-publish","4":"has-post-thumbnail","6":"product_cat-service","7":"product_cat-skin-care-treatments","9":"first","10":"instock","11":"shipping-taxable","12":"product-type-simple"},"acf":[],"_links":{"self":[{"href":"https:\/\/arisinclinic.com\/vi\/wp-json\/wp\/v2\/product\/11082","targetHints":{"allow":["GET"]}}],"collection":[{"href":"https:\/\/arisinclinic.com\/vi\/wp-json\/wp\/v2\/product"}],"about":[{"href":"https:\/\/arisinclinic.com\/vi\/wp-json\/wp\/v2\/types\/product"}],"replies":[{"embeddable":true,"href":"https:\/\/arisinclinic.com\/vi\/wp-json\/wp\/v2\/comments?post=11082"}],"wp:featuredmedia":[{"embeddable":true,"href":"https:\/\/arisinclinic.com\/vi\/wp-json\/wp\/v2\/media\/11083"}],"wp:attachment":[{"href":"https:\/\/arisinclinic.com\/vi\/wp-json\/wp\/v2\/media?parent=11082"}],"wp:term":[{"taxonomy":"product_brand","embeddable":true,"href":"https:\/\/arisinclinic.com\/vi\/wp-json\/wp\/v2\/product_brand?post=11082"},{"taxonomy":"product_cat","embeddable":true,"href":"https:\/\/arisinclinic.com\/vi\/wp-json\/wp\/v2\/product_cat?post=11082"},{"taxonomy":"product_tag","embeddable":true,"href":"https:\/\/arisinclinic.com\/vi\/wp-json\/wp\/v2\/product_tag?post=11082"}],"curies":[{"name":"wp","href":"https:\/\/api.w.org\/{rel}","templated":true}]}}