{"id":11093,"date":"2026-03-20T22:49:18","date_gmt":"2026-03-20T14:49:18","guid":{"rendered":"https:\/\/4t542t4sohxh.wpsite.pro\/?post_type=product&#038;p=11093"},"modified":"2026-04-14T21:41:56","modified_gmt":"2026-04-14T13:41:56","slug":"talent-a","status":"publish","type":"product","link":"https:\/\/arisinclinic.com\/vi\/service\/talent-a\/","title":{"rendered":"Talent-A S\u00f3ng t\u1eeb \u0111\u1ed9ng"},"content":{"rendered":"<p>C\u00f4ng ngh\u1ec7 s\u00f3ng t\u1eeb \u0111\u1ed9ng Talent-A th\u1ebf h\u1ec7 m\u1edbi, v\u1edbi c\u00f4ng ngh\u1ec7 t\u1eeb tr\u01b0\u1eddng h\u00e0ng \u0111\u1ea7u 2,5 Tesla, \u0111\u00e3 m\u1edf ra m\u1ed9t k\u1ef7 nguy\u00ean m\u1edbi trong vi\u1ec7c t\u1ea1o d\u00e1ng c\u01a1 th\u1ec3 th\u00f4ng qua \u201ct\u1eadp luy\u1ec7n th\u1ee5 \u0111\u1ed9ng\u201d. Nh\u1edd c\u00e1c xung t\u1eeb tr\u01b0\u1eddng t\u1ea7n s\u1ed1 cao k\u00edch th\u00edch s\u1ef1 co b\u00f3p v\u01b0\u1ee3t ng\u01b0\u1ee1ng c\u1ee7a c\u01a1 b\u1eafp, ph\u01b0\u01a1ng ph\u00e1p n\u00e0y kh\u00f4ng ch\u1ec9 r\u00e8n luy\u1ec7n s\u00e2u c\u00e1c nh\u00f3m c\u01a1 l\u00f5i, t\u1ea1o n\u00ean nh\u1eefng \u0111\u01b0\u1eddng n\u00e9t s\u0103n ch\u1eafc m\u00e0 c\u00f2n gi\u00fap c\u1ee7ng c\u1ed1 hi\u1ec7u qu\u1ea3 c\u01a1 s\u00e0n ch\u1eadu, c\u1ea3i thi\u1ec7n c\u00e1c v\u1ea5n \u0111\u1ec1 sau sinh. \u0110\u00e2y l\u00e0 ph\u01b0\u01a1ng ph\u00e1p t\u1ea1o h\u00ecnh c\u01a1 th\u1ec3 hi\u1ec7u qu\u1ea3, an to\u00e0n v\u00e0 kh\u00f4ng c\u1ea7n th\u1eddi gian h\u1ed3i ph\u1ee5c, gi\u00fap b\u1ea1n t\u00e1i t\u1ea1o ch\u1ee9c n\u0103ng c\u01a1 th\u1ec3 v\u00e0 \u0111\u01b0\u1eddng cong trong 30 ph\u00fat tho\u1ea3i m\u00e1i, to\u00e1t l\u00ean v\u1ebb \u0111\u1eb9p kh\u1ecfe kho\u1eafn t\u1eeb b\u00ean trong ra b\u00ean ngo\u00e0i.<\/p>\n<p><img fetchpriority=\"high\" decoding=\"async\" class=\"alignnone wp-image-11096 size-full\" src=\"https:\/\/arisinclinic.com\/wp-content\/uploads\/2026\/03\/Talent-A-\u52d5\u78c1\u6ce23.jpg\" alt=\"Talent-A S\u00f3ng t\u1eeb \u0111\u1ed9ng 3\" width=\"800\" height=\"530\" title=\"\" srcset=\"https:\/\/arisinclinic.com\/wp-content\/uploads\/2026\/03\/Talent-A-\u52d5\u78c1\u6ce23.jpg 800w, https:\/\/arisinclinic.com\/wp-content\/uploads\/2026\/03\/Talent-A-\u52d5\u78c1\u6ce23-300x199.jpg 300w, https:\/\/arisinclinic.com\/wp-content\/uploads\/2026\/03\/Talent-A-\u52d5\u78c1\u6ce23-768x509.jpg 768w, https:\/\/arisinclinic.com\/wp-content\/uploads\/2026\/03\/Talent-A-\u52d5\u78c1\u6ce23-600x398.jpg 600w\" sizes=\"(max-width: 800px) 100vw, 800px\" \/><\/p>\n<h3>S\u00f3ng t\u1eeb \u0111\u1ed9ng l\u00e0 g\u00ec?<\/h3>\n<p>C\u00f4ng ngh\u1ec7 s\u00f3ng t\u1eeb \u0111\u1ed9ng s\u1eed d\u1ee5ng s\u00f3ng \u0111i\u1ec7n t\u1eeb t\u1eadp trung c\u01b0\u1eddng \u0111\u1ed9 cao \u0111\u1ec3 k\u00edch th\u00edch c\u01a1 b\u1eafp co b\u00f3p m\u1ed9t c\u00e1ch kh\u00f4ng x\u00e2m l\u1ea5n, t\u1ea1o ra hi\u1ec7u \u1ee9ng t\u01b0\u01a1ng t\u1ef1 nh\u01b0 khi t\u1eadp luy\u1ec7n v\u1edbi c\u01b0\u1eddng \u0111\u1ed9 c\u1ef1c cao. M\u1ed7i li\u1ec7u tr\u00ecnh ch\u1ec9 m\u1ea5t kho\u1ea3ng 30 ph\u00fat, v\u1edbi s\u1ed1 l\u1ea7n co b\u00f3p c\u01a1 l\u00ean \u0111\u1ebfn h\u01a1n 20.000 l\u1ea7n, t\u01b0\u01a1ng \u0111\u01b0\u01a1ng v\u1edbi l\u01b0\u1ee3ng k\u00edch th\u00edch c\u01a1 b\u1eafp khi th\u1ef1c hi\u1ec7n 20.000 l\u1ea7n g\u1eadp b\u1ee5ng ho\u1eb7c squat. \u0110i\u1ec1u n\u00e0y gi\u00fap b\u1ea1n k\u00edch ho\u1ea1t nh\u00f3m c\u01a1 l\u00f5i, t\u0103ng c\u01b0\u1eddng m\u1eadt \u0111\u1ed9 c\u01a1 b\u1eafp, \u0111\u1ed3ng th\u1eddi th\u00fac \u0111\u1ea9y qu\u00e1 tr\u00ecnh trao \u0111\u1ed5i ch\u1ea5t v\u00e0 gi\u1ea3m m\u1ee1 c\u01a1 th\u1ec3 ngay c\u1ea3 khi \u0111ang n\u1eb1m th\u01b0 gi\u00e3n.<\/p>\n<p><img decoding=\"async\" class=\"alignnone wp-image-11097 size-full\" src=\"https:\/\/arisinclinic.com\/wp-content\/uploads\/2026\/03\/Talent-A-\u52d5\u78c1\u6ce21.jpg\" alt=\"Talent-A S\u00f3ng t\u1eeb \u0111\u1ed9ng 1\" width=\"800\" height=\"417\" title=\"\" srcset=\"https:\/\/arisinclinic.com\/wp-content\/uploads\/2026\/03\/Talent-A-\u52d5\u78c1\u6ce21.jpg 800w, https:\/\/arisinclinic.com\/wp-content\/uploads\/2026\/03\/Talent-A-\u52d5\u78c1\u6ce21-300x156.jpg 300w, https:\/\/arisinclinic.com\/wp-content\/uploads\/2026\/03\/Talent-A-\u52d5\u78c1\u6ce21-768x400.jpg 768w, https:\/\/arisinclinic.com\/wp-content\/uploads\/2026\/03\/Talent-A-\u52d5\u78c1\u6ce21-600x313.jpg 600w\" sizes=\"(max-width: 800px) 100vw, 800px\" \/><\/p>\n<h3>C\u00e1c v\u1ecb tr\u00ed th\u00edch h\u1ee3p \u0111\u1ec3 thi c\u00f4ng<\/h3>\n<ul>\n<li>V\u00f9ng b\u1ee5ng: T\u0103ng c\u01b0\u1eddng c\u01a1 l\u00f5i, c\u1ea3i thi\u1ec7n t\u00ecnh tr\u1ea1ng b\u1ee5ng d\u01b0\u1edbi ch\u1ea3y x\u1ec7<\/li>\n<li>M\u00f4ng: T\u1ea1o d\u00e1ng v\u00f2ng 3 s\u0103n ch\u1eafc, t\u0103ng c\u01b0\u1eddng \u0111\u1ed9 n\u00e2ng \u0111\u1ee1<\/li>\n<li>M\u1eb7t trong \u0111\u00f9i\/c\u00e1nh tay: T\u0103ng c\u01b0\u1eddng \u0111\u1ed9 s\u0103n ch\u1eafc c\u1ee7a c\u01a1 b\u1eafp, gi\u1ea3m c\u1ea3m gi\u00e1c ch\u1ea3y x\u1ec7<\/li>\n<li>C\u00e1c b\u00e0 m\u1eb9 sau sinh: H\u1ed7 tr\u1ee3 ph\u1ee5c h\u1ed3i c\u01a1 th\u1eb3ng b\u1ee5ng, l\u1ea5y l\u1ea1i v\u00f3c d\u00e1ng t\u1ef1 tin<\/li>\n<\/ul>\n<p><img decoding=\"async\" class=\"alignnone wp-image-11098 size-full\" src=\"https:\/\/arisinclinic.com\/wp-content\/uploads\/2026\/03\/Talent-A-\u52d5\u78c1\u6ce22.jpg\" alt=\"Talent-A S\u00f3ng t\u1eeb \u0111\u1ed9ng 2\" width=\"800\" height=\"800\" title=\"\" srcset=\"https:\/\/arisinclinic.com\/wp-content\/uploads\/2026\/03\/Talent-A-\u52d5\u78c1\u6ce22.jpg 800w, https:\/\/arisinclinic.com\/wp-content\/uploads\/2026\/03\/Talent-A-\u52d5\u78c1\u6ce22-300x300.jpg 300w, https:\/\/arisinclinic.com\/wp-content\/uploads\/2026\/03\/Talent-A-\u52d5\u78c1\u6ce22-150x150.jpg 150w, https:\/\/arisinclinic.com\/wp-content\/uploads\/2026\/03\/Talent-A-\u52d5\u78c1\u6ce22-768x768.jpg 768w, https:\/\/arisinclinic.com\/wp-content\/uploads\/2026\/03\/Talent-A-\u52d5\u78c1\u6ce22-600x600.jpg 600w, https:\/\/arisinclinic.com\/wp-content\/uploads\/2026\/03\/Talent-A-\u52d5\u78c1\u6ce22-100x100.jpg 100w\" sizes=\"(max-width: 800px) 100vw, 800px\" \/><\/p>\n<h3>Ai ph\u00f9 h\u1ee3p \u0111\u1ec3 th\u1ef1c hi\u1ec7n li\u1ec7u ph\u00e1p s\u00f3ng t\u1eeb \u0111\u1ed9ng?<\/h3>\n<ul>\n<li>Ph\u00f9 h\u1ee3p v\u1edbi nh\u1eefng ng\u01b0\u1eddi c\u00f3 t\u1ef7 l\u1ec7 m\u1ee1 c\u01a1 th\u1ec3 th\u1ea5p nh\u01b0ng thi\u1ebfu \u0111\u01b0\u1eddng n\u00e9t c\u01a1 b\u1eafp<\/li>\n<li>Nh\u1eefng ai mu\u1ed1n t\u0103ng c\u01b0\u1eddng \u0111\u1ed9 s\u0103n ch\u1eafc v\u00e0 \u0111\u1ecbnh h\u00ecnh c\u01a1 b\u1eafp<\/li>\n<li>Nh\u1eefng ai kh\u00f4ng c\u00f3 th\u1eddi gian t\u1eadp th\u1ec3 d\u1ee5c nh\u01b0ng mong mu\u1ed1n c\u00f3 v\u00f3c d\u00e1ng thon g\u1ecdn<\/li>\n<li>Nh\u1eefng ng\u01b0\u1eddi mong mu\u1ed1n ph\u1ee5c h\u1ed3i c\u01a1 l\u00f5i v\u00e0 tr\u00e1nh \u0111au l\u01b0ng d\u01b0\u1edbi sau sinh<\/li>\n<\/ul>\n<p>(*N\u1ebfu b\u1ea1n \u0111ang mang thi\u1ebft b\u1ecb \u0111i\u1ec7n t\u1eed c\u1ea5y gh\u00e9p, \u0111ang mang thai ho\u1eb7c c\u00f3 ti\u1ec1n s\u1eed m\u1eafc b\u1ec7nh nghi\u00eam tr\u1ecdng, vui l\u00f2ng tham kh\u1ea3o \u00fd ki\u1ebfn c\u1ee7a \u0111\u1ed9i ng\u0169 y t\u1ebf chuy\u00ean nghi\u1ec7p t\u1ea1i Arixin \u0111\u1ec3 \u0111\u00e1nh gi\u00e1 xem li\u1ec7u b\u1ea1n c\u00f3 ph\u00f9 h\u1ee3p \u0111\u1ec3 th\u1ef1c hi\u1ec7n li\u1ec7u tr\u00ecnh hay kh\u00f4ng)<\/p>","protected":false},"excerpt":{"rendered":"<p>C\u00f4ng ngh\u1ec7 s\u00f3ng t\u1eeb \u0111\u1ed9ng Talent-A c\u1ee7a Arixin \u0111\u1ea1t \u0111\u01b0\u1ee3c s\u1ef1 c\u00e2n b\u1eb1ng to\u00e0n di\u1ec7n gi\u1eefa vi\u1ec7c t\u0103ng c\u01a1 hi\u1ec7u qu\u1ea3 v\u00e0 ph\u1ee5c h\u1ed3i s\u00e2u. S\u1eed d\u1ee5ng n\u0103ng l\u01b0\u1ee3ng t\u1eeb tr\u01b0\u1eddng c\u01b0\u1eddng \u0111\u1ed9 cao 2.5 Tesla, k\u00edch ho\u1ea1t ch\u00ednh x\u00e1c s\u1ef1 co b\u00f3p c\u1ee7a c\u00e1c nh\u00f3m c\u01a1 c\u1ed1t l\u00f5i v\u00e0 t\u0103ng c\u01b0\u1eddng c\u01a1 s\u00e0n ch\u1eadu, gi\u00fap t\u1ea1o h\u00ecnh \u0111\u01b0\u1eddng cong c\u01a1 th\u1ec3 v\u00e0 ch\u0103m s\u00f3c s\u1ee9c kh\u1ecfe sau sinh m\u1ed9t c\u00e1ch kh\u00f4ng x\u00e2m l\u1ea5n. Chuy\u00ean gia y t\u1ebf s\u1ebd thi\u1ebft k\u1ebf ch\u1ebf \u0111\u1ed9 t\u1ea7n s\u1ed1 ph\u00f9 h\u1ee3p v\u1edbi t\u1eebng c\u00e1 nh\u00e2n, gi\u00fap b\u1ea1n l\u1ea5y l\u1ea1i s\u1ef1 s\u0103n ch\u1eafc ngay c\u1ea3 khi n\u1eb1m ngh\u1ec9. H\u00e3y li\u00ean h\u1ec7 ngay \u0111\u1ec3 tr\u1ea3i nghi\u1ec7m hi\u1ec7u qu\u1ea3 t\u1ea1o h\u00ecnh c\u01a1 th\u1ec3 nhanh ch\u00f3ng m\u00e0 c\u00f4ng ngh\u1ec7 s\u00f3ng t\u1eeb \u0111\u1ed9ng mang l\u1ea1i.<\/p>","protected":false},"featured_media":11099,"comment_status":"open","ping_status":"closed","template":"","meta":{"_acf_changed":false},"product_brand":[],"product_cat":[15,159],"product_tag":[],"class_list":{"0":"post-11093","1":"product","2":"type-product","3":"status-publish","4":"has-post-thumbnail","6":"product_cat-service","7":"product_cat-body-contouring","9":"first","10":"instock","11":"shipping-taxable","12":"product-type-simple"},"acf":[],"_links":{"self":[{"href":"https:\/\/arisinclinic.com\/vi\/wp-json\/wp\/v2\/product\/11093","targetHints":{"allow":["GET"]}}],"collection":[{"href":"https:\/\/arisinclinic.com\/vi\/wp-json\/wp\/v2\/product"}],"about":[{"href":"https:\/\/arisinclinic.com\/vi\/wp-json\/wp\/v2\/types\/product"}],"replies":[{"embeddable":true,"href":"https:\/\/arisinclinic.com\/vi\/wp-json\/wp\/v2\/comments?post=11093"}],"wp:featuredmedia":[{"embeddable":true,"href":"https:\/\/arisinclinic.com\/vi\/wp-json\/wp\/v2\/media\/11099"}],"wp:attachment":[{"href":"https:\/\/arisinclinic.com\/vi\/wp-json\/wp\/v2\/media?parent=11093"}],"wp:term":[{"taxonomy":"product_brand","embeddable":true,"href":"https:\/\/arisinclinic.com\/vi\/wp-json\/wp\/v2\/product_brand?post=11093"},{"taxonomy":"product_cat","embeddable":true,"href":"https:\/\/arisinclinic.com\/vi\/wp-json\/wp\/v2\/product_cat?post=11093"},{"taxonomy":"product_tag","embeddable":true,"href":"https:\/\/arisinclinic.com\/vi\/wp-json\/wp\/v2\/product_tag?post=11093"}],"curies":[{"name":"wp","href":"https:\/\/api.w.org\/{rel}","templated":true}]}}