{"id":11120,"date":"2026-03-21T00:25:53","date_gmt":"2026-03-20T16:25:53","guid":{"rendered":"https:\/\/4t542t4sohxh.wpsite.pro\/?post_type=product&#038;p=11120"},"modified":"2026-04-14T21:38:11","modified_gmt":"2026-04-14T13:38:11","slug":"micool-s","status":"publish","type":"product","link":"https:\/\/arisinclinic.com\/vi\/service\/micool-s\/","title":{"rendered":"MICOOL-S Gi\u1ea3m m\u1ee1 b\u1eb1ng ph\u01b0\u01a1ng ph\u00e1p \u0111\u00f4ng l\u1ea1nh"},"content":{"rendered":"<p>C\u00f4ng ngh\u1ec7 gi\u1ea3m m\u1ee1 b\u1eb1ng \u0111\u00f4ng l\u1ea1nh MICOOL-S th\u1ebf h\u1ec7 m\u1edbi, v\u1edbi c\u00f4ng ngh\u1ec7 \u201ct\u1ea1o h\u00ecnh b\u1eb1ng nhi\u1ec7t \u0111\u1ed9 th\u1ea5p\u201d kh\u00f4ng x\u00e2m l\u1ea5n, \u0111ang d\u1eabn \u0111\u1ea7u xu h\u01b0\u1edbng m\u1edbi trong l\u0129nh v\u1ef1c t\u1ea1o h\u00ecnh c\u01a1 th\u1ec3. B\u1eb1ng c\u00e1ch t\u1eadn d\u1ee5ng \u0111\u1eb7c t\u00ednh nh\u1ea1y c\u1ea3m v\u1edbi nhi\u1ec7t \u0111\u1ed9 th\u1ea5p c\u1ee7a t\u1ebf b\u00e0o m\u1ee1, c\u00f4ng ngh\u1ec7 n\u00e0y k\u00edch ho\u1ea1t ch\u00ednh x\u00e1c qu\u00e1 tr\u00ecnh ch\u1ebft t\u1ef1 nhi\u00ean c\u1ee7a ch\u00fang v\u00e0 gi\u00fap lo\u1ea1i b\u1ecf m\u1ee1 th\u1eeba m\u1ed9t c\u00e1ch d\u1ec5 d\u00e0ng th\u00f4ng qua h\u1ec7 th\u1ed1ng trao \u0111\u1ed5i ch\u1ea5t. V\u1edbi thi\u1ebft k\u1ebf \u0111\u1ea7u d\u00f2 k\u00e9p hi\u1ec7u qu\u1ea3 cao v\u00e0 c\u00f4ng ngh\u1ec7 \u00e1p su\u1ea5t \u00e2m \u0111\u1ed9c quy\u1ec1n, thi\u1ebft b\u1ecb c\u00f3 th\u1ec3 \u0111\u1ed3ng th\u1eddi ph\u00e1 v\u1ee1 l\u1edbp m\u1ee1 c\u1ee9ng \u0111\u1ea7u \u1edf hai b\u00ean, mang l\u1ea1i \u0111\u01b0\u1eddng n\u00e9t c\u00e2n \u0111\u1ed1i v\u00e0 h\u00e0i h\u00f2a. \u0110\u00e2y l\u00e0 gi\u1ea3i ph\u00e1p c\u00f3 gi\u00e1 tr\u1ecb cao, kh\u00f4ng c\u1ea7n ph\u1eabu thu\u1eadt, \u00edt g\u00e2y kh\u00f3 ch\u1ecbu v\u00e0 gi\u00fap \u0111\u1ecbnh h\u00ecnh \u0111\u01b0\u1eddng n\u00e9t ho\u00e0n h\u1ea3o, gi\u00fap b\u1ea1n l\u1ea5y l\u1ea1i v\u00f3c d\u00e1ng thanh tho\u00e1t v\u00e0 duy\u00ean d\u00e1ng trong qu\u00e1 tr\u00ecnh \u0111i\u1ec1u tr\u1ecb tho\u1ea3i m\u00e1i.<\/p>\n<p><img fetchpriority=\"high\" decoding=\"async\" class=\"alignnone wp-image-11123 size-full\" src=\"https:\/\/arisinclinic.com\/wp-content\/uploads\/2026\/03\/MICOOL-S-\u51b7\u51cd\u6e1b\u81025.jpg\" alt=\"MICOOL-S Gi\u1ea3m m\u1ee1 b\u1eb1ng ph\u01b0\u01a1ng ph\u00e1p \u0111\u00f4ng l\u1ea1nh 5\" width=\"800\" height=\"415\" title=\"\" srcset=\"https:\/\/arisinclinic.com\/wp-content\/uploads\/2026\/03\/MICOOL-S-\u51b7\u51cd\u6e1b\u81025.jpg 800w, https:\/\/arisinclinic.com\/wp-content\/uploads\/2026\/03\/MICOOL-S-\u51b7\u51cd\u6e1b\u81025-300x156.jpg 300w, https:\/\/arisinclinic.com\/wp-content\/uploads\/2026\/03\/MICOOL-S-\u51b7\u51cd\u6e1b\u81025-768x398.jpg 768w, https:\/\/arisinclinic.com\/wp-content\/uploads\/2026\/03\/MICOOL-S-\u51b7\u51cd\u6e1b\u81025-600x311.jpg 600w\" sizes=\"(max-width: 800px) 100vw, 800px\" \/><\/p>\n<h3>T\u1ea1o h\u00ecnh c\u01a1 th\u1ec3 b\u1eb1ng ph\u01b0\u01a1ng ph\u00e1p \u0111\u00f4ng l\u1ea1nh m\u1ee1 \u2013 L\u1ef1a ch\u1ecdn m\u1edbi \u0111\u1ec3 t\u00e1i t\u1ea1o v\u00f3c d\u00e1ng kh\u00f4ng x\u00e2m l\u1ea5n<\/h3>\n<p>B\u1ea1n mu\u1ed1n gi\u1ea3m m\u1ee1 c\u1ee5c b\u1ed9 m\u00e0 kh\u00f4ng c\u1ea7n ph\u1eabu thu\u1eadt? C\u00f4ng ngh\u1ec7 gi\u1ea3m m\u1ee1 b\u1eb1ng \u0111\u00f4ng l\u1ea1nh MICOOL-S s\u1eed d\u1ee5ng k\u1ef9 thu\u1eadt \u0111\u00f4ng l\u1ea1nh \u1edf nhi\u1ec7t \u0111\u1ed9 th\u1ea5p, kh\u00f4ng c\u1ea7n th\u1eddi gian h\u1ed3i ph\u1ee5c, mang l\u1ea1i k\u1ebft qu\u1ea3 thon g\u1ecdn t\u1ef1 nhi\u00ean v\u00e0 hi\u1ec7u qu\u1ea3. Ph\u00f2ng kh\u00e1m Arixin \u0111\u00e3 nh\u1eadp kh\u1ea9u thi\u1ebft b\u1ecb MICOOL-S ch\u00ednh h\u00e3ng t\u1eeb H\u00e0n Qu\u1ed1c, k\u1ebft h\u1ee3p v\u1edbi \u0111\u00e1nh gi\u00e1 chuy\u00ean nghi\u1ec7p v\u00e0 li\u1ec7u tr\u00ecnh \u0111\u01b0\u1ee3c thi\u1ebft k\u1ebf ri\u00eang, gi\u00fap b\u1ea1n b\u1eaft \u0111\u1ea7u cu\u1ed9c c\u00e1ch m\u1ea1ng gi\u1ea3m m\u1ee1 trong s\u1ef1 tho\u1ea3i m\u00e1i.<\/p>\n<p><img decoding=\"async\" class=\"alignnone wp-image-11125 size-full\" src=\"https:\/\/arisinclinic.com\/wp-content\/uploads\/2026\/03\/MICOOL-S-\u51b7\u51cd\u6e1b\u81021.jpg\" alt=\"MICOOL-S Gi\u1ea3m m\u1ee1 b\u1eb1ng ph\u01b0\u01a1ng ph\u00e1p \u0111\u00f4ng l\u1ea1nh 1\" width=\"800\" height=\"1018\" title=\"\" srcset=\"https:\/\/arisinclinic.com\/wp-content\/uploads\/2026\/03\/MICOOL-S-\u51b7\u51cd\u6e1b\u81021.jpg 800w, https:\/\/arisinclinic.com\/wp-content\/uploads\/2026\/03\/MICOOL-S-\u51b7\u51cd\u6e1b\u81021-236x300.jpg 236w, https:\/\/arisinclinic.com\/wp-content\/uploads\/2026\/03\/MICOOL-S-\u51b7\u51cd\u6e1b\u81021-768x977.jpg 768w, https:\/\/arisinclinic.com\/wp-content\/uploads\/2026\/03\/MICOOL-S-\u51b7\u51cd\u6e1b\u81021-600x764.jpg 600w\" sizes=\"(max-width: 800px) 100vw, 800px\" \/><\/p>\n<h3>MICOOL-S l\u00e0 g\u00ec?<\/h3>\n<p>MICOOL-S l\u00e0 thi\u1ebft b\u1ecb gi\u1ea3m m\u1ee1 b\u1eb1ng ph\u01b0\u01a1ng ph\u00e1p \u0111\u00f4ng l\u1ea1nh do m\u1ed9t h\u00e3ng th\u1ea9m m\u1ef9 h\u00e0ng \u0111\u1ea7u c\u1ee7a H\u00e0n Qu\u1ed1c s\u1ea3n xu\u1ea5t. Thi\u1ebft b\u1ecb n\u00e0y \u1ee9ng d\u1ee5ng \u201cnguy\u00ean l\u00fd ph\u00e2n h\u1ee7y m\u1ee1 b\u1eb1ng \u0111\u00f4ng l\u1ea1nh (Cryolipolysis)\u201d, l\u00e0m l\u1ea1nh c\u00e1c t\u1ebf b\u00e0o m\u1ee1 xu\u1ed1ng nhi\u1ec7t \u0111\u1ed9 t\u1eeb -5\u00b0C \u0111\u1ebfn -10\u00b0C, k\u00edch th\u00edch qu\u00e1 tr\u00ecnh ch\u1ebft t\u1ebf b\u00e0o m\u1ee1 v\u00e0 gi\u00fap c\u01a1 th\u1ec3 t\u1ef1 \u0111\u00e0o th\u1ea3i ch\u00fang qua qu\u00e1 tr\u00ecnh trao \u0111\u1ed5i ch\u1ea5t, t\u1eeb \u0111\u00f3 mang l\u1ea1i hi\u1ec7u qu\u1ea3 gi\u1ea3m m\u1ee1 c\u1ee5c b\u1ed9. Kh\u00f4ng c\u1ea7n ph\u1eabu thu\u1eadt, kh\u00f4ng \u0111\u1ec3 l\u1ea1i v\u1ebft th\u01b0\u01a1ng, kh\u00f4ng ti\u00eam ch\u00edch, ph\u00f9 h\u1ee3p v\u1edbi nh\u1eefng ng\u01b0\u1eddi hi\u1ec7n \u0111\u1ea1i mu\u1ed1n c\u1ea3i thi\u1ec7n v\u00f3c d\u00e1ng nh\u01b0ng kh\u00f4ng mu\u1ed1n th\u1ef1c hi\u1ec7n c\u00e1c ph\u01b0\u01a1ng ph\u00e1p \u0111i\u1ec1u tr\u1ecb x\u00e2m l\u1ea5n.<\/p>\n<p><img decoding=\"async\" class=\"alignnone wp-image-11124 size-full\" src=\"https:\/\/arisinclinic.com\/wp-content\/uploads\/2026\/03\/MICOOL-S-\u51b7\u51cd\u6e1b\u81022.jpg\" alt=\"MICOOL-S Gi\u1ea3m m\u1ee1 b\u1eb1ng ph\u01b0\u01a1ng ph\u00e1p \u0111\u00f4ng l\u1ea1nh 2\" width=\"800\" height=\"534\" title=\"\" srcset=\"https:\/\/arisinclinic.com\/wp-content\/uploads\/2026\/03\/MICOOL-S-\u51b7\u51cd\u6e1b\u81022.jpg 800w, https:\/\/arisinclinic.com\/wp-content\/uploads\/2026\/03\/MICOOL-S-\u51b7\u51cd\u6e1b\u81022-300x200.jpg 300w, https:\/\/arisinclinic.com\/wp-content\/uploads\/2026\/03\/MICOOL-S-\u51b7\u51cd\u6e1b\u81022-768x513.jpg 768w, https:\/\/arisinclinic.com\/wp-content\/uploads\/2026\/03\/MICOOL-S-\u51b7\u51cd\u6e1b\u81022-600x401.jpg 600w\" sizes=\"(max-width: 800px) 100vw, 800px\" \/><\/p>\n<h3>C\u00e1c v\u00f9ng th\u00edch h\u1ee3p \u0111\u1ec3 \u0111i\u1ec1u tr\u1ecb<\/h3>\n<ul>\n<li>M\u1ee1 b\u1ee5ng (ph\u1ea7n b\u1ee5ng d\u01b0\u1edbi, ph\u1ea7n b\u1ee5ng tr\u00ean)<\/li>\n<li>V\u00f9ng m\u1ee1 hai b\u00ean h\u00f4ng (Love handles)<\/li>\n<li>M\u1eb7t trong c\u00e1nh tay<\/li>\n<li>M\u1eb7t trong v\u00e0 m\u1eb7t ngo\u00e0i \u0111\u00f9i<\/li>\n<li>M\u1ee1 l\u01b0ng<\/li>\n<li>C\u1eb1m (c\u00f3 th\u1ec3 k\u1ebft h\u1ee3p v\u1edbi hai c\u00e1nh tay v\u00e0 ph\u1ea7n \u0111\u1ea7u nh\u00f4 ra nh\u1ecf)<\/li>\n<\/ul>\n<p><img loading=\"lazy\" decoding=\"async\" class=\"alignnone wp-image-11126 size-full\" src=\"https:\/\/arisinclinic.com\/wp-content\/uploads\/2026\/03\/MICOOL-S-\u51b7\u51cd\u6e1b\u81023.jpg\" alt=\"MICOOL-S Gi\u1ea3m m\u1ee1 b\u1eb1ng ph\u01b0\u01a1ng ph\u00e1p \u0111\u00f4ng l\u1ea1nh 3\" width=\"800\" height=\"1017\" title=\"\" srcset=\"https:\/\/arisinclinic.com\/wp-content\/uploads\/2026\/03\/MICOOL-S-\u51b7\u51cd\u6e1b\u81023.jpg 800w, https:\/\/arisinclinic.com\/wp-content\/uploads\/2026\/03\/MICOOL-S-\u51b7\u51cd\u6e1b\u81023-236x300.jpg 236w, https:\/\/arisinclinic.com\/wp-content\/uploads\/2026\/03\/MICOOL-S-\u51b7\u51cd\u6e1b\u81023-768x976.jpg 768w, https:\/\/arisinclinic.com\/wp-content\/uploads\/2026\/03\/MICOOL-S-\u51b7\u51cd\u6e1b\u81023-600x763.jpg 600w\" sizes=\"(max-width: 800px) 100vw, 800px\" \/><\/p>\n<h3>\u01afu \u0111i\u1ec3m c\u1ee7a li\u1ec7u tr\u00ecnh t\u1ea1i Ph\u00f2ng kh\u00e1m Ariesin<\/h3>\n<h4>Thi\u1ebft b\u1ecb ch\u00ednh h\u00e3ng, hi\u1ec7u qu\u1ea3 \u0111i\u1ec1u tr\u1ecb \u0111\u01b0\u1ee3c \u0111\u1ea3m b\u1ea3o<\/h4>\n<p>S\u1ea3n ph\u1ea9m MICOOL-S nh\u1eadp kh\u1ea9u tr\u1ef1c ti\u1ebfp t\u1eeb nh\u00e0 s\u1ea3n xu\u1ea5t H\u00e0n Qu\u1ed1c, s\u1edf h\u1eefu h\u1ec7 th\u1ed1ng l\u00e0m l\u1ea1nh \u1ed5n \u0111\u1ecbnh, l\u1ef1c h\u00fat \u0111\u1ed3ng \u0111\u1ec1u, gi\u00fap n\u00e2ng cao hi\u1ec7u qu\u1ea3 \u0111\u00f4ng l\u1ea1nh m\u1ee1.<\/p>\n<h4>S\u1eed d\u1ee5ng \u0111\u1ed3ng th\u1eddi hai \u0111\u1ea7u d\u00f2, ti\u1ebft ki\u1ec7m th\u1eddi gian v\u00e0 hi\u1ec7u qu\u1ea3 cao<\/h4>\n<p>H\u1ec7 th\u1ed1ng hai \u0111\u1ea7u d\u00f2 c\u00f3 th\u1ec3 th\u1ef1c hi\u1ec7n \u0111i\u1ec1u tr\u1ecb \u0111\u1ed3ng th\u1eddi tr\u00ean hai v\u00f9ng, gi\u00fap r\u00fat ng\u1eafn \u0111\u00e1ng k\u1ec3 th\u1eddi gian \u0111i\u1ec1u tr\u1ecb.<\/p>\n<h4>K\u1ebf ho\u1ea1ch t\u1ea1o d\u00e1ng c\u01a1 th\u1ec3 theo y\u00eau c\u1ea7u<\/h4>\n<p>C\u00e1c b\u00e1c s\u0129 v\u00e0 \u0111i\u1ec1u d\u01b0\u1ee1ng chuy\u00ean nghi\u1ec7p s\u1ebd ti\u1ebfn h\u00e0nh ph\u00e2n t\u00edch th\u1ec3 tr\u1ea1ng \u0111\u1ec3 thi\u1ebft k\u1ebf ri\u00eang li\u1ec7u tr\u00ecnh \u0111i\u1ec1u tr\u1ecb v\u00e0 s\u1ed1 l\u1ea7n \u0111i\u1ec1u tr\u1ecb ph\u00f9 h\u1ee3p cho t\u1eebng kh\u00e1ch h\u00e0ng.<\/p>\n<h4>Thi\u1ebft k\u1ebf mang l\u1ea1i s\u1ef1 tho\u1ea3i m\u00e1i t\u1ed1i \u0111a<\/h4>\n<p>Trong qu\u00e1 tr\u00ecnh \u0111i\u1ec1u tr\u1ecb, b\u1ea1n ch\u1ec9 c\u1ea3m th\u1ea5y m\u1ed9t ch\u00fat m\u00e1t l\u1ea1nh v\u00e0 c\u1ea3m gi\u00e1c da \u0111\u01b0\u1ee3c h\u00fat nh\u1eb9, kh\u00f4ng c\u1ea7n g\u00e2y t\u00ea v\u00e0 kh\u00f4ng \u1ea3nh h\u01b0\u1edfng \u0111\u1ebfn sinh ho\u1ea1t h\u00e0ng ng\u00e0y.<\/p>\n<p><img loading=\"lazy\" decoding=\"async\" class=\"alignnone wp-image-11127 size-full\" src=\"https:\/\/arisinclinic.com\/wp-content\/uploads\/2026\/03\/MICOOL-S-\u51b7\u51cd\u6e1b\u8102\u4ecb\u7d39.jpg\" alt=\"Gi\u1edbi thi\u1ec7u v\u1ec1 ph\u01b0\u01a1ng ph\u00e1p gi\u1ea3m m\u1ee1 b\u1eb1ng \u0111\u00f4ng l\u1ea1nh MICOOL-S\" width=\"800\" height=\"402\" title=\"\" srcset=\"https:\/\/arisinclinic.com\/wp-content\/uploads\/2026\/03\/MICOOL-S-\u51b7\u51cd\u6e1b\u8102\u4ecb\u7d39.jpg 800w, https:\/\/arisinclinic.com\/wp-content\/uploads\/2026\/03\/MICOOL-S-\u51b7\u51cd\u6e1b\u8102\u4ecb\u7d39-300x151.jpg 300w, https:\/\/arisinclinic.com\/wp-content\/uploads\/2026\/03\/MICOOL-S-\u51b7\u51cd\u6e1b\u8102\u4ecb\u7d39-768x386.jpg 768w, https:\/\/arisinclinic.com\/wp-content\/uploads\/2026\/03\/MICOOL-S-\u51b7\u51cd\u6e1b\u8102\u4ecb\u7d39-600x302.jpg 600w\" sizes=\"(max-width: 800px) 100vw, 800px\" \/><\/p>\n<h3>Sau khi gi\u1ea3m m\u1ee1 b\u1eb1ng ph\u01b0\u01a1ng ph\u00e1p \u0111\u00f4ng l\u1ea1nh s\u1ebd x\u1ea3y ra \u0111i\u1ec1u g\u00ec?<\/h3>\n<p>MICOOL-S c\u00f3 t\u00e1c d\u1ee5ng l\u00e0m ch\u1ebft d\u1ea7n c\u00e1c t\u1ebf b\u00e0o m\u1ee1 trong v\u00f2ng 2\u20134 tu\u1ea7n, v\u00e0 c\u00f3 th\u1ec3 quan s\u00e1t th\u1ea5y s\u1ef1 c\u1ea3i thi\u1ec7n r\u00f5 r\u1ec7t sau kho\u1ea3ng 1\u20133 th\u00e1ng. C\u00e1c nghi\u00ean c\u1ee9u l\u00e2m s\u00e0ng ch\u1ec9 ra r\u1eb1ng m\u1ed7i l\u1ea7n \u0111i\u1ec1u tr\u1ecb c\u00f3 th\u1ec3 l\u00e0m gi\u1ea3m \u0111\u1ed9 d\u00e0y l\u1edbp m\u1ee1 kho\u1ea3ng 20\u201325%. Sau khi k\u1ebft th\u00fac li\u1ec7u tr\u00ecnh, c\u00e1c t\u1ebf b\u00e0o m\u1ee1 s\u1ebd kh\u00f4ng t\u00e1i sinh, mang l\u1ea1i hi\u1ec7u qu\u1ea3 \u1ed5n \u0111\u1ecbnh v\u00e0 l\u00e2u d\u00e0i (c\u1ea7n k\u1ebft h\u1ee3p v\u1edbi ch\u1ebf \u0111\u1ed9 \u0103n u\u1ed1ng c\u00e2n b\u1eb1ng v\u00e0 t\u1eadp th\u1ec3 d\u1ee5c).<\/p>\n<h3>Ai l\u00e0 \u0111\u1ed1i t\u01b0\u1ee3ng ph\u00f9 h\u1ee3p \u0111\u1ec3 s\u1eed d\u1ee5ng MICOOL-S?<\/h3>\n<ul>\n<li>B\u1ecb m\u1ee1 th\u1eeba c\u1ee5c b\u1ed9, \u0111\u00e3 th\u1eed \u0103n ki\u00eang v\u00e0 t\u1eadp th\u1ec3 d\u1ee5c nh\u01b0ng t\u00ecnh tr\u1ea1ng v\u1eabn ch\u01b0a c\u1ea3i thi\u1ec7n<\/li>\n<li>C\u00e2n n\u1eb7ng b\u00ecnh th\u01b0\u1eddng nh\u01b0ng t\u1ef7 l\u1ec7 m\u1ee1 c\u01a1 th\u1ec3 cao (ki\u1ec3u ng\u01b0\u1eddi \"b\u00e1nh su\", d\u1ec5 t\u00edch m\u1ee1)<\/li>\n<li>Kh\u00f4ng mu\u1ed1n ph\u1ea3i tr\u1ea3i qua th\u1eddi gian h\u1ed3i ph\u1ee5c ho\u1eb7c \u0111\u1ed1i m\u1eb7t v\u1edbi r\u1ee7i ro ph\u1eabu thu\u1eadt<\/li>\n<li>Mu\u1ed1n k\u1ebft h\u1ee3p v\u1edbi c\u00e1c li\u1ec7u tr\u00ecnh th\u1ea9m m\u1ef9 kh\u00e1c \u0111\u1ec3 qu\u1ea3n l\u00fd v\u00f3c d\u00e1ng to\u00e0n di\u1ec7n<\/li>\n<\/ul>\n<h3>Nh\u1eefng \u0111\u1ed1i t\u01b0\u1ee3ng n\u00e0o kh\u00f4ng n\u00ean th\u1ef1c hi\u1ec7n?<\/h3>\n<ul>\n<li>Ph\u1ee5 n\u1eef mang thai ho\u1eb7c \u0111ang cho con b\u00fa<\/li>\n<li>Nh\u1eefng ng\u01b0\u1eddi c\u00f3 tho\u00e1t v\u1ecb, v\u1ebft th\u01b0\u01a1ng ho\u1eb7c t\u1ed5n th\u01b0\u01a1ng da t\u1ea1i v\u1ecb tr\u00ed th\u1ef1c hi\u1ec7n<\/li>\n<li>B\u1ec7nh nh\u00e2n b\u1ecb m\u1ec1 \u0111ay do l\u1ea1nh<\/li>\n<li>Nh\u1eefng ng\u01b0\u1eddi qu\u00e1 g\u1ea7y, kh\u00f4ng c\u00f3 l\u1edbp m\u1ee1 d\u01b0\u1edbi da<\/li>\n<li>Nh\u1eefng ng\u01b0\u1eddi c\u00f3 r\u1ed1i lo\u1ea1n nghi\u00eam tr\u1ecdng v\u1ec1 tim m\u1ea1ch ho\u1eb7c ch\u1ee9c n\u0103ng gan, th\u1eadn<\/li>\n<\/ul>","protected":false},"excerpt":{"rendered":"<p>C\u00f4ng ngh\u1ec7 gi\u1ea3m m\u1ee1 b\u1eb1ng \u0111\u00f4ng l\u1ea1nh MICOOL-S c\u1ee7a Arixin \u0111\u1ea1t \u0111\u01b0\u1ee3c s\u1ef1 c\u00e2n b\u1eb1ng to\u00e0n di\u1ec7n gi\u1eefa hi\u1ec7u qu\u1ea3 t\u1ea1o d\u00e1ng nhanh ch\u00f3ng v\u00e0 t\u00ednh an to\u00e0n kh\u00f4ng x\u00e2m l\u1ea5n. S\u1eed d\u1ee5ng c\u00f4ng ngh\u1ec7 nhi\u1ec7t \u0111\u1ed9 th\u1ea5p ch\u00ednh x\u00e1c v\u00e0 ch\u1ebf \u0111\u1ed9 \u0111\u1ed3ng b\u1ed9 hai \u0111\u1ea7u d\u00f2, thi\u1ebft b\u1ecb n\u00e0y k\u00edch th\u00edch hi\u1ec7u qu\u1ea3 qu\u00e1 tr\u00ecnh chuy\u1ec3n h\u00f3a m\u1ee1 c\u1ee9ng \u0111\u1ea7u, \u0111\u1eb7c bi\u1ec7t ph\u00f9 h\u1ee3p \u0111\u1ec3 t\u1ea1o h\u00ecnh v\u00f9ng b\u1ee5ng, eo v\u00e0 \u0111\u00f9i. K\u1ebf ho\u1ea1ch t\u1ea1o h\u00ecnh \u0111\u01b0\u1ee3c b\u00e1c s\u0129 chuy\u00ean khoa thi\u1ebft k\u1ebf ri\u00eang cho t\u1eebng kh\u00e1ch h\u00e0ng, mang l\u1ea1i tr\u1ea3i nghi\u1ec7m t\u1ea1o h\u00ecnh c\u01a1 th\u1ec3 v\u1edbi \u00edt \u0111au \u0111\u1edbn v\u00e0 kh\u00f4ng c\u1ea7n th\u1eddi gian h\u1ed3i ph\u1ee5c. H\u00e3y \u0111\u1eb7t l\u1ecbch t\u01b0 v\u1ea5n ngay h\u00f4m nay \u0111\u1ec3 tr\u1ea3i nghi\u1ec7m ph\u00e9p m\u00e0u th\u1ea9m m\u1ef9 nhi\u1ec7t \u0111\u1ed9 th\u1ea5p m\u00e0 MICOOL-S mang l\u1ea1i.<\/p>","protected":false},"featured_media":11122,"comment_status":"open","ping_status":"closed","template":"","meta":{"_acf_changed":false},"product_brand":[],"product_cat":[15,159],"product_tag":[],"class_list":{"0":"post-11120","1":"product","2":"type-product","3":"status-publish","4":"has-post-thumbnail","6":"product_cat-service","7":"product_cat-body-contouring","9":"first","10":"instock","11":"shipping-taxable","12":"product-type-simple"},"acf":[],"_links":{"self":[{"href":"https:\/\/arisinclinic.com\/vi\/wp-json\/wp\/v2\/product\/11120","targetHints":{"allow":["GET"]}}],"collection":[{"href":"https:\/\/arisinclinic.com\/vi\/wp-json\/wp\/v2\/product"}],"about":[{"href":"https:\/\/arisinclinic.com\/vi\/wp-json\/wp\/v2\/types\/product"}],"replies":[{"embeddable":true,"href":"https:\/\/arisinclinic.com\/vi\/wp-json\/wp\/v2\/comments?post=11120"}],"wp:featuredmedia":[{"embeddable":true,"href":"https:\/\/arisinclinic.com\/vi\/wp-json\/wp\/v2\/media\/11122"}],"wp:attachment":[{"href":"https:\/\/arisinclinic.com\/vi\/wp-json\/wp\/v2\/media?parent=11120"}],"wp:term":[{"taxonomy":"product_brand","embeddable":true,"href":"https:\/\/arisinclinic.com\/vi\/wp-json\/wp\/v2\/product_brand?post=11120"},{"taxonomy":"product_cat","embeddable":true,"href":"https:\/\/arisinclinic.com\/vi\/wp-json\/wp\/v2\/product_cat?post=11120"},{"taxonomy":"product_tag","embeddable":true,"href":"https:\/\/arisinclinic.com\/vi\/wp-json\/wp\/v2\/product_tag?post=11120"}],"curies":[{"name":"wp","href":"https:\/\/api.w.org\/{rel}","templated":true}]}}