{"id":11128,"date":"2026-03-21T00:41:28","date_gmt":"2026-03-20T16:41:28","guid":{"rendered":"https:\/\/4t542t4sohxh.wpsite.pro\/?post_type=product&#038;p=11128"},"modified":"2026-04-14T21:36:34","modified_gmt":"2026-04-14T13:36:34","slug":"zfield","status":"publish","type":"product","link":"https:\/\/arisinclinic.com\/vi\/service\/zfield\/","title":{"rendered":"ZField - T\u1ea1o d\u00e1ng c\u01a1 b\u1eafp"},"content":{"rendered":"<p>Thi\u1ebft b\u1ecb ZField Muscle Sculpting nh\u1eadp kh\u1ea9u tr\u1ef1c ti\u1ebfp t\u1eeb \u0110\u1ee9c, v\u1edbi c\u00f4ng ngh\u1ec7 \u0111i\u1ec7n t\u1eeb xung n\u0103ng l\u01b0\u1ee3ng cao HEPT h\u00e0ng \u0111\u1ea7u, \u0111\u00e3 thi\u1ebft l\u1eadp m\u1ed9t ti\u00eau chu\u1ea9n m\u1edbi trong l\u0129nh v\u1ef1c t\u0103ng c\u01a1 v\u00e0 t\u1ea1o d\u00e1ng. Th\u00f4ng qua h\u00e0ng tr\u0103m l\u1ea7n k\u00edch th\u00edch t\u1eeb tr\u01b0\u1eddng m\u1ed7i gi\u00e2y, thi\u1ebft b\u1ecb k\u00edch ho\u1ea1t s\u1ef1 co b\u00f3p v\u01b0\u1ee3t ng\u01b0\u1ee1ng c\u1ee7a c\u00e1c c\u01a1 s\u00e2u, gi\u00fap t\u0103ng m\u1eadt \u0111\u1ed9 v\u00e0 th\u1ec3 t\u00edch c\u01a1 b\u1eafp m\u1ed9t c\u00e1ch hi\u1ec7u qu\u1ea3. V\u1edbi \u0111\u1ea7u d\u00f2 k\u00e9p \u0111\u1ed1i x\u1ee9ng v\u00e0 c\u00e1c ch\u1ebf \u0111\u1ed9 t\u1eadp luy\u1ec7n t\u00f9y ch\u1ec9nh, thi\u1ebft b\u1ecb c\u00f3 th\u1ec3 r\u00e8n luy\u1ec7n ch\u00ednh x\u00e1c v\u00f9ng b\u1ee5ng, m\u00f4ng v\u00e0 c\u00e1c chi, \u0111\u1ed3ng th\u1eddi t\u1ed1i \u01b0u h\u00f3a qu\u00e1 tr\u00ecnh trao \u0111\u1ed5i ch\u1ea5t c\u01a1 b\u1ea3n. \u0110\u00e2y l\u00e0 ph\u01b0\u01a1ng ph\u00e1p t\u1ea1o h\u00ecnh c\u01a1 th\u1ec3 th\u00f4ng minh, hi\u1ec7u qu\u1ea3, an to\u00e0n v\u00e0 kh\u00f4ng c\u1ea7n ph\u1eabu thu\u1eadt, gi\u00fap b\u1ea1n t\u00e1i t\u1ea1o \u0111\u01b0\u1eddng cong c\u01a1 th\u1ec3 s\u0103n ch\u1eafc, tr\u00e0n \u0111\u1ea7y s\u1ee9c s\u1ed1ng ch\u1ec9 trong 30 ph\u00fat tho\u1ea3i m\u00e1i.<\/p>\n<p><img fetchpriority=\"high\" decoding=\"async\" class=\"alignnone wp-image-11131 size-full\" src=\"https:\/\/arisinclinic.com\/wp-content\/uploads\/2026\/03\/ZField\u808c\u529b\u58511.jpg\" alt=\"ZField T\u1ea1o d\u00e1ng c\u01a1 b\u1eafp 1\" width=\"800\" height=\"533\" title=\"\" srcset=\"https:\/\/arisinclinic.com\/wp-content\/uploads\/2026\/03\/ZField\u808c\u529b\u58511.jpg 800w, https:\/\/arisinclinic.com\/wp-content\/uploads\/2026\/03\/ZField\u808c\u529b\u58511-300x200.jpg 300w, https:\/\/arisinclinic.com\/wp-content\/uploads\/2026\/03\/ZField\u808c\u529b\u58511-768x512.jpg 768w, https:\/\/arisinclinic.com\/wp-content\/uploads\/2026\/03\/ZField\u808c\u529b\u58511-600x400.jpg 600w\" sizes=\"(max-width: 800px) 100vw, 800px\" \/><\/p>\n<h3>C\u00f4ng ngh\u1ec7 t\u1eeb tr\u01b0\u1eddng t\u1ea7n s\u1ed1 cao, k\u00edch ho\u1ea1t qu\u00e1 tr\u00ecnh co l\u1ea1i v\u01b0\u1ee3t gi\u1edbi h\u1ea1n<\/h3>\n<p>S\u1eed d\u1ee5ng c\u00f4ng ngh\u1ec7 t\u1eeb tr\u01b0\u1eddng t\u1ea7n s\u1ed1 cao \u0111\u01b0\u1ee3c c\u1ea5p b\u1eb1ng s\u00e1ng ch\u1ebf c\u1ee7a h\u00e3ng Zimmer (\u0110\u1ee9c), c\u00f3 kh\u1ea3 n\u0103ng xuy\u00ean qua l\u1edbp m\u1ee1 d\u01b0\u1edbi da \u0111\u1ec3 t\u00e1c \u0111\u1ed9ng tr\u1ef1c ti\u1ebfp l\u00ean l\u1edbp c\u01a1. Th\u00f4ng qua l\u1ef1c t\u1eeb tr\u01b0\u1eddng m\u1ea1nh m\u1ebd, c\u00f4ng ngh\u1ec7 n\u00e0y k\u00edch th\u00edch c\u01a1 b\u1eafp co b\u00f3p v\u1edbi t\u1ea7n su\u1ea5t l\u00ean \u0111\u1ebfn h\u00e0ng ch\u1ee5c ngh\u00ecn l\u1ea7n m\u1ed7i ph\u00fat \u2013 m\u1ed9t c\u01b0\u1eddng \u0111\u1ed9 m\u00e0 c\u00e1c b\u00e0i t\u1eadp t\u1ef1 luy\u1ec7n kh\u00f4ng th\u1ec3 \u0111\u1ea1t \u0111\u01b0\u1ee3c \u2013 t\u1eeb \u0111\u00f3 gi\u00fap t\u0103ng c\u01b0\u1eddng \u0111\u00e1ng k\u1ec3 m\u1eadt \u0111\u1ed9 v\u00e0 kh\u1ed1i l\u01b0\u1ee3ng c\u01a1 b\u1eafp.<\/p>\n<p><img decoding=\"async\" class=\"alignnone wp-image-11130 size-full\" src=\"https:\/\/arisinclinic.com\/wp-content\/uploads\/2026\/03\/ZField\u808c\u529b\u58514.jpg\" alt=\"ZField T\u1ea1o d\u00e1ng c\u01a1 b\u1eafp 4\" width=\"800\" height=\"450\" title=\"\" srcset=\"https:\/\/arisinclinic.com\/wp-content\/uploads\/2026\/03\/ZField\u808c\u529b\u58514.jpg 800w, https:\/\/arisinclinic.com\/wp-content\/uploads\/2026\/03\/ZField\u808c\u529b\u58514-300x169.jpg 300w, https:\/\/arisinclinic.com\/wp-content\/uploads\/2026\/03\/ZField\u808c\u529b\u58514-768x432.jpg 768w, https:\/\/arisinclinic.com\/wp-content\/uploads\/2026\/03\/ZField\u808c\u529b\u58514-600x338.jpg 600w\" sizes=\"(max-width: 800px) 100vw, 800px\" \/><\/p>\n<h3>Sinh l\u00fd h\u1ecdc th\u1ec3 thao m\u00f4 ph\u1ecfng: Li\u1ec7u ph\u00e1p t\u1eadp luy\u1ec7n ng\u1eaft qu\u00e3ng<\/h3>\n<p>Thi\u1ebft k\u1ebf li\u1ec7u tr\u00ecnh \u0111\u1ed9c \u0111\u00e1o c\u1ee7a ZField ho\u00e0n to\u00e0n tu\u00e2n th\u1ee7 c\u00e1c nguy\u00ean l\u00fd sinh l\u00fd h\u1ecdc th\u1ec3 thao, chia 30 ph\u00fat \u0111i\u1ec1u tr\u1ecb th\u00e0nh ba giai \u0111o\u1ea1n \u0111\u1ec3 \u0111\u1ea3m b\u1ea3o hi\u1ec7u qu\u1ea3 t\u1ed1i \u0111a v\u00e0 an to\u00e0n:<\/p>\n<ul>\n<li>Giai \u0111o\u1ea1n kh\u1edfi \u0111\u1ed9ng (2 ph\u00fat): K\u00edch th\u00edch tu\u1ea7n ho\u00e0n m\u00e1u, ph\u00f2ng ng\u1eeba ch\u1ea5n th\u01b0\u01a1ng khi t\u1eadp luy\u1ec7n<\/li>\n<li>Giai \u0111o\u1ea1n t\u1eadp luy\u1ec7n theo chu k\u1ef3 ng\u1eaft qu\u00e3ng (15\u201325 ph\u00fat): C\u00e1c c\u01a1n co c\u01a1 m\u1ea1nh m\u1ebd k\u00e9o d\u00e0i t\u1edbi 7 gi\u00e2y \u1edf ch\u1ebf \u0111\u1ed9 t\u1ea7n s\u1ed1 cao, k\u1ebft h\u1ee3p v\u1edbi b\u00e0i t\u1eadp th\u01b0 gi\u00e3n \u1edf t\u1ea7n s\u1ed1 th\u1ea5p, gi\u00fap c\u01a1 b\u1eafp nhanh ch\u00f3ng \u0111\u01b0\u1ee3c th\u01b0 gi\u00e3n, t\u1eeb \u0111\u00f3 \u0111\u1ea1t hi\u1ec7u qu\u1ea3 t\u1ed1i \u0111a trong vi\u1ec7c t\u0103ng c\u01a1<\/li>\n<li>Giai \u0111o\u1ea1n th\u01b0 gi\u00e3n (2 ph\u00fat): Gi\u00fap th\u01b0 gi\u00e3n s\u00e2u, gi\u1ea3m hi\u1ec7u qu\u1ea3 c\u1ea3m gi\u00e1c m\u1ecfi c\u01a1<\/li>\n<\/ul>\n<p><img decoding=\"async\" class=\"alignnone wp-image-11132 size-full\" src=\"https:\/\/arisinclinic.com\/wp-content\/uploads\/2026\/03\/ZField\u808c\u529b\u58512.jpg\" alt=\"ZField T\u1ea1o d\u00e1ng c\u01a1 b\u1eafp 2\" width=\"800\" height=\"533\" title=\"\" srcset=\"https:\/\/arisinclinic.com\/wp-content\/uploads\/2026\/03\/ZField\u808c\u529b\u58512.jpg 800w, https:\/\/arisinclinic.com\/wp-content\/uploads\/2026\/03\/ZField\u808c\u529b\u58512-300x200.jpg 300w, https:\/\/arisinclinic.com\/wp-content\/uploads\/2026\/03\/ZField\u808c\u529b\u58512-768x512.jpg 768w, https:\/\/arisinclinic.com\/wp-content\/uploads\/2026\/03\/ZField\u808c\u529b\u58512-600x400.jpg 600w\" sizes=\"(max-width: 800px) 100vw, 800px\" \/><\/p>\n<h3>T\u00e1m li\u1ec7u tr\u00ecnh th\u00f4ng minh, thi\u1ebft k\u1ebf ri\u00eang theo nhu c\u1ea7u c\u1ee7a t\u1eebng kh\u00e1ch h\u00e0ng<\/h3>\n<p>V\u1edbi t\u00e1m ch\u1ebf \u0111\u1ed9 c\u00e0i \u0111\u1eb7t s\u1eb5n th\u00f4ng minh kh\u00e1c nhau, b\u00e1c s\u0129 c\u00f3 th\u1ec3 t\u00f9y ch\u1ec9nh ch\u00ednh x\u00e1c theo c\u00e1c m\u1ee5c ti\u00eau c\u1ee5 th\u1ec3 nh\u01b0 \u201cph\u00e1t tri\u1ec3n c\u01a1 b\u1eafp\u201d, \u201ct\u1ea1o d\u00e1ng c\u01a1 th\u1ec3\u201d ho\u1eb7c \u201ct\u0103ng c\u01b0\u1eddng s\u1ee9c m\u1ea1nh c\u01a1 b\u1eafp\u201d; nh\u1edd \u0111\u00f3, c\u1ea3 ng\u01b0\u1eddi m\u1edbi b\u1eaft \u0111\u1ea7u l\u1eabn v\u1eadn \u0111\u1ed9ng vi\u00ean chuy\u00ean nghi\u1ec7p \u0111\u1ec1u c\u00f3 th\u1ec3 t\u00ecm \u0111\u01b0\u1ee3c m\u1ee9c \u0111\u1ed9 t\u1eadp luy\u1ec7n ph\u00f9 h\u1ee3p nh\u1ea5t.<\/p>\n<h3>Thi\u1ebft k\u1ebf \u0111\u1ea7u d\u00f2 ph\u1eb3ng, gi\u00fap \u0111\u1ecbnh h\u00ecnh c\u01a1 b\u1eafp to\u00e0n di\u1ec7n<\/h3>\n<p>Thi\u1ebft k\u1ebf \u0111\u1ea7u d\u00f2 ph\u1eb3ng \u0111\u1ed9c quy\u1ec1n, gi\u00fap \u00f4m s\u00e1t c\u00e1c b\u1ed9 ph\u1eadn c\u01a1 th\u1ec3, \u0111\u1ea3m b\u1ea3o truy\u1ec1n n\u0103ng l\u01b0\u1ee3ng \u0111\u1ed3ng \u0111\u1ec1u. Ph\u00f9 h\u1ee3p v\u1edbi nhu c\u1ea7u c\u1ee7a c\u1ea3 nam v\u00e0 n\u1eef, mang \u0111\u1ebfn li\u1ec7u tr\u00ecnh \u0111i\u1ec1u tr\u1ecb t\u00f9y ch\u1ec9nh kh\u00f4ng b\u1ecf s\u00f3t b\u1ea5t k\u1ef3 v\u00f9ng n\u00e0o:<\/p>\n<ul>\n<li>C\u00e1nh tay: \u0110\u01b0\u1eddng n\u00e9t s\u0103n ch\u1eafc, c\u01a1 b\u1eafp r\u1eafn ch\u1eafc<\/li>\n<li>V\u00f9ng b\u1ee5ng: T\u0103ng c\u01b0\u1eddng c\u01a1 l\u00f5i, t\u1ea1o h\u00ecnh c\u01a1 b\u1ee5ng (v\u00f2ng eo thon g\u1ecdn\/v\u00f2ng eo ch\u1eef V)<\/li>\n<li>M\u00f4ng: T\u0103ng c\u01b0\u1eddng s\u1ee9c m\u1ea1nh c\u01a1 b\u1eafp, t\u1ea1o d\u00e1ng m\u00f4ng c\u0103ng tr\u00f2n quy\u1ebfn r\u0169<\/li>\n<li>Ch\u00e2n: T\u1ea1o \u0111\u01b0\u1eddng n\u00e9t s\u0103n ch\u1eafc, n\u00e2ng cao hi\u1ec7u su\u1ea5t t\u1eadp luy\u1ec7n<\/li>\n<\/ul>\n<p><img loading=\"lazy\" decoding=\"async\" class=\"alignnone wp-image-11133 size-full\" src=\"https:\/\/arisinclinic.com\/wp-content\/uploads\/2026\/03\/ZField\u808c\u529b\u58515.jpg\" alt=\"ZField T\u1ea1o d\u00e1ng c\u01a1 b\u1eafp 5\" width=\"800\" height=\"533\" title=\"\" srcset=\"https:\/\/arisinclinic.com\/wp-content\/uploads\/2026\/03\/ZField\u808c\u529b\u58515.jpg 800w, https:\/\/arisinclinic.com\/wp-content\/uploads\/2026\/03\/ZField\u808c\u529b\u58515-300x200.jpg 300w, https:\/\/arisinclinic.com\/wp-content\/uploads\/2026\/03\/ZField\u808c\u529b\u58515-768x512.jpg 768w, https:\/\/arisinclinic.com\/wp-content\/uploads\/2026\/03\/ZField\u808c\u529b\u58515-600x400.jpg 600w\" sizes=\"(max-width: 800px) 100vw, 800px\" \/><\/p>\n<h3>Tho\u1ea3i m\u00e1i v\u00e0 kh\u00f4ng x\u00e2m l\u1ea5n, gi\u00fap t\u0103ng c\u01a1 hi\u1ec7u qu\u1ea3 ngay c\u1ea3 khi n\u1eb1m<\/h3>\n<p>Quy tr\u00ecnh \u0111i\u1ec1u tr\u1ecb kh\u00f4ng c\u1ea7n thay qu\u1ea7n \u00e1o, kh\u00f4ng x\u00e2m l\u1ea5n v\u00e0 kh\u00f4ng c\u1ea7n th\u1eddi gian h\u1ed3i ph\u1ee5c. Ch\u1ec9 c\u1ea7n n\u1eb1m th\u01b0 gi\u00e3n, b\u1ea1n c\u00f3 th\u1ec3 \u0111\u1ea1t \u0111\u01b0\u1ee3c hi\u1ec7u qu\u1ea3 t\u1eadp luy\u1ec7n t\u01b0\u01a1ng \u0111\u01b0\u01a1ng v\u1edbi v\u00e0i gi\u1edd t\u1eadp t\u1ea1 n\u1eb7ng m\u00e0 kh\u00f4ng \u0111\u1ed5 m\u1ed3 h\u00f4i hay g\u00e2y \u00e1p l\u1ef1c l\u00ean kh\u1edbp. Sau \u0111i\u1ec1u tr\u1ecb, b\u1ea1n c\u00f3 th\u1ec3 ngay l\u1eadp t\u1ee9c tr\u1edf l\u1ea1i cu\u1ed9c s\u1ed1ng th\u01b0\u1eddng ng\u00e0y, \u0111\u00e2y l\u00e0 gi\u1ea3i ph\u00e1p h\u00e0ng \u0111\u1ea7u trong l\u0129nh v\u1ef1c t\u1ea1o h\u00ecnh c\u01a1 th\u1ec3 hi\u1ec7u qu\u1ea3 cao hi\u1ec7n \u0111\u1ea1i.<\/p>","protected":false},"excerpt":{"rendered":"<p>Arixin ZField Muscle Sculpting \u0111\u1ea1t \u0111\u01b0\u1ee3c s\u1ef1 c\u00e2n b\u1eb1ng to\u00e0n di\u1ec7n gi\u1eefa k\u1ef9 thu\u1eadt ch\u1ebf t\u00e1c ch\u00ednh x\u00e1c c\u1ee7a \u0110\u1ee9c v\u00e0 hi\u1ec7u qu\u1ea3 t\u0103ng c\u01a1 v\u01b0\u1ee3t tr\u1ed9i. S\u1eed d\u1ee5ng c\u00f4ng ngh\u1ec7 \u0111i\u1ec7n t\u1eeb n\u0103ng l\u01b0\u1ee3ng cao HEPT, k\u00edch th\u00edch 36.000 l\u1ea7n co c\u01a1 trong 30 ph\u00fat, gi\u00fap t\u0103ng c\u01b0\u1eddng hi\u1ec7u qu\u1ea3 s\u1ee9c m\u1ea1nh v\u00f9ng l\u00f5i v\u00e0 t\u1ed1c \u0111\u1ed9 trao \u0111\u1ed5i ch\u1ea5t, \u0111\u1eb7c bi\u1ec7t ph\u00f9 h\u1ee3p \u0111\u1ec3 t\u1ea1o \u0111\u01b0\u1eddng n\u00e9t cho v\u00f9ng b\u1ee5ng v\u00e0 m\u00f4ng. C\u01b0\u1eddng \u0111\u1ed9 t\u1eadp luy\u1ec7n \u0111\u01b0\u1ee3c b\u00e1c s\u0129 chuy\u00ean khoa thi\u1ebft k\u1ebf ri\u00eang cho t\u1eebng ng\u01b0\u1eddi, mang l\u1ea1i tr\u1ea3i nghi\u1ec7m l\u00e0m \u0111\u1eb9p c\u01a1 b\u1eafp v\u1edbi \u00edt g\u00e1nh n\u1eb7ng v\u00e0 kh\u00f4ng c\u1ea7n th\u1eddi gian ph\u1ee5c h\u1ed3i. H\u00e3y li\u00ean h\u1ec7 ngay \u0111\u1ec3 c\u1ea3m nh\u1eadn ph\u00e9p m\u00e0u t\u1ea1o d\u00e1ng si\u00eau t\u1ed1c m\u00e0 ZField mang l\u1ea1i.<\/p>","protected":false},"featured_media":11129,"comment_status":"open","ping_status":"closed","template":"","meta":{"_acf_changed":false},"product_brand":[],"product_cat":[15,159],"product_tag":[],"class_list":{"0":"post-11128","1":"product","2":"type-product","3":"status-publish","4":"has-post-thumbnail","6":"product_cat-service","7":"product_cat-body-contouring","9":"first","10":"instock","11":"shipping-taxable","12":"product-type-simple"},"acf":[],"_links":{"self":[{"href":"https:\/\/arisinclinic.com\/vi\/wp-json\/wp\/v2\/product\/11128","targetHints":{"allow":["GET"]}}],"collection":[{"href":"https:\/\/arisinclinic.com\/vi\/wp-json\/wp\/v2\/product"}],"about":[{"href":"https:\/\/arisinclinic.com\/vi\/wp-json\/wp\/v2\/types\/product"}],"replies":[{"embeddable":true,"href":"https:\/\/arisinclinic.com\/vi\/wp-json\/wp\/v2\/comments?post=11128"}],"wp:featuredmedia":[{"embeddable":true,"href":"https:\/\/arisinclinic.com\/vi\/wp-json\/wp\/v2\/media\/11129"}],"wp:attachment":[{"href":"https:\/\/arisinclinic.com\/vi\/wp-json\/wp\/v2\/media?parent=11128"}],"wp:term":[{"taxonomy":"product_brand","embeddable":true,"href":"https:\/\/arisinclinic.com\/vi\/wp-json\/wp\/v2\/product_brand?post=11128"},{"taxonomy":"product_cat","embeddable":true,"href":"https:\/\/arisinclinic.com\/vi\/wp-json\/wp\/v2\/product_cat?post=11128"},{"taxonomy":"product_tag","embeddable":true,"href":"https:\/\/arisinclinic.com\/vi\/wp-json\/wp\/v2\/product_tag?post=11128"}],"curies":[{"name":"wp","href":"https:\/\/api.w.org\/{rel}","templated":true}]}}