{"id":11134,"date":"2026-03-21T21:35:23","date_gmt":"2026-03-21T13:35:23","guid":{"rendered":"https:\/\/4t542t4sohxh.wpsite.pro\/?post_type=product&#038;p=11134"},"modified":"2026-04-10T14:16:29","modified_gmt":"2026-04-10T06:16:29","slug":"labia-majora-contouring","status":"publish","type":"product","link":"https:\/\/arisinclinic.com\/vi\/service\/labia-majora-contouring\/","title":{"rendered":"Ph\u1eabu thu\u1eadt t\u1ea1o h\u00ecnh m\u00f4i l\u1edbn"},"content":{"rendered":"<p>Ph\u1eabu thu\u1eadt th\u1ea9m m\u1ef9 m\u00f4i l\u1edbn l\u00e0 ph\u01b0\u01a1ng ph\u00e1p ch\u1ec9nh s\u1eeda tinh t\u1ebf \u0111\u01b0\u1eddng n\u00e9t b\u00ean ngo\u00e0i v\u00f9ng k\u00edn. D\u00f9 l\u00e0 t\u00ecnh tr\u1ea1ng teo nh\u1ecf, kh\u00f4 nh\u0103n do l\u00e3o h\u00f3a hay sau sinh, hay nh\u1eefng phi\u1ec1n to\u00e1i do ma s\u00e1t g\u00e2y ra b\u1edfi m\u00f4i l\u1edbn qu\u00e1 to, t\u1ea5t c\u1ea3 \u0111\u1ec1u c\u00f3 th\u1ec3 \u0111\u01b0\u1ee3c c\u1ea3i thi\u1ec7n th\u00f4ng qua ph\u01b0\u01a1ng ph\u00e1p \u201cti\u00eam m\u1ee1 t\u1ef1 th\u00e2n\u201d ho\u1eb7c \u201cph\u1eabu thu\u1eadt ch\u1ec9nh s\u1eeda x\u00e2m l\u1ea5n t\u1ed1i thi\u1ec3u\u201d. Ph\u01b0\u01a1ng ph\u00e1p n\u00e0y nh\u1eb1m t\u00e1i t\u1ea1o c\u1ea3m gi\u00e1c \u0111\u1ea7y \u0111\u1eb7n v\u00e0 ch\u1eafc ch\u1eafn cho m\u00f4i l\u1edbn, kh\u00f4ng ch\u1ec9 b\u1ea3o v\u1ec7 c\u00e1c m\u00f4 nh\u1ea1y c\u1ea3m b\u00ean trong m\u00e0 c\u00f2n l\u00e0m m\u1edd n\u1ebfp nh\u0103n, n\u00e2ng cao th\u1ea9m m\u1ef9. \u0110\u00e2y l\u00e0 m\u1ed9t ph\u1eabu thu\u1eadt \u0111\u01b0\u1ee3c thi\u1ebft k\u1ebf ri\u00eang, c\u00e2n b\u1eb1ng gi\u1eefa s\u1ef1 tho\u1ea3i m\u00e1i v\u1ec1 m\u1eb7t sinh l\u00fd v\u00e0 s\u1ef1 t\u1ef1 tin trong \u0111\u1eddi s\u1ed1ng ri\u00eang t\u01b0, gi\u00fap b\u1ea1n t\u00ecm l\u1ea1i s\u1ef1 thanh l\u1ecbch v\u00e0 tho\u1ea3i m\u00e1i t\u1eeb b\u00ean trong ra b\u00ean ngo\u00e0i.<\/p>\n<h3>Gi\u1ea3i quy\u1ebft t\u00ecnh tr\u1ea1ng da ch\u1ea3y x\u1ec7 v\u00e0 kh\u00f4 h\u00e9o, mang l\u1ea1i l\u00e0n da c\u0103ng m\u1ecdng nh\u01b0 th\u1eddi thi\u1ebfu n\u1eef<\/h3>\n<p>Khi tu\u1ed5i t\u00e1c t\u0103ng l\u00ean ho\u1eb7c do s\u1ef1 thay \u0111\u1ed5i n\u1ed9i ti\u1ebft t\u1ed1 sau sinh, m\u00f4i l\u1edbn d\u1ec5 b\u1ecb kh\u00f4 v\u00e0 teo l\u1ea1i do m\u1ea5t collagen, d\u1eabn \u0111\u1ebfn xu\u1ea5t hi\u1ec7n n\u1ebfp nh\u0103n. Th\u00f4ng qua ph\u01b0\u01a1ng ph\u00e1p \u201cti\u00eam m\u1ee1 t\u1ef1 th\u00e2n\u201d ho\u1eb7c \u201cti\u00eam axit hyaluronic ph\u00e2n t\u1eed l\u1edbn\u201d, c\u00f3 th\u1ec3 ph\u1ee5c h\u1ed3i \u0111\u1ed9 \u0111\u1ea7y \u0111\u1eb7n cho m\u00f4i l\u1edbn, gi\u00fap t\u00e1i t\u1ea1o \u0111\u01b0\u1eddng n\u00e9t t\u1ef1 nhi\u00ean, h\u1ed3ng h\u00e0o v\u00e0 s\u0103n ch\u1eafc.<\/p>\n<h3>Gi\u1ea3m t\u00ecnh tr\u1ea1ng ph\u00ecnh to v\u00e0 m\u1ea5t c\u00e2n \u0111\u1ed1i, ch\u1ea5m d\u1ee9t c\u1ea3m gi\u00e1c kh\u00f3 ch\u1ecbu do ma s\u00e1t<\/h3>\n<p>M\u1ed9t s\u1ed1 ph\u1ee5 n\u1eef do y\u1ebfu t\u1ed1 di truy\u1ec1n b\u1ea9m sinh ho\u1eb7c ma s\u00e1t k\u00e9o d\u00e0i khi\u1ebfn m\u00f4i l\u1edbn \u00e2m h\u1ed9 tr\u1edf n\u00ean qu\u00e1 d\u00e0y v\u00e0 ch\u1ea3y x\u1ec7, d\u1ec5 g\u00e2y \u0111au \u0111\u1edbn khi m\u1eb7c qu\u1ea7n b\u00f3 s\u00e1t ho\u1eb7c tham gia c\u00e1c ho\u1ea1t \u0111\u1ed9ng th\u1ec3 thao (nh\u01b0 \u0111\u1ea1p xe, ch\u1ea1y b\u1ed9). Th\u00f4ng qua ph\u1eabu thu\u1eadt c\u1eaft b\u1ecf chuy\u00ean nghi\u1ec7p, c\u00e1c m\u00f4 th\u1eeba c\u00f3 th\u1ec3 \u0111\u01b0\u1ee3c lo\u1ea1i b\u1ecf m\u1ed9t c\u00e1ch ch\u00ednh x\u00e1c, gi\u00fap kh\u00f4i ph\u1ee5c l\u1ea1i t\u1ef7 l\u1ec7 c\u00e2n \u0111\u1ed1i v\u00e0 thon g\u1ecdn.<\/p>\n<h3>T\u0103ng c\u01b0\u1eddng kh\u1ea3 n\u0103ng b\u1ea3o v\u1ec7, duy tr\u00ec s\u1ee9c kh\u1ecfe v\u00f9ng k\u00edn<\/h3>\n<p>M\u00f4i l\u1edbn \u0111\u1ea7y \u0111\u1eb7n v\u00e0 c\u00e2n \u0111\u1ed1i c\u00f3 th\u1ec3 che ph\u1ee7 v\u00e0 b\u1ea3o v\u1ec7 hi\u1ec7u qu\u1ea3 m\u00f4i nh\u1ecf c\u0169ng nh\u01b0 l\u1ed7 \u00e2m \u0111\u1ea1o, t\u1eeb \u0111\u00f3 gi\u1ea3m thi\u1ec3u ma s\u00e1t t\u1eeb b\u00ean ngo\u00e0i v\u00e0 nguy c\u01a1 x\u00e2m nh\u1eadp c\u1ee7a vi khu\u1ea9n. Ph\u1eabu thu\u1eadt th\u1ea9m m\u1ef9 kh\u00f4ng ch\u1ec9 gi\u00fap c\u1ea3i thi\u1ec7n v\u1ebb \u0111\u1eb9p m\u00e0 c\u00f2n c\u1ee7ng c\u1ed1 h\u00e0ng r\u00e0o b\u1ea3o v\u1ec7 sinh l\u00fd c\u1ee7a v\u00f9ng k\u00edn, gi\u1ea3m nguy c\u01a1 kh\u00f4 r\u00e1t v\u00e0 nhi\u1ec5m tr\u00f9ng.<\/p>\n<h3>C\u00f4ng ngh\u1ec7 ph\u1eabu thu\u1eadt x\u00e2m l\u1ea5n t\u1ed1i thi\u1ec3u, th\u1eddi gian h\u1ed3i ph\u1ee5c ng\u1eafn v\u00e0 k\u1ebft qu\u1ea3 t\u1ef1 nhi\u00ean<\/h3>\n<p>D\u00f9 l\u00e0 ph\u1eabu thu\u1eadt n\u00e2ng hay thu g\u1ecdn, \u0111\u1ed9i ng\u0169 chuy\u00ean gia c\u1ee7a Arixin \u0111\u1ec1u \u00e1p d\u1ee5ng k\u1ef9 thu\u1eadt x\u00e2m l\u1ea5n t\u1ed1i thi\u1ec3u, gi\u1ea5u v\u1ebft m\u1ed5 v\u00e0o c\u00e1c n\u1ebfp g\u1ea5p t\u1ef1 nhi\u00ean, gi\u00fap v\u1ebft th\u01b0\u01a1ng sau ph\u1eabu thu\u1eadt c\u1ef1c k\u1ef3 nh\u1ecf v\u00e0 l\u00e0nh l\u1ea1i nhanh ch\u00f3ng. S\u1eed d\u1ee5ng ch\u1ec9 kh\u00e2u t\u1ef1 ti\u00eau, gi\u00fap lo\u1ea1i b\u1ecf \u00e1p l\u1ef1c t\u00e2m l\u00fd khi ph\u1ea3i th\u00e1o ch\u1ec9, mang l\u1ea1i s\u1ef1 thay \u0111\u1ed5i v\u1ec1 th\u1ea9m m\u1ef9 m\u1ed9t c\u00e1ch t\u1ef1 nhi\u00ean.<\/p>\n<h3>Thi\u1ebft k\u1ebf th\u1ea9m m\u1ef9 theo y\u00eau c\u1ea7u, t\u1ea1o n\u00ean t\u1ef7 l\u1ec7 ri\u00eang t\u01b0 \u0111\u1ed9c \u0111\u00e1o<\/h3>\n<p>C\u1ea5u tr\u00fac v\u00f9ng k\u00edn c\u1ee7a m\u1ed7i ph\u1ee5 n\u1eef \u0111\u1ec1u kh\u00e1c nhau. B\u00e1c s\u0129 s\u1ebd l\u00ean k\u1ebf ho\u1ea1ch thi\u1ebft k\u1ebf \u0111\u1ed9 d\u00e0y v\u00e0 h\u00ecnh d\u00e1ng c\u1ee7a m\u00f4i l\u1edbn m\u1ed9t c\u00e1ch ri\u00eang bi\u1ec7t, d\u1ef1a tr\u00ean k\u00edch th\u01b0\u1edbc c\u1ee7a m\u00f4i nh\u1ecf, \u0111\u1ed9 cong c\u1ee7a v\u00f9ng mu v\u00e0 \u0111\u1ed9 s\u0103n ch\u1eafc t\u1ed5ng th\u1ec3, nh\u1eb1m \u0111\u1ea3m b\u1ea3o v\u1ebb ngo\u00e0i h\u00e0i h\u00f2a v\u00e0 t\u1ef1 nhi\u00ean sau ph\u1eabu thu\u1eadt, gi\u00fap b\u1ea1n l\u1ea5y l\u1ea1i s\u1ef1 t\u1ef1 tin trong \u0111\u1eddi s\u1ed1ng t\u00ecnh c\u1ea3m.<\/p>","protected":false},"excerpt":{"rendered":"<p>Ph\u1eabu thu\u1eadt th\u1ea9m m\u1ef9 m\u00f4i l\u1edbn t\u1ea1i Arixin \u0111\u1ea1t \u0111\u01b0\u1ee3c s\u1ef1 c\u00e2n b\u1eb1ng to\u00e0n di\u1ec7n gi\u1eefa vi\u1ec7c t\u00e1i t\u1ea1o v\u1ebb \u0111\u1eb9p v\u00e0 b\u1ea3o v\u1ec7 ch\u1ee9c n\u0103ng. \u0110\u1ed1i v\u1edbi c\u00e1c tr\u01b0\u1eddng h\u1ee3p teo nh\u1ecf, kh\u00f4 h\u00e9o ho\u1eb7c ph\u00ec \u0111\u1ea1i qu\u00e1 m\u1ee9c, ch\u00fang t\u00f4i cung c\u1ea5p c\u00e1c ph\u01b0\u01a1ng ph\u00e1p c\u1ea5y m\u1ee1 t\u1ef1 th\u00e2n v\u00e0 ch\u1ec9nh s\u1eeda x\u00e2m l\u1ea5n t\u1ed1i thi\u1ec3u, gi\u00fap c\u1ea3i thi\u1ec7n hi\u1ec7u qu\u1ea3 t\u00ecnh tr\u1ea1ng kh\u00f3 ch\u1ecbu do ma s\u00e1t v\u00e0 kh\u00f4i ph\u1ee5c \u0111\u01b0\u1eddng n\u00e9t \u0111\u1ea7y \u0111\u1eb7n, c\u0103ng m\u1ecdng. \u0110\u01b0\u1ee3c l\u00ean k\u1ebf ho\u1ea1ch ri\u00eang bi\u1ec7t b\u1edfi \u0111\u1ed9i ng\u0169 chuy\u00ean gia th\u00e2n thi\u1ec7n v\u1edbi ph\u1ee5 n\u1eef, mang l\u1ea1i k\u1ebft qu\u1ea3 th\u1ea9m m\u1ef9 v\u00f9ng k\u00edn t\u1ef1 nhi\u00ean, kh\u00f4ng \u0111\u1ec3 l\u1ea1i s\u1eb9o. H\u00e3y \u0111\u1eb7t l\u1ecbch t\u01b0 v\u1ea5n ri\u00eang t\u01b0 ngay h\u00f4m nay \u0111\u1ec3 \u0111\u00f3n nh\u1eadn s\u1ef1 t\u1ef1 tin v\u00e0 cu\u1ed9c s\u1ed1ng tho\u1ea3i m\u00e1i.<\/p>","protected":false},"featured_media":11490,"comment_status":"open","ping_status":"closed","template":"","meta":{"_acf_changed":false},"product_brand":[],"product_cat":[15,160],"product_tag":[],"class_list":{"0":"post-11134","1":"product","2":"type-product","3":"status-publish","4":"has-post-thumbnail","6":"product_cat-service","7":"product_cat-intimate-aesthetics","9":"first","10":"instock","11":"shipping-taxable","12":"product-type-simple"},"acf":[],"_links":{"self":[{"href":"https:\/\/arisinclinic.com\/vi\/wp-json\/wp\/v2\/product\/11134","targetHints":{"allow":["GET"]}}],"collection":[{"href":"https:\/\/arisinclinic.com\/vi\/wp-json\/wp\/v2\/product"}],"about":[{"href":"https:\/\/arisinclinic.com\/vi\/wp-json\/wp\/v2\/types\/product"}],"replies":[{"embeddable":true,"href":"https:\/\/arisinclinic.com\/vi\/wp-json\/wp\/v2\/comments?post=11134"}],"wp:featuredmedia":[{"embeddable":true,"href":"https:\/\/arisinclinic.com\/vi\/wp-json\/wp\/v2\/media\/11490"}],"wp:attachment":[{"href":"https:\/\/arisinclinic.com\/vi\/wp-json\/wp\/v2\/media?parent=11134"}],"wp:term":[{"taxonomy":"product_brand","embeddable":true,"href":"https:\/\/arisinclinic.com\/vi\/wp-json\/wp\/v2\/product_brand?post=11134"},{"taxonomy":"product_cat","embeddable":true,"href":"https:\/\/arisinclinic.com\/vi\/wp-json\/wp\/v2\/product_cat?post=11134"},{"taxonomy":"product_tag","embeddable":true,"href":"https:\/\/arisinclinic.com\/vi\/wp-json\/wp\/v2\/product_tag?post=11134"}],"curies":[{"name":"wp","href":"https:\/\/api.w.org\/{rel}","templated":true}]}}