{"id":11135,"date":"2026-03-21T21:34:38","date_gmt":"2026-03-21T13:34:38","guid":{"rendered":"https:\/\/4t542t4sohxh.wpsite.pro\/?post_type=product&#038;p=11135"},"modified":"2026-04-07T20:49:04","modified_gmt":"2026-04-07T12:49:04","slug":"labiaplasty","status":"publish","type":"product","link":"https:\/\/arisinclinic.com\/vi\/service\/labiaplasty\/","title":{"rendered":"Ph\u1eabu thu\u1eadt t\u1ea1o h\u00ecnh m\u00f4i b\u00e9"},"content":{"rendered":"<p>\u5c0f\u9670\u5507\u6574\u5f62\u662f\u89e3\u6c7a\u79c1\u5bc6\u8655\u80a5\u5927\u3001\u6697\u6c89\u8207\u6469\u64e6\u56f0\u64fe\u7684\u7cbe\u6e96\u624b\u8853\u3002\u900f\u904e\u5fae\u5275\u5207\u9664\u6280\u8853\u8207\u7cbe\u5bc6\u7e2b\u5408\uff0c\u4e0d\u50c5\u80fd\u79fb\u9664\u8d05\u9918\u7d44\u7e54\u3001\u6539\u5584\u5de6\u53f3\u4e0d\u5c0d\u7a31\uff0c\u66f4\u80fd\u6e1b\u5c11\u76ba\u8936\u5c0e\u81f4\u7684\u6e05\u6f54\u96e3\u984c\u8207\u611f\u67d3\u98a8\u96aa\u3002\u9019\u662f\u4e00\u9805\u517c\u9867\u751f\u6d3b\u8212\u9069\u5ea6\u8207\u79c1\u5bc6\u7f8e\u5b78\u7684\u5ba2\u88fd\u5316\u65b9\u6848\uff0c\u65e8\u5728\u627e\u56de\u8f15\u76c8\u3001\u6e05\u723d\u7684\u751f\u7406\u72c0\u614b\uff0c\u4e26\u63d0\u5347\u5167\u5728\u7684\u81ea\u6211\u8a8d\u540c\u611f\u3002\u8853\u5f8c\u6062\u5fa9\u5feb\u901f\u4e14\u96b1\u75d5\uff0c\u52a9\u60a8\u544a\u5225\u78e8\u96e3\u3001\u91cd\u5851\u7d72\u6ed1\u7d30\u7dfb\u7684\u79c1\u5bc6\u8f2a\u5ed3\u3002<\/p>\n<h3>\u89e3\u6c7a\u80a5\u5927\u8207\u4e0d\u5c0d\u7a31\uff0c\u544a\u5225\u6469\u64e6\u75bc\u75db<\/h3>\n<p>\u8a31\u591a\u5973\u6027\u56e0\u5148\u5929\u907a\u50b3\u6216\u9577\u671f\u6469\u64e6\uff0c\u5c0e\u81f4\u5c0f\u9670\u5507\u80a5\u5927\u6216\u5de6\u53f3\u660e\u986f\u4e0d\u5c0d\u7a31\u3002\u9019\u4e0d\u50c5\u5728\u7a7f\u8457\u7dca\u8eab\u8932\u3001\u9a0e\u55ae\u8eca\u6216\u6162\u8dd1\u6642\u7522\u751f\u5f37\u70c8\u6469\u64e6\u611f\u8207\u75bc\u75db\uff0c\u66f4\u53ef\u80fd\u9020\u6210\u65e5\u5e38\u6d3b\u52d5\u7684\u4e0d\u4fbf\u3002\u900f\u904e\u5c08\u696d\u4fee\u526a\u624b\u8853\uff0c\u80fd\u7cbe\u78ba\u79fb\u9664\u8d05\u9918\u7d44\u7e54\uff0c\u6062\u5fa9\u5c0d\u7a31\u4e14\u8f15\u76c8\u7684\u9ec3\u91d1\u6bd4\u4f8b\u3002<\/p>\n<h3>\u6e1b\u5c11\u76ba\u8936\u85cf\u6c59\u7d0d\u57a2\uff0c\u964d\u4f4e\u611f\u67d3\u98a8\u96aa<\/h3>\n<p>\u904e\u9577\u6216\u904e\u539a\u7684\u5c0f\u9670\u5507\u5bb9\u6613\u7522\u751f\u904e\u591a\u647a\u76ba\uff0c\u5c0e\u81f4\u7d93\u8840\u3001\u5c3f\u6db2\u6216\u5206\u6ccc\u7269\u6b98\u7559\uff0c\u589e\u52a0\u7570\u5473\u8207\u9670\u9053\u708e\u3001\u5c3f\u9053\u708e\u7684\u5fa9\u767c\u6a5f\u7387\u3002\u4fee\u6574\u5f8c\u7684\u5c0f\u9670\u5507\u80fd\u66f4\u6709\u6548\u5730\u8986\u84cb\u9670\u9053\u53e3\uff0c\u540c\u6642\u6e1b\u5c11\u7d30\u83cc\u6ecb\u751f\u7684\u7a7a\u9593\uff0c\u5927\u5e45\u63d0\u5347\u79c1\u5bc6\u8655\u7684\u6e05\u723d\u5ea6\u8207\u885b\u751f\u74b0\u5883\u3002<\/p>\n<h3>\u6539\u5584\u6697\u6c89\u8207\u8936\u76ba\uff0c\u91cd\u73fe\u7d30\u7dfb\u7c89\u5ae9\u611f<\/h3>\n<p>\u9577\u671f\u6469\u64e6\u5e38\u5c0e\u81f4\u5c0f\u9670\u5507\u908a\u7de3\u589e\u539a\u3001\u767c\u9ed1\u4e14\u4f48\u6eff\u76ba\u8936\u3002\u624b\u8853\u80fd\u79fb\u9664\u53d7\u640d\u8207\u8272\u7d20\u6c89\u6fb1\u8f03\u6df1\u7684\u908a\u7de3\u7d44\u7e54\uff0c\u4fdd\u7559\u5065\u5eb7\u7684\u9ecf\u819c\u90e8\u5206\uff0c\u8853\u5f8c\u8996\u89ba\u4e0a\u6703\u986f\u5f97\u66f4\u70ba\u5e73\u6ed1\u7d30\u7dfb\uff0c\u91cd\u62fe\u5982\u5c11\u5973\u822c\u7684\u81ea\u7136\u7c89\u5ae9\u611f\u3002<\/p>\n<h3>\u5fae\u5275\u7cbe\u5bc6\u7e2b\u5408\u6280\u8853\uff0c\u96b1\u75d5\u4e14\u514d\u62c6\u7dda<\/h3>\n<p>\u827e\u745e\u8f9b\u91ab\u7642\u5718\u968a\u63a1\u7528\u5fae\u5275\u624b\u8853\u6280\u8853\uff0c\u642d\u914d\u300c\u4eba\u9ad4\u53ef\u5438\u6536\u7e2b\u7dda\u300d\u9032\u884c\u7cbe\u5bc6\u5c0d\u4f4d\u7e2b\u5408\u3002\u50b7\u53e3\u7d30\u5c0f\u4e26\u5de7\u5999\u96b1\u85cf\u65bc\u81ea\u7136\u8936\u76ba\u4e2d\uff0c\u8853\u5f8c\u5e7e\u4e4e\u7121\u75a4\u75d5\u75d5\u8de1\uff0c\u4e14\u7121\u9700\u7d93\u6b77\u62c6\u7dda\u7684\u5fc3\u7406\u6050\u61fc\u8207\u4e0d\u9069\uff0c\u8b93\u4fee\u5fa9\u904e\u7a0b\u66f4\u5f9e\u5bb9\u3002<\/p>\n<h3>\u63d0\u5347\u89aa\u5bc6\u95dc\u4fc2\u81ea\u4fe1\uff0c\u5c08\u5c6c\u7f8e\u611f\u5ba2\u88fd<\/h3>\n<p>\u91ab\u5e2b\u6703\u6839\u64da\u6bcf\u4f4d\u5973\u6027\u7684\u9670\u961c\u5f27\u5ea6\u3001\u5927\u9670\u5507\u8c50\u76c8\u5ea6\u53ca\u9670\u8482\u5305\u76ae\u72c0\u6cc1\uff0c\u9032\u884c\u6574\u9ad4\u6027\u7684\u6bd4\u4f8b\u898f\u5283\u3002\u9019\u4e0d\u50c5\u80fd\u6539\u5584\u7269\u7406\u4e0a\u7684\u4e0d\u9069\uff0c\u66f4\u80fd\u5927\u5e45\u63d0\u5347\u5973\u6027\u5c0d\u81ea\u8eab\u79c1\u5bc6\u8655\u7684\u81ea\u4fe1\u5fc3\uff0c\u8b93\u60a8\u5728\u89aa\u5bc6\u95dc\u4fc2\u4e2d\u66f4\u52a0\u81ea\u5728\u3001\u4e0d\u9000\u7e2e\u3002<\/p>","protected":false},"excerpt":{"rendered":"<p>\u827e\u745e\u8f9b\u5c0f\u9670\u5507\u6574\u5f62\uff0c\u5728\u89e3\u6c7a\u6469\u64e6\u4e0d\u9069\u8207\u8ffd\u6c42\u7cbe\u7dfb\u7f8e\u611f\u9593\u53d6\u5f97\u5168\u65b9\u4f4d\u5e73\u8861\u3002\u904b\u7528\u5fae\u5275\u96b1\u75d5\u6280\u8853\uff0c\u7cbe\u6e96\u6539\u5584\u80a5\u5927\u3001\u6697\u6c89\u8207\u4e0d\u5c0d\u7a31\u554f\u984c\uff0c\u5927\u5e45\u964d\u4f4e\u79c1\u5bc6\u8655\u611f\u67d3\u6a5f\u7387\u4e26\u63d0\u5347\u81ea\u4fe1\u3002\u7531\u5c08\u696d\u53cb\u5584\u5718\u968a\u5ba2\u88fd\u898f\u5283\u6bd4\u4f8b\uff0c\u5be6\u73fe\u514d\u62c6\u7dda\u3001\u9ad8\u8212\u9069\u5ea6\u7684\u8853\u5f8c\u4fee\u5fa9\u3002\u7acb\u5373\u8aee\u8a62\uff0c\u9810\u7d04\u60a8\u7684\u79c1\u5bc6\u8f15\u76c8\u65b0\u751f\u6d3b\u3002<\/p>","protected":false},"featured_media":11487,"comment_status":"open","ping_status":"closed","template":"","meta":{"_acf_changed":false},"product_brand":[],"product_cat":[15,160],"product_tag":[],"class_list":{"0":"post-11135","1":"product","2":"type-product","3":"status-publish","4":"has-post-thumbnail","6":"product_cat-service","7":"product_cat-intimate-aesthetics","9":"first","10":"instock","11":"shipping-taxable","12":"product-type-simple"},"acf":[],"_links":{"self":[{"href":"https:\/\/arisinclinic.com\/vi\/wp-json\/wp\/v2\/product\/11135","targetHints":{"allow":["GET"]}}],"collection":[{"href":"https:\/\/arisinclinic.com\/vi\/wp-json\/wp\/v2\/product"}],"about":[{"href":"https:\/\/arisinclinic.com\/vi\/wp-json\/wp\/v2\/types\/product"}],"replies":[{"embeddable":true,"href":"https:\/\/arisinclinic.com\/vi\/wp-json\/wp\/v2\/comments?post=11135"}],"wp:featuredmedia":[{"embeddable":true,"href":"https:\/\/arisinclinic.com\/vi\/wp-json\/wp\/v2\/media\/11487"}],"wp:attachment":[{"href":"https:\/\/arisinclinic.com\/vi\/wp-json\/wp\/v2\/media?parent=11135"}],"wp:term":[{"taxonomy":"product_brand","embeddable":true,"href":"https:\/\/arisinclinic.com\/vi\/wp-json\/wp\/v2\/product_brand?post=11135"},{"taxonomy":"product_cat","embeddable":true,"href":"https:\/\/arisinclinic.com\/vi\/wp-json\/wp\/v2\/product_cat?post=11135"},{"taxonomy":"product_tag","embeddable":true,"href":"https:\/\/arisinclinic.com\/vi\/wp-json\/wp\/v2\/product_tag?post=11135"}],"curies":[{"name":"wp","href":"https:\/\/api.w.org\/{rel}","templated":true}]}}