{"id":11137,"date":"2026-03-21T01:01:03","date_gmt":"2026-03-20T17:01:03","guid":{"rendered":"https:\/\/4t542t4sohxh.wpsite.pro\/?post_type=product&#038;p=11137"},"modified":"2026-04-14T21:35:30","modified_gmt":"2026-04-14T13:35:30","slug":"vaginal-rejuvenation","status":"publish","type":"product","link":"https:\/\/arisinclinic.com\/vi\/service\/vaginal-rejuvenation\/","title":{"rendered":"Ph\u01b0\u01a1ng ph\u00e1p l\u00e0m \u0111\u1eb9p v\u00e0 s\u0103n ch\u1eafc to\u00e0n di\u1ec7n"},"content":{"rendered":"<p>Ph\u01b0\u01a1ng ph\u00e1p l\u00e0m \u0111\u1eb9p v\u00e0 s\u0103n ch\u1eafc v\u00f9ng k\u00edn to\u00e0n di\u1ec7n l\u00e0 m\u1ed9t gi\u1ea3i ph\u00e1p tr\u1ebb h\u00f3a to\u00e0n di\u1ec7n cho v\u00f9ng k\u00edn. Ph\u01b0\u01a1ng ph\u00e1p n\u00e0y k\u1ebft h\u1ee3p ho\u00e0n h\u1ea3o gi\u1eefa vi\u1ec7c thu h\u1eb9p c\u1ea5u tr\u00fac \u00e2m \u0111\u1ea1o b\u00ean trong, t\u0103ng c\u01b0\u1eddng s\u1ef1 h\u1ed7 tr\u1ee3 c\u1ee7a c\u01a1 s\u00e0n ch\u1eadu v\u1edbi vi\u1ec7c ch\u1ec9nh s\u1eeda m\u00f4i b\u00e9 v\u00e0 l\u00e0m \u0111\u1ea7y \u0111\u1eb7n m\u00f4i l\u1edbn b\u00ean ngo\u00e0i. Th\u00f4ng qua k\u1ebf ho\u1ea1ch \u0111i\u1ec1u tr\u1ecb \u0111\u01b0\u1ee3c thi\u1ebft k\u1ebf ri\u00eang b\u1edfi b\u00e1c s\u0129 chuy\u00ean khoa, ph\u01b0\u01a1ng ph\u00e1p n\u00e0y kh\u00f4ng ch\u1ec9 gi\u1ea3i quy\u1ebft c\u00e1c v\u1ea5n \u0111\u1ec1 sinh l\u00fd nh\u01b0 v\u00f9ng k\u00edn l\u1ecfng l\u1ebbo, ti\u1ec3u kh\u00f4ng t\u1ef1 ch\u1ee7 v\u00e0 c\u1ea3m gi\u00e1c kh\u00f3 ch\u1ecbu do ma s\u00e1t, m\u00e0 c\u00f2n t\u00e1i t\u1ea1o t\u1ef7 l\u1ec7 th\u1ea9m m\u1ef9 c\u00e2n \u0111\u1ed1i v\u00e0 h\u00e0i h\u00f2a. \u0110\u00e2y l\u00e0 m\u1ed9t qu\u00e1 tr\u00ecnh c\u1ea3i thi\u1ec7n to\u00e0n di\u1ec7n t\u1eeb b\u00ean trong ra b\u00ean ngo\u00e0i, k\u1ebft h\u1ee3p h\u00e0i h\u00f2a gi\u1eefa ch\u1ee9c n\u0103ng v\u00e0 th\u1ea9m m\u1ef9, gi\u00fap b\u1ea1n tho\u00e1t kh\u1ecfi nh\u1eefng lo l\u1eafng kh\u00f3 n\u00f3i, l\u1ea5y l\u1ea1i s\u1ef1 t\u1ef1 tin v\u00e0 t\u1eadn h\u01b0\u1edfng cu\u1ed9c s\u1ed1ng ri\u00eang t\u01b0 ch\u1ea5t l\u01b0\u1ee3ng cao.<\/p>\n<p><img fetchpriority=\"high\" decoding=\"async\" class=\"alignnone wp-image-11142 size-full\" src=\"https:\/\/arisinclinic.com\/wp-content\/uploads\/2026\/03\/\u5168\u5c64\u79c1\u5bc6\u7f8e\u5f62\u7dca\u7dfb\u88534.jpg\" alt=\"Ph\u01b0\u01a1ng ph\u00e1p l\u00e0m \u0111\u1eb9p v\u00e0 s\u0103n ch\u1eafc to\u00e0n di\u1ec7n cho v\u00f9ng k\u00edn 4\" width=\"800\" height=\"414\" title=\"\" srcset=\"https:\/\/arisinclinic.com\/wp-content\/uploads\/2026\/03\/\u5168\u5c64\u79c1\u5bc6\u7f8e\u5f62\u7dca\u7dfb\u88534.jpg 800w, https:\/\/arisinclinic.com\/wp-content\/uploads\/2026\/03\/\u5168\u5c64\u79c1\u5bc6\u7f8e\u5f62\u7dca\u7dfb\u88534-300x155.jpg 300w, https:\/\/arisinclinic.com\/wp-content\/uploads\/2026\/03\/\u5168\u5c64\u79c1\u5bc6\u7f8e\u5f62\u7dca\u7dfb\u88534-768x397.jpg 768w, https:\/\/arisinclinic.com\/wp-content\/uploads\/2026\/03\/\u5168\u5c64\u79c1\u5bc6\u7f8e\u5f62\u7dca\u7dfb\u88534-600x311.jpg 600w\" sizes=\"(max-width: 800px) 100vw, 800px\" \/><img decoding=\"async\" class=\"alignnone wp-image-11143 size-full\" src=\"https:\/\/arisinclinic.com\/wp-content\/uploads\/2026\/03\/\u5168\u5c64\u79c1\u5bc6\u7f8e\u5f62\u7dca\u7dfb\u88533.jpg\" alt=\"Ph\u01b0\u01a1ng ph\u00e1p l\u00e0m \u0111\u1eb9p v\u00e0 s\u0103n ch\u1eafc to\u00e0n di\u1ec7n cho v\u00f9ng k\u00edn 3\" width=\"800\" height=\"766\" title=\"\" srcset=\"https:\/\/arisinclinic.com\/wp-content\/uploads\/2026\/03\/\u5168\u5c64\u79c1\u5bc6\u7f8e\u5f62\u7dca\u7dfb\u88533.jpg 800w, https:\/\/arisinclinic.com\/wp-content\/uploads\/2026\/03\/\u5168\u5c64\u79c1\u5bc6\u7f8e\u5f62\u7dca\u7dfb\u88533-300x287.jpg 300w, https:\/\/arisinclinic.com\/wp-content\/uploads\/2026\/03\/\u5168\u5c64\u79c1\u5bc6\u7f8e\u5f62\u7dca\u7dfb\u88533-768x735.jpg 768w, https:\/\/arisinclinic.com\/wp-content\/uploads\/2026\/03\/\u5168\u5c64\u79c1\u5bc6\u7f8e\u5f62\u7dca\u7dfb\u88533-600x575.jpg 600w\" sizes=\"(max-width: 800px) 100vw, 800px\" \/><\/p>\n<h3>Ph\u01b0\u01a1ng ph\u00e1p l\u00e0m \u0111\u1eb9p v\u00e0 s\u0103n ch\u1eafc v\u00f9ng k\u00edn to\u00e0n di\u1ec7n | Ph\u1eabu thu\u1eadt th\u1ea9m m\u1ef9 v\u00f9ng k\u00edn gi\u00fap b\u1ea1n t\u00ecm l\u1ea1i ni\u1ec1m h\u1ea1nh ph\u00fac th\u1ea7m k\u00edn m\u00e0 b\u1ea1n h\u1eb1ng mong \u01b0\u1edbc<\/h3>\n<p>Ph\u1ee5 n\u1eef hi\u1ec7n \u0111\u1ea1i kh\u00f4ng ch\u1ec9 \u0111\u00f2i h\u1ecfi v\u1ebb ngo\u00e0i ho\u00e0n h\u1ea3o m\u00e0 c\u00f2n ng\u00e0y c\u00e0ng ch\u00fa tr\u1ecdng \u0111\u1ebfn v\u1ebb \u0111\u1eb9p b\u00ean trong, d\u00f9 kh\u00f4ng th\u1ec3 nh\u00ecn th\u1ea5y. \u0110\u1eb7c bi\u1ec7t, do y\u1ebfu t\u1ed1 sinh n\u1edf ho\u1eb7c tu\u1ed5i t\u00e1c, \u00e2m \u0111\u1ea1o c\u1ee7a ph\u1ee5 n\u1eef c\u00f3 th\u1ec3 m\u1ea5t \u0111i \u0111\u1ed9 \u0111\u00e0n h\u1ed3i, l\u00e3o h\u00f3a v\u00e0 b\u1ecb gi\u00e3n n\u1edf, khi\u1ebfn nhi\u1ec1u ng\u01b0\u1eddi m\u1ea5t t\u1ef1 tin, th\u1eadm ch\u00ed kh\u00f4ng mu\u1ed1n quan h\u1ec7 t\u00ecnh d\u1ee5c. Th\u00eam v\u00e0o \u0111\u00f3, do y\u1ebfu t\u1ed1 di truy\u1ec1n b\u1ea9m sinh, kho\u1ea3ng 70% ph\u1ee5 n\u1eef ch\u00e2u \u00c1 g\u1eb7p v\u1ea5n \u0111\u1ec1 v\u1ec1 m\u00f4i \u00e2m h\u1ed9 d\u00e0y l\u00ean, v\u00e0 khi mang thai ho\u1eb7c trong giai \u0111o\u1ea1n m\u00e3n kinh, vi\u1ec7c thi\u1ebfu h\u1ee5t hormone n\u1eef c\u00e0ng d\u1ec5 d\u1eabn \u0111\u1ebfn t\u00ecnh tr\u1ea1ng l\u00e3o h\u00f3a v\u00e0 s\u1ea1m m\u00e0u c\u1ee7a m\u00f4i \u00e2m h\u1ed9.<\/p>\n<h3>Nguy\u00ean nh\u00e2n g\u00e2y l\u00e3o h\u00f3a v\u00e0 ch\u1ea3y x\u1ec7 v\u00f9ng k\u00edn<\/h3>\n<table>\n<thead>\n<tr>\n<th>Lo\u1ea1i nguy\u00ean nh\u00e2n<\/th>\n<th>Gi\u1ea3i th\u00edch<\/th>\n<\/tr>\n<\/thead>\n<tbody>\n<tr>\n<td><strong>Qu\u00e1 tr\u00ecnh l\u00e3o h\u00f3a<\/strong><\/td>\n<td>Khi tu\u1ed5i t\u00e1c t\u0103ng l\u00ean, n\u1ed3ng \u0111\u1ed9 hormone n\u1eef (estrogen) gi\u1ea3m v\u00e0 l\u01b0\u1ee3ng collagen b\u1ecb m\u1ea5t \u0111i, d\u1eabn \u0111\u1ebfn v\u00f9ng k\u00edn m\u1ea5t \u0111i \u0111\u1ed9 \u0111\u00e0n h\u1ed3i v\u00e0 c\u00f3 c\u1ea3m gi\u00e1c ch\u00f9ng nh\u00e3o h\u01a1n<\/td>\n<\/tr>\n<tr>\n<td><strong>Ma s\u00e1t k\u00e9o d\u00e0i \u1edf v\u00f9ng k\u00edn<\/strong><\/td>\n<td>C\u00e1c ho\u1ea1t \u0111\u1ed9ng h\u00e0ng ng\u00e0y, m\u1eb7c qu\u1ea7n \u00e1o b\u00f3 s\u00e1t ho\u1eb7c t\u1eadp th\u1ec3 d\u1ee5c\u2026 c\u00f3 th\u1ec3 l\u00e0m gi\u1ea3m \u0111\u1ed9 \u0111\u00e0n h\u1ed3i c\u1ee7a m\u00f4 do ma s\u00e1t k\u00e9o d\u00e0i<\/td>\n<\/tr>\n<tr>\n<td><strong>Nh\u1eefng thay \u0111\u1ed5i trong thai k\u1ef3 v\u00e0 sau sinh<\/strong><\/td>\n<td>Qu\u00e1 tr\u00ecnh mang thai v\u00e0 sinh th\u01b0\u1eddng s\u1ebd l\u00e0m gi\u00e3n n\u1edf \u00e2m \u0111\u1ea1o c\u00f9ng c\u00e1c m\u00f4 xung quanh; n\u1ebfu sau sinh ch\u01b0a h\u1ed3i ph\u1ee5c ho\u00e0n to\u00e0n, d\u1ec5 d\u1eabn \u0111\u1ebfn t\u00ecnh tr\u1ea1ng \u00e2m \u0111\u1ea1o b\u1ecb ch\u00f9ng nh\u00e3o<\/td>\n<\/tr>\n<tr>\n<td><strong>S\u1ef1 thay \u0111\u1ed5i nhanh ch\u00f3ng v\u1ec1 c\u00e2n n\u1eb7ng<\/strong><\/td>\n<td>S\u1ef1 thay \u0111\u1ed5i c\u00e2n n\u1eb7ng \u0111\u1ed9t ng\u1ed9t c\u00f3 th\u1ec3 \u1ea3nh h\u01b0\u1edfng \u0111\u1ebfn n\u1ed9i ti\u1ebft t\u1ed1 v\u00e0 \u0111\u1ed9 \u0111\u00e0n h\u1ed3i c\u1ee7a da, t\u1eeb \u0111\u00f3 t\u00e1c \u0111\u1ed9ng \u0111\u1ebfn \u0111\u1ed9 s\u0103n ch\u1eafc c\u1ee7a v\u00f9ng k\u00edn<\/td>\n<\/tr>\n<\/tbody>\n<\/table>\n<p>&nbsp;<\/p>\n<p><img decoding=\"async\" class=\"alignnone wp-image-11139 size-full\" src=\"https:\/\/arisinclinic.com\/wp-content\/uploads\/2026\/03\/\u5168\u5c64\u79c1\u5bc6\u7f8e\u5f62\u7dca\u7dfb\u88535.jpg\" alt=\"Ph\u01b0\u01a1ng ph\u00e1p l\u00e0m \u0111\u1eb9p v\u00e0 s\u0103n ch\u1eafc to\u00e0n di\u1ec7n cho v\u00f9ng k\u00edn 5\" width=\"800\" height=\"1006\" title=\"\" srcset=\"https:\/\/arisinclinic.com\/wp-content\/uploads\/2026\/03\/\u5168\u5c64\u79c1\u5bc6\u7f8e\u5f62\u7dca\u7dfb\u88535.jpg 800w, https:\/\/arisinclinic.com\/wp-content\/uploads\/2026\/03\/\u5168\u5c64\u79c1\u5bc6\u7f8e\u5f62\u7dca\u7dfb\u88535-239x300.jpg 239w, https:\/\/arisinclinic.com\/wp-content\/uploads\/2026\/03\/\u5168\u5c64\u79c1\u5bc6\u7f8e\u5f62\u7dca\u7dfb\u88535-768x966.jpg 768w, https:\/\/arisinclinic.com\/wp-content\/uploads\/2026\/03\/\u5168\u5c64\u79c1\u5bc6\u7f8e\u5f62\u7dca\u7dfb\u88535-600x755.jpg 600w\" sizes=\"(max-width: 800px) 100vw, 800px\" \/><\/p>\n<h3>C\u00e1c tri\u1ec7u ch\u1ee9ng b\u1ea5t th\u01b0\u1eddng th\u01b0\u1eddng g\u1eb7p \u1edf m\u00f4i \u00e2m h\u1ed9<\/h3>\n<p>M\u00f4i \u00e2m h\u1ed9 \u0111\u00f3ng vai tr\u00f2 nh\u01b0 m\u1ed9t h\u00e0ng r\u00e0o b\u1ea3o v\u1ec7 quan tr\u1ecdng cho v\u00f9ng k\u00edn, c\u00f3 ch\u1ee9c n\u0103ng bao b\u1ecdc v\u00e0 b\u1ea3o v\u1ec7 v\u00f9ng \u00e2m h\u1ed9 c\u1ee7a ph\u1ee5 n\u1eef. Do c\u00f3 th\u1ec3 bao ph\u1ee7 l\u1ed7 \u00e2m \u0111\u1ea1o v\u00e0 ni\u1ec7u \u0111\u1ea1o, m\u00f4i l\u1edbn v\u00e0 m\u00f4i nh\u1ecf gi\u00fap ng\u0103n ng\u1eeba nhi\u1ec5m tr\u00f9ng v\u00e0 vi\u00eam nhi\u1ec5m \u1edf v\u00f9ng k\u00edn, \u0111\u1ed3ng th\u1eddi gi\u1ea3m m\u00f9i h\u00f4i. H\u01a1n n\u1eefa, t\u00e1c d\u1ee5ng bao b\u1ecdc n\u00e0y c\u00f2n gi\u00fap duy tr\u00ec \u0111\u1ed9 \u1ea9m v\u00e0 s\u1ef1 s\u1ea1ch s\u1ebd cho v\u00f9ng k\u00edn.<\/p>\n<p>Tuy nhi\u00ean, do y\u1ebfu t\u1ed1 di truy\u1ec1n, c\u1ea5u tr\u00fac v\u00f9ng k\u00edn c\u1ee7a m\u1ed7i ng\u01b0\u1eddi c\u00f3 s\u1ef1 kh\u00e1c bi\u1ec7t. M\u1ed9t s\u1ed1 b\u1ec7nh nh\u00e2n c\u00f3 m\u00f4i \u00e2m h\u1ed9 to v\u00e0 d\u00e0i b\u1ea5t th\u01b0\u1eddng, ho\u1eb7c do qu\u00e1 tr\u00ecnh l\u00e3o h\u00f3a m\u00e0 b\u1ecb teo nh\u1ecf, nh\u0103n nheo, s\u1ea1m m\u00e0u\u2026 \u0110i\u1ec1u n\u00e0y kh\u00f4ng ch\u1ec9 \u1ea3nh h\u01b0\u1edfng \u0111\u1ebfn th\u1ea9m m\u1ef9 m\u00e0 c\u00f2n g\u00e2y ra nhi\u1ec1u b\u1ea5t ti\u1ec7n trong sinh ho\u1ea1t h\u00e0ng ng\u00e0y! D\u01b0\u1edbi \u0111\u00e2y l\u00e0 4 tr\u01b0\u1eddng h\u1ee3p b\u1ea5t th\u01b0\u1eddng th\u01b0\u1eddng g\u1eb7p \u1edf m\u00f4i \u00e2m h\u1ed9; h\u1ea7u h\u1ebft \u0111\u1ec1u c\u00f3 th\u1ec3 \u0111\u01b0\u1ee3c c\u1ea3i thi\u1ec7n m\u1ed9t c\u00e1ch hi\u1ec7u qu\u1ea3 th\u00f4ng qua ph\u1eabu thu\u1eadt m\u00f4i \u00e2m h\u1ed9.<\/p>\n<ul>\n<li>Ng\u1ee9a v\u00e0 m\u00f9i h\u00f4i: T\u00f3c qu\u00e1 d\u00e0i d\u1ec5 t\u00edch t\u1ee5 b\u1ee5i b\u1ea9n, kh\u00f3 l\u00e0m s\u1ea1ch, d\u1eabn \u0111\u1ebfn ng\u1ee9a v\u00e0 m\u00f9i h\u00f4i<\/li>\n<li>\u0110au do ma s\u00e1t: Vi\u1ec7c m\u1eb7c \u0111\u1ed3 l\u00f3t ho\u1eb7c qu\u1ea7n qu\u00e1 ch\u1eadt d\u1ec5 g\u00e2y ma s\u00e1t l\u1eb7p \u0111i l\u1eb7p l\u1ea1i, t\u1ea1o c\u1ea3m gi\u00e1c ng\u1ed9t ng\u1ea1t v\u00e0 kh\u00f3 ch\u1ecbu, d\u1eabn \u0111\u1ebfn \u0111au \u0111\u1edbn v\u00e0 kh\u00f3 ch\u1ecbu<\/li>\n<li>Vi\u00eam nhi\u1ec5m: M\u00f4i \u00e2m h\u1ed9 qu\u00e1 ng\u1eafn ho\u1eb7c qu\u00e1 d\u00e0i s\u1ebd kh\u00f4ng th\u1ec3 bao ph\u1ee7 ho\u00e0n to\u00e0n ho\u1eb7c bao ph\u1ee7 qu\u00e1 m\u1ee9c, d\u1eabn \u0111\u1ebfn kh\u00f4ng th\u1ec3 ng\u0103n ch\u1eb7n vi khu\u1ea9n, d\u1ec5 g\u00e2y ra s\u1ef1 x\u00e2m nh\u1eadp c\u1ee7a vi khu\u1ea9n, t\u1eeb \u0111\u00f3 d\u1eabn \u0111\u1ebfn nhi\u1ec5m tr\u00f9ng v\u00e0 vi\u00eam nhi\u1ec5m<\/li>\n<li>X\u1ec9n m\u00e0u v\u00e0 k\u00e9m th\u1ea9m m\u1ef9: Qu\u00e1 d\u00e0i, h\u00ecnh d\u00e1ng kh\u00f4ng c\u00e2n \u0111\u1ed1i, teo l\u1ea1i, x\u1ec9n m\u00e0u, nh\u0103n nheo\u2026 H\u00ecnh d\u00e1ng k\u00e9m th\u1ea9m m\u1ef9 d\u1ec5 \u1ea3nh h\u01b0\u1edfng \u0111\u1ebfn \u0111\u1eddi s\u1ed1ng t\u00ecnh d\u1ee5c c\u0169ng nh\u01b0 c\u00e1c v\u1ea5n \u0111\u1ec1 v\u1ec1 th\u1ec3 ch\u1ea5t v\u00e0 tinh th\u1ea7n<\/li>\n<\/ul>\n<p><img loading=\"lazy\" decoding=\"async\" class=\"alignnone wp-image-11140 size-full\" src=\"https:\/\/arisinclinic.com\/wp-content\/uploads\/2026\/03\/\u5168\u5c64\u79c1\u5bc6\u7f8e\u5f62\u7dca\u7dfb\u88531.jpg\" alt=\"Ph\u01b0\u01a1ng ph\u00e1p l\u00e0m \u0111\u1eb9p v\u00e0 s\u0103n ch\u1eafc to\u00e0n di\u1ec7n cho v\u00f9ng k\u00edn 1\" width=\"800\" height=\"766\" title=\"\" srcset=\"https:\/\/arisinclinic.com\/wp-content\/uploads\/2026\/03\/\u5168\u5c64\u79c1\u5bc6\u7f8e\u5f62\u7dca\u7dfb\u88531.jpg 800w, https:\/\/arisinclinic.com\/wp-content\/uploads\/2026\/03\/\u5168\u5c64\u79c1\u5bc6\u7f8e\u5f62\u7dca\u7dfb\u88531-300x287.jpg 300w, https:\/\/arisinclinic.com\/wp-content\/uploads\/2026\/03\/\u5168\u5c64\u79c1\u5bc6\u7f8e\u5f62\u7dca\u7dfb\u88531-768x735.jpg 768w, https:\/\/arisinclinic.com\/wp-content\/uploads\/2026\/03\/\u5168\u5c64\u79c1\u5bc6\u7f8e\u5f62\u7dca\u7dfb\u88531-600x575.jpg 600w\" sizes=\"(max-width: 800px) 100vw, 800px\" \/><\/p>\n<h3>Nguy\u00ean nh\u00e2n g\u00e2y ra t\u00ecnh tr\u1ea1ng \u00e2m \u0111\u1ea1o b\u1ecb gi\u00e3n<\/h3>\n<p>Ngo\u00e0i m\u00f4i \u00e2m h\u1ed9 \u2013 \u201cng\u01b0\u1eddi g\u00e1c c\u1ed5ng\u201d quan tr\u1ecdng \u2013 th\u00ec \u00e2m \u0111\u1ea1o c\u00f2n l\u00e0 c\u01a1 quan sinh d\u1ee5c quan tr\u1ecdng, \u0111\u1ed3ng th\u1eddi c\u0169ng l\u00e0 \u0111\u01b0\u1eddng sinh khi sinh n\u1edf. Gi\u1ed1ng nh\u01b0 c\u01a1 th\u1ec3 con ng\u01b0\u1eddi, \u00e2m \u0111\u1ea1o c\u0169ng s\u1ebd l\u00e3o h\u00f3a theo th\u1eddi gian v\u00e0 g\u00e2y ra nhi\u1ec1u v\u1ea5n \u0111\u1ec1. Tuy nhi\u00ean, ngo\u00e0i qu\u00e1 tr\u00ecnh l\u00e3o h\u00f3a, c\u00f2n c\u00f3 nh\u1eefng nguy\u00ean nh\u00e2n kh\u00e1c d\u1eabn \u0111\u1ebfn t\u00ecnh tr\u1ea1ng \u00e2m \u0111\u1ea1o b\u1ecb gi\u00e3n:<\/p>\n<ul>\n<li>Y\u1ebfu t\u1ed1 di truy\u1ec1n: M\u1ed9t s\u1ed1 b\u1ec7nh nh\u00e2n do y\u1ebfu t\u1ed1 di truy\u1ec1n n\u00ean \u00e2m \u0111\u1ea1o b\u1ea9m sinh \u0111\u00e3 l\u1ecfng l\u1ebbo<\/li>\n<li>Gi\u1ea3m c\u00e2n: S\u1ef1 thay \u0111\u1ed5i c\u00e2n n\u1eb7ng nhanh ch\u00f3ng c\u00f3 th\u1ec3 \u1ea3nh h\u01b0\u1edfng \u0111\u1ebfn \u0111\u1ed9 s\u0103n ch\u1eafc c\u1ee7a \u00e2m \u0111\u1ea1o<\/li>\n<li>Mang thai v\u00e0 sinh n\u1edf: Qu\u00e1 tr\u00ecnh sinh n\u1edf c\u00f3 th\u1ec3 khi\u1ebfn c\u00e1c c\u01a1 \u00e2m \u0111\u1ea1o b\u1ecb gi\u00e3n qu\u00e1 m\u1ee9c, d\u1eabn \u0111\u1ebfn t\u00ecnh tr\u1ea1ng ch\u00f9ng nh\u00e3o<\/li>\n<li>L\u00e3o h\u00f3a v\u00e0 m\u1ea5t \u0111\u1ed9 \u0111\u00e0n h\u1ed3i: Qu\u00e1 tr\u00ecnh l\u00e3o h\u00f3a \u1ea3nh h\u01b0\u1edfng \u0111\u1ebfn ni\u00eam m\u1ea1c \u00e2m \u0111\u1ea1o v\u00e0 \u0111\u1ed9 \u0111\u00e0n h\u1ed3i b\u00ean trong, d\u1eabn \u0111\u1ebfn t\u00ecnh tr\u1ea1ng \u00e2m \u0111\u1ea1o d\u1ea7n tr\u1edf n\u00ean l\u1ecfng l\u1ebbo<\/li>\n<\/ul>\n<p><img loading=\"lazy\" decoding=\"async\" class=\"alignnone wp-image-11141 size-full\" src=\"https:\/\/arisinclinic.com\/wp-content\/uploads\/2026\/03\/\u5168\u5c64\u79c1\u5bc6\u7f8e\u5f62\u7dca\u7dfb\u88532.jpg\" alt=\"Ph\u01b0\u01a1ng ph\u00e1p l\u00e0m \u0111\u1eb9p v\u00e0 s\u0103n ch\u1eafc to\u00e0n di\u1ec7n cho v\u00f9ng k\u00edn 2\" width=\"800\" height=\"766\" title=\"\" srcset=\"https:\/\/arisinclinic.com\/wp-content\/uploads\/2026\/03\/\u5168\u5c64\u79c1\u5bc6\u7f8e\u5f62\u7dca\u7dfb\u88532.jpg 800w, https:\/\/arisinclinic.com\/wp-content\/uploads\/2026\/03\/\u5168\u5c64\u79c1\u5bc6\u7f8e\u5f62\u7dca\u7dfb\u88532-300x287.jpg 300w, https:\/\/arisinclinic.com\/wp-content\/uploads\/2026\/03\/\u5168\u5c64\u79c1\u5bc6\u7f8e\u5f62\u7dca\u7dfb\u88532-768x735.jpg 768w, https:\/\/arisinclinic.com\/wp-content\/uploads\/2026\/03\/\u5168\u5c64\u79c1\u5bc6\u7f8e\u5f62\u7dca\u7dfb\u88532-600x575.jpg 600w\" sizes=\"(max-width: 800px) 100vw, 800px\" \/><\/p>\n<h3>C\u00e1c v\u1ea5n \u0111\u1ec1 do \u00e2m \u0111\u1ea1o b\u1ecb gi\u00e3n ra g\u00e2y ra<\/h3>\n<p>T\u00ecnh tr\u1ea1ng \u00e2m \u0111\u1ea1o b\u1ecb gi\u00e3n c\u00f3 th\u1ec3 \u0111i k\u00e8m v\u1edbi nhi\u1ec1u v\u1ea5n \u0111\u1ec1 kh\u00e1c, do \u0111\u00f3 kh\u00f4ng n\u00ean b\u1ecf qua. N\u1ebfu b\u1ea1n g\u1eb7p c\u00e1c tri\u1ec7u ch\u1ee9ng sau \u0111\u00e2y, b\u1ea1n n\u00ean \u0111\u1eb7t l\u1ecbch kh\u00e1m ngo\u1ea1i tr\u00fa \u0111\u1ec3 \u0111\u01b0\u1ee3c \u0111\u00e1nh gi\u00e1 ban \u0111\u1ea7u.<\/p>\n<ul>\n<li>\u1ea2nh h\u01b0\u1edfng \u0111\u1ebfn \u0111\u1eddi s\u1ed1ng t\u00ecnh d\u1ee5c v\u1ee3 ch\u1ed3ng: \u00c2m \u0111\u1ea1o b\u1ecb gi\u00e3n n\u1edf s\u1ebd \u1ea3nh h\u01b0\u1edfng \u0111\u1ebfn \u0111\u1eddi s\u1ed1ng t\u00ecnh d\u1ee5c v\u1ee3 ch\u1ed3ng, \u0111\u1ed3ng th\u1eddi l\u00e0m gi\u1ea3m \u0111\u00e1ng k\u1ec3 s\u1ef1 th\u0103ng hoa trong chuy\u1ec7n ch\u0103n g\u1ed1i<\/li>\n<li>\u00c2m \u0111\u1ea1o d\u1ec5 b\u1ecb vi\u00eam: \u00c2m \u0111\u1ea1o kh\u00f4ng \u0111\u00f3ng k\u00edn ho\u00e0n to\u00e0n s\u1ebd l\u00e0m gi\u1ea3m kh\u1ea3 n\u0103ng t\u1ef1 l\u00e0m s\u1ea1ch, t\u1ea1o \u0111i\u1ec1u ki\u1ec7n cho vi khu\u1ea9n x\u00e2m nh\u1eadp, d\u1eabn \u0111\u1ebfn nguy c\u01a1 nhi\u1ec5m tr\u00f9ng v\u00e0 vi\u00eam nhi\u1ec5m cao<\/li>\n<li>G\u00e2y ra m\u00f9i h\u00f4i v\u00e0 d\u1ecbch ti\u1ebft \u00e2m \u0111\u1ea1o: C\u00e1c n\u1ebfp g\u1ea5p \u1edf v\u00f9ng \u00e2m \u0111\u1ea1o b\u1ecb gi\u00e3n ra d\u1ec5 t\u00edch t\u1ee5 vi khu\u1ea9n, g\u00e2y ng\u1ee9a v\u00e0 m\u00f9i h\u00f4i, th\u1eadm ch\u00ed c\u00f2n \u1ea3nh h\u01b0\u1edfng \u0111\u1ebfn l\u01b0\u1ee3ng d\u1ecbch ti\u1ebft \u00e2m \u0111\u1ea1o<\/li>\n<li>Ti\u1ec3u kh\u00f4ng t\u1ef1 ch\u1ee7: Nh\u1eefng ng\u01b0\u1eddi b\u1ecb sa \u00e2m \u0111\u1ea1o n\u1eb7ng c\u00f3 th\u1ec3 g\u1eb7p ph\u1ea3i t\u00ecnh tr\u1ea1ng ti\u1ec3u kh\u00f4ng t\u1ef1 ch\u1ee7, \u1ea3nh h\u01b0\u1edfng \u0111\u1ebfn kh\u1ea3 n\u0103ng t\u1ef1 ch\u0103m s\u00f3c b\u1ea3n th\u00e2n<\/li>\n<\/ul>","protected":false},"excerpt":{"rendered":"<p>Ph\u01b0\u01a1ng ph\u00e1p l\u00e0m \u0111\u1eb9p v\u00e0 s\u0103n ch\u1eafc v\u00f9ng k\u00edn to\u00e0n di\u1ec7n Ariesin \u0111\u1ea1t \u0111\u01b0\u1ee3c s\u1ef1 c\u00e2n b\u1eb1ng to\u00e0n di\u1ec7n gi\u1eefa ch\u1ee9c n\u0103ng t\u00e1i t\u1ea1o v\u00e0 th\u1ea9m m\u1ef9 v\u00f9ng k\u00edn. K\u1ebft h\u1ee3p gi\u1eefa vi\u1ec7c thu h\u1eb9p s\u00e2u \u00e2m \u0111\u1ea1o, c\u1ea3i thi\u1ec7n t\u00ecnh tr\u1ea1ng ti\u1ec3u kh\u00f4ng t\u1ef1 ch\u1ee7 v\u00e0 \u0111i\u00eau kh\u1eafc m\u00f4i l\u1edbn, m\u00f4i nh\u1ecf, ph\u01b0\u01a1ng ph\u00e1p n\u00e0y \u00e1p d\u1ee5ng k\u1ef9 thu\u1eadt x\u00e2m l\u1ea5n t\u1ed1i thi\u1ec3u \u0111\u1ec3 mang l\u1ea1i s\u1ef1 tinh t\u1ebf v\u00e0 t\u01b0\u01a1i m\u1edbi t\u1eeb b\u00ean trong ra b\u00ean ngo\u00e0i. \u0110\u01b0\u1ee3c thi\u1ebft k\u1ebf ri\u00eang b\u1edfi \u0111\u1ed9i ng\u0169 chuy\u00ean gia th\u00e2n thi\u1ec7n v\u1edbi ph\u1ee5 n\u1eef, ph\u01b0\u01a1ng ph\u00e1p n\u00e0y gi\u00fap ph\u1ee5c h\u1ed3i \u0111\u1ed9 s\u0103n ch\u1eafc v\u00e0 v\u1ebb h\u1ed3ng h\u00e0o t\u1ef1 nhi\u00ean. H\u00e3y li\u00ean h\u1ec7 ngay \u0111\u1ec3 \u0111\u1eb7t l\u1ecbch cho ch\u01b0\u01a1ng tr\u00ecnh t\u00e1i t\u1ea1o s\u1ef1 t\u1ef1 tin to\u00e0n di\u1ec7n cho v\u00f9ng k\u00edn c\u1ee7a b\u1ea1n.<\/p>","protected":false},"featured_media":11138,"comment_status":"open","ping_status":"closed","template":"","meta":{"_acf_changed":false},"product_brand":[],"product_cat":[15,160],"product_tag":[],"class_list":{"0":"post-11137","1":"product","2":"type-product","3":"status-publish","4":"has-post-thumbnail","6":"product_cat-service","7":"product_cat-intimate-aesthetics","9":"first","10":"instock","11":"shipping-taxable","12":"product-type-simple"},"acf":[],"_links":{"self":[{"href":"https:\/\/arisinclinic.com\/vi\/wp-json\/wp\/v2\/product\/11137","targetHints":{"allow":["GET"]}}],"collection":[{"href":"https:\/\/arisinclinic.com\/vi\/wp-json\/wp\/v2\/product"}],"about":[{"href":"https:\/\/arisinclinic.com\/vi\/wp-json\/wp\/v2\/types\/product"}],"replies":[{"embeddable":true,"href":"https:\/\/arisinclinic.com\/vi\/wp-json\/wp\/v2\/comments?post=11137"}],"wp:featuredmedia":[{"embeddable":true,"href":"https:\/\/arisinclinic.com\/vi\/wp-json\/wp\/v2\/media\/11138"}],"wp:attachment":[{"href":"https:\/\/arisinclinic.com\/vi\/wp-json\/wp\/v2\/media?parent=11137"}],"wp:term":[{"taxonomy":"product_brand","embeddable":true,"href":"https:\/\/arisinclinic.com\/vi\/wp-json\/wp\/v2\/product_brand?post=11137"},{"taxonomy":"product_cat","embeddable":true,"href":"https:\/\/arisinclinic.com\/vi\/wp-json\/wp\/v2\/product_cat?post=11137"},{"taxonomy":"product_tag","embeddable":true,"href":"https:\/\/arisinclinic.com\/vi\/wp-json\/wp\/v2\/product_tag?post=11137"}],"curies":[{"name":"wp","href":"https:\/\/api.w.org\/{rel}","templated":true}]}}