{"id":11144,"date":"2026-03-21T01:12:18","date_gmt":"2026-03-20T17:12:18","guid":{"rendered":"https:\/\/4t542t4sohxh.wpsite.pro\/?post_type=product&#038;p=11144"},"modified":"2026-04-14T21:34:19","modified_gmt":"2026-04-14T13:34:19","slug":"forma-v","status":"publish","type":"product","link":"https:\/\/arisinclinic.com\/vi\/service\/forma-v\/","title":{"rendered":"FORMA V - S\u00f3ng v\u00f4 tuy\u1ebfn h\u00ecnh c\u00e1nh b\u01b0\u1edbm"},"content":{"rendered":"<p>FORMA V Butterfly Radiofrequency th\u1ebf h\u1ec7 m\u1edbi l\u00e0 b\u01b0\u1edbc \u0111\u1ed9t ph\u00e1 trong l\u0129nh v\u1ef1c tr\u1ebb h\u00f3a v\u00f9ng k\u00edn nh\u1edd c\u00f4ng ngh\u1ec7 s\u00f3ng v\u00f4 tuy\u1ebfn l\u01b0\u1ee1ng c\u1ef1c \u0111\u1ed9c quy\u1ec1n. S\u1eed d\u1ee5ng h\u1ec7 th\u1ed1ng ki\u1ec3m so\u00e1t nhi\u1ec7t \u0111\u1ed9 th\u00f4ng minh, thi\u1ebft b\u1ecb truy\u1ec1n nhi\u1ec7t nh\u1eb9 nh\u00e0ng v\u00e0 ch\u00ednh x\u00e1c \u0111\u1ebfn c\u00e1c m\u00f4 b\u00ean trong v\u00e0 b\u00ean ngo\u00e0i v\u00f9ng k\u00edn, k\u00edch th\u00edch t\u00e1i t\u1ea1o collagen s\u00e2u v\u00e0 l\u01b0u th\u00f4ng m\u00e1u. C\u00f4ng ngh\u1ec7 Butterfly Radiofrequency kh\u00f4ng ch\u1ec9 gi\u00fap c\u1ea3i thi\u1ec7n t\u00ecnh tr\u1ea1ng ch\u1ea3y x\u1ec7, ti\u1ec3u kh\u00f4ng t\u1ef1 ch\u1ee7 v\u00e0 kh\u00f4 r\u00e1t kh\u00f3 ch\u1ecbu, m\u00e0 c\u00f2n \u0111\u1ed3ng th\u1eddi l\u00e0m s\u0103n ch\u1eafc v\u00e0 c\u1ea3i thi\u1ec7n s\u1eafc t\u1ed1 v\u00f9ng \u00e2m h\u1ed9. \u0110\u00e2y l\u00e0 li\u1ec7u ph\u00e1p ch\u0103m s\u00f3c v\u00f9ng k\u00edn cao c\u1ea5p, kh\u00f4ng x\u00e2m l\u1ea5n, kh\u00f4ng c\u1ea7n th\u1eddi gian h\u1ed3i ph\u1ee5c v\u00e0 c\u1ef1c k\u1ef3 tho\u1ea3i m\u00e1i, gi\u00fap b\u1ea1n l\u1ea5y l\u1ea1i s\u1ef1 s\u0103n ch\u1eafc, m\u1ecbn m\u00e0ng v\u00e0 t\u1ef1 tin t\u1eeb b\u00ean trong ra b\u00ean ngo\u00e0i trong qu\u00e1 tr\u00ecnh ph\u1ee5c h\u1ed3i \u1ea5m \u00e1p.<\/p>\n<p><img fetchpriority=\"high\" decoding=\"async\" class=\"alignnone wp-image-11146 size-full\" src=\"https:\/\/arisinclinic.com\/wp-content\/uploads\/2026\/03\/FORMA-V-\u8774\u8776\u96fb\u6ce21.jpg\" alt=\"FORMA V - S\u00f3ng v\u00f4 tuy\u1ebfn h\u00ecnh b\u01b0\u1edbm 1\" width=\"800\" height=\"415\" title=\"\" srcset=\"https:\/\/arisinclinic.com\/wp-content\/uploads\/2026\/03\/FORMA-V-\u8774\u8776\u96fb\u6ce21.jpg 800w, https:\/\/arisinclinic.com\/wp-content\/uploads\/2026\/03\/FORMA-V-\u8774\u8776\u96fb\u6ce21-300x156.jpg 300w, https:\/\/arisinclinic.com\/wp-content\/uploads\/2026\/03\/FORMA-V-\u8774\u8776\u96fb\u6ce21-768x398.jpg 768w, https:\/\/arisinclinic.com\/wp-content\/uploads\/2026\/03\/FORMA-V-\u8774\u8776\u96fb\u6ce21-600x311.jpg 600w\" sizes=\"(max-width: 800px) 100vw, 800px\" \/><\/p>\n<h3>Ph\u01b0\u01a1ng ph\u00e1p ph\u1ee5c h\u1ed3i da l\u00e3o h\u00f3a chuy\u00ean s\u00e2u v\u01b0\u1ee3t tr\u1ed9i so v\u1edbi c\u00e1c ph\u01b0\u01a1ng ph\u00e1p th\u00f4ng th\u01b0\u1eddng<\/h3>\n<p>Khi ph\u1ee5 n\u1eef l\u1edbn tu\u1ed5i, mang thai v\u00e0 sinh con, c\u1ea5u tr\u00fac v\u00f9ng k\u00edn c\u0169ng s\u1ebd ph\u1ea3i \u0111\u1ed1i m\u1eb7t v\u1edbi qu\u00e1 tr\u00ecnh l\u00e3o h\u00f3a v\u00e0 teo nh\u1ecf, gi\u1ed1ng nh\u01b0 l\u00e0n da tr\u00ean to\u00e0n c\u01a1 th\u1ec3. Ngay c\u1ea3 khi sinh m\u1ed5, c\u00e1c c\u01a1 v\u00e0 d\u00e2y ch\u1eb1ng v\u00f9ng ch\u1eadu v\u1eabn m\u1ea5t \u0111i \u0111\u1ed9 \u0111\u00e0n h\u1ed3i do \u00e1p l\u1ef1c trong thai k\u1ef3, d\u1eabn \u0111\u1ebfn t\u00ecnh tr\u1ea1ng ch\u00f9ng nh\u00e3o. C\u00f4ng ngh\u1ec7 s\u00f3ng \u0111i\u1ec7n t\u1eeb Butterfly \u0111\u01b0\u1ee3c thi\u1ebft k\u1ebf ri\u00eang cho ph\u1ee5 n\u1eef hi\u1ec7n \u0111\u1ea1i, mang ph\u01b0\u01a1ng ph\u00e1p ch\u0103m s\u00f3c tinh t\u1ebf nh\u01b0 d\u00e0nh cho da m\u1eb7t v\u00e0o l\u0129nh v\u1ef1c s\u1ee9c kh\u1ecfe ph\u1ee5 khoa, gi\u00fap l\u00e0m ch\u1eadm to\u00e0n di\u1ec7n qu\u00e1 tr\u00ecnh l\u00e3o h\u00f3a c\u1ee7a v\u00f9ng k\u00edn.<\/p>\n<h3>Ph\u01b0\u01a1ng ph\u00e1p \u0111i\u1ec1u tr\u1ecb kh\u00f4ng x\u00e2m l\u1ea5n, gi\u00fap c\u1ea3i thi\u1ec7n nhi\u1ec1u v\u1ea5n \u0111\u1ec1 \u1edf v\u00f9ng k\u00edn<\/h3>\n<p>C\u00e1c v\u1ea5n \u0111\u1ec1 th\u01b0\u1eddng g\u1eb7p \u1edf v\u00f9ng k\u00edn bao g\u1ed3m nh\u1eefng \u0111i\u1ec1u sau \u0111\u00e2y:<\/p>\n<ul>\n<li>M\u00f4i b\u00e9: T\u00ecnh tr\u1ea1ng ph\u1ed5 bi\u1ebfn nh\u1ea5t l\u00e0 hai b\u00ean m\u00f4i b\u00e9 kh\u00f4ng c\u00e2n x\u1ee9ng v\u1ec1 k\u00edch th\u01b0\u1edbc, d\u1ec5 g\u00e2y ra nh\u1eefng b\u1ea5t ti\u1ec7n trong sinh ho\u1ea1t h\u00e0ng ng\u00e0y, th\u1eadm ch\u00ed do ma s\u00e1t k\u00e9o d\u00e0i c\u00f3 th\u1ec3 d\u1eabn \u0111\u1ebfn t\u00ecnh tr\u1ea1ng da s\u1ea1m m\u00e0u \u1edf m\u1ed9t s\u1ed1 v\u00f9ng ho\u1eb7c vi\u00eam da m\u00e3n t\u00ednh<\/li>\n<li>M\u00f4i l\u1edbn: Theo s\u1ef1 thay \u0111\u1ed5i c\u1ee7a c\u00e1c giai \u0111o\u1ea1n sinh l\u00fd \u1edf ph\u1ee5 n\u1eef, m\u00f4i l\u1edbn kh\u00f4ng tr\u00e1nh kh\u1ecfi t\u00ecnh tr\u1ea1ng d\u1ea7n tr\u1edf n\u00ean ch\u00f9ng nh\u00e3o, teo l\u1ea1i, l\u00f5m xu\u1ed1ng v\u00e0 kh\u00f4 c\u1ee9ng<\/li>\n<li>\u00c2m v\u1eadt: L\u1edbp da bao ph\u1ee7 ph\u1ea7n tr\u00ean c\u1ee7a \u00e2m v\u1eadt qu\u00e1 d\u00e0i, d\u1ec5 g\u00e2y c\u1ea3n tr\u1edf vi\u1ec7c v\u1ec7 sinh \u00e2m v\u1eadt v\u00e0 \u1ea3nh h\u01b0\u1edfng \u0111\u1ebfn \u0111\u1ed9 nh\u1ea1y c\u1ea3m trong quan h\u1ec7 t\u00ecnh d\u1ee5c<\/li>\n<li>\u00c2m \u0111\u1ea1o: Do sinh n\u1edf, qu\u00e1 tr\u00ecnh l\u00e3o h\u00f3a v\u00e0 gi\u1ea3m c\u00e2n qu\u00e1 m\u1ee9c, d\u1eabn \u0111\u1ebfn suy gi\u1ea3m s\u1ee9c c\u0103ng c\u01a1, d\u00e2y ch\u1eb1ng b\u1ecb ch\u00f9ng l\u1ecfng v\u00e0 gi\u1ea3m n\u1ebfp g\u1ea5p ni\u00eam m\u1ea1c, t\u1ea5t c\u1ea3 \u0111\u1ec1u g\u00e2y ra t\u00ecnh tr\u1ea1ng \u00e2m \u0111\u1ea1o b\u1ecb gi\u00e3n, \u1ea3nh h\u01b0\u1edfng \u0111\u1ebfn s\u1ef1 h\u00f2a h\u1ee3p trong \u0111\u1eddi s\u1ed1ng t\u00ecnh d\u1ee5c<\/li>\n<\/ul>\n<p><img decoding=\"async\" class=\"alignnone wp-image-11147 size-full\" src=\"https:\/\/arisinclinic.com\/wp-content\/uploads\/2026\/03\/FORMA-V-\u8774\u8776\u96fb\u6ce22.jpg\" alt=\"FORMA V Butterfly Radio 2\" width=\"800\" height=\"1007\" title=\"\" srcset=\"https:\/\/arisinclinic.com\/wp-content\/uploads\/2026\/03\/FORMA-V-\u8774\u8776\u96fb\u6ce22.jpg 800w, https:\/\/arisinclinic.com\/wp-content\/uploads\/2026\/03\/FORMA-V-\u8774\u8776\u96fb\u6ce22-238x300.jpg 238w, https:\/\/arisinclinic.com\/wp-content\/uploads\/2026\/03\/FORMA-V-\u8774\u8776\u96fb\u6ce22-768x967.jpg 768w, https:\/\/arisinclinic.com\/wp-content\/uploads\/2026\/03\/FORMA-V-\u8774\u8776\u96fb\u6ce22-600x755.jpg 600w\" sizes=\"(max-width: 800px) 100vw, 800px\" \/><\/p>\n<h3>K\u1ebft h\u1ee3p v\u1edbi k\u1ef9 thu\u1eadt vi kim v\u00e0 s\u00f3ng RF \u0111\u1ec3 k\u00edch th\u00edch t\u00e1i t\u1ea1o collagen<\/h3>\n<p>C\u00f4ng ngh\u1ec7 s\u00f3ng \u0111i\u1ec7n t\u1eeb k\u1ebft h\u1ee3p vi kim \u0111a \u0111i\u1ec3m c\u00f3 th\u1ec3 c\u1ea3i thi\u1ec7n c\u00e1c v\u1ea5n \u0111\u1ec1 v\u1ec1 m\u00e0u da \u1edf l\u1edbp b\u1ec1 m\u1eb7t, k\u1ebft c\u1ea5u v\u00e0 \u0111\u1ed9 s\u0103n ch\u1eafc c\u1ee7a da; b\u1eb1ng c\u00e1ch s\u1eed d\u1ee5ng c\u00e1c vi kim \u0111\u1ec3 t\u1ea1o t\u1ed5n th\u01b0\u01a1ng nh\u1eb9 \u1edf l\u1edbp bi\u1ec3u b\u00ec v\u00e0 h\u1ea1 b\u00ec, k\u00edch th\u00edch qu\u00e1 tr\u00ecnh t\u00e1i t\u1ea1o da, \u0111\u1ed3ng th\u1eddi s\u1eed d\u1ee5ng s\u00f3ng \u0111i\u1ec7n t\u1eeb \u0111\u1ec3 l\u00e0m n\u00f3ng c\u00e1c m\u00f4 \u1edf l\u1edbp s\u00e2u.<\/p>\n<ul>\n<li>Ch\u00e2m kim si\u00eau nh\u1ecf: S\u1eed d\u1ee5ng nh\u1eefng c\u00e2y kim si\u00eau nh\u1ecf \u0111\u1ec3 ch\u00e2m v\u00e0o l\u1edbp da b\u00ean ngo\u00e0i, gi\u00fap c\u1ea3i thi\u1ec7n tu\u1ea7n ho\u00e0n m\u00e1u t\u1ea1i v\u00f9ng da \u0111\u00f3<\/li>\n<li>S\u00f3ng v\u00f4 tuy\u1ebfn: S\u1eed d\u1ee5ng \u201ct\u1ea7n s\u1ed1 v\u00f4 tuy\u1ebfn (vi\u1ebft t\u1eaft l\u00e0 RF)\u201d \u0111\u1ec3 t\u1ea1o ra t\u1ea7n s\u1ed1 dao \u0111\u1ed9ng trong m\u1ed9t ph\u1ea1m vi nh\u1ea5t \u0111\u1ecbnh, t\u1eeb \u0111\u00f3 t\u1ea1o ra nhi\u1ec7t n\u0103ng nh\u1edd s\u1ef1 dao \u0111\u1ed9ng \u0111i\u1ec7n t\u1eed<\/li>\n<\/ul>\n<p><img decoding=\"async\" class=\"alignnone wp-image-11148 size-full\" src=\"https:\/\/arisinclinic.com\/wp-content\/uploads\/2026\/03\/FORMA-V-\u8774\u8776\u96fb\u6ce24.jpg\" alt=\"FORMA V Butterfly Radio 4\" width=\"800\" height=\"273\" title=\"\" srcset=\"https:\/\/arisinclinic.com\/wp-content\/uploads\/2026\/03\/FORMA-V-\u8774\u8776\u96fb\u6ce24.jpg 800w, https:\/\/arisinclinic.com\/wp-content\/uploads\/2026\/03\/FORMA-V-\u8774\u8776\u96fb\u6ce24-300x102.jpg 300w, https:\/\/arisinclinic.com\/wp-content\/uploads\/2026\/03\/FORMA-V-\u8774\u8776\u96fb\u6ce24-768x262.jpg 768w, https:\/\/arisinclinic.com\/wp-content\/uploads\/2026\/03\/FORMA-V-\u8774\u8776\u96fb\u6ce24-600x205.jpg 600w\" sizes=\"(max-width: 800px) 100vw, 800px\" \/><\/p>\n<h3>C\u00f4ng ngh\u1ec7 ki\u1ec3m so\u00e1t nhi\u1ec7t \u0111\u1ed9 A.C.E. \u0111\u1ed9c quy\u1ec1n, \u0111\u1ea3m b\u1ea3o an to\u00e0n t\u1ed1i \u0111a khi gia nhi\u1ec7t<\/h3>\n<p>S\u1ea3n ph\u1ea9m \u0111\u01b0\u1ee3c trang b\u1ecb c\u00f4ng ngh\u1ec7 ki\u1ec3m so\u00e1t nhi\u1ec7t \u0111\u1ed9 A.C.E. \u0111\u00e3 \u0111\u01b0\u1ee3c c\u1ea5p b\u1eb1ng s\u00e1ng ch\u1ebf to\u00e0n c\u1ea7u, k\u1ebft h\u1ee3p v\u1edbi c\u00f4ng ngh\u1ec7 \"s\u00f3ng \u0111i\u1ec7n t\u1eeb ba c\u1ef1c\" \u0111\u1ec3 \u0111\u1ea3m b\u1ea3o qu\u00e1 tr\u00ecnh l\u00e0m n\u00f3ng \u1ed5n \u0111\u1ecbnh. H\u1ec7 th\u1ed1ng c\u00f3 kh\u1ea3 n\u0103ng theo d\u00f5i nhi\u1ec7t \u0111\u1ed9 theo th\u1eddi gian th\u1ef1c v\u00e0 duy tr\u00ec nhi\u1ec7t \u0111\u1ed9 trong kho\u1ea3ng t\u1ed1i \u01b0u, t\u1eeb \u0111\u00f3 k\u00edch th\u00edch s\u1ef1 t\u00e1i t\u1ea1o collagen \u1edf l\u1edbp s\u00e2u m\u1ed9t c\u00e1ch an to\u00e0n. Trong khi \u0111\u1ea3m b\u1ea3o kh\u00f4ng c\u00f3 nguy c\u01a1 b\u1ecfng da, h\u1ec7 th\u1ed1ng k\u00edch ho\u1ea1t c\u00e1c m\u00f4 m\u1ed9t c\u00e1ch ch\u00ednh x\u00e1c, gi\u00fap qu\u00e1 tr\u00ecnh \u0111i\u1ec1u tr\u1ecb ch\u1ec9 mang l\u1ea1i c\u1ea3m gi\u00e1c \u1ea5m nh\u1eb9, mang l\u1ea1i s\u1ef1 tho\u1ea3i m\u00e1i v\u00e0 an t\u00e2m cho ng\u01b0\u1eddi d\u00f9ng.<\/p>\n<p><img loading=\"lazy\" decoding=\"async\" class=\"alignnone wp-image-11149 size-full\" src=\"https:\/\/arisinclinic.com\/wp-content\/uploads\/2026\/03\/FORMA-V-\u8774\u8776\u96fb\u6ce23.jpg\" alt=\"FORMA V Butterfly Radio 3\" width=\"800\" height=\"415\" title=\"\" srcset=\"https:\/\/arisinclinic.com\/wp-content\/uploads\/2026\/03\/FORMA-V-\u8774\u8776\u96fb\u6ce23.jpg 800w, https:\/\/arisinclinic.com\/wp-content\/uploads\/2026\/03\/FORMA-V-\u8774\u8776\u96fb\u6ce23-300x156.jpg 300w, https:\/\/arisinclinic.com\/wp-content\/uploads\/2026\/03\/FORMA-V-\u8774\u8776\u96fb\u6ce23-768x398.jpg 768w, https:\/\/arisinclinic.com\/wp-content\/uploads\/2026\/03\/FORMA-V-\u8774\u8776\u96fb\u6ce23-600x311.jpg 600w\" sizes=\"(max-width: 800px) 100vw, 800px\" \/><\/p>\n<h3>\u01afu \u0111i\u1ec3m c\u1ee7a s\u00f3ng b\u01b0\u1edbm<\/h3>\n<ul>\n<li>\u0110\u01b0\u1ee3c ch\u1ee9ng nh\u1eadn b\u1edfi c\u1ea3 C\u1ee5c Qu\u1ea3n l\u00fd Th\u1ef1c ph\u1ea9m v\u00e0 D\u01b0\u1ee3c ph\u1ea9m Hoa K\u1ef3 (FDA) v\u00e0 B\u1ed9 Y t\u1ebf v\u00e0 Ph\u00fac l\u1ee3i \u0110\u00e0i Loan<\/li>\n<li>Kh\u00f4ng c\u1ea7n ph\u1eabu thu\u1eadt hay g\u00e2y m\u00ea<\/li>\n<li>Qu\u00e1 tr\u00ecnh \u0111i\u1ec1u tr\u1ecb an to\u00e0n v\u00e0 tho\u1ea3i m\u00e1i<\/li>\n<li>Kh\u00f4ng c\u1ea7n th\u1eddi gian h\u1ed3i ph\u1ee5c, kh\u00f4ng \u1ea3nh h\u01b0\u1edfng \u0111\u1ebfn sinh ho\u1ea1t h\u00e0ng ng\u00e0y<\/li>\n<li>\u0110\u1ea7u d\u00f2 d\u00f9ng m\u1ed9t l\u1ea7n, \u0111\u1ea3m b\u1ea3o an to\u00e0n v\u00e0 v\u1ec7 sinh<\/li>\n<\/ul>\n<h3>Nh\u1eefng \u0111\u1ed1i t\u01b0\u1ee3ng ph\u00f9 h\u1ee3p v\u1edbi ph\u01b0\u01a1ng ph\u00e1p Butterfly Radio<\/h3>\n<ul>\n<li>Mu\u1ed1n ng\u0103n ng\u1eeba qu\u00e1 tr\u00ecnh l\u00e3o h\u00f3a v\u00f9ng k\u00edn<\/li>\n<li>Ph\u1ee5 n\u1eef sau sinh<\/li>\n<li>V\u1ea5n \u0111\u1ec1 ti\u1ec3u kh\u00f4ng t\u1ef1 ch\u1ee7<\/li>\n<li>\u00c2m \u0111\u1ea1o b\u1ecb gi\u00e3n<\/li>\n<li>Teo v\u00e0 kh\u00f4 \u00e2m \u0111\u1ea1o<\/li>\n<li>\u0110au khi quan h\u1ec7 t\u00ecnh d\u1ee5c<\/li>\n<li>Mu\u1ed1n t\u0103ng c\u01b0\u1eddng \u0111\u1ed9 nh\u1ea1y c\u1ea3m t\u00ecnh d\u1ee5c<\/li>\n<li>Nh\u1eefng ph\u1ee5 n\u1eef mong mu\u1ed1n c\u00f3 \u0111\u1eddi s\u1ed1ng t\u00ecnh d\u1ee5c vi\u00ean m\u00e3n h\u01a1n<\/li>\n<\/ul>","protected":false},"excerpt":{"rendered":"<p>C\u00f4ng ngh\u1ec7 s\u00f3ng radio FORMA V c\u1ee7a Aresin \u0111\u1ea1t \u0111\u01b0\u1ee3c s\u1ef1 c\u00e2n b\u1eb1ng to\u00e0n di\u1ec7n gi\u1eefa vi\u1ec7c ki\u1ec3m so\u00e1t nhi\u1ec7t \u0111\u1ed9 ch\u00ednh x\u00e1c v\u00e0 ph\u1ee5c h\u1ed3i s\u00e2u. S\u1eed d\u1ee5ng c\u00f4ng ngh\u1ec7 s\u00f3ng v\u00f4 tuy\u1ebfn A.C.E. \u0111\u00e3 \u0111\u01b0\u1ee3c c\u1ea5p b\u1eb1ng s\u00e1ng ch\u1ebf, ph\u01b0\u01a1ng ph\u00e1p n\u00e0y gi\u00fap c\u1ea3i thi\u1ec7n t\u00ecnh tr\u1ea1ng ch\u00f9ng nh\u00e3o, kh\u00f4 r\u00e1t v\u00e0 ti\u1ec3u kh\u00f4ng t\u1ef1 ch\u1ee7 nh\u1eb9 \u1edf v\u00f9ng k\u00edn m\u1ed9t c\u00e1ch kh\u00f4ng x\u00e2m l\u1ea5n, \u0111\u1ed3ng th\u1eddi t\u1ea1o d\u00e1ng v\u00f9ng \u00e2m h\u1ed9 \u0111\u1eb9p h\u01a1n. \u0110\u01b0\u1ee3c thi\u1ebft k\u1ebf ri\u00eang b\u1edfi \u0111\u1ed9i ng\u0169 chuy\u00ean gia, li\u1ec7u tr\u00ecnh mang l\u1ea1i tr\u1ea3i nghi\u1ec7m ch\u0103m s\u00f3c \u1ea5m \u00e1p v\u1edbi c\u1ea3m gi\u00e1c \u0111au \u00edt v\u00e0 kh\u00f4ng c\u1ea7n th\u1eddi gian h\u1ed3i ph\u1ee5c. H\u00e3y li\u00ean h\u1ec7 ngay \u0111\u1ec3 \u0111\u1eb7t l\u1ecbch h\u1eb9n v\u00e0 b\u1eaft \u0111\u1ea7u cu\u1ed9c s\u1ed1ng m\u1edbi v\u1edbi v\u00f9ng k\u00edn s\u0103n ch\u1eafc.<\/p>","protected":false},"featured_media":11145,"comment_status":"open","ping_status":"closed","template":"","meta":{"_acf_changed":false},"product_brand":[],"product_cat":[15,160],"product_tag":[],"class_list":{"0":"post-11144","1":"product","2":"type-product","3":"status-publish","4":"has-post-thumbnail","6":"product_cat-service","7":"product_cat-intimate-aesthetics","9":"first","10":"instock","11":"shipping-taxable","12":"product-type-simple"},"acf":[],"_links":{"self":[{"href":"https:\/\/arisinclinic.com\/vi\/wp-json\/wp\/v2\/product\/11144","targetHints":{"allow":["GET"]}}],"collection":[{"href":"https:\/\/arisinclinic.com\/vi\/wp-json\/wp\/v2\/product"}],"about":[{"href":"https:\/\/arisinclinic.com\/vi\/wp-json\/wp\/v2\/types\/product"}],"replies":[{"embeddable":true,"href":"https:\/\/arisinclinic.com\/vi\/wp-json\/wp\/v2\/comments?post=11144"}],"wp:featuredmedia":[{"embeddable":true,"href":"https:\/\/arisinclinic.com\/vi\/wp-json\/wp\/v2\/media\/11145"}],"wp:attachment":[{"href":"https:\/\/arisinclinic.com\/vi\/wp-json\/wp\/v2\/media?parent=11144"}],"wp:term":[{"taxonomy":"product_brand","embeddable":true,"href":"https:\/\/arisinclinic.com\/vi\/wp-json\/wp\/v2\/product_brand?post=11144"},{"taxonomy":"product_cat","embeddable":true,"href":"https:\/\/arisinclinic.com\/vi\/wp-json\/wp\/v2\/product_cat?post=11144"},{"taxonomy":"product_tag","embeddable":true,"href":"https:\/\/arisinclinic.com\/vi\/wp-json\/wp\/v2\/product_tag?post=11144"}],"curies":[{"name":"wp","href":"https:\/\/api.w.org\/{rel}","templated":true}]}}