{"id":11150,"date":"2026-03-21T20:49:57","date_gmt":"2026-03-21T12:49:57","guid":{"rendered":"https:\/\/4t542t4sohxh.wpsite.pro\/?post_type=product&#038;p=11150"},"modified":"2026-04-14T21:33:21","modified_gmt":"2026-04-14T13:33:21","slug":"nose-surgery","status":"publish","type":"product","link":"https:\/\/arisinclinic.com\/vi\/service\/nose-surgery\/","title":{"rendered":"Ph\u1eabu thu\u1eadt n\u00e2ng m\u0169i"},"content":{"rendered":"<p>Ph\u1eabu thu\u1eadt n\u00e2ng m\u0169i l\u00e0 b\u01b0\u1edbc \u0111i\u00eau kh\u1eafc tinh t\u1ebf mang t\u00ednh quy\u1ebft \u0111\u1ecbnh trong vi\u1ec7c t\u00e1i t\u1ea1o c\u1ea5u tr\u00fac ba chi\u1ec1u cho khu\u00f4n m\u1eb7t. Arixin \u00e1p d\u1ee5ng k\u1ef9 thu\u1eadt n\u00e2ng m\u0169i c\u1ea5u tr\u00fac ti\u00ean ti\u1ebfn, k\u1ebft h\u1ee3p gi\u1eefa c\u1ea5y gh\u00e9p s\u1ee5n t\u1ef1 th\u00e2n v\u00e0 v\u1eadt li\u1ec7u c\u00f3 \u0111\u1ed9 t\u01b0\u01a1ng th\u00edch sinh h\u1ecdc cao, nh\u1eb1m thi\u1ebft k\u1ebf ri\u00eang bi\u1ec7t cho chi\u1ec1u cao s\u1ed1ng m\u0169i, h\u00ecnh d\u00e1ng \u0111\u1ea7u m\u0169i v\u00e0 t\u1ef7 l\u1ec7 c\u00e1nh m\u0169i. Ch\u00fang t\u00f4i nh\u1ea5n m\u1ea1nh s\u1ef1 c\u00e2n b\u1eb1ng gi\u1eefa th\u1ea9m m\u1ef9 v\u00e0 ch\u1ee9c n\u0103ng, v\u1eeba t\u1ea1o ra chi\u1ebfc m\u0169i \u0111\u1eb9p v\u1edbi t\u1ef7 l\u1ec7 v\u00e0ng, v\u1eeba \u0111\u1ea3m b\u1ea3o s\u1ef1 th\u00f4ng tho\u00e1ng khi th\u1edf. \u0110\u00e2y l\u00e0 m\u1ed9t c\u00f4ng tr\u00ecnh c\u1ea5u tr\u00fac ch\u00fa tr\u1ecdng \u0111\u1ebfn s\u1ef1 an to\u00e0n, kh\u00f4ng \u0111\u1ec3 l\u1ea1i s\u1eb9o v\u00e0 v\u1ebb t\u1ef1 nhi\u00ean, gi\u00fap b\u1ea1n t\u1ea1m bi\u1ec7t chi\u1ebfc m\u0169i ph\u1eb3ng v\u00e0 th\u1ea5p, \u0111\u1ec3 l\u1ed9 ra \u0111\u01b0\u1eddng n\u00e9t khu\u00f4n m\u1eb7t n\u1ed5i b\u1eadt \u0111\u1ea7y t\u1ef1 tin.<\/p>\n<p><img fetchpriority=\"high\" decoding=\"async\" class=\"alignnone wp-image-11152 size-full\" src=\"https:\/\/arisinclinic.com\/wp-content\/uploads\/2026\/03\/Nose-Surgery-\u9686\u9f3b1.jpg\" alt=\"Ph\u1eabu thu\u1eadt n\u00e2ng m\u0169i 1\" width=\"800\" height=\"415\" title=\"\" srcset=\"https:\/\/arisinclinic.com\/wp-content\/uploads\/2026\/03\/Nose-Surgery-\u9686\u9f3b1.jpg 800w, https:\/\/arisinclinic.com\/wp-content\/uploads\/2026\/03\/Nose-Surgery-\u9686\u9f3b1-300x156.jpg 300w, https:\/\/arisinclinic.com\/wp-content\/uploads\/2026\/03\/Nose-Surgery-\u9686\u9f3b1-768x398.jpg 768w, https:\/\/arisinclinic.com\/wp-content\/uploads\/2026\/03\/Nose-Surgery-\u9686\u9f3b1-600x311.jpg 600w\" sizes=\"(max-width: 800px) 100vw, 800px\" \/><\/p>\n<h3>D\u00e1ng m\u0169i tinh t\u1ebf v\u00e0 n\u1ed5i kh\u1ed1i, t\u1ea1o n\u00ean t\u1ef7 l\u1ec7 v\u00e0ng h\u00e0i h\u00f2a cho c\u00e1c \u0111\u01b0\u1eddng n\u00e9t tr\u00ean khu\u00f4n m\u1eb7t<\/h3>\n<p>M\u0169i n\u1eb1m \u1edf v\u1ecb tr\u00ed trung t\u00e2m c\u1ee7a khu\u00f4n m\u1eb7t, l\u00e0 y\u1ebfu t\u1ed1 then ch\u1ed1t quy\u1ebft \u0111\u1ecbnh \u0111\u1ed9 n\u1ed5i kh\u1ed1i v\u00e0 n\u00e9t thanh t\u00fa c\u1ee7a c\u00e1c \u0111\u01b0\u1eddng n\u00e9t tr\u00ean khu\u00f4n m\u1eb7t. Nh\u1eefng tr\u01b0\u1eddng h\u1ee3p b\u1ea9m sinh c\u00f3 s\u1ed1ng m\u0169i th\u1ea5p, \u0111\u1ea7u m\u0169i tr\u00f2n v\u00e0 ph\u1eb3ng ho\u1eb7c s\u1ed1ng m\u0169i l\u00f5m th\u01b0\u1eddng khi\u1ebfn t\u1ef7 l\u1ec7 c\u00e1c \u0111\u01b0\u1eddng n\u00e9t tr\u00ean khu\u00f4n m\u1eb7t tr\u1edf n\u00ean thi\u1ebfu h\u00e0i h\u00f2a. Th\u00f4ng qua ph\u1eabu thu\u1eadt n\u00e2ng m\u0169i, b\u00e1c s\u0129 c\u00f3 th\u1ec3 \u0111i\u1ec1u ch\u1ec9nh m\u1ed9t c\u00e1ch tinh t\u1ebf \u0111\u1ed9 cao c\u1ee7a s\u1ed1ng m\u0169i, g\u00f3c \u0111\u1ed9 c\u1ee7a \u0111\u1ea7u m\u0169i v\u00e0 \u0111\u01b0\u1eddng n\u00e9t t\u1ed5ng th\u1ec3 c\u1ee7a m\u0169i, gi\u00fap khu\u00f4n m\u1eb7t tr\u1edf n\u00ean n\u1ed5i kh\u1ed1i h\u01a1n, \u0111\u01b0\u1eddng n\u00e9t r\u00f5 r\u00e0ng h\u01a1n, t\u1eeb \u0111\u00f3 t\u1ef1 nhi\u00ean to\u00e1t l\u00ean n\u00e9t quy\u1ebfn r\u0169 ri\u00eang c\u1ee7a m\u1ed7i ng\u01b0\u1eddi.<\/p>\n<p>T\u1ea1i Ph\u00f2ng kh\u00e1m Arixin, ch\u00fang t\u00f4i kh\u00f4ng theo \u0111u\u1ed5i ki\u1ec3u m\u0169i \u201ccao v\u00e0 th\u1eb3ng\u201d theo khu\u00f4n m\u1eabu, m\u00e0 s\u1ebd thi\u1ebft k\u1ebf ri\u00eang m\u1ed9t d\u00e1ng m\u0169i t\u1ef1 nhi\u00ean ph\u00f9 h\u1ee3p nh\u1ea5t d\u1ef1a tr\u00ean t\u1ef7 l\u1ec7 c\u00e1c \u0111\u01b0\u1eddng n\u00e9t tr\u00ean khu\u00f4n m\u1eb7t v\u00e0 \u0111\u1eb7c \u0111i\u1ec3m h\u00ecnh d\u00e1ng khu\u00f4n m\u1eb7t c\u1ee7a t\u1eebng kh\u00e1ch h\u00e0ng. Nh\u1edd \u0111\u00f3, khu\u00f4n m\u1eb7t c\u1ee7a m\u1ed7i kh\u00e1ch h\u00e0ng s\u1ebd tr\u1edf n\u00ean tinh t\u1ebf, n\u1ed5i kh\u1ed1i v\u00e0 cu\u1ed1n h\u00fat h\u01a1n, d\u00f9 nh\u00ecn t\u1eeb ph\u00eda tr\u01b0\u1edbc hay t\u1eeb b\u00ean h\u00f4ng.<\/p>\n<p><img decoding=\"async\" class=\"alignnone wp-image-11153 size-full\" src=\"https:\/\/arisinclinic.com\/wp-content\/uploads\/2026\/03\/Nose-Surgery-\u9686\u9f3b2.jpg\" alt=\"Ph\u1eabu thu\u1eadt n\u00e2ng m\u0169i 2\" width=\"800\" height=\"414\" title=\"\" srcset=\"https:\/\/arisinclinic.com\/wp-content\/uploads\/2026\/03\/Nose-Surgery-\u9686\u9f3b2.jpg 800w, https:\/\/arisinclinic.com\/wp-content\/uploads\/2026\/03\/Nose-Surgery-\u9686\u9f3b2-300x155.jpg 300w, https:\/\/arisinclinic.com\/wp-content\/uploads\/2026\/03\/Nose-Surgery-\u9686\u9f3b2-768x397.jpg 768w, https:\/\/arisinclinic.com\/wp-content\/uploads\/2026\/03\/Nose-Surgery-\u9686\u9f3b2-600x311.jpg 600w\" sizes=\"(max-width: 800px) 100vw, 800px\" \/><\/p>\n<h3>\u0110i\u1ec3m n\u1ed5i b\u1eadt c\u1ee7a d\u1ecbch v\u1ee5 n\u00e2ng m\u0169i t\u1ea1i Ph\u00f2ng kh\u00e1m Arixin<\/h3>\n<h4>T\u1ef7 l\u1ec7 th\u1ea9m m\u1ef9 \u0111\u01b0\u1ee3c thi\u1ebft k\u1ebf ri\u00eang<\/h4>\n<p>B\u00e1c s\u0129 s\u1ebd thi\u1ebft k\u1ebf d\u00e1ng m\u0169i d\u1ef1a tr\u00ean h\u00ecnh d\u00e1ng khu\u00f4n m\u1eb7t, t\u1ef7 l\u1ec7 c\u00e1c \u0111\u01b0\u1eddng n\u00e9t tr\u00ean khu\u00f4n m\u1eb7t v\u00e0 phong c\u00e1ch c\u00e1 nh\u00e2n, ch\u00fa tr\u1ecdng v\u00e0o nh\u1eefng \u0111\u01b0\u1eddng n\u00e9t t\u1ef1 nhi\u00ean, h\u00e0i h\u00f2a v\u00e0 b\u1ec1n \u0111\u1eb9p, thay v\u00ec \u00e1p d\u1ee5ng m\u1ed9t m\u1eabu m\u0169i chu\u1ea9n h\u00f3a duy nh\u1ea5t.<\/p>\n<h4>C\u00e1c l\u1ef1a ch\u1ecdn v\u1eadt li\u1ec7u ph\u1eabu thu\u1eadt n\u00e2ng m\u0169i \u0111a d\u1ea1ng<\/h4>\n<p>Ch\u00fang t\u00f4i cung c\u1ea5p c\u00e1c l\u1ef1a ch\u1ecdn nh\u01b0 silicon, Gore-Tex, s\u1ee5n s\u01b0\u1eddn t\u1ef1 th\u00e2n, v.v. Qu\u00fd kh\u00e1ch c\u00f3 th\u1ec3 l\u1ef1a ch\u1ecdn v\u1eadt li\u1ec7u ph\u00f9 h\u1ee3p nh\u1ea5t d\u1ef1a tr\u00ean nhu c\u1ea7u v\u00e0 \u0111i\u1ec1u ki\u1ec7n c\u00e1 nh\u00e2n, \u0111\u1ea3m b\u1ea3o c\u1ea3 v\u1ec1 th\u1ea9m m\u1ef9 l\u1eabn \u0111\u1ed9 an to\u00e0n.<\/p>\n<h4>C\u00e1c b\u00e1c s\u0129 chuy\u00ean khoa th\u1ef1c hi\u1ec7n ph\u1eabu thu\u1eadt m\u1ed9t c\u00e1ch t\u1ec9 m\u1ec9<\/h4>\n<p>Ph\u1eabu thu\u1eadt \u0111\u01b0\u1ee3c th\u1ef1c hi\u1ec7n b\u1edfi c\u00e1c b\u00e1c s\u0129 c\u00f3 nhi\u1ec1u kinh nghi\u1ec7m trong l\u0129nh v\u1ef1c ph\u1eabu thu\u1eadt m\u0169i, ch\u00fa tr\u1ecdng \u0111\u1ebfn s\u1ef1 \u1ed5n \u0111\u1ecbnh c\u1ee7a h\u00ecnh d\u00e1ng m\u0169i v\u00e0 qu\u00e1 tr\u00ecnh l\u00e0nh th\u01b0\u01a1ng sau ph\u1eabu thu\u1eadt, t\u1eeb \u0111\u00f3 gi\u1ea3m thi\u1ec3u c\u00e1c r\u1ee7i ro nh\u01b0 h\u00ecnh th\u00e0nh bao x\u01a1 hay l\u1ec7ch v\u1ecb tr\u00ed.<\/p>\n<h4>Ch\u0103m s\u00f3c sau ph\u1eabu thu\u1eadt chu \u0111\u00e1o, qu\u00e1 tr\u00ecnh h\u1ed3i ph\u1ee5c \u0111\u01b0\u1ee3c \u0111\u01a1n gi\u1ea3n h\u00f3a<\/h4>\n<p>Cung c\u1ea5p h\u01b0\u1edbng d\u1eabn ch\u0103m s\u00f3c sau ph\u1eabu thu\u1eadt, c\u00e1c bu\u1ed5i t\u00e1i kh\u00e1m \u0111\u1ecbnh k\u1ef3 v\u00e0 theo d\u00f5i t\u00ecnh tr\u1ea1ng s\u01b0ng t\u1ea5y, gi\u00fap kh\u00e1ch h\u00e0ng an t\u00e2m trong qu\u00e1 tr\u00ecnh h\u1ed3i ph\u1ee5c, \u0111\u1ed3ng th\u1eddi \u0111\u1ea3m b\u1ea3o d\u00e1ng m\u0169i h\u00f2a h\u1ee3p t\u1ef1 nhi\u00ean v\u1edbi c\u00e1c \u0111\u01b0\u1eddng n\u00e9t tr\u00ean khu\u00f4n m\u1eb7t.<\/p>\n<p><img decoding=\"async\" class=\"alignnone wp-image-11155 size-full\" src=\"https:\/\/arisinclinic.com\/wp-content\/uploads\/2026\/03\/Nose-Surgery-\u9686\u9f3b3.jpg\" alt=\"Ph\u1eabu thu\u1eadt n\u00e2ng m\u0169i 3\" width=\"800\" height=\"415\" title=\"\" srcset=\"https:\/\/arisinclinic.com\/wp-content\/uploads\/2026\/03\/Nose-Surgery-\u9686\u9f3b3.jpg 800w, https:\/\/arisinclinic.com\/wp-content\/uploads\/2026\/03\/Nose-Surgery-\u9686\u9f3b3-300x156.jpg 300w, https:\/\/arisinclinic.com\/wp-content\/uploads\/2026\/03\/Nose-Surgery-\u9686\u9f3b3-768x398.jpg 768w, https:\/\/arisinclinic.com\/wp-content\/uploads\/2026\/03\/Nose-Surgery-\u9686\u9f3b3-600x311.jpg 600w\" sizes=\"(max-width: 800px) 100vw, 800px\" \/><\/p>\n<h3>Gi\u1edbi thi\u1ec7u v\u1ec1 c\u00e1c lo\u1ea1i v\u1eadt li\u1ec7u c\u1ea5y gh\u00e9p n\u00e2ng m\u0169i ph\u1ed5 bi\u1ebfn | L\u1ef1a ch\u1ecdn v\u1eadt li\u1ec7u c\u00e2n b\u1eb1ng gi\u1eefa t\u00ednh th\u1ea9m m\u1ef9 v\u00e0 \u0111\u1ed9 an to\u00e0n<\/h3>\n<p>V\u1ebb \u0111\u1eb9p th\u1ea9m m\u1ef9 v\u00e0 \u0111\u1ed9 \u1ed5n \u0111\u1ecbnh sau ph\u1eabu thu\u1eadt n\u00e2ng m\u0169i c\u00f3 m\u1ed1i li\u00ean h\u1ec7 m\u1eadt thi\u1ebft v\u1edbi lo\u1ea1i v\u1eadt li\u1ec7u c\u1ea5y gh\u00e9p \u0111\u01b0\u1ee3c l\u1ef1a ch\u1ecdn. Ph\u00f2ng kh\u00e1m Arixin cung c\u1ea5p nhi\u1ec1u l\u1ef1a ch\u1ecdn v\u1eadt li\u1ec7u c\u1ea5y gh\u00e9p n\u00e2ng m\u0169i \u0111\u00e3 \u0111\u01b0\u1ee3c ch\u1ee9ng minh l\u00e2m s\u00e0ng. D\u1ef1a tr\u00ean \u0111i\u1ec1u ki\u1ec7n c\u00e1 nh\u00e2n, c\u1ea5u tr\u00fac m\u0169i v\u00e0 k\u1ebft qu\u1ea3 mong mu\u1ed1n, ch\u00fang t\u00f4i s\u1ebd thi\u1ebft k\u1ebf ri\u00eang bi\u1ec7t ki\u1ec3u d\u00e1ng m\u0169i v\u00e0 k\u1ebft h\u1ee3p v\u1eadt li\u1ec7u ph\u00f9 h\u1ee3p nh\u1ea5t, nh\u1eb1m mang l\u1ea1i \u0111\u01b0\u1eddng cong m\u0169i \u0111\u1eb9p t\u1ef1 nhi\u00ean, \u1ed5n \u0111\u1ecbnh v\u00e0 b\u1ec1n v\u1eefng theo th\u1eddi gian.<\/p>\n<h4>M\u0169i gi\u1ea3 b\u1eb1ng silicon (Silicone Implant)<\/h4>\n<ul>\n<li>\u0110\u1eb7c \u0111i\u1ec3m: L\u00e0 lo\u1ea1i v\u1eadt li\u1ec7u c\u1ea5y gh\u00e9p ph\u1ed5 bi\u1ebfn nh\u1ea5t trong ph\u1eabu thu\u1eadt n\u00e2ng m\u0169i truy\u1ec1n th\u1ed1ng, c\u00f3 nh\u1eefng \u01b0u \u0111i\u1ec3m nh\u01b0 t\u00ednh d\u1ebbo cao, c\u00f3 th\u1ec3 th\u00e1o ra \u0111\u01b0\u1ee3c v\u00e0 gi\u00e1 c\u1ea3 \u1ed5n \u0111\u1ecbnh.<\/li>\n<li>\u01afu \u0111i\u1ec3m: B\u1ec1 m\u1eb7t m\u1ecbn m\u00e0ng, th\u1eddi gian ph\u1eabu thu\u1eadt ng\u1eafn, ph\u1ee5c h\u1ed3i sau ph\u1eabu thu\u1eadt nhanh. Th\u01b0\u1eddng \u0111\u01b0\u1ee3c \u00e1p d\u1ee5ng cho nh\u1eefng tr\u01b0\u1eddng h\u1ee3p ch\u1ec9 n\u00e2ng s\u1ed1ng m\u0169i.<\/li>\n<li>\u0110\u1ed1i t\u01b0\u1ee3ng ph\u00f9 h\u1ee3p: Nh\u1eefng ng\u01b0\u1eddi c\u00f3 \u0111\u1ea7u m\u0169i \u0111\u1eb9p, ch\u1ec9 c\u1ea7n n\u00e2ng cao s\u1ed1ng m\u0169i.<\/li>\n<li>L\u01b0u \u00fd: B\u00e1c s\u0129 c\u00f3 kinh nghi\u1ec7m c\u1ea7n \u0111\u00e1nh gi\u00e1 \u0111\u1ed9 d\u00e0y v\u00e0 g\u00f3c kh\u1eafc \u0111\u1ec3 tr\u00e1nh t\u00ecnh tr\u1ea1ng implant qu\u00e1 d\u00e0i ho\u1eb7c tr\u00f4ng kh\u00f4ng t\u1ef1 nhi\u00ean.<\/li>\n<\/ul>\n<h4>Gore-Tex (polytetrafluoroethylene)<\/h4>\n<ul>\n<li>\u0110\u1eb7c \u0111i\u1ec3m: Ch\u1ea5t li\u1ec7u m\u1ec1m m\u1ea1i, b\u1ec1 m\u1eb7t c\u00f3 c\u1ea5u tr\u00fac l\u1ed7 r\u1ed7ng li ti, kh\u1ea3 n\u0103ng t\u01b0\u01a1ng th\u00edch cao v\u1edbi m\u00f4.<\/li>\n<li>\u01afu \u0111i\u1ec3m: Ch\u1ea5t li\u1ec7u m\u1ec1m m\u1ea1i, c\u1ea3m gi\u00e1c t\u1ef1 nhi\u00ean, kh\u00f4ng d\u1ec5 b\u1ecb x\u00ea d\u1ecbch, \u0111\u1ed9 b\u1ec1n cao theo th\u1eddi gian.<\/li>\n<li>Ph\u00f9 h\u1ee3p v\u1edbi: Nh\u1eefng ng\u01b0\u1eddi mong mu\u1ed1n s\u1ed1ng m\u0169i m\u1ec1m m\u1ea1i, t\u1ef1 nhi\u00ean v\u00e0 c\u00f3 l\u00e0n da m\u1ecfng.<\/li>\n<li>L\u01b0u \u00fd: M\u1eb7c d\u00f9 \u0111\u1ed9 t\u00edch h\u1ee3p cao, nh\u01b0ng ph\u1eabu thu\u1eadt l\u1ea5y ra kh\u00e1 ph\u1ee9c t\u1ea1p, do \u0111\u00f3 c\u1ea7n \u0111\u01b0\u1ee3c b\u00e1c s\u0129 c\u00f3 kinh nghi\u1ec7m \u0111\u00e1nh gi\u00e1 v\u00e0 th\u1ef1c hi\u1ec7n.<\/li>\n<\/ul>\n<h4>S\u1ee5n s\u01b0\u1eddn t\u1ef1 th\u00e2n (Autologous Rib Cartilage)<\/h4>\n<ul>\n<li>\u0110\u1eb7c \u0111i\u1ec3m: L\u1ea5y t\u1eeb x\u01b0\u01a1ng s\u01b0\u1eddn c\u1ee7a ch\u00ednh b\u1ec7nh nh\u00e2n, ho\u00e0n to\u00e0n t\u01b0\u01a1ng th\u00edch sinh h\u1ecdc, lo\u1ea1i b\u1ecf nguy c\u01a1 b\u1ecb c\u01a1 th\u1ec3 \u0111\u00e0o th\u1ea3i.<\/li>\n<li>\u01afu \u0111i\u1ec3m: C\u00f3 th\u1ec3 t\u00e1i t\u1ea1o c\u1ea5u tr\u00fac n\u00e2ng \u0111\u1ee1 s\u1ed1ng m\u0169i v\u00e0 \u0111\u1ea7u m\u0169i, h\u00ecnh d\u00e1ng \u1ed5n \u0111\u1ecbnh, hi\u1ec7u qu\u1ea3 l\u00e2u d\u00e0i.<\/li>\n<li>\u0110\u1ed1i t\u01b0\u1ee3ng ph\u00f9 h\u1ee3p: Nh\u1eefng ng\u01b0\u1eddi c\u00f3 c\u01a1 \u0111\u1ecba nh\u1ea1y c\u1ea3m, t\u1eebng b\u1ecb c\u01a1 th\u1ec3 \u0111\u00e0o th\u1ea3i implant, ho\u1eb7c nh\u1eefng ng\u01b0\u1eddi \u0111ang th\u1ef1c hi\u1ec7n ph\u1eabu thu\u1eadt ch\u1ec9nh s\u1eeda m\u0169i.<\/li>\n<li>L\u01b0u \u00fd: Ph\u1ea3i l\u1ea5y s\u1ee5n s\u01b0\u1eddn t\u1eeb v\u00f9ng ng\u1ef1c, th\u1eddi gian ph\u1eabu thu\u1eadt kh\u00e1 d\u00e0i v\u00e0 c\u1ea7n th\u1eddi gian h\u1ed3i ph\u1ee5c t\u01b0\u01a1ng \u0111\u1ed1i l\u00e2u.<\/li>\n<\/ul>\n<h4>S\u1ee5n v\u00e0nh tai (Conchal Cartilage)<\/h4>\n<ul>\n<li>\u0110\u1eb7c \u0111i\u1ec3m: Th\u01b0\u1eddng \u0111\u01b0\u1ee3c s\u1eed d\u1ee5ng \u0111\u1ec3 ch\u1ec9nh s\u1eeda \u0111\u1ea7u m\u0169i, gi\u00fap t\u0103ng \u0111\u1ed9 t\u1ef1 nhi\u00ean v\u00e0 \u0111\u1ed9 n\u00e2ng \u0111\u1ee1.<\/li>\n<li>\u01afu \u0111i\u1ec3m: \u0110\u1ed9 d\u1ebbo dai cao, d\u1ec5 t\u1ea1o h\u00ecnh, th\u01b0\u1eddng \u0111\u01b0\u1ee3c k\u1ebft h\u1ee3p v\u1edbi c\u00e1c lo\u1ea1i implant kh\u00e1c.<\/li>\n<li>Ph\u00f9 h\u1ee3p v\u1edbi: Nh\u1eefng ng\u01b0\u1eddi c\u00f3 s\u1ed1ng m\u0169i th\u1ea5p, mong mu\u1ed1n c\u00f3 d\u00e1ng m\u0169i m\u1ec1m m\u1ea1i v\u00e0 t\u1ef1 nhi\u00ean.<\/li>\n<li>L\u01b0u \u00fd: M\u1eb7c d\u00f9 v\u1ebft th\u01b0\u01a1ng nh\u1ecf, nh\u01b0ng sau khi l\u1ea5y ra v\u1eabn c\u1ea7n ch\u0103m s\u00f3c h\u1eadu ph\u1eabu \u0111\u1ec3 tr\u00e1nh tai b\u1ecb bi\u1ebfn d\u1ea1ng.<\/li>\n<\/ul>\n<h4>\u1ee8ng d\u1ee5ng c\u1ee7a implant composite<\/h4>\n<p>Trong ph\u1ea7n l\u1edbn c\u00e1c tr\u01b0\u1eddng h\u1ee3p, b\u00e1c s\u0129 s\u1ebd s\u1eed d\u1ee5ng mi\u1ebfng \u0111\u1ed9n b\u1eb1ng silicon ho\u1eb7c Gore-Tex \u0111\u1ec3 n\u00e2ng cao s\u1ed1ng m\u0169i, k\u1ebft h\u1ee3p v\u1edbi s\u1ee5n tai ho\u1eb7c s\u1ee5n v\u00e1ch ng\u0103n m\u0169i \u0111\u1ec3 ch\u1ec9nh s\u1eeda \u0111\u1ea7u m\u0169i, ho\u1eb7c s\u1eed d\u1ee5ng s\u1ee5n s\u01b0\u1eddn \u0111\u1ec3 t\u00e1i t\u1ea1o l\u1ea1i c\u1ea5u tr\u00fac t\u1ed5ng th\u1ec3. Ph\u01b0\u01a1ng ph\u00e1p n\u00e0y cho ph\u00e9p \u0111i\u1ec1u ch\u1ec9nh m\u1ed9t c\u00e1ch tinh t\u1ebf h\u01a1n d\u1ef1a tr\u00ean t\u1ef7 l\u1ec7 c\u00e1c \u0111\u01b0\u1eddng n\u00e9t tr\u00ean khu\u00f4n m\u1eb7t, mang l\u1ea1i k\u1ebft qu\u1ea3 t\u1ef1 nhi\u00ean v\u00e0 b\u1ec1n v\u1eefng, \u0111\u1ed3ng th\u1eddi l\u00e0 k\u1ef9 thu\u1eadt thi\u1ebft k\u1ebf ph\u1eabu thu\u1eadt n\u00e2ng m\u0169i theo y\u00eau c\u1ea7u c\u00e1 nh\u00e2n th\u01b0\u1eddng \u0111\u01b0\u1ee3c \u00e1p d\u1ee5ng t\u1ea1i Ph\u00f2ng kh\u00e1m Arixin.<\/p>\n<p><img loading=\"lazy\" decoding=\"async\" class=\"alignnone wp-image-11154 size-full\" src=\"https:\/\/arisinclinic.com\/wp-content\/uploads\/2026\/03\/Nose-Surgery-\u9686\u9f3b4.jpg\" alt=\"Ph\u1eabu thu\u1eadt n\u00e2ng m\u0169i 4\" width=\"800\" height=\"414\" title=\"\" srcset=\"https:\/\/arisinclinic.com\/wp-content\/uploads\/2026\/03\/Nose-Surgery-\u9686\u9f3b4.jpg 800w, https:\/\/arisinclinic.com\/wp-content\/uploads\/2026\/03\/Nose-Surgery-\u9686\u9f3b4-300x155.jpg 300w, https:\/\/arisinclinic.com\/wp-content\/uploads\/2026\/03\/Nose-Surgery-\u9686\u9f3b4-768x397.jpg 768w, https:\/\/arisinclinic.com\/wp-content\/uploads\/2026\/03\/Nose-Surgery-\u9686\u9f3b4-600x311.jpg 600w\" sizes=\"(max-width: 800px) 100vw, 800px\" \/><\/p>\n<h3>L\u1eddi khuy\u00ean t\u1eeb Ph\u00f2ng kh\u00e1m Arixin<\/h3>\n<ul>\n<li>Vi\u1ec7c l\u1ef1a ch\u1ecdn mi\u1ebfng \u0111\u1ed9n ph\u00f9 h\u1ee3p kh\u00f4ng ph\u1ee5 thu\u1ed9c v\u00e0o ti\u00eau ch\u00ed \u201cc\u00e0ng \u0111\u1eaft c\u00e0ng t\u1ed1t\u201d, m\u00e0 quan tr\u1ecdng l\u00e0 n\u00f3 c\u00f3 ph\u00f9 h\u1ee3p v\u1edbi h\u00ecnh d\u00e1ng m\u0169i v\u00e0 nhu c\u1ea7u c\u1ee7a b\u1ea1n hay kh\u00f4ng. C\u00e1c b\u00e1c s\u0129 c\u1ee7a ch\u00fang t\u00f4i s\u1ebd d\u1ef1a tr\u00ean:<\/li>\n<li>C\u1ea5u tr\u00fac m\u0169i v\u00e0 \u0111\u1ed9 d\u00e0y da<\/li>\n<li>\u0110\u00e2y l\u00e0 l\u1ea7n \u0111\u1ea7u ti\u00ean ph\u1eabu thu\u1eadt n\u00e2ng m\u0169i hay l\u00e0 ph\u1eabu thu\u1eadt ch\u1ec9nh s\u1eeda?<\/li>\n<li>S\u1edf th\u00edch v\u1ec1 th\u1ea9m m\u1ef9 (phong c\u00e1ch t\u1ef1 nhi\u00ean, d\u00e1ng v\u1ebb v\u1eefng ch\u00e3i, \u0111\u01b0\u1eddng n\u00e9t m\u1ec1m m\u1ea1i)<\/li>\n<li>C\u00e1c y\u1ebfu t\u1ed1 v\u1ec1 th\u1ec3 tr\u1ea1ng v\u00e0 an to\u00e0n<\/li>\n<\/ul>\n<p>Ti\u1ebfn h\u00e0nh \u0111\u00e1nh gi\u00e1 to\u00e0n di\u1ec7n v\u00e0 \u0111\u01b0a ra c\u00e1c khuy\u1ebfn ngh\u1ecb \u0111\u1ec3 \u0111\u1ea3m b\u1ea3o li\u1ec7u tr\u00ecnh an to\u00e0n v\u00e0 mang l\u1ea1i hi\u1ec7u qu\u1ea3 t\u1ef1 nhi\u00ean.<\/p>\n<h3>C\u00e1c lo\u1ea1i ph\u1eabu thu\u1eadt n\u00e2ng m\u0169i ph\u1ed5 bi\u1ebfn<\/h3>\n<table>\n<thead>\n<tr>\n<th>C\u00e1c ph\u01b0\u01a1ng ph\u00e1p n\u00e2ng m\u0169i<\/th>\n<th>Ch\u1ea5t li\u1ec7u \/ C\u00f4ng ngh\u1ec7<\/th>\n<th>\u0110\u1ed1i t\u01b0\u1ee3ng ph\u00f9 h\u1ee3p<\/th>\n<\/tr>\n<\/thead>\n<tbody>\n<tr>\n<td><strong>Ph\u1eabu thu\u1eadt n\u00e2ng m\u0169i truy\u1ec1n th\u1ed1ng (n\u00e2ng s\u1ed1ng m\u0169i)<\/strong><\/td>\n<td>Silicone \/ Gore-Tex<\/td>\n<td>Nh\u1eefng ng\u01b0\u1eddi c\u00f3 s\u1ed1ng m\u0169i th\u1ea5p nh\u01b0ng \u0111\u1ea7u m\u0169i \u0111\u1eb9p<\/td>\n<\/tr>\n<tr>\n<td><strong>Ph\u1eabu thu\u1eadt n\u00e2ng m\u0169i theo ph\u01b0\u01a1ng ph\u00e1p t\u1ea1o h\u00ecnh<\/strong><\/td>\n<td>Ph\u1eabu thu\u1eadt t\u00e1i t\u1ea1o s\u1ee5n v\u00e1ch ng\u0103n m\u0169i v\u00e0 \u0111\u1ea7u m\u0169i<\/td>\n<td>Nh\u1eefng ng\u01b0\u1eddi c\u00f3 \u0111\u1ea7u m\u0169i ng\u1eafn, m\u0169i h\u1ebfch, c\u1ea7n \u0111i\u1ec1u ch\u1ec9nh c\u1ea5u tr\u00fac t\u1ed5ng th\u1ec3<\/td>\n<\/tr>\n<tr>\n<td><strong>Ph\u1eabu thu\u1eadt n\u00e2ng m\u0169i b\u1eb1ng s\u1ee5n s\u01b0\u1eddn t\u1ef1 th\u00e2n<\/strong><\/td>\n<td>S\u1eed d\u1ee5ng x\u01b0\u01a1ng s\u01b0\u1eddn c\u1ee7a ch\u00ednh b\u1ec7nh nh\u00e2n \u0111\u1ec3 t\u00e1i t\u1ea1o h\u00ecnh d\u00e1ng m\u0169i<\/td>\n<td>Nh\u1eefng ng\u01b0\u1eddi c\u00f3 c\u01a1 \u0111\u1ecba nh\u1ea1y c\u1ea3m, kh\u00f4ng ph\u00f9 h\u1ee3p v\u1edbi c\u1ea5y gh\u00e9p nh\u00e2n t\u1ea1o<\/td>\n<\/tr>\n<tr>\n<td><strong>Ph\u1eabu thu\u1eadt n\u00e2ng m\u0169i k\u1ebft h\u1ee3p<\/strong><\/td>\n<td>Silicone k\u1ebft h\u1ee3p v\u1edbi s\u1ee5n tai ho\u1eb7c s\u1ee5n s\u01b0\u1eddn<\/td>\n<td>Nh\u1eefng ng\u01b0\u1eddi c\u1ea7n ch\u1ec9nh s\u1eeda c\u1ea3 s\u1ed1ng m\u0169i v\u00e0 \u0111\u1ea7u m\u0169i<\/td>\n<\/tr>\n<\/tbody>\n<\/table>\n<h3><\/h3>\n<h3>Nh\u1eefng \u0111\u1ed1i t\u01b0\u1ee3ng ph\u00f9 h\u1ee3p \u0111\u1ec3 ph\u1eabu thu\u1eadt n\u00e2ng m\u0169i<\/h3>\n<ul>\n<li>S\u1ed1ng m\u0169i ph\u1eb3ng, g\u1ed1c m\u0169i th\u1ea5p, l\u00e0m gi\u1ea3m \u0111\u1ed9 n\u1ed5i b\u1eadt c\u1ee7a c\u00e1c \u0111\u01b0\u1eddng n\u00e9t tr\u00ean khu\u00f4n m\u1eb7t<\/li>\n<li>\u0110\u1ea7u m\u0169i tr\u00f2n v\u00e0 h\u01a1i nh\u1ecdn, h\u01b0\u1edbng l\u00ean tr\u00ean; mong mu\u1ed1n c\u1ea3i thi\u1ec7n \u0111\u1ed9 thanh t\u00fa c\u1ee7a d\u00e1ng m\u0169i<\/li>\n<li>H\u00ecnh d\u00e1ng m\u0169i kh\u00f4ng h\u00e0i h\u00f2a v\u1edbi t\u1ef7 l\u1ec7 khu\u00f4n m\u1eb7t, mu\u1ed1n \u0111i\u1ec1u ch\u1ec9nh nh\u1eb9 \u0111\u01b0\u1eddng n\u00e9t t\u1ed5ng th\u1ec3<\/li>\n<li>Nh\u1eefng ng\u01b0\u1eddi c\u00f3 nhu c\u1ea7u n\u00e2ng m\u0169i nh\u01b0ng mong mu\u1ed1n k\u1ebft qu\u1ea3 t\u1ef1 nhi\u00ean v\u00e0 b\u1ec1n \u0111\u1eb9p<\/li>\n<li>Nh\u1eefng ng\u01b0\u1eddi \u0111\u00e3 t\u1eebng ph\u1eabu thu\u1eadt n\u00e2ng m\u0169i nh\u01b0ng kh\u00f4ng h\u00e0i l\u00f2ng v\u1edbi k\u1ebft qu\u1ea3 (ph\u1eabu thu\u1eadt ch\u1ec9nh s\u1eeda)<\/li>\n<\/ul>\n<h3>L\u1eddi khuy\u00ean v\u1ec1 ch\u0103m s\u00f3c v\u00e0 ph\u1ee5c h\u1ed3i sau ph\u1eabu thu\u1eadt<\/h3>\n<ul>\n<li>Trong giai \u0111o\u1ea1n \u0111\u1ea7u sau ph\u1eabu thu\u1eadt, c\u00f3 th\u1ec3 ch\u01b0\u1eddm \u0111\u00e1 nh\u1eb9, tr\u00e1nh va ch\u1ea1m v\u00e0 c\u00fai \u0111\u1ea7u<\/li>\n<li>Khi ng\u1ee7, n\u00ean k\u00ea g\u1ed1i cao h\u01a1n \u0111\u1ec3 gi\u1ea3m s\u01b0ng ph\u00f9<\/li>\n<li>Trong v\u00f2ng m\u1ed9t tu\u1ea7n, h\u00e3y tr\u00e1nh c\u00e1c ho\u1ea1t \u0111\u1ed9ng th\u1ec3 ch\u1ea5t m\u1ea1nh, t\u1eafm n\u01b0\u1edbc n\u00f3ng ho\u1eb7c ng\u00e2m m\u00ecnh trong su\u1ed1i n\u01b0\u1edbc n\u00f3ng<\/li>\n<li>Th\u00e1o ch\u1ec9 sau kho\u1ea3ng 5\u20137 ng\u00e0y, s\u01b0ng t\u1ea5y s\u1ebd gi\u1ea3m d\u1ea7n sau 1\u20132 tu\u1ea7n<\/li>\n<li>\u0110\u1ebfn kh\u00e1m l\u1ea1i \u0111\u00fang l\u1ecbch \u0111\u1ec3 theo d\u00f5i s\u1ef1 \u1ed5n \u0111\u1ecbnh c\u1ee7a h\u00ecnh d\u00e1ng m\u0169i v\u00e0 t\u00ecnh tr\u1ea1ng l\u00e0nh v\u1ebft th\u01b0\u01a1ng<\/li>\n<\/ul>","protected":false},"excerpt":{"rendered":"<p>Ph\u1eabu thu\u1eadt n\u00e2ng m\u0169i Arixin \u0111\u1ea1t \u0111\u01b0\u1ee3c s\u1ef1 c\u00e2n b\u1eb1ng to\u00e0n di\u1ec7n gi\u1eefa th\u1ea9m m\u1ef9 c\u1ea5u tr\u00fac v\u00e0 ch\u1ee9c n\u0103ng h\u00f4 h\u1ea5p. S\u1eed d\u1ee5ng k\u1ef9 thu\u1eadt n\u00e2ng m\u0169i c\u1ea5u tr\u00fac k\u1ebft h\u1ee3p v\u1edbi k\u1ef9 thu\u1eadt \u0111i\u00eau kh\u1eafc s\u1ee5n t\u1ef1 th\u00e2n, ch\u00fang t\u00f4i t\u1ea1o ra d\u00e1ng m\u0169i 3D cao r\u00e1o, t\u1ef1 nhi\u00ean v\u00e0 v\u1eefng ch\u1eafc theo y\u00eau c\u1ea7u ri\u00eang c\u1ee7a t\u1eebng kh\u00e1ch h\u00e0ng, gi\u00fap c\u1ea3i thi\u1ec7n hi\u1ec7u qu\u1ea3 c\u00e1c v\u1ea5n \u0111\u1ec1 nh\u01b0 m\u0169i t\u1eb9t, m\u0169i l\u1ec7ch v\u00e0 \u0111\u1ea7u m\u0169i kh\u00f4ng \u0111\u1eb9p. \u0110\u01b0\u1ee3c thi\u1ebft k\u1ebf ri\u00eang b\u1edfi c\u00e1c b\u00e1c s\u0129 ph\u1eabu thu\u1eadt th\u1ea9m m\u1ef9 gi\u00e0u kinh nghi\u1ec7m, mang l\u1ea1i s\u1ef1 ti\u1ebfn b\u1ed9 tinh t\u1ebf v\u1edbi v\u1ebft m\u1ed5 \u1ea9n v\u00e0 kh\u1ea3 n\u0103ng t\u01b0\u01a1ng th\u00edch cao. H\u00e3y \u0111\u1eb7t l\u1ecbch t\u01b0 v\u1ea5n ngay h\u00f4m nay \u0111\u1ec3 s\u1edf h\u1eefu v\u1ebb \u0111\u1eb9p 3D v\u1edbi t\u1ef7 l\u1ec7 v\u00e0ng.<\/p>","protected":false},"featured_media":11151,"comment_status":"open","ping_status":"closed","template":"","meta":{"_acf_changed":false},"product_brand":[],"product_cat":[161,15],"product_tag":[],"class_list":{"0":"post-11150","1":"product","2":"type-product","3":"status-publish","4":"has-post-thumbnail","6":"product_cat-plastic-surgery","7":"product_cat-service","9":"first","10":"instock","11":"shipping-taxable","12":"product-type-simple"},"acf":[],"_links":{"self":[{"href":"https:\/\/arisinclinic.com\/vi\/wp-json\/wp\/v2\/product\/11150","targetHints":{"allow":["GET"]}}],"collection":[{"href":"https:\/\/arisinclinic.com\/vi\/wp-json\/wp\/v2\/product"}],"about":[{"href":"https:\/\/arisinclinic.com\/vi\/wp-json\/wp\/v2\/types\/product"}],"replies":[{"embeddable":true,"href":"https:\/\/arisinclinic.com\/vi\/wp-json\/wp\/v2\/comments?post=11150"}],"wp:featuredmedia":[{"embeddable":true,"href":"https:\/\/arisinclinic.com\/vi\/wp-json\/wp\/v2\/media\/11151"}],"wp:attachment":[{"href":"https:\/\/arisinclinic.com\/vi\/wp-json\/wp\/v2\/media?parent=11150"}],"wp:term":[{"taxonomy":"product_brand","embeddable":true,"href":"https:\/\/arisinclinic.com\/vi\/wp-json\/wp\/v2\/product_brand?post=11150"},{"taxonomy":"product_cat","embeddable":true,"href":"https:\/\/arisinclinic.com\/vi\/wp-json\/wp\/v2\/product_cat?post=11150"},{"taxonomy":"product_tag","embeddable":true,"href":"https:\/\/arisinclinic.com\/vi\/wp-json\/wp\/v2\/product_tag?post=11150"}],"curies":[{"name":"wp","href":"https:\/\/api.w.org\/{rel}","templated":true}]}}