{"id":11156,"date":"2026-03-21T21:00:18","date_gmt":"2026-03-21T13:00:18","guid":{"rendered":"https:\/\/4t542t4sohxh.wpsite.pro\/?post_type=product&#038;p=11156"},"modified":"2026-04-14T21:31:49","modified_gmt":"2026-04-14T13:31:49","slug":"double-eyelid-surgery","status":"publish","type":"product","link":"https:\/\/arisinclinic.com\/vi\/service\/double-eyelid-surgery\/","title":{"rendered":"Ph\u1eabu thu\u1eadt t\u1ea1o m\u00ed m\u1eaft \u0111\u00f4i"},"content":{"rendered":"<p>Ph\u1eabu thu\u1eadt t\u1ea1o m\u00ed \u0111\u00f4i l\u00e0 b\u01b0\u1edbc \u0111i\u00eau kh\u1eafc tinh t\u1ebf quy\u1ebft \u0111\u1ecbnh \u0111\u1ebfn s\u1ef1 t\u01b0\u01a1i tr\u1ebb c\u1ee7a \u00e1nh m\u1eaft. Arixin k\u1ebft h\u1ee3p k\u1ef9 thu\u1eadt \u201ckh\u00e2u vi ph\u1eabu\u201d v\u00e0 \u201c\u0111i\u00eau kh\u1eafc b\u1eb1ng ph\u01b0\u01a1ng ph\u00e1p r\u1ea1ch to\u00e0n ph\u1ea7n\u201d, mang \u0111\u1ebfn gi\u1ea3i ph\u00e1p c\u00e1 nh\u00e2n h\u00f3a cho c\u00e1c tr\u01b0\u1eddng h\u1ee3p m\u00ed \u0111\u01a1n, m\u1eaft s\u01b0ng h\u00fap, n\u1ebfp nh\u0103n nhi\u1ec1u l\u1edbp ho\u1eb7c m\u00ed m\u1eaft ch\u1ea3y x\u1ec7. Ch\u00fang t\u00f4i kh\u00f4ng ch\u1ec9 ch\u00fa tr\u1ecdng \u0111\u1ebfn \u0111\u1ed9 cao v\u00e0 \u0111\u1ed9 cong c\u1ee7a n\u1ebfp g\u1ea5p m\u00ed m\u1eaft, m\u00e0 c\u00f2n \u0111\u1ed3ng th\u1eddi t\u1ed1i \u01b0u h\u00f3a s\u1ee9c m\u1ea1nh c\u1ee7a c\u01a1 n\u00e2ng m\u00ed m\u1eaft, gi\u00fap \u0111\u00f4i m\u1eaft sau ph\u1eabu thu\u1eadt tr\u1edf n\u00ean s\u00e1ng v\u00e0 c\u00f3 h\u1ed3n h\u01a1n. \u0110\u00e2y l\u00e0 m\u1ed9t c\u00f4ng tr\u00ecnh th\u1ea9m m\u1ef9 m\u1eaft \u0111\u00f2i h\u1ecfi s\u1ef1 c\u00e2n \u0111\u1ed1i, t\u1ef1 nhi\u00ean v\u00e0 kh\u00f4ng \u0111\u1ec3 l\u1ea1i s\u1eb9o, gi\u00fap b\u1ea1n t\u1ea1m bi\u1ec7t v\u1ebb m\u1ec7t m\u1ecfi, thi\u1ebfu s\u1ee9c s\u1ed1ng, v\u00e0 khoe \u0111\u00f4i m\u1eaft s\u00e2u th\u1eb3m, \u0111\u1ea7y t\u1ef1 tin.<\/p>\n<p><img fetchpriority=\"high\" decoding=\"async\" class=\"alignnone wp-image-11160 size-full\" src=\"https:\/\/arisinclinic.com\/wp-content\/uploads\/2026\/03\/Eye-Surgery\u96d9\u773c\u76ae11.jpg\" alt=\"Ph\u1eabu thu\u1eadt m\u00ed m\u1eaft 11\" width=\"800\" height=\"415\" title=\"\" srcset=\"https:\/\/arisinclinic.com\/wp-content\/uploads\/2026\/03\/Eye-Surgery\u96d9\u773c\u76ae11.jpg 800w, https:\/\/arisinclinic.com\/wp-content\/uploads\/2026\/03\/Eye-Surgery\u96d9\u773c\u76ae11-300x156.jpg 300w, https:\/\/arisinclinic.com\/wp-content\/uploads\/2026\/03\/Eye-Surgery\u96d9\u773c\u76ae11-768x398.jpg 768w, https:\/\/arisinclinic.com\/wp-content\/uploads\/2026\/03\/Eye-Surgery\u96d9\u773c\u76ae11-600x311.jpg 600w\" sizes=\"(max-width: 800px) 100vw, 800px\" \/><\/p>\n<h3>T\u0103ng t\u1ef7 l\u1ec7 \u0111\u00f4i m\u1eaft, t\u1ea1o n\u00ean \u0111\u00f4i m\u1eaft \u0111\u1eb9p t\u1ef1 nhi\u00ean v\u00e0 long lanh<\/h3>\n<p>M\u00ed m\u1eaft \u0111\u00f4i l\u00e0 m\u1ed9t trong nh\u1eefng y\u1ebfu t\u1ed1 quan tr\u1ecdng t\u1ea1o n\u00ean \u1ea5n t\u01b0\u1ee3ng v\u1ec1 \u00e1nh m\u1eaft. D\u00f9 b\u1ea1n sinh ra \u0111\u00e3 c\u00f3 m\u00ed m\u1eaft m\u1ed9t m\u00ed, m\u00ed m\u1eaft k\u00e9p hay \u00e1nh m\u1eaft thi\u1ebfu s\u1ee9c s\u1ed1ng do m\u00ed m\u1eaft ch\u1ea3y x\u1ec7, ph\u1eabu thu\u1eadt t\u1ea1o m\u00ed m\u1eaft \u0111\u00f4i \u0111\u1ec1u c\u00f3 th\u1ec3 gi\u00fap \u0111\u00f4i m\u1eaft tr\u00f4ng n\u1ed5i b\u1eadt h\u01a1n, \u00e1nh m\u1eaft r\u1ea1ng r\u1ee1 h\u01a1n, \u0111\u1ed3ng th\u1eddi c\u00e1c \u0111\u01b0\u1eddng n\u00e9t tr\u00ean khu\u00f4n m\u1eb7t c\u0169ng tr\u1edf n\u00ean h\u00e0i h\u00f2a v\u00e0 n\u1ed5i b\u1eadt h\u01a1n.<\/p>\n<p>T\u1ea1i Ph\u00f2ng kh\u00e1m Arixin, ch\u00fang t\u00f4i kh\u00f4ng ch\u1ec9 ch\u00fa tr\u1ecdng v\u00e0o vi\u1ec7c \u201ct\u1ea1o m\u00ed m\u1eaft \u0111\u00f4i\u201d m\u00e0 c\u00f2n quan t\u00e2m \u0111\u1ebfn \u201ct\u1ef7 l\u1ec7 h\u00ecnh d\u00e1ng m\u1eaft ph\u00f9 h\u1ee3p v\u1edbi b\u1ea1n\u201d. Qua qu\u00e1 tr\u00ecnh \u0111\u00e1nh gi\u00e1 tr\u1ef1c ti\u1ebfp 1-1 b\u1edfi b\u00e1c s\u0129 chuy\u00ean khoa, ch\u00fang t\u00f4i s\u1ebd thi\u1ebft k\u1ebf h\u00ecnh d\u00e1ng m\u1eaft ri\u00eang bi\u1ec7t d\u1ef1a tr\u00ean \u0111\u1ed9 d\u00e0y m\u00ed m\u1eaft, c\u1ea5u tr\u00fac h\u1ed1c m\u1eaft v\u00e0 t\u1ef7 l\u1ec7 t\u1ed5ng th\u1ec3 c\u00e1c \u0111\u01b0\u1eddng n\u00e9t tr\u00ean khu\u00f4n m\u1eb7t, nh\u1eb1m mang l\u1ea1i hi\u1ec7u qu\u1ea3 m\u00ed m\u1eaft \u0111\u00f4i t\u1ef1 nhi\u00ean, r\u1ea1ng r\u1ee1 v\u00e0 h\u00e0i h\u00f2a.<\/p>\n<h3>Ph\u1eabu thu\u1eadt t\u1ea1o m\u00ed m\u1eaft k\u00e9p l\u00e0 g\u00ec?<\/h3>\n<p>Ph\u1eabu thu\u1eadt t\u1ea1o m\u00ed m\u1eaft l\u00e0 ph\u01b0\u01a1ng ph\u00e1p t\u1ea1o n\u1ebfp g\u1ea5p cho m\u00ed m\u1eaft th\u00f4ng qua k\u1ef9 thu\u1eadt kh\u00e2u ho\u1eb7c r\u1ea1ch, gi\u00fap m\u00ed m\u1eaft t\u1ef1 nhi\u00ean t\u1ea1o th\u00e0nh \u0111\u01b0\u1eddng m\u00ed \u0111\u00f4i khi m\u1edf m\u1eaft. T\u00f9y thu\u1ed9c v\u00e0o t\u00ecnh tr\u1ea1ng m\u00ed m\u1eaft v\u00e0 nhu c\u1ea7u c\u00e1 nh\u00e2n, c\u00e1c ph\u01b0\u01a1ng ph\u00e1p ph\u1eabu thu\u1eadt ph\u1ed5 bi\u1ebfn bao g\u1ed3m \u201cph\u01b0\u01a1ng ph\u00e1p kh\u00e2u\u201d, \u201cph\u01b0\u01a1ng ph\u00e1p r\u1ea1ch m\u1ed9t ph\u1ea7n\u201d v\u00e0 \u201cph\u01b0\u01a1ng ph\u00e1p r\u1ea1ch to\u00e0n b\u1ed9\u201d.<\/p>\n<p>Ph\u1eabu thu\u1eadt t\u1ea1o m\u00ed \u0111\u00f4i c\u00f3 th\u1ec3 c\u1ea3i thi\u1ec7n hi\u1ec7u qu\u1ea3 c\u00e1c v\u1ea5n \u0111\u1ec1 nh\u01b0 \u00e1nh m\u1eaft thi\u1ebfu s\u1ee9c s\u1ed1ng, b\u1ecdng m\u1eaft v\u00e0 m\u00ed m\u1eaft s\u1ee5p, \u0111\u1ed3ng th\u1eddi th\u01b0\u1eddng \u0111\u01b0\u1ee3c k\u1ebft h\u1ee3p v\u1edbi c\u00e1c li\u1ec7u tr\u00ecnh nh\u01b0 m\u1edf g\u00f3c m\u1eaft v\u00e0 n\u00e2ng c\u01a1 m\u00ed m\u1eaft \u0111\u1ec3 t\u0103ng c\u01b0\u1eddng hi\u1ec7u qu\u1ea3 l\u00e0m to m\u1eaft t\u1ed5ng th\u1ec3.<\/p>\n<p><img decoding=\"async\" class=\"alignnone wp-image-11163 size-full\" src=\"https:\/\/arisinclinic.com\/wp-content\/uploads\/2026\/03\/Eye-Surgery\u96d9\u773c\u76ae13.jpg\" alt=\"Ph\u1eabu thu\u1eadt m\u00ed m\u1eaft 13\" width=\"800\" height=\"640\" title=\"\" srcset=\"https:\/\/arisinclinic.com\/wp-content\/uploads\/2026\/03\/Eye-Surgery\u96d9\u773c\u76ae13.jpg 800w, https:\/\/arisinclinic.com\/wp-content\/uploads\/2026\/03\/Eye-Surgery\u96d9\u773c\u76ae13-300x240.jpg 300w, https:\/\/arisinclinic.com\/wp-content\/uploads\/2026\/03\/Eye-Surgery\u96d9\u773c\u76ae13-768x614.jpg 768w, https:\/\/arisinclinic.com\/wp-content\/uploads\/2026\/03\/Eye-Surgery\u96d9\u773c\u76ae13-600x480.jpg 600w\" sizes=\"(max-width: 800px) 100vw, 800px\" \/><\/p>\n<h3>\u0110i\u1ec3m n\u1ed5i b\u1eadt c\u1ee7a ph\u1eabu thu\u1eadt t\u1ea1o m\u00ed m\u1eaft \u0111\u00f4i t\u1ea1i Arixin<\/h3>\n<h4>Thi\u1ebft k\u1ebf ki\u1ec3u m\u1eaft \u0111\u01b0\u1ee3c c\u00e1 nh\u00e2n h\u00f3a ch\u00ednh x\u00e1c<\/h4>\n<p>C\u00e1c b\u00e1c s\u0129 chuy\u00ean khoa s\u1ebd \u0111\u00e1nh gi\u00e1 t\u1ef7 l\u1ec7 c\u00e1c b\u1ed9 ph\u1eadn tr\u00ean khu\u00f4n m\u1eb7t v\u00e0 c\u1ea5u tr\u00fac m\u00ed m\u1eaft \u0111\u1ec3 t\u1ea1o ra \u0111\u01b0\u1eddng cong m\u00ed m\u1eaft hai l\u1edbp t\u1ef1 nhi\u00ean, ph\u00f9 h\u1ee3p ri\u00eang v\u1edbi b\u1ea1n.<\/p>\n<h4>Nhi\u1ec1u ph\u01b0\u01a1ng ph\u00e1p ph\u1eabu thu\u1eadt \u0111\u1ec3 l\u1ef1a ch\u1ecdn linh ho\u1ea1t<\/h4>\n<p>Ch\u00fang t\u00f4i cung c\u1ea5p c\u00e1c ph\u01b0\u01a1ng ph\u00e1p ph\u1eabu thu\u1eadt nh\u01b0 ph\u1eabu thu\u1eadt kh\u00e2u, ph\u1eabu thu\u1eadt c\u1eaft v\u00e0 ph\u1eabu thu\u1eadt k\u1ebft h\u1ee3p, \u0111\u1ed3ng th\u1eddi l\u1ef1a ch\u1ecdn ph\u01b0\u01a1ng ph\u00e1p ph\u00f9 h\u1ee3p nh\u1ea5t d\u1ef1a tr\u00ean \u0111\u1ed9 d\u00e0y, \u0111\u1ed9 \u0111\u00e0n h\u1ed3i c\u1ee7a m\u00ed m\u1eaft v\u00e0 k\u1ebft qu\u1ea3 mong mu\u1ed1n.<\/p>\n<h4>Ph\u1eabu thu\u1eadt \u00edt x\u00e2m l\u1ea5n, h\u1ed3i ph\u1ee5c nhanh ch\u00f3ng<\/h4>\n<p>Trong qu\u00e1 tr\u00ecnh ph\u1eabu thu\u1eadt, ch\u00fang t\u00f4i \u00e1p d\u1ee5ng k\u1ef9 thu\u1eadt kh\u00e2u tinh t\u1ebf v\u00e0 ph\u1eabu thu\u1eadt \u00edt x\u00e2m l\u1ea5n, gi\u00fap gi\u1ea3m s\u01b0ng t\u1ea5y v\u00e0 r\u00fat ng\u1eafn th\u1eddi gian h\u1ed3i ph\u1ee5c; k\u1ebft qu\u1ea3 sau ph\u1eabu thu\u1eadt tr\u00f4ng r\u1ea5t t\u1ef1 nhi\u00ean, v\u1ebft m\u1ed5 h\u1ea7u nh\u01b0 kh\u00f4ng th\u1ec3 nh\u1eadn ra.<\/p>\n<h4>\u0110\u01b0\u1ee3c thi\u1ebft k\u1ebf \u0111\u1ec3 k\u1ebft h\u1ee3p v\u1edbi li\u1ec7u tr\u00ecnh ch\u0103m s\u00f3c to\u00e0n di\u1ec7n cho v\u00f9ng m\u1eaft<\/h4>\n<p>C\u00f3 th\u1ec3 k\u1ebft h\u1ee3p c\u00e1c th\u1ee7 thu\u1eadt nh\u01b0 m\u1edf g\u00f3c m\u1eaft, n\u00e2ng c\u01a1 m\u00ed m\u1eaft, lo\u1ea1i b\u1ecf b\u1ecdng m\u1eaft... t\u00f9y theo nhu c\u1ea7u, nh\u1eb1m t\u1ea1o n\u00ean \u0111\u01b0\u1eddng n\u00e9t \u0111\u00f4i m\u1eaft to tr\u00f2n, s\u00e2u v\u00e0 n\u1ed5i b\u1eadt.<\/p>\n<p><img decoding=\"async\" class=\"alignnone wp-image-11162 size-full\" src=\"https:\/\/arisinclinic.com\/wp-content\/uploads\/2026\/03\/Eye-Surgery\u96d9\u773c\u76ae12.jpg\" alt=\"Ph\u1eabu thu\u1eadt m\u00ed m\u1eaft 12\" width=\"800\" height=\"414\" title=\"\" srcset=\"https:\/\/arisinclinic.com\/wp-content\/uploads\/2026\/03\/Eye-Surgery\u96d9\u773c\u76ae12.jpg 800w, https:\/\/arisinclinic.com\/wp-content\/uploads\/2026\/03\/Eye-Surgery\u96d9\u773c\u76ae12-300x155.jpg 300w, https:\/\/arisinclinic.com\/wp-content\/uploads\/2026\/03\/Eye-Surgery\u96d9\u773c\u76ae12-768x397.jpg 768w, https:\/\/arisinclinic.com\/wp-content\/uploads\/2026\/03\/Eye-Surgery\u96d9\u773c\u76ae12-600x311.jpg 600w\" sizes=\"(max-width: 800px) 100vw, 800px\" \/><\/p>\n<h3>So s\u00e1nh c\u00e1c ph\u01b0\u01a1ng ph\u00e1p ph\u1eabu thu\u1eadt t\u1ea1o m\u00ed m\u1eaft \u0111\u00f4i<\/h3>\n<table>\n<thead>\n<tr>\n<th>Ph\u01b0\u01a1ng ph\u00e1p ph\u1eabu thu\u1eadt<\/th>\n<th>\u0110\u1eb7c \u0111i\u1ec3m<\/th>\n<th>\u0110\u1ed1i t\u01b0\u1ee3ng ph\u00f9 h\u1ee3p<\/th>\n<\/tr>\n<\/thead>\n<tbody>\n<tr>\n<td><strong>Ph\u01b0\u01a1ng ph\u00e1p kh\u00e2u<\/strong><\/td>\n<td>Kh\u00f4ng c\u00f3 v\u1ebft th\u01b0\u01a1ng r\u00f5 r\u1ec7t, th\u1eddi gian h\u1ed3i ph\u1ee5c ng\u1eafn, nh\u01b0ng th\u1eddi gian duy tr\u00ec hi\u1ec7u qu\u1ea3 t\u00f9y thu\u1ed9c v\u00e0o th\u1ec3 tr\u1ea1ng c\u1ee7a t\u1eebng ng\u01b0\u1eddi<\/td>\n<td>Nh\u1eefng ng\u01b0\u1eddi c\u00f3 m\u00ed m\u1eaft m\u1ecfng v\u00e0 kh\u00f4ng c\u00f3 m\u1ee1 t\u00edch t\u1ee5<\/td>\n<\/tr>\n<tr>\n<td><strong>Ph\u01b0\u01a1ng ph\u00e1p r\u1ea1ch m\u1ed9t ph\u1ea7n<\/strong><\/td>\n<td>V\u1ebft m\u1ed5 nh\u1ecf, v\u1eeba t\u1ef1 nhi\u00ean v\u1eeba ch\u1eafc ch\u1eafn, hi\u1ec7u qu\u1ea3 duy tr\u00ec l\u00e2u d\u00e0i<\/td>\n<td>Nh\u1eefng ng\u01b0\u1eddi c\u00f3 m\u00ed m\u1eaft h\u01a1i s\u01b0ng nh\u1eb9 v\u00e0 mong mu\u1ed1n c\u00f3 m\u00ed m\u1eaft hai l\u1edbp t\u1ef1 nhi\u00ean<\/td>\n<\/tr>\n<tr>\n<td><strong>Ph\u01b0\u01a1ng ph\u00e1p m\u1ed5 m\u1edf to\u00e0n b\u1ed9<\/strong><\/td>\n<td>Hi\u1ec7u qu\u1ea3 l\u00e2u d\u00e0i, v\u1eeba gi\u00fap lo\u1ea1i b\u1ecf m\u1ee1 th\u1eeba v\u1eeba c\u1ea3i thi\u1ec7n t\u00ecnh tr\u1ea1ng da m\u00ed m\u1eaft ch\u1ea3y x\u1ec7<\/td>\n<td>Nh\u1eefng ng\u01b0\u1eddi c\u00f3 m\u00ed m\u1eaft d\u00e0y, c\u00f3 m\u1ee1 t\u00edch t\u1ee5 ho\u1eb7c m\u00ed m\u1eaft b\u1ecb s\u1ee5p<\/td>\n<\/tr>\n<\/tbody>\n<\/table>\n<p>&nbsp;<\/p>\n<p>B\u00e1c s\u0129 s\u1ebd \u0111\u1ec1 xu\u1ea5t ph\u01b0\u01a1ng ph\u00e1p ph\u1eabu thu\u1eadt ph\u00f9 h\u1ee3p nh\u1ea5t d\u1ef1a tr\u00ean t\u00ecnh tr\u1ea1ng m\u00ed m\u1eaft v\u00e0 k\u1ebft qu\u1ea3 mong mu\u1ed1n c\u1ee7a b\u1ec7nh nh\u00e2n, nh\u1eb1m \u0111\u1ea3m b\u1ea3o sau ph\u1eabu thu\u1eadt, b\u1ec7nh nh\u00e2n s\u1ebd c\u00f3 v\u1ebb ngo\u00e0i t\u1ef1 nhi\u00ean nh\u1ea5t c\u1ea3 v\u1ec1 th\u1ecb gi\u00e1c l\u1eabn bi\u1ec3u c\u1ea3m khu\u00f4n m\u1eb7t.<\/p>\n<p><img loading=\"lazy\" decoding=\"async\" class=\"alignnone wp-image-11161 size-full\" src=\"https:\/\/arisinclinic.com\/wp-content\/uploads\/2026\/03\/Eye-Surgery\u96d9\u773c\u76ae1.jpg\" alt=\"Ph\u1eabu thu\u1eadt m\u00ed m\u1eaft 1\" width=\"800\" height=\"680\" title=\"\" srcset=\"https:\/\/arisinclinic.com\/wp-content\/uploads\/2026\/03\/Eye-Surgery\u96d9\u773c\u76ae1.jpg 800w, https:\/\/arisinclinic.com\/wp-content\/uploads\/2026\/03\/Eye-Surgery\u96d9\u773c\u76ae1-300x255.jpg 300w, https:\/\/arisinclinic.com\/wp-content\/uploads\/2026\/03\/Eye-Surgery\u96d9\u773c\u76ae1-768x653.jpg 768w, https:\/\/arisinclinic.com\/wp-content\/uploads\/2026\/03\/Eye-Surgery\u96d9\u773c\u76ae1-600x510.jpg 600w\" sizes=\"(max-width: 800px) 100vw, 800px\" \/><\/p>\n<h3>Nh\u1eefng ng\u01b0\u1eddi ph\u00f9 h\u1ee3p \u0111\u1ec3 ph\u1eabu thu\u1eadt t\u1ea1o m\u00ed m\u1eaft \u0111\u00f4i<\/h3>\n<ul>\n<li>B\u1ea9m sinh c\u00f3 m\u00ed m\u1eaft m\u1ed9t m\u00ed ho\u1eb7c m\u00ed m\u1eaft k\u00e9p, mu\u1ed1n c\u1ea3i thi\u1ec7n \u00e1nh m\u1eaft thi\u1ebfu s\u1ee9c s\u1ed1ng<\/li>\n<li>M\u00ed m\u1eaft kh\u00f4ng \u0111\u1ec1u, l\u00fac d\u00e0y l\u00fac m\u1ecfng<\/li>\n<li>Mu\u1ed1n \u0111\u00f4i m\u1eaft tr\u00f4ng to v\u00e0 n\u1ed5i b\u1eadt h\u01a1n, \u0111\u1ed3ng th\u1eddi kh\u1eafc ph\u1ee5c t\u00ecnh tr\u1ea1ng m\u1eaft s\u01b0ng h\u00fap<\/li>\n<li>C\u00f3 v\u1ea5n \u0111\u1ec1 v\u1ec1 m\u00ed m\u1eaft s\u1ee5p ho\u1eb7c m\u00ed m\u1eaft ch\u1ea3y x\u1ec7<\/li>\n<li>Mong mu\u1ed1n \u00e1nh m\u1eaft tr\u00f4ng r\u1ea1ng r\u1ee1, th\u00e2n thi\u1ec7n v\u00e0 t\u1ef1 tin h\u01a1n<\/li>\n<\/ul>\n<h3>L\u1eddi khuy\u00ean v\u1ec1 ch\u0103m s\u00f3c sau ph\u1eabu thu\u1eadt<\/h3>\n<ul>\n<li>Trong v\u00f2ng 48 gi\u1edd sau ph\u1eabu thu\u1eadt, c\u00f3 th\u1ec3 ch\u01b0\u1eddm \u0111\u00e1 v\u1eeba ph\u1ea3i \u0111\u1ec3 gi\u00fap gi\u1ea3m s\u01b0ng<\/li>\n<li>Trong v\u00f2ng 1 tu\u1ea7n sau ph\u1eabu thu\u1eadt, tr\u00e1nh trang \u0111i\u1ec3m m\u1eaft v\u00e0 d\u1ee5i m\u1eaft, \u0111\u1ed3ng th\u1eddi \u0111\u1ebfn kh\u00e1m l\u1ea1i \u0111\u1ec3 th\u00e1o ch\u1ec9<\/li>\n<li>C\u1ea7n kho\u1ea3ng 2\u20134 tu\u1ea7n \u0111\u1ec3 gi\u1ea3m s\u01b0ng ho\u00e0n to\u00e0n v\u00e0 \u0111\u01b0\u1eddng n\u00e9t \u1ed5n \u0111\u1ecbnh<\/li>\n<li>Trong v\u00f2ng 1 th\u00e1ng sau ph\u1eabu thu\u1eadt, h\u00e3y tr\u00e1nh c\u00e1c ho\u1ea1t \u0111\u1ed9ng th\u1ec3 ch\u1ea5t m\u1ea1nh v\u00e0 m\u00f4i tr\u01b0\u1eddng c\u00f3 nhi\u1ec7t \u0111\u1ed9 cao nh\u01b0 ph\u00f2ng x\u00f4ng h\u01a1i<\/li>\n<li>Tr\u00e1nh h\u00fat thu\u1ed1c v\u00e0 th\u1ee9c khuya s\u1ebd gi\u00fap v\u1ebft th\u01b0\u01a1ng mau l\u00e0nh v\u00e0 \u0111\u1ecbnh h\u00ecnh t\u1ef1 nhi\u00ean<\/li>\n<\/ul>","protected":false},"excerpt":{"rendered":"<p>Ph\u1eabu thu\u1eadt t\u1ea1o m\u00ed m\u1eaft \u0111\u00f4i t\u1ea1i Arixin, mang l\u1ea1i s\u1ef1 c\u00e2n b\u1eb1ng to\u00e0n di\u1ec7n gi\u1eefa \u0111\u01b0\u1eddng cong t\u1ef1 nhi\u00ean v\u00e0 \u00e1nh nh\u00ecn s\u00e2u th\u1eb3m. S\u1eed d\u1ee5ng k\u1ef9 thu\u1eadt kh\u00e2u vi ph\u1eabu v\u00e0 c\u1eaft m\u1edf to\u00e0n ph\u1ea7n, ch\u00ednh x\u00e1c kh\u1eafc ph\u1ee5c c\u00e1c v\u1ea5n \u0111\u1ec1 nh\u01b0 m\u1eaft s\u01b0ng h\u00fap, m\u00ed m\u1eaft ch\u1ea3y x\u1ec7 v\u00e0 \u00e1nh m\u1eaft thi\u1ebfu s\u1ee9c s\u1ed1ng, t\u1ea1o n\u00ean \u0111\u00f4i m\u1eaft quy\u1ebfn r\u0169 v\u1edbi t\u1ef7 l\u1ec7 v\u00e0ng \u0111\u01b0\u1ee3c thi\u1ebft k\u1ebf ri\u00eang cho t\u1eebng kh\u00e1ch h\u00e0ng. \u0110\u01b0\u1ee3c thi\u1ebft k\u1ebf ri\u00eang b\u1edfi c\u00e1c b\u00e1c s\u0129 ph\u1eabu thu\u1eadt th\u1ea9m m\u1ef9 gi\u00e0u kinh nghi\u1ec7m, mang l\u1ea1i s\u1ef1 ti\u1ebfn h\u00f3a tinh t\u1ebf v\u1edbi v\u1ebft s\u1eb9o \u1ea9n, \u0111\u01b0\u1eddng n\u00e9t m\u1ec1m m\u1ea1i v\u00e0 \u00e1nh nh\u00ecn \u0111\u1ea7y s\u1ee9c s\u1ed1ng. H\u00e3y \u0111\u1eb7t l\u1ecbch t\u01b0 v\u1ea5n ngay h\u00f4m nay \u0111\u1ec3 s\u1edf h\u1eefu \u00e1nh m\u1eaft s\u00e2u th\u1eb3m v\u00e0 r\u1ea1ng r\u1ee1.<\/p>","protected":false},"featured_media":11159,"comment_status":"open","ping_status":"closed","template":"","meta":{"_acf_changed":false},"product_brand":[],"product_cat":[161,15],"product_tag":[],"class_list":{"0":"post-11156","1":"product","2":"type-product","3":"status-publish","4":"has-post-thumbnail","6":"product_cat-plastic-surgery","7":"product_cat-service","9":"first","10":"instock","11":"shipping-taxable","12":"product-type-simple"},"acf":[],"_links":{"self":[{"href":"https:\/\/arisinclinic.com\/vi\/wp-json\/wp\/v2\/product\/11156","targetHints":{"allow":["GET"]}}],"collection":[{"href":"https:\/\/arisinclinic.com\/vi\/wp-json\/wp\/v2\/product"}],"about":[{"href":"https:\/\/arisinclinic.com\/vi\/wp-json\/wp\/v2\/types\/product"}],"replies":[{"embeddable":true,"href":"https:\/\/arisinclinic.com\/vi\/wp-json\/wp\/v2\/comments?post=11156"}],"wp:featuredmedia":[{"embeddable":true,"href":"https:\/\/arisinclinic.com\/vi\/wp-json\/wp\/v2\/media\/11159"}],"wp:attachment":[{"href":"https:\/\/arisinclinic.com\/vi\/wp-json\/wp\/v2\/media?parent=11156"}],"wp:term":[{"taxonomy":"product_brand","embeddable":true,"href":"https:\/\/arisinclinic.com\/vi\/wp-json\/wp\/v2\/product_brand?post=11156"},{"taxonomy":"product_cat","embeddable":true,"href":"https:\/\/arisinclinic.com\/vi\/wp-json\/wp\/v2\/product_cat?post=11156"},{"taxonomy":"product_tag","embeddable":true,"href":"https:\/\/arisinclinic.com\/vi\/wp-json\/wp\/v2\/product_tag?post=11156"}],"curies":[{"name":"wp","href":"https:\/\/api.w.org\/{rel}","templated":true}]}}