{"id":11164,"date":"2026-03-21T21:11:12","date_gmt":"2026-03-21T13:11:12","guid":{"rendered":"https:\/\/4t542t4sohxh.wpsite.pro\/?post_type=product&#038;p=11164"},"modified":"2026-04-14T21:29:47","modified_gmt":"2026-04-14T13:29:47","slug":"lower-blepharoplasty","status":"publish","type":"product","link":"https:\/\/arisinclinic.com\/vi\/service\/lower-blepharoplasty\/","title":{"rendered":"Ph\u1eabu thu\u1eadt t\u1ea1o h\u00ecnh m\u00ed m\u1eaft d\u01b0\u1edbi"},"content":{"rendered":"<p>Ph\u1eabu thu\u1eadt lo\u1ea1i b\u1ecf b\u1ecdng m\u1eaft l\u00e0 gi\u1ea3i ph\u00e1p then ch\u1ed1t \u0111\u1ec3 x\u00f3a tan v\u1ebb m\u1ec7t m\u1ecfi tr\u00ean khu\u00f4n m\u1eb7t. Arixin k\u1ebft h\u1ee3p k\u1ef9 thu\u1eadt \u201cm\u1ed5 k\u00edn b\u00ean trong\u201d v\u00e0 \u201cchuy\u1ec3n v\u1ecb m\u1ee1\u201d, x\u1eed l\u00fd ch\u00ednh x\u00e1c ph\u1ea7n m\u1ee1 b\u1ecdng m\u1eaft nh\u00f4 ra \u0111\u1ed3ng th\u1eddi l\u00e0m \u0111\u1ea7y v\u00f9ng r\u00e3nh l\u1ec7 b\u1ecb l\u00f5m. Ch\u00fang t\u00f4i kh\u00f4ng ch\u1ec9 ch\u00fa tr\u1ecdng lo\u1ea1i b\u1ecf c\u00e1c m\u00f4 th\u1eeba m\u00e0 c\u00f2n \u0111\u1eb7c bi\u1ec7t quan t\u00e2m \u0111\u1ebfn s\u1ef1 chuy\u1ec3n ti\u1ebfp m\u01b0\u1ee3t m\u00e0 c\u1ee7a \u0111\u01b0\u1eddng vi\u1ec1n d\u01b0\u1edbi m\u1eaft v\u00e0 \u0111\u1ed9 s\u0103n ch\u1eafc c\u1ee7a da. \u0110\u00e2y l\u00e0 m\u1ed9t quy tr\u00ecnh th\u1ea9m m\u1ef9 v\u00f9ng m\u1eaft ch\u00fa tr\u1ecdng \u0111\u1ebfn s\u1ef1 t\u1ef1 nhi\u00ean, tinh t\u1ebf v\u00e0 tr\u1ebb h\u00f3a, gi\u00fap b\u1ea1n t\u1ea1m bi\u1ec7t v\u1ebb m\u1ec7t m\u1ecfi v\u00e0 da x\u1ec9n m\u00e0u \u0111\u00e3 \u00e1m \u1ea3nh b\u1ea5y l\u00e2u, l\u1ea5y l\u1ea1i \u0111\u00f4i m\u1eaft s\u00e1ng ng\u1eddi, m\u1ecbn m\u00e0ng v\u00e0 s\u0103n ch\u1eafc tr\u00e0n \u0111\u1ea7y s\u1ee9c s\u1ed1ng.<\/p>\n<p><img fetchpriority=\"high\" decoding=\"async\" class=\"alignnone wp-image-11168 size-full\" src=\"https:\/\/arisinclinic.com\/wp-content\/uploads\/2026\/03\/Lower-Blepharoplasty-\u773c\u888b\u624b\u88533.jpg\" alt=\"Ph\u1eabu thu\u1eadt t\u1ea1o h\u00ecnh m\u00ed m\u1eaft d\u01b0\u1edbi 3\" width=\"800\" height=\"415\" title=\"\" srcset=\"https:\/\/arisinclinic.com\/wp-content\/uploads\/2026\/03\/Lower-Blepharoplasty-\u773c\u888b\u624b\u88533.jpg 800w, https:\/\/arisinclinic.com\/wp-content\/uploads\/2026\/03\/Lower-Blepharoplasty-\u773c\u888b\u624b\u88533-300x156.jpg 300w, https:\/\/arisinclinic.com\/wp-content\/uploads\/2026\/03\/Lower-Blepharoplasty-\u773c\u888b\u624b\u88533-768x398.jpg 768w, https:\/\/arisinclinic.com\/wp-content\/uploads\/2026\/03\/Lower-Blepharoplasty-\u773c\u888b\u624b\u88533-600x311.jpg 600w\" sizes=\"(max-width: 800px) 100vw, 800px\" \/><\/p>\n<h3>Gi\u1ea3m b\u1edbt v\u1ebb m\u1ec7t m\u1ecfi v\u00e0 gi\u00e0 nua, l\u1ea5y l\u1ea1i v\u1ebb t\u01b0\u01a1i t\u1eafn r\u1ea1ng r\u1ee1<\/h3>\n<p>\u00c1nh m\u1eaft l\u00e0 y\u1ebfu t\u1ed1 quy\u1ebft \u0111\u1ecbnh \u1ea5n t\u01b0\u1ee3ng \u0111\u1ea7u ti\u00ean, trong khi s\u1ef1 xu\u1ea5t hi\u1ec7n c\u1ee7a b\u1ecdng m\u1eaft th\u01b0\u1eddng khi\u1ebfn ng\u01b0\u1eddi ta tr\u00f4ng m\u1ec7t m\u1ecfi, gi\u00e0 nua, th\u1eadm ch\u00ed tr\u00f4ng gi\u00e0 h\u01a1n tu\u1ed5i th\u1ef1c. C\u00f9ng v\u1edbi s\u1ef1 gia t\u0103ng tu\u1ed5i t\u00e1c, s\u1ef1 d\u1ecbch chuy\u1ec3n c\u1ee7a m\u1ee1 v\u00f9ng m\u1eaft v\u00e0 s\u1ef1 ch\u1ea3y x\u1ec7 c\u1ee7a da, v\u1ea5n \u0111\u1ec1 b\u1ecdng m\u1eaft d\u1ea7n tr\u1edf n\u00ean r\u00f5 r\u1ec7t. Th\u00f4ng qua ph\u1eabu thu\u1eadt lo\u1ea1i b\u1ecf b\u1ecdng m\u1eaft, c\u00f3 th\u1ec3 c\u1ea3i thi\u1ec7n hi\u1ec7u qu\u1ea3 t\u00ecnh tr\u1ea1ng s\u01b0ng ph\u00f9 v\u00e0 d\u1ea5u hi\u1ec7u l\u00e3o h\u00f3a \u1edf v\u00f9ng m\u1eaft, gi\u00fap \u00e1nh m\u1eaft tr\u00f4ng t\u01b0\u01a1i t\u1eafn v\u00e0 r\u1ea1ng r\u1ee1 h\u01a1n.<\/p>\n<p>Ph\u00f2ng kh\u00e1m Arixin k\u1ebft h\u1ee3p kh\u00f4ng gian kh\u00e1m ch\u1eefa b\u1ec7nh \u0111\u1ea3m b\u1ea3o s\u1ef1 ri\u00eang t\u01b0 cao c\u00f9ng \u0111\u1ed9i ng\u0169 b\u00e1c s\u0129 chuy\u00ean nghi\u1ec7p, mang \u0111\u1ebfn tr\u1ea3i nghi\u1ec7m tr\u1ebb h\u00f3a v\u00f9ng m\u1eaft t\u1ef1 nhi\u00ean, tinh t\u1ebf v\u00e0 kh\u00f4ng \u0111\u1ec3 l\u1ea1i s\u1eb9o, t\u1eeb kh\u00e2u \u0111\u00e1nh gi\u00e1, \u0111i\u1ec1u tr\u1ecb cho \u0111\u1ebfn ch\u0103m s\u00f3c sau ph\u1eabu thu\u1eadt.<\/p>\n<h3>Ph\u1eabu thu\u1eadt lo\u1ea1i b\u1ecf b\u1ecdng m\u1eaft l\u00e0 g\u00ec?<\/h3>\n<p>Ph\u1eabu thu\u1eadt lo\u1ea1i b\u1ecf b\u1ecdng m\u1eaft l\u00e0 m\u1ed9t ph\u01b0\u01a1ng ph\u00e1p ph\u1eabu thu\u1eadt th\u1ea9m m\u1ef9 nh\u1eb1m \u0111i\u1ec1u ch\u1ec9nh t\u00ecnh tr\u1ea1ng m\u1ee1 ph\u00ecnh ra v\u00e0 da ch\u00f9ng nh\u00e3o \u1edf m\u00ed m\u1eaft d\u01b0\u1edbi. T\u00f9y thu\u1ed9c v\u00e0o nguy\u00ean nh\u00e2n v\u00e0 m\u1ee9c \u0111\u1ed9 nghi\u00eam tr\u1ecdng c\u1ee7a b\u1ecdng m\u1eaft, b\u00e1c s\u0129 c\u00f3 th\u1ec3 l\u1ef1a ch\u1ecdn ph\u01b0\u01a1ng ph\u00e1p ph\u1eabu thu\u1eadt \u201cm\u1edf b\u00ean trong\u201d ho\u1eb7c \u201cm\u1edf b\u00ean ngo\u00e0i\u201d \u0111\u1ec3 gi\u00fap gi\u1ea3m s\u01b0ng, l\u00e0m s\u0103n ch\u1eafc v\u00f9ng da quanh m\u1eaft v\u00e0 t\u00e1i t\u1ea1o \u0111\u01b0\u1eddng vi\u1ec1n m\u00ed m\u1eaft d\u01b0\u1edbi m\u1ecbn m\u00e0ng.<\/p>\n<h3>\u0110i\u1ec3m n\u1ed5i b\u1eadt c\u1ee7a ph\u1eabu thu\u1eadt lo\u1ea1i b\u1ecf b\u1ecdng m\u1eaft t\u1ea1i Arixin<\/h3>\n<h4>\u0110\u00e1nh gi\u00e1 ch\u00ednh x\u00e1c nguy\u00ean nh\u00e2n g\u00e2y ra b\u1ecdng m\u1eaft v\u00e0 t\u00ecnh tr\u1ea1ng da<\/h4>\n<p>D\u1ef1a tr\u00ean t\u1eebng lo\u1ea1i b\u1ecdng m\u1eaft (do m\u1ee1, do ph\u00f9 n\u1ec1, do da ch\u00f9ng), ch\u00fang t\u00f4i \u0111\u01b0a ra c\u00e1c \u0111\u1ec1 xu\u1ea5t li\u1ec7u tr\u00ecnh \u0111i\u1ec1u tr\u1ecb \u0111\u01b0\u1ee3c c\u00e1 nh\u00e2n h\u00f3a nh\u1eb1m c\u1ea3i thi\u1ec7n t\u00ecnh tr\u1ea1ng t\u1eeb g\u1ed1c r\u1ec5.<\/p>\n<h4>C\u00f3 th\u1ec3 linh ho\u1ea1t \u0111i\u1ec1u ch\u1ec9nh ph\u01b0\u01a1ng ph\u00e1p ph\u1eabu thu\u1eadt m\u1edf v\u00e0o trong ho\u1eb7c m\u1edf ra ngo\u00e0i<\/h4>\n<p>Ph\u01b0\u01a1ng ph\u00e1p ph\u1eabu thu\u1eadt n\u1ed9i soi kh\u00f4ng \u0111\u1ec3 l\u1ea1i v\u1ebft m\u1ed5 b\u00ean ngo\u00e0i v\u00e0 th\u1eddi gian h\u1ed3i ph\u1ee5c ng\u1eafn; trong khi \u0111\u00f3, ph\u01b0\u01a1ng ph\u00e1p ph\u1eabu thu\u1eadt m\u1edf c\u00f3 th\u1ec3 v\u1eeba n\u00e2ng c\u01a1 da ch\u1ea3y x\u1ec7 v\u1eeba x\u1eed l\u00fd n\u1ebfp nh\u0103n, mang l\u1ea1i hi\u1ec7u qu\u1ea3 to\u00e0n di\u1ec7n h\u01a1n.<\/p>\n<h4>Ch\u00fa tr\u1ecdng \u0111\u1ebfn qu\u00e1 tr\u00ecnh h\u1ed3i ph\u1ee5c sau ph\u1eabu thu\u1eadt v\u00e0 v\u1ebb ngo\u00e0i t\u1ef1 nhi\u00ean<\/h4>\n<p>K\u1ebft h\u1ee3p v\u1edbi c\u00e1c bi\u1ec7n ph\u00e1p ch\u0103m s\u00f3c gi\u1ea3m s\u01b0ng v\u00e0 ch\u0103m s\u00f3c v\u00f9ng da quanh m\u1eaft sau ph\u1eabu thu\u1eadt, gi\u00fap \u0111\u00f4i m\u1eaft l\u1ea5y l\u1ea1i v\u1ebb t\u1ef1 nhi\u00ean v\u00e0 r\u1ea1ng r\u1ee1, kh\u00f4ng \u0111\u1ec3 l\u1ea1i d\u1ea5u v\u1ebft ph\u1eabu thu\u1eadt r\u00f5 r\u1ec7t.<\/p>\n<h4>M\u00f4i tr\u01b0\u1eddng \u0111i\u1ec1u tr\u1ecb \u0111\u1ea3m b\u1ea3o s\u1ef1 ri\u00eang t\u01b0 cao v\u00e0 ho\u00e0n to\u00e0n tho\u1ea3i m\u00e1i<\/h4>\n<p>Ph\u1eabu thu\u1eadt \u0111\u01b0\u1ee3c th\u1ef1c hi\u1ec7n trong m\u00f4i tr\u01b0\u1eddng v\u00f4 tr\u00f9ng \u0111\u1ea1t ti\u00eau chu\u1ea9n y t\u1ebf; ph\u00f2ng kh\u00e1m cung c\u1ea5p khu v\u1ef1c ngh\u1ec9 ng\u01a1i ri\u00eang bi\u1ec7t c\u00f9ng d\u1ecbch v\u1ee5 ch\u0103m s\u00f3c sau ph\u1eabu thu\u1eadt, nh\u1eb1m n\u00e2ng cao ch\u1ea5t l\u01b0\u1ee3ng d\u1ecbch v\u1ee5.<\/p>\n<p><img decoding=\"async\" class=\"alignnone wp-image-11169 size-full\" src=\"https:\/\/arisinclinic.com\/wp-content\/uploads\/2026\/03\/Lower-Blepharoplasty-\u773c\u888b\u624b\u88534.jpg\" alt=\"Ph\u1eabu thu\u1eadt t\u1ea1o h\u00ecnh m\u00ed m\u1eaft d\u01b0\u1edbi 4\" width=\"800\" height=\"414\" title=\"\" srcset=\"https:\/\/arisinclinic.com\/wp-content\/uploads\/2026\/03\/Lower-Blepharoplasty-\u773c\u888b\u624b\u88534.jpg 800w, https:\/\/arisinclinic.com\/wp-content\/uploads\/2026\/03\/Lower-Blepharoplasty-\u773c\u888b\u624b\u88534-300x155.jpg 300w, https:\/\/arisinclinic.com\/wp-content\/uploads\/2026\/03\/Lower-Blepharoplasty-\u773c\u888b\u624b\u88534-768x397.jpg 768w, https:\/\/arisinclinic.com\/wp-content\/uploads\/2026\/03\/Lower-Blepharoplasty-\u773c\u888b\u624b\u88534-600x311.jpg 600w\" sizes=\"(max-width: 800px) 100vw, 800px\" \/><\/p>\n<h3>So s\u00e1nh ph\u1eabu thu\u1eadt c\u1eaft b\u1ecdng m\u1eaft m\u1edf v\u00e0o trong v\u00e0 m\u1edf ra ngo\u00e0i<\/h3>\n<table>\n<thead>\n<tr>\n<th>Ph\u01b0\u01a1ng ph\u00e1p ph\u1eabu thu\u1eadt<\/th>\n<th>\u0110\u1ed1i t\u01b0\u1ee3ng \u00e1p d\u1ee5ng<\/th>\n<th>\u0110\u1eb7c \u0111i\u1ec3m<\/th>\n<\/tr>\n<\/thead>\n<tbody>\n<tr>\n<td><strong>Ph\u1eabu thu\u1eadt c\u1eaft t\u00fai m\u1eaft m\u1edf v\u00e0o trong<\/strong><\/td>\n<td>Nh\u1eefng ng\u01b0\u1eddi c\u00f3 l\u1edbp m\u1ee1 th\u1eeba r\u00f5 r\u1ec7t v\u00e0 l\u00e0n da \u0111\u00e0n h\u1ed3i t\u1ed1t<\/td>\n<td>Kh\u00f4ng c\u00f3 v\u1ebft th\u01b0\u01a1ng b\u00ean ngo\u00e0i, th\u1eddi gian h\u1ed3i ph\u1ee5c ng\u1eafn, \u00edt s\u01b0ng t\u1ea5y<\/td>\n<\/tr>\n<tr>\n<td><strong>Ph\u1eabu thu\u1eadt c\u1eaft b\u1ecf b\u1ecdng m\u1eaft ki\u1ec3u m\u1edf ngo\u00e0i<\/strong><\/td>\n<td>D\u00e0nh cho nh\u1eefng ng\u01b0\u1eddi c\u00f3 l\u00e0n da ch\u1ea3y x\u1ec7 v\u00e0 n\u1ebfp nh\u0103n r\u00f5 r\u1ec7t<\/td>\n<td>Gi\u00fap lo\u1ea1i b\u1ecf da th\u1eeba \u0111\u1ed3ng th\u1eddi t\u0103ng c\u01b0\u1eddng \u0111\u1ed9 s\u0103n ch\u1eafc<\/td>\n<\/tr>\n<\/tbody>\n<\/table>\n<p>&nbsp;<\/p>\n<p>B\u00e1c s\u0129 s\u1ebd \u0111\u00e1nh gi\u00e1 t\u00ecnh tr\u1ea1ng v\u00f9ng m\u1eaft \u0111\u1ec3 l\u1ef1a ch\u1ecdn ph\u01b0\u01a1ng ph\u00e1p ph\u1eabu thu\u1eadt ph\u00f9 h\u1ee3p, v\u00e0 n\u1ebfu c\u1ea7n thi\u1ebft, c\u00f3 th\u1ec3 k\u1ebft h\u1ee3p v\u1edbi c\u00e1c li\u1ec7u tr\u00ecnh kh\u00e1c (nh\u01b0 ti\u00eam ch\u1ea5t l\u00e0m \u0111\u1ea7y v\u00f9ng d\u01b0\u1edbi m\u1eaft, c\u0103ng da b\u1eb1ng s\u00f3ng si\u00eau \u00e2m) \u0111\u1ec3 t\u0103ng c\u01b0\u1eddng hi\u1ec7u qu\u1ea3.<\/p>\n<h3>Nh\u1eefng ng\u01b0\u1eddi ph\u00f9 h\u1ee3p \u0111\u1ec3 ph\u1eabu thu\u1eadt lo\u1ea1i b\u1ecf b\u1ecdng m\u1eaft<\/h3>\n<ul>\n<li>M\u00ed m\u1eaft d\u01b0\u1edbi s\u01b0ng r\u00f5 r\u1ec7t, b\u1ecdng m\u1eaft l\u1ed3i ra<\/li>\n<li>Th\u01b0\u1eddng b\u1ecb nh\u1ea7m t\u01b0\u1edfng l\u00e0 m\u1ec7t m\u1ecfi, u\u1ec3 o\u1ea3i<\/li>\n<li>Hi\u1ec7n t\u1ea1i, da \u0111ang b\u1ecb ch\u1ea3y x\u1ec7 v\u00e0 xu\u1ea5t hi\u1ec7n nhi\u1ec1u n\u1ebfp nh\u0103n<\/li>\n<li>Trang \u0111i\u1ec3m kh\u00f3 che \u0111\u01b0\u1ee3c qu\u1ea7ng th\u00e2m m\u1eaft, l\u1edbp trang \u0111i\u1ec3m d\u1ec5 b\u1ecb v\u00f3n c\u1ee5c<\/li>\n<li>Mu\u1ed1n c\u1ea3i thi\u1ec7n \u1ea5n t\u01b0\u1ee3ng v\u1ec1 \u00e1nh m\u1eaft v\u00e0 \u0111\u1ed9 tu\u1ed5i tr\u00f4ng th\u1ea5y<\/li>\n<li>Nh\u1eefng ng\u01b0\u1eddi \u0111\u00e3 t\u1eebng th\u1eed c\u00e1c ph\u01b0\u01a1ng ph\u00e1p kh\u00f4ng ph\u1eabu thu\u1eadt nh\u01b0ng hi\u1ec7u qu\u1ea3 c\u00f2n h\u1ea1n ch\u1ebf<\/li>\n<\/ul>\n<p><img decoding=\"async\" class=\"alignnone wp-image-11170 size-full\" src=\"https:\/\/arisinclinic.com\/wp-content\/uploads\/2026\/03\/Lower-Blepharoplasty-\u773c\u888b\u624b\u88535.jpg\" alt=\"Ph\u1eabu thu\u1eadt t\u1ea1o h\u00ecnh m\u00ed m\u1eaft d\u01b0\u1edbi 5\" width=\"800\" height=\"680\" title=\"\" srcset=\"https:\/\/arisinclinic.com\/wp-content\/uploads\/2026\/03\/Lower-Blepharoplasty-\u773c\u888b\u624b\u88535.jpg 800w, https:\/\/arisinclinic.com\/wp-content\/uploads\/2026\/03\/Lower-Blepharoplasty-\u773c\u888b\u624b\u88535-300x255.jpg 300w, https:\/\/arisinclinic.com\/wp-content\/uploads\/2026\/03\/Lower-Blepharoplasty-\u773c\u888b\u624b\u88535-768x653.jpg 768w, https:\/\/arisinclinic.com\/wp-content\/uploads\/2026\/03\/Lower-Blepharoplasty-\u773c\u888b\u624b\u88535-600x510.jpg 600w\" sizes=\"(max-width: 800px) 100vw, 800px\" \/><\/p>\n<h3>L\u1eddi khuy\u00ean v\u1ec1 ch\u0103m s\u00f3c sau ph\u1eabu thu\u1eadt v\u00e0 giai \u0111o\u1ea1n h\u1ed3i ph\u1ee5c<\/h3>\n<ul>\n<li>Ch\u01b0\u1eddm \u0111\u00e1 trong giai \u0111o\u1ea1n \u0111\u1ea7u sau ph\u1eabu thu\u1eadt gi\u00fap gi\u1ea3m s\u01b0ng v\u00e0 gi\u1ea3m \u0111au<\/li>\n<li>Th\u1eddi gian h\u1ed3i ph\u1ee5c kho\u1ea3ng 5\u20137 ng\u00e0y, t\u00ecnh tr\u1ea1ng s\u01b0ng t\u1ea5y s\u1ebd d\u1ea7n thuy\u00ean gi\u1ea3m trong v\u00f2ng kho\u1ea3ng 2 tu\u1ea7n<\/li>\n<li>Tr\u00e1nh d\u1ee5i m\u1eaft, v\u1eadn \u0111\u1ed9ng m\u1ea1nh v\u00e0 c\u00e1c s\u1ea3n ph\u1ea9m ch\u0103m s\u00f3c da c\u00f3 t\u00ednh k\u00edch \u1ee9ng<\/li>\n<li>\u0110i kh\u00e1m l\u1ea1i \u0111\u00fang l\u1ecbch \u0111\u1ec3 theo d\u00f5i, \u0111\u1ea3m b\u1ea3o qu\u00e1 tr\u00ecnh h\u1ed3i ph\u1ee5c di\u1ec5n ra su\u00f4n s\u1ebb<\/li>\n<\/ul>","protected":false},"excerpt":{"rendered":"<p>Ph\u1eabu thu\u1eadt lo\u1ea1i b\u1ecf b\u1ecdng m\u1eaft t\u1ea1i Arixin \u0111\u1ea1t \u0111\u01b0\u1ee3c s\u1ef1 c\u00e2n b\u1eb1ng to\u00e0n di\u1ec7n gi\u1eefa vi\u1ec7c x\u00f3a tan v\u1ebb m\u1ec7t m\u1ecfi v\u00e0 t\u00e1i t\u1ea1o \u0111\u01b0\u1eddng n\u00e9t khu\u00f4n m\u1eb7t m\u1ecbn m\u00e0ng. S\u1eed d\u1ee5ng k\u1ef9 thu\u1eadt ph\u1eabu thu\u1eadt k\u00edn kh\u00f4ng \u0111\u1ec3 l\u1ea1i s\u1eb9o v\u00e0 chuy\u1ec3n v\u1ecb m\u1ee1, gi\u1ea3i quy\u1ebft ch\u00ednh x\u00e1c c\u00e1c v\u1ea5n \u0111\u1ec1 nh\u01b0 b\u1ecdng m\u1eaft l\u1ed3i, r\u00e3nh l\u1ec7 s\u00e2u v\u00e0 m\u00ed m\u1eaft d\u01b0\u1edbi ch\u1ea3y x\u1ec7, t\u1ea1o n\u00ean v\u1ebb ngo\u00e0i t\u01b0\u01a1i tr\u1ebb v\u00e0 r\u1ea1ng r\u1ee1 theo y\u00eau c\u1ea7u c\u00e1 nh\u00e2n. \u0110\u01b0\u1ee3c th\u1ef1c hi\u1ec7n b\u1edfi c\u00e1c b\u00e1c s\u0129 ph\u1eabu thu\u1eadt th\u1ea9m m\u1ef9 gi\u00e0u kinh nghi\u1ec7m, mang l\u1ea1i s\u1ef1 thay \u0111\u1ed5i tinh t\u1ebf, t\u1ef1 nhi\u00ean v\u00e0 kh\u00f4ng \u0111\u1ec3 l\u1ea1i s\u1eb9o. H\u00e3y \u0111\u1eb7t l\u1ecbch t\u01b0 v\u1ea5n ngay h\u00f4m nay \u0111\u1ec3 t\u1ea1m bi\u1ec7t v\u1ebb m\u1ec7t m\u1ecfi v\u00e0 s\u1edf h\u1eefu \u0111\u00f4i m\u1eaft s\u00e1ng ng\u1eddi, m\u1ecbn m\u00e0ng.<\/p>","protected":false},"featured_media":11165,"comment_status":"open","ping_status":"closed","template":"","meta":{"_acf_changed":false},"product_brand":[],"product_cat":[161,15],"product_tag":[],"class_list":{"0":"post-11164","1":"product","2":"type-product","3":"status-publish","4":"has-post-thumbnail","6":"product_cat-plastic-surgery","7":"product_cat-service","9":"first","10":"instock","11":"shipping-taxable","12":"product-type-simple"},"acf":[],"_links":{"self":[{"href":"https:\/\/arisinclinic.com\/vi\/wp-json\/wp\/v2\/product\/11164","targetHints":{"allow":["GET"]}}],"collection":[{"href":"https:\/\/arisinclinic.com\/vi\/wp-json\/wp\/v2\/product"}],"about":[{"href":"https:\/\/arisinclinic.com\/vi\/wp-json\/wp\/v2\/types\/product"}],"replies":[{"embeddable":true,"href":"https:\/\/arisinclinic.com\/vi\/wp-json\/wp\/v2\/comments?post=11164"}],"wp:featuredmedia":[{"embeddable":true,"href":"https:\/\/arisinclinic.com\/vi\/wp-json\/wp\/v2\/media\/11165"}],"wp:attachment":[{"href":"https:\/\/arisinclinic.com\/vi\/wp-json\/wp\/v2\/media?parent=11164"}],"wp:term":[{"taxonomy":"product_brand","embeddable":true,"href":"https:\/\/arisinclinic.com\/vi\/wp-json\/wp\/v2\/product_brand?post=11164"},{"taxonomy":"product_cat","embeddable":true,"href":"https:\/\/arisinclinic.com\/vi\/wp-json\/wp\/v2\/product_cat?post=11164"},{"taxonomy":"product_tag","embeddable":true,"href":"https:\/\/arisinclinic.com\/vi\/wp-json\/wp\/v2\/product_tag?post=11164"}],"curies":[{"name":"wp","href":"https:\/\/api.w.org\/{rel}","templated":true}]}}