{"id":11172,"date":"2026-03-21T21:16:51","date_gmt":"2026-03-21T13:16:51","guid":{"rendered":"https:\/\/4t542t4sohxh.wpsite.pro\/?post_type=product&#038;p=11172"},"modified":"2026-04-14T21:28:28","modified_gmt":"2026-04-14T13:28:28","slug":"body-sculpture","status":"publish","type":"product","link":"https:\/\/arisinclinic.com\/vi\/service\/body-sculpture\/","title":{"rendered":"Body Sculpture \u2013 H\u00fat m\u1ee1 \u0111i\u00eau kh\u1eafc"},"content":{"rendered":"<p>H\u00fat m\u1ee1 \u0111i\u00eau kh\u1eafc l\u00e0 ngh\u1ec7 thu\u1eadt cao c\u1ea5p trong vi\u1ec7c t\u00e1i t\u1ea1o v\u00f3c d\u00e1ng. Arixin k\u1ebft h\u1ee3p c\u00f4ng ngh\u1ec7 si\u00eau \u00e2m nh\u0169 h\u00f3a ti\u00ean ti\u1ebfn v\u1edbi k\u1ef9 thu\u1eadt \u0111i\u00eau kh\u1eafc c\u1ea5u tr\u00fac, kh\u00f4ng ch\u1ec9 lo\u1ea1i b\u1ecf m\u1ee1 c\u1ee9ng \u0111\u1ea7u m\u00e0 c\u00f2n t\u1eadp trung v\u00e0o vi\u1ec7c t\u1ea1o n\u00ean nh\u1eefng \u0111\u01b0\u1eddng n\u00e9t c\u01a1 b\u1eafp uy\u1ec3n chuy\u1ec3n v\u00e0 \u0111\u01b0\u1eddng cong c\u01a1 th\u1ec3 m\u1ec1m m\u1ea1i. Ch\u00fang t\u00f4i nh\u1ea5n m\u1ea1nh v\u00e0o ba y\u1ebfu t\u1ed1 \"gi\u1ea3m m\u1ee1, t\u1ea1o h\u00ecnh v\u00e0 l\u00e0m s\u0103n ch\u1eafc da\", cung c\u1ea5p c\u00e1c gi\u1ea3i ph\u00e1p th\u1ea9m m\u1ef9 \u0111\u01b0\u1ee3c c\u00e1 nh\u00e2n h\u00f3a cho v\u00f9ng eo, b\u1ee5ng, tay ch\u00e2n v\u00e0 m\u00f4ng. \u0110\u00e2y l\u00e0 m\u1ed9t quy tr\u00ecnh t\u1ea1o h\u00ecnh c\u01a1 th\u1ec3 ch\u00fa tr\u1ecdng \u0111\u1ebfn s\u1ef1 an to\u00e0n, \u00edt x\u00e2m l\u1ea5n v\u00e0 \u0111\u1ed9 ch\u00ednh x\u00e1c cao, gi\u00fap b\u1ea1n lo\u1ea1i b\u1ecf m\u1ee1 th\u1eeba c\u1ee5c b\u1ed9, l\u1ea5y l\u1ea1i v\u00f3c d\u00e1ng l\u00fd t\u01b0\u1edfng \u0111\u1ea7y s\u1ee9c s\u1ed1ng, nh\u01b0 m\u1ed9t t\u00e1c ph\u1ea9m ngh\u1ec7 thu\u1eadt.<\/p>\n<h3>T\u1ea1o n\u00ean nh\u1eefng \u0111\u01b0\u1eddng n\u00e9t thanh tho\u00e1t, l\u1ea5y l\u1ea1i v\u00f3c d\u00e1ng t\u1ef1 tin<\/h3>\n<p>D\u00f9 c\u00f3 c\u1ed1 g\u1eafng \u0103n ki\u00eang hay t\u1eadp luy\u1ec7n \u0111\u1ebfn \u0111\u00e2u, v\u1eabn c\u00f3 nh\u1eefng v\u00f9ng m\u1ee1 t\u00edch t\u1ee5 kh\u00f3 c\u1ea3i thi\u1ec7n. Ph\u1eabu thu\u1eadt h\u00fat m\u1ee1, v\u1edbi t\u01b0 c\u00e1ch l\u00e0 m\u1ed9t ph\u01b0\u01a1ng ph\u00e1p quan tr\u1ecdng trong c\u00e1c li\u1ec7u tr\u00ecnh t\u1ea1o h\u00ecnh c\u01a1 th\u1ec3 hi\u1ec7n \u0111\u1ea1i, c\u00f3 th\u1ec3 \u0111i\u00eau kh\u1eafc ch\u00ednh x\u00e1c c\u00e1c v\u00f9ng m\u1ee1 t\u00edch t\u1ee5 qu\u00e1 m\u1ee9c, gi\u00fap c\u01a1 th\u1ec3 l\u1ea5y l\u1ea1i t\u1ef7 l\u1ec7 c\u00e2n \u0111\u1ed1i v\u00e0 t\u1ea1o n\u00ean v\u00f3c d\u00e1ng l\u00fd t\u01b0\u1edfng.<\/p>\n<p>T\u1ea1i Ph\u00f2ng kh\u00e1m Arixin, ch\u00fang t\u00f4i kh\u00f4ng ch\u1ec9 ch\u00fa tr\u1ecdng \u0111\u1ebfn \u201chi\u1ec7u qu\u1ea3\u201d c\u1ee7a ph\u1eabu thu\u1eadt h\u00fat m\u1ee1 m\u00e0 c\u00f2n \u0111\u1eb7c bi\u1ec7t quan t\u00e2m \u0111\u1ebfn \u201ct\u00ednh an to\u00e0n\u201d v\u00e0 \u201cth\u1ea9m m\u1ef9 sau ph\u1eabu thu\u1eadt\u201d. V\u1edbi kh\u00f4ng gian \u0111\u1ea1t ti\u00eau chu\u1ea9n y t\u1ebf, ph\u00f2ng kh\u00e1m \u0111\u1ea3m b\u1ea3o s\u1ef1 ri\u00eang t\u01b0 t\u1ed1i \u0111a c\u00f9ng \u0111\u1ed9i ng\u0169 b\u00e1c s\u0129 chuy\u00ean nghi\u1ec7p, ch\u00fang t\u00f4i mang \u0111\u1ebfn cho m\u1ed7i kh\u00e1ch h\u00e0ng m\u1ed9t tr\u1ea3i nghi\u1ec7m \u0111i\u1ec1u tr\u1ecb th\u1ea9m m\u1ef9 \u0111\u01b0\u1ee3c thi\u1ebft k\u1ebf ri\u00eang bi\u1ec7t, ph\u00f9 h\u1ee3p v\u1edbi t\u1eebng c\u00e1 nh\u00e2n.<\/p>\n<h3>H\u00fat m\u1ee1 l\u00e0 g\u00ec?<\/h3>\n<p>H\u00fat m\u1ee1 (Liposuction) l\u00e0 m\u1ed9t th\u1ee7 thu\u1eadt x\u00e2m l\u1ea5n t\u1ed1i thi\u1ec3u s\u1eed d\u1ee5ng c\u00e1c thi\u1ebft b\u1ecb chuy\u00ean d\u1ee5ng \u0111\u1ec3 h\u00fat b\u1ecf l\u01b0\u1ee3ng m\u1ee1 th\u1eeba trong c\u01a1 th\u1ec3. Ph\u01b0\u01a1ng ph\u00e1p n\u00e0y cho ph\u00e9p t\u1ea1o h\u00ecnh c\u1ee5c b\u1ed9 theo nhu c\u1ea7u v\u1ec1 v\u00f3c d\u00e1ng c\u1ee7a t\u1eebng ng\u01b0\u1eddi, ch\u1eb3ng h\u1ea1n nh\u01b0 v\u00f9ng b\u1ee5ng, \u0111\u00f9i, c\u00e1nh tay, h\u00f4ng, l\u01b0ng, th\u1eadm ch\u00ed c\u1ea3 v\u00f9ng c\u1eb1m \u0111\u00f4i, v\u00e0 hi\u1ec7n \u0111\u01b0\u1ee3c c\u00f4ng nh\u1eadn l\u00e0 m\u1ed9t trong nh\u1eefng li\u1ec7u tr\u00ecnh c\u1ea3i thi\u1ec7n v\u00f3c d\u00e1ng hi\u1ec7u qu\u1ea3 nh\u1ea5t.<\/p>\n<p>Th\u00f4ng qua \u0111\u00e1nh gi\u00e1 chuy\u00ean m\u00f4n v\u00e0 k\u1ebf ho\u1ea1ch \u0111i\u1ec1u tr\u1ecb \u0111\u01b0\u1ee3c thi\u1ebft k\u1ebf ri\u00eang, ph\u1eabu thu\u1eadt h\u00fat m\u1ee1 kh\u00f4ng ch\u1ec9 gi\u00fap lo\u1ea1i b\u1ecf m\u1ee1 th\u1eeba m\u00e0 c\u00f2n tinh ch\u1ec9nh t\u1ef7 l\u1ec7 \u0111\u01b0\u1eddng cong c\u01a1 th\u1ec3 m\u1ed9t c\u00e1ch tinh t\u1ebf, mang l\u1ea1i hi\u1ec7u qu\u1ea3 th\u1ea9m m\u1ef9 t\u1ef1 nhi\u00ean v\u00e0 h\u00e0i h\u00f2a.<\/p>\n<h3>\u0110i\u1ec3m n\u1ed5i b\u1eadt c\u1ee7a li\u1ec7u tr\u00ecnh h\u00fat m\u1ee1 t\u1ea1i Ph\u00f2ng kh\u00e1m Arixin<\/h3>\n<h4>Kh\u00f4ng gian ri\u00eang t\u01b0 v\u00e0 tho\u1ea3i m\u00e1i<\/h4>\n<p>Ph\u00f2ng kh\u00e1m \u0111\u01b0\u1ee3c trang b\u1ecb ph\u00f2ng ph\u1eabu thu\u1eadt \u0111\u1ea1t ti\u00eau chu\u1ea9n y t\u1ebf c\u00f9ng khu v\u1ef1c h\u1ed3i ph\u1ee5c ri\u00eang bi\u1ec7t, mang \u0111\u1ebfn cho kh\u00e1ch h\u00e0ng m\u1ed9t m\u00f4i tr\u01b0\u1eddng \u0111i\u1ec1u tr\u1ecb an t\u00e2m v\u00e0 tho\u1ea3i m\u00e1i.<\/p>\n<h4>\u0110\u01b0\u1ee3c th\u1ef1c hi\u1ec7n b\u1edfi c\u00e1c b\u00e1c s\u0129 chuy\u00ean khoa, \u0111\u00e1nh gi\u00e1 c\u00e1 nh\u00e2n h\u00f3a<\/h4>\n<p>Quy tr\u00ecnh h\u00fat m\u1ee1 \u0111\u01b0\u1ee3c th\u1ef1c hi\u1ec7n b\u1edfi \u0111\u1ed9i ng\u0169 b\u00e1c s\u0129 gi\u00e0u kinh nghi\u1ec7m, v\u1edbi vi\u1ec7c \u0111\u00e1nh gi\u00e1 chi ti\u1ebft v\u1ec1 s\u1ef1 ph\u00e2n b\u1ed1 m\u1ee1 v\u00e0 t\u1ef7 l\u1ec7 c\u01a1 th\u1ec3 tr\u01b0\u1edbc ph\u1eabu thu\u1eadt, t\u1eeb \u0111\u00f3 thi\u1ebft k\u1ebf ph\u01b0\u01a1ng \u00e1n t\u1ea1o h\u00ecnh ph\u00f9 h\u1ee3p nh\u1ea5t cho t\u1eebng kh\u00e1ch h\u00e0ng.<\/p>\n<h4>C\u00e2n b\u1eb1ng gi\u1eefa thi\u1ebft b\u1ecb ch\u00ednh x\u00e1c v\u00e0 ch\u0103m s\u00f3c sau ph\u1eabu thu\u1eadt<\/h4>\n<p>S\u1eed d\u1ee5ng c\u00e1c thi\u1ebft b\u1ecb ti\u00ean ti\u1ebfn \u0111\u1ec3 th\u1ef1c hi\u1ec7n ph\u1eabu thu\u1eadt h\u00fat m\u1ee1 ch\u00ednh x\u00e1c, k\u1ebft h\u1ee3p v\u1edbi h\u01b0\u1edbng d\u1eabn s\u1eed d\u1ee5ng \u00e1o n\u00e9n sau ph\u1eabu thu\u1eadt v\u00e0 theo d\u00f5i qu\u00e1 tr\u00ecnh h\u1ed3i ph\u1ee5c, gi\u00fap mang l\u1ea1i k\u1ebft qu\u1ea3 t\u1ef1 nhi\u00ean, an to\u00e0n v\u00e0 \u1ed5n \u0111\u1ecbnh h\u01a1n.<\/p>\n<h3>C\u00e1c v\u1ecb tr\u00ed th\u01b0\u1eddng \u0111\u01b0\u1ee3c th\u1ef1c hi\u1ec7n h\u00fat m\u1ee1<\/h3>\n<ul>\n<li>V\u00f9ng b\u1ee5ng (ph\u1ea7n tr\u00ean b\u1ee5ng, ph\u1ea7n d\u01b0\u1edbi b\u1ee5ng, t\u1ea1o \u0111\u01b0\u1eddng n\u00e9t c\u01a1 b\u1ee5ng)<\/li>\n<li>\u0110\u00f9i (m\u1eb7t tr\u01b0\u1edbc, m\u1eb7t trong, m\u1eb7t sau)<\/li>\n<li>C\u00e1nh tay (c\u00e1nh tay b\u01b0\u1edbm)<\/li>\n<li>L\u01b0ng (khe l\u01b0ng, v\u00f9ng th\u1eaft l\u01b0ng)<\/li>\n<li>M\u1ee1 th\u1eeba \u1edf hai b\u00ean h\u00f4ng v\u00e0 v\u00f9ng eo<\/li>\n<li>Ch\u1ec9nh s\u1eeda c\u1eb1m \u0111\u00f4i v\u00e0 \u0111\u01b0\u1eddng n\u00e9t khu\u00f4n m\u1eb7t<\/li>\n<li>T\u00ecnh tr\u1ea1ng ng\u1ef1c to \u1edf nam gi\u1edbi, t\u00edch t\u1ee5 m\u1ee1 c\u1ee5c b\u1ed9<\/li>\n<\/ul>\n<h3>\u0110\u1ed1i t\u01b0\u1ee3ng ph\u00f9 h\u1ee3p<\/h3>\n<ul>\n<li>T\u00edch t\u1ee5 m\u1ee1 c\u1ee5c b\u1ed9 m\u00e0 ch\u1ebf \u0111\u1ed9 \u0103n u\u1ed1ng v\u00e0 t\u1eadp th\u1ec3 d\u1ee5c kh\u00f4ng th\u1ec3 c\u1ea3i thi\u1ec7n hi\u1ec7u qu\u1ea3<\/li>\n<li>Nh\u1eefng ai mu\u1ed1n t\u1ea1o d\u00e1ng c\u01a1 th\u1ec3 v\u00e0 c\u1ea3i thi\u1ec7n t\u1ef7 l\u1ec7 c\u01a1 th\u1ec3<\/li>\n<li>Nh\u1eefng ng\u01b0\u1eddi b\u1ecb t\u00edch t\u1ee5 m\u1ee1 sau khi c\u00e2n n\u1eb7ng thay \u0111\u1ed5i \u0111\u00e1ng k\u1ec3<\/li>\n<li>Mong mu\u1ed1n c\u1ea3i thi\u1ec7n c\u00e1c v\u1ea5n \u0111\u1ec1 c\u1ee5c b\u1ed9 nh\u01b0 c\u1eb1m \u0111\u00f4i, v\u00f9ng eo v\u00e0 b\u1ee5ng th\u1eeba m\u1ee1<\/li>\n<li>Nh\u1eefng ng\u01b0\u1eddi kh\u00f4ng m\u1eafc b\u1ec7nh m\u00e3n t\u00ednh nghi\u00eam tr\u1ecdng v\u00e0 \u0111\u00e1p \u1ee9ng c\u00e1c \u0111i\u1ec1u ki\u1ec7n ph\u1eabu thu\u1eadt<\/li>\n<\/ul>\n<h3>L\u1eddi khuy\u00ean v\u1ec1 ch\u0103m s\u00f3c sau ph\u1eabu thu\u1eadt<\/h3>\n<ul>\n<li>Sau ph\u1eabu thu\u1eadt, c\u1ea7n m\u1eb7c \u00e1o n\u00e9n \u0111\u00e0n h\u1ed3i \u0111\u1ec3 gi\u00fap gi\u1ea3m s\u01b0ng v\u00e0 \u0111\u1ecbnh h\u00ecnh c\u01a1 th\u1ec3<\/li>\n<li>Th\u1eddi gian ngh\u1ec9 ng\u01a1i c\u1ea7n \u0111\u01b0\u1ee3c \u0111i\u1ec1u ch\u1ec9nh t\u00f9y theo v\u1ecb tr\u00ed v\u00e0 ph\u1ea1m vi ph\u1eabu thu\u1eadt; tr\u00e1nh c\u00e1c ho\u1ea1t \u0111\u1ed9ng th\u1ec3 ch\u1ea5t m\u1ea1nh<\/li>\n<li>U\u1ed1ng thu\u1ed1c \u0111\u00fang gi\u1edd v\u00e0 t\u00e1i kh\u00e1m \u0111\u1ecbnh k\u1ef3 \u0111\u1ec3 \u0111\u1ea3m b\u1ea3o qu\u00e1 tr\u00ecnh h\u1ed3i ph\u1ee5c di\u1ec5n ra thu\u1eadn l\u1ee3i<\/li>\n<li>Th\u1ef1c hi\u1ec7n massage v\u00e0 ch\u0103m s\u00f3c da theo h\u01b0\u1edbng d\u1eabn c\u1ee7a b\u00e1c s\u0129 s\u1ebd gi\u00fap da s\u0103n ch\u1eafc h\u01a1n<\/li>\n<\/ul>\n<h3>H\u00e3y bi\u1ebfn vi\u1ec7c qu\u1ea3n l\u00fd v\u00f3c d\u00e1ng th\u00e0nh m\u1ed9t ph\u1ea7n c\u1ee7a cu\u1ed9c s\u1ed1ng<\/h3>\n<p>H\u00fat m\u1ee1 kh\u00f4ng ph\u1ea3i l\u00e0 gi\u1ea3i ph\u00e1p duy nh\u1ea5t, m\u00e0 l\u00e0 b\u01b0\u1edbc kh\u1edfi \u0111\u1ea7u cho vi\u1ec7c \u0111i\u1ec1u ch\u1ec9nh v\u00f3c d\u00e1ng v\u00e0 thay \u0111\u1ed5i l\u1ed1i s\u1ed1ng. T\u1ea1i Arixin, ch\u00fang t\u00f4i ch\u00fa tr\u1ecdng v\u00e0o t\u01b0 v\u1ea5n chuy\u00ean nghi\u1ec7p tr\u01b0\u1edbc khi \u0111i\u1ec1u tr\u1ecb, quy tr\u00ecnh th\u1ef1c hi\u1ec7n an to\u00e0n trong qu\u00e1 tr\u00ecnh \u0111i\u1ec1u tr\u1ecb v\u00e0 ch\u1ebf \u0111\u1ed9 ch\u0103m s\u00f3c to\u00e0n di\u1ec7n sau \u0111i\u1ec1u tr\u1ecb, nh\u1eb1m gi\u00fap m\u1ed7i kh\u00e1ch h\u00e0ng t\u1ef1 tin ti\u1ebfn t\u1edbi v\u00f3c d\u00e1ng l\u00fd t\u01b0\u1edfng, \u0111\u1ed3ng th\u1eddi l\u1ea5y l\u1ea1i s\u1ef1 t\u1ef1 tin v\u00e0 t\u00ecnh y\u00eau b\u1ea3n th\u00e2n.<\/p>","protected":false},"excerpt":{"rendered":"<p>Ph\u01b0\u01a1ng ph\u00e1p h\u00fat m\u1ee1 \u0111i\u00eau kh\u1eafc Arixin \u0111\u1ea1t \u0111\u01b0\u1ee3c s\u1ef1 c\u00e2n b\u1eb1ng to\u00e0n di\u1ec7n gi\u1eefa vi\u1ec7c lo\u1ea1i b\u1ecf m\u1ee1 th\u1eeba v\u00e0 t\u1ea1o h\u00ecnh c\u01a1 b\u1eafp th\u1ea9m m\u1ef9. S\u1eed d\u1ee5ng c\u00f4ng ngh\u1ec7 si\u00eau \u00e2m v\u00e0 \u0111i\u00eau kh\u1eafc l\u1edbp n\u00f4ng, t\u1ea1o ra \u0111\u01b0\u1eddng eo thon g\u1ecdn, m\u00f4ng c\u0103ng tr\u00f2n v\u00e0 \u0111\u01b0\u1eddng n\u00e9t c\u01a1 th\u1ec3 n\u1ed5i b\u1eadt m\u1ed9t c\u00e1ch ch\u00ednh x\u00e1c, \u0111\u1ed3ng th\u1eddi t\u0103ng \u0111\u1ed9 s\u0103n ch\u1eafc cho da v\u00e0 gi\u1ea3m thi\u1ec3u g\u00e1nh n\u1eb7ng ph\u1ee5c h\u1ed3i. C\u00e1c b\u00e1c s\u0129 ph\u1eabu thu\u1eadt th\u1ea9m m\u1ef9 gi\u00e0u kinh nghi\u1ec7m s\u1ebd thi\u1ebft k\u1ebf \u0111\u01b0\u1eddng cong ph\u00f9 h\u1ee3p v\u1edbi t\u1eebng c\u00e1 nh\u00e2n, mang l\u1ea1i s\u1ef1 ti\u1ebfn b\u1ed9 tinh t\u1ebf v\u1edbi m\u1ee9c \u0111\u1ed9 \u0111au th\u1ea5p v\u00e0 s\u1ef1 h\u00e0i l\u00f2ng cao. H\u00e3y li\u00ean h\u1ec7 ngay \u0111\u1ec3 \u0111\u1eb7t l\u1ecbch h\u1eb9n v\u00e0 s\u1edf h\u1eefu v\u00f3c d\u00e1ng c\u00e2n \u0111\u1ed1i ho\u00e0n h\u1ea3o.<\/p>","protected":false},"featured_media":11173,"comment_status":"open","ping_status":"closed","template":"","meta":{"_acf_changed":false},"product_brand":[],"product_cat":[161,15],"product_tag":[],"class_list":{"0":"post-11172","1":"product","2":"type-product","3":"status-publish","4":"has-post-thumbnail","6":"product_cat-plastic-surgery","7":"product_cat-service","9":"first","10":"instock","11":"shipping-taxable","12":"product-type-simple"},"acf":[],"_links":{"self":[{"href":"https:\/\/arisinclinic.com\/vi\/wp-json\/wp\/v2\/product\/11172","targetHints":{"allow":["GET"]}}],"collection":[{"href":"https:\/\/arisinclinic.com\/vi\/wp-json\/wp\/v2\/product"}],"about":[{"href":"https:\/\/arisinclinic.com\/vi\/wp-json\/wp\/v2\/types\/product"}],"replies":[{"embeddable":true,"href":"https:\/\/arisinclinic.com\/vi\/wp-json\/wp\/v2\/comments?post=11172"}],"wp:featuredmedia":[{"embeddable":true,"href":"https:\/\/arisinclinic.com\/vi\/wp-json\/wp\/v2\/media\/11173"}],"wp:attachment":[{"href":"https:\/\/arisinclinic.com\/vi\/wp-json\/wp\/v2\/media?parent=11172"}],"wp:term":[{"taxonomy":"product_brand","embeddable":true,"href":"https:\/\/arisinclinic.com\/vi\/wp-json\/wp\/v2\/product_brand?post=11172"},{"taxonomy":"product_cat","embeddable":true,"href":"https:\/\/arisinclinic.com\/vi\/wp-json\/wp\/v2\/product_cat?post=11172"},{"taxonomy":"product_tag","embeddable":true,"href":"https:\/\/arisinclinic.com\/vi\/wp-json\/wp\/v2\/product_tag?post=11172"}],"curies":[{"name":"wp","href":"https:\/\/api.w.org\/{rel}","templated":true}]}}